{"id":985,"date":"2023-09-01T10:11:17","date_gmt":"2023-09-01T10:11:17","guid":{"rendered":"https:\/\/rwinevietnam.com\/home\/?post_type=product&#038;p=985"},"modified":"2023-09-01T10:11:17","modified_gmt":"2023-09-01T10:11:17","slug":"vang-chile-valdivieso-classic-cabernet-hao-hang","status":"publish","type":"product","link":"https:\/\/rwinevietnam.com\/home\/vang-chile-valdivieso-classic-cabernet-hao-hang\/","title":{"rendered":"Vang Chile Valdivieso Classic Cabernet H\u1ea3o h\u1ea1ng"},"content":{"rendered":"<h2><strong>Gi\u1edbi thi\u1ec7u v\u1ec1 r\u01b0\u1ee3u vang Valdivieso Cabernet Sauvignon<\/strong><\/h2>\n<p>Lo\u1ea1i r\u01b0\u1ee3u vang n\u00e0y \u0111\u01b0\u1ee3c s\u1ea3n xu\u1ea5t b\u1edfi h\u00e3ng r\u01b0\u1ee3u vang gia \u0111\u00ecnh Valdivieso \u2013 m\u1ed9t trong nh\u1eefng t\u00ean tu\u1ed5i l\u1eebng danh trong l\u0129nh v\u1ef1c l\u00e0m r\u01b0\u1ee3u vang c\u1ee7a Chile v\u1edbi l\u1ecbch s\u1eed l\u00e2u \u0111\u1eddi t\u1eeb n\u0103m 1879.<\/p>\n<p>Trong su\u1ed1t th\u1eddi gian d\u00e0i h\u00ecnh th\u00e0nh v\u00e0 ph\u00e1t tri\u1ec3n h\u00e3ng s\u1ea3n xu\u1ea5t r\u01b0\u1ee3u vang\u00a0<strong>Valdivieso<\/strong>\u00a0\u0111\u00e3 kh\u00f4ng ng\u1eebng kh\u1eb3ng \u0111\u1ecbnh \u0111\u01b0\u1ee3c danh ti\u1ebfng, v\u1ecb th\u1ebf c\u1ee7a m\u00ecnh c\u1ea3 \u1edf th\u1ecb tr\u01b0\u1eddng trong n\u01b0\u1edbc l\u1eabn th\u1ecb tr\u01b0\u1eddng qu\u1ed1c t\u1ebf nh\u1edd v\u00e0o ch\u1ea5t l\u01b0\u1ee3ng c\u1ee7a nh\u1eefng chai r\u01b0\u1ee3u b\u00e1n ra c\u00f9ng m\u1ee9c gi\u00e1 th\u00e0nh kh\u00e1 ph\u00f9 h\u1ee3p v\u1edbi \u0111i\u1ec1u ki\u1ec7n t\u00e0i ch\u00ednh c\u1ee7a nhi\u1ec1u \u0111\u1ed1i t\u01b0\u1ee3ng kh\u00e1ch h\u00e0ng.<\/p>\n<p>V\u1edbi n\u1ed3ng \u0111\u1ed9 14% c\u00f9ng l\u01b0\u1ee3ng tannin cao v\u00e0 c\u1ea5u tr\u00fac ch\u1eafc ch\u1eafn, lo\u1ea1i r\u01b0\u1ee3u vang n\u00e0y \u0111em \u0111\u1ebfn cho ng\u01b0\u1eddi th\u01b0\u1edfng th\u1ee9c nh\u1eefng tr\u1ea3i nghi\u1ec7m v\u00f4 c\u00f9ng m\u1edbi l\u1ea1 v\u1ec1 h\u01b0\u01a1ng v\u1ecb c\u1ee7a r\u01b0\u1ee3u vang \u0111\u1ecf Chile.<\/p>\n<h2><strong>\u0110\u1eb7c \u0111i\u1ec3m c\u1ee7a r\u01b0\u1ee3u vang Valdivieso Cabernet Sauvignon<\/strong><\/h2>\n<p>Nguy\u00ean li\u1ec7u ch\u00ednh \u0111\u01b0\u1ee3c s\u1eed d\u1ee5ng \u0111\u1ec3 l\u00e0m n\u00ean lo\u1ea1i r\u01b0\u1ee3u n\u00e0y l\u00e0 gi\u1ed1ng nho\u00a0Cabernet Sauvignon\u00a0\u2013 m\u1ed9t gi\u1ed1ng nho n\u1ed5i ti\u1ebfng c\u1ee7a \u0111\u1ea5t n\u01b0\u1edbc Chile n\u00ean r\u01b0\u1ee3u kh\u00f4ng ch\u1ec9 c\u00f3 m\u00e0u \u0111\u1ecf \u0111\u1eadm \u0111\u1eb9p m\u1eaft m\u00e0 c\u00f2n c\u00f3 h\u01b0\u01a1ng v\u1ecb kh\u00e1 \u0111\u1eadm \u0111\u00e0, r\u00f5 n\u00e9t.<\/p>\n<p>Khi nh\u1ea5p ng\u1ee5m r\u01b0\u1ee3u \u0111\u1ea7u ti\u00ean b\u1ea1n s\u1ebd c\u1ea3m nh\u1eadn \u0111\u01b0\u1ee3c m\u00f9i th\u01a1m c\u1ee7a c\u00e1c lo\u1ea1i tr\u00e1i c\u00e2y ch\u00edn \u0111en bung t\u1ecfa trong khoang mi\u1ec7ng nh\u01b0 blackberry, qu\u1ea3 m\u1eadn\u2026h\u00f2a quy\u1ec7n v\u1edbi h\u01b0\u01a1ng th\u01a1m c\u1ee7a qu\u1ea3 anh \u0111\u00e0o k\u00e8m ch\u00fat v\u1ecb vani v\u00e0 caf\u00e9.<\/p>\n<p>\u0110\u1eb7c bi\u1ec7t khi tr\u00f4i xu\u1ed1ng c\u1ed5 h\u1ecdng th\u00ec r\u01b0\u1ee3u t\u1ea1o n\u00ean m\u1ed9t k\u1ebft th\u00fac s\u00e2u l\u1eafng ho\u00e0n h\u1ea3o v\u1edbi h\u01b0\u01a1ng v\u1ecb c\u1ee7a \u1edbt chu\u00f4ng xanh tr\u1ed9n c\u00f9ng v\u1edbi m\u00f9i thu\u1ed1c l\u00e1 v\u00e0 h\u01b0\u01a1ng g\u1ed7 s\u1ed3i khi\u1ebfn cho v\u1ecb gi\u00e1c c\u1ee7a ng\u01b0\u1eddi u\u1ed1ng th\u1ef1c s\u1ef1 \u0111\u01b0\u1ee3c tr\u1ed7i d\u1eady.<\/p>\n","protected":false},"excerpt":{"rendered":"<table style=\"border-collapse: collapse; width: 100%; height: 147px;\">\n<tbody>\n<tr style=\"height: 21px;\">\n<td style=\"width: 50%; height: 21px;\">Xu\u1ea5t x\u1ee9<\/td>\n<td style=\"width: 50%; height: 21px;\"><a href=\"https:\/\/rwinevietnam.com\/\">Vang Chile<\/a><\/td>\n<\/tr>\n<tr style=\"height: 21px;\">\n<td style=\"width: 50%; height: 21px;\">Lo\u1ea1i vang<\/td>\n<td style=\"width: 50%; height: 21px;\">Vang \u0111\u1ecf<\/td>\n<\/tr>\n<tr style=\"height: 21px;\">\n<td style=\"width: 50%; height: 21px;\">Gi\u1ed1ng nho<\/td>\n<td style=\"width: 50%; height: 21px;\">Merlot<\/td>\n<\/tr>\n<tr style=\"height: 21px;\">\n<td style=\"width: 50%; height: 21px;\">N\u1ed3ng \u0111\u1ed9<\/td>\n<td style=\"width: 50%; height: 21px;\">13,5%<\/td>\n<\/tr>\n<tr style=\"height: 21px;\">\n<td style=\"width: 50%; height: 21px;\">Dung t\u00edch<\/td>\n<td style=\"width: 50%; height: 21px;\">750ML<\/td>\n<\/tr>\n<tr style=\"height: 21px;\">\n<td style=\"width: 50%; height: 21px;\">V\u00f9ng<\/td>\n<td style=\"width: 50%; height: 21px;\">Rapel Valley<\/td>\n<\/tr>\n<tr style=\"height: 21px;\">\n<td style=\"width: 50%; height: 21px;\">Th\u01b0\u01a1ng hi\u1ec7u<\/td>\n<td style=\"width: 50%; height: 21px;\">Valdivieso<\/td>\n<\/tr>\n<\/tbody>\n<\/table>\n","protected":false},"featured_media":972,"comment_status":"closed","ping_status":"closed","template":"","meta":{"_acf_changed":false},"product_brand":[],"product_cat":[76,78,32,62],"product_tag":[183,147,196,191],"class_list":{"0":"post-985","1":"product","2":"type-product","3":"status-publish","4":"has-post-thumbnail","6":"product_cat-giong-nho","7":"product_cat-merlot","8":"product_cat-vang-chile","9":"product_cat-vang-do","10":"product_tag-ruou-vang-chile-gia-re","11":"product_tag-ruou-vang-do","12":"product_tag-ruou-vang-do-gia-re","13":"product_tag-vang-chile-gia-re","15":"first","16":"instock","17":"shipping-taxable","18":"product-type-simple"},"acf":[],"yoast_head":"<!-- This site is optimized with the Yoast SEO plugin v26.8 - https:\/\/yoast.com\/product\/yoast-seo-wordpress\/ -->\n<title>Vang Chile Valdivieso Classic Cabernet H\u1ea3o h\u1ea1ng - R.WINE<\/title>\n<meta name=\"robots\" content=\"noindex, follow\" \/>\n<meta property=\"og:locale\" content=\"vi_VN\" \/>\n<meta property=\"og:type\" content=\"article\" \/>\n<meta property=\"og:title\" content=\"Vang Chile Valdivieso Classic Cabernet H\u1ea3o h\u1ea1ng - R.WINE\" \/>\n<meta property=\"og:description\" content=\"Xu\u1ea5t x\u1ee9 Vang Chile   Lo\u1ea1i vang Vang \u0111\u1ecf   Gi\u1ed1ng nho Merlot   N\u1ed3ng \u0111\u1ed9 13,5%   Dung t\u00edch 750ML   V\u00f9ng Rapel Valley   Th\u01b0\u01a1ng hi\u1ec7u Valdivieso\" \/>\n<meta property=\"og:url\" content=\"https:\/\/rwinevietnam.com\/home\/vang-chile-valdivieso-classic-cabernet-hao-hang\/\" \/>\n<meta property=\"og:site_name\" content=\"R.WINE\" \/>\n<meta property=\"og:image\" content=\"https:\/\/rwinevietnam.com\/home\/wp-content\/uploads\/2023\/09\/z4655329649573_fd4b43005454cc0f8608998fdf929b06-scaled.jpg\" \/>\n\t<meta property=\"og:image:width\" content=\"1920\" \/>\n\t<meta property=\"og:image:height\" content=\"2560\" \/>\n\t<meta property=\"og:image:type\" content=\"image\/jpeg\" \/>\n<meta name=\"twitter:card\" content=\"summary_large_image\" \/>\n<script type=\"application\/ld+json\" class=\"yoast-schema-graph\">{\"@context\":\"https:\/\/schema.org\",\"@graph\":[{\"@type\":\"WebPage\",\"@id\":\"https:\/\/rwinevietnam.com\/home\/vang-chile-valdivieso-classic-cabernet-hao-hang\/\",\"url\":\"https:\/\/rwinevietnam.com\/home\/vang-chile-valdivieso-classic-cabernet-hao-hang\/\",\"name\":\"Vang Chile Valdivieso Classic Cabernet H\u1ea3o h\u1ea1ng - R.WINE\",\"isPartOf\":{\"@id\":\"https:\/\/rwinevietnam.com\/home\/#website\"},\"primaryImageOfPage\":{\"@id\":\"https:\/\/rwinevietnam.com\/home\/vang-chile-valdivieso-classic-cabernet-hao-hang\/#primaryimage\"},\"image\":{\"@id\":\"https:\/\/rwinevietnam.com\/home\/vang-chile-valdivieso-classic-cabernet-hao-hang\/#primaryimage\"},\"thumbnailUrl\":\"https:\/\/rwinevietnam.com\/home\/wp-content\/uploads\/2023\/09\/z4655329649573_fd4b43005454cc0f8608998fdf929b06-scaled.jpg\",\"datePublished\":\"2023-09-01T10:11:17+00:00\",\"breadcrumb\":{\"@id\":\"https:\/\/rwinevietnam.com\/home\/vang-chile-valdivieso-classic-cabernet-hao-hang\/#breadcrumb\"},\"inLanguage\":\"vi\",\"potentialAction\":[{\"@type\":\"ReadAction\",\"target\":[\"https:\/\/rwinevietnam.com\/home\/vang-chile-valdivieso-classic-cabernet-hao-hang\/\"]}]},{\"@type\":\"ImageObject\",\"inLanguage\":\"vi\",\"@id\":\"https:\/\/rwinevietnam.com\/home\/vang-chile-valdivieso-classic-cabernet-hao-hang\/#primaryimage\",\"url\":\"https:\/\/rwinevietnam.com\/home\/wp-content\/uploads\/2023\/09\/z4655329649573_fd4b43005454cc0f8608998fdf929b06-scaled.jpg\",\"contentUrl\":\"https:\/\/rwinevietnam.com\/home\/wp-content\/uploads\/2023\/09\/z4655329649573_fd4b43005454cc0f8608998fdf929b06-scaled.jpg\",\"width\":1920,\"height\":2560},{\"@type\":\"BreadcrumbList\",\"@id\":\"https:\/\/rwinevietnam.com\/home\/vang-chile-valdivieso-classic-cabernet-hao-hang\/#breadcrumb\",\"itemListElement\":[{\"@type\":\"ListItem\",\"position\":1,\"name\":\"Trang ch\u1ee7\",\"item\":\"https:\/\/rwinevietnam.com\/home\/\"},{\"@type\":\"ListItem\",\"position\":2,\"name\":\"S\u1ea3n ph\u1ea9m\",\"item\":\"https:\/\/rwinevietnam.com\/home\/san-pham\/\"},{\"@type\":\"ListItem\",\"position\":3,\"name\":\"Vang Chile Valdivieso Classic Cabernet H\u1ea3o h\u1ea1ng\"}]},{\"@type\":\"WebSite\",\"@id\":\"https:\/\/rwinevietnam.com\/home\/#website\",\"url\":\"https:\/\/rwinevietnam.com\/home\/\",\"name\":\"R.WINE\",\"description\":\"C\u00d4NG TY C\u1ed4 PH\u1ea6N XU\u1ea4T KH\u1ea8U NH\u1eacP KH\u1ea8U\",\"potentialAction\":[{\"@type\":\"SearchAction\",\"target\":{\"@type\":\"EntryPoint\",\"urlTemplate\":\"https:\/\/rwinevietnam.com\/home\/?s={search_term_string}\"},\"query-input\":{\"@type\":\"PropertyValueSpecification\",\"valueRequired\":true,\"valueName\":\"search_term_string\"}}],\"inLanguage\":\"vi\"}]}<\/script>\n<!-- \/ Yoast SEO plugin. -->","yoast_head_json":{"title":"Vang Chile Valdivieso Classic Cabernet H\u1ea3o h\u1ea1ng - R.WINE","robots":{"index":"noindex","follow":"follow"},"og_locale":"vi_VN","og_type":"article","og_title":"Vang Chile Valdivieso Classic Cabernet H\u1ea3o h\u1ea1ng - R.WINE","og_description":"Xu\u1ea5t x\u1ee9 Vang Chile   Lo\u1ea1i vang Vang \u0111\u1ecf   Gi\u1ed1ng nho Merlot   N\u1ed3ng \u0111\u1ed9 13,5%   Dung t\u00edch 750ML   V\u00f9ng Rapel Valley   Th\u01b0\u01a1ng hi\u1ec7u Valdivieso","og_url":"https:\/\/rwinevietnam.com\/home\/vang-chile-valdivieso-classic-cabernet-hao-hang\/","og_site_name":"R.WINE","og_image":[{"width":1920,"height":2560,"url":"https:\/\/rwinevietnam.com\/home\/wp-content\/uploads\/2023\/09\/z4655329649573_fd4b43005454cc0f8608998fdf929b06-scaled.jpg","type":"image\/jpeg"}],"twitter_card":"summary_large_image","schema":{"@context":"https:\/\/schema.org","@graph":[{"@type":"WebPage","@id":"https:\/\/rwinevietnam.com\/home\/vang-chile-valdivieso-classic-cabernet-hao-hang\/","url":"https:\/\/rwinevietnam.com\/home\/vang-chile-valdivieso-classic-cabernet-hao-hang\/","name":"Vang Chile Valdivieso Classic Cabernet H\u1ea3o h\u1ea1ng - R.WINE","isPartOf":{"@id":"https:\/\/rwinevietnam.com\/home\/#website"},"primaryImageOfPage":{"@id":"https:\/\/rwinevietnam.com\/home\/vang-chile-valdivieso-classic-cabernet-hao-hang\/#primaryimage"},"image":{"@id":"https:\/\/rwinevietnam.com\/home\/vang-chile-valdivieso-classic-cabernet-hao-hang\/#primaryimage"},"thumbnailUrl":"https:\/\/rwinevietnam.com\/home\/wp-content\/uploads\/2023\/09\/z4655329649573_fd4b43005454cc0f8608998fdf929b06-scaled.jpg","datePublished":"2023-09-01T10:11:17+00:00","breadcrumb":{"@id":"https:\/\/rwinevietnam.com\/home\/vang-chile-valdivieso-classic-cabernet-hao-hang\/#breadcrumb"},"inLanguage":"vi","potentialAction":[{"@type":"ReadAction","target":["https:\/\/rwinevietnam.com\/home\/vang-chile-valdivieso-classic-cabernet-hao-hang\/"]}]},{"@type":"ImageObject","inLanguage":"vi","@id":"https:\/\/rwinevietnam.com\/home\/vang-chile-valdivieso-classic-cabernet-hao-hang\/#primaryimage","url":"https:\/\/rwinevietnam.com\/home\/wp-content\/uploads\/2023\/09\/z4655329649573_fd4b43005454cc0f8608998fdf929b06-scaled.jpg","contentUrl":"https:\/\/rwinevietnam.com\/home\/wp-content\/uploads\/2023\/09\/z4655329649573_fd4b43005454cc0f8608998fdf929b06-scaled.jpg","width":1920,"height":2560},{"@type":"BreadcrumbList","@id":"https:\/\/rwinevietnam.com\/home\/vang-chile-valdivieso-classic-cabernet-hao-hang\/#breadcrumb","itemListElement":[{"@type":"ListItem","position":1,"name":"Trang ch\u1ee7","item":"https:\/\/rwinevietnam.com\/home\/"},{"@type":"ListItem","position":2,"name":"S\u1ea3n ph\u1ea9m","item":"https:\/\/rwinevietnam.com\/home\/san-pham\/"},{"@type":"ListItem","position":3,"name":"Vang Chile Valdivieso Classic Cabernet H\u1ea3o h\u1ea1ng"}]},{"@type":"WebSite","@id":"https:\/\/rwinevietnam.com\/home\/#website","url":"https:\/\/rwinevietnam.com\/home\/","name":"R.WINE","description":"C\u00d4NG TY C\u1ed4 PH\u1ea6N XU\u1ea4T KH\u1ea8U NH\u1eacP KH\u1ea8U","potentialAction":[{"@type":"SearchAction","target":{"@type":"EntryPoint","urlTemplate":"https:\/\/rwinevietnam.com\/home\/?s={search_term_string}"},"query-input":{"@type":"PropertyValueSpecification","valueRequired":true,"valueName":"search_term_string"}}],"inLanguage":"vi"}]}},"_links":{"self":[{"href":"https:\/\/rwinevietnam.com\/home\/wp-json\/wp\/v2\/product\/985","targetHints":{"allow":["GET"]}}],"collection":[{"href":"https:\/\/rwinevietnam.com\/home\/wp-json\/wp\/v2\/product"}],"about":[{"href":"https:\/\/rwinevietnam.com\/home\/wp-json\/wp\/v2\/types\/product"}],"replies":[{"embeddable":true,"href":"https:\/\/rwinevietnam.com\/home\/wp-json\/wp\/v2\/comments?post=985"}],"wp:featuredmedia":[{"embeddable":true,"href":"https:\/\/rwinevietnam.com\/home\/wp-json\/wp\/v2\/media\/972"}],"wp:attachment":[{"href":"https:\/\/rwinevietnam.com\/home\/wp-json\/wp\/v2\/media?parent=985"}],"wp:term":[{"taxonomy":"product_brand","embeddable":true,"href":"https:\/\/rwinevietnam.com\/home\/wp-json\/wp\/v2\/product_brand?post=985"},{"taxonomy":"product_cat","embeddable":true,"href":"https:\/\/rwinevietnam.com\/home\/wp-json\/wp\/v2\/product_cat?post=985"},{"taxonomy":"product_tag","embeddable":true,"href":"https:\/\/rwinevietnam.com\/home\/wp-json\/wp\/v2\/product_tag?post=985"}],"curies":[{"name":"wp","href":"https:\/\/api.w.org\/{rel}","templated":true}]}}