{"id":825,"date":"2023-08-10T04:07:04","date_gmt":"2023-08-10T04:07:04","guid":{"rendered":"https:\/\/rwinevietnam.com\/home\/?post_type=product&#038;p=825"},"modified":"2023-08-10T04:07:05","modified_gmt":"2023-08-10T04:07:05","slug":"vang-chile-surire-cabernet-sauvignon-d-o-valley-central-2020","status":"publish","type":"product","link":"https:\/\/rwinevietnam.com\/home\/vang-chile-surire-cabernet-sauvignon-d-o-valley-central-2020\/","title":{"rendered":"Vang Chile Surire Cabernet Sauvignon D.O Valley Central 2020"},"content":{"rendered":"<h2><strong>Th\u00f4ng Tin Chi Ti\u1ebft R\u01b0\u1ee3u Vang Surire Cabernet Sauvignon<\/strong><\/h2>\n<p>\u25ba\u00a0<strong>Xu\u1ea5t x\u1ee9:<\/strong>\u00a0<a href=\"http:\/\/rwinevietnam.com\">Chile<\/a><\/p>\n<p>\u25ba\u00a0<strong>V\u00f9ng l\u00e0m vang:\u00a0<\/strong><a href=\"http:\/\/rwinevietnam.com\">Central Valley<\/a><\/p>\n<p>\u25ba\u00a0<strong>H\u00e3ng s\u1ea3n xu\u1ea5t:<\/strong>\u00a0Surire<\/p>\n<p>\u25ba\u00a0<strong>Lo\u1ea1i vang:\u00a0<\/strong><a href=\"http:\/\/rwinevietnam.com\">R\u01b0\u1ee3u vang \u0110\u1ecf<\/a><\/p>\n<p>\u25ba\u00a0<strong>Gi\u1ed1ng nho:<\/strong>\u00a0<a href=\"http:\/\/rwinevietnam.com\">Cabernet Sauvignon<\/a><\/p>\n<p>\u25ba\u00a0<strong>N\u1ed3ng \u0111\u1ed9:\u00a0<\/strong>13.5 %<\/p>\n<p>\u25ba\u00a0<strong>Dung t\u00edch:\u00a0<\/strong>750 ml<\/p>\n<p>\u0110\u01b0\u1ee3c l\u00e0m n\u00ean t\u1eeb gi\u1ed1ng nho Cabernet Sauvinon . R\u01b0\u1ee3u c\u00f3 m\u00e0u \u0111\u1ecf \u0111\u1eadm n\u1ed5i b\u1eadt c\u00f9ng v\u1edbi h\u01b0\u01a1ng th\u01a1m ph\u1ee9c t\u1ea1p c\u1ee7a c\u00e1c lo\u1ea1i gia v\u1ecb nh\u01b0 m\u1eadn,anh \u0111\u00e0o \u0111en, cacao, h\u1ea1t ti\u00eau, c\u00e0 ph\u00ea v\u00e0 g\u1ed7 s\u1ed3i. C\u1ea5u tr\u00fac m\u1ec1m m\u1ecbn s\u1ebd mang l\u1ea1i cho b\u1ea1n m\u1ed9t tr\u1ea3i nghi\u1ec7m tuy\u1ec7t v\u1eddi trong khoang mi\u1ec7ng v\u1edbi nhi\u1ec1u h\u01b0\u01a1ng v\u1ecb c\u1ee7a tr\u00e1i c\u00e2y c\u00f9ng v\u1edbi tannin m\u01b0\u1ee3t m\u00e0. K\u1ebft h\u1ee3p v\u1edbi c\u00e1c lo\u1ea1i th\u1ecbt \u0111\u1ecf, th\u1ecbt th\u00fa r\u1eebng n\u01b0\u1edbng hay m\u00f3n h\u1ea7m s\u1ebd gi\u00fap b\u1ea1n th\u01b0\u1edfng th\u1ee9c \u0111\u01b0\u1ee3c tr\u1ecdn v\u1eb9n b\u1eefa \u0103n c\u1ee7a m\u00ecnh<\/p>\n","protected":false},"excerpt":{"rendered":"<table style=\"border-collapse: collapse; width: 100%; height: 105px;\">\n<tbody>\n<tr style=\"height: 21px;\">\n<td style=\"width: 50%; height: 21px;\"><strong><span style=\"color: #000080;\">Xu\u1ea5t x\u1ee9:<\/span><\/strong><\/td>\n<td style=\"width: 50%; height: 21px;\">Chile<\/td>\n<\/tr>\n<tr style=\"height: 21px;\">\n<td style=\"width: 50%; height: 21px;\"><strong><span style=\"color: #000080;\">Gi\u1ed1ng nho:<\/span><\/strong><\/td>\n<td style=\"width: 50%; height: 21px;\">Cabernet Sauvignon<\/td>\n<\/tr>\n<tr style=\"height: 21px;\">\n<td style=\"width: 50%; height: 21px;\"><strong><span style=\"color: #000080;\">Lo\u1ea1i vang:<\/span><\/strong><\/td>\n<td style=\"width: 50%; height: 21px;\">Vang \u0111\u1ecf<\/td>\n<\/tr>\n<tr style=\"height: 21px;\">\n<td style=\"width: 50%; height: 21px;\"><strong><span style=\"color: #000080;\">N\u1ed3ng \u0111\u1ed9:<\/span><\/strong><\/td>\n<td style=\"width: 50%; height: 21px;\">13% ABV<\/td>\n<\/tr>\n<tr style=\"height: 21px;\">\n<td style=\"width: 50%; height: 21px;\"><strong><span style=\"color: #000080;\">Dung t\u00edch:<\/span><\/strong><\/td>\n<td style=\"width: 50%; height: 21px;\">750ML<\/td>\n<\/tr>\n<\/tbody>\n<\/table>\n","protected":false},"featured_media":826,"comment_status":"closed","ping_status":"closed","template":"","meta":{"_acf_changed":false},"product_brand":[],"product_cat":[77,76,61,27,32,62],"product_tag":[167,168,169,170,147,171,172,173],"class_list":{"0":"post-825","1":"product","2":"type-product","3":"status-publish","4":"has-post-thumbnail","6":"product_cat-cabernet-sauvignon","7":"product_cat-giong-nho","8":"product_cat-loai-vang","9":"product_cat-ruou-vang","10":"product_cat-vang-chile","11":"product_cat-vang-do","12":"product_tag-ruou-vang","13":"product_tag-ruou-vang-cao-cap","14":"product_tag-ruou-vang-cao-cap-ngon","15":"product_tag-ruou-vang-cao-cap-nhap-khau","16":"product_tag-ruou-vang-do","17":"product_tag-ruou-vang-ngon","18":"product_tag-ruou-vang-nhap-khau","19":"product_tag-ruou-vang-y-nhap-khau","21":"first","22":"instock","23":"shipping-taxable","24":"product-type-simple"},"acf":[],"yoast_head":"<!-- This site is optimized with the Yoast SEO plugin v26.8 - https:\/\/yoast.com\/product\/yoast-seo-wordpress\/ -->\n<title>Vang Chile Surire Cabernet Sauvignon D.O Valley Central 2020 - R.WINE<\/title>\n<meta name=\"description\" content=\"r\u01b0\u1ee3u vang, r\u01b0\u1ee3u vang cao c\u1ea5p, r\u01b0\u1ee3u vang cao c\u1ea5p ngon, r\u01b0\u1ee3u vang cao c\u1ea5p nh\u1eadp kh\u1ea9u, r\u01b0\u1ee3u vang \u0111\u1ecf, r\u01b0\u1ee3u vang ngon, r\u01b0\u1ee3u vang nh\u1eadp kh\u1ea9u, r\u01b0\u1ee3u vang \u00fd nh\u1eadp kh\u1ea9u\" \/>\n<meta name=\"robots\" content=\"noindex, follow\" \/>\n<meta property=\"og:locale\" content=\"vi_VN\" \/>\n<meta property=\"og:type\" content=\"article\" \/>\n<meta property=\"og:title\" content=\"Vang Chile Surire Cabernet Sauvignon D.O Valley Central 2020 - R.WINE\" \/>\n<meta property=\"og:description\" content=\"r\u01b0\u1ee3u vang, r\u01b0\u1ee3u vang cao c\u1ea5p, r\u01b0\u1ee3u vang cao c\u1ea5p ngon, r\u01b0\u1ee3u vang cao c\u1ea5p nh\u1eadp kh\u1ea9u, r\u01b0\u1ee3u vang \u0111\u1ecf, r\u01b0\u1ee3u vang ngon, r\u01b0\u1ee3u vang nh\u1eadp kh\u1ea9u, r\u01b0\u1ee3u vang \u00fd nh\u1eadp kh\u1ea9u\" \/>\n<meta property=\"og:url\" content=\"https:\/\/rwinevietnam.com\/home\/vang-chile-surire-cabernet-sauvignon-d-o-valley-central-2020\/\" \/>\n<meta property=\"og:site_name\" content=\"R.WINE\" \/>\n<meta property=\"article:modified_time\" content=\"2023-08-10T04:07:05+00:00\" \/>\n<meta property=\"og:image\" content=\"https:\/\/rwinevietnam.com\/home\/wp-content\/uploads\/2023\/08\/SUrire-2020.jpg\" \/>\n\t<meta property=\"og:image:width\" content=\"500\" \/>\n\t<meta property=\"og:image:height\" content=\"500\" \/>\n\t<meta property=\"og:image:type\" content=\"image\/jpeg\" \/>\n<meta name=\"twitter:card\" content=\"summary_large_image\" \/>\n<script type=\"application\/ld+json\" class=\"yoast-schema-graph\">{\"@context\":\"https:\/\/schema.org\",\"@graph\":[{\"@type\":\"WebPage\",\"@id\":\"https:\/\/rwinevietnam.com\/home\/vang-chile-surire-cabernet-sauvignon-d-o-valley-central-2020\/\",\"url\":\"https:\/\/rwinevietnam.com\/home\/vang-chile-surire-cabernet-sauvignon-d-o-valley-central-2020\/\",\"name\":\"Vang Chile Surire Cabernet Sauvignon D.O Valley Central 2020 - R.WINE\",\"isPartOf\":{\"@id\":\"https:\/\/rwinevietnam.com\/home\/#website\"},\"primaryImageOfPage\":{\"@id\":\"https:\/\/rwinevietnam.com\/home\/vang-chile-surire-cabernet-sauvignon-d-o-valley-central-2020\/#primaryimage\"},\"image\":{\"@id\":\"https:\/\/rwinevietnam.com\/home\/vang-chile-surire-cabernet-sauvignon-d-o-valley-central-2020\/#primaryimage\"},\"thumbnailUrl\":\"https:\/\/rwinevietnam.com\/home\/wp-content\/uploads\/2023\/08\/SUrire-2020.jpg\",\"datePublished\":\"2023-08-10T04:07:04+00:00\",\"dateModified\":\"2023-08-10T04:07:05+00:00\",\"description\":\"r\u01b0\u1ee3u vang, r\u01b0\u1ee3u vang cao c\u1ea5p, r\u01b0\u1ee3u vang cao c\u1ea5p ngon, r\u01b0\u1ee3u vang cao c\u1ea5p nh\u1eadp kh\u1ea9u, r\u01b0\u1ee3u vang \u0111\u1ecf, r\u01b0\u1ee3u vang ngon, r\u01b0\u1ee3u vang nh\u1eadp kh\u1ea9u, r\u01b0\u1ee3u vang \u00fd nh\u1eadp kh\u1ea9u\",\"breadcrumb\":{\"@id\":\"https:\/\/rwinevietnam.com\/home\/vang-chile-surire-cabernet-sauvignon-d-o-valley-central-2020\/#breadcrumb\"},\"inLanguage\":\"vi\",\"potentialAction\":[{\"@type\":\"ReadAction\",\"target\":[\"https:\/\/rwinevietnam.com\/home\/vang-chile-surire-cabernet-sauvignon-d-o-valley-central-2020\/\"]}]},{\"@type\":\"ImageObject\",\"inLanguage\":\"vi\",\"@id\":\"https:\/\/rwinevietnam.com\/home\/vang-chile-surire-cabernet-sauvignon-d-o-valley-central-2020\/#primaryimage\",\"url\":\"https:\/\/rwinevietnam.com\/home\/wp-content\/uploads\/2023\/08\/SUrire-2020.jpg\",\"contentUrl\":\"https:\/\/rwinevietnam.com\/home\/wp-content\/uploads\/2023\/08\/SUrire-2020.jpg\",\"width\":500,\"height\":500},{\"@type\":\"BreadcrumbList\",\"@id\":\"https:\/\/rwinevietnam.com\/home\/vang-chile-surire-cabernet-sauvignon-d-o-valley-central-2020\/#breadcrumb\",\"itemListElement\":[{\"@type\":\"ListItem\",\"position\":1,\"name\":\"Trang ch\u1ee7\",\"item\":\"https:\/\/rwinevietnam.com\/home\/\"},{\"@type\":\"ListItem\",\"position\":2,\"name\":\"S\u1ea3n ph\u1ea9m\",\"item\":\"https:\/\/rwinevietnam.com\/home\/san-pham\/\"},{\"@type\":\"ListItem\",\"position\":3,\"name\":\"Vang Chile Surire Cabernet Sauvignon D.O Valley Central 2020\"}]},{\"@type\":\"WebSite\",\"@id\":\"https:\/\/rwinevietnam.com\/home\/#website\",\"url\":\"https:\/\/rwinevietnam.com\/home\/\",\"name\":\"R.WINE\",\"description\":\"C\u00d4NG TY C\u1ed4 PH\u1ea6N XU\u1ea4T KH\u1ea8U NH\u1eacP KH\u1ea8U\",\"potentialAction\":[{\"@type\":\"SearchAction\",\"target\":{\"@type\":\"EntryPoint\",\"urlTemplate\":\"https:\/\/rwinevietnam.com\/home\/?s={search_term_string}\"},\"query-input\":{\"@type\":\"PropertyValueSpecification\",\"valueRequired\":true,\"valueName\":\"search_term_string\"}}],\"inLanguage\":\"vi\"}]}<\/script>\n<!-- \/ Yoast SEO plugin. -->","yoast_head_json":{"title":"Vang Chile Surire Cabernet Sauvignon D.O Valley Central 2020 - R.WINE","description":"r\u01b0\u1ee3u vang, r\u01b0\u1ee3u vang cao c\u1ea5p, r\u01b0\u1ee3u vang cao c\u1ea5p ngon, r\u01b0\u1ee3u vang cao c\u1ea5p nh\u1eadp kh\u1ea9u, r\u01b0\u1ee3u vang \u0111\u1ecf, r\u01b0\u1ee3u vang ngon, r\u01b0\u1ee3u vang nh\u1eadp kh\u1ea9u, r\u01b0\u1ee3u vang \u00fd nh\u1eadp kh\u1ea9u","robots":{"index":"noindex","follow":"follow"},"og_locale":"vi_VN","og_type":"article","og_title":"Vang Chile Surire Cabernet Sauvignon D.O Valley Central 2020 - R.WINE","og_description":"r\u01b0\u1ee3u vang, r\u01b0\u1ee3u vang cao c\u1ea5p, r\u01b0\u1ee3u vang cao c\u1ea5p ngon, r\u01b0\u1ee3u vang cao c\u1ea5p nh\u1eadp kh\u1ea9u, r\u01b0\u1ee3u vang \u0111\u1ecf, r\u01b0\u1ee3u vang ngon, r\u01b0\u1ee3u vang nh\u1eadp kh\u1ea9u, r\u01b0\u1ee3u vang \u00fd nh\u1eadp kh\u1ea9u","og_url":"https:\/\/rwinevietnam.com\/home\/vang-chile-surire-cabernet-sauvignon-d-o-valley-central-2020\/","og_site_name":"R.WINE","article_modified_time":"2023-08-10T04:07:05+00:00","og_image":[{"width":500,"height":500,"url":"https:\/\/rwinevietnam.com\/home\/wp-content\/uploads\/2023\/08\/SUrire-2020.jpg","type":"image\/jpeg"}],"twitter_card":"summary_large_image","schema":{"@context":"https:\/\/schema.org","@graph":[{"@type":"WebPage","@id":"https:\/\/rwinevietnam.com\/home\/vang-chile-surire-cabernet-sauvignon-d-o-valley-central-2020\/","url":"https:\/\/rwinevietnam.com\/home\/vang-chile-surire-cabernet-sauvignon-d-o-valley-central-2020\/","name":"Vang Chile Surire Cabernet Sauvignon D.O Valley Central 2020 - R.WINE","isPartOf":{"@id":"https:\/\/rwinevietnam.com\/home\/#website"},"primaryImageOfPage":{"@id":"https:\/\/rwinevietnam.com\/home\/vang-chile-surire-cabernet-sauvignon-d-o-valley-central-2020\/#primaryimage"},"image":{"@id":"https:\/\/rwinevietnam.com\/home\/vang-chile-surire-cabernet-sauvignon-d-o-valley-central-2020\/#primaryimage"},"thumbnailUrl":"https:\/\/rwinevietnam.com\/home\/wp-content\/uploads\/2023\/08\/SUrire-2020.jpg","datePublished":"2023-08-10T04:07:04+00:00","dateModified":"2023-08-10T04:07:05+00:00","description":"r\u01b0\u1ee3u vang, r\u01b0\u1ee3u vang cao c\u1ea5p, r\u01b0\u1ee3u vang cao c\u1ea5p ngon, r\u01b0\u1ee3u vang cao c\u1ea5p nh\u1eadp kh\u1ea9u, r\u01b0\u1ee3u vang \u0111\u1ecf, r\u01b0\u1ee3u vang ngon, r\u01b0\u1ee3u vang nh\u1eadp kh\u1ea9u, r\u01b0\u1ee3u vang \u00fd nh\u1eadp kh\u1ea9u","breadcrumb":{"@id":"https:\/\/rwinevietnam.com\/home\/vang-chile-surire-cabernet-sauvignon-d-o-valley-central-2020\/#breadcrumb"},"inLanguage":"vi","potentialAction":[{"@type":"ReadAction","target":["https:\/\/rwinevietnam.com\/home\/vang-chile-surire-cabernet-sauvignon-d-o-valley-central-2020\/"]}]},{"@type":"ImageObject","inLanguage":"vi","@id":"https:\/\/rwinevietnam.com\/home\/vang-chile-surire-cabernet-sauvignon-d-o-valley-central-2020\/#primaryimage","url":"https:\/\/rwinevietnam.com\/home\/wp-content\/uploads\/2023\/08\/SUrire-2020.jpg","contentUrl":"https:\/\/rwinevietnam.com\/home\/wp-content\/uploads\/2023\/08\/SUrire-2020.jpg","width":500,"height":500},{"@type":"BreadcrumbList","@id":"https:\/\/rwinevietnam.com\/home\/vang-chile-surire-cabernet-sauvignon-d-o-valley-central-2020\/#breadcrumb","itemListElement":[{"@type":"ListItem","position":1,"name":"Trang ch\u1ee7","item":"https:\/\/rwinevietnam.com\/home\/"},{"@type":"ListItem","position":2,"name":"S\u1ea3n ph\u1ea9m","item":"https:\/\/rwinevietnam.com\/home\/san-pham\/"},{"@type":"ListItem","position":3,"name":"Vang Chile Surire Cabernet Sauvignon D.O Valley Central 2020"}]},{"@type":"WebSite","@id":"https:\/\/rwinevietnam.com\/home\/#website","url":"https:\/\/rwinevietnam.com\/home\/","name":"R.WINE","description":"C\u00d4NG TY C\u1ed4 PH\u1ea6N XU\u1ea4T KH\u1ea8U NH\u1eacP KH\u1ea8U","potentialAction":[{"@type":"SearchAction","target":{"@type":"EntryPoint","urlTemplate":"https:\/\/rwinevietnam.com\/home\/?s={search_term_string}"},"query-input":{"@type":"PropertyValueSpecification","valueRequired":true,"valueName":"search_term_string"}}],"inLanguage":"vi"}]}},"_links":{"self":[{"href":"https:\/\/rwinevietnam.com\/home\/wp-json\/wp\/v2\/product\/825","targetHints":{"allow":["GET"]}}],"collection":[{"href":"https:\/\/rwinevietnam.com\/home\/wp-json\/wp\/v2\/product"}],"about":[{"href":"https:\/\/rwinevietnam.com\/home\/wp-json\/wp\/v2\/types\/product"}],"replies":[{"embeddable":true,"href":"https:\/\/rwinevietnam.com\/home\/wp-json\/wp\/v2\/comments?post=825"}],"wp:featuredmedia":[{"embeddable":true,"href":"https:\/\/rwinevietnam.com\/home\/wp-json\/wp\/v2\/media\/826"}],"wp:attachment":[{"href":"https:\/\/rwinevietnam.com\/home\/wp-json\/wp\/v2\/media?parent=825"}],"wp:term":[{"taxonomy":"product_brand","embeddable":true,"href":"https:\/\/rwinevietnam.com\/home\/wp-json\/wp\/v2\/product_brand?post=825"},{"taxonomy":"product_cat","embeddable":true,"href":"https:\/\/rwinevietnam.com\/home\/wp-json\/wp\/v2\/product_cat?post=825"},{"taxonomy":"product_tag","embeddable":true,"href":"https:\/\/rwinevietnam.com\/home\/wp-json\/wp\/v2\/product_tag?post=825"}],"curies":[{"name":"wp","href":"https:\/\/api.w.org\/{rel}","templated":true}]}}