{"id":813,"date":"2023-08-09T08:51:15","date_gmt":"2023-08-09T08:51:15","guid":{"rendered":"https:\/\/rwinevietnam.com\/home\/?post_type=product&#038;p=813"},"modified":"2023-08-09T08:51:15","modified_gmt":"2023-08-09T08:51:15","slug":"ruou-vang-mardell-hill-primitivo","status":"publish","type":"product","link":"https:\/\/rwinevietnam.com\/home\/ruou-vang-mardell-hill-primitivo\/","title":{"rendered":"VANG \u00dd MARDELL HILL PRIMITIVO IGT SALENTO"},"content":{"rendered":"<p><strong>R\u01b0\u1ee3u vang Mardell Hill Primitivo<\/strong>\u00a0\u0111\u01b0\u1ee3c l\u00e0m t\u1ea1i<a href=\"http:\/\/rwinevietnam.com\"> Salento c\u1ee7a Puglia<\/a>, Puglia l\u00e0 m\u1ed9t v\u00f9ng n\u1ed5i ti\u1ebfng v\u1ec1 r\u01b0\u1ee3u vang c\u1ee7a \u00dd, n\u1eb1m \u1edf ph\u00eda nam c\u1ee7a \u0111\u1ea5t n\u01b0\u1edbc. N\u00f3 \u0111\u01b0\u1ee3c bi\u1ebft \u0111\u1ebfn v\u1edbi l\u1ecbch s\u1eed phong ph\u00fa v\u00e0 s\u1ea3n xu\u1ea5t m\u1ed9t s\u1ed1 lo\u1ea1i r\u01b0\u1ee3u vang \u0111\u1eaft nh\u1ea5t \u1edf \u00dd. Khu v\u1ef1c n\u00e0y l\u00e0 tr\u1ee5 s\u1edf ch\u00ednh c\u1ee7a ng\u00e0nh s\u1ea3n xu\u1ea5t r\u01b0\u1ee3u vang t\u1eeb th\u1eddi La M\u00e3 v\u00e0 l\u00e0 n\u01a1i s\u1ea3n xu\u1ea5t r\u01b0\u1ee3u vang l\u1edbn k\u1ec3 t\u1eeb \u0111\u00f3.R\u01b0\u1ee3u vang \u0111\u01b0\u1ee3c s\u1ea3n xu\u1ea5t \u1edf Puglia v\u00ec n\u00f3 c\u00f3 th\u1ed5 nh\u01b0\u1ee1ng tuy\u1ec7t v\u1eddi, c\u00f3 ngh\u0129a l\u00e0 c\u00f3 nhi\u1ec1u v\u01b0\u1eddn nho v\u1edbi nhi\u1ec1u lo\u1ea1i nho kh\u00e1c nhau. M\u1ed9t s\u1ed1 lo\u1ea1i nho \u0111\u01b0\u1ee3c tr\u1ed3ng tr\u00ean \u0111\u1ea5t \u0111\u1ea5t \u0111\u00e1 v\u00f4i trong khi nh\u1eefng c\u00e2y kh\u00e1c m\u1ecdc tr\u00ean \u0111\u1ea5t m\u00e0u m\u1ee1. Kh\u00ed h\u1eadu c\u0169ng r\u1ea5t quan tr\u1ecdng v\u00ec n\u00f3 quy\u1ebft \u0111\u1ecbnh nho c\u00f3 th\u1ec3 ph\u00e1t tri\u1ec3n t\u1ed1t nh\u01b0 th\u1ebf n\u00e0o v\u00e0 ch\u00fang c\u1ea7n bao nhi\u00eau \u00e1nh s\u00e1ng m\u1eb7t tr\u1eddi \u0111\u1ec3 t\u1ea1o ra n\u01b0\u1edbc \u00e9p ngon nh\u1ea5t.<\/p>\n<p>R\u01b0\u1ee3u \u0111\u01b0\u01a1c l\u00e0m t\u1eeb nho <a href=\"http:\/\/rwinevietnam.com\">PRIMITIVO\u00a0<\/a> gi\u00e0 c\u1ed7i &#8220;old vines &#8220;c\u00f3 tu\u1ed5i \u0111\u1eddi trung b\u00ecnh t\u1eeb 80-100 n\u0103m \u0111\u1ec3 \u0111\u1ea3m b\u1ea3o ch\u1ea5t l\u01b0\u1ee3ng c\u1ee7a tr\u00e1i nho .Vang c\u00f3 m\u00f9i th\u01a1m \u0111\u1eb7c bi\u1ec7t ,v\u00f4 c\u00f9ng phong ph\u00fa v\u1edbi h\u01b0\u01a1ng v\u1ecb c\u1ee7a gia v\u1ecb, m\u00f9i c\u1ee7a qu\u1ea3 ch\u00edn m\u1ecdng, anh \u0111\u00e0o t\u01b0\u01a1i , m\u1eadt m\u00eda ,kh\u00e1 nhi\u1ec1u g\u1ed7 s\u1ed3i, , th\u1ea3o m\u1ed9c ,\u0111inh h\u01b0\u01a1ng n\u1ed3ng n\u00e0n, .khi c\u1ea7m tr\u00ean tay nh\u1eefng ly r\u01b0\u01a1u vang n\u00e0y ch\u00fang ta ph\u1ea3i th\u1eeba nh\u1eadn r\u1ea5t \u0111\u1eadm \u0111\u1eb7c, v\u1edbi m\u00e0u s\u0103c t\u1ed1i \u0111en .Khi th\u01b0\u1edfng th\u1ee9c vang \u0111\u0103c bi\u1ec7t n\u00e0y ch\u00fang ta n\u00ean u\u1ed1ng \u1edf nhi\u1ec7t \u0111\u1ed9 18%, n\u00ean d\u00f9ng decanter v\u00e0 th\u01b0\u1edfng th\u01b0c c\u00e1c m\u00f3n t\u1eeb th\u1ecbt \u0111\u1ecf<\/p>\n","protected":false},"excerpt":{"rendered":"<table style=\"border-collapse: collapse; width: 100%; height: 126px;\">\n<tbody>\n<tr style=\"height: 21px;\">\n<td style=\"width: 50%; height: 21px;\"><span style=\"color: #000080;\"><strong>Xu\u1ea5t x\u1ee9:<\/strong><\/span><\/td>\n<td style=\"width: 50%; height: 21px;\">\u00dd<\/td>\n<\/tr>\n<tr style=\"height: 21px;\">\n<td style=\"width: 50%; height: 21px;\"><span style=\"color: #000080;\"><strong>Gi\u1ed1ng nho:<\/strong><\/span><\/td>\n<td style=\"width: 50%; height: 21px;\">Primitivo<\/td>\n<\/tr>\n<tr style=\"height: 21px;\">\n<td style=\"width: 50%; height: 21px;\"><span style=\"color: #000080;\"><strong>Lo\u1ea1i vang:<\/strong><\/span><\/td>\n<td style=\"width: 50%; height: 21px;\">Vang \u0111\u1ecf<\/td>\n<\/tr>\n<tr style=\"height: 21px;\">\n<td style=\"width: 50%; height: 21px;\"><span style=\"color: #000080;\"><strong>N\u1ed3ng \u0111\u1ed9:<\/strong><\/span><\/td>\n<td style=\"width: 50%; height: 21px;\">19,5% ABV<\/td>\n<\/tr>\n<tr style=\"height: 21px;\">\n<td style=\"width: 50%; height: 21px;\"><span style=\"color: #000080;\"><strong>Dung t\u00edch:<\/strong><\/span><\/td>\n<td style=\"width: 50%; height: 21px;\">750ML<\/td>\n<\/tr>\n<tr style=\"height: 21px;\">\n<td style=\"width: 50%; height: 21px;\"><span style=\"color: #000080;\"><strong>Quy c\u00e1ch:<\/strong><\/span><\/td>\n<td style=\"width: 50%; height: 21px;\">6 chai\/th\u00f9ng<\/td>\n<\/tr>\n<\/tbody>\n<\/table>\n","protected":false},"featured_media":814,"comment_status":"closed","ping_status":"closed","template":"","meta":{"_acf_changed":false},"product_brand":[],"product_cat":[76,61,80,27,86,62,29,60],"product_tag":[],"class_list":{"0":"post-813","1":"product","2":"type-product","3":"status-publish","4":"has-post-thumbnail","6":"product_cat-giong-nho","7":"product_cat-loai-vang","8":"product_cat-primitivo","9":"product_cat-ruou-vang","10":"product_cat-ruou-vang-puglia","11":"product_cat-vang-do","12":"product_cat-vang-y","13":"product_cat-xuat-xu","15":"first","16":"instock","17":"shipping-taxable","18":"product-type-simple"},"acf":[],"yoast_head":"<!-- This site is optimized with the Yoast SEO plugin v26.8 - https:\/\/yoast.com\/product\/yoast-seo-wordpress\/ -->\n<title>VANG \u00dd MARDELL HILL PRIMITIVO IGT SALENTO - R.WINE<\/title>\n<meta name=\"description\" content=\"R\u01b0\u1ee3u vang Mardell Hill Primitivo\u00a0\u0111\u01b0\u1ee3c l\u00e0m t\u1ea1i Salento c\u1ee7a Puglia, Puglia l\u00e0 m\u1ed9t v\u00f9ng n\u1ed5i ti\u1ebfng v\u1ec1 r\u01b0\u1ee3u vang c\u1ee7a \u00dd, n\u1eb1m \u1edf ph\u00eda nam c\u1ee7a \u0111\u1ea5t n\u01b0\u1edbc\" \/>\n<meta name=\"robots\" content=\"noindex, follow\" \/>\n<meta property=\"og:locale\" content=\"vi_VN\" \/>\n<meta property=\"og:type\" content=\"article\" \/>\n<meta property=\"og:title\" content=\"VANG \u00dd MARDELL HILL PRIMITIVO IGT SALENTO - R.WINE\" \/>\n<meta property=\"og:description\" content=\"R\u01b0\u1ee3u vang Mardell Hill Primitivo\u00a0\u0111\u01b0\u1ee3c l\u00e0m t\u1ea1i Salento c\u1ee7a Puglia, Puglia l\u00e0 m\u1ed9t v\u00f9ng n\u1ed5i ti\u1ebfng v\u1ec1 r\u01b0\u1ee3u vang c\u1ee7a \u00dd, n\u1eb1m \u1edf ph\u00eda nam c\u1ee7a \u0111\u1ea5t n\u01b0\u1edbc\" \/>\n<meta property=\"og:url\" content=\"https:\/\/rwinevietnam.com\/home\/ruou-vang-mardell-hill-primitivo\/\" \/>\n<meta property=\"og:site_name\" content=\"R.WINE\" \/>\n<meta property=\"og:image\" content=\"https:\/\/rwinevietnam.com\/home\/wp-content\/uploads\/2023\/08\/ruou-vang-mardell-hill-primitivo-510x565-1.webp\" \/>\n\t<meta property=\"og:image:width\" content=\"510\" \/>\n\t<meta property=\"og:image:height\" content=\"565\" \/>\n\t<meta property=\"og:image:type\" content=\"image\/webp\" \/>\n<meta name=\"twitter:card\" content=\"summary_large_image\" \/>\n<script type=\"application\/ld+json\" class=\"yoast-schema-graph\">{\"@context\":\"https:\/\/schema.org\",\"@graph\":[{\"@type\":\"WebPage\",\"@id\":\"https:\/\/rwinevietnam.com\/home\/ruou-vang-mardell-hill-primitivo\/\",\"url\":\"https:\/\/rwinevietnam.com\/home\/ruou-vang-mardell-hill-primitivo\/\",\"name\":\"VANG \u00dd MARDELL HILL PRIMITIVO IGT SALENTO - R.WINE\",\"isPartOf\":{\"@id\":\"https:\/\/rwinevietnam.com\/home\/#website\"},\"primaryImageOfPage\":{\"@id\":\"https:\/\/rwinevietnam.com\/home\/ruou-vang-mardell-hill-primitivo\/#primaryimage\"},\"image\":{\"@id\":\"https:\/\/rwinevietnam.com\/home\/ruou-vang-mardell-hill-primitivo\/#primaryimage\"},\"thumbnailUrl\":\"https:\/\/rwinevietnam.com\/home\/wp-content\/uploads\/2023\/08\/ruou-vang-mardell-hill-primitivo-510x565-1.webp\",\"datePublished\":\"2023-08-09T08:51:15+00:00\",\"description\":\"R\u01b0\u1ee3u vang Mardell Hill Primitivo\u00a0\u0111\u01b0\u1ee3c l\u00e0m t\u1ea1i Salento c\u1ee7a Puglia, Puglia l\u00e0 m\u1ed9t v\u00f9ng n\u1ed5i ti\u1ebfng v\u1ec1 r\u01b0\u1ee3u vang c\u1ee7a \u00dd, n\u1eb1m \u1edf ph\u00eda nam c\u1ee7a \u0111\u1ea5t n\u01b0\u1edbc\",\"breadcrumb\":{\"@id\":\"https:\/\/rwinevietnam.com\/home\/ruou-vang-mardell-hill-primitivo\/#breadcrumb\"},\"inLanguage\":\"vi\",\"potentialAction\":[{\"@type\":\"ReadAction\",\"target\":[\"https:\/\/rwinevietnam.com\/home\/ruou-vang-mardell-hill-primitivo\/\"]}]},{\"@type\":\"ImageObject\",\"inLanguage\":\"vi\",\"@id\":\"https:\/\/rwinevietnam.com\/home\/ruou-vang-mardell-hill-primitivo\/#primaryimage\",\"url\":\"https:\/\/rwinevietnam.com\/home\/wp-content\/uploads\/2023\/08\/ruou-vang-mardell-hill-primitivo-510x565-1.webp\",\"contentUrl\":\"https:\/\/rwinevietnam.com\/home\/wp-content\/uploads\/2023\/08\/ruou-vang-mardell-hill-primitivo-510x565-1.webp\",\"width\":510,\"height\":565},{\"@type\":\"BreadcrumbList\",\"@id\":\"https:\/\/rwinevietnam.com\/home\/ruou-vang-mardell-hill-primitivo\/#breadcrumb\",\"itemListElement\":[{\"@type\":\"ListItem\",\"position\":1,\"name\":\"Trang ch\u1ee7\",\"item\":\"https:\/\/rwinevietnam.com\/home\/\"},{\"@type\":\"ListItem\",\"position\":2,\"name\":\"S\u1ea3n ph\u1ea9m\",\"item\":\"https:\/\/rwinevietnam.com\/home\/san-pham\/\"},{\"@type\":\"ListItem\",\"position\":3,\"name\":\"VANG \u00dd MARDELL HILL PRIMITIVO IGT SALENTO\"}]},{\"@type\":\"WebSite\",\"@id\":\"https:\/\/rwinevietnam.com\/home\/#website\",\"url\":\"https:\/\/rwinevietnam.com\/home\/\",\"name\":\"R.WINE\",\"description\":\"C\u00d4NG TY C\u1ed4 PH\u1ea6N XU\u1ea4T KH\u1ea8U NH\u1eacP KH\u1ea8U\",\"potentialAction\":[{\"@type\":\"SearchAction\",\"target\":{\"@type\":\"EntryPoint\",\"urlTemplate\":\"https:\/\/rwinevietnam.com\/home\/?s={search_term_string}\"},\"query-input\":{\"@type\":\"PropertyValueSpecification\",\"valueRequired\":true,\"valueName\":\"search_term_string\"}}],\"inLanguage\":\"vi\"}]}<\/script>\n<!-- \/ Yoast SEO plugin. -->","yoast_head_json":{"title":"VANG \u00dd MARDELL HILL PRIMITIVO IGT SALENTO - R.WINE","description":"R\u01b0\u1ee3u vang Mardell Hill Primitivo\u00a0\u0111\u01b0\u1ee3c l\u00e0m t\u1ea1i Salento c\u1ee7a Puglia, Puglia l\u00e0 m\u1ed9t v\u00f9ng n\u1ed5i ti\u1ebfng v\u1ec1 r\u01b0\u1ee3u vang c\u1ee7a \u00dd, n\u1eb1m \u1edf ph\u00eda nam c\u1ee7a \u0111\u1ea5t n\u01b0\u1edbc","robots":{"index":"noindex","follow":"follow"},"og_locale":"vi_VN","og_type":"article","og_title":"VANG \u00dd MARDELL HILL PRIMITIVO IGT SALENTO - R.WINE","og_description":"R\u01b0\u1ee3u vang Mardell Hill Primitivo\u00a0\u0111\u01b0\u1ee3c l\u00e0m t\u1ea1i Salento c\u1ee7a Puglia, Puglia l\u00e0 m\u1ed9t v\u00f9ng n\u1ed5i ti\u1ebfng v\u1ec1 r\u01b0\u1ee3u vang c\u1ee7a \u00dd, n\u1eb1m \u1edf ph\u00eda nam c\u1ee7a \u0111\u1ea5t n\u01b0\u1edbc","og_url":"https:\/\/rwinevietnam.com\/home\/ruou-vang-mardell-hill-primitivo\/","og_site_name":"R.WINE","og_image":[{"width":510,"height":565,"url":"https:\/\/rwinevietnam.com\/home\/wp-content\/uploads\/2023\/08\/ruou-vang-mardell-hill-primitivo-510x565-1.webp","type":"image\/webp"}],"twitter_card":"summary_large_image","schema":{"@context":"https:\/\/schema.org","@graph":[{"@type":"WebPage","@id":"https:\/\/rwinevietnam.com\/home\/ruou-vang-mardell-hill-primitivo\/","url":"https:\/\/rwinevietnam.com\/home\/ruou-vang-mardell-hill-primitivo\/","name":"VANG \u00dd MARDELL HILL PRIMITIVO IGT SALENTO - R.WINE","isPartOf":{"@id":"https:\/\/rwinevietnam.com\/home\/#website"},"primaryImageOfPage":{"@id":"https:\/\/rwinevietnam.com\/home\/ruou-vang-mardell-hill-primitivo\/#primaryimage"},"image":{"@id":"https:\/\/rwinevietnam.com\/home\/ruou-vang-mardell-hill-primitivo\/#primaryimage"},"thumbnailUrl":"https:\/\/rwinevietnam.com\/home\/wp-content\/uploads\/2023\/08\/ruou-vang-mardell-hill-primitivo-510x565-1.webp","datePublished":"2023-08-09T08:51:15+00:00","description":"R\u01b0\u1ee3u vang Mardell Hill Primitivo\u00a0\u0111\u01b0\u1ee3c l\u00e0m t\u1ea1i Salento c\u1ee7a Puglia, Puglia l\u00e0 m\u1ed9t v\u00f9ng n\u1ed5i ti\u1ebfng v\u1ec1 r\u01b0\u1ee3u vang c\u1ee7a \u00dd, n\u1eb1m \u1edf ph\u00eda nam c\u1ee7a \u0111\u1ea5t n\u01b0\u1edbc","breadcrumb":{"@id":"https:\/\/rwinevietnam.com\/home\/ruou-vang-mardell-hill-primitivo\/#breadcrumb"},"inLanguage":"vi","potentialAction":[{"@type":"ReadAction","target":["https:\/\/rwinevietnam.com\/home\/ruou-vang-mardell-hill-primitivo\/"]}]},{"@type":"ImageObject","inLanguage":"vi","@id":"https:\/\/rwinevietnam.com\/home\/ruou-vang-mardell-hill-primitivo\/#primaryimage","url":"https:\/\/rwinevietnam.com\/home\/wp-content\/uploads\/2023\/08\/ruou-vang-mardell-hill-primitivo-510x565-1.webp","contentUrl":"https:\/\/rwinevietnam.com\/home\/wp-content\/uploads\/2023\/08\/ruou-vang-mardell-hill-primitivo-510x565-1.webp","width":510,"height":565},{"@type":"BreadcrumbList","@id":"https:\/\/rwinevietnam.com\/home\/ruou-vang-mardell-hill-primitivo\/#breadcrumb","itemListElement":[{"@type":"ListItem","position":1,"name":"Trang ch\u1ee7","item":"https:\/\/rwinevietnam.com\/home\/"},{"@type":"ListItem","position":2,"name":"S\u1ea3n ph\u1ea9m","item":"https:\/\/rwinevietnam.com\/home\/san-pham\/"},{"@type":"ListItem","position":3,"name":"VANG \u00dd MARDELL HILL PRIMITIVO IGT SALENTO"}]},{"@type":"WebSite","@id":"https:\/\/rwinevietnam.com\/home\/#website","url":"https:\/\/rwinevietnam.com\/home\/","name":"R.WINE","description":"C\u00d4NG TY C\u1ed4 PH\u1ea6N XU\u1ea4T KH\u1ea8U NH\u1eacP KH\u1ea8U","potentialAction":[{"@type":"SearchAction","target":{"@type":"EntryPoint","urlTemplate":"https:\/\/rwinevietnam.com\/home\/?s={search_term_string}"},"query-input":{"@type":"PropertyValueSpecification","valueRequired":true,"valueName":"search_term_string"}}],"inLanguage":"vi"}]}},"_links":{"self":[{"href":"https:\/\/rwinevietnam.com\/home\/wp-json\/wp\/v2\/product\/813","targetHints":{"allow":["GET"]}}],"collection":[{"href":"https:\/\/rwinevietnam.com\/home\/wp-json\/wp\/v2\/product"}],"about":[{"href":"https:\/\/rwinevietnam.com\/home\/wp-json\/wp\/v2\/types\/product"}],"replies":[{"embeddable":true,"href":"https:\/\/rwinevietnam.com\/home\/wp-json\/wp\/v2\/comments?post=813"}],"wp:featuredmedia":[{"embeddable":true,"href":"https:\/\/rwinevietnam.com\/home\/wp-json\/wp\/v2\/media\/814"}],"wp:attachment":[{"href":"https:\/\/rwinevietnam.com\/home\/wp-json\/wp\/v2\/media?parent=813"}],"wp:term":[{"taxonomy":"product_brand","embeddable":true,"href":"https:\/\/rwinevietnam.com\/home\/wp-json\/wp\/v2\/product_brand?post=813"},{"taxonomy":"product_cat","embeddable":true,"href":"https:\/\/rwinevietnam.com\/home\/wp-json\/wp\/v2\/product_cat?post=813"},{"taxonomy":"product_tag","embeddable":true,"href":"https:\/\/rwinevietnam.com\/home\/wp-json\/wp\/v2\/product_tag?post=813"}],"curies":[{"name":"wp","href":"https:\/\/api.w.org\/{rel}","templated":true}]}}