{"id":795,"date":"2023-08-09T02:32:19","date_gmt":"2023-08-09T02:32:19","guid":{"rendered":"https:\/\/rwinevietnam.com\/home\/?post_type=product&#038;p=795"},"modified":"2023-08-09T02:32:19","modified_gmt":"2023-08-09T02:32:19","slug":"ballantines-17-nam-750ml","status":"publish","type":"product","link":"https:\/\/rwinevietnam.com\/home\/ballantines-17-nam-750ml\/","title":{"rendered":"BALLANTINES 17 N\u0102M 750ML"},"content":{"rendered":"<p style=\"text-align: center;\"><span style=\"font-size: 120%;\"><strong>\u0110\u00f4i n\u00e9t v\u1ec1 s\u1ea3n ph\u1ea9m<\/strong><\/span><\/p>\n<p><strong>R\u01b0\u1ee3u Ballantine\u2019s 17\u00a0<\/strong>\u0111\u01b0\u1ee3c s\u1ea3n xu\u1ea5t l\u1ea7n \u0111\u1ea7u ti\u00ean v\u00e0o n\u0103m 1930, n\u00f3 l\u00e0 Nh\u00e3n hi\u1ec7u r\u01b0\u1ee3u Whisky uy t\u00edn c\u00f2n l\u1ea1i kh\u00f4ng h\u1ec1 thay \u0111\u1ed5i t\u1eeb h\u01a1n 85 n\u0103m qua. C\u00f4ng th\u1ee9c pha tr\u1ed9n c\u1ee7a Ballantine\u2019s 17 n\u0103m lu\u00f4n \u0111\u01b0\u1ee3c Gia \u0111\u00ecnh nh\u00e0 \u00d4ng George Ballantines c\u1ea5t gi\u1eef c\u1ea9n th\u1eadn v\u00e0 truy\u1ec1n l\u1ea1i cho c\u00e1c chuy\u00ean gia pha tr\u1ed9n r\u01b0\u1ee3u k\u1ebf nghi\u1ec7p ( Master Blender )<\/p>\n<p>\u2013 R\u01b0\u1ee3u Ballantine\u2019s 17 n\u0103m th\u1ec3 hi\u1ec7n t\u1ea5t c\u1ea3 nh\u1eefng h\u01b0\u01a1ng v\u1ecb thu\u1ea7n t\u00fay nh\u1ea5t c\u1ee7a D\u00f2ng r\u01b0\u1ee3u Whisky pha tr\u1ed9n c\u1ee7a Scotland , l\u00e0 s\u1ef1 k\u1ebft h\u1ee3p t\u1ef7 m\u1ef7 c\u1ee7a c\u00e1c lo\u1ea1i Whisky M\u1ea1ch nha v\u00e0 Whisky L\u00faa m\u1ea1ch \u0111\u1ebfn t\u1eeb nhi\u1ec1u v\u00f9ng kh\u1eafp \u0111\u1ea5t n\u01b0\u1edbc Scotland. V\u1edbi m\u1ea7u v\u00e0ng h\u1ed5 ph\u00e1ch, h\u01b0\u01a1ng v\u1ecb c\u1ee7a Tr\u00e1i c\u00e2y v\u00e0 g\u1ed7 S\u1ed3i \u0111\u00e3 t\u1ea1o n\u00ean s\u1ef1 \u0111\u1ed9c \u0111\u00e1o ri\u00eang \u0111\u01b0a Ballantine\u2019s 17 n\u0103m tr\u1edf th\u00e0nh m\u1ed9t trong nh\u1eefng lo\u1ea1i Whisky c\u1ed5 \u0111i\u1ec3n \u0111\u01b0\u1ee3c \u0111\u00e1nh gi\u00e1 cao tr\u00ean Th\u1ecb tr\u01b0\u1eddng Vi\u1ec7t Nam n\u00f3i ri\u00eang v\u00e0 Th\u1ebf Gi\u1edbi n\u00f3i chung.<\/p>\n<p><img loading=\"lazy\" decoding=\"async\" class=\"aligncenter wp-image-797 size-large\" src=\"https:\/\/rwinevietnam.com\/home\/wp-content\/uploads\/2023\/08\/z4587412942717_5df8537614134b948c748ade44c3b752-768x1024.jpg\" alt=\"\" width=\"768\" height=\"1024\" srcset=\"https:\/\/rwinevietnam.com\/home\/wp-content\/uploads\/2023\/08\/z4587412942717_5df8537614134b948c748ade44c3b752-768x1024.jpg 768w, https:\/\/rwinevietnam.com\/home\/wp-content\/uploads\/2023\/08\/z4587412942717_5df8537614134b948c748ade44c3b752-225x300.jpg 225w, https:\/\/rwinevietnam.com\/home\/wp-content\/uploads\/2023\/08\/z4587412942717_5df8537614134b948c748ade44c3b752-1152x1536.jpg 1152w, https:\/\/rwinevietnam.com\/home\/wp-content\/uploads\/2023\/08\/z4587412942717_5df8537614134b948c748ade44c3b752-1536x2048.jpg 1536w, https:\/\/rwinevietnam.com\/home\/wp-content\/uploads\/2023\/08\/z4587412942717_5df8537614134b948c748ade44c3b752-300x400.jpg 300w, https:\/\/rwinevietnam.com\/home\/wp-content\/uploads\/2023\/08\/z4587412942717_5df8537614134b948c748ade44c3b752-600x800.jpg 600w, https:\/\/rwinevietnam.com\/home\/wp-content\/uploads\/2023\/08\/z4587412942717_5df8537614134b948c748ade44c3b752.jpg 1920w\" sizes=\"auto, (max-width: 768px) 100vw, 768px\" \/> \u00a0 \u00a0 \u00a0 \u00a0 \u00a0 \u00a0 \u00a0 \u00a0 \u00a0 \u00a0 \u00a0 \u00a0 \u00a0 \u00a0 \u00a0 \u00a0 \u00a0 \u00a0 \u00a0 \u00a0 \u00a0 \u00a0 \u00a0 \u00a0 \u00a0 \u00a0 \u00a0 \u00a0 \u00a0 \u00a0 \u00a0 \u00a0 \u00a0 \u00a0 \u00a0 \u00a0 \u00a0 \u00a0 \u00a0 \u00a0 \u00a0 \u00a0 \u00a0 \u00a0 \u00a0 \u00a0 \u00a0 \u00a0 \u00a0 \u00a0 \u00a0 \u00a0 \u00a0 \u00a0 \u00a0 \u00a0 \u00a0 \u00a0 \u00a0 \u00a0 \u00a0 \u00a0 \u00a0 \u00a0 \u00a0 \u00a0 \u00a0 \u00a0 \u00a0 \u00a0 \u00a0 \u00a0 \u00a0 \u00a0 \u00a0 \u00a0 \u00a0 \u00a0 \u00a0 \u00a0 \u00a0 \u00a0 \u00a0 \u00a0 \u00a0 \u00a0 \u00a0 \u00a0 \u00a0 \u00a0 \u00a0 \u00a0 \u00a0 \u00a0 \u00a0 \u00a0 \u00a0 \u00a0 \u00a0 \u00a0 \u00a0 \u00a0 \u00a0 \u00a0 \u00a0 \u00a0 \u00a0 \u00a0 \u00a0 \u00a0 \u00a0 \u00a0 \u00a0 \u00a0 \u00a0 \u00a0 \u00a0 \u00a0 \u00a0 \u00a0 \u00a0 \u00a0 \u00a0 \u00a0 \u00a0 \u00a0 \u00a0 \u00a0 \u00a0 \u00a0 \u00a0 \u00a0 \u00a0 \u00a0 \u00a0 \u00a0 \u00a0 \u00a0 \u00a0 \u00a0 \u00a0 \u00a0 \u00a0 \u00a0 \u00a0 \u00a0 \u00a0 \u00a0 \u00a0 \u00a0 \u00a0 \u00a0 \u00a0 \u00a0 \u00a0 \u00a0 \u00a0 \u00a0 \u00a0 \u00a0 \u00a0 \u00a0 \u00a0 \u00a0 \u00a0 \u00a0 \u00a0 \u00a0 \u00a0 \u00a0 \u00a0 \u00a0 \u00a0 \u00a0 \u00a0 \u00a0 \u00a0 \u00a0 \u00a0 \u00a0 \u00a0 \u00a0 \u00a0<strong>R\u01b0\u1ee3u Ballantine\u2019s 17<\/strong> r\u1ea5t th\u00edch h\u1ee3p s\u1eed d\u1ee5ng trong nh\u1eefng b\u1eefa ti\u1ec7c sang tr\u1ecdng , c\u00e1c cu\u1ed9c vui xum h\u1ecdp b\u1ea1n b\u00e8 , l\u00e0m qu\u00e0 bi\u1ebfu cho ng\u01b0\u1eddi th\u00e2n ho\u1eb7c \u0111\u1ed1i t\u00e1c l\u00e0m \u0103n c\u0169ng \u0111\u1ec1u r\u1ea5t th\u00edch h\u1ee3p.<\/p>\n<p>\u2013 M\u00e0u r\u01b0\u1ee3u: V\u00e0ng h\u1ed5 ph\u00e1ch<br \/>\n\u2013 M\u0169i: H\u01b0\u01a1ng s\u00e2u , c\u00e2n b\u1eb1ng , tinh t\u1ebf c\u1ee7a tr\u00e1i c\u00e2y ch\u00edn , g\u1ed7 S\u1ed3i , kh\u00f3i nh\u1eb9 v\u00e0 Vani<br \/>\n\u2013 V\u00f2m mi\u1ec7ng: H\u01b0\u01a1ng v\u1ecb tr\u00f2n \u0111\u1ea7y , \u0111a chi\u1ec1u , r\u1ef1c r\u1ee1 v\u1edbi v\u1ecb ng\u1ecdt c\u1ee7a M\u1eadt ong c\u00f9ng h\u01b0\u01a1ng v\u1ecb Kem Vanilla xen c\u00f9ng h\u01b0\u01a1ng g\u1ed7 S\u1ed3i v\u00e0 Kh\u00f3i than b\u00f9n kh\u00f4 cu\u1ed1i c\u00f9ng l\u00e0 h\u01b0\u01a1ng Kem m\u01b0\u1ee3t m\u00e0 h\u00e0i h\u00f2a v\u1edbi v\u1ecb ng\u1ecdt d\u1ecbu c\u1ee7a g\u1ed7 S\u1ed3i, Chocolate, H\u1ea1nh nh\u00e2n, c\u00f9ng h\u01b0\u01a1ng v\u1ecb c\u1ee7a Hoa c\u1ecf c\u00e2y th\u01a1m m\u00e1t.<br \/>\n\u2013 K\u1ebft th\u00fac: K\u00e9o d\u00e0i v\u1edbi H\u01b0\u01a1ng Kh\u00f3i nh\u1eb9 , Vani , v\u00e0 k\u1ebft th\u00fac v\u1edbi h\u01b0\u01a1ng v\u1ecb m\u1eb7n m\u00e0 c\u1ee7a Mu\u1ed1i<\/p>\n<p>&nbsp;<\/p>\n<p>&nbsp;<\/p>\n","protected":false},"excerpt":{"rendered":"<table style=\"border-collapse: collapse; width: 100%; height: 115px;\">\n<tbody>\n<tr style=\"height: 50px;\">\n<td style=\"width: 50%; height: 50px;\"><span style=\"color: #000080;\"><strong>Qu\u1ed1c gia:<\/strong><\/span><\/td>\n<td style=\"width: 50%; height: 50px;\"><a href=\"http:\/\/rwinevietnam.com\">Scotland<\/a><\/td>\n<\/tr>\n<tr style=\"height: 21px;\">\n<td style=\"width: 50%; height: 21px;\"><span style=\"color: #000080;\"><strong>Lo\u1ea1i r\u01b0\u1ee3u:<\/strong><\/span><\/td>\n<td style=\"width: 50%; height: 21px;\"><a href=\"http:\/\/rwinevietnam.com\">Whisky Scotch\u00a0<\/a><\/td>\n<\/tr>\n<tr style=\"height: 21px;\">\n<td style=\"width: 50%; height: 21px;\"><span style=\"color: #000080;\"><strong>N\u1ed3ng \u0111\u1ed9:<\/strong><\/span><\/td>\n<td style=\"width: 50%; height: 21px;\"><a href=\"http:\/\/rwinevietnam.com\">40% vol<\/a><\/td>\n<\/tr>\n<tr style=\"height: 23px;\">\n<td style=\"width: 50%; height: 23px;\"><span style=\"color: #000080;\"><strong>Dung t\u00edch:<\/strong><\/span><\/td>\n<td style=\"width: 50%; height: 23px; text-align: left;\"><a href=\"http:\/\/rwinevietnam.com\">750ML<\/a><\/td>\n<\/tr>\n<\/tbody>\n<\/table>\n","protected":false},"featured_media":796,"comment_status":"closed","ping_status":"closed","template":"","meta":{"_acf_changed":false},"product_brand":[],"product_cat":[90],"product_tag":[162,160,163,161],"class_list":{"0":"post-795","1":"product","2":"type-product","3":"status-publish","4":"has-post-thumbnail","6":"product_cat-whisky","7":"product_tag-mua-ruou-whisky-tai-dau-uy-tin","8":"product_tag-ruou-ballantines-17","9":"product_tag-ruou-ngon-nhat","10":"product_tag-ruou-whisky","12":"first","13":"instock","14":"shipping-taxable","15":"product-type-simple"},"acf":[],"yoast_head":"<!-- This site is optimized with the Yoast SEO plugin v26.8 - https:\/\/yoast.com\/product\/yoast-seo-wordpress\/ -->\n<title>BALLANTINES 17 N\u0102M 750ML - R.WINE<\/title>\n<meta name=\"description\" content=\"R\u01b0\u1ee3u Ballantine\u2019s 17\u00a0\u0111\u01b0\u1ee3c s\u1ea3n xu\u1ea5t l\u1ea7n \u0111\u1ea7u ti\u00ean v\u00e0o n\u0103m 1930, n\u00f3 l\u00e0 Nh\u00e3n hi\u1ec7u r\u01b0\u1ee3u Whisky uy t\u00edn c\u00f2n l\u1ea1i kh\u00f4ng h\u1ec1 thay \u0111\u1ed5i t\u1eeb h\u01a1n 85 n\u0103m qua.\" \/>\n<meta name=\"robots\" content=\"noindex, follow\" \/>\n<meta property=\"og:locale\" content=\"vi_VN\" \/>\n<meta property=\"og:type\" content=\"article\" \/>\n<meta property=\"og:title\" content=\"BALLANTINES 17 N\u0102M 750ML - R.WINE\" \/>\n<meta property=\"og:description\" content=\"R\u01b0\u1ee3u Ballantine\u2019s 17\u00a0\u0111\u01b0\u1ee3c s\u1ea3n xu\u1ea5t l\u1ea7n \u0111\u1ea7u ti\u00ean v\u00e0o n\u0103m 1930, n\u00f3 l\u00e0 Nh\u00e3n hi\u1ec7u r\u01b0\u1ee3u Whisky uy t\u00edn c\u00f2n l\u1ea1i kh\u00f4ng h\u1ec1 thay \u0111\u1ed5i t\u1eeb h\u01a1n 85 n\u0103m qua.\" \/>\n<meta property=\"og:url\" content=\"https:\/\/rwinevietnam.com\/home\/ballantines-17-nam-750ml\/\" \/>\n<meta property=\"og:site_name\" content=\"R.WINE\" \/>\n<meta property=\"og:image\" content=\"https:\/\/rwinevietnam.com\/home\/wp-content\/uploads\/2023\/08\/ballantines-17-550x550-1.jpg\" \/>\n\t<meta property=\"og:image:width\" content=\"550\" \/>\n\t<meta property=\"og:image:height\" content=\"550\" \/>\n\t<meta property=\"og:image:type\" content=\"image\/jpeg\" \/>\n<meta name=\"twitter:card\" content=\"summary_large_image\" \/>\n<script type=\"application\/ld+json\" class=\"yoast-schema-graph\">{\"@context\":\"https:\/\/schema.org\",\"@graph\":[{\"@type\":\"WebPage\",\"@id\":\"https:\/\/rwinevietnam.com\/home\/ballantines-17-nam-750ml\/\",\"url\":\"https:\/\/rwinevietnam.com\/home\/ballantines-17-nam-750ml\/\",\"name\":\"BALLANTINES 17 N\u0102M 750ML - R.WINE\",\"isPartOf\":{\"@id\":\"https:\/\/rwinevietnam.com\/home\/#website\"},\"primaryImageOfPage\":{\"@id\":\"https:\/\/rwinevietnam.com\/home\/ballantines-17-nam-750ml\/#primaryimage\"},\"image\":{\"@id\":\"https:\/\/rwinevietnam.com\/home\/ballantines-17-nam-750ml\/#primaryimage\"},\"thumbnailUrl\":\"https:\/\/rwinevietnam.com\/home\/wp-content\/uploads\/2023\/08\/ballantines-17-550x550-1.jpg\",\"datePublished\":\"2023-08-09T02:32:19+00:00\",\"description\":\"R\u01b0\u1ee3u Ballantine\u2019s 17\u00a0\u0111\u01b0\u1ee3c s\u1ea3n xu\u1ea5t l\u1ea7n \u0111\u1ea7u ti\u00ean v\u00e0o n\u0103m 1930, n\u00f3 l\u00e0 Nh\u00e3n hi\u1ec7u r\u01b0\u1ee3u Whisky uy t\u00edn c\u00f2n l\u1ea1i kh\u00f4ng h\u1ec1 thay \u0111\u1ed5i t\u1eeb h\u01a1n 85 n\u0103m qua.\",\"breadcrumb\":{\"@id\":\"https:\/\/rwinevietnam.com\/home\/ballantines-17-nam-750ml\/#breadcrumb\"},\"inLanguage\":\"vi\",\"potentialAction\":[{\"@type\":\"ReadAction\",\"target\":[\"https:\/\/rwinevietnam.com\/home\/ballantines-17-nam-750ml\/\"]}]},{\"@type\":\"ImageObject\",\"inLanguage\":\"vi\",\"@id\":\"https:\/\/rwinevietnam.com\/home\/ballantines-17-nam-750ml\/#primaryimage\",\"url\":\"https:\/\/rwinevietnam.com\/home\/wp-content\/uploads\/2023\/08\/ballantines-17-550x550-1.jpg\",\"contentUrl\":\"https:\/\/rwinevietnam.com\/home\/wp-content\/uploads\/2023\/08\/ballantines-17-550x550-1.jpg\",\"width\":550,\"height\":550},{\"@type\":\"BreadcrumbList\",\"@id\":\"https:\/\/rwinevietnam.com\/home\/ballantines-17-nam-750ml\/#breadcrumb\",\"itemListElement\":[{\"@type\":\"ListItem\",\"position\":1,\"name\":\"Trang ch\u1ee7\",\"item\":\"https:\/\/rwinevietnam.com\/home\/\"},{\"@type\":\"ListItem\",\"position\":2,\"name\":\"S\u1ea3n ph\u1ea9m\",\"item\":\"https:\/\/rwinevietnam.com\/home\/san-pham\/\"},{\"@type\":\"ListItem\",\"position\":3,\"name\":\"BALLANTINES 17 N\u0102M 750ML\"}]},{\"@type\":\"WebSite\",\"@id\":\"https:\/\/rwinevietnam.com\/home\/#website\",\"url\":\"https:\/\/rwinevietnam.com\/home\/\",\"name\":\"R.WINE\",\"description\":\"C\u00d4NG TY C\u1ed4 PH\u1ea6N XU\u1ea4T KH\u1ea8U NH\u1eacP KH\u1ea8U\",\"potentialAction\":[{\"@type\":\"SearchAction\",\"target\":{\"@type\":\"EntryPoint\",\"urlTemplate\":\"https:\/\/rwinevietnam.com\/home\/?s={search_term_string}\"},\"query-input\":{\"@type\":\"PropertyValueSpecification\",\"valueRequired\":true,\"valueName\":\"search_term_string\"}}],\"inLanguage\":\"vi\"}]}<\/script>\n<!-- \/ Yoast SEO plugin. -->","yoast_head_json":{"title":"BALLANTINES 17 N\u0102M 750ML - R.WINE","description":"R\u01b0\u1ee3u Ballantine\u2019s 17\u00a0\u0111\u01b0\u1ee3c s\u1ea3n xu\u1ea5t l\u1ea7n \u0111\u1ea7u ti\u00ean v\u00e0o n\u0103m 1930, n\u00f3 l\u00e0 Nh\u00e3n hi\u1ec7u r\u01b0\u1ee3u Whisky uy t\u00edn c\u00f2n l\u1ea1i kh\u00f4ng h\u1ec1 thay \u0111\u1ed5i t\u1eeb h\u01a1n 85 n\u0103m qua.","robots":{"index":"noindex","follow":"follow"},"og_locale":"vi_VN","og_type":"article","og_title":"BALLANTINES 17 N\u0102M 750ML - R.WINE","og_description":"R\u01b0\u1ee3u Ballantine\u2019s 17\u00a0\u0111\u01b0\u1ee3c s\u1ea3n xu\u1ea5t l\u1ea7n \u0111\u1ea7u ti\u00ean v\u00e0o n\u0103m 1930, n\u00f3 l\u00e0 Nh\u00e3n hi\u1ec7u r\u01b0\u1ee3u Whisky uy t\u00edn c\u00f2n l\u1ea1i kh\u00f4ng h\u1ec1 thay \u0111\u1ed5i t\u1eeb h\u01a1n 85 n\u0103m qua.","og_url":"https:\/\/rwinevietnam.com\/home\/ballantines-17-nam-750ml\/","og_site_name":"R.WINE","og_image":[{"width":550,"height":550,"url":"https:\/\/rwinevietnam.com\/home\/wp-content\/uploads\/2023\/08\/ballantines-17-550x550-1.jpg","type":"image\/jpeg"}],"twitter_card":"summary_large_image","schema":{"@context":"https:\/\/schema.org","@graph":[{"@type":"WebPage","@id":"https:\/\/rwinevietnam.com\/home\/ballantines-17-nam-750ml\/","url":"https:\/\/rwinevietnam.com\/home\/ballantines-17-nam-750ml\/","name":"BALLANTINES 17 N\u0102M 750ML - R.WINE","isPartOf":{"@id":"https:\/\/rwinevietnam.com\/home\/#website"},"primaryImageOfPage":{"@id":"https:\/\/rwinevietnam.com\/home\/ballantines-17-nam-750ml\/#primaryimage"},"image":{"@id":"https:\/\/rwinevietnam.com\/home\/ballantines-17-nam-750ml\/#primaryimage"},"thumbnailUrl":"https:\/\/rwinevietnam.com\/home\/wp-content\/uploads\/2023\/08\/ballantines-17-550x550-1.jpg","datePublished":"2023-08-09T02:32:19+00:00","description":"R\u01b0\u1ee3u Ballantine\u2019s 17\u00a0\u0111\u01b0\u1ee3c s\u1ea3n xu\u1ea5t l\u1ea7n \u0111\u1ea7u ti\u00ean v\u00e0o n\u0103m 1930, n\u00f3 l\u00e0 Nh\u00e3n hi\u1ec7u r\u01b0\u1ee3u Whisky uy t\u00edn c\u00f2n l\u1ea1i kh\u00f4ng h\u1ec1 thay \u0111\u1ed5i t\u1eeb h\u01a1n 85 n\u0103m qua.","breadcrumb":{"@id":"https:\/\/rwinevietnam.com\/home\/ballantines-17-nam-750ml\/#breadcrumb"},"inLanguage":"vi","potentialAction":[{"@type":"ReadAction","target":["https:\/\/rwinevietnam.com\/home\/ballantines-17-nam-750ml\/"]}]},{"@type":"ImageObject","inLanguage":"vi","@id":"https:\/\/rwinevietnam.com\/home\/ballantines-17-nam-750ml\/#primaryimage","url":"https:\/\/rwinevietnam.com\/home\/wp-content\/uploads\/2023\/08\/ballantines-17-550x550-1.jpg","contentUrl":"https:\/\/rwinevietnam.com\/home\/wp-content\/uploads\/2023\/08\/ballantines-17-550x550-1.jpg","width":550,"height":550},{"@type":"BreadcrumbList","@id":"https:\/\/rwinevietnam.com\/home\/ballantines-17-nam-750ml\/#breadcrumb","itemListElement":[{"@type":"ListItem","position":1,"name":"Trang ch\u1ee7","item":"https:\/\/rwinevietnam.com\/home\/"},{"@type":"ListItem","position":2,"name":"S\u1ea3n ph\u1ea9m","item":"https:\/\/rwinevietnam.com\/home\/san-pham\/"},{"@type":"ListItem","position":3,"name":"BALLANTINES 17 N\u0102M 750ML"}]},{"@type":"WebSite","@id":"https:\/\/rwinevietnam.com\/home\/#website","url":"https:\/\/rwinevietnam.com\/home\/","name":"R.WINE","description":"C\u00d4NG TY C\u1ed4 PH\u1ea6N XU\u1ea4T KH\u1ea8U NH\u1eacP KH\u1ea8U","potentialAction":[{"@type":"SearchAction","target":{"@type":"EntryPoint","urlTemplate":"https:\/\/rwinevietnam.com\/home\/?s={search_term_string}"},"query-input":{"@type":"PropertyValueSpecification","valueRequired":true,"valueName":"search_term_string"}}],"inLanguage":"vi"}]}},"_links":{"self":[{"href":"https:\/\/rwinevietnam.com\/home\/wp-json\/wp\/v2\/product\/795","targetHints":{"allow":["GET"]}}],"collection":[{"href":"https:\/\/rwinevietnam.com\/home\/wp-json\/wp\/v2\/product"}],"about":[{"href":"https:\/\/rwinevietnam.com\/home\/wp-json\/wp\/v2\/types\/product"}],"replies":[{"embeddable":true,"href":"https:\/\/rwinevietnam.com\/home\/wp-json\/wp\/v2\/comments?post=795"}],"wp:featuredmedia":[{"embeddable":true,"href":"https:\/\/rwinevietnam.com\/home\/wp-json\/wp\/v2\/media\/796"}],"wp:attachment":[{"href":"https:\/\/rwinevietnam.com\/home\/wp-json\/wp\/v2\/media?parent=795"}],"wp:term":[{"taxonomy":"product_brand","embeddable":true,"href":"https:\/\/rwinevietnam.com\/home\/wp-json\/wp\/v2\/product_brand?post=795"},{"taxonomy":"product_cat","embeddable":true,"href":"https:\/\/rwinevietnam.com\/home\/wp-json\/wp\/v2\/product_cat?post=795"},{"taxonomy":"product_tag","embeddable":true,"href":"https:\/\/rwinevietnam.com\/home\/wp-json\/wp\/v2\/product_tag?post=795"}],"curies":[{"name":"wp","href":"https:\/\/api.w.org\/{rel}","templated":true}]}}