{"id":768,"date":"2023-08-07T09:17:32","date_gmt":"2023-08-07T09:17:32","guid":{"rendered":"https:\/\/rwinevietnam.com\/home\/?post_type=product&#038;p=768"},"modified":"2023-08-07T09:17:32","modified_gmt":"2023-08-07T09:17:32","slug":"ruou-vang-luna-rosso-dolce-limited-edition","status":"publish","type":"product","link":"https:\/\/rwinevietnam.com\/home\/ruou-vang-luna-rosso-dolce-limited-edition\/","title":{"rendered":"R\u01b0\u1ee3u vang Luna Rosso Dolce Limited Edition"},"content":{"rendered":"<h2><strong>1. Gi\u1edbi thi\u1ec7u\u00a0<\/strong><\/h2>\n<h2><strong style=\"color: #555555; font-size: 14.4px;\">R\u01b0\u1ee3u vang Luna Rosso Dolce Limited Edition <\/strong><span style=\"color: #555555; font-size: 14.4px;\">ng\u1ecdt l\u00e0 d\u00f2ng vang \u0111\u01b0\u1ee3c nhi\u1ec1u t\u00edn \u0111\u1ed3 r\u01b0\u1ee3u vang l\u1ef1a ch\u1ecdn \u0111\u1eb7c bi\u1ec7t l\u00e0 ph\u00e1i \u0111\u1eb9p b\u1edfi n\u1ed3ng \u0111\u1ed9 nh\u1eb9 v\u00e0 d\u01b0 v\u1ecb h\u1ea5p d\u1eabn.\u00a0<\/span><span style=\"color: #555555; font-size: 14.4px;\">D\u00f2ng vang n\u00e0y \u0111\u01b0\u1ee3c gi\u1edbi chuy\u00ean gia \u0111\u00e1nh gi\u00e1 t\u1ed1t v\u00e0 lu\u00f4n \u0111\u01b0\u1ee3c s\u0103n \u0111\u00f3n tr\u00ean th\u1ecb tr\u01b0\u1eddng vang nh\u1eadp kh\u1ea9u\u00a0 trong n\u01b0\u1edbc.<\/span><\/h2>\n<figure id=\"attachment_5982\" class=\"wp-caption aligncenter\" aria-describedby=\"caption-attachment-5982\"><img loading=\"lazy\" decoding=\"async\" class=\"alignnone size-medium wp-image-760\" src=\"https:\/\/rwinevietnam.com\/home\/wp-content\/uploads\/2023\/08\/luna-2-225x300.jpg\" alt=\"\" width=\"225\" height=\"300\" srcset=\"https:\/\/rwinevietnam.com\/home\/wp-content\/uploads\/2023\/08\/luna-2-225x300.jpg 225w, https:\/\/rwinevietnam.com\/home\/wp-content\/uploads\/2023\/08\/luna-2-768x1024.jpg 768w, https:\/\/rwinevietnam.com\/home\/wp-content\/uploads\/2023\/08\/luna-2-1152x1536.jpg 1152w, https:\/\/rwinevietnam.com\/home\/wp-content\/uploads\/2023\/08\/luna-2-1536x2048.jpg 1536w, https:\/\/rwinevietnam.com\/home\/wp-content\/uploads\/2023\/08\/luna-2-300x400.jpg 300w, https:\/\/rwinevietnam.com\/home\/wp-content\/uploads\/2023\/08\/luna-2-600x800.jpg 600w, https:\/\/rwinevietnam.com\/home\/wp-content\/uploads\/2023\/08\/luna-2.jpg 1920w\" sizes=\"auto, (max-width: 225px) 100vw, 225px\" \/><figcaption id=\"caption-attachment-5982\" class=\"wp-caption-text\"><\/figcaption><\/figure>\n<h2><strong>2. Quy tr\u00ecnh s\u1ea3n xu\u1ea5t\u00a0<\/strong><\/h2>\n<p><strong>R\u01b0\u1ee3u vang Luna Rosso Dolce Limited Edition <\/strong>tr\u1ea3i qua\u00a0 quy tr\u00ecnh ch\u1ecdn l\u1ecdc gi\u1ed1ng nho, th\u1eddi gian \u1ee7 chu\u1ea9n theo c\u00e1c c\u00f4ng \u0111o\u1ea1n s\u1ea3n xu\u1ea5t m\u1ed9t lo\u1ea1i vang th\u01b0\u1ee3ng h\u1ea1ng tr\u00ean v\u00f9ng ch\u1ea5t Italy.<\/p>\n<p>V\u1edbi nh\u1eefng chai\u00a0vang\u00a0\u0111\u01b0\u1ee3c ng\u00e2m \u1ee7 trong th\u00f9ng g\u1ed7 s\u1ed3i, v\u1ecb ch\u00e1t tannin qua th\u1eddi gian s\u1ebd tr\u1edf n\u00ean m\u1ec1m m\u1ea1i, tr\u00f2n \u0111\u1ea7y, c\u00f9ng v\u1ecb g\u1ed7 s\u1ed3i n\u01b0\u1edbng thanh l\u1ecbch \u0111\u00e3 t\u1ea1o n\u00ean d\u00f2ng vang \u0111\u1eadm \u0111\u00e0, d\u1ec5 u\u1ed1ng.<\/p>\n<figure id=\"attachment_5165\" class=\"wp-caption aligncenter\" aria-describedby=\"caption-attachment-5165\">\n<figure id=\"attachment_769\" aria-describedby=\"caption-attachment-769\" style=\"width: 1020px\" class=\"wp-caption aligncenter\"><img loading=\"lazy\" decoding=\"async\" class=\"wp-image-769 size-large\" src=\"https:\/\/rwinevietnam.com\/home\/wp-content\/uploads\/2023\/08\/quy-trinh-san-xuat-ruou-vang-1024x768.jpg\" alt=\"\" width=\"1020\" height=\"765\" srcset=\"https:\/\/rwinevietnam.com\/home\/wp-content\/uploads\/2023\/08\/quy-trinh-san-xuat-ruou-vang-1024x768.jpg 1024w, https:\/\/rwinevietnam.com\/home\/wp-content\/uploads\/2023\/08\/quy-trinh-san-xuat-ruou-vang-300x225.jpg 300w, https:\/\/rwinevietnam.com\/home\/wp-content\/uploads\/2023\/08\/quy-trinh-san-xuat-ruou-vang-768x576.jpg 768w, https:\/\/rwinevietnam.com\/home\/wp-content\/uploads\/2023\/08\/quy-trinh-san-xuat-ruou-vang-600x450.jpg 600w, https:\/\/rwinevietnam.com\/home\/wp-content\/uploads\/2023\/08\/quy-trinh-san-xuat-ruou-vang.jpg 1200w\" sizes=\"auto, (max-width: 1020px) 100vw, 1020px\" \/><figcaption id=\"caption-attachment-769\" class=\"wp-caption-text\"><span style=\"color: #555555; font-size: 14.4px;\">M\u1ecdi quy tr\u00ecnh s\u1ea3n xu\u1ea5t \u0111\u1ec1u \u0111\u01b0\u1ee3c gi\u00e1m s\u00e1t ch\u1eb7t ch\u1ebd \u0111\u1ec3 \u0111\u1ea3m b\u1ea3o mang t\u1edbi nh\u1eefng chai vang ch\u1ea5t l\u01b0\u1ee3ng nh\u1ea5t.<\/span><\/figcaption><\/figure><\/figure>\n<h2><strong>3. H\u01b0\u01a1ng v\u1ecb\u00a0<\/strong><\/h2>\n<p><strong>R\u01b0\u1ee3u vang Luna Rosso Dolce Limited Edition <\/strong>c\u00f3 m\u00e0u \u0111\u1ecf Ruby th\u1eabm, v\u1ecb ng\u1ecdt thanh m\u00e1t. D\u01b0 v\u1ecb vang c\u00f3 s\u1ef1 k\u1ebft h\u1ee3p h\u00e0i h\u00f2a gi\u1eefa h\u01b0\u01a1ng nho ch\u00edn v\u00e0 d\u00e2u \u0111\u1ea5t t\u1ea1o v\u1ecb c\u00e2n b\u1eb1ng trong v\u00f2m mi\u1ec7ng m\u1ed7i khi th\u01b0\u1edfng th\u1ee9c.<\/p>\n<p>Vang c\u00f3 n\u1ed3ng \u0111\u1ed9 th\u1ea5p ch\u1ec9 12,5% t\u1ea1o h\u1eadu v\u1ecb d\u1ec5 ch\u1ecbu ph\u00f9 h\u1ee3p v\u1edbi m\u1ecdi \u0111\u1ed1i t\u01b0\u1ee3ng \u0111\u1eb7c bi\u1ec7t l\u00e0 ch\u1ecb em ph\u1ee5 n\u1eef.<\/p>\n<p>.<\/p>\n","protected":false},"excerpt":{"rendered":"<div class=\"product-short-description\">\n<p>&nbsp;<\/p>\n<\/div>\n<div class=\"product-attribute product-attribute-hz\">\n<div class=\"row\">\n<div class=\"product-attribute__item small-4 pa_giong-nho\">\n<div class=\"pa-icon\"><img decoding=\"async\" src=\"https:\/\/winecellar.vn\/wp-content\/themes\/winecellarvn\/assets\/icons\/svg\/pa_giong-nho.svg\" alt=\"Gi\u1ed1ng nho\" \/><\/div>\n<div class=\"pa-info\">\n<div class=\"pa-info__label\">GI\u1ed0NG NHO<\/div>\n<div class=\"pa-info__value\">\n<p><a href=\"http:\/\/rwinevietnam.com\/\">Rosso Blend\u00a0<\/a><\/p>\n<\/div>\n<\/div>\n<\/div>\n<div class=\"product-attribute__item small-4 pa_loai-vang\">\n<div class=\"pa-icon\"><img decoding=\"async\" src=\"https:\/\/winecellar.vn\/wp-content\/themes\/winecellarvn\/assets\/icons\/svg\/pa_loai-vang.svg\" alt=\"Lo\u1ea1i vang\" \/><\/div>\n<div class=\"pa-info\">\n<div class=\"pa-info__label\">LO\u1ea0I VANG<\/div>\n<div class=\"pa-info__value\">\n<p>Vang ng\u1ecdt \u0111\u1ecf<\/p>\n<\/div>\n<\/div>\n<\/div>\n<div class=\"product-attribute__item small-4 pa_quoc-gia\">\n<div class=\"pa-icon\"><img decoding=\"async\" src=\"https:\/\/winecellar.vn\/wp-content\/themes\/winecellarvn\/assets\/icons\/svg\/pa_quoc-gia.svg\" alt=\"Qu\u1ed1c gia\" \/><\/div>\n<div class=\"pa-info\">\n<div class=\"pa-info__label\">QU\u1ed0C GIA<\/div>\n<div class=\"pa-info__value\">\n<p><a href=\"http:\/\/rwinevietnam.com\/\">VANG \u00dd<\/a><\/p>\n<\/div>\n<\/div>\n<\/div>\n<div class=\"product-attribute__item small-4 pa_nong-do\">\n<div class=\"pa-icon\"><img decoding=\"async\" src=\"https:\/\/winecellar.vn\/wp-content\/themes\/winecellarvn\/assets\/icons\/svg\/pa_nong-do.svg\" alt=\"N\u1ed3ng \u0111\u1ed9\" \/><\/div>\n<div class=\"pa-info\">\n<div class=\"pa-info__label\">N\u1ed2NG \u0110\u1ed8<\/div>\n<div class=\"pa-info__value\">\n<p>12.5% ABV*<\/p>\n<\/div>\n<\/div>\n<\/div>\n<div class=\"product-attribute__item small-4 pa_dung-tich\">\n<div class=\"pa-icon\"><img decoding=\"async\" src=\"https:\/\/winecellar.vn\/wp-content\/themes\/winecellarvn\/assets\/icons\/svg\/pa_dung-tich.svg\" alt=\"Dung t\u00edch\" \/><\/div>\n<div class=\"pa-info\">\n<div class=\"pa-info__label\">DUNG T\u00cdCH:750ML<\/div>\n<\/div>\n<\/div>\n<\/div>\n<\/div>\n","protected":false},"featured_media":766,"comment_status":"closed","ping_status":"closed","template":"","meta":{"_acf_changed":false},"product_brand":[],"product_cat":[76,61,27,68,29,60],"product_tag":[152,150,151,153],"class_list":{"0":"post-768","1":"product","2":"type-product","3":"status-publish","4":"has-post-thumbnail","6":"product_cat-giong-nho","7":"product_cat-loai-vang","8":"product_cat-ruou-vang","9":"product_cat-vang-ngot","10":"product_cat-vang-y","11":"product_cat-xuat-xu","12":"product_tag-cac-loai-vang-ngot","13":"product_tag-ruou-vang-luna-rosso-dolce-limited-edition","14":"product_tag-ruou-vang-ngot","15":"product_tag-vang-y","17":"first","18":"instock","19":"shipping-taxable","20":"product-type-simple"},"acf":[],"yoast_head":"<!-- This site is optimized with the Yoast SEO plugin v26.8 - https:\/\/yoast.com\/product\/yoast-seo-wordpress\/ -->\n<title>R\u01b0\u1ee3u vang Luna Rosso Dolce Limited Edition gi\u00e1 bao nhi\u00eau<\/title>\n<meta name=\"description\" content=\"R\u01b0\u1ee3u vang Luna Rosso Dolce Limited Edition,r\u01b0\u1ee3u vang ng\u1ecdt ,r\u01b0\u1ee3u vang ng\u1ecdt,c\u00e1c lo\u1ea1i vang ng\u1ecdt, c\u00e1c lo\u1ea1i vang ng\u1ecdt,vang \u00fd ,vang \u00fd\" \/>\n<meta name=\"robots\" content=\"noindex, follow\" \/>\n<meta property=\"og:locale\" content=\"vi_VN\" \/>\n<meta property=\"og:type\" content=\"article\" \/>\n<meta property=\"og:title\" content=\"R\u01b0\u1ee3u vang Luna Rosso Dolce Limited Edition gi\u00e1 bao nhi\u00eau\" \/>\n<meta property=\"og:description\" content=\"R\u01b0\u1ee3u vang Luna Rosso Dolce Limited Edition,r\u01b0\u1ee3u vang ng\u1ecdt ,r\u01b0\u1ee3u vang ng\u1ecdt,c\u00e1c lo\u1ea1i vang ng\u1ecdt, c\u00e1c lo\u1ea1i vang ng\u1ecdt,vang \u00fd ,vang \u00fd\" \/>\n<meta property=\"og:url\" content=\"https:\/\/rwinevietnam.com\/home\/ruou-vang-luna-rosso-dolce-limited-edition\/\" \/>\n<meta property=\"og:site_name\" content=\"R.WINE\" \/>\n<meta property=\"og:image\" content=\"https:\/\/rwinevietnam.com\/home\/wp-content\/uploads\/2023\/08\/anh-luna-dai-dien-nen-trang.jpg\" \/>\n\t<meta property=\"og:image:width\" content=\"800\" \/>\n\t<meta property=\"og:image:height\" content=\"800\" \/>\n\t<meta property=\"og:image:type\" content=\"image\/jpeg\" \/>\n<meta name=\"twitter:card\" content=\"summary_large_image\" \/>\n<script type=\"application\/ld+json\" class=\"yoast-schema-graph\">{\"@context\":\"https:\/\/schema.org\",\"@graph\":[{\"@type\":\"WebPage\",\"@id\":\"https:\/\/rwinevietnam.com\/home\/ruou-vang-luna-rosso-dolce-limited-edition\/\",\"url\":\"https:\/\/rwinevietnam.com\/home\/ruou-vang-luna-rosso-dolce-limited-edition\/\",\"name\":\"R\u01b0\u1ee3u vang Luna Rosso Dolce Limited Edition gi\u00e1 bao nhi\u00eau\",\"isPartOf\":{\"@id\":\"https:\/\/rwinevietnam.com\/home\/#website\"},\"primaryImageOfPage\":{\"@id\":\"https:\/\/rwinevietnam.com\/home\/ruou-vang-luna-rosso-dolce-limited-edition\/#primaryimage\"},\"image\":{\"@id\":\"https:\/\/rwinevietnam.com\/home\/ruou-vang-luna-rosso-dolce-limited-edition\/#primaryimage\"},\"thumbnailUrl\":\"https:\/\/rwinevietnam.com\/home\/wp-content\/uploads\/2023\/08\/anh-luna-dai-dien-nen-trang.jpg\",\"datePublished\":\"2023-08-07T09:17:32+00:00\",\"description\":\"R\u01b0\u1ee3u vang Luna Rosso Dolce Limited Edition,r\u01b0\u1ee3u vang ng\u1ecdt ,r\u01b0\u1ee3u vang ng\u1ecdt,c\u00e1c lo\u1ea1i vang ng\u1ecdt, c\u00e1c lo\u1ea1i vang ng\u1ecdt,vang \u00fd ,vang \u00fd\",\"breadcrumb\":{\"@id\":\"https:\/\/rwinevietnam.com\/home\/ruou-vang-luna-rosso-dolce-limited-edition\/#breadcrumb\"},\"inLanguage\":\"vi\",\"potentialAction\":[{\"@type\":\"ReadAction\",\"target\":[\"https:\/\/rwinevietnam.com\/home\/ruou-vang-luna-rosso-dolce-limited-edition\/\"]}]},{\"@type\":\"ImageObject\",\"inLanguage\":\"vi\",\"@id\":\"https:\/\/rwinevietnam.com\/home\/ruou-vang-luna-rosso-dolce-limited-edition\/#primaryimage\",\"url\":\"https:\/\/rwinevietnam.com\/home\/wp-content\/uploads\/2023\/08\/anh-luna-dai-dien-nen-trang.jpg\",\"contentUrl\":\"https:\/\/rwinevietnam.com\/home\/wp-content\/uploads\/2023\/08\/anh-luna-dai-dien-nen-trang.jpg\",\"width\":800,\"height\":800},{\"@type\":\"BreadcrumbList\",\"@id\":\"https:\/\/rwinevietnam.com\/home\/ruou-vang-luna-rosso-dolce-limited-edition\/#breadcrumb\",\"itemListElement\":[{\"@type\":\"ListItem\",\"position\":1,\"name\":\"Trang ch\u1ee7\",\"item\":\"https:\/\/rwinevietnam.com\/home\/\"},{\"@type\":\"ListItem\",\"position\":2,\"name\":\"S\u1ea3n ph\u1ea9m\",\"item\":\"https:\/\/rwinevietnam.com\/home\/san-pham\/\"},{\"@type\":\"ListItem\",\"position\":3,\"name\":\"R\u01b0\u1ee3u vang Luna Rosso Dolce Limited Edition\"}]},{\"@type\":\"WebSite\",\"@id\":\"https:\/\/rwinevietnam.com\/home\/#website\",\"url\":\"https:\/\/rwinevietnam.com\/home\/\",\"name\":\"R.WINE\",\"description\":\"C\u00d4NG TY C\u1ed4 PH\u1ea6N XU\u1ea4T KH\u1ea8U NH\u1eacP KH\u1ea8U\",\"potentialAction\":[{\"@type\":\"SearchAction\",\"target\":{\"@type\":\"EntryPoint\",\"urlTemplate\":\"https:\/\/rwinevietnam.com\/home\/?s={search_term_string}\"},\"query-input\":{\"@type\":\"PropertyValueSpecification\",\"valueRequired\":true,\"valueName\":\"search_term_string\"}}],\"inLanguage\":\"vi\"}]}<\/script>\n<!-- \/ Yoast SEO plugin. -->","yoast_head_json":{"title":"R\u01b0\u1ee3u vang Luna Rosso Dolce Limited Edition gi\u00e1 bao nhi\u00eau","description":"R\u01b0\u1ee3u vang Luna Rosso Dolce Limited Edition,r\u01b0\u1ee3u vang ng\u1ecdt ,r\u01b0\u1ee3u vang ng\u1ecdt,c\u00e1c lo\u1ea1i vang ng\u1ecdt, c\u00e1c lo\u1ea1i vang ng\u1ecdt,vang \u00fd ,vang \u00fd","robots":{"index":"noindex","follow":"follow"},"og_locale":"vi_VN","og_type":"article","og_title":"R\u01b0\u1ee3u vang Luna Rosso Dolce Limited Edition gi\u00e1 bao nhi\u00eau","og_description":"R\u01b0\u1ee3u vang Luna Rosso Dolce Limited Edition,r\u01b0\u1ee3u vang ng\u1ecdt ,r\u01b0\u1ee3u vang ng\u1ecdt,c\u00e1c lo\u1ea1i vang ng\u1ecdt, c\u00e1c lo\u1ea1i vang ng\u1ecdt,vang \u00fd ,vang \u00fd","og_url":"https:\/\/rwinevietnam.com\/home\/ruou-vang-luna-rosso-dolce-limited-edition\/","og_site_name":"R.WINE","og_image":[{"width":800,"height":800,"url":"https:\/\/rwinevietnam.com\/home\/wp-content\/uploads\/2023\/08\/anh-luna-dai-dien-nen-trang.jpg","type":"image\/jpeg"}],"twitter_card":"summary_large_image","schema":{"@context":"https:\/\/schema.org","@graph":[{"@type":"WebPage","@id":"https:\/\/rwinevietnam.com\/home\/ruou-vang-luna-rosso-dolce-limited-edition\/","url":"https:\/\/rwinevietnam.com\/home\/ruou-vang-luna-rosso-dolce-limited-edition\/","name":"R\u01b0\u1ee3u vang Luna Rosso Dolce Limited Edition gi\u00e1 bao nhi\u00eau","isPartOf":{"@id":"https:\/\/rwinevietnam.com\/home\/#website"},"primaryImageOfPage":{"@id":"https:\/\/rwinevietnam.com\/home\/ruou-vang-luna-rosso-dolce-limited-edition\/#primaryimage"},"image":{"@id":"https:\/\/rwinevietnam.com\/home\/ruou-vang-luna-rosso-dolce-limited-edition\/#primaryimage"},"thumbnailUrl":"https:\/\/rwinevietnam.com\/home\/wp-content\/uploads\/2023\/08\/anh-luna-dai-dien-nen-trang.jpg","datePublished":"2023-08-07T09:17:32+00:00","description":"R\u01b0\u1ee3u vang Luna Rosso Dolce Limited Edition,r\u01b0\u1ee3u vang ng\u1ecdt ,r\u01b0\u1ee3u vang ng\u1ecdt,c\u00e1c lo\u1ea1i vang ng\u1ecdt, c\u00e1c lo\u1ea1i vang ng\u1ecdt,vang \u00fd ,vang \u00fd","breadcrumb":{"@id":"https:\/\/rwinevietnam.com\/home\/ruou-vang-luna-rosso-dolce-limited-edition\/#breadcrumb"},"inLanguage":"vi","potentialAction":[{"@type":"ReadAction","target":["https:\/\/rwinevietnam.com\/home\/ruou-vang-luna-rosso-dolce-limited-edition\/"]}]},{"@type":"ImageObject","inLanguage":"vi","@id":"https:\/\/rwinevietnam.com\/home\/ruou-vang-luna-rosso-dolce-limited-edition\/#primaryimage","url":"https:\/\/rwinevietnam.com\/home\/wp-content\/uploads\/2023\/08\/anh-luna-dai-dien-nen-trang.jpg","contentUrl":"https:\/\/rwinevietnam.com\/home\/wp-content\/uploads\/2023\/08\/anh-luna-dai-dien-nen-trang.jpg","width":800,"height":800},{"@type":"BreadcrumbList","@id":"https:\/\/rwinevietnam.com\/home\/ruou-vang-luna-rosso-dolce-limited-edition\/#breadcrumb","itemListElement":[{"@type":"ListItem","position":1,"name":"Trang ch\u1ee7","item":"https:\/\/rwinevietnam.com\/home\/"},{"@type":"ListItem","position":2,"name":"S\u1ea3n ph\u1ea9m","item":"https:\/\/rwinevietnam.com\/home\/san-pham\/"},{"@type":"ListItem","position":3,"name":"R\u01b0\u1ee3u vang Luna Rosso Dolce Limited Edition"}]},{"@type":"WebSite","@id":"https:\/\/rwinevietnam.com\/home\/#website","url":"https:\/\/rwinevietnam.com\/home\/","name":"R.WINE","description":"C\u00d4NG TY C\u1ed4 PH\u1ea6N XU\u1ea4T KH\u1ea8U NH\u1eacP KH\u1ea8U","potentialAction":[{"@type":"SearchAction","target":{"@type":"EntryPoint","urlTemplate":"https:\/\/rwinevietnam.com\/home\/?s={search_term_string}"},"query-input":{"@type":"PropertyValueSpecification","valueRequired":true,"valueName":"search_term_string"}}],"inLanguage":"vi"}]}},"_links":{"self":[{"href":"https:\/\/rwinevietnam.com\/home\/wp-json\/wp\/v2\/product\/768","targetHints":{"allow":["GET"]}}],"collection":[{"href":"https:\/\/rwinevietnam.com\/home\/wp-json\/wp\/v2\/product"}],"about":[{"href":"https:\/\/rwinevietnam.com\/home\/wp-json\/wp\/v2\/types\/product"}],"replies":[{"embeddable":true,"href":"https:\/\/rwinevietnam.com\/home\/wp-json\/wp\/v2\/comments?post=768"}],"wp:featuredmedia":[{"embeddable":true,"href":"https:\/\/rwinevietnam.com\/home\/wp-json\/wp\/v2\/media\/766"}],"wp:attachment":[{"href":"https:\/\/rwinevietnam.com\/home\/wp-json\/wp\/v2\/media?parent=768"}],"wp:term":[{"taxonomy":"product_brand","embeddable":true,"href":"https:\/\/rwinevietnam.com\/home\/wp-json\/wp\/v2\/product_brand?post=768"},{"taxonomy":"product_cat","embeddable":true,"href":"https:\/\/rwinevietnam.com\/home\/wp-json\/wp\/v2\/product_cat?post=768"},{"taxonomy":"product_tag","embeddable":true,"href":"https:\/\/rwinevietnam.com\/home\/wp-json\/wp\/v2\/product_tag?post=768"}],"curies":[{"name":"wp","href":"https:\/\/api.w.org\/{rel}","templated":true}]}}