{"id":751,"date":"2023-08-07T05:20:42","date_gmt":"2023-08-07T05:20:42","guid":{"rendered":"https:\/\/rwinevietnam.com\/home\/?post_type=product&#038;p=751"},"modified":"2023-08-07T05:20:43","modified_gmt":"2023-08-07T05:20:43","slug":"ruou-vang-terra-matrix-primitivo-di-manduria","status":"publish","type":"product","link":"https:\/\/rwinevietnam.com\/home\/ruou-vang-terra-matrix-primitivo-di-manduria\/","title":{"rendered":"R\u01b0\u1ee3u Vang Terra Matrix Primitivo Di Manduria"},"content":{"rendered":"<p><a href=\"http:\/\/rwinevietnam.com\" target=\"_blank\" rel=\"noopener\"><strong>R\u01b0\u1ee3u vang \u00dd Terra Matrix Limited Edition<\/strong><\/a>\u00a0l\u00e0 m\u1ed9t lo\u1ea1i r\u01b0\u1ee3u vang cao c\u1ea5p, \u0111\u01b0\u1ee3c s\u1ea3n xu\u1ea5t t\u1eeb nho \u0111\u1ecf ch\u1ee7 y\u1ebfu l\u00e0\u00a0<a href=\"http:\/\/rwinevietnam.com\" target=\"_blank\" rel=\"noopener\">Cabernet Sauvignon<\/a>\u00a0v\u00e0\u00a0<a href=\"http:\/\/rwinevietnam.com\" target=\"_blank\" rel=\"noopener\">Merlot<\/a>, \u0111\u01b0\u1ee3c tr\u1ed3ng tr\u00ean v\u00f9ng \u0111\u1ea5t ph\u00eda T\u00e2y Sicily c\u1ee7a \u00dd. \u0110\u00e2y l\u00e0 m\u1ed9t lo\u1ea1i r\u01b0\u1ee3u vang \u0111\u1ecf kh\u00f4, v\u1edbi h\u01b0\u01a1ng th\u01a1m ph\u1ee9c h\u1ee3p c\u1ee7a c\u00e1c lo\u1ea1i tr\u00e1i c\u00e2y \u0111\u1ecf ch\u00edn, gia v\u1ecb v\u00e0 g\u1ed7 s\u1ed3i. Terra Matrix Limited Edition c\u00f3 v\u1ecb \u0111\u1eadm \u0111\u00e0 v\u00e0 tannin t\u1ed1t, \u0111\u1ed9 c\u00e2n b\u1eb1ng ho\u00e0n h\u1ea3o v\u00e0 k\u1ebft th\u00fac k\u00e9o d\u00e0i. \u0110\u00e2y l\u00e0 m\u1ed9t s\u1ea3n ph\u1ea9m r\u01b0\u1ee3u vang \u0111\u1ed9c \u0111\u00e1o v\u00e0 \u0111\u1eb3ng c\u1ea5p, \u0111\u01b0\u1ee3c s\u1ea3n xu\u1ea5t gi\u1edbi h\u1ea1n v\u1edbi s\u1ed1 l\u01b0\u1ee3ng chai gi\u1edbi h\u1ea1n v\u00e0 th\u01b0\u1eddng \u0111\u01b0\u1ee3c \u01b0a chu\u1ed9ng trong c\u00e1c d\u1ecbp \u0111\u1eb7c bi\u1ec7t.<\/p>\n<p><img loading=\"lazy\" decoding=\"async\" class=\"aligncenter wp-image-753 size-large\" src=\"https:\/\/rwinevietnam.com\/home\/wp-content\/uploads\/2023\/08\/terra-5-768x1024.jpg\" alt=\"\" width=\"768\" height=\"1024\" srcset=\"https:\/\/rwinevietnam.com\/home\/wp-content\/uploads\/2023\/08\/terra-5-768x1024.jpg 768w, https:\/\/rwinevietnam.com\/home\/wp-content\/uploads\/2023\/08\/terra-5-225x300.jpg 225w, https:\/\/rwinevietnam.com\/home\/wp-content\/uploads\/2023\/08\/terra-5-1152x1536.jpg 1152w, https:\/\/rwinevietnam.com\/home\/wp-content\/uploads\/2023\/08\/terra-5-1536x2048.jpg 1536w, https:\/\/rwinevietnam.com\/home\/wp-content\/uploads\/2023\/08\/terra-5-300x400.jpg 300w, https:\/\/rwinevietnam.com\/home\/wp-content\/uploads\/2023\/08\/terra-5-600x800.jpg 600w, https:\/\/rwinevietnam.com\/home\/wp-content\/uploads\/2023\/08\/terra-5.jpg 1920w\" sizes=\"auto, (max-width: 768px) 100vw, 768px\" \/><\/p>\n<div class=\"d9FyLd\"><span style=\"font-size: 140%;\"><strong>\u0110\u1eb7c tr\u01b0ng vang \u00fd terra matrix limited edition<\/strong><\/span><\/div>\n<p><span class=\"hgKElc\"><b>Nhi\u1ec7t \u0111\u1ed9 l\u00ean men \u1edf ch\u1ebf \u0111\u1ed9 \u0111\u01b0\u1ee3c ki\u1ec3m so\u00e1t t\u1eeb 24-26 \u0111\u1ed9 C<\/b>. Trong nh\u1eefng tank inox b\u1eb1ng th\u00e9p kh\u00f4ng r\u1ec9. Sau qu\u00e1 tr\u00ecnh l\u00ean men ch\u00ednh k\u1ebft th\u00fac. R\u01b0\u1ee3u \u0111\u01b0\u1ee3c chuy\u1ec3n sang ng\u00e2m \u1ee7 trong c\u00e1c th\u00f9ng g\u1ed7 s\u1ed3i c\u1ee7a Ph\u00e1p t\u1eeb 8 \u0111\u1ebfn 12 th\u00e1ng tr\u01b0\u1edbc khi \u0111\u01b0\u1ee3c \u0111\u01b0a ra th\u1ecb tr\u01b0\u1eddng.<\/span><\/p>\n","protected":false},"excerpt":{"rendered":"<div class=\"product-short-description\">\n<p>&nbsp;<\/p>\n<\/div>\n<div class=\"product-attribute product-attribute-hz\">\n<div class=\"row\">\n<div class=\"product-attribute__item small-4 pa_giong-nho\">\n<div class=\"pa-icon\"><img decoding=\"async\" src=\"https:\/\/winecellar.vn\/wp-content\/themes\/winecellarvn\/assets\/icons\/svg\/pa_giong-nho.svg\" alt=\"Gi\u1ed1ng nho\" \/><\/div>\n<div class=\"pa-info\">\n<div class=\"pa-info__label\">GI\u1ed0NG NHO<\/div>\n<div class=\"pa-info__value\">\n<p><a href=\"http:\/\/rwinevietnam.com\">Primitivo\u00a0<\/a><\/p>\n<\/div>\n<\/div>\n<\/div>\n<div class=\"product-attribute__item small-4 pa_loai-vang\">\n<div class=\"pa-icon\"><img decoding=\"async\" src=\"https:\/\/winecellar.vn\/wp-content\/themes\/winecellarvn\/assets\/icons\/svg\/pa_loai-vang.svg\" alt=\"Lo\u1ea1i vang\" \/><\/div>\n<div class=\"pa-info\">\n<div class=\"pa-info__label\">LO\u1ea0I VANG<\/div>\n<div class=\"pa-info__value\">\n<p>Vang \u0111\u1ecf<\/p>\n<\/div>\n<\/div>\n<\/div>\n<div class=\"product-attribute__item small-4 pa_quoc-gia\">\n<div class=\"pa-icon\"><img decoding=\"async\" src=\"https:\/\/winecellar.vn\/wp-content\/themes\/winecellarvn\/assets\/icons\/svg\/pa_quoc-gia.svg\" alt=\"Qu\u1ed1c gia\" \/><\/div>\n<div class=\"pa-info\">\n<div class=\"pa-info__label\">QU\u1ed0C GIA<\/div>\n<div class=\"pa-info__value\">\n<p><a href=\"http:\/\/rwinevietnam.com\">VANG \u00dd<\/a><\/p>\n<\/div>\n<\/div>\n<\/div>\n<div class=\"product-attribute__item small-4 pa_nong-do\">\n<div class=\"pa-icon\"><img decoding=\"async\" src=\"https:\/\/winecellar.vn\/wp-content\/themes\/winecellarvn\/assets\/icons\/svg\/pa_nong-do.svg\" alt=\"N\u1ed3ng \u0111\u1ed9\" \/><\/div>\n<div class=\"pa-info\">\n<div class=\"pa-info__label\">N\u1ed2NG \u0110\u1ed8<\/div>\n<div class=\"pa-info__value\">\n<p>14.5% ABV*<\/p>\n<\/div>\n<\/div>\n<\/div>\n<div class=\"product-attribute__item small-4 pa_dung-tich\">\n<div class=\"pa-icon\"><img decoding=\"async\" src=\"https:\/\/winecellar.vn\/wp-content\/themes\/winecellarvn\/assets\/icons\/svg\/pa_dung-tich.svg\" alt=\"Dung t\u00edch\" \/><\/div>\n<div class=\"pa-info\">\n<div class=\"pa-info__label\">DUNG T\u00cdCH:750ML<\/div>\n<\/div>\n<\/div>\n<\/div>\n<\/div>\n","protected":false},"featured_media":752,"comment_status":"closed","ping_status":"closed","template":"","meta":{"_acf_changed":false},"product_brand":[],"product_cat":[76,61,80,27,62,29,60],"product_tag":[148,147,146,149],"class_list":{"0":"post-751","1":"product","2":"type-product","3":"status-publish","4":"has-post-thumbnail","6":"product_cat-giong-nho","7":"product_cat-loai-vang","8":"product_cat-primitivo","9":"product_cat-ruou-vang","10":"product_cat-vang-do","11":"product_cat-vang-y","12":"product_cat-xuat-xu","13":"product_tag-cac-loai-ruou-vang-do","14":"product_tag-ruou-vang-do","15":"product_tag-ruou-vang-terra-matrix-primitivo-di-manduria","16":"product_tag-ruou-y","18":"first","19":"instock","20":"shipping-taxable","21":"product-type-simple"},"acf":[],"yoast_head":"<!-- This site is optimized with the Yoast SEO plugin v26.8 - https:\/\/yoast.com\/product\/yoast-seo-wordpress\/ -->\n<title>gi\u00e1 c\u1ee7a r\u01b0\u1ee3u vang Terra Matrix Primitivo Di Manduria l\u00e0 bao nhi\u00eau<\/title>\n<meta name=\"description\" content=\"R\u01b0\u1ee3u Vang Terra Matrix Primitivo Di Manduria,r\u01b0\u1ee3u vang \u0111\u1ecf r\u01b0\u1ee3u vang \u0111\u1ecf, c\u00e1c lo\u1ea1i r\u01b0\u1ee3u vang \u0111\u1ecf c\u00e1c lo\u1ea1i r\u01b0\u1ee3u vang \u0111\u1ecf, r\u01b0\u1ee3u \u00fd r\u01b0\u1ee3u \u00fd,\" \/>\n<meta name=\"robots\" content=\"noindex, follow\" \/>\n<meta property=\"og:locale\" content=\"vi_VN\" \/>\n<meta property=\"og:type\" content=\"article\" \/>\n<meta property=\"og:title\" content=\"gi\u00e1 c\u1ee7a r\u01b0\u1ee3u vang Terra Matrix Primitivo Di Manduria l\u00e0 bao nhi\u00eau\" \/>\n<meta property=\"og:description\" content=\"R\u01b0\u1ee3u Vang Terra Matrix Primitivo Di Manduria,r\u01b0\u1ee3u vang \u0111\u1ecf r\u01b0\u1ee3u vang \u0111\u1ecf, c\u00e1c lo\u1ea1i r\u01b0\u1ee3u vang \u0111\u1ecf c\u00e1c lo\u1ea1i r\u01b0\u1ee3u vang \u0111\u1ecf, r\u01b0\u1ee3u \u00fd r\u01b0\u1ee3u \u00fd,\" \/>\n<meta property=\"og:url\" content=\"https:\/\/rwinevietnam.com\/home\/ruou-vang-terra-matrix-primitivo-di-manduria\/\" \/>\n<meta property=\"og:site_name\" content=\"R.WINE\" \/>\n<meta property=\"article:modified_time\" content=\"2023-08-07T05:20:43+00:00\" \/>\n<meta property=\"og:image\" content=\"https:\/\/rwinevietnam.com\/home\/wp-content\/uploads\/2023\/08\/terra-matrix-dai-dien.jpg\" \/>\n\t<meta property=\"og:image:width\" content=\"500\" \/>\n\t<meta property=\"og:image:height\" content=\"500\" \/>\n\t<meta property=\"og:image:type\" content=\"image\/jpeg\" \/>\n<meta name=\"twitter:card\" content=\"summary_large_image\" \/>\n<script type=\"application\/ld+json\" class=\"yoast-schema-graph\">{\"@context\":\"https:\/\/schema.org\",\"@graph\":[{\"@type\":\"WebPage\",\"@id\":\"https:\/\/rwinevietnam.com\/home\/ruou-vang-terra-matrix-primitivo-di-manduria\/\",\"url\":\"https:\/\/rwinevietnam.com\/home\/ruou-vang-terra-matrix-primitivo-di-manduria\/\",\"name\":\"gi\u00e1 c\u1ee7a r\u01b0\u1ee3u vang Terra Matrix Primitivo Di Manduria l\u00e0 bao nhi\u00eau\",\"isPartOf\":{\"@id\":\"https:\/\/rwinevietnam.com\/home\/#website\"},\"primaryImageOfPage\":{\"@id\":\"https:\/\/rwinevietnam.com\/home\/ruou-vang-terra-matrix-primitivo-di-manduria\/#primaryimage\"},\"image\":{\"@id\":\"https:\/\/rwinevietnam.com\/home\/ruou-vang-terra-matrix-primitivo-di-manduria\/#primaryimage\"},\"thumbnailUrl\":\"https:\/\/rwinevietnam.com\/home\/wp-content\/uploads\/2023\/08\/terra-matrix-dai-dien.jpg\",\"datePublished\":\"2023-08-07T05:20:42+00:00\",\"dateModified\":\"2023-08-07T05:20:43+00:00\",\"description\":\"R\u01b0\u1ee3u Vang Terra Matrix Primitivo Di Manduria,r\u01b0\u1ee3u vang \u0111\u1ecf r\u01b0\u1ee3u vang \u0111\u1ecf, c\u00e1c lo\u1ea1i r\u01b0\u1ee3u vang \u0111\u1ecf c\u00e1c lo\u1ea1i r\u01b0\u1ee3u vang \u0111\u1ecf, r\u01b0\u1ee3u \u00fd r\u01b0\u1ee3u \u00fd,\",\"breadcrumb\":{\"@id\":\"https:\/\/rwinevietnam.com\/home\/ruou-vang-terra-matrix-primitivo-di-manduria\/#breadcrumb\"},\"inLanguage\":\"vi\",\"potentialAction\":[{\"@type\":\"ReadAction\",\"target\":[\"https:\/\/rwinevietnam.com\/home\/ruou-vang-terra-matrix-primitivo-di-manduria\/\"]}]},{\"@type\":\"ImageObject\",\"inLanguage\":\"vi\",\"@id\":\"https:\/\/rwinevietnam.com\/home\/ruou-vang-terra-matrix-primitivo-di-manduria\/#primaryimage\",\"url\":\"https:\/\/rwinevietnam.com\/home\/wp-content\/uploads\/2023\/08\/terra-matrix-dai-dien.jpg\",\"contentUrl\":\"https:\/\/rwinevietnam.com\/home\/wp-content\/uploads\/2023\/08\/terra-matrix-dai-dien.jpg\",\"width\":500,\"height\":500},{\"@type\":\"BreadcrumbList\",\"@id\":\"https:\/\/rwinevietnam.com\/home\/ruou-vang-terra-matrix-primitivo-di-manduria\/#breadcrumb\",\"itemListElement\":[{\"@type\":\"ListItem\",\"position\":1,\"name\":\"Trang ch\u1ee7\",\"item\":\"https:\/\/rwinevietnam.com\/home\/\"},{\"@type\":\"ListItem\",\"position\":2,\"name\":\"S\u1ea3n ph\u1ea9m\",\"item\":\"https:\/\/rwinevietnam.com\/home\/san-pham\/\"},{\"@type\":\"ListItem\",\"position\":3,\"name\":\"R\u01b0\u1ee3u Vang Terra Matrix Primitivo Di Manduria\"}]},{\"@type\":\"WebSite\",\"@id\":\"https:\/\/rwinevietnam.com\/home\/#website\",\"url\":\"https:\/\/rwinevietnam.com\/home\/\",\"name\":\"R.WINE\",\"description\":\"C\u00d4NG TY C\u1ed4 PH\u1ea6N XU\u1ea4T KH\u1ea8U NH\u1eacP KH\u1ea8U\",\"potentialAction\":[{\"@type\":\"SearchAction\",\"target\":{\"@type\":\"EntryPoint\",\"urlTemplate\":\"https:\/\/rwinevietnam.com\/home\/?s={search_term_string}\"},\"query-input\":{\"@type\":\"PropertyValueSpecification\",\"valueRequired\":true,\"valueName\":\"search_term_string\"}}],\"inLanguage\":\"vi\"}]}<\/script>\n<!-- \/ Yoast SEO plugin. -->","yoast_head_json":{"title":"gi\u00e1 c\u1ee7a r\u01b0\u1ee3u vang Terra Matrix Primitivo Di Manduria l\u00e0 bao nhi\u00eau","description":"R\u01b0\u1ee3u Vang Terra Matrix Primitivo Di Manduria,r\u01b0\u1ee3u vang \u0111\u1ecf r\u01b0\u1ee3u vang \u0111\u1ecf, c\u00e1c lo\u1ea1i r\u01b0\u1ee3u vang \u0111\u1ecf c\u00e1c lo\u1ea1i r\u01b0\u1ee3u vang \u0111\u1ecf, r\u01b0\u1ee3u \u00fd r\u01b0\u1ee3u \u00fd,","robots":{"index":"noindex","follow":"follow"},"og_locale":"vi_VN","og_type":"article","og_title":"gi\u00e1 c\u1ee7a r\u01b0\u1ee3u vang Terra Matrix Primitivo Di Manduria l\u00e0 bao nhi\u00eau","og_description":"R\u01b0\u1ee3u Vang Terra Matrix Primitivo Di Manduria,r\u01b0\u1ee3u vang \u0111\u1ecf r\u01b0\u1ee3u vang \u0111\u1ecf, c\u00e1c lo\u1ea1i r\u01b0\u1ee3u vang \u0111\u1ecf c\u00e1c lo\u1ea1i r\u01b0\u1ee3u vang \u0111\u1ecf, r\u01b0\u1ee3u \u00fd r\u01b0\u1ee3u \u00fd,","og_url":"https:\/\/rwinevietnam.com\/home\/ruou-vang-terra-matrix-primitivo-di-manduria\/","og_site_name":"R.WINE","article_modified_time":"2023-08-07T05:20:43+00:00","og_image":[{"width":500,"height":500,"url":"https:\/\/rwinevietnam.com\/home\/wp-content\/uploads\/2023\/08\/terra-matrix-dai-dien.jpg","type":"image\/jpeg"}],"twitter_card":"summary_large_image","schema":{"@context":"https:\/\/schema.org","@graph":[{"@type":"WebPage","@id":"https:\/\/rwinevietnam.com\/home\/ruou-vang-terra-matrix-primitivo-di-manduria\/","url":"https:\/\/rwinevietnam.com\/home\/ruou-vang-terra-matrix-primitivo-di-manduria\/","name":"gi\u00e1 c\u1ee7a r\u01b0\u1ee3u vang Terra Matrix Primitivo Di Manduria l\u00e0 bao nhi\u00eau","isPartOf":{"@id":"https:\/\/rwinevietnam.com\/home\/#website"},"primaryImageOfPage":{"@id":"https:\/\/rwinevietnam.com\/home\/ruou-vang-terra-matrix-primitivo-di-manduria\/#primaryimage"},"image":{"@id":"https:\/\/rwinevietnam.com\/home\/ruou-vang-terra-matrix-primitivo-di-manduria\/#primaryimage"},"thumbnailUrl":"https:\/\/rwinevietnam.com\/home\/wp-content\/uploads\/2023\/08\/terra-matrix-dai-dien.jpg","datePublished":"2023-08-07T05:20:42+00:00","dateModified":"2023-08-07T05:20:43+00:00","description":"R\u01b0\u1ee3u Vang Terra Matrix Primitivo Di Manduria,r\u01b0\u1ee3u vang \u0111\u1ecf r\u01b0\u1ee3u vang \u0111\u1ecf, c\u00e1c lo\u1ea1i r\u01b0\u1ee3u vang \u0111\u1ecf c\u00e1c lo\u1ea1i r\u01b0\u1ee3u vang \u0111\u1ecf, r\u01b0\u1ee3u \u00fd r\u01b0\u1ee3u \u00fd,","breadcrumb":{"@id":"https:\/\/rwinevietnam.com\/home\/ruou-vang-terra-matrix-primitivo-di-manduria\/#breadcrumb"},"inLanguage":"vi","potentialAction":[{"@type":"ReadAction","target":["https:\/\/rwinevietnam.com\/home\/ruou-vang-terra-matrix-primitivo-di-manduria\/"]}]},{"@type":"ImageObject","inLanguage":"vi","@id":"https:\/\/rwinevietnam.com\/home\/ruou-vang-terra-matrix-primitivo-di-manduria\/#primaryimage","url":"https:\/\/rwinevietnam.com\/home\/wp-content\/uploads\/2023\/08\/terra-matrix-dai-dien.jpg","contentUrl":"https:\/\/rwinevietnam.com\/home\/wp-content\/uploads\/2023\/08\/terra-matrix-dai-dien.jpg","width":500,"height":500},{"@type":"BreadcrumbList","@id":"https:\/\/rwinevietnam.com\/home\/ruou-vang-terra-matrix-primitivo-di-manduria\/#breadcrumb","itemListElement":[{"@type":"ListItem","position":1,"name":"Trang ch\u1ee7","item":"https:\/\/rwinevietnam.com\/home\/"},{"@type":"ListItem","position":2,"name":"S\u1ea3n ph\u1ea9m","item":"https:\/\/rwinevietnam.com\/home\/san-pham\/"},{"@type":"ListItem","position":3,"name":"R\u01b0\u1ee3u Vang Terra Matrix Primitivo Di Manduria"}]},{"@type":"WebSite","@id":"https:\/\/rwinevietnam.com\/home\/#website","url":"https:\/\/rwinevietnam.com\/home\/","name":"R.WINE","description":"C\u00d4NG TY C\u1ed4 PH\u1ea6N XU\u1ea4T KH\u1ea8U NH\u1eacP KH\u1ea8U","potentialAction":[{"@type":"SearchAction","target":{"@type":"EntryPoint","urlTemplate":"https:\/\/rwinevietnam.com\/home\/?s={search_term_string}"},"query-input":{"@type":"PropertyValueSpecification","valueRequired":true,"valueName":"search_term_string"}}],"inLanguage":"vi"}]}},"_links":{"self":[{"href":"https:\/\/rwinevietnam.com\/home\/wp-json\/wp\/v2\/product\/751","targetHints":{"allow":["GET"]}}],"collection":[{"href":"https:\/\/rwinevietnam.com\/home\/wp-json\/wp\/v2\/product"}],"about":[{"href":"https:\/\/rwinevietnam.com\/home\/wp-json\/wp\/v2\/types\/product"}],"replies":[{"embeddable":true,"href":"https:\/\/rwinevietnam.com\/home\/wp-json\/wp\/v2\/comments?post=751"}],"wp:featuredmedia":[{"embeddable":true,"href":"https:\/\/rwinevietnam.com\/home\/wp-json\/wp\/v2\/media\/752"}],"wp:attachment":[{"href":"https:\/\/rwinevietnam.com\/home\/wp-json\/wp\/v2\/media?parent=751"}],"wp:term":[{"taxonomy":"product_brand","embeddable":true,"href":"https:\/\/rwinevietnam.com\/home\/wp-json\/wp\/v2\/product_brand?post=751"},{"taxonomy":"product_cat","embeddable":true,"href":"https:\/\/rwinevietnam.com\/home\/wp-json\/wp\/v2\/product_cat?post=751"},{"taxonomy":"product_tag","embeddable":true,"href":"https:\/\/rwinevietnam.com\/home\/wp-json\/wp\/v2\/product_tag?post=751"}],"curies":[{"name":"wp","href":"https:\/\/api.w.org\/{rel}","templated":true}]}}