{"id":578,"date":"2023-07-11T03:01:18","date_gmt":"2023-07-11T03:01:18","guid":{"rendered":"http:\/\/rwinevietnam.com\/?post_type=product&#038;p=578"},"modified":"2023-07-11T09:15:12","modified_gmt":"2023-07-11T09:15:12","slug":"ruou-vang-1865-limited-edition","status":"publish","type":"product","link":"https:\/\/rwinevietnam.com\/home\/ruou-vang-1865-limited-edition\/","title":{"rendered":"R\u01b0\u1ee3u vang 1865 Limited Edition"},"content":{"rendered":"<div>R\u01b0\u1ee3u vang 1865 Limited Edition l\u00e0 phi\u00ean b\u1ea3n gi\u1edbi h\u1ea1n c\u1ee7a d\u00f2ng 1865 Single Vineyard \u0111\u01b0\u1ee3c s\u1ea3n xu\u1ea5t v\u1edbi s\u1ed1 l\u01b0\u1ee3ng r\u1ea5t h\u1ea1n ch\u1ebf, c\u00f9ng quy tr\u00ecnh s\u1ea3n xu\u1ea5t \u0111\u1eb7c bi\u1ec7t \u0111\u00e3 t\u1ea1o n\u00ean h\u01b0\u01a1ng v\u1ecb cu\u1ed1n h\u00fat ng\u01b0\u1eddi th\u01b0\u1edfng th\u1ee9c.<\/div>\n<div><span style=\"color: #fcfcfc;\">&#8230;&#8230;&#8230;&#8230;&#8230;&#8230;<\/span><\/div>\n<div><\/div>\n<div><img loading=\"lazy\" decoding=\"async\" class=\"size-full wp-image-579 aligncenter\" src=\"https:\/\/rwinevietnam.com\/home\/wp-content\/uploads\/2023\/07\/4-2.jpg\" alt=\"\" width=\"600\" height=\"600\" srcset=\"https:\/\/rwinevietnam.com\/home\/wp-content\/uploads\/2023\/07\/4-2.jpg 600w, https:\/\/rwinevietnam.com\/home\/wp-content\/uploads\/2023\/07\/4-2-300x300.jpg 300w, https:\/\/rwinevietnam.com\/home\/wp-content\/uploads\/2023\/07\/4-2-150x150.jpg 150w, https:\/\/rwinevietnam.com\/home\/wp-content\/uploads\/2023\/07\/4-2-100x100.jpg 100w\" sizes=\"auto, (max-width: 600px) 100vw, 600px\" \/><\/div>\n<div><span style=\"color: #fcfcfc;\">&#8230;&#8230;&#8230;&#8230;&#8230;&#8230;<\/span><\/div>\n<div><\/div>\n<div><strong>R\u01b0\u1ee3u vang 1865 Limited Edition c\u00f3 ngon kh\u00f4ng?<\/strong><\/div>\n<div>C\u00f9ng kh\u00e1m ph\u00e1 chi ti\u1ebft quy tr\u00ecnh s\u1ea3n xu\u1ea5t, h\u01b0\u01a1ng v\u1ecb c\u1ee7a phi\u00ean b\u1ea3n gi\u1edbi h\u1ea1n r\u01b0\u1ee3u vang 1865 cao c\u1ea5p n\u00e0y \u0111\u1ec3 xem ch\u00fang c\u00f3 ph\u00f9 h\u1ee3p v\u1edbi kh\u1ea9u v\u1ecb c\u1ee7a b\u1ea1n kh\u00f4ng nh\u00e9.<\/div>\n<div><\/div>\n<div><strong>Quy tr\u00ecnh s\u1ea3n xu\u1ea5t 1865 Limited<\/strong><\/div>\n<div>R\u01b0\u1ee3u vang Chile 1865 Limited Edition \u0111\u01b0\u1ee3c l\u00e0m t\u1eeb s\u1ef1 k\u1ebft h\u1ee3p nhi\u1ec1u lo\u1ea1i nho kh\u00e1c nhau, theo m\u1ed9t t\u1ef7 l\u1ec7 nh\u1ea5t \u0111\u1ecbnh, bao g\u1ed3m: 80% Cabernet Sauvignon, 20% Shiraz. C\u00e1c nh\u00e0 s\u1ea3n xu\u1ea5t ch\u1ec9 l\u1ef1a ch\u1ecdn nh\u1eefng tr\u00e1i nho \u0111\u01b0\u1ee3c l\u1ea5y t\u1eeb nh\u1eefng v\u01b0\u1eddn nho \u0111\u01b0\u1ee3c tr\u1ed3ng t\u1eeb \u0111\u1ea7u nh\u1eefng n\u0103m 1990 \u0111\u1ec3 l\u00e0m lo\u1ea1i \u0111\u1ed3 u\u1ed1ng n\u00e0y. V\u1edbi \u0111i\u1ec1u ki\u1ec7n th\u1ed5 nh\u01b0\u1ee1ng c\u00f9ng kh\u00ed h\u1eadu kh\u00e1 \u0111\u1eb7c bi\u1ec7t v\u1edbi nhi\u1ec7t \u0111\u1ed9 th\u1ea5p h\u01a1n so v\u1edbi c\u00e1c v\u00f9ng kh\u00e1c Chile \u0111\u00e3 gi\u00fap t\u1ea1o n\u00ean nh\u1eefng tr\u00e1i nho ch\u1ea5t l\u01b0\u1ee3ng v\u1edbi h\u01b0\u01a1ng v\u1ecb \u0111\u1eadm \u0111\u00e0.<\/div>\n<div><span style=\"color: #fcfcfc;\">&#8230;&#8230;&#8230;&#8230;&#8230;&#8230;<\/span><\/div>\n<div><\/div>\n<div><img loading=\"lazy\" decoding=\"async\" class=\"size-full wp-image-580 aligncenter\" src=\"https:\/\/rwinevietnam.com\/home\/wp-content\/uploads\/2023\/07\/5-2.jpg\" alt=\"\" width=\"600\" height=\"600\" srcset=\"https:\/\/rwinevietnam.com\/home\/wp-content\/uploads\/2023\/07\/5-2.jpg 600w, https:\/\/rwinevietnam.com\/home\/wp-content\/uploads\/2023\/07\/5-2-300x300.jpg 300w, https:\/\/rwinevietnam.com\/home\/wp-content\/uploads\/2023\/07\/5-2-150x150.jpg 150w, https:\/\/rwinevietnam.com\/home\/wp-content\/uploads\/2023\/07\/5-2-100x100.jpg 100w\" sizes=\"auto, (max-width: 600px) 100vw, 600px\" \/><\/div>\n<div><\/div>\n<div><span style=\"color: #fcfcfc;\">&#8230;&#8230;&#8230;&#8230;&#8230;&#8230;<\/span><\/div>\n<div>\u0110\u1ebfn m\u00f9a thu ho\u1ea1ch nho s\u1ebd \u0111\u01b0\u1ee3c h\u00e1i tr\u1ef1c ti\u1ebfp b\u1eb1ng tay. Sau qu\u00e1 tr\u00ecnh l\u1ef1a ch\u1ecdn c\u1ea9n th\u1eadn, ng\u01b0\u1eddi ta s\u1ebd mang ch\u00fang \u0111i s\u01a1 ch\u1ebf v\u00e0 \u00e9p l\u1ea5y n\u01b0\u1edbc \u0111\u1ec3 ti\u1ebfn h\u00e0nh qu\u00e1 tr\u00ecnh l\u00ean men \u1ee7 r\u01b0\u1ee3u.<\/div>\n<div><\/div>\n<div>N\u01b0\u1edbc nho \u0111\u01b0\u1ee3c l\u00ean men \u1ee7 trong nh\u1eefng chi\u1ebfc th\u00f9ng b\u1eb1ng g\u1ed7 s\u1ed3i Ph\u00e1p trong kho\u1ea3ng 14 th\u00e1ng. Sau \u0111\u00f3 ch\u00fang \u0111\u01b0\u1ee3c mang ra \u0111\u00f3ng chai th\u00e0nh ph\u1ea9m v\u00e0 c\u00f3 th\u1ec3 \u0111\u01b0\u1ee3c c\u1ea5t gi\u1eef v\u1edbi th\u1eddi gian k\u00e9o d\u00e0i t\u1eeb 6 cho \u0111\u1ebfn 8 n\u0103m.<\/div>\n<div><\/div>\n<div><strong>H\u01b0\u01a1ng v\u1ecb vang Chile 1865 Limited Edition\u00a0<\/strong><\/div>\n<div>T\u1eeb quy tr\u00ecnh s\u1ea3n xu\u1ea5t \u0111\u1eb7c bi\u1ec7t v\u1edbi nh\u1eefng ti\u00eau chu\u1ea9n kh\u1eaft khe, tr\u00ean n\u1ec1n nh\u1eefng tr\u00e1i nho tuy\u1ec7t h\u1ea3o nh\u1ea5t, h\u00e3ng Vi\u00f1a San Pedro t\u1ef1 h\u1ea3o t\u1ea1o n\u00ean h\u01b0\u01a1ng v\u1ecb r\u01b0\u1ee3u vang 1865 Limited Edition tuy\u1ec7t h\u1ea3o. R\u01b0\u1ee3u c\u00f3 m\u00e0u \u0111\u1ecf t\u00edm \u0111\u1eadm s\u00e2u ph\u1ee9c t\u1ea1p, tinh t\u1ebf v\u1edbi v\u1ecb tr\u00e1i c\u00e2y t\u01b0\u01a1i \u0111\u1eadm \u0111\u1eb7c nh\u01b0 m\u1eadn, hoa qu\u1ea3 \u0111en, m\u00e2m x\u00f4i xen l\u1eabn h\u01b0\u01a1ng thu\u1ed1c l\u00e1 v\u00e0 tuy\u1ebft t\u00f9ng.<\/div>\n<div><\/div>\n<div>Nh\u1ea5p m\u1ed9t l\u01b0\u1ee3ng nh\u1ecf r\u01b0\u1ee3u, b\u1ea1n s\u1ebd c\u1ea3m nh\u1eadn \u0111\u01b0\u1ee3c t\u1eebng t\u1ea7ng c\u1ea5u tr\u00fac m\u1ea1nh m\u1ebd, ch\u1eafc ch\u1eafn tr\u00ean b\u1edd m\u00f4i, c\u00f9ng tannin tr\u01b0\u1edfng th\u00e0nh v\u00e0 m\u1ec1m m\u01b0\u1ee3t; k\u1ebft h\u1ee3p h\u00e0i h\u00f2a v\u1edbi s\u1ef1 c\u00e2n b\u1eb1ng gi\u1eefa h\u01b0\u01a1ng v\u1ecb tr\u00e1i c\u00e2y v\u1edbi v\u1ecb chua v\u00e0 d\u01b0 v\u1ecb d\u00e0i l\u00e2u, quy\u1ebfn luy\u1ebfn.<\/div>\n<div><\/div>\n<div>R\u01b0\u1ee3u c\u00f3 th\u1ec3 \u0111\u01b0\u1ee3c u\u1ed1ng ngay ho\u1eb7c cho n\u1eb1m ngh\u1ec9 th\u00eam 6 \u0111\u1ebfn 8 n\u0103m n\u1eefa \u0111\u1ec3 t\u0103ng th\u00eam \u0111\u1ed9 tr\u01b0\u1edfng th\u00e0nh.<\/div>\n<div><span style=\"color: #fcfcfc;\">&#8230;&#8230;&#8230;&#8230;&#8230;&#8230;<\/span><\/div>\n<div><\/div>\n<div><img loading=\"lazy\" decoding=\"async\" class=\"size-full wp-image-581 aligncenter\" src=\"https:\/\/rwinevietnam.com\/home\/wp-content\/uploads\/2023\/07\/6-1.jpg\" alt=\"\" width=\"600\" height=\"400\" srcset=\"https:\/\/rwinevietnam.com\/home\/wp-content\/uploads\/2023\/07\/6-1.jpg 600w, https:\/\/rwinevietnam.com\/home\/wp-content\/uploads\/2023\/07\/6-1-300x200.jpg 300w\" sizes=\"auto, (max-width: 600px) 100vw, 600px\" \/><\/div>\n<div><\/div>\n<div><span style=\"color: #fcfcfc;\">&#8230;&#8230;&#8230;&#8230;&#8230;&#8230;<\/span><\/div>\n<div><strong>Th\u01b0\u1edfng th\u1ee9c<\/strong><\/div>\n<div>S\u1edf h\u1eefu nh\u1eefng h\u01b0\u01a1ng v\u1ecb th\u01a1m ngon, \u0111\u00e1ng t\u1ef1 h\u00e0o, r\u1ea5t \u0111\u01b0\u1ee3c \u01b0a chu\u1ed9ng, tuy nhi\u00ean \u0111\u1ec3 th\u01b0\u1edfng th\u1ee9c \u0111\u01b0\u1ee3c h\u1ebft h\u01b0\u01a1ng v\u1ecb c\u1ee7a nh\u1eefng ly vang 1865 Limited n\u00e0y \u0111\u00f2i h\u1ecfi m\u1ed9t s\u1ed1 y\u00eau c\u1ea7u trong c\u00e1ch th\u01b0\u1edfng th\u1ee9c.<\/div>\n<div><\/div>\n<div>R\u01b0\u1ee3u c\u1ea7n \u0111\u01b0\u1ee3c u\u1ed1ng nhi\u1ec7t \u0111\u1ed9 15-180C v\u00e0 \u0111\u1ec3 th\u1edf trong c\u00e1c b\u00ecnh decanter 30 ph\u00fat tr\u01b0\u1edbc khi th\u01b0\u1edfng th\u1ee9c. Th\u00eam v\u00e0o \u0111\u00f3 l\u00e0 c\u00e1c m\u00f3n \u0103n c\u0169ng ph\u1ea3i ph\u00f9 h\u1ee3p \u0111\u1ec3 l\u00e0m d\u1eady m\u00f9i v\u1ecb nh\u01b0 nh\u1eefng m\u00f3n th\u1ecbt \u0111\u1ecf \u0111\u1eadm v\u1ecb gi\u00e0u protein nh\u01b0: th\u1ecbt n\u01b0\u1edbng, th\u1ecbt th\u00fa r\u1eebng v\u00e0 ph\u00f4 mai\u2026<\/div>\n<div><\/div>\n<div><strong>\u0110\u1ecba ch\u1ec9 mua r\u01b0\u1ee3u vang 1865 Limited Edition gi\u00e1 t\u1ed1t, uy t\u00edn<\/strong><\/div>\n<div>Hi\u1ec7n nay tr\u00ean th\u1ecb tr\u01b0\u1eddng c\u00f3 r\u1ea5t nhi\u1ec1u chai r\u01b0\u1ee3u vang gi\u1ea3, k\u00e9m ch\u1ea5t l\u01b0\u1ee3ng, Qu\u00fd v\u1ecb n\u00ean l\u1ef1a ch\u1ecdn nh\u1eefng \u0111\u01a1n v\u1ecb ph\u00e2n ph\u1ed1i uy t\u00edn \u0111\u1ec3 mua \u0111\u01b0\u1ee3c s\u1ea3n ph\u1ea9m ch\u1ea5t l\u01b0\u1ee3ng nh\u1ea5t.<\/div>\n<div><\/div>\n<div>N\u1ebfu b\u1ea1n ch\u01b0a bi\u1ebft \u0111\u1ecba \u0111i\u1ec3m n\u00e0o \u0111\u1ec3 mua chai r\u01b0\u1ee3u n\u00e0y, th\u00ec h\u00e3y \u0111\u1ebfn R.WINE. Ch\u00fang t\u00f4i cam k\u1ebft nh\u1eefng s\u1ea3n ph\u1ea9m lu\u00f4n \u0111\u1ea3m b\u1ea3o v\u1ec1 ch\u1ea5t l\u01b0\u1ee3ng, gi\u00e1 c\u1ea3 v\u00e0 c\u00f3 t\u00ednh th\u1ea9m m\u0129 cao, c\u00f9ng SI\u00caU KHUY\u1ebeN M\u00c3I MUA 6 T\u1eb6NG 1, GI\u1ea2M GI\u00c1 15 \u2013 20%, CHI\u1ebeT KH\u1ea4U CAO KHI MUA NHI\u1ec0U ch\u1eafc ch\u1eafn s\u1ebd cho Qu\u00fd v\u1ecb nh\u1eefng l\u1ef1a ch\u1ecdn h\u1ee3p l\u00fd nh\u1ea5t.<\/div>\n<div><\/div>\n<div>T\u1ea1i R.WINE, chai r\u01b0\u1ee3u vang 1865 Limited n\u00e0y \u0111\u01b0\u1ee3c b\u00e1n v\u1edbi gi\u00e1 tham kh\u1ea3o l\u00e0 <strong>1.380.000<\/strong> VN\u0110. T\u00f9y theo t\u1eebng th\u1eddi \u0111i\u1ec3m, t\u1eebng ch\u01b0\u01a1ng tr\u00ecnh \u01b0u \u0111\u00e3i th\u00ec m\u1ee9c gi\u00e1 n\u00e0y c\u00f3 th\u1ec3 thay \u0111\u1ed5i. Li\u00ean h\u1ec7 ngay \u0111\u1ec3 nh\u1eadn b\u00e1o gi\u00e1 chi ti\u1ebft v\u00e0 nh\u1eefng \u01b0u \u0111\u00e3i h\u1ea5p d\u1eabn nh\u00e9.<\/div>\n","protected":false},"excerpt":{"rendered":"<p><strong>R\u01b0\u1ee3u vang 1865 Limited Edditor<\/strong>\u00a0\u0111\u01b0\u1ee3c s\u1ea3n xu\u1ea5t b\u1edfi h\u00e3ng Vi\u00f1a San Pedro, m\u1ed9t th\u01b0\u01a1ng hi\u1ec7u s\u1ea3n xu\u1ea5t vang l\u00e2u \u0111\u1eddi nh\u1ea5t t\u1ea1i Chile. Phi\u00ean b\u1ea3n gi\u1edbi h\u1ea1n 1865 n\u00e0y mang m\u00e0u \u0111\u1ecf t\u00edm \u0111\u1eadm, h\u01b0\u01a1ng v\u1ecb tinh t\u1ebf v\u1edbi v\u1ecb tr\u00e1i c\u00e2y t\u01b0\u01a1i \u0111\u1eadm \u0111\u1eb7c, th\u01b0\u1eddng xuy\u00ean \u0111\u01b0\u1ee3c l\u1ef1a ch\u1ecdn cho nh\u1eefng b\u1eefa ti\u1ec7c, hay l\u00e0m qu\u00e0 bi\u1ebfu T\u1ebft \u0111\u1ea7y sang tr\u1ecdng.<\/p>\n","protected":false},"featured_media":583,"comment_status":"closed","ping_status":"closed","template":"","meta":{"_acf_changed":false},"product_brand":[],"product_cat":[77,32,62],"product_tag":[],"class_list":{"0":"post-578","1":"product","2":"type-product","3":"status-publish","4":"has-post-thumbnail","6":"product_cat-cabernet-sauvignon","7":"product_cat-vang-chile","8":"product_cat-vang-do","10":"first","11":"instock","12":"sale","13":"shipping-taxable","14":"purchasable","15":"product-type-simple"},"acf":[],"yoast_head":"<!-- This site is optimized with the Yoast SEO plugin v26.8 - https:\/\/yoast.com\/product\/yoast-seo-wordpress\/ -->\n<title>R\u01b0\u1ee3u vang 1865 Limited Edition - R.WINE<\/title>\n<meta name=\"robots\" content=\"noindex, follow\" \/>\n<meta property=\"og:locale\" content=\"vi_VN\" \/>\n<meta property=\"og:type\" content=\"article\" \/>\n<meta property=\"og:title\" content=\"R\u01b0\u1ee3u vang 1865 Limited Edition - R.WINE\" \/>\n<meta property=\"og:description\" content=\"R\u01b0\u1ee3u vang 1865 Limited Edditor\u00a0\u0111\u01b0\u1ee3c s\u1ea3n xu\u1ea5t b\u1edfi h\u00e3ng Vi\u00f1a San Pedro, m\u1ed9t th\u01b0\u01a1ng hi\u1ec7u s\u1ea3n xu\u1ea5t vang l\u00e2u \u0111\u1eddi nh\u1ea5t t\u1ea1i Chile. Phi\u00ean b\u1ea3n gi\u1edbi h\u1ea1n 1865 n\u00e0y mang m\u00e0u \u0111\u1ecf t\u00edm \u0111\u1eadm, h\u01b0\u01a1ng v\u1ecb tinh t\u1ebf v\u1edbi v\u1ecb tr\u00e1i c\u00e2y t\u01b0\u01a1i \u0111\u1eadm \u0111\u1eb7c, th\u01b0\u1eddng xuy\u00ean \u0111\u01b0\u1ee3c l\u1ef1a ch\u1ecdn cho nh\u1eefng b\u1eefa ti\u1ec7c, hay l\u00e0m qu\u00e0 bi\u1ebfu T\u1ebft \u0111\u1ea7y sang tr\u1ecdng.\" \/>\n<meta property=\"og:url\" content=\"https:\/\/rwinevietnam.com\/home\/ruou-vang-1865-limited-edition\/\" \/>\n<meta property=\"og:site_name\" content=\"R.WINE\" \/>\n<meta property=\"article:modified_time\" content=\"2023-07-11T09:15:12+00:00\" \/>\n<meta property=\"og:image\" content=\"https:\/\/rwinevietnam.com\/home\/wp-content\/uploads\/2023\/07\/3.png\" \/>\n\t<meta property=\"og:image:width\" content=\"500\" \/>\n\t<meta property=\"og:image:height\" content=\"500\" \/>\n\t<meta property=\"og:image:type\" content=\"image\/png\" \/>\n<meta name=\"twitter:card\" content=\"summary_large_image\" \/>\n<script type=\"application\/ld+json\" class=\"yoast-schema-graph\">{\"@context\":\"https:\/\/schema.org\",\"@graph\":[{\"@type\":\"WebPage\",\"@id\":\"https:\/\/rwinevietnam.com\/home\/ruou-vang-1865-limited-edition\/\",\"url\":\"https:\/\/rwinevietnam.com\/home\/ruou-vang-1865-limited-edition\/\",\"name\":\"R\u01b0\u1ee3u vang 1865 Limited Edition - R.WINE\",\"isPartOf\":{\"@id\":\"https:\/\/rwinevietnam.com\/home\/#website\"},\"primaryImageOfPage\":{\"@id\":\"https:\/\/rwinevietnam.com\/home\/ruou-vang-1865-limited-edition\/#primaryimage\"},\"image\":{\"@id\":\"https:\/\/rwinevietnam.com\/home\/ruou-vang-1865-limited-edition\/#primaryimage\"},\"thumbnailUrl\":\"https:\/\/rwinevietnam.com\/home\/wp-content\/uploads\/2023\/07\/3.png\",\"datePublished\":\"2023-07-11T03:01:18+00:00\",\"dateModified\":\"2023-07-11T09:15:12+00:00\",\"breadcrumb\":{\"@id\":\"https:\/\/rwinevietnam.com\/home\/ruou-vang-1865-limited-edition\/#breadcrumb\"},\"inLanguage\":\"vi\",\"potentialAction\":[{\"@type\":\"ReadAction\",\"target\":[\"https:\/\/rwinevietnam.com\/home\/ruou-vang-1865-limited-edition\/\"]}]},{\"@type\":\"ImageObject\",\"inLanguage\":\"vi\",\"@id\":\"https:\/\/rwinevietnam.com\/home\/ruou-vang-1865-limited-edition\/#primaryimage\",\"url\":\"https:\/\/rwinevietnam.com\/home\/wp-content\/uploads\/2023\/07\/3.png\",\"contentUrl\":\"https:\/\/rwinevietnam.com\/home\/wp-content\/uploads\/2023\/07\/3.png\",\"width\":500,\"height\":500},{\"@type\":\"BreadcrumbList\",\"@id\":\"https:\/\/rwinevietnam.com\/home\/ruou-vang-1865-limited-edition\/#breadcrumb\",\"itemListElement\":[{\"@type\":\"ListItem\",\"position\":1,\"name\":\"Trang ch\u1ee7\",\"item\":\"https:\/\/rwinevietnam.com\/home\/\"},{\"@type\":\"ListItem\",\"position\":2,\"name\":\"S\u1ea3n ph\u1ea9m\",\"item\":\"https:\/\/rwinevietnam.com\/home\/san-pham\/\"},{\"@type\":\"ListItem\",\"position\":3,\"name\":\"R\u01b0\u1ee3u vang 1865 Limited Edition\"}]},{\"@type\":\"WebSite\",\"@id\":\"https:\/\/rwinevietnam.com\/home\/#website\",\"url\":\"https:\/\/rwinevietnam.com\/home\/\",\"name\":\"R.WINE\",\"description\":\"C\u00d4NG TY C\u1ed4 PH\u1ea6N XU\u1ea4T KH\u1ea8U NH\u1eacP KH\u1ea8U\",\"potentialAction\":[{\"@type\":\"SearchAction\",\"target\":{\"@type\":\"EntryPoint\",\"urlTemplate\":\"https:\/\/rwinevietnam.com\/home\/?s={search_term_string}\"},\"query-input\":{\"@type\":\"PropertyValueSpecification\",\"valueRequired\":true,\"valueName\":\"search_term_string\"}}],\"inLanguage\":\"vi\"}]}<\/script>\n<!-- \/ Yoast SEO plugin. -->","yoast_head_json":{"title":"R\u01b0\u1ee3u vang 1865 Limited Edition - R.WINE","robots":{"index":"noindex","follow":"follow"},"og_locale":"vi_VN","og_type":"article","og_title":"R\u01b0\u1ee3u vang 1865 Limited Edition - R.WINE","og_description":"R\u01b0\u1ee3u vang 1865 Limited Edditor\u00a0\u0111\u01b0\u1ee3c s\u1ea3n xu\u1ea5t b\u1edfi h\u00e3ng Vi\u00f1a San Pedro, m\u1ed9t th\u01b0\u01a1ng hi\u1ec7u s\u1ea3n xu\u1ea5t vang l\u00e2u \u0111\u1eddi nh\u1ea5t t\u1ea1i Chile. Phi\u00ean b\u1ea3n gi\u1edbi h\u1ea1n 1865 n\u00e0y mang m\u00e0u \u0111\u1ecf t\u00edm \u0111\u1eadm, h\u01b0\u01a1ng v\u1ecb tinh t\u1ebf v\u1edbi v\u1ecb tr\u00e1i c\u00e2y t\u01b0\u01a1i \u0111\u1eadm \u0111\u1eb7c, th\u01b0\u1eddng xuy\u00ean \u0111\u01b0\u1ee3c l\u1ef1a ch\u1ecdn cho nh\u1eefng b\u1eefa ti\u1ec7c, hay l\u00e0m qu\u00e0 bi\u1ebfu T\u1ebft \u0111\u1ea7y sang tr\u1ecdng.","og_url":"https:\/\/rwinevietnam.com\/home\/ruou-vang-1865-limited-edition\/","og_site_name":"R.WINE","article_modified_time":"2023-07-11T09:15:12+00:00","og_image":[{"width":500,"height":500,"url":"https:\/\/rwinevietnam.com\/home\/wp-content\/uploads\/2023\/07\/3.png","type":"image\/png"}],"twitter_card":"summary_large_image","schema":{"@context":"https:\/\/schema.org","@graph":[{"@type":"WebPage","@id":"https:\/\/rwinevietnam.com\/home\/ruou-vang-1865-limited-edition\/","url":"https:\/\/rwinevietnam.com\/home\/ruou-vang-1865-limited-edition\/","name":"R\u01b0\u1ee3u vang 1865 Limited Edition - R.WINE","isPartOf":{"@id":"https:\/\/rwinevietnam.com\/home\/#website"},"primaryImageOfPage":{"@id":"https:\/\/rwinevietnam.com\/home\/ruou-vang-1865-limited-edition\/#primaryimage"},"image":{"@id":"https:\/\/rwinevietnam.com\/home\/ruou-vang-1865-limited-edition\/#primaryimage"},"thumbnailUrl":"https:\/\/rwinevietnam.com\/home\/wp-content\/uploads\/2023\/07\/3.png","datePublished":"2023-07-11T03:01:18+00:00","dateModified":"2023-07-11T09:15:12+00:00","breadcrumb":{"@id":"https:\/\/rwinevietnam.com\/home\/ruou-vang-1865-limited-edition\/#breadcrumb"},"inLanguage":"vi","potentialAction":[{"@type":"ReadAction","target":["https:\/\/rwinevietnam.com\/home\/ruou-vang-1865-limited-edition\/"]}]},{"@type":"ImageObject","inLanguage":"vi","@id":"https:\/\/rwinevietnam.com\/home\/ruou-vang-1865-limited-edition\/#primaryimage","url":"https:\/\/rwinevietnam.com\/home\/wp-content\/uploads\/2023\/07\/3.png","contentUrl":"https:\/\/rwinevietnam.com\/home\/wp-content\/uploads\/2023\/07\/3.png","width":500,"height":500},{"@type":"BreadcrumbList","@id":"https:\/\/rwinevietnam.com\/home\/ruou-vang-1865-limited-edition\/#breadcrumb","itemListElement":[{"@type":"ListItem","position":1,"name":"Trang ch\u1ee7","item":"https:\/\/rwinevietnam.com\/home\/"},{"@type":"ListItem","position":2,"name":"S\u1ea3n ph\u1ea9m","item":"https:\/\/rwinevietnam.com\/home\/san-pham\/"},{"@type":"ListItem","position":3,"name":"R\u01b0\u1ee3u vang 1865 Limited Edition"}]},{"@type":"WebSite","@id":"https:\/\/rwinevietnam.com\/home\/#website","url":"https:\/\/rwinevietnam.com\/home\/","name":"R.WINE","description":"C\u00d4NG TY C\u1ed4 PH\u1ea6N XU\u1ea4T KH\u1ea8U NH\u1eacP KH\u1ea8U","potentialAction":[{"@type":"SearchAction","target":{"@type":"EntryPoint","urlTemplate":"https:\/\/rwinevietnam.com\/home\/?s={search_term_string}"},"query-input":{"@type":"PropertyValueSpecification","valueRequired":true,"valueName":"search_term_string"}}],"inLanguage":"vi"}]}},"_links":{"self":[{"href":"https:\/\/rwinevietnam.com\/home\/wp-json\/wp\/v2\/product\/578","targetHints":{"allow":["GET"]}}],"collection":[{"href":"https:\/\/rwinevietnam.com\/home\/wp-json\/wp\/v2\/product"}],"about":[{"href":"https:\/\/rwinevietnam.com\/home\/wp-json\/wp\/v2\/types\/product"}],"replies":[{"embeddable":true,"href":"https:\/\/rwinevietnam.com\/home\/wp-json\/wp\/v2\/comments?post=578"}],"wp:featuredmedia":[{"embeddable":true,"href":"https:\/\/rwinevietnam.com\/home\/wp-json\/wp\/v2\/media\/583"}],"wp:attachment":[{"href":"https:\/\/rwinevietnam.com\/home\/wp-json\/wp\/v2\/media?parent=578"}],"wp:term":[{"taxonomy":"product_brand","embeddable":true,"href":"https:\/\/rwinevietnam.com\/home\/wp-json\/wp\/v2\/product_brand?post=578"},{"taxonomy":"product_cat","embeddable":true,"href":"https:\/\/rwinevietnam.com\/home\/wp-json\/wp\/v2\/product_cat?post=578"},{"taxonomy":"product_tag","embeddable":true,"href":"https:\/\/rwinevietnam.com\/home\/wp-json\/wp\/v2\/product_tag?post=578"}],"curies":[{"name":"wp","href":"https:\/\/api.w.org\/{rel}","templated":true}]}}