{"id":562,"date":"2023-07-10T08:30:09","date_gmt":"2023-07-10T08:30:09","guid":{"rendered":"http:\/\/rwinevietnam.com\/?post_type=product&#038;p=562"},"modified":"2023-07-11T09:01:09","modified_gmt":"2023-07-11T09:01:09","slug":"ruou-vang-collefrisio-magnolia-bianco","status":"publish","type":"product","link":"https:\/\/rwinevietnam.com\/home\/ruou-vang-collefrisio-magnolia-bianco\/","title":{"rendered":"R\u01b0\u1ee3u vang Collefrisio Magnolia Bianco"},"content":{"rendered":"<p style=\"text-align: center;\"><span style=\"font-size: 130%;\"><strong>Ngu\u1ed3n g\u1ed1c v\u00e0 \u0111\u1eb7c \u0111i\u1ec3m c\u1ee7a r\u01b0\u1ee3u vang Collefrisio Magnolia Bianco<\/strong><\/span><\/p>\n<p>R\u01b0\u1ee3u vang Collefrisio Magnolia Bianco \u0111\u01b0\u1ee3c s\u1ea3n xu\u1ea5t t\u1ea1i v\u00f9ng Abruzzo, m\u1ed9t trong nh\u1eefng v\u00f9ng n\u1ed5i ti\u1ebfng v\u1ec1 s\u1ea3n xu\u1ea5t r\u01b0\u1ee3u vang t\u1ea1i \u00dd. V\u1edbi \u0111\u1ecba h\u00ecnh v\u00e0 kh\u00ed h\u1eadu \u0111\u1eb7c bi\u1ec7t, Abruzzo l\u00e0 m\u00f4i tr\u01b0\u1eddng l\u00fd t\u01b0\u1edfng \u0111\u1ec3 tr\u1ed3ng nho v\u00e0 t\u1ea1o ra nh\u1eefng lo\u1ea1i r\u01b0\u1ee3u vang ch\u1ea5t l\u01b0\u1ee3ng cao.<\/p>\n<p>S\u1ef1 \u0111\u1ed9c \u0111\u00e1o c\u1ee7a r\u01b0\u1ee3u vang Collefrisio Magnolia Bianco n\u1eb1m trong s\u1ef1 k\u1ebft h\u1ee3p c\u1ee7a hai lo\u1ea1i nho ch\u1ee7 \u0111\u1ea1o l\u00e0 Trebbiano v\u00e0 Pecorino. S\u1ef1 h\u00f2a quy\u1ec7n c\u1ee7a nh\u1eefng h\u01b0\u01a1ng th\u01a1m m\u00e1t m\u1ebb v\u00e0 h\u01b0\u01a1ng v\u1ecb t\u1ed5ng h\u1ee3p t\u1ea1o n\u00ean m\u1ed9t tr\u1ea3i nghi\u1ec7m \u0111\u1ed9c \u0111\u00e1o khi th\u01b0\u1edfng th\u1ee9c s\u1ea3n ph\u1ea9m n\u00e0y.<\/p>\n<p><img loading=\"lazy\" decoding=\"async\" class=\"alignnone size-full wp-image-564\" src=\"https:\/\/rwinevietnam.com\/home\/wp-content\/uploads\/2023\/07\/41.jpg\" alt=\"\" width=\"800\" height=\"800\" srcset=\"https:\/\/rwinevietnam.com\/home\/wp-content\/uploads\/2023\/07\/41.jpg 800w, https:\/\/rwinevietnam.com\/home\/wp-content\/uploads\/2023\/07\/41-300x300.jpg 300w, https:\/\/rwinevietnam.com\/home\/wp-content\/uploads\/2023\/07\/41-100x100.jpg 100w, https:\/\/rwinevietnam.com\/home\/wp-content\/uploads\/2023\/07\/41-600x600.jpg 600w, https:\/\/rwinevietnam.com\/home\/wp-content\/uploads\/2023\/07\/41-150x150.jpg 150w, https:\/\/rwinevietnam.com\/home\/wp-content\/uploads\/2023\/07\/41-768x768.jpg 768w\" sizes=\"auto, (max-width: 800px) 100vw, 800px\" \/><\/p>\n<p><strong>H\u01b0\u01a1ng v\u1ecb r\u01b0\u1ee3u vang Collefrisio Magnolia Bianco<\/strong><br \/>\nV\u1edbi s\u1eafc v\u00e0ng r\u1ef1c r\u1ee1, r\u01b0\u1ee3u vang Collefrisio Magnolia Bianco l\u00e0 t\u00e1c ph\u1ea9m h\u00e0i h\u00f2a gi\u1eefa s\u1eafc v\u00e0 h\u01b0\u01a1ng, th\u1ec3 hi\u1ec7n s\u1ef1 tinh t\u1ebf v\u00e0 t\u01b0\u01a1i m\u00e1t c\u1ee7a mi\u1ec1n Nam \u00dd. B\u1ea1n s\u1ebd \u0111\u01b0\u1ee3c tr\u1ea3i nghi\u1ec7m m\u1ed9t h\u00e0nh tr\u00ecnh tr\u1ecdn v\u1eb9n c\u1ea3m x\u00fac t\u1eeb h\u01b0\u01a1ng th\u01a1m \u0111\u1ebfn v\u1ecb tr\u00e1i c\u00e2y t\u01b0\u01a1i m\u00e1t. H\u01b0\u01a1ng th\u01a1m \u0111\u1ea7u ti\u00ean c\u1ee7a r\u01b0\u1ee3u vang n\u00e0y mang \u0111\u1ebfn nh\u1eefng g\u1ee3i \u00fd v\u1ec1 cam, chanh v\u00e0 t\u00e1o xanh, t\u1ea1o n\u00ean m\u1ed9t c\u1ea3m gi\u00e1c m\u1edbi m\u1ebb v\u00e0 s\u1ea3ng kho\u00e1i. Khi \u0111\u00e1nh th\u1ee9c, b\u1ea1n s\u1ebd c\u1ea3m nh\u1eadn \u0111\u01b0\u1ee3c h\u01b0\u01a1ng v\u1ecb phong ph\u00fa v\u00e0 c\u00e2n b\u1eb1ng c\u1ee7a tr\u00e1i c\u00e2y nh\u01b0 l\u00ea, \u0111\u00e0o v\u00e0 chu\u1ed1i. Du v\u1ecb d\u00e0i l\u00e2u \u0111\u1ec3 l\u01b0u l\u1ea1i v\u1ecb thanh tho\u00e1t trong khoang mi\u1ec7ng. \u0110i\u1ec1u \u0111\u1eb7c bi\u1ec7t v\u1ec1 Collefrisio Magnolia Bianco l\u00e0 lo\u1ea1i r\u01b0\u1ee3u vang n\u00e0y r\u1ea5t d\u1ec5 u\u1ed1ng v\u00e0 d\u1ec5 k\u1ebft h\u1ee3p v\u1edbi c\u00e1c m\u00f3n \u0103n kh\u00e1c nhau.<\/p>\n<p><img loading=\"lazy\" decoding=\"async\" class=\"alignnone size-full wp-image-565\" src=\"https:\/\/rwinevietnam.com\/home\/wp-content\/uploads\/2023\/07\/42.jpg\" alt=\"\" width=\"800\" height=\"800\" srcset=\"https:\/\/rwinevietnam.com\/home\/wp-content\/uploads\/2023\/07\/42.jpg 800w, https:\/\/rwinevietnam.com\/home\/wp-content\/uploads\/2023\/07\/42-300x300.jpg 300w, https:\/\/rwinevietnam.com\/home\/wp-content\/uploads\/2023\/07\/42-100x100.jpg 100w, https:\/\/rwinevietnam.com\/home\/wp-content\/uploads\/2023\/07\/42-600x600.jpg 600w, https:\/\/rwinevietnam.com\/home\/wp-content\/uploads\/2023\/07\/42-150x150.jpg 150w, https:\/\/rwinevietnam.com\/home\/wp-content\/uploads\/2023\/07\/42-768x768.jpg 768w\" sizes=\"auto, (max-width: 800px) 100vw, 800px\" \/><\/p>\n<p><strong>Th\u01b0\u1edfng th\u1ee9c Vang Collefrisio Magnolia Bianco<\/strong><br \/>\nH\u00e3y th\u1eed k\u1ebft h\u1ee3p n\u00f3 v\u1edbi c\u00e1c m\u00f3n h\u1ea3i s\u1ea3n t\u01b0\u01a1i ngon, m\u00f3n salad nh\u1eb9 nh\u00e0ng hay th\u1eadm ch\u00ed l\u00e0 m\u1ed9t bu\u1ed5i h\u1eb9n h\u00f2 bu\u1ed5i t\u1ed1i l\u00e3ng m\u1ea1n. R\u01b0\u1ee3u vang n\u00e0y s\u1ebd l\u00e0m n\u1ed5i b\u1eadt m\u1ecdi b\u1eefa ti\u1ec7c v\u00e0 tr\u1edf th\u00e0nh \u0111i\u1ec3m nh\u1ea5n \u0111\u1eb7c bi\u1ec7t khi kh\u00f4ng g\u1eb7p g\u1ee1 b\u1ea1n b\u00e8 v\u00e0 ng\u01b0\u1eddi th\u00e2n.<\/p>\n<p><img loading=\"lazy\" decoding=\"async\" class=\"alignnone size-full wp-image-566\" src=\"https:\/\/rwinevietnam.com\/home\/wp-content\/uploads\/2023\/07\/43.jpg\" alt=\"\" width=\"800\" height=\"800\" srcset=\"https:\/\/rwinevietnam.com\/home\/wp-content\/uploads\/2023\/07\/43.jpg 800w, https:\/\/rwinevietnam.com\/home\/wp-content\/uploads\/2023\/07\/43-300x300.jpg 300w, https:\/\/rwinevietnam.com\/home\/wp-content\/uploads\/2023\/07\/43-100x100.jpg 100w, https:\/\/rwinevietnam.com\/home\/wp-content\/uploads\/2023\/07\/43-600x600.jpg 600w, https:\/\/rwinevietnam.com\/home\/wp-content\/uploads\/2023\/07\/43-150x150.jpg 150w, https:\/\/rwinevietnam.com\/home\/wp-content\/uploads\/2023\/07\/43-768x768.jpg 768w\" sizes=\"auto, (max-width: 800px) 100vw, 800px\" \/><\/p>\n<p>Nhi\u1ec7t \u0111\u1ed9 th\u01b0\u1edfng th\u1ee9c: 10-12 \u0111\u1ed9 C, \u01b0\u1edbp l\u1ea1nh t\u1ea7m 30 ph\u00fat tr\u01b0\u1edbc khi u\u1ed1ng s\u1ebd ngon h\u01a1n.<\/p>\n","protected":false},"excerpt":{"rendered":"<p><strong>R\u01b0\u1ee3u vang Collefrisio Magnolia Bianco<\/strong>\u00a0mang \u0111\u1ebfn m\u1ed9t tr\u1ea3i nghi\u1ec7m th\u01b0\u1edfng th\u1ee9c tuy\u1ec7t v\u1eddi cho nh\u1eefng ng\u01b0\u1eddi y\u00eau th\u00edch\u00a0r\u01b0\u1ee3u vang \u00dd.\u00a0V\u1edbi s\u1eafc v\u00e0ng r\u1ef1c r\u1ee1, h\u01b0\u01a1ng th\u01a1m d\u1ecbu m\u00e1t v\u00e0 h\u01b0\u01a1ng v\u1ecb phong ph\u00fa, th\u1ee9 r\u01b0\u1ee3u vang n\u00e0y s\u1ebd l\u00e0m xi\u00eau l\u00f2ng c\u1ea3 nh\u1eefng v\u1ecb kh\u00e1ch kh\u00f3 t\u00ednh nh\u1ea5t.<\/p>\n","protected":false},"featured_media":563,"comment_status":"closed","ping_status":"closed","template":"","meta":{"_acf_changed":false},"product_brand":[],"product_cat":[77,29],"product_tag":[],"class_list":{"0":"post-562","1":"product","2":"type-product","3":"status-publish","4":"has-post-thumbnail","6":"product_cat-cabernet-sauvignon","7":"product_cat-vang-y","9":"first","10":"instock","11":"sale","12":"shipping-taxable","13":"purchasable","14":"product-type-simple"},"acf":[],"yoast_head":"<!-- This site is optimized with the Yoast SEO plugin v26.8 - https:\/\/yoast.com\/product\/yoast-seo-wordpress\/ -->\n<title>R\u01b0\u1ee3u vang Collefrisio Magnolia Bianco - R.WINE<\/title>\n<meta name=\"robots\" content=\"noindex, follow\" \/>\n<meta property=\"og:locale\" content=\"vi_VN\" \/>\n<meta property=\"og:type\" content=\"article\" \/>\n<meta property=\"og:title\" content=\"R\u01b0\u1ee3u vang Collefrisio Magnolia Bianco - R.WINE\" \/>\n<meta property=\"og:description\" content=\"R\u01b0\u1ee3u vang Collefrisio Magnolia Bianco\u00a0mang \u0111\u1ebfn m\u1ed9t tr\u1ea3i nghi\u1ec7m th\u01b0\u1edfng th\u1ee9c tuy\u1ec7t v\u1eddi cho nh\u1eefng ng\u01b0\u1eddi y\u00eau th\u00edch\u00a0r\u01b0\u1ee3u vang \u00dd.\u00a0V\u1edbi s\u1eafc v\u00e0ng r\u1ef1c r\u1ee1, h\u01b0\u01a1ng th\u01a1m d\u1ecbu m\u00e1t v\u00e0 h\u01b0\u01a1ng v\u1ecb phong ph\u00fa, th\u1ee9 r\u01b0\u1ee3u vang n\u00e0y s\u1ebd l\u00e0m xi\u00eau l\u00f2ng c\u1ea3 nh\u1eefng v\u1ecb kh\u00e1ch kh\u00f3 t\u00ednh nh\u1ea5t.\" \/>\n<meta property=\"og:url\" content=\"https:\/\/rwinevietnam.com\/home\/ruou-vang-collefrisio-magnolia-bianco\/\" \/>\n<meta property=\"og:site_name\" content=\"R.WINE\" \/>\n<meta property=\"article:modified_time\" content=\"2023-07-11T09:01:09+00:00\" \/>\n<meta property=\"og:image\" content=\"https:\/\/rwinevietnam.com\/home\/wp-content\/uploads\/2023\/07\/40.png\" \/>\n\t<meta property=\"og:image:width\" content=\"500\" \/>\n\t<meta property=\"og:image:height\" content=\"500\" \/>\n\t<meta property=\"og:image:type\" content=\"image\/png\" \/>\n<meta name=\"twitter:card\" content=\"summary_large_image\" \/>\n<script type=\"application\/ld+json\" class=\"yoast-schema-graph\">{\"@context\":\"https:\/\/schema.org\",\"@graph\":[{\"@type\":\"WebPage\",\"@id\":\"https:\/\/rwinevietnam.com\/home\/ruou-vang-collefrisio-magnolia-bianco\/\",\"url\":\"https:\/\/rwinevietnam.com\/home\/ruou-vang-collefrisio-magnolia-bianco\/\",\"name\":\"R\u01b0\u1ee3u vang Collefrisio Magnolia Bianco - R.WINE\",\"isPartOf\":{\"@id\":\"https:\/\/rwinevietnam.com\/home\/#website\"},\"primaryImageOfPage\":{\"@id\":\"https:\/\/rwinevietnam.com\/home\/ruou-vang-collefrisio-magnolia-bianco\/#primaryimage\"},\"image\":{\"@id\":\"https:\/\/rwinevietnam.com\/home\/ruou-vang-collefrisio-magnolia-bianco\/#primaryimage\"},\"thumbnailUrl\":\"https:\/\/rwinevietnam.com\/home\/wp-content\/uploads\/2023\/07\/40.png\",\"datePublished\":\"2023-07-10T08:30:09+00:00\",\"dateModified\":\"2023-07-11T09:01:09+00:00\",\"breadcrumb\":{\"@id\":\"https:\/\/rwinevietnam.com\/home\/ruou-vang-collefrisio-magnolia-bianco\/#breadcrumb\"},\"inLanguage\":\"vi\",\"potentialAction\":[{\"@type\":\"ReadAction\",\"target\":[\"https:\/\/rwinevietnam.com\/home\/ruou-vang-collefrisio-magnolia-bianco\/\"]}]},{\"@type\":\"ImageObject\",\"inLanguage\":\"vi\",\"@id\":\"https:\/\/rwinevietnam.com\/home\/ruou-vang-collefrisio-magnolia-bianco\/#primaryimage\",\"url\":\"https:\/\/rwinevietnam.com\/home\/wp-content\/uploads\/2023\/07\/40.png\",\"contentUrl\":\"https:\/\/rwinevietnam.com\/home\/wp-content\/uploads\/2023\/07\/40.png\",\"width\":500,\"height\":500},{\"@type\":\"BreadcrumbList\",\"@id\":\"https:\/\/rwinevietnam.com\/home\/ruou-vang-collefrisio-magnolia-bianco\/#breadcrumb\",\"itemListElement\":[{\"@type\":\"ListItem\",\"position\":1,\"name\":\"Trang ch\u1ee7\",\"item\":\"https:\/\/rwinevietnam.com\/home\/\"},{\"@type\":\"ListItem\",\"position\":2,\"name\":\"S\u1ea3n ph\u1ea9m\",\"item\":\"https:\/\/rwinevietnam.com\/home\/san-pham\/\"},{\"@type\":\"ListItem\",\"position\":3,\"name\":\"R\u01b0\u1ee3u vang Collefrisio Magnolia Bianco\"}]},{\"@type\":\"WebSite\",\"@id\":\"https:\/\/rwinevietnam.com\/home\/#website\",\"url\":\"https:\/\/rwinevietnam.com\/home\/\",\"name\":\"R.WINE\",\"description\":\"C\u00d4NG TY C\u1ed4 PH\u1ea6N XU\u1ea4T KH\u1ea8U NH\u1eacP KH\u1ea8U\",\"potentialAction\":[{\"@type\":\"SearchAction\",\"target\":{\"@type\":\"EntryPoint\",\"urlTemplate\":\"https:\/\/rwinevietnam.com\/home\/?s={search_term_string}\"},\"query-input\":{\"@type\":\"PropertyValueSpecification\",\"valueRequired\":true,\"valueName\":\"search_term_string\"}}],\"inLanguage\":\"vi\"}]}<\/script>\n<!-- \/ Yoast SEO plugin. -->","yoast_head_json":{"title":"R\u01b0\u1ee3u vang Collefrisio Magnolia Bianco - R.WINE","robots":{"index":"noindex","follow":"follow"},"og_locale":"vi_VN","og_type":"article","og_title":"R\u01b0\u1ee3u vang Collefrisio Magnolia Bianco - R.WINE","og_description":"R\u01b0\u1ee3u vang Collefrisio Magnolia Bianco\u00a0mang \u0111\u1ebfn m\u1ed9t tr\u1ea3i nghi\u1ec7m th\u01b0\u1edfng th\u1ee9c tuy\u1ec7t v\u1eddi cho nh\u1eefng ng\u01b0\u1eddi y\u00eau th\u00edch\u00a0r\u01b0\u1ee3u vang \u00dd.\u00a0V\u1edbi s\u1eafc v\u00e0ng r\u1ef1c r\u1ee1, h\u01b0\u01a1ng th\u01a1m d\u1ecbu m\u00e1t v\u00e0 h\u01b0\u01a1ng v\u1ecb phong ph\u00fa, th\u1ee9 r\u01b0\u1ee3u vang n\u00e0y s\u1ebd l\u00e0m xi\u00eau l\u00f2ng c\u1ea3 nh\u1eefng v\u1ecb kh\u00e1ch kh\u00f3 t\u00ednh nh\u1ea5t.","og_url":"https:\/\/rwinevietnam.com\/home\/ruou-vang-collefrisio-magnolia-bianco\/","og_site_name":"R.WINE","article_modified_time":"2023-07-11T09:01:09+00:00","og_image":[{"width":500,"height":500,"url":"https:\/\/rwinevietnam.com\/home\/wp-content\/uploads\/2023\/07\/40.png","type":"image\/png"}],"twitter_card":"summary_large_image","schema":{"@context":"https:\/\/schema.org","@graph":[{"@type":"WebPage","@id":"https:\/\/rwinevietnam.com\/home\/ruou-vang-collefrisio-magnolia-bianco\/","url":"https:\/\/rwinevietnam.com\/home\/ruou-vang-collefrisio-magnolia-bianco\/","name":"R\u01b0\u1ee3u vang Collefrisio Magnolia Bianco - R.WINE","isPartOf":{"@id":"https:\/\/rwinevietnam.com\/home\/#website"},"primaryImageOfPage":{"@id":"https:\/\/rwinevietnam.com\/home\/ruou-vang-collefrisio-magnolia-bianco\/#primaryimage"},"image":{"@id":"https:\/\/rwinevietnam.com\/home\/ruou-vang-collefrisio-magnolia-bianco\/#primaryimage"},"thumbnailUrl":"https:\/\/rwinevietnam.com\/home\/wp-content\/uploads\/2023\/07\/40.png","datePublished":"2023-07-10T08:30:09+00:00","dateModified":"2023-07-11T09:01:09+00:00","breadcrumb":{"@id":"https:\/\/rwinevietnam.com\/home\/ruou-vang-collefrisio-magnolia-bianco\/#breadcrumb"},"inLanguage":"vi","potentialAction":[{"@type":"ReadAction","target":["https:\/\/rwinevietnam.com\/home\/ruou-vang-collefrisio-magnolia-bianco\/"]}]},{"@type":"ImageObject","inLanguage":"vi","@id":"https:\/\/rwinevietnam.com\/home\/ruou-vang-collefrisio-magnolia-bianco\/#primaryimage","url":"https:\/\/rwinevietnam.com\/home\/wp-content\/uploads\/2023\/07\/40.png","contentUrl":"https:\/\/rwinevietnam.com\/home\/wp-content\/uploads\/2023\/07\/40.png","width":500,"height":500},{"@type":"BreadcrumbList","@id":"https:\/\/rwinevietnam.com\/home\/ruou-vang-collefrisio-magnolia-bianco\/#breadcrumb","itemListElement":[{"@type":"ListItem","position":1,"name":"Trang ch\u1ee7","item":"https:\/\/rwinevietnam.com\/home\/"},{"@type":"ListItem","position":2,"name":"S\u1ea3n ph\u1ea9m","item":"https:\/\/rwinevietnam.com\/home\/san-pham\/"},{"@type":"ListItem","position":3,"name":"R\u01b0\u1ee3u vang Collefrisio Magnolia Bianco"}]},{"@type":"WebSite","@id":"https:\/\/rwinevietnam.com\/home\/#website","url":"https:\/\/rwinevietnam.com\/home\/","name":"R.WINE","description":"C\u00d4NG TY C\u1ed4 PH\u1ea6N XU\u1ea4T KH\u1ea8U NH\u1eacP KH\u1ea8U","potentialAction":[{"@type":"SearchAction","target":{"@type":"EntryPoint","urlTemplate":"https:\/\/rwinevietnam.com\/home\/?s={search_term_string}"},"query-input":{"@type":"PropertyValueSpecification","valueRequired":true,"valueName":"search_term_string"}}],"inLanguage":"vi"}]}},"_links":{"self":[{"href":"https:\/\/rwinevietnam.com\/home\/wp-json\/wp\/v2\/product\/562","targetHints":{"allow":["GET"]}}],"collection":[{"href":"https:\/\/rwinevietnam.com\/home\/wp-json\/wp\/v2\/product"}],"about":[{"href":"https:\/\/rwinevietnam.com\/home\/wp-json\/wp\/v2\/types\/product"}],"replies":[{"embeddable":true,"href":"https:\/\/rwinevietnam.com\/home\/wp-json\/wp\/v2\/comments?post=562"}],"wp:featuredmedia":[{"embeddable":true,"href":"https:\/\/rwinevietnam.com\/home\/wp-json\/wp\/v2\/media\/563"}],"wp:attachment":[{"href":"https:\/\/rwinevietnam.com\/home\/wp-json\/wp\/v2\/media?parent=562"}],"wp:term":[{"taxonomy":"product_brand","embeddable":true,"href":"https:\/\/rwinevietnam.com\/home\/wp-json\/wp\/v2\/product_brand?post=562"},{"taxonomy":"product_cat","embeddable":true,"href":"https:\/\/rwinevietnam.com\/home\/wp-json\/wp\/v2\/product_cat?post=562"},{"taxonomy":"product_tag","embeddable":true,"href":"https:\/\/rwinevietnam.com\/home\/wp-json\/wp\/v2\/product_tag?post=562"}],"curies":[{"name":"wp","href":"https:\/\/api.w.org\/{rel}","templated":true}]}}