{"id":558,"date":"2023-07-10T08:17:32","date_gmt":"2023-07-10T08:17:32","guid":{"rendered":"http:\/\/rwinevietnam.com\/?post_type=product&#038;p=558"},"modified":"2023-07-11T08:55:26","modified_gmt":"2023-07-11T08:55:26","slug":"ruou-vang-trovati-rosso-terre-siciliane-igt","status":"publish","type":"product","link":"https:\/\/rwinevietnam.com\/home\/ruou-vang-trovati-rosso-terre-siciliane-igt\/","title":{"rendered":"R\u01b0\u1ee3u vang Trovati Rosso Terre Siciliane IGT"},"content":{"rendered":"<p style=\"text-align: center;\"><span style=\"font-size: 130%;\"><strong>\u0110\u00e1nh gi\u00e1 r\u01b0\u1ee3u vang \u00dd Trovati Rosso: M\u1ed9t s\u1ef1 k\u1ebft h\u1ee3p tuy\u1ec7t v\u1eddi<\/strong><\/span><\/p>\n<p>R\u01b0\u1ee3u vang \u00dd Trovita Rosso l\u00e0 m\u1ed9t s\u1ea3n ph\u1ea9m tuy\u1ec7t v\u1eddi t\u1eeb v\u00f9ng nho n\u1ed5i ti\u1ebfng Sicily c\u1ee7a \u00dd. V\u1edbi h\u01b0\u01a1ng v\u1ecb \u0111\u1ed9c \u0111\u00e1o v\u00e0 h\u01b0\u01a1ng th\u01a1m quy\u1ebfn r\u0169, r\u01b0\u1ee3u vang \u00dd Trovati Rosso \u0111\u00e3 tr\u1edf th\u00e0nh s\u1ef1 l\u1ef1a ch\u1ecdn \u01b0a th\u00edch c\u1ee7a nhi\u1ec1u ng\u01b0\u1eddi y\u00eau vang tr\u00ean to\u00e0n th\u1ebf gi\u1edbi. Trong b\u00e0i vi\u1ebft n\u00e0y, ch\u00fang ta s\u1ebd t\u00ecm hi\u1ec3u v\u1ec1 l\u1ecbch s\u1eed, quy tr\u00ecnh s\u1ea3n xu\u1ea5t, h\u01b0\u01a1ng v\u1ecb v\u00e0 h\u01b0\u01a1ng th\u01a1m, c\u00e1ch k\u1ebft h\u1ee3p v\u1edbi m\u00f3n \u0103n, l\u1ee3i \u00edch s\u1ee9c kh\u1ecfe, c\u00e1ch l\u01b0u tr\u1eef v\u00e0 s\u1eed d\u1ee5ng, \u0111\u00e1nh gi\u00e1 c\u1ee7a kh\u00e1ch h\u00e0ng.<\/p>\n<p>R\u01b0\u1ee3u vang \u00dd Trovati Rosso c\u00f3 m\u1ed9t l\u1ecbch s\u1eed l\u00e2u \u0111\u1eddi v\u00e0 ph\u00e1t tri\u1ec3n trong v\u00f9ng nho \u00dd t\u1eeb th\u1ebf k\u1ef7 18. V\u00f9ng nho \u00dd n\u1ed5i ti\u1ebfng tr\u00ean to\u00e0n th\u1ebf gi\u1edbi v\u1edbi c\u00e1c lo\u1ea1i nho ch\u1ea5t l\u01b0\u1ee3ng cao v\u00e0 \u0111i\u1ec1u ki\u1ec7n \u0111\u1ecba l\u00fd thu\u1eadn l\u1ee3i cho vi\u1ec7c tr\u1ed3ng nho. \u00dd \u0111\u01b0\u1ee3c bi\u1ebft \u0111\u1ebfn l\u00e0 m\u1ed9t trong nh\u1eefng qu\u1ed1c gia s\u1ea3n xu\u1ea5t r\u01b0\u1ee3u vang h\u00e0ng \u0111\u1ea7u tr\u00ean th\u1ebf gi\u1edbi, .<\/p>\n<p><img loading=\"lazy\" decoding=\"async\" class=\"alignnone size-full wp-image-559\" src=\"https:\/\/rwinevietnam.com\/home\/wp-content\/uploads\/2023\/07\/35.jpg\" alt=\"\" width=\"800\" height=\"800\" srcset=\"https:\/\/rwinevietnam.com\/home\/wp-content\/uploads\/2023\/07\/35.jpg 800w, https:\/\/rwinevietnam.com\/home\/wp-content\/uploads\/2023\/07\/35-300x300.jpg 300w, https:\/\/rwinevietnam.com\/home\/wp-content\/uploads\/2023\/07\/35-100x100.jpg 100w, https:\/\/rwinevietnam.com\/home\/wp-content\/uploads\/2023\/07\/35-600x600.jpg 600w, https:\/\/rwinevietnam.com\/home\/wp-content\/uploads\/2023\/07\/35-150x150.jpg 150w, https:\/\/rwinevietnam.com\/home\/wp-content\/uploads\/2023\/07\/35-768x768.jpg 768w\" sizes=\"auto, (max-width: 800px) 100vw, 800px\" \/><\/p>\n<p><strong>Quy tr\u00ecnh s\u1ea3n xu\u1ea5t r\u01b0\u1ee3u vang Trovati Rosso<\/strong><br \/>\nQuy tr\u00ecnh s\u1ea3n xu\u1ea5t r\u01b0\u1ee3u vang \u00dd Trovati Rosso l\u00e0 m\u1ed9t qu\u00e1 tr\u00ecnh tinh t\u1ebf v\u00e0 c\u00f4ng phu. B\u01b0\u1edbc \u0111\u1ea7u ti\u00ean l\u00e0 thu ho\u1ea1ch nho Cabernet Sauvignon, Merlot, Syrah t\u1ea1i th\u1eddi \u0111i\u1ec3m ho\u00e0n h\u1ea3o \u0111\u1ec3 \u0111\u1ea3m b\u1ea3o ch\u1ea5t l\u01b0\u1ee3ng cao nh\u1ea5t. Sau \u0111\u00f3, nho \u0111\u01b0\u1ee3c \u00e9p v\u00e0 l\u00ean men b\u1eb1ng c\u00e1ch th\u00eam c\u00e1c lo\u1ea1i n\u1ea5m men \u0111\u00e3 ch\u1ecdn \u1edf nhi\u1ec7t \u0111\u1ed9 26-28 \u00b0 C trong 10-12 ng\u00e0y v\u1edbi qu\u00e1 tr\u00ecnh b\u01a1m h\u01a1i theo \u0111\u1ecbnh k\u1ef3 \u0111\u1ec3 c\u00f3 \u0111\u01b0\u1ee3c m\u1ed9t lo\u1ea1i r\u01b0\u1ee3u r\u1ea5t m\u1ea1nh v\u1edbi m\u00f9i th\u01a1m c\u1ee7a tr\u00e1i c\u00e2y ch\u00edn. Sau \u0111\u00f3 Cabernet \u0111\u01b0\u1ee3c \u1ee7 trong th\u00f9ng g\u1ed7 t\u1eeb 8 \u2013 10 th\u00e1ng v\u00e0 n\u00f3 ch\u1ec9 \u1edf cu\u1ed1i giai \u0111o\u1ea1n gi\u00e0 h\u00f3a n\u00e0y v\u00e0 n\u00f3 \u0111\u01b0\u1ee3c pha tr\u1ed9n v\u1edbi \u0111\u1ebf Syrah-Merlot, mang \u0111\u1ebfn cho n\u00f3 nh\u1eefng n\u1ed1t h\u01b0\u01a1ng nho kh\u00f4, m\u1ed9t \u0111\u1eb7c t\u00ednh m\u1ea1nh m\u1ebd v\u00e0 tr\u00e0n \u0111\u1ea7y s\u1ee9c s\u1ed1ng c\u1ed9ng v\u1edbi nh\u1eefng n\u1ed1t h\u01b0\u01a1ng tinh t\u1ebf v\u00e0 thanh l\u1ecbch c\u1ee7a g\u1ed7 s\u1ed3i.<\/p>\n<p><strong>H\u01b0\u01a1ng v\u1ecb c\u1ee7a r\u01b0\u1ee3u vang \u00dd Trovati Rosso<\/strong><br \/>\nR\u01b0\u1ee3u vang Trovati Rosso c\u00f3 h\u01b0\u01a1ng v\u1ecb \u0111\u1ed9c \u0111\u00e1o v\u00e0 h\u01b0\u01a1ng th\u01a1m quy\u1ebfn r\u0169. V\u1edbi m\u00e0u \u0111\u1ecf \u0111\u1eadm v\u00e0 \u0111\u1ed9 c\u1ed3n cao, r\u01b0\u1ee3u vang n\u00e0y mang \u0111\u1ebfn m\u1ed9t tr\u1ea3i nghi\u1ec7m th\u01b0\u1edfng th\u1ee9c \u0111\u1ea7y ph\u1ea5n kh\u00edch. H\u01b0\u01a1ng v\u1ecb ch\u1ee7 \u0111\u1ea1o l\u00e0 h\u01b0\u01a1ng tr\u00e1i c\u00e2y ch\u00edn m\u1ecdng, v\u1edbi g\u1ee3i \u00fd c\u1ee7a m\u1eadn, anh \u0111\u00e0o v\u00e0 qu\u1ea3 m\u00e2m x\u00f4i. H\u01b0\u01a1ng th\u01a1m c\u1ee7a r\u01b0\u1ee3u vang \u00dd Trovati Rosso l\u00e0 s\u1ef1 pha tr\u1ed9n tinh t\u1ebf c\u1ee7a gia v\u1ecb, g\u1ed7 s\u1ed3i v\u00e0 h\u01b0\u01a1ng th\u1ea3o.<\/p>\n<p><strong>Nh\u1eefng m\u00f3n \u0103n ph\u00f9 h\u1ee3p \u0111\u1ec3 k\u1ebft h\u1ee3p v\u1edbi r\u01b0\u1ee3u vang \u00dd Trovati Rosso<\/strong><br \/>\nR\u01b0\u1ee3u vang \u00dd Trovati Rosso l\u00e0 m\u1ed9t l\u1ef1a ch\u1ecdn tuy\u1ec7t v\u1eddi \u0111\u1ec3 k\u1ebft h\u1ee3p v\u1edbi nhi\u1ec1u m\u00f3n \u0103n kh\u00e1c nhau. V\u1edbi h\u01b0\u01a1ng v\u1ecb \u0111\u1eadm \u0111\u00e0 v\u00e0 c\u1ea5u tr\u00fac t\u1ed1t, r\u01b0\u1ee3u vang n\u00e0y th\u01b0\u1eddng \u0111\u01b0\u1ee3c th\u01b0\u1edfng th\u1ee9c c\u00f9ng c\u00e1c m\u00f3n th\u1ecbt \u0111\u1ecf, ph\u00f4 mai ch\u00edn, th\u1ecbt h\u1ea7m v\u00e0 m\u00f3n \u0103n \u00dd truy\u1ec1n th\u1ed1ng nh\u01b0 pasta v\u00e0 b\u00e1nh pizza. S\u1ef1 k\u1ebft h\u1ee3p ho\u00e0n h\u1ea3o gi\u1eefa r\u01b0\u1ee3u vang Trovati Rosso v\u00e0 c\u00e1c m\u00f3n \u0103n s\u1ebd mang \u0111\u1ebfn tr\u1ea3i nghi\u1ec7m th\u01b0\u1edfng th\u1ee9c tuy\u1ec7t v\u1eddi.<\/p>\n<p><strong>L\u1ee3i \u00edch s\u1ee9c kh\u1ecfe c\u1ee7a r\u01b0\u1ee3u vang \u00dd Trovati Rosso<\/strong><br \/>\nR\u01b0\u1ee3u vang \u00dd Trovati Rosso c\u0169ng mang l\u1ea1i nhi\u1ec1u l\u1ee3i \u00edch cho s\u1ee9c kh\u1ecfe. V\u1edbi h\u00e0m l\u01b0\u1ee3ng ch\u1ea5t ch\u1ed1ng oxi h\u00f3a cao, r\u01b0\u1ee3u vang \u00dd Trovati Rosso c\u00f3 th\u1ec3 gi\u00fap b\u1ea3o v\u1ec7 t\u1ebf b\u00e0o kh\u1ecfi t\u00e1c \u0111\u1ed9ng c\u1ee7a c\u00e1c g\u1ed1c t\u1ef1 do. Ngo\u00e0i ra, n\u00f3 c\u0169ng \u0111\u01b0\u1ee3c cho l\u00e0 c\u00f3 kh\u1ea3 n\u0103ng gi\u1ea3m nguy c\u01a1 m\u1eafc b\u1ec7nh tim m\u1ea1ch v\u00e0 c\u1ea3i thi\u1ec7n ch\u1ee9c n\u0103ng tim m\u1ea1ch. Tuy nhi\u00ean, vi\u1ec7c th\u01b0\u1edfng th\u1ee9c r\u01b0\u1ee3u vang n\u00ean \u0111\u01b0\u1ee3c th\u1ef1c hi\u1ec7n m\u1ed9t c\u00e1ch c\u00f3 tr\u00e1ch nhi\u1ec7m v\u00e0 v\u1edbi li\u1ec1u l\u01b0\u1ee3ng h\u1ee3p l\u00fd.<\/p>\n<p><strong>C\u00e1ch l\u01b0u tr\u1eef v\u00e0 s\u1eed d\u1ee5ng r\u01b0\u1ee3u vang \u00dd Trovati Rosso<\/strong><br \/>\n\u0110\u1ec3 \u0111\u1ea3m b\u1ea3o r\u01b0\u1ee3u vang \u00dd Trovati Rosso gi\u1eef \u0111\u01b0\u1ee3c ch\u1ea5t l\u01b0\u1ee3ng t\u1ed1t nh\u1ea5t, c\u1ea7n l\u01b0u tr\u1eef v\u00e0 s\u1eed d\u1ee5ng \u0111\u00fang c\u00e1ch. R\u01b0\u1ee3u vang n\u00ean \u0111\u01b0\u1ee3c l\u01b0u tr\u1eef \u1edf nhi\u1ec7t \u0111\u1ed9 m\u00e1t m\u1ebb v\u00e0 \u1ed5n \u0111\u1ecbnh, tr\u00e1nh \u00e1nh s\u00e1ng m\u1eb7t tr\u1eddi tr\u1ef1c ti\u1ebfp v\u00e0 dao \u0111\u1ed9ng nhi\u1ec7t \u0111\u1ed9 l\u1edbn. \u0110\u1ec3 th\u01b0\u1edfng th\u1ee9c chu\u1ea9n, h\u00e3y s\u1eed d\u1ee5ng ly r\u01b0\u1ee3u vang ch\u1ea5t l\u01b0\u1ee3ng t\u1ed1t v\u00e0 \u0111\u1ec3 r\u01b0\u1ee3u th\u1edf trong ly tr\u01b0\u1edbc khi th\u01b0\u1edfng th\u1ee9c.<\/p>\n<p><img loading=\"lazy\" decoding=\"async\" class=\"alignnone size-full wp-image-560\" src=\"https:\/\/rwinevietnam.com\/home\/wp-content\/uploads\/2023\/07\/36.jpg\" alt=\"\" width=\"800\" height=\"600\" srcset=\"https:\/\/rwinevietnam.com\/home\/wp-content\/uploads\/2023\/07\/36.jpg 800w, https:\/\/rwinevietnam.com\/home\/wp-content\/uploads\/2023\/07\/36-300x225.jpg 300w, https:\/\/rwinevietnam.com\/home\/wp-content\/uploads\/2023\/07\/36-600x450.jpg 600w, https:\/\/rwinevietnam.com\/home\/wp-content\/uploads\/2023\/07\/36-768x576.jpg 768w\" sizes=\"auto, (max-width: 800px) 100vw, 800px\" \/><\/p>\n<p><strong>\u0110\u00e1nh gi\u00e1 kh\u00e1ch h\u00e0ng v\u1ec1 r\u01b0\u1ee3u vang \u00dd Trovati Rosso<\/strong><\/p>\n<p>R\u01b0\u1ee3u vang \u00dd Trovati Rosso \u0111\u00e3 nh\u1eadn \u0111\u01b0\u1ee3c nhi\u1ec1u \u0111\u00e1nh gi\u00e1 t\u00edch c\u1ef1c t\u1eeb kh\u00e1ch h\u00e0ng tr\u00ean to\u00e0n th\u1ebf gi\u1edbi. \u0110\u00e1nh gi\u00e1 chung c\u1ee7a kh\u00e1ch h\u00e0ng l\u00e0 r\u01b0\u1ee3u vang n\u00e0y c\u00f3 h\u01b0\u01a1ng v\u1ecb phong ph\u00fa v\u00e0 c\u1ea5u tr\u00fac t\u1ed1t. H\u1ecd \u0111\u00e1nh gi\u00e1 cao s\u1ef1 c\u00e2n b\u1eb1ng gi\u1eefa h\u01b0\u01a1ng tr\u00e1i c\u00e2y v\u00e0 gia v\u1ecb, c\u00f9ng v\u1edbi h\u01b0\u01a1ng th\u01a1m quy\u1ebfn r\u0169. \u0110\u01b0\u1ee3c xem l\u00e0 m\u1ed9t s\u1ef1 l\u1ef1a ch\u1ecdn \u0111\u00e1ng gi\u00e1 cho nh\u1eefng ai mu\u1ed1n tr\u1ea3i nghi\u1ec7m v\u1ecb ngon v\u00e0 h\u01b0\u01a1ng th\u01a1m c\u1ee7a r\u01b0\u1ee3u vang \u00dd.<\/p>\n","protected":false},"excerpt":{"rendered":"<p><strong>R\u01b0\u1ee3u vang \u00dd Trovati Rosso<\/strong>\u00a0l\u00e0 m\u1ed9t s\u1ea3n ph\u1ea9m tuy\u1ec7t v\u1eddi t\u1eeb v\u00f9ng nho n\u1ed5i ti\u1ebfng Sicily c\u1ee7a \u00dd. V\u1edbi h\u01b0\u01a1ng v\u1ecb \u0111\u1ed9c \u0111\u00e1o v\u00e0 h\u01b0\u01a1ng th\u01a1m quy\u1ebfn r\u0169, r\u01b0\u1ee3u vang \u00dd Trovati Rosso \u0111\u00e3 tr\u1edf th\u00e0nh s\u1ef1 l\u1ef1a ch\u1ecdn \u01b0a th\u00edch c\u1ee7a nhi\u1ec1u ng\u01b0\u1eddi y\u00eau vang tr\u00ean to\u00e0n th\u1ebf gi\u1edbi. V\u1edbi m\u1ee9c gi\u00e1 ph\u1ea3i ch\u0103ng \u0111\u00e2y l\u00e0 chai vang u\u1ed1ng ngon \u0111\u01b0\u1ee3c d\u00f9ng h\u00e0ng ng\u00e0y.<\/p>\n","protected":false},"featured_media":561,"comment_status":"closed","ping_status":"closed","template":"","meta":{"_acf_changed":false},"product_brand":[],"product_cat":[77,29],"product_tag":[],"class_list":{"0":"post-558","1":"product","2":"type-product","3":"status-publish","4":"has-post-thumbnail","6":"product_cat-cabernet-sauvignon","7":"product_cat-vang-y","9":"first","10":"instock","11":"sale","12":"shipping-taxable","13":"purchasable","14":"product-type-simple"},"acf":[],"yoast_head":"<!-- This site is optimized with the Yoast SEO plugin v26.8 - https:\/\/yoast.com\/product\/yoast-seo-wordpress\/ -->\n<title>R\u01b0\u1ee3u vang Trovati Rosso Terre Siciliane IGT - R.WINE<\/title>\n<meta name=\"robots\" content=\"noindex, follow\" \/>\n<meta property=\"og:locale\" content=\"vi_VN\" \/>\n<meta property=\"og:type\" content=\"article\" \/>\n<meta property=\"og:title\" content=\"R\u01b0\u1ee3u vang Trovati Rosso Terre Siciliane IGT - R.WINE\" \/>\n<meta property=\"og:description\" content=\"R\u01b0\u1ee3u vang \u00dd Trovati Rosso\u00a0l\u00e0 m\u1ed9t s\u1ea3n ph\u1ea9m tuy\u1ec7t v\u1eddi t\u1eeb v\u00f9ng nho n\u1ed5i ti\u1ebfng Sicily c\u1ee7a \u00dd. V\u1edbi h\u01b0\u01a1ng v\u1ecb \u0111\u1ed9c \u0111\u00e1o v\u00e0 h\u01b0\u01a1ng th\u01a1m quy\u1ebfn r\u0169, r\u01b0\u1ee3u vang \u00dd Trovati Rosso \u0111\u00e3 tr\u1edf th\u00e0nh s\u1ef1 l\u1ef1a ch\u1ecdn \u01b0a th\u00edch c\u1ee7a nhi\u1ec1u ng\u01b0\u1eddi y\u00eau vang tr\u00ean to\u00e0n th\u1ebf gi\u1edbi. V\u1edbi m\u1ee9c gi\u00e1 ph\u1ea3i ch\u0103ng \u0111\u00e2y l\u00e0 chai vang u\u1ed1ng ngon \u0111\u01b0\u1ee3c d\u00f9ng h\u00e0ng ng\u00e0y.\" \/>\n<meta property=\"og:url\" content=\"https:\/\/rwinevietnam.com\/home\/ruou-vang-trovati-rosso-terre-siciliane-igt\/\" \/>\n<meta property=\"og:site_name\" content=\"R.WINE\" \/>\n<meta property=\"article:modified_time\" content=\"2023-07-11T08:55:26+00:00\" \/>\n<meta property=\"og:image\" content=\"https:\/\/rwinevietnam.com\/home\/wp-content\/uploads\/2023\/07\/34.png\" \/>\n\t<meta property=\"og:image:width\" content=\"500\" \/>\n\t<meta property=\"og:image:height\" content=\"500\" \/>\n\t<meta property=\"og:image:type\" content=\"image\/png\" \/>\n<meta name=\"twitter:card\" content=\"summary_large_image\" \/>\n<script type=\"application\/ld+json\" class=\"yoast-schema-graph\">{\"@context\":\"https:\/\/schema.org\",\"@graph\":[{\"@type\":\"WebPage\",\"@id\":\"https:\/\/rwinevietnam.com\/home\/ruou-vang-trovati-rosso-terre-siciliane-igt\/\",\"url\":\"https:\/\/rwinevietnam.com\/home\/ruou-vang-trovati-rosso-terre-siciliane-igt\/\",\"name\":\"R\u01b0\u1ee3u vang Trovati Rosso Terre Siciliane IGT - R.WINE\",\"isPartOf\":{\"@id\":\"https:\/\/rwinevietnam.com\/home\/#website\"},\"primaryImageOfPage\":{\"@id\":\"https:\/\/rwinevietnam.com\/home\/ruou-vang-trovati-rosso-terre-siciliane-igt\/#primaryimage\"},\"image\":{\"@id\":\"https:\/\/rwinevietnam.com\/home\/ruou-vang-trovati-rosso-terre-siciliane-igt\/#primaryimage\"},\"thumbnailUrl\":\"https:\/\/rwinevietnam.com\/home\/wp-content\/uploads\/2023\/07\/34.png\",\"datePublished\":\"2023-07-10T08:17:32+00:00\",\"dateModified\":\"2023-07-11T08:55:26+00:00\",\"breadcrumb\":{\"@id\":\"https:\/\/rwinevietnam.com\/home\/ruou-vang-trovati-rosso-terre-siciliane-igt\/#breadcrumb\"},\"inLanguage\":\"vi\",\"potentialAction\":[{\"@type\":\"ReadAction\",\"target\":[\"https:\/\/rwinevietnam.com\/home\/ruou-vang-trovati-rosso-terre-siciliane-igt\/\"]}]},{\"@type\":\"ImageObject\",\"inLanguage\":\"vi\",\"@id\":\"https:\/\/rwinevietnam.com\/home\/ruou-vang-trovati-rosso-terre-siciliane-igt\/#primaryimage\",\"url\":\"https:\/\/rwinevietnam.com\/home\/wp-content\/uploads\/2023\/07\/34.png\",\"contentUrl\":\"https:\/\/rwinevietnam.com\/home\/wp-content\/uploads\/2023\/07\/34.png\",\"width\":500,\"height\":500},{\"@type\":\"BreadcrumbList\",\"@id\":\"https:\/\/rwinevietnam.com\/home\/ruou-vang-trovati-rosso-terre-siciliane-igt\/#breadcrumb\",\"itemListElement\":[{\"@type\":\"ListItem\",\"position\":1,\"name\":\"Trang ch\u1ee7\",\"item\":\"https:\/\/rwinevietnam.com\/home\/\"},{\"@type\":\"ListItem\",\"position\":2,\"name\":\"S\u1ea3n ph\u1ea9m\",\"item\":\"https:\/\/rwinevietnam.com\/home\/san-pham\/\"},{\"@type\":\"ListItem\",\"position\":3,\"name\":\"R\u01b0\u1ee3u vang Trovati Rosso Terre Siciliane IGT\"}]},{\"@type\":\"WebSite\",\"@id\":\"https:\/\/rwinevietnam.com\/home\/#website\",\"url\":\"https:\/\/rwinevietnam.com\/home\/\",\"name\":\"R.WINE\",\"description\":\"C\u00d4NG TY C\u1ed4 PH\u1ea6N XU\u1ea4T KH\u1ea8U NH\u1eacP KH\u1ea8U\",\"potentialAction\":[{\"@type\":\"SearchAction\",\"target\":{\"@type\":\"EntryPoint\",\"urlTemplate\":\"https:\/\/rwinevietnam.com\/home\/?s={search_term_string}\"},\"query-input\":{\"@type\":\"PropertyValueSpecification\",\"valueRequired\":true,\"valueName\":\"search_term_string\"}}],\"inLanguage\":\"vi\"}]}<\/script>\n<!-- \/ Yoast SEO plugin. -->","yoast_head_json":{"title":"R\u01b0\u1ee3u vang Trovati Rosso Terre Siciliane IGT - R.WINE","robots":{"index":"noindex","follow":"follow"},"og_locale":"vi_VN","og_type":"article","og_title":"R\u01b0\u1ee3u vang Trovati Rosso Terre Siciliane IGT - R.WINE","og_description":"R\u01b0\u1ee3u vang \u00dd Trovati Rosso\u00a0l\u00e0 m\u1ed9t s\u1ea3n ph\u1ea9m tuy\u1ec7t v\u1eddi t\u1eeb v\u00f9ng nho n\u1ed5i ti\u1ebfng Sicily c\u1ee7a \u00dd. V\u1edbi h\u01b0\u01a1ng v\u1ecb \u0111\u1ed9c \u0111\u00e1o v\u00e0 h\u01b0\u01a1ng th\u01a1m quy\u1ebfn r\u0169, r\u01b0\u1ee3u vang \u00dd Trovati Rosso \u0111\u00e3 tr\u1edf th\u00e0nh s\u1ef1 l\u1ef1a ch\u1ecdn \u01b0a th\u00edch c\u1ee7a nhi\u1ec1u ng\u01b0\u1eddi y\u00eau vang tr\u00ean to\u00e0n th\u1ebf gi\u1edbi. V\u1edbi m\u1ee9c gi\u00e1 ph\u1ea3i ch\u0103ng \u0111\u00e2y l\u00e0 chai vang u\u1ed1ng ngon \u0111\u01b0\u1ee3c d\u00f9ng h\u00e0ng ng\u00e0y.","og_url":"https:\/\/rwinevietnam.com\/home\/ruou-vang-trovati-rosso-terre-siciliane-igt\/","og_site_name":"R.WINE","article_modified_time":"2023-07-11T08:55:26+00:00","og_image":[{"width":500,"height":500,"url":"https:\/\/rwinevietnam.com\/home\/wp-content\/uploads\/2023\/07\/34.png","type":"image\/png"}],"twitter_card":"summary_large_image","schema":{"@context":"https:\/\/schema.org","@graph":[{"@type":"WebPage","@id":"https:\/\/rwinevietnam.com\/home\/ruou-vang-trovati-rosso-terre-siciliane-igt\/","url":"https:\/\/rwinevietnam.com\/home\/ruou-vang-trovati-rosso-terre-siciliane-igt\/","name":"R\u01b0\u1ee3u vang Trovati Rosso Terre Siciliane IGT - R.WINE","isPartOf":{"@id":"https:\/\/rwinevietnam.com\/home\/#website"},"primaryImageOfPage":{"@id":"https:\/\/rwinevietnam.com\/home\/ruou-vang-trovati-rosso-terre-siciliane-igt\/#primaryimage"},"image":{"@id":"https:\/\/rwinevietnam.com\/home\/ruou-vang-trovati-rosso-terre-siciliane-igt\/#primaryimage"},"thumbnailUrl":"https:\/\/rwinevietnam.com\/home\/wp-content\/uploads\/2023\/07\/34.png","datePublished":"2023-07-10T08:17:32+00:00","dateModified":"2023-07-11T08:55:26+00:00","breadcrumb":{"@id":"https:\/\/rwinevietnam.com\/home\/ruou-vang-trovati-rosso-terre-siciliane-igt\/#breadcrumb"},"inLanguage":"vi","potentialAction":[{"@type":"ReadAction","target":["https:\/\/rwinevietnam.com\/home\/ruou-vang-trovati-rosso-terre-siciliane-igt\/"]}]},{"@type":"ImageObject","inLanguage":"vi","@id":"https:\/\/rwinevietnam.com\/home\/ruou-vang-trovati-rosso-terre-siciliane-igt\/#primaryimage","url":"https:\/\/rwinevietnam.com\/home\/wp-content\/uploads\/2023\/07\/34.png","contentUrl":"https:\/\/rwinevietnam.com\/home\/wp-content\/uploads\/2023\/07\/34.png","width":500,"height":500},{"@type":"BreadcrumbList","@id":"https:\/\/rwinevietnam.com\/home\/ruou-vang-trovati-rosso-terre-siciliane-igt\/#breadcrumb","itemListElement":[{"@type":"ListItem","position":1,"name":"Trang ch\u1ee7","item":"https:\/\/rwinevietnam.com\/home\/"},{"@type":"ListItem","position":2,"name":"S\u1ea3n ph\u1ea9m","item":"https:\/\/rwinevietnam.com\/home\/san-pham\/"},{"@type":"ListItem","position":3,"name":"R\u01b0\u1ee3u vang Trovati Rosso Terre Siciliane IGT"}]},{"@type":"WebSite","@id":"https:\/\/rwinevietnam.com\/home\/#website","url":"https:\/\/rwinevietnam.com\/home\/","name":"R.WINE","description":"C\u00d4NG TY C\u1ed4 PH\u1ea6N XU\u1ea4T KH\u1ea8U NH\u1eacP KH\u1ea8U","potentialAction":[{"@type":"SearchAction","target":{"@type":"EntryPoint","urlTemplate":"https:\/\/rwinevietnam.com\/home\/?s={search_term_string}"},"query-input":{"@type":"PropertyValueSpecification","valueRequired":true,"valueName":"search_term_string"}}],"inLanguage":"vi"}]}},"_links":{"self":[{"href":"https:\/\/rwinevietnam.com\/home\/wp-json\/wp\/v2\/product\/558","targetHints":{"allow":["GET"]}}],"collection":[{"href":"https:\/\/rwinevietnam.com\/home\/wp-json\/wp\/v2\/product"}],"about":[{"href":"https:\/\/rwinevietnam.com\/home\/wp-json\/wp\/v2\/types\/product"}],"replies":[{"embeddable":true,"href":"https:\/\/rwinevietnam.com\/home\/wp-json\/wp\/v2\/comments?post=558"}],"wp:featuredmedia":[{"embeddable":true,"href":"https:\/\/rwinevietnam.com\/home\/wp-json\/wp\/v2\/media\/561"}],"wp:attachment":[{"href":"https:\/\/rwinevietnam.com\/home\/wp-json\/wp\/v2\/media?parent=558"}],"wp:term":[{"taxonomy":"product_brand","embeddable":true,"href":"https:\/\/rwinevietnam.com\/home\/wp-json\/wp\/v2\/product_brand?post=558"},{"taxonomy":"product_cat","embeddable":true,"href":"https:\/\/rwinevietnam.com\/home\/wp-json\/wp\/v2\/product_cat?post=558"},{"taxonomy":"product_tag","embeddable":true,"href":"https:\/\/rwinevietnam.com\/home\/wp-json\/wp\/v2\/product_tag?post=558"}],"curies":[{"name":"wp","href":"https:\/\/api.w.org\/{rel}","templated":true}]}}