{"id":551,"date":"2023-07-10T08:10:27","date_gmt":"2023-07-10T08:10:27","guid":{"rendered":"http:\/\/rwinevietnam.com\/?post_type=product&#038;p=551"},"modified":"2023-07-11T09:33:07","modified_gmt":"2023-07-11T09:33:07","slug":"ruou-vang-viginti-negroamaro-schola-sarmenti-17-do","status":"publish","type":"product","link":"https:\/\/rwinevietnam.com\/home\/ruou-vang-viginti-negroamaro-schola-sarmenti-17-do\/","title":{"rendered":"R\u01b0\u1ee3u vang Viginti Negroamaro Schola Sarmenti 17 \u0111\u1ed9"},"content":{"rendered":"<p style=\"text-align: center;\"><strong><span style=\"font-size: 130%;\">Gi\u1edbi thi\u1ec7u v\u1ec1 Vang \u00dd Viginti<\/span><\/strong><\/p>\n<p>Vang \u00dd Viginti l\u00e0 m\u1ed9t d\u00f2ng s\u1ea3n ph\u1ea9m n\u1ed5i ti\u1ebfng c\u1ee7a \u00dd v\u1edbi ch\u1ea5t l\u01b0\u1ee3ng cao v\u00e0 h\u01b0\u01a1ng v\u1ecb \u0111\u1eb7c tr\u01b0ng. \u0110\u01b0\u1ee3c s\u1ea3n xu\u1ea5t t\u1eeb gi\u1ed1ng nho Negroamaro v\u00e0 ch\u1ee7 y\u1ebfu \u0111\u01b0\u1ee3c tr\u1ed3ng t\u1ea1i v\u01b0\u1eddn nho Schola Sarmenti, Vang \u00dd Viginti \u0111\u00e3 thu h\u00fat s\u1ef1 quan t\u00e2m c\u1ee7a c\u00e1c t\u00edn \u0111\u1ed3 y\u00eau vang tr\u00ean to\u00e0n th\u1ebf gi\u1edbi.<\/p>\n<p>Gi\u1ed1ng nho s\u1eed d\u1ee5ng: 100% Negroamaro.<br \/>\nN\u1ed3ng \u0111\u1ed9 c\u1ed3n: 16,8% Alc.<br \/>\nTu\u1ed5i c\u1ee7a c\u00e2y nho: Kho\u1ea3ng 60 n\u0103m.<br \/>\nH\u1ec7 th\u1ed1ng canh t\u00e1c: C\u00e2y nho non Apulian, 4.200 c\u00e2y tr\u00ean m\u1ed7i hecta.<br \/>\nThu ho\u1ea1ch v\u00e0 l\u00e0m r\u01b0\u1ee3u: Nho \u0111\u01b0\u1ee3c thu ho\u1ea1ch mu\u1ed9n, b\u1eb1ng tay v\u00e0 \u0111\u01b0\u1ee3c s\u1ea5y kh\u00f4 trong h\u1ed9p.<br \/>\nTr\u01b0\u1edfng th\u00e0nh v\u00e0 \u1ee7: 30 th\u00e1ng trong th\u00f9ng g\u1ed7 s\u1ed3i ch\u1ea5t l\u01b0\u1ee3ng t\u1eeb Ph\u00e1p, sau \u0111\u00f3 \u1ee7 th\u00eam 8 th\u00e1ng trong chai.<\/p>\n<p><img loading=\"lazy\" decoding=\"async\" class=\"alignnone size-full wp-image-553\" src=\"https:\/\/rwinevietnam.com\/home\/wp-content\/uploads\/2023\/07\/31.jpg\" alt=\"\" width=\"800\" height=\"800\" srcset=\"https:\/\/rwinevietnam.com\/home\/wp-content\/uploads\/2023\/07\/31.jpg 800w, https:\/\/rwinevietnam.com\/home\/wp-content\/uploads\/2023\/07\/31-300x300.jpg 300w, https:\/\/rwinevietnam.com\/home\/wp-content\/uploads\/2023\/07\/31-100x100.jpg 100w, https:\/\/rwinevietnam.com\/home\/wp-content\/uploads\/2023\/07\/31-600x600.jpg 600w, https:\/\/rwinevietnam.com\/home\/wp-content\/uploads\/2023\/07\/31-150x150.jpg 150w, https:\/\/rwinevietnam.com\/home\/wp-content\/uploads\/2023\/07\/31-768x768.jpg 768w\" sizes=\"auto, (max-width: 800px) 100vw, 800px\" \/><\/p>\n<p>Negroamaro l\u00e0 m\u1ed9t gi\u1ed1ng nho \u0111\u1ecf c\u1ed5 x\u01b0a c\u1ee7a v\u00f9ng Puglia \u1edf \u00dd. V\u1edbi m\u00e0u s\u1eafc \u0111\u1eadm \u0111\u00e0 v\u00e0 h\u01b0\u01a1ng v\u1ecb t\u01b0\u01a1i m\u00e1t, Negroamaro t\u1ea1o n\u00ean h\u01b0\u01a1ng v\u1ecb \u0111\u1eb7c bi\u1ec7t cho Vang \u00dd Viginti. Gi\u1ed1ng nho n\u00e0y c\u00f3 kh\u1ea3 n\u0103ng ch\u1ecbu nhi\u1ec7t cao v\u00e0 th\u00edch h\u1ee3p v\u1edbi kh\u00ed h\u1eadu kh\u1eafc nghi\u1ec7t c\u1ee7a v\u00f9ng Puglia.<\/p>\n<p><strong>Quy tr\u00ecnh l\u00e0m vang Viginti<\/strong><br \/>\nVang \u00dd Viginti \u0111\u01b0\u1ee3c tr\u1ed3ng v\u00e0 ch\u0103m s\u00f3c t\u1ea1i v\u01b0\u1eddn nho Schola Sarmenti, n\u1eb1m \u1edf v\u00f9ng Salento c\u1ee7a Puglia. V\u1edbi h\u1ec7 th\u1ed1ng canh t\u00e1c b\u1ec1n v\u1eefng v\u00e0 ch\u1ea5t l\u01b0\u1ee3ng \u0111\u1ea5t t\u1ed1t, Schola Sarmenti t\u1ea1o ra nh\u1eefng tr\u00e1i nho ch\u1ea5t l\u01b0\u1ee3ng cao, \u0111\u1ea3m b\u1ea3o h\u01b0\u01a1ng v\u1ecb tuy\u1ec7t v\u1eddi cho s\u1ea3n ph\u1ea9m cu\u1ed1i c\u00f9ng.<\/p>\n<p>Quy tr\u00ecnh s\u1ea3n xu\u1ea5t Vang \u00dd Viginti \u0111\u01b0\u1ee3c th\u1ef1c hi\u1ec7n v\u1edbi s\u1ef1 c\u1ea9n th\u1eadn v\u00e0 tinh t\u1ebf. Sau khi thu ho\u1ea1ch nh\u1eefng tr\u00e1i nho ch\u00edn m\u1ecdng, ch\u00fang \u0111\u01b0\u1ee3c \u00e9p v\u00e0 l\u00ean men trong th\u00f9ng g\u1ed7 s\u1ed3i \u0111\u1ec3 t\u1ea1o ra h\u01b0\u01a1ng v\u1ecb \u0111\u1eb7c tr\u01b0ng. Qu\u00e1 tr\u00ecnh \u1ee7 r\u01b0\u1ee3u k\u00e9o d\u00e0i m\u1ed9t th\u1eddi gian nh\u1ea5t \u0111\u1ecbnh \u0111\u1ec3 t\u1ea1o n\u00ean s\u1ef1 ph\u00e1t tri\u1ec3n v\u00e0 ph\u1ee9c h\u1ee3p c\u1ee7a h\u01b0\u01a1ng v\u1ecb.<\/p>\n<p><img loading=\"lazy\" decoding=\"async\" class=\"alignnone size-full wp-image-554\" src=\"https:\/\/rwinevietnam.com\/home\/wp-content\/uploads\/2023\/07\/32.jpg\" alt=\"\" width=\"800\" height=\"600\" srcset=\"https:\/\/rwinevietnam.com\/home\/wp-content\/uploads\/2023\/07\/32.jpg 800w, https:\/\/rwinevietnam.com\/home\/wp-content\/uploads\/2023\/07\/32-300x225.jpg 300w, https:\/\/rwinevietnam.com\/home\/wp-content\/uploads\/2023\/07\/32-600x450.jpg 600w, https:\/\/rwinevietnam.com\/home\/wp-content\/uploads\/2023\/07\/32-768x576.jpg 768w\" sizes=\"auto, (max-width: 800px) 100vw, 800px\" \/><\/p>\n<p><strong>H\u01b0\u01a1ng v\u1ecb r\u01b0\u01a1u vang \u00dd Viginti<\/strong><\/p>\n<p>Vang \u00dd Viginti \u0111\u01b0\u1ee3c s\u1ea3n xu\u1ea5t t\u1ea1i v\u00f9ng Puglia, mi\u1ec1n Nam \u00dd. V\u00f9ng \u0111\u1ea5t n\u00e0y c\u00f3 kh\u00ed h\u1eadu \u1ea5m \u00e1p v\u00e0 nhi\u1ec1u \u00e1nh n\u1eafng, t\u1ea1o \u0111i\u1ec1u ki\u1ec7n l\u00fd t\u01b0\u1edfng cho s\u1ef1 ph\u00e1t tri\u1ec3n c\u1ee7a gi\u1ed1ng nho Negroamaro. \u0110\u1ed9 n\u1ed3ng \u0111\u1ed9 c\u1ee7a Vang \u00dd Viginti th\u01b0\u1eddng \u1edf m\u1ee9c 17%, t\u1ea1o n\u00ean m\u1ed9t h\u01b0\u01a1ng v\u1ecb m\u1ea1nh m\u1ebd v\u00e0 \u0111\u1eadm \u0111\u00e0. V\u1edbi tannin tr\u01b0\u1edfng th\u00e0nh, tr\u00f2n tr\u1ecba m\u1ec1m m\u1ea1i d\u01b0 v\u1ecb k\u00e9o d\u00e0i l\u00e2u trong khoang mi\u1ec7ng. K\u1ebft th\u00fac l\u00e0 h\u01b0\u01a1ng tr\u00e1i ch\u00edn m\u1eadn, anh \u0111\u00e0o v\u1ecb socola, vani, h\u01b0\u01a1ng g\u1ed7 s\u1ed3i Ph\u00e1p.<\/p>\n<p>V\u1edbi ch\u1ea5t l\u01b0\u1ee3ng tuy\u1ec7t v\u1eddi v\u00e0 h\u01b0\u01a1ng v\u1ecb \u0111\u1ed9c \u0111\u00e1o, Vang \u00dd Viginti l\u00e0 m\u1ed9t l\u1ef1a ch\u1ecdn tuy\u1ec7t v\u1eddi cho nh\u1eefng ng\u01b0\u1eddi y\u00eau vang. T\u1eeb gi\u1ed1ng nho Negroamaro \u0111\u1ebfn quy tr\u00ecnh s\u1ea3n xu\u1ea5t tinh t\u1ebf, m\u1ed7i chai Vang \u00dd Viginti \u0111\u1ec1u mang trong m\u00ecnh h\u01b0\u01a1ng v\u1ecb v\u00e0 ch\u1ea5t l\u01b0\u1ee3ng \u0111\u1eb7c bi\u1ec7t. H\u00e3y th\u01b0\u1edfng th\u1ee9c v\u00e0 tr\u1ea3i nghi\u1ec7m Vang \u00dd Viginti \u0111\u1ec3 kh\u00e1m ph\u00e1 th\u1ebf gi\u1edbi c\u1ee7a vang \u00dd \u0111\u00edch th\u1ef1c.<\/p>\n<p><img loading=\"lazy\" decoding=\"async\" class=\"alignnone size-full wp-image-555\" src=\"https:\/\/rwinevietnam.com\/home\/wp-content\/uploads\/2023\/07\/33-1.jpg\" alt=\"\" width=\"800\" height=\"800\" srcset=\"https:\/\/rwinevietnam.com\/home\/wp-content\/uploads\/2023\/07\/33-1.jpg 800w, https:\/\/rwinevietnam.com\/home\/wp-content\/uploads\/2023\/07\/33-1-300x300.jpg 300w, https:\/\/rwinevietnam.com\/home\/wp-content\/uploads\/2023\/07\/33-1-100x100.jpg 100w, https:\/\/rwinevietnam.com\/home\/wp-content\/uploads\/2023\/07\/33-1-600x600.jpg 600w, https:\/\/rwinevietnam.com\/home\/wp-content\/uploads\/2023\/07\/33-1-150x150.jpg 150w, https:\/\/rwinevietnam.com\/home\/wp-content\/uploads\/2023\/07\/33-1-768x768.jpg 768w\" sizes=\"auto, (max-width: 800px) 100vw, 800px\" \/><\/p>\n<p><strong>C\u00e2u h\u1ecfi th\u01b0\u1eddng g\u1eb7p chai r\u01b0\u1ee3u vang \u00dd Viginti (FAQs)<\/strong><\/p>\n<ul>\n<li>Vang \u00dd Viginti c\u00f3 th\u1ec3 l\u01b0u tr\u1eef trong bao l\u00e2u?<\/li>\n<li>L\u00e0m th\u1ebf n\u00e0o \u0111\u1ec3 ph\u1ee5c v\u1ee5 Vang \u00dd Viginti m\u1ed9t c\u00e1ch chuy\u00ean nghi\u1ec7p?<\/li>\n<li>V\u00f9ng Puglia c\u00f3 nh\u1eefng d\u00f2ng s\u1ea3n ph\u1ea9m r\u01b0\u1ee3u vang n\u1ed5i ti\u1ebfng n\u00e0o kh\u00e1c?<\/li>\n<li>T\u1ea1i sao gi\u1ed1ng nho Negroamaro l\u1ea1i quan tr\u1ecdng \u0111\u1ed1i v\u1edbi Vang \u00dd Viginti?<\/li>\n<li>Vang \u00dd Viginti c\u00f3 th\u1ec3 k\u1ebft h\u1ee3p v\u1edbi m\u00f3n \u0103n n\u00e0o t\u1ed1t nh\u1ea5t?<\/li>\n<\/ul>\n","protected":false},"excerpt":{"rendered":"<p><strong>R\u01b0\u1ee3u vang Viginti Negroamaro<\/strong>\u00a0Schola Sarmenti 17 \u0111\u1ed9 l\u00e0 chai vang phi\u00ean b\u1ea3n cao c\u1ea5p nh\u1ea5t v\u1edbi s\u1ed1 l\u01b0\u1ee3ng gi\u1edbi h\u1ea1n c\u1ee7a nh\u00e0 s\u1ea3n xu\u1ea5t Schola Sarmenti ch\u00e9n th\u00e1nh. Chai vang th\u1ec3 hi\u1ec7n s\u1ef1 \u0111\u1eb3ng c\u1ea5p, sang tr\u1ecdng \u0111\u01b0\u1ee3c d\u00f9ng l\u00e0m bi\u1ebfu t\u1eb7ng \u0111\u1ed1i t\u00e1c quan tr\u1ecdng.<\/p>\n","protected":false},"featured_media":556,"comment_status":"closed","ping_status":"closed","template":"","meta":{"_acf_changed":false},"product_brand":[],"product_cat":[79,86,29],"product_tag":[],"class_list":{"0":"post-551","1":"product","2":"type-product","3":"status-publish","4":"has-post-thumbnail","6":"product_cat-negroamaro","7":"product_cat-ruou-vang-puglia","8":"product_cat-vang-y","10":"first","11":"instock","12":"sale","13":"shipping-taxable","14":"purchasable","15":"product-type-simple"},"acf":[],"yoast_head":"<!-- This site is optimized with the Yoast SEO plugin v26.8 - https:\/\/yoast.com\/product\/yoast-seo-wordpress\/ -->\n<title>R\u01b0\u1ee3u vang Viginti Negroamaro Schola Sarmenti 17 \u0111\u1ed9 - R.WINE<\/title>\n<meta name=\"robots\" content=\"noindex, follow\" \/>\n<meta property=\"og:locale\" content=\"vi_VN\" \/>\n<meta property=\"og:type\" content=\"article\" \/>\n<meta property=\"og:title\" content=\"R\u01b0\u1ee3u vang Viginti Negroamaro Schola Sarmenti 17 \u0111\u1ed9 - R.WINE\" \/>\n<meta property=\"og:description\" content=\"R\u01b0\u1ee3u vang Viginti Negroamaro\u00a0Schola Sarmenti 17 \u0111\u1ed9 l\u00e0 chai vang phi\u00ean b\u1ea3n cao c\u1ea5p nh\u1ea5t v\u1edbi s\u1ed1 l\u01b0\u1ee3ng gi\u1edbi h\u1ea1n c\u1ee7a nh\u00e0 s\u1ea3n xu\u1ea5t Schola Sarmenti ch\u00e9n th\u00e1nh. Chai vang th\u1ec3 hi\u1ec7n s\u1ef1 \u0111\u1eb3ng c\u1ea5p, sang tr\u1ecdng \u0111\u01b0\u1ee3c d\u00f9ng l\u00e0m bi\u1ebfu t\u1eb7ng \u0111\u1ed1i t\u00e1c quan tr\u1ecdng.\" \/>\n<meta property=\"og:url\" content=\"https:\/\/rwinevietnam.com\/home\/ruou-vang-viginti-negroamaro-schola-sarmenti-17-do\/\" \/>\n<meta property=\"og:site_name\" content=\"R.WINE\" \/>\n<meta property=\"article:modified_time\" content=\"2023-07-11T09:33:07+00:00\" \/>\n<meta property=\"og:image\" content=\"https:\/\/rwinevietnam.com\/home\/wp-content\/uploads\/2023\/07\/30.png\" \/>\n\t<meta property=\"og:image:width\" content=\"500\" \/>\n\t<meta property=\"og:image:height\" content=\"500\" \/>\n\t<meta property=\"og:image:type\" content=\"image\/png\" \/>\n<meta name=\"twitter:card\" content=\"summary_large_image\" \/>\n<script type=\"application\/ld+json\" class=\"yoast-schema-graph\">{\"@context\":\"https:\/\/schema.org\",\"@graph\":[{\"@type\":\"WebPage\",\"@id\":\"https:\/\/rwinevietnam.com\/home\/ruou-vang-viginti-negroamaro-schola-sarmenti-17-do\/\",\"url\":\"https:\/\/rwinevietnam.com\/home\/ruou-vang-viginti-negroamaro-schola-sarmenti-17-do\/\",\"name\":\"R\u01b0\u1ee3u vang Viginti Negroamaro Schola Sarmenti 17 \u0111\u1ed9 - R.WINE\",\"isPartOf\":{\"@id\":\"https:\/\/rwinevietnam.com\/home\/#website\"},\"primaryImageOfPage\":{\"@id\":\"https:\/\/rwinevietnam.com\/home\/ruou-vang-viginti-negroamaro-schola-sarmenti-17-do\/#primaryimage\"},\"image\":{\"@id\":\"https:\/\/rwinevietnam.com\/home\/ruou-vang-viginti-negroamaro-schola-sarmenti-17-do\/#primaryimage\"},\"thumbnailUrl\":\"https:\/\/rwinevietnam.com\/home\/wp-content\/uploads\/2023\/07\/30.png\",\"datePublished\":\"2023-07-10T08:10:27+00:00\",\"dateModified\":\"2023-07-11T09:33:07+00:00\",\"breadcrumb\":{\"@id\":\"https:\/\/rwinevietnam.com\/home\/ruou-vang-viginti-negroamaro-schola-sarmenti-17-do\/#breadcrumb\"},\"inLanguage\":\"vi\",\"potentialAction\":[{\"@type\":\"ReadAction\",\"target\":[\"https:\/\/rwinevietnam.com\/home\/ruou-vang-viginti-negroamaro-schola-sarmenti-17-do\/\"]}]},{\"@type\":\"ImageObject\",\"inLanguage\":\"vi\",\"@id\":\"https:\/\/rwinevietnam.com\/home\/ruou-vang-viginti-negroamaro-schola-sarmenti-17-do\/#primaryimage\",\"url\":\"https:\/\/rwinevietnam.com\/home\/wp-content\/uploads\/2023\/07\/30.png\",\"contentUrl\":\"https:\/\/rwinevietnam.com\/home\/wp-content\/uploads\/2023\/07\/30.png\",\"width\":500,\"height\":500},{\"@type\":\"BreadcrumbList\",\"@id\":\"https:\/\/rwinevietnam.com\/home\/ruou-vang-viginti-negroamaro-schola-sarmenti-17-do\/#breadcrumb\",\"itemListElement\":[{\"@type\":\"ListItem\",\"position\":1,\"name\":\"Trang ch\u1ee7\",\"item\":\"https:\/\/rwinevietnam.com\/home\/\"},{\"@type\":\"ListItem\",\"position\":2,\"name\":\"S\u1ea3n ph\u1ea9m\",\"item\":\"https:\/\/rwinevietnam.com\/home\/san-pham\/\"},{\"@type\":\"ListItem\",\"position\":3,\"name\":\"R\u01b0\u1ee3u vang Viginti Negroamaro Schola Sarmenti 17 \u0111\u1ed9\"}]},{\"@type\":\"WebSite\",\"@id\":\"https:\/\/rwinevietnam.com\/home\/#website\",\"url\":\"https:\/\/rwinevietnam.com\/home\/\",\"name\":\"R.WINE\",\"description\":\"C\u00d4NG TY C\u1ed4 PH\u1ea6N XU\u1ea4T KH\u1ea8U NH\u1eacP KH\u1ea8U\",\"potentialAction\":[{\"@type\":\"SearchAction\",\"target\":{\"@type\":\"EntryPoint\",\"urlTemplate\":\"https:\/\/rwinevietnam.com\/home\/?s={search_term_string}\"},\"query-input\":{\"@type\":\"PropertyValueSpecification\",\"valueRequired\":true,\"valueName\":\"search_term_string\"}}],\"inLanguage\":\"vi\"}]}<\/script>\n<!-- \/ Yoast SEO plugin. -->","yoast_head_json":{"title":"R\u01b0\u1ee3u vang Viginti Negroamaro Schola Sarmenti 17 \u0111\u1ed9 - R.WINE","robots":{"index":"noindex","follow":"follow"},"og_locale":"vi_VN","og_type":"article","og_title":"R\u01b0\u1ee3u vang Viginti Negroamaro Schola Sarmenti 17 \u0111\u1ed9 - R.WINE","og_description":"R\u01b0\u1ee3u vang Viginti Negroamaro\u00a0Schola Sarmenti 17 \u0111\u1ed9 l\u00e0 chai vang phi\u00ean b\u1ea3n cao c\u1ea5p nh\u1ea5t v\u1edbi s\u1ed1 l\u01b0\u1ee3ng gi\u1edbi h\u1ea1n c\u1ee7a nh\u00e0 s\u1ea3n xu\u1ea5t Schola Sarmenti ch\u00e9n th\u00e1nh. Chai vang th\u1ec3 hi\u1ec7n s\u1ef1 \u0111\u1eb3ng c\u1ea5p, sang tr\u1ecdng \u0111\u01b0\u1ee3c d\u00f9ng l\u00e0m bi\u1ebfu t\u1eb7ng \u0111\u1ed1i t\u00e1c quan tr\u1ecdng.","og_url":"https:\/\/rwinevietnam.com\/home\/ruou-vang-viginti-negroamaro-schola-sarmenti-17-do\/","og_site_name":"R.WINE","article_modified_time":"2023-07-11T09:33:07+00:00","og_image":[{"width":500,"height":500,"url":"https:\/\/rwinevietnam.com\/home\/wp-content\/uploads\/2023\/07\/30.png","type":"image\/png"}],"twitter_card":"summary_large_image","schema":{"@context":"https:\/\/schema.org","@graph":[{"@type":"WebPage","@id":"https:\/\/rwinevietnam.com\/home\/ruou-vang-viginti-negroamaro-schola-sarmenti-17-do\/","url":"https:\/\/rwinevietnam.com\/home\/ruou-vang-viginti-negroamaro-schola-sarmenti-17-do\/","name":"R\u01b0\u1ee3u vang Viginti Negroamaro Schola Sarmenti 17 \u0111\u1ed9 - R.WINE","isPartOf":{"@id":"https:\/\/rwinevietnam.com\/home\/#website"},"primaryImageOfPage":{"@id":"https:\/\/rwinevietnam.com\/home\/ruou-vang-viginti-negroamaro-schola-sarmenti-17-do\/#primaryimage"},"image":{"@id":"https:\/\/rwinevietnam.com\/home\/ruou-vang-viginti-negroamaro-schola-sarmenti-17-do\/#primaryimage"},"thumbnailUrl":"https:\/\/rwinevietnam.com\/home\/wp-content\/uploads\/2023\/07\/30.png","datePublished":"2023-07-10T08:10:27+00:00","dateModified":"2023-07-11T09:33:07+00:00","breadcrumb":{"@id":"https:\/\/rwinevietnam.com\/home\/ruou-vang-viginti-negroamaro-schola-sarmenti-17-do\/#breadcrumb"},"inLanguage":"vi","potentialAction":[{"@type":"ReadAction","target":["https:\/\/rwinevietnam.com\/home\/ruou-vang-viginti-negroamaro-schola-sarmenti-17-do\/"]}]},{"@type":"ImageObject","inLanguage":"vi","@id":"https:\/\/rwinevietnam.com\/home\/ruou-vang-viginti-negroamaro-schola-sarmenti-17-do\/#primaryimage","url":"https:\/\/rwinevietnam.com\/home\/wp-content\/uploads\/2023\/07\/30.png","contentUrl":"https:\/\/rwinevietnam.com\/home\/wp-content\/uploads\/2023\/07\/30.png","width":500,"height":500},{"@type":"BreadcrumbList","@id":"https:\/\/rwinevietnam.com\/home\/ruou-vang-viginti-negroamaro-schola-sarmenti-17-do\/#breadcrumb","itemListElement":[{"@type":"ListItem","position":1,"name":"Trang ch\u1ee7","item":"https:\/\/rwinevietnam.com\/home\/"},{"@type":"ListItem","position":2,"name":"S\u1ea3n ph\u1ea9m","item":"https:\/\/rwinevietnam.com\/home\/san-pham\/"},{"@type":"ListItem","position":3,"name":"R\u01b0\u1ee3u vang Viginti Negroamaro Schola Sarmenti 17 \u0111\u1ed9"}]},{"@type":"WebSite","@id":"https:\/\/rwinevietnam.com\/home\/#website","url":"https:\/\/rwinevietnam.com\/home\/","name":"R.WINE","description":"C\u00d4NG TY C\u1ed4 PH\u1ea6N XU\u1ea4T KH\u1ea8U NH\u1eacP KH\u1ea8U","potentialAction":[{"@type":"SearchAction","target":{"@type":"EntryPoint","urlTemplate":"https:\/\/rwinevietnam.com\/home\/?s={search_term_string}"},"query-input":{"@type":"PropertyValueSpecification","valueRequired":true,"valueName":"search_term_string"}}],"inLanguage":"vi"}]}},"_links":{"self":[{"href":"https:\/\/rwinevietnam.com\/home\/wp-json\/wp\/v2\/product\/551","targetHints":{"allow":["GET"]}}],"collection":[{"href":"https:\/\/rwinevietnam.com\/home\/wp-json\/wp\/v2\/product"}],"about":[{"href":"https:\/\/rwinevietnam.com\/home\/wp-json\/wp\/v2\/types\/product"}],"replies":[{"embeddable":true,"href":"https:\/\/rwinevietnam.com\/home\/wp-json\/wp\/v2\/comments?post=551"}],"wp:featuredmedia":[{"embeddable":true,"href":"https:\/\/rwinevietnam.com\/home\/wp-json\/wp\/v2\/media\/556"}],"wp:attachment":[{"href":"https:\/\/rwinevietnam.com\/home\/wp-json\/wp\/v2\/media?parent=551"}],"wp:term":[{"taxonomy":"product_brand","embeddable":true,"href":"https:\/\/rwinevietnam.com\/home\/wp-json\/wp\/v2\/product_brand?post=551"},{"taxonomy":"product_cat","embeddable":true,"href":"https:\/\/rwinevietnam.com\/home\/wp-json\/wp\/v2\/product_cat?post=551"},{"taxonomy":"product_tag","embeddable":true,"href":"https:\/\/rwinevietnam.com\/home\/wp-json\/wp\/v2\/product_tag?post=551"}],"curies":[{"name":"wp","href":"https:\/\/api.w.org\/{rel}","templated":true}]}}