{"id":547,"date":"2023-07-10T07:25:39","date_gmt":"2023-07-10T07:25:39","guid":{"rendered":"http:\/\/rwinevietnam.com\/?post_type=product&#038;p=547"},"modified":"2023-07-11T09:34:47","modified_gmt":"2023-07-11T09:34:47","slug":"ruou-vang-10-vendemmie-rosso-limited-edition","status":"publish","type":"product","link":"https:\/\/rwinevietnam.com\/home\/ruou-vang-10-vendemmie-rosso-limited-edition\/","title":{"rendered":"R\u01b0\u1ee3u vang 10 Vendemmie Rosso Limited Edition"},"content":{"rendered":"<p style=\"text-align: center;\"><span style=\"font-size: 130%;\"><strong>Quy tr\u00ecnh l\u00e0m vang 10 Vedemmie Rosso Limited Edition<\/strong><\/span><\/p>\n<p>\u0110\u01b0\u1ee3c l\u00e0m t\u1eeb c\u00e1c gi\u1ed1ng nho Montepulciano th\u01b0\u1eddng \u0111\u01b0\u1ee3c s\u1eed d\u1ee5ng \u0111\u1ec3 l\u00e0m ra nh\u1eefng chai r\u01b0\u1ee3u vang c\u00f3 n\u1ed3ng \u0111\u1ed9 c\u1ed3n cao h\u01a1n 15%. V\u1edbi h\u01b0\u01a1ng v\u1ecb tr\u00f2n \u0111\u1ea7y, th\u00e2n th\u1ec3 \u0111\u1ea7y \u0111\u1eb7n v\u00e0 m\u00e0u r\u01b0\u1ee3u tuy\u1ec7t v\u1eddi. \u0110i\u1ec1u \u0111\u00f3 c\u00f3 \u0111\u01b0\u1ee3c l\u00e0 nh\u1edd l\u1edbp v\u1ecf nho d\u00e0y ch\u1ee9a nhi\u1ec1u tannin, \u00edt axit h\u01a1n. Nho \u0111\u01b0\u1ee3c h\u00e1i c\u1ea9n th\u1eadn th\u1ee7 c\u00f4ng b\u1eb1ng tay. Sau \u0111\u00f3 mang v\u1ec1 x\u01b0\u1edfng l\u00e0m s\u1ea1ch nghi\u1ec1n \u00e9p \u0111\u01b0\u1ee3c ng\u00e2m l\u1ea1nh trong 15-20 ng\u00e0y. L\u00ean men molatic \u1edf nhi\u1ec7t \u0111\u1ed9 24-26 \u0111\u1ed9 C. Ti\u1ebfp \u0111\u00f3 \u0111\u01b0\u1ee3c \u0111em \u0111i \u1ee7 trong th\u00f9ng g\u1ed7 s\u1ed3i Ph\u00e1p 12 th\u00e1ng. Khi \u0111\u1ea1t ch\u1ea5t l\u01b0\u1ee3ng s\u1ebd cho \u0111\u00f3ng chai.<\/p>\n<p><img loading=\"lazy\" decoding=\"async\" class=\"alignnone size-full wp-image-548\" src=\"https:\/\/rwinevietnam.com\/home\/wp-content\/uploads\/2023\/07\/28.jpg\" alt=\"\" width=\"719\" height=\"854\" srcset=\"https:\/\/rwinevietnam.com\/home\/wp-content\/uploads\/2023\/07\/28.jpg 719w, https:\/\/rwinevietnam.com\/home\/wp-content\/uploads\/2023\/07\/28-300x356.jpg 300w, https:\/\/rwinevietnam.com\/home\/wp-content\/uploads\/2023\/07\/28-600x713.jpg 600w, https:\/\/rwinevietnam.com\/home\/wp-content\/uploads\/2023\/07\/28-253x300.jpg 253w\" sizes=\"auto, (max-width: 719px) 100vw, 719px\" \/><\/p>\n<p><strong>H\u01b0\u01a1ng v\u1ecb chai 10 Vedemmie Rosso<\/strong><br \/>\nR\u01b0\u1ee3u c\u00f3 m\u00e0u \u0111\u1ecf ruby \u200b\u200b\u0111\u1eadm v\u00e0 h\u01b0\u01a1ng th\u01a1m ph\u1ee9c h\u1ee3p c\u1ee7a m\u00e2m x\u00f4i, anh \u0111\u00e0o v\u00e0 gia v\u1ecb, tr\u00f2n tr\u1ecba c\u00e2n b\u1eb1ng k\u1ebft h\u1ee3p m\u00f9i c\u1ee7a ca cao, coffe, h\u01b0\u01a1ng vani. Tannin m\u1ec1m m\u1ea1i, c\u1ea5u tr\u00fac t\u1ed1t c\u00e2n b\u1eb1ng, h\u1eadu v\u1ecb k\u00e9o d\u00e0i l\u00e2u trong khoang mi\u1ec7ng.<\/p>\n<p><img loading=\"lazy\" decoding=\"async\" class=\"alignnone size-full wp-image-549\" src=\"https:\/\/rwinevietnam.com\/home\/wp-content\/uploads\/2023\/07\/29.jpg\" alt=\"\" width=\"800\" height=\"800\" srcset=\"https:\/\/rwinevietnam.com\/home\/wp-content\/uploads\/2023\/07\/29.jpg 800w, https:\/\/rwinevietnam.com\/home\/wp-content\/uploads\/2023\/07\/29-300x300.jpg 300w, https:\/\/rwinevietnam.com\/home\/wp-content\/uploads\/2023\/07\/29-100x100.jpg 100w, https:\/\/rwinevietnam.com\/home\/wp-content\/uploads\/2023\/07\/29-600x600.jpg 600w, https:\/\/rwinevietnam.com\/home\/wp-content\/uploads\/2023\/07\/29-150x150.jpg 150w, https:\/\/rwinevietnam.com\/home\/wp-content\/uploads\/2023\/07\/29-768x768.jpg 768w\" sizes=\"auto, (max-width: 800px) 100vw, 800px\" \/><\/p>\n<p>R\u01b0\u1ee3u vang 10 Vedemmie Rosso k\u1ebft h\u1ee3p v\u1edbi c\u00e1c m\u00f3n \u0103n nh\u01b0: Th\u1ecbt \u0111\u1ecf, c\u00e1c m\u00f3n n\u01b0\u1edbng, phomai,\u2026<\/p>\n<p>Nhi\u1ec7t \u0111\u1ed9 th\u01b0\u1edfng th\u1ee9c: 16-18 \u0111\u1ed9 C, \u01b0\u1edbp l\u1ea1nh t\u1ea7m 30 ph\u00fat tr\u01b0\u1edbc khi u\u1ed1ng.<\/p>\n<p>Chai vang 10 Vedemmie \u0111\u01b0\u1ee3c ch\u1ea5m nh\u1eefng 99 \u0111i\u1ec3m b\u1edfi Luca Maroni, ch\u1ea5t l\u01b0\u1ee3ng lu\u00f4n d\u00e0nh cho nh\u1eefng ai s\u00e0nh y\u00eau th\u00edch r\u01b0\u1ee3u vang \u00dd. L\u00e0m h\u00e0i l\u00f2ng b\u1ea1n ngay l\u1ea7n th\u01b0\u1edfng th\u1ee9c \u0111\u1ea7u ti\u00ean.<\/p>\n","protected":false},"excerpt":{"rendered":"<p><strong>Tenuta Ulisse 10 Vendemmie Limited Edition<\/strong>\u00a0l\u00e0 m\u1ed9t s\u1ea3n ph\u1ea9m\u00a0r\u01b0\u1ee3u vang \u00dd\u00a0cao c\u1ea5p \u0111\u01b0\u1ee3c l\u00e0m t\u1eeb 100% nho Montepulciano. T\u1ef1 h\u00e0o l\u00e0 m\u1ed9t trong nh\u1eefng s\u1ea3n ph\u1ea9m xu\u1ea5t s\u1eafc h\u00e0ng \u0111\u1ea7u mang th\u01b0\u01a1ng hi\u1ec7u Tenuta Ulisse mang phong c\u00e1ch c\u1ed5 \u0111i\u1ec3n c\u1ee7a v\u00f9ng \u0111\u1ea5t Abruzzo. Mang h\u01b0\u01a1ng v\u1ecb \u0111\u1eadm \u0111\u00e0, s\u00e2u l\u1eafng l\u00e0m qu\u00e0 bi\u1ebfu t\u1eb7ng sang tr\u1ecdng.<\/p>\n","protected":false},"featured_media":550,"comment_status":"closed","ping_status":"closed","template":"","meta":{"_acf_changed":false},"product_brand":[],"product_cat":[29],"product_tag":[],"class_list":{"0":"post-547","1":"product","2":"type-product","3":"status-publish","4":"has-post-thumbnail","6":"product_cat-vang-y","8":"first","9":"instock","10":"sale","11":"shipping-taxable","12":"purchasable","13":"product-type-simple"},"acf":[],"yoast_head":"<!-- This site is optimized with the Yoast SEO plugin v26.8 - https:\/\/yoast.com\/product\/yoast-seo-wordpress\/ -->\n<title>R\u01b0\u1ee3u vang 10 Vendemmie Rosso Limited Edition - R.WINE<\/title>\n<meta name=\"robots\" content=\"noindex, follow\" \/>\n<meta property=\"og:locale\" content=\"vi_VN\" \/>\n<meta property=\"og:type\" content=\"article\" \/>\n<meta property=\"og:title\" content=\"R\u01b0\u1ee3u vang 10 Vendemmie Rosso Limited Edition - R.WINE\" \/>\n<meta property=\"og:description\" content=\"Tenuta Ulisse 10 Vendemmie Limited Edition\u00a0l\u00e0 m\u1ed9t s\u1ea3n ph\u1ea9m\u00a0r\u01b0\u1ee3u vang \u00dd\u00a0cao c\u1ea5p \u0111\u01b0\u1ee3c l\u00e0m t\u1eeb 100% nho Montepulciano. T\u1ef1 h\u00e0o l\u00e0 m\u1ed9t trong nh\u1eefng s\u1ea3n ph\u1ea9m xu\u1ea5t s\u1eafc h\u00e0ng \u0111\u1ea7u mang th\u01b0\u01a1ng hi\u1ec7u Tenuta Ulisse mang phong c\u00e1ch c\u1ed5 \u0111i\u1ec3n c\u1ee7a v\u00f9ng \u0111\u1ea5t Abruzzo. Mang h\u01b0\u01a1ng v\u1ecb \u0111\u1eadm \u0111\u00e0, s\u00e2u l\u1eafng l\u00e0m qu\u00e0 bi\u1ebfu t\u1eb7ng sang tr\u1ecdng.\" \/>\n<meta property=\"og:url\" content=\"https:\/\/rwinevietnam.com\/home\/ruou-vang-10-vendemmie-rosso-limited-edition\/\" \/>\n<meta property=\"og:site_name\" content=\"R.WINE\" \/>\n<meta property=\"article:modified_time\" content=\"2023-07-11T09:34:47+00:00\" \/>\n<meta property=\"og:image\" content=\"https:\/\/rwinevietnam.com\/home\/wp-content\/uploads\/2023\/07\/27.png\" \/>\n\t<meta property=\"og:image:width\" content=\"500\" \/>\n\t<meta property=\"og:image:height\" content=\"500\" \/>\n\t<meta property=\"og:image:type\" content=\"image\/png\" \/>\n<meta name=\"twitter:card\" content=\"summary_large_image\" \/>\n<script type=\"application\/ld+json\" class=\"yoast-schema-graph\">{\"@context\":\"https:\/\/schema.org\",\"@graph\":[{\"@type\":\"WebPage\",\"@id\":\"https:\/\/rwinevietnam.com\/home\/ruou-vang-10-vendemmie-rosso-limited-edition\/\",\"url\":\"https:\/\/rwinevietnam.com\/home\/ruou-vang-10-vendemmie-rosso-limited-edition\/\",\"name\":\"R\u01b0\u1ee3u vang 10 Vendemmie Rosso Limited Edition - R.WINE\",\"isPartOf\":{\"@id\":\"https:\/\/rwinevietnam.com\/home\/#website\"},\"primaryImageOfPage\":{\"@id\":\"https:\/\/rwinevietnam.com\/home\/ruou-vang-10-vendemmie-rosso-limited-edition\/#primaryimage\"},\"image\":{\"@id\":\"https:\/\/rwinevietnam.com\/home\/ruou-vang-10-vendemmie-rosso-limited-edition\/#primaryimage\"},\"thumbnailUrl\":\"https:\/\/rwinevietnam.com\/home\/wp-content\/uploads\/2023\/07\/27.png\",\"datePublished\":\"2023-07-10T07:25:39+00:00\",\"dateModified\":\"2023-07-11T09:34:47+00:00\",\"breadcrumb\":{\"@id\":\"https:\/\/rwinevietnam.com\/home\/ruou-vang-10-vendemmie-rosso-limited-edition\/#breadcrumb\"},\"inLanguage\":\"vi\",\"potentialAction\":[{\"@type\":\"ReadAction\",\"target\":[\"https:\/\/rwinevietnam.com\/home\/ruou-vang-10-vendemmie-rosso-limited-edition\/\"]}]},{\"@type\":\"ImageObject\",\"inLanguage\":\"vi\",\"@id\":\"https:\/\/rwinevietnam.com\/home\/ruou-vang-10-vendemmie-rosso-limited-edition\/#primaryimage\",\"url\":\"https:\/\/rwinevietnam.com\/home\/wp-content\/uploads\/2023\/07\/27.png\",\"contentUrl\":\"https:\/\/rwinevietnam.com\/home\/wp-content\/uploads\/2023\/07\/27.png\",\"width\":500,\"height\":500},{\"@type\":\"BreadcrumbList\",\"@id\":\"https:\/\/rwinevietnam.com\/home\/ruou-vang-10-vendemmie-rosso-limited-edition\/#breadcrumb\",\"itemListElement\":[{\"@type\":\"ListItem\",\"position\":1,\"name\":\"Trang ch\u1ee7\",\"item\":\"https:\/\/rwinevietnam.com\/home\/\"},{\"@type\":\"ListItem\",\"position\":2,\"name\":\"S\u1ea3n ph\u1ea9m\",\"item\":\"https:\/\/rwinevietnam.com\/home\/san-pham\/\"},{\"@type\":\"ListItem\",\"position\":3,\"name\":\"R\u01b0\u1ee3u vang 10 Vendemmie Rosso Limited Edition\"}]},{\"@type\":\"WebSite\",\"@id\":\"https:\/\/rwinevietnam.com\/home\/#website\",\"url\":\"https:\/\/rwinevietnam.com\/home\/\",\"name\":\"R.WINE\",\"description\":\"C\u00d4NG TY C\u1ed4 PH\u1ea6N XU\u1ea4T KH\u1ea8U NH\u1eacP KH\u1ea8U\",\"potentialAction\":[{\"@type\":\"SearchAction\",\"target\":{\"@type\":\"EntryPoint\",\"urlTemplate\":\"https:\/\/rwinevietnam.com\/home\/?s={search_term_string}\"},\"query-input\":{\"@type\":\"PropertyValueSpecification\",\"valueRequired\":true,\"valueName\":\"search_term_string\"}}],\"inLanguage\":\"vi\"}]}<\/script>\n<!-- \/ Yoast SEO plugin. -->","yoast_head_json":{"title":"R\u01b0\u1ee3u vang 10 Vendemmie Rosso Limited Edition - R.WINE","robots":{"index":"noindex","follow":"follow"},"og_locale":"vi_VN","og_type":"article","og_title":"R\u01b0\u1ee3u vang 10 Vendemmie Rosso Limited Edition - R.WINE","og_description":"Tenuta Ulisse 10 Vendemmie Limited Edition\u00a0l\u00e0 m\u1ed9t s\u1ea3n ph\u1ea9m\u00a0r\u01b0\u1ee3u vang \u00dd\u00a0cao c\u1ea5p \u0111\u01b0\u1ee3c l\u00e0m t\u1eeb 100% nho Montepulciano. T\u1ef1 h\u00e0o l\u00e0 m\u1ed9t trong nh\u1eefng s\u1ea3n ph\u1ea9m xu\u1ea5t s\u1eafc h\u00e0ng \u0111\u1ea7u mang th\u01b0\u01a1ng hi\u1ec7u Tenuta Ulisse mang phong c\u00e1ch c\u1ed5 \u0111i\u1ec3n c\u1ee7a v\u00f9ng \u0111\u1ea5t Abruzzo. Mang h\u01b0\u01a1ng v\u1ecb \u0111\u1eadm \u0111\u00e0, s\u00e2u l\u1eafng l\u00e0m qu\u00e0 bi\u1ebfu t\u1eb7ng sang tr\u1ecdng.","og_url":"https:\/\/rwinevietnam.com\/home\/ruou-vang-10-vendemmie-rosso-limited-edition\/","og_site_name":"R.WINE","article_modified_time":"2023-07-11T09:34:47+00:00","og_image":[{"width":500,"height":500,"url":"https:\/\/rwinevietnam.com\/home\/wp-content\/uploads\/2023\/07\/27.png","type":"image\/png"}],"twitter_card":"summary_large_image","schema":{"@context":"https:\/\/schema.org","@graph":[{"@type":"WebPage","@id":"https:\/\/rwinevietnam.com\/home\/ruou-vang-10-vendemmie-rosso-limited-edition\/","url":"https:\/\/rwinevietnam.com\/home\/ruou-vang-10-vendemmie-rosso-limited-edition\/","name":"R\u01b0\u1ee3u vang 10 Vendemmie Rosso Limited Edition - R.WINE","isPartOf":{"@id":"https:\/\/rwinevietnam.com\/home\/#website"},"primaryImageOfPage":{"@id":"https:\/\/rwinevietnam.com\/home\/ruou-vang-10-vendemmie-rosso-limited-edition\/#primaryimage"},"image":{"@id":"https:\/\/rwinevietnam.com\/home\/ruou-vang-10-vendemmie-rosso-limited-edition\/#primaryimage"},"thumbnailUrl":"https:\/\/rwinevietnam.com\/home\/wp-content\/uploads\/2023\/07\/27.png","datePublished":"2023-07-10T07:25:39+00:00","dateModified":"2023-07-11T09:34:47+00:00","breadcrumb":{"@id":"https:\/\/rwinevietnam.com\/home\/ruou-vang-10-vendemmie-rosso-limited-edition\/#breadcrumb"},"inLanguage":"vi","potentialAction":[{"@type":"ReadAction","target":["https:\/\/rwinevietnam.com\/home\/ruou-vang-10-vendemmie-rosso-limited-edition\/"]}]},{"@type":"ImageObject","inLanguage":"vi","@id":"https:\/\/rwinevietnam.com\/home\/ruou-vang-10-vendemmie-rosso-limited-edition\/#primaryimage","url":"https:\/\/rwinevietnam.com\/home\/wp-content\/uploads\/2023\/07\/27.png","contentUrl":"https:\/\/rwinevietnam.com\/home\/wp-content\/uploads\/2023\/07\/27.png","width":500,"height":500},{"@type":"BreadcrumbList","@id":"https:\/\/rwinevietnam.com\/home\/ruou-vang-10-vendemmie-rosso-limited-edition\/#breadcrumb","itemListElement":[{"@type":"ListItem","position":1,"name":"Trang ch\u1ee7","item":"https:\/\/rwinevietnam.com\/home\/"},{"@type":"ListItem","position":2,"name":"S\u1ea3n ph\u1ea9m","item":"https:\/\/rwinevietnam.com\/home\/san-pham\/"},{"@type":"ListItem","position":3,"name":"R\u01b0\u1ee3u vang 10 Vendemmie Rosso Limited Edition"}]},{"@type":"WebSite","@id":"https:\/\/rwinevietnam.com\/home\/#website","url":"https:\/\/rwinevietnam.com\/home\/","name":"R.WINE","description":"C\u00d4NG TY C\u1ed4 PH\u1ea6N XU\u1ea4T KH\u1ea8U NH\u1eacP KH\u1ea8U","potentialAction":[{"@type":"SearchAction","target":{"@type":"EntryPoint","urlTemplate":"https:\/\/rwinevietnam.com\/home\/?s={search_term_string}"},"query-input":{"@type":"PropertyValueSpecification","valueRequired":true,"valueName":"search_term_string"}}],"inLanguage":"vi"}]}},"_links":{"self":[{"href":"https:\/\/rwinevietnam.com\/home\/wp-json\/wp\/v2\/product\/547","targetHints":{"allow":["GET"]}}],"collection":[{"href":"https:\/\/rwinevietnam.com\/home\/wp-json\/wp\/v2\/product"}],"about":[{"href":"https:\/\/rwinevietnam.com\/home\/wp-json\/wp\/v2\/types\/product"}],"replies":[{"embeddable":true,"href":"https:\/\/rwinevietnam.com\/home\/wp-json\/wp\/v2\/comments?post=547"}],"wp:featuredmedia":[{"embeddable":true,"href":"https:\/\/rwinevietnam.com\/home\/wp-json\/wp\/v2\/media\/550"}],"wp:attachment":[{"href":"https:\/\/rwinevietnam.com\/home\/wp-json\/wp\/v2\/media?parent=547"}],"wp:term":[{"taxonomy":"product_brand","embeddable":true,"href":"https:\/\/rwinevietnam.com\/home\/wp-json\/wp\/v2\/product_brand?post=547"},{"taxonomy":"product_cat","embeddable":true,"href":"https:\/\/rwinevietnam.com\/home\/wp-json\/wp\/v2\/product_cat?post=547"},{"taxonomy":"product_tag","embeddable":true,"href":"https:\/\/rwinevietnam.com\/home\/wp-json\/wp\/v2\/product_tag?post=547"}],"curies":[{"name":"wp","href":"https:\/\/api.w.org\/{rel}","templated":true}]}}