{"id":543,"date":"2023-07-10T07:22:00","date_gmt":"2023-07-10T07:22:00","guid":{"rendered":"http:\/\/rwinevietnam.com\/?post_type=product&#038;p=543"},"modified":"2023-07-11T09:40:54","modified_gmt":"2023-07-11T09:40:54","slug":"ruou-vang-tavernello-trebbiano-chardonnay-rubicone","status":"publish","type":"product","link":"https:\/\/rwinevietnam.com\/home\/ruou-vang-tavernello-trebbiano-chardonnay-rubicone\/","title":{"rendered":"R\u01b0\u1ee3u vang Tavernello Trebbiano Chardonnay Rubicone"},"content":{"rendered":"<p style=\"text-align: center;\"><span style=\"font-size: 130%;\"><strong>H\u01b0\u01a1ng v\u1ecb Tavernello Trebbiano Chardonnay Rubicone<\/strong><\/span><\/p>\n<p>Tavernello Trebbiano Chardonnay Rubicone \u0111\u01b0\u1ee3c l\u00e0m t\u1eeb nho Chardonnay v\u1edbi h\u01b0\u01a1ng v\u1ecb c\u1ee7a tr\u00e1i chanh v\u00e0ng th\u01a1m m\u00e1t, cam t\u01b0\u01a1i ph\u1ea5n kh\u00edch tr\u00ean \u0111\u1ea7u l\u01b0\u1ee1i. C\u00f9ng s\u1ef1 tr\u1ebb trung t\u01b0\u01a1i m\u1edbi c\u1ee7a t\u00e1o xanh v\u00e0 l\u00ea tr\u1eafng m\u1ecdng n\u01b0\u1edbc. S\u1ef1 ho\u00e0 quy\u1ec7n ph\u1ee9c h\u1ee3p n\u00e0y v\u1eeba mang s\u1ef1 quy\u1ebfn r\u0169 c\u1ee7a vang \u00dd \u0111\u1eb7c tr\u01b0ng, l\u1ea1i v\u1eeba c\u00f3 c\u00e1 t\u00ednh r\u1ea5t ri\u00eang c\u1ee7a phong c\u00e1ch r\u01b0\u1ee3u vang tr\u1ebb t\u01b0\u01a1i m\u1edbi. \u0110\u00e2y l\u00e0 chai vang tr\u1eafng v\u1edbi ch\u1ea5t l\u01b0\u1ee3ng v\u00e0 gi\u00e1 th\u00e0nh ph\u1ea3i ch\u0103ng d\u01b0\u1edbi 200k\/chai s\u1ebd l\u00e0 s\u1ef1 ch\u1ecdn l\u1ef1a tuy\u1ec7t v\u1eddi trong m\u00f9a h\u00e8 n\u00f3ng n\u1ef1c.<\/p>\n<p><img loading=\"lazy\" decoding=\"async\" class=\"alignnone size-full wp-image-544\" src=\"https:\/\/rwinevietnam.com\/home\/wp-content\/uploads\/2023\/07\/25-1.jpg\" alt=\"\" width=\"800\" height=\"800\" srcset=\"https:\/\/rwinevietnam.com\/home\/wp-content\/uploads\/2023\/07\/25-1.jpg 800w, https:\/\/rwinevietnam.com\/home\/wp-content\/uploads\/2023\/07\/25-1-300x300.jpg 300w, https:\/\/rwinevietnam.com\/home\/wp-content\/uploads\/2023\/07\/25-1-100x100.jpg 100w, https:\/\/rwinevietnam.com\/home\/wp-content\/uploads\/2023\/07\/25-1-600x600.jpg 600w, https:\/\/rwinevietnam.com\/home\/wp-content\/uploads\/2023\/07\/25-1-150x150.jpg 150w, https:\/\/rwinevietnam.com\/home\/wp-content\/uploads\/2023\/07\/25-1-768x768.jpg 768w\" sizes=\"auto, (max-width: 800px) 100vw, 800px\" \/><\/p>\n<p>Th\u01b0\u1edfng th\u1ee9c chai Tavernello Trebbiano Chardonnay Rubicone ngon \u0111\u00fang c\u00e1ch<br \/>\n\u0110\u1ec3 k\u1ebft h\u1ee3p chu\u1ea9n chai vang n\u00e0y th\u00ec s\u1ebd d\u00f9ng v\u1edbi c\u00e1c m\u00f3n \u0103n nh\u01b0: H\u1ea3i s\u1ea3n, t\u00f4m, cua h\u1ea5p ho\u1eb7c s\u1ed1t, c\u00e1c m\u00f3n salad g\u00e0, gia c\u1ea7m.<\/p>\n<p><img loading=\"lazy\" decoding=\"async\" class=\"alignnone size-full wp-image-545\" src=\"https:\/\/rwinevietnam.com\/home\/wp-content\/uploads\/2023\/07\/26.jpg\" alt=\"\" width=\"800\" height=\"800\" srcset=\"https:\/\/rwinevietnam.com\/home\/wp-content\/uploads\/2023\/07\/26.jpg 800w, https:\/\/rwinevietnam.com\/home\/wp-content\/uploads\/2023\/07\/26-300x300.jpg 300w, https:\/\/rwinevietnam.com\/home\/wp-content\/uploads\/2023\/07\/26-100x100.jpg 100w, https:\/\/rwinevietnam.com\/home\/wp-content\/uploads\/2023\/07\/26-600x600.jpg 600w, https:\/\/rwinevietnam.com\/home\/wp-content\/uploads\/2023\/07\/26-150x150.jpg 150w, https:\/\/rwinevietnam.com\/home\/wp-content\/uploads\/2023\/07\/26-768x768.jpg 768w\" sizes=\"auto, (max-width: 800px) 100vw, 800px\" \/><\/p>\n<p>Nhi\u1ec7t \u0111\u1ed9 th\u01b0\u1edfng th\u1ee9c: 10-12 \u0111\u1ed9 C. N\u00ean \u01b0\u1edbp l\u1ea1nh t\u1ea7m 30-40 ph\u00fat tr\u01b0\u1edbc khi u\u1ed1ng b\u1eb1ng c\u00e1ch cho ng\u0103n m\u00e1t t\u1ee7 l\u1ea1nh ho\u1eb7c t\u1ed1t nh\u1ea5t l\u00e0 t\u1ee7 b\u1ea3o qu\u1ea3n chuy\u00ean d\u1ee5ng.<\/p>\n","protected":false},"excerpt":{"rendered":"<p><strong>R\u01b0\u1ee3u vang Tavernello Trebbiano Chardonnay Rubicone<\/strong>\u00a0l\u00e0 chai vang tr\u1eafng \u00dd \u0111\u01b0\u1ee3c l\u00e0m t\u1eeb gi\u1ed1ng nho n\u1ed5i ti\u1ebfng Chardonnay c\u1ee7a v\u00f9ng Rubicone. V\u1edbi ch\u1ea5t l\u01b0\u1ee3ng v\u00e0 gi\u00e1 th\u00e0nh ph\u1ea3i ch\u0103ng lu\u00f4n l\u00e0 l\u1ef1a ch\u1ecdn t\u1ed1t nh\u1ea5t cho nh\u1eefng ai y\u00eau th\u00edch nh\u00e0 l\u00e0m vang Tavernello.<\/p>\n","protected":false},"featured_media":546,"comment_status":"closed","ping_status":"closed","template":"","meta":{"_acf_changed":false},"product_brand":[],"product_cat":[82,89,29],"product_tag":[],"class_list":{"0":"post-543","1":"product","2":"type-product","3":"status-publish","4":"has-post-thumbnail","6":"product_cat-chardonnay","7":"product_cat-vang-burgundy","8":"product_cat-vang-y","10":"first","11":"instock","12":"sale","13":"shipping-taxable","14":"purchasable","15":"product-type-simple"},"acf":[],"yoast_head":"<!-- This site is optimized with the Yoast SEO plugin v26.8 - https:\/\/yoast.com\/product\/yoast-seo-wordpress\/ -->\n<title>R\u01b0\u1ee3u vang Tavernello Trebbiano Chardonnay Rubicone - R.WINE<\/title>\n<meta name=\"robots\" content=\"noindex, follow\" \/>\n<meta property=\"og:locale\" content=\"vi_VN\" \/>\n<meta property=\"og:type\" content=\"article\" \/>\n<meta property=\"og:title\" content=\"R\u01b0\u1ee3u vang Tavernello Trebbiano Chardonnay Rubicone - R.WINE\" \/>\n<meta property=\"og:description\" content=\"R\u01b0\u1ee3u vang Tavernello Trebbiano Chardonnay Rubicone\u00a0l\u00e0 chai vang tr\u1eafng \u00dd \u0111\u01b0\u1ee3c l\u00e0m t\u1eeb gi\u1ed1ng nho n\u1ed5i ti\u1ebfng Chardonnay c\u1ee7a v\u00f9ng Rubicone. V\u1edbi ch\u1ea5t l\u01b0\u1ee3ng v\u00e0 gi\u00e1 th\u00e0nh ph\u1ea3i ch\u0103ng lu\u00f4n l\u00e0 l\u1ef1a ch\u1ecdn t\u1ed1t nh\u1ea5t cho nh\u1eefng ai y\u00eau th\u00edch nh\u00e0 l\u00e0m vang Tavernello.\" \/>\n<meta property=\"og:url\" content=\"https:\/\/rwinevietnam.com\/home\/ruou-vang-tavernello-trebbiano-chardonnay-rubicone\/\" \/>\n<meta property=\"og:site_name\" content=\"R.WINE\" \/>\n<meta property=\"article:modified_time\" content=\"2023-07-11T09:40:54+00:00\" \/>\n<meta property=\"og:image\" content=\"https:\/\/rwinevietnam.com\/home\/wp-content\/uploads\/2023\/07\/24.png\" \/>\n\t<meta property=\"og:image:width\" content=\"500\" \/>\n\t<meta property=\"og:image:height\" content=\"500\" \/>\n\t<meta property=\"og:image:type\" content=\"image\/png\" \/>\n<meta name=\"twitter:card\" content=\"summary_large_image\" \/>\n<script type=\"application\/ld+json\" class=\"yoast-schema-graph\">{\"@context\":\"https:\/\/schema.org\",\"@graph\":[{\"@type\":\"WebPage\",\"@id\":\"https:\/\/rwinevietnam.com\/home\/ruou-vang-tavernello-trebbiano-chardonnay-rubicone\/\",\"url\":\"https:\/\/rwinevietnam.com\/home\/ruou-vang-tavernello-trebbiano-chardonnay-rubicone\/\",\"name\":\"R\u01b0\u1ee3u vang Tavernello Trebbiano Chardonnay Rubicone - R.WINE\",\"isPartOf\":{\"@id\":\"https:\/\/rwinevietnam.com\/home\/#website\"},\"primaryImageOfPage\":{\"@id\":\"https:\/\/rwinevietnam.com\/home\/ruou-vang-tavernello-trebbiano-chardonnay-rubicone\/#primaryimage\"},\"image\":{\"@id\":\"https:\/\/rwinevietnam.com\/home\/ruou-vang-tavernello-trebbiano-chardonnay-rubicone\/#primaryimage\"},\"thumbnailUrl\":\"https:\/\/rwinevietnam.com\/home\/wp-content\/uploads\/2023\/07\/24.png\",\"datePublished\":\"2023-07-10T07:22:00+00:00\",\"dateModified\":\"2023-07-11T09:40:54+00:00\",\"breadcrumb\":{\"@id\":\"https:\/\/rwinevietnam.com\/home\/ruou-vang-tavernello-trebbiano-chardonnay-rubicone\/#breadcrumb\"},\"inLanguage\":\"vi\",\"potentialAction\":[{\"@type\":\"ReadAction\",\"target\":[\"https:\/\/rwinevietnam.com\/home\/ruou-vang-tavernello-trebbiano-chardonnay-rubicone\/\"]}]},{\"@type\":\"ImageObject\",\"inLanguage\":\"vi\",\"@id\":\"https:\/\/rwinevietnam.com\/home\/ruou-vang-tavernello-trebbiano-chardonnay-rubicone\/#primaryimage\",\"url\":\"https:\/\/rwinevietnam.com\/home\/wp-content\/uploads\/2023\/07\/24.png\",\"contentUrl\":\"https:\/\/rwinevietnam.com\/home\/wp-content\/uploads\/2023\/07\/24.png\",\"width\":500,\"height\":500},{\"@type\":\"BreadcrumbList\",\"@id\":\"https:\/\/rwinevietnam.com\/home\/ruou-vang-tavernello-trebbiano-chardonnay-rubicone\/#breadcrumb\",\"itemListElement\":[{\"@type\":\"ListItem\",\"position\":1,\"name\":\"Trang ch\u1ee7\",\"item\":\"https:\/\/rwinevietnam.com\/home\/\"},{\"@type\":\"ListItem\",\"position\":2,\"name\":\"S\u1ea3n ph\u1ea9m\",\"item\":\"https:\/\/rwinevietnam.com\/home\/san-pham\/\"},{\"@type\":\"ListItem\",\"position\":3,\"name\":\"R\u01b0\u1ee3u vang Tavernello Trebbiano Chardonnay Rubicone\"}]},{\"@type\":\"WebSite\",\"@id\":\"https:\/\/rwinevietnam.com\/home\/#website\",\"url\":\"https:\/\/rwinevietnam.com\/home\/\",\"name\":\"R.WINE\",\"description\":\"C\u00d4NG TY C\u1ed4 PH\u1ea6N XU\u1ea4T KH\u1ea8U NH\u1eacP KH\u1ea8U\",\"potentialAction\":[{\"@type\":\"SearchAction\",\"target\":{\"@type\":\"EntryPoint\",\"urlTemplate\":\"https:\/\/rwinevietnam.com\/home\/?s={search_term_string}\"},\"query-input\":{\"@type\":\"PropertyValueSpecification\",\"valueRequired\":true,\"valueName\":\"search_term_string\"}}],\"inLanguage\":\"vi\"}]}<\/script>\n<!-- \/ Yoast SEO plugin. -->","yoast_head_json":{"title":"R\u01b0\u1ee3u vang Tavernello Trebbiano Chardonnay Rubicone - R.WINE","robots":{"index":"noindex","follow":"follow"},"og_locale":"vi_VN","og_type":"article","og_title":"R\u01b0\u1ee3u vang Tavernello Trebbiano Chardonnay Rubicone - R.WINE","og_description":"R\u01b0\u1ee3u vang Tavernello Trebbiano Chardonnay Rubicone\u00a0l\u00e0 chai vang tr\u1eafng \u00dd \u0111\u01b0\u1ee3c l\u00e0m t\u1eeb gi\u1ed1ng nho n\u1ed5i ti\u1ebfng Chardonnay c\u1ee7a v\u00f9ng Rubicone. V\u1edbi ch\u1ea5t l\u01b0\u1ee3ng v\u00e0 gi\u00e1 th\u00e0nh ph\u1ea3i ch\u0103ng lu\u00f4n l\u00e0 l\u1ef1a ch\u1ecdn t\u1ed1t nh\u1ea5t cho nh\u1eefng ai y\u00eau th\u00edch nh\u00e0 l\u00e0m vang Tavernello.","og_url":"https:\/\/rwinevietnam.com\/home\/ruou-vang-tavernello-trebbiano-chardonnay-rubicone\/","og_site_name":"R.WINE","article_modified_time":"2023-07-11T09:40:54+00:00","og_image":[{"width":500,"height":500,"url":"https:\/\/rwinevietnam.com\/home\/wp-content\/uploads\/2023\/07\/24.png","type":"image\/png"}],"twitter_card":"summary_large_image","schema":{"@context":"https:\/\/schema.org","@graph":[{"@type":"WebPage","@id":"https:\/\/rwinevietnam.com\/home\/ruou-vang-tavernello-trebbiano-chardonnay-rubicone\/","url":"https:\/\/rwinevietnam.com\/home\/ruou-vang-tavernello-trebbiano-chardonnay-rubicone\/","name":"R\u01b0\u1ee3u vang Tavernello Trebbiano Chardonnay Rubicone - R.WINE","isPartOf":{"@id":"https:\/\/rwinevietnam.com\/home\/#website"},"primaryImageOfPage":{"@id":"https:\/\/rwinevietnam.com\/home\/ruou-vang-tavernello-trebbiano-chardonnay-rubicone\/#primaryimage"},"image":{"@id":"https:\/\/rwinevietnam.com\/home\/ruou-vang-tavernello-trebbiano-chardonnay-rubicone\/#primaryimage"},"thumbnailUrl":"https:\/\/rwinevietnam.com\/home\/wp-content\/uploads\/2023\/07\/24.png","datePublished":"2023-07-10T07:22:00+00:00","dateModified":"2023-07-11T09:40:54+00:00","breadcrumb":{"@id":"https:\/\/rwinevietnam.com\/home\/ruou-vang-tavernello-trebbiano-chardonnay-rubicone\/#breadcrumb"},"inLanguage":"vi","potentialAction":[{"@type":"ReadAction","target":["https:\/\/rwinevietnam.com\/home\/ruou-vang-tavernello-trebbiano-chardonnay-rubicone\/"]}]},{"@type":"ImageObject","inLanguage":"vi","@id":"https:\/\/rwinevietnam.com\/home\/ruou-vang-tavernello-trebbiano-chardonnay-rubicone\/#primaryimage","url":"https:\/\/rwinevietnam.com\/home\/wp-content\/uploads\/2023\/07\/24.png","contentUrl":"https:\/\/rwinevietnam.com\/home\/wp-content\/uploads\/2023\/07\/24.png","width":500,"height":500},{"@type":"BreadcrumbList","@id":"https:\/\/rwinevietnam.com\/home\/ruou-vang-tavernello-trebbiano-chardonnay-rubicone\/#breadcrumb","itemListElement":[{"@type":"ListItem","position":1,"name":"Trang ch\u1ee7","item":"https:\/\/rwinevietnam.com\/home\/"},{"@type":"ListItem","position":2,"name":"S\u1ea3n ph\u1ea9m","item":"https:\/\/rwinevietnam.com\/home\/san-pham\/"},{"@type":"ListItem","position":3,"name":"R\u01b0\u1ee3u vang Tavernello Trebbiano Chardonnay Rubicone"}]},{"@type":"WebSite","@id":"https:\/\/rwinevietnam.com\/home\/#website","url":"https:\/\/rwinevietnam.com\/home\/","name":"R.WINE","description":"C\u00d4NG TY C\u1ed4 PH\u1ea6N XU\u1ea4T KH\u1ea8U NH\u1eacP KH\u1ea8U","potentialAction":[{"@type":"SearchAction","target":{"@type":"EntryPoint","urlTemplate":"https:\/\/rwinevietnam.com\/home\/?s={search_term_string}"},"query-input":{"@type":"PropertyValueSpecification","valueRequired":true,"valueName":"search_term_string"}}],"inLanguage":"vi"}]}},"_links":{"self":[{"href":"https:\/\/rwinevietnam.com\/home\/wp-json\/wp\/v2\/product\/543","targetHints":{"allow":["GET"]}}],"collection":[{"href":"https:\/\/rwinevietnam.com\/home\/wp-json\/wp\/v2\/product"}],"about":[{"href":"https:\/\/rwinevietnam.com\/home\/wp-json\/wp\/v2\/types\/product"}],"replies":[{"embeddable":true,"href":"https:\/\/rwinevietnam.com\/home\/wp-json\/wp\/v2\/comments?post=543"}],"wp:featuredmedia":[{"embeddable":true,"href":"https:\/\/rwinevietnam.com\/home\/wp-json\/wp\/v2\/media\/546"}],"wp:attachment":[{"href":"https:\/\/rwinevietnam.com\/home\/wp-json\/wp\/v2\/media?parent=543"}],"wp:term":[{"taxonomy":"product_brand","embeddable":true,"href":"https:\/\/rwinevietnam.com\/home\/wp-json\/wp\/v2\/product_brand?post=543"},{"taxonomy":"product_cat","embeddable":true,"href":"https:\/\/rwinevietnam.com\/home\/wp-json\/wp\/v2\/product_cat?post=543"},{"taxonomy":"product_tag","embeddable":true,"href":"https:\/\/rwinevietnam.com\/home\/wp-json\/wp\/v2\/product_tag?post=543"}],"curies":[{"name":"wp","href":"https:\/\/api.w.org\/{rel}","templated":true}]}}