{"id":539,"date":"2023-07-10T07:17:30","date_gmt":"2023-07-10T07:17:30","guid":{"rendered":"http:\/\/rwinevietnam.com\/?post_type=product&#038;p=539"},"modified":"2023-07-11T09:42:33","modified_gmt":"2023-07-11T09:42:33","slug":"ruou-vang-tini-moscato-spumante","status":"publish","type":"product","link":"https:\/\/rwinevietnam.com\/home\/ruou-vang-tini-moscato-spumante\/","title":{"rendered":"R\u01b0\u1ee3u vang Tini Moscato Spumante"},"content":{"rendered":"<p style=\"text-align: center;\"><span style=\"font-size: 130%;\"><strong>L\u1ecbch s\u1eed c\u1ee7a r\u01b0\u1ee3u vang Tini Moscato Spumante<\/strong><\/span><\/p>\n<p>R\u01b0\u1ee3u vang Tini Moscato Spumante c\u00f3 ngu\u1ed3n g\u1ed1c t\u1eeb v\u00f9ng Lombardy, \u00dd. T\u1eeb th\u1ebf k\u1ef7 13, ng\u01b0\u1eddi d\u00e2n \u0111\u1ecba ph\u01b0\u01a1ng \u0111\u00e3 tr\u1ed3ng gi\u1ed1ng nho Moscato v\u00e0 ch\u1ebf bi\u1ebfn th\u00e0nh r\u01b0\u1ee3u vang th\u01b0\u1ee3ng h\u1ea1ng. S\u1ef1 k\u1ebft h\u1ee3p gi\u1eefa kh\u00ed h\u1eadu \u00f4n \u0111\u1edbi v\u00e0 \u0111\u1ea5t \u0111ai phong ph\u00fa t\u1ea1o n\u00ean nh\u1eefng \u0111i\u1ec1u ki\u1ec7n l\u00fd t\u01b0\u1edfng cho s\u1ef1 ph\u00e1t tri\u1ec3n c\u1ee7a gi\u1ed1ng nho n\u00e0y.<\/p>\n<p><img loading=\"lazy\" decoding=\"async\" class=\"alignnone size-full wp-image-541\" src=\"https:\/\/rwinevietnam.com\/home\/wp-content\/uploads\/2023\/07\/24.jpg\" alt=\"\" width=\"800\" height=\"600\" srcset=\"https:\/\/rwinevietnam.com\/home\/wp-content\/uploads\/2023\/07\/24.jpg 800w, https:\/\/rwinevietnam.com\/home\/wp-content\/uploads\/2023\/07\/24-300x225.jpg 300w, https:\/\/rwinevietnam.com\/home\/wp-content\/uploads\/2023\/07\/24-600x450.jpg 600w, https:\/\/rwinevietnam.com\/home\/wp-content\/uploads\/2023\/07\/24-768x576.jpg 768w\" sizes=\"auto, (max-width: 800px) 100vw, 800px\" \/><\/p>\n<p><strong>H\u01b0\u01a1ng v\u1ecb r\u01b0\u1ee3u vang Tini Moscato Spumante<\/strong><\/p>\n<p>R\u01b0\u1ee3u vang Tini Moscato Spumante c\u00f3 m\u00e0u v\u00e0ng s\u00e1ng r\u1ef1c r\u1ee1, mang \u0111\u1ebfn m\u1ed9t v\u1ebb \u0111\u1eb9p quy\u1ebfn r\u0169 tr\u00ean ly. V\u1edbi h\u01b0\u01a1ng th\u01a1m t\u01b0\u01a1i m\u00e1t c\u1ee7a tr\u00e1i c\u00e2y ch\u00edn m\u1ecdng v\u00e0 hoa c\u1ecf, r\u01b0\u1ee3u vang n\u00e0y khi\u1ebfn ai c\u0169ng b\u1ecb cu\u1ed1n h\u00fat ngay t\u1eeb l\u1ea7n \u0111\u1ea7u th\u01b0\u1edfng th\u1ee9c. V\u1ecb ng\u1ecdt \u00eam d\u1ecbu v\u00e0 h\u01b0\u01a1ng v\u1ecb c\u00e2n b\u1eb1ng t\u1ea1o n\u00ean s\u1ef1 h\u00e0i h\u00f2a \u0111\u1ed9c \u0111\u00e1o, khi\u1ebfn r\u01b0\u1ee3u vang Tini Moscato Spumante tr\u1edf th\u00e0nh l\u1ef1a ch\u1ecdn \u01b0a th\u00edch c\u1ee7a nhi\u1ec1u ng\u01b0\u1eddi y\u00eau r\u01b0\u1ee3u.<\/p>\n<p><strong>C\u00e1ch s\u1eed d\u1ee5ng v\u00e0 ph\u1ee5c v\u1ee5 r\u01b0\u1ee3u vang Tini Moscato Spumante<\/strong><\/p>\n<p><img loading=\"lazy\" decoding=\"async\" class=\"size-full wp-image-542 aligncenter\" src=\"https:\/\/rwinevietnam.com\/home\/wp-content\/uploads\/2023\/07\/25.jpg\" alt=\"\" width=\"467\" height=\"600\" srcset=\"https:\/\/rwinevietnam.com\/home\/wp-content\/uploads\/2023\/07\/25.jpg 467w, https:\/\/rwinevietnam.com\/home\/wp-content\/uploads\/2023\/07\/25-300x385.jpg 300w, https:\/\/rwinevietnam.com\/home\/wp-content\/uploads\/2023\/07\/25-234x300.jpg 234w\" sizes=\"auto, (max-width: 467px) 100vw, 467px\" \/><\/p>\n<p>\u0110\u1ec3 t\u1eadn h\u01b0\u1edfng h\u01b0\u01a1ng v\u1ecb tuy\u1ec7t v\u1eddi c\u1ee7a r\u01b0\u1ee3u vang Tini Moscato Spumante, h\u00e3y th\u01b0\u1edfng th\u1ee9c n\u00f3 \u1edf nhi\u1ec7t \u0111\u1ed9 t\u1eeb 6-8\u00b0C. R\u01b0\u1ee3u vang n\u00e0y th\u00edch h\u1ee3p \u0111\u1ec3 u\u1ed1ng trong c\u00e1c bu\u1ed5i ti\u1ec7c, c\u00e1c d\u1ecbp l\u1ec5 hay khi th\u01b0 gi\u00e3n c\u00f9ng b\u1ea1n b\u00e8. Ngo\u00e0i ra, r\u01b0\u1ee3u vang n\u00e0y c\u0169ng l\u00e0 m\u1ed9t l\u1ef1a ch\u1ecdn tuy\u1ec7t v\u1eddi \u0111\u1ec3 k\u1ebft h\u1ee3p v\u1edbi c\u00e1c m\u00f3n tr\u00e1ng mi\u1ec7ng nh\u1eb9 nh\u00e0ng nh\u01b0 tr\u00e1i c\u00e2y t\u01b0\u01a1i, b\u00e1nh ng\u1ecdt, ho\u1eb7c m\u00f3n tr\u00e1i c\u00e2y kh\u00f4.<\/p>\n","protected":false},"excerpt":{"rendered":"<p><strong>R\u01b0\u1ee3u vang Tini Moscato Spumante<\/strong>\u00a0l\u00e0 m\u1ed9t s\u1ea3n ph\u1ea9m n\u1ed5i b\u1eadt trong th\u1ebf gi\u1edbi r\u01b0\u1ee3u vang. \u0110\u01b0\u1ee3c s\u1ea3n xu\u1ea5t t\u1eeb gi\u1ed1ng nho Moscato n\u1ed5i ti\u1ebfng, r\u01b0\u1ee3u vang n\u00e0y mang \u0111\u1ebfn m\u1ed9t tr\u1ea3i nghi\u1ec7m th\u01b0\u1edfng th\u1ee9c tuy\u1ec7t v\u1eddi v\u1edbi v\u1ecb ng\u1ecdt m\u00ea \u0111\u1eafm v\u00e0 h\u01b0\u01a1ng th\u01a1m tinh t\u1ebf.<\/p>\n","protected":false},"featured_media":540,"comment_status":"closed","ping_status":"closed","template":"","meta":{"_acf_changed":false},"product_brand":[],"product_cat":[29],"product_tag":[],"class_list":{"0":"post-539","1":"product","2":"type-product","3":"status-publish","4":"has-post-thumbnail","6":"product_cat-vang-y","8":"first","9":"instock","10":"sale","11":"shipping-taxable","12":"purchasable","13":"product-type-simple"},"acf":[],"yoast_head":"<!-- This site is optimized with the Yoast SEO plugin v26.8 - https:\/\/yoast.com\/product\/yoast-seo-wordpress\/ -->\n<title>R\u01b0\u1ee3u vang Tini Moscato Spumante - R.WINE<\/title>\n<meta name=\"robots\" content=\"noindex, follow\" \/>\n<meta property=\"og:locale\" content=\"vi_VN\" \/>\n<meta property=\"og:type\" content=\"article\" \/>\n<meta property=\"og:title\" content=\"R\u01b0\u1ee3u vang Tini Moscato Spumante - R.WINE\" \/>\n<meta property=\"og:description\" content=\"R\u01b0\u1ee3u vang Tini Moscato Spumante\u00a0l\u00e0 m\u1ed9t s\u1ea3n ph\u1ea9m n\u1ed5i b\u1eadt trong th\u1ebf gi\u1edbi r\u01b0\u1ee3u vang. \u0110\u01b0\u1ee3c s\u1ea3n xu\u1ea5t t\u1eeb gi\u1ed1ng nho Moscato n\u1ed5i ti\u1ebfng, r\u01b0\u1ee3u vang n\u00e0y mang \u0111\u1ebfn m\u1ed9t tr\u1ea3i nghi\u1ec7m th\u01b0\u1edfng th\u1ee9c tuy\u1ec7t v\u1eddi v\u1edbi v\u1ecb ng\u1ecdt m\u00ea \u0111\u1eafm v\u00e0 h\u01b0\u01a1ng th\u01a1m tinh t\u1ebf.\" \/>\n<meta property=\"og:url\" content=\"https:\/\/rwinevietnam.com\/home\/ruou-vang-tini-moscato-spumante\/\" \/>\n<meta property=\"og:site_name\" content=\"R.WINE\" \/>\n<meta property=\"article:modified_time\" content=\"2023-07-11T09:42:33+00:00\" \/>\n<meta property=\"og:image\" content=\"https:\/\/rwinevietnam.com\/home\/wp-content\/uploads\/2023\/07\/23.png\" \/>\n\t<meta property=\"og:image:width\" content=\"500\" \/>\n\t<meta property=\"og:image:height\" content=\"500\" \/>\n\t<meta property=\"og:image:type\" content=\"image\/png\" \/>\n<meta name=\"twitter:card\" content=\"summary_large_image\" \/>\n<script type=\"application\/ld+json\" class=\"yoast-schema-graph\">{\"@context\":\"https:\/\/schema.org\",\"@graph\":[{\"@type\":\"WebPage\",\"@id\":\"https:\/\/rwinevietnam.com\/home\/ruou-vang-tini-moscato-spumante\/\",\"url\":\"https:\/\/rwinevietnam.com\/home\/ruou-vang-tini-moscato-spumante\/\",\"name\":\"R\u01b0\u1ee3u vang Tini Moscato Spumante - R.WINE\",\"isPartOf\":{\"@id\":\"https:\/\/rwinevietnam.com\/home\/#website\"},\"primaryImageOfPage\":{\"@id\":\"https:\/\/rwinevietnam.com\/home\/ruou-vang-tini-moscato-spumante\/#primaryimage\"},\"image\":{\"@id\":\"https:\/\/rwinevietnam.com\/home\/ruou-vang-tini-moscato-spumante\/#primaryimage\"},\"thumbnailUrl\":\"https:\/\/rwinevietnam.com\/home\/wp-content\/uploads\/2023\/07\/23.png\",\"datePublished\":\"2023-07-10T07:17:30+00:00\",\"dateModified\":\"2023-07-11T09:42:33+00:00\",\"breadcrumb\":{\"@id\":\"https:\/\/rwinevietnam.com\/home\/ruou-vang-tini-moscato-spumante\/#breadcrumb\"},\"inLanguage\":\"vi\",\"potentialAction\":[{\"@type\":\"ReadAction\",\"target\":[\"https:\/\/rwinevietnam.com\/home\/ruou-vang-tini-moscato-spumante\/\"]}]},{\"@type\":\"ImageObject\",\"inLanguage\":\"vi\",\"@id\":\"https:\/\/rwinevietnam.com\/home\/ruou-vang-tini-moscato-spumante\/#primaryimage\",\"url\":\"https:\/\/rwinevietnam.com\/home\/wp-content\/uploads\/2023\/07\/23.png\",\"contentUrl\":\"https:\/\/rwinevietnam.com\/home\/wp-content\/uploads\/2023\/07\/23.png\",\"width\":500,\"height\":500},{\"@type\":\"BreadcrumbList\",\"@id\":\"https:\/\/rwinevietnam.com\/home\/ruou-vang-tini-moscato-spumante\/#breadcrumb\",\"itemListElement\":[{\"@type\":\"ListItem\",\"position\":1,\"name\":\"Trang ch\u1ee7\",\"item\":\"https:\/\/rwinevietnam.com\/home\/\"},{\"@type\":\"ListItem\",\"position\":2,\"name\":\"S\u1ea3n ph\u1ea9m\",\"item\":\"https:\/\/rwinevietnam.com\/home\/san-pham\/\"},{\"@type\":\"ListItem\",\"position\":3,\"name\":\"R\u01b0\u1ee3u vang Tini Moscato Spumante\"}]},{\"@type\":\"WebSite\",\"@id\":\"https:\/\/rwinevietnam.com\/home\/#website\",\"url\":\"https:\/\/rwinevietnam.com\/home\/\",\"name\":\"R.WINE\",\"description\":\"C\u00d4NG TY C\u1ed4 PH\u1ea6N XU\u1ea4T KH\u1ea8U NH\u1eacP KH\u1ea8U\",\"potentialAction\":[{\"@type\":\"SearchAction\",\"target\":{\"@type\":\"EntryPoint\",\"urlTemplate\":\"https:\/\/rwinevietnam.com\/home\/?s={search_term_string}\"},\"query-input\":{\"@type\":\"PropertyValueSpecification\",\"valueRequired\":true,\"valueName\":\"search_term_string\"}}],\"inLanguage\":\"vi\"}]}<\/script>\n<!-- \/ Yoast SEO plugin. -->","yoast_head_json":{"title":"R\u01b0\u1ee3u vang Tini Moscato Spumante - R.WINE","robots":{"index":"noindex","follow":"follow"},"og_locale":"vi_VN","og_type":"article","og_title":"R\u01b0\u1ee3u vang Tini Moscato Spumante - R.WINE","og_description":"R\u01b0\u1ee3u vang Tini Moscato Spumante\u00a0l\u00e0 m\u1ed9t s\u1ea3n ph\u1ea9m n\u1ed5i b\u1eadt trong th\u1ebf gi\u1edbi r\u01b0\u1ee3u vang. \u0110\u01b0\u1ee3c s\u1ea3n xu\u1ea5t t\u1eeb gi\u1ed1ng nho Moscato n\u1ed5i ti\u1ebfng, r\u01b0\u1ee3u vang n\u00e0y mang \u0111\u1ebfn m\u1ed9t tr\u1ea3i nghi\u1ec7m th\u01b0\u1edfng th\u1ee9c tuy\u1ec7t v\u1eddi v\u1edbi v\u1ecb ng\u1ecdt m\u00ea \u0111\u1eafm v\u00e0 h\u01b0\u01a1ng th\u01a1m tinh t\u1ebf.","og_url":"https:\/\/rwinevietnam.com\/home\/ruou-vang-tini-moscato-spumante\/","og_site_name":"R.WINE","article_modified_time":"2023-07-11T09:42:33+00:00","og_image":[{"width":500,"height":500,"url":"https:\/\/rwinevietnam.com\/home\/wp-content\/uploads\/2023\/07\/23.png","type":"image\/png"}],"twitter_card":"summary_large_image","schema":{"@context":"https:\/\/schema.org","@graph":[{"@type":"WebPage","@id":"https:\/\/rwinevietnam.com\/home\/ruou-vang-tini-moscato-spumante\/","url":"https:\/\/rwinevietnam.com\/home\/ruou-vang-tini-moscato-spumante\/","name":"R\u01b0\u1ee3u vang Tini Moscato Spumante - R.WINE","isPartOf":{"@id":"https:\/\/rwinevietnam.com\/home\/#website"},"primaryImageOfPage":{"@id":"https:\/\/rwinevietnam.com\/home\/ruou-vang-tini-moscato-spumante\/#primaryimage"},"image":{"@id":"https:\/\/rwinevietnam.com\/home\/ruou-vang-tini-moscato-spumante\/#primaryimage"},"thumbnailUrl":"https:\/\/rwinevietnam.com\/home\/wp-content\/uploads\/2023\/07\/23.png","datePublished":"2023-07-10T07:17:30+00:00","dateModified":"2023-07-11T09:42:33+00:00","breadcrumb":{"@id":"https:\/\/rwinevietnam.com\/home\/ruou-vang-tini-moscato-spumante\/#breadcrumb"},"inLanguage":"vi","potentialAction":[{"@type":"ReadAction","target":["https:\/\/rwinevietnam.com\/home\/ruou-vang-tini-moscato-spumante\/"]}]},{"@type":"ImageObject","inLanguage":"vi","@id":"https:\/\/rwinevietnam.com\/home\/ruou-vang-tini-moscato-spumante\/#primaryimage","url":"https:\/\/rwinevietnam.com\/home\/wp-content\/uploads\/2023\/07\/23.png","contentUrl":"https:\/\/rwinevietnam.com\/home\/wp-content\/uploads\/2023\/07\/23.png","width":500,"height":500},{"@type":"BreadcrumbList","@id":"https:\/\/rwinevietnam.com\/home\/ruou-vang-tini-moscato-spumante\/#breadcrumb","itemListElement":[{"@type":"ListItem","position":1,"name":"Trang ch\u1ee7","item":"https:\/\/rwinevietnam.com\/home\/"},{"@type":"ListItem","position":2,"name":"S\u1ea3n ph\u1ea9m","item":"https:\/\/rwinevietnam.com\/home\/san-pham\/"},{"@type":"ListItem","position":3,"name":"R\u01b0\u1ee3u vang Tini Moscato Spumante"}]},{"@type":"WebSite","@id":"https:\/\/rwinevietnam.com\/home\/#website","url":"https:\/\/rwinevietnam.com\/home\/","name":"R.WINE","description":"C\u00d4NG TY C\u1ed4 PH\u1ea6N XU\u1ea4T KH\u1ea8U NH\u1eacP KH\u1ea8U","potentialAction":[{"@type":"SearchAction","target":{"@type":"EntryPoint","urlTemplate":"https:\/\/rwinevietnam.com\/home\/?s={search_term_string}"},"query-input":{"@type":"PropertyValueSpecification","valueRequired":true,"valueName":"search_term_string"}}],"inLanguage":"vi"}]}},"_links":{"self":[{"href":"https:\/\/rwinevietnam.com\/home\/wp-json\/wp\/v2\/product\/539","targetHints":{"allow":["GET"]}}],"collection":[{"href":"https:\/\/rwinevietnam.com\/home\/wp-json\/wp\/v2\/product"}],"about":[{"href":"https:\/\/rwinevietnam.com\/home\/wp-json\/wp\/v2\/types\/product"}],"replies":[{"embeddable":true,"href":"https:\/\/rwinevietnam.com\/home\/wp-json\/wp\/v2\/comments?post=539"}],"wp:featuredmedia":[{"embeddable":true,"href":"https:\/\/rwinevietnam.com\/home\/wp-json\/wp\/v2\/media\/540"}],"wp:attachment":[{"href":"https:\/\/rwinevietnam.com\/home\/wp-json\/wp\/v2\/media?parent=539"}],"wp:term":[{"taxonomy":"product_brand","embeddable":true,"href":"https:\/\/rwinevietnam.com\/home\/wp-json\/wp\/v2\/product_brand?post=539"},{"taxonomy":"product_cat","embeddable":true,"href":"https:\/\/rwinevietnam.com\/home\/wp-json\/wp\/v2\/product_cat?post=539"},{"taxonomy":"product_tag","embeddable":true,"href":"https:\/\/rwinevietnam.com\/home\/wp-json\/wp\/v2\/product_tag?post=539"}],"curies":[{"name":"wp","href":"https:\/\/api.w.org\/{rel}","templated":true}]}}