{"id":530,"date":"2023-07-10T03:45:43","date_gmt":"2023-07-10T03:45:43","guid":{"rendered":"http:\/\/rwinevietnam.com\/?post_type=product&#038;p=530"},"modified":"2023-07-11T08:51:31","modified_gmt":"2023-07-11T08:51:31","slug":"vang-phap-la-force-de-lage","status":"publish","type":"product","link":"https:\/\/rwinevietnam.com\/home\/vang-phap-la-force-de-lage\/","title":{"rendered":"Vang Ph\u00e1p La Force De L\u2019age"},"content":{"rendered":"<p style=\"text-align: center;\"><span style=\"font-size: 130%;\"><strong>H\u01b0\u01a1ng v\u1ecb r\u01b0\u1ee3u vang Ph\u00e1p La Force De L\u2019age<\/strong><\/span><\/p>\n<p>Nho \u0111\u01b0\u1ee3c thu ho\u1ea1ch v\u00e0o ng\u00e0y m\u00f9ng 9-30 th\u00e1ng 3, nh\u1eefng tr\u00e1i nho \u0111\u01b0\u1ee3c h\u00e1i c\u1ea9n th\u1eadn th\u1ee7 c\u00f4ng b\u1eb1ng tay. Ch\u1ecdn ra nho ch\u1ea5t l\u01b0\u1ee3ng, kh\u00f4ng d\u1eadp n\u00e1t \u0111\u1ec3 \u0111em \u0111i s\u1ea3n xu\u1ea5t.<\/p>\n<p>R\u01b0\u1ee3u vang La Force De L\u2019age c\u00f3 xu\u1ea5t x\u1ee9 t\u1eeb Maury Sec thu\u1ed9c mi\u1ec1n Nam n\u01b0\u1edbc Ph\u00e1p. Maury Sec l\u00e0 v\u00f9ng \u0111\u1ea5t n\u1ed5i ti\u1ebfng \u1edf Ph\u00e1p v\u1edbi nh\u1eefng v\u00f9ng \u0111\u1ea5t ch\u1ee9a nh\u1eefng phi\u1ebfn \u0111\u00e1 \u0111en \u0111\u1ed9c \u0111\u00e1o. \u0110\u1ecba h\u00ecnh c\u1ee7a v\u00f9ng n\u00e0y b\u1ecb chi ph\u1ed1i b\u1edfi nh\u1eefng d\u1ed1c \u0111\u00e1 v\u00f4i d\u1ed1c \u0111\u1ee9ng, \u0111\u00e1nh d\u1ea5u s\u1ef1 kh\u1edfi \u0111\u1ea7u c\u1ee7a ch\u00e2n \u0111\u1ed3i Pyrenees. \u0110\u1ebfn ng\u00e0y nay \u0111\u00e2y v\u1eabn \u0111\u01b0\u1ee3c coi l\u00e0 bi\u1ec3u t\u01b0\u1ee3ng \u0111i\u1ec3n h\u00ecnh th\u1ec3 hi\u1ec7n v\u0103n h\u00f3a \u0111\u1ecba ph\u01b0\u01a1ng s\u00e2u \u0111\u1eadm. B\u1edfi v\u1eady, r\u01b0\u1ee3u vang La Force De L\u2019age \u0111\u01b0\u1ee3c l\u00e0m \u1edf \u0111\u00e2y c\u00f3 h\u01b0\u01a1ng v\u1ecb v\u00f4 c\u00f9ng \u0111\u1eb7c bi\u1ec7t.<\/p>\n<p><img loading=\"lazy\" decoding=\"async\" class=\"alignnone size-full wp-image-532\" src=\"https:\/\/rwinevietnam.com\/home\/wp-content\/uploads\/2023\/07\/19.jpg\" alt=\"\" width=\"800\" height=\"600\" srcset=\"https:\/\/rwinevietnam.com\/home\/wp-content\/uploads\/2023\/07\/19.jpg 800w, https:\/\/rwinevietnam.com\/home\/wp-content\/uploads\/2023\/07\/19-300x225.jpg 300w, https:\/\/rwinevietnam.com\/home\/wp-content\/uploads\/2023\/07\/19-600x450.jpg 600w, https:\/\/rwinevietnam.com\/home\/wp-content\/uploads\/2023\/07\/19-768x576.jpg 768w\" sizes=\"auto, (max-width: 800px) 100vw, 800px\" \/><\/p>\n<p>H\u01b0\u01a1ng v\u1ecb c\u1ed5 \u0111i\u1ec3n v\u00f4 c\u00f9ng \u0111\u1eb7c tr\u01b0ng c\u1ee7a vang Ph\u00e1p. \u0110\u00f3 l\u00e0 h\u01b0\u01a1ng v\u1ecb c\u1ee7a qu\u1ea3 m\u00e2m x\u00f4i, thu\u1ed1c l\u00e1 hay qu\u1ea3 sung. H\u00f2a quy\u1ec7n c\u00f9ng nh\u1eefng h\u01b0\u01a1ng v\u1ecb \u0111\u00f3 l\u00e0 c\u1ea5u tr\u00fac r\u01b0\u1ee3u \u0111\u1eadm \u0111\u00e0 v\u1edbi n\u1ed3ng \u0111\u1ed9 \u0111\u1ea1t \u1edf m\u1ee9c 17%, mang phong c\u00e1ch c\u1ed5 v\u00e0 h\u01b0\u01a1ng hoa qu\u1ea3 quy\u1ebfn r\u0169 ng\u1ecdt ng\u00e0o. R\u01b0\u1ee3u c\u00f3 th\u1ec3 \u0111\u1ec3 l\u01b0u tr\u1eef 8-10 n\u0103m.<\/p>\n<p><strong>Th\u01b0\u1edfng th\u1ee9c r\u01b0\u1ee3u vang Ph\u00e1p La Force De L\u2019age<\/strong><br \/>\nR\u01b0\u1ee3u \u0111\u1ecf Ph\u00e1p La Force De L\u2019age th\u00edch h\u1ee3p khi k\u1ebft h\u1ee3p v\u1edbi: Th\u1ecbt b\u00f2 b\u00edt t\u1ebft, th\u1ecbt c\u1eebu, nai, phomai, c\u00e1c m\u00f3n s\u1ed1t, \u0111\u1ed3 n\u01b0\u1edbng BBQ,\u2026s\u1ebd gi\u00fap ngon mi\u1ec7ng h\u01a1n.<\/p>\n<p><img loading=\"lazy\" decoding=\"async\" class=\"alignnone size-full wp-image-533\" src=\"https:\/\/rwinevietnam.com\/home\/wp-content\/uploads\/2023\/07\/20.jpg\" alt=\"\" width=\"800\" height=\"600\" srcset=\"https:\/\/rwinevietnam.com\/home\/wp-content\/uploads\/2023\/07\/20.jpg 800w, https:\/\/rwinevietnam.com\/home\/wp-content\/uploads\/2023\/07\/20-300x225.jpg 300w, https:\/\/rwinevietnam.com\/home\/wp-content\/uploads\/2023\/07\/20-600x450.jpg 600w, https:\/\/rwinevietnam.com\/home\/wp-content\/uploads\/2023\/07\/20-768x576.jpg 768w\" sizes=\"auto, (max-width: 800px) 100vw, 800px\" \/><\/p>\n<p>Nhi\u1ec7t \u0111\u1ed9 th\u01b0\u1edfng th\u1ee9c l\u00e0: 16-18 \u0111\u1ed9 C, \u0111\u00e2y l\u00e0 chai vang v\u1edbi n\u1ed3ng \u0111\u1ed9 17% kh\u00e1 cao n\u00ean tr\u01b0\u1edbc khi u\u1ed1ng n\u00ean l\u00e0m m\u00e1t b\u1eb1ng c\u00e1ch \u01b0\u1edbp v\u00e0o x\u00f4 \u0111\u00e1 20 ph\u00fat. Ho\u1eb7c \u0111\u1ec3 trong ng\u0103n m\u00e1t t\u1ee7 l\u1ea1nh 30 ph\u00fat, sau \u0111\u00f3 r\u00f3t r\u01b0\u1ee3u ra b\u00ecnh th\u1edf vang Decanter 30 ph\u00fat. V\u1edbi c\u00e1ch l\u00e0m n\u00e0y th\u00ec s\u1ebd gi\u00fap cho r\u01b0\u1ee3u tr\u1edf n\u00ean m\u1ec1m m\u1ea1i v\u00e0 gi\u1eef \u0111\u01b0\u1ee3c h\u01b0\u01a1ng v\u1ecb \u0111\u1eb7c tr\u01b0ng th\u01a1m ngon, h\u1ea5p d\u1eabn h\u01a1n. \u0110\u1eb7c bi\u1ec7t l\u00e0 l\u1ef1a ch\u1ecdn ly vang \u0111\u1ecf u\u1ed1ng ph\u00f9 h\u1ee3p \u0111\u1ec3 gi\u1eef \u0111\u01b0\u1ee3c h\u01b0\u01a1ng v\u1ecb th\u01a1m ngon nh\u1ea5t.<\/p>\n","protected":false},"excerpt":{"rendered":"<p><strong>Vang Ph\u00e1p La Force De L\u2019age<\/strong>\u00a0cao c\u1ea5p v\u1edbi n\u1ed3ng \u0111\u1ed9 kh\u00e1 cao 17% cho nh\u1eefng ai y\u00eau th\u00edch vang cao \u0111\u1ed9. Chi r\u01b0\u1ee3u \u0111\u01b0\u1ee3c thi\u1ebft k\u1ebf \u0111\u1eb9p m\u1eaft c\u0169ng l\u00e0 \u0111i\u1ec3m h\u1ea5p d\u1eabn v\u00e0 \u0111\u01b0\u1ee3c l\u1ef1a ch\u1ecdn l\u00e0m qu\u00e0 t\u1eb7ng ng\u01b0\u1eddi th\u00e2n, s\u1ebfp, hay \u0111\u1ed1i t\u00e1c trong nh\u1eefng d\u1ecbp \u0111\u1eb7c bi\u1ec7t.<\/p>\n","protected":false},"featured_media":531,"comment_status":"closed","ping_status":"closed","template":"","meta":{"_acf_changed":false},"product_brand":[],"product_cat":[83,28],"product_tag":[],"class_list":{"0":"post-530","1":"product","2":"type-product","3":"status-publish","4":"has-post-thumbnail","6":"product_cat-syrah","7":"product_cat-vang-phap","9":"first","10":"instock","11":"sale","12":"shipping-taxable","13":"purchasable","14":"product-type-simple"},"acf":[],"yoast_head":"<!-- This site is optimized with the Yoast SEO plugin v26.8 - https:\/\/yoast.com\/product\/yoast-seo-wordpress\/ -->\n<title>Vang Ph\u00e1p La Force De L\u2019age - R.WINE<\/title>\n<meta name=\"robots\" content=\"noindex, follow\" \/>\n<meta property=\"og:locale\" content=\"vi_VN\" \/>\n<meta property=\"og:type\" content=\"article\" \/>\n<meta property=\"og:title\" content=\"Vang Ph\u00e1p La Force De L\u2019age - R.WINE\" \/>\n<meta property=\"og:description\" content=\"Vang Ph\u00e1p La Force De L\u2019age\u00a0cao c\u1ea5p v\u1edbi n\u1ed3ng \u0111\u1ed9 kh\u00e1 cao 17% cho nh\u1eefng ai y\u00eau th\u00edch vang cao \u0111\u1ed9. Chi r\u01b0\u1ee3u \u0111\u01b0\u1ee3c thi\u1ebft k\u1ebf \u0111\u1eb9p m\u1eaft c\u0169ng l\u00e0 \u0111i\u1ec3m h\u1ea5p d\u1eabn v\u00e0 \u0111\u01b0\u1ee3c l\u1ef1a ch\u1ecdn l\u00e0m qu\u00e0 t\u1eb7ng ng\u01b0\u1eddi th\u00e2n, s\u1ebfp, hay \u0111\u1ed1i t\u00e1c trong nh\u1eefng d\u1ecbp \u0111\u1eb7c bi\u1ec7t.\" \/>\n<meta property=\"og:url\" content=\"https:\/\/rwinevietnam.com\/home\/vang-phap-la-force-de-lage\/\" \/>\n<meta property=\"og:site_name\" content=\"R.WINE\" \/>\n<meta property=\"article:modified_time\" content=\"2023-07-11T08:51:31+00:00\" \/>\n<meta property=\"og:image\" content=\"https:\/\/rwinevietnam.com\/home\/wp-content\/uploads\/2023\/07\/18.png\" \/>\n\t<meta property=\"og:image:width\" content=\"500\" \/>\n\t<meta property=\"og:image:height\" content=\"500\" \/>\n\t<meta property=\"og:image:type\" content=\"image\/png\" \/>\n<meta name=\"twitter:card\" content=\"summary_large_image\" \/>\n<script type=\"application\/ld+json\" class=\"yoast-schema-graph\">{\"@context\":\"https:\/\/schema.org\",\"@graph\":[{\"@type\":\"WebPage\",\"@id\":\"https:\/\/rwinevietnam.com\/home\/vang-phap-la-force-de-lage\/\",\"url\":\"https:\/\/rwinevietnam.com\/home\/vang-phap-la-force-de-lage\/\",\"name\":\"Vang Ph\u00e1p La Force De L\u2019age - R.WINE\",\"isPartOf\":{\"@id\":\"https:\/\/rwinevietnam.com\/home\/#website\"},\"primaryImageOfPage\":{\"@id\":\"https:\/\/rwinevietnam.com\/home\/vang-phap-la-force-de-lage\/#primaryimage\"},\"image\":{\"@id\":\"https:\/\/rwinevietnam.com\/home\/vang-phap-la-force-de-lage\/#primaryimage\"},\"thumbnailUrl\":\"https:\/\/rwinevietnam.com\/home\/wp-content\/uploads\/2023\/07\/18.png\",\"datePublished\":\"2023-07-10T03:45:43+00:00\",\"dateModified\":\"2023-07-11T08:51:31+00:00\",\"breadcrumb\":{\"@id\":\"https:\/\/rwinevietnam.com\/home\/vang-phap-la-force-de-lage\/#breadcrumb\"},\"inLanguage\":\"vi\",\"potentialAction\":[{\"@type\":\"ReadAction\",\"target\":[\"https:\/\/rwinevietnam.com\/home\/vang-phap-la-force-de-lage\/\"]}]},{\"@type\":\"ImageObject\",\"inLanguage\":\"vi\",\"@id\":\"https:\/\/rwinevietnam.com\/home\/vang-phap-la-force-de-lage\/#primaryimage\",\"url\":\"https:\/\/rwinevietnam.com\/home\/wp-content\/uploads\/2023\/07\/18.png\",\"contentUrl\":\"https:\/\/rwinevietnam.com\/home\/wp-content\/uploads\/2023\/07\/18.png\",\"width\":500,\"height\":500},{\"@type\":\"BreadcrumbList\",\"@id\":\"https:\/\/rwinevietnam.com\/home\/vang-phap-la-force-de-lage\/#breadcrumb\",\"itemListElement\":[{\"@type\":\"ListItem\",\"position\":1,\"name\":\"Trang ch\u1ee7\",\"item\":\"https:\/\/rwinevietnam.com\/home\/\"},{\"@type\":\"ListItem\",\"position\":2,\"name\":\"S\u1ea3n ph\u1ea9m\",\"item\":\"https:\/\/rwinevietnam.com\/home\/san-pham\/\"},{\"@type\":\"ListItem\",\"position\":3,\"name\":\"Vang Ph\u00e1p La Force De L\u2019age\"}]},{\"@type\":\"WebSite\",\"@id\":\"https:\/\/rwinevietnam.com\/home\/#website\",\"url\":\"https:\/\/rwinevietnam.com\/home\/\",\"name\":\"R.WINE\",\"description\":\"C\u00d4NG TY C\u1ed4 PH\u1ea6N XU\u1ea4T KH\u1ea8U NH\u1eacP KH\u1ea8U\",\"potentialAction\":[{\"@type\":\"SearchAction\",\"target\":{\"@type\":\"EntryPoint\",\"urlTemplate\":\"https:\/\/rwinevietnam.com\/home\/?s={search_term_string}\"},\"query-input\":{\"@type\":\"PropertyValueSpecification\",\"valueRequired\":true,\"valueName\":\"search_term_string\"}}],\"inLanguage\":\"vi\"}]}<\/script>\n<!-- \/ Yoast SEO plugin. -->","yoast_head_json":{"title":"Vang Ph\u00e1p La Force De L\u2019age - R.WINE","robots":{"index":"noindex","follow":"follow"},"og_locale":"vi_VN","og_type":"article","og_title":"Vang Ph\u00e1p La Force De L\u2019age - R.WINE","og_description":"Vang Ph\u00e1p La Force De L\u2019age\u00a0cao c\u1ea5p v\u1edbi n\u1ed3ng \u0111\u1ed9 kh\u00e1 cao 17% cho nh\u1eefng ai y\u00eau th\u00edch vang cao \u0111\u1ed9. Chi r\u01b0\u1ee3u \u0111\u01b0\u1ee3c thi\u1ebft k\u1ebf \u0111\u1eb9p m\u1eaft c\u0169ng l\u00e0 \u0111i\u1ec3m h\u1ea5p d\u1eabn v\u00e0 \u0111\u01b0\u1ee3c l\u1ef1a ch\u1ecdn l\u00e0m qu\u00e0 t\u1eb7ng ng\u01b0\u1eddi th\u00e2n, s\u1ebfp, hay \u0111\u1ed1i t\u00e1c trong nh\u1eefng d\u1ecbp \u0111\u1eb7c bi\u1ec7t.","og_url":"https:\/\/rwinevietnam.com\/home\/vang-phap-la-force-de-lage\/","og_site_name":"R.WINE","article_modified_time":"2023-07-11T08:51:31+00:00","og_image":[{"width":500,"height":500,"url":"https:\/\/rwinevietnam.com\/home\/wp-content\/uploads\/2023\/07\/18.png","type":"image\/png"}],"twitter_card":"summary_large_image","schema":{"@context":"https:\/\/schema.org","@graph":[{"@type":"WebPage","@id":"https:\/\/rwinevietnam.com\/home\/vang-phap-la-force-de-lage\/","url":"https:\/\/rwinevietnam.com\/home\/vang-phap-la-force-de-lage\/","name":"Vang Ph\u00e1p La Force De L\u2019age - R.WINE","isPartOf":{"@id":"https:\/\/rwinevietnam.com\/home\/#website"},"primaryImageOfPage":{"@id":"https:\/\/rwinevietnam.com\/home\/vang-phap-la-force-de-lage\/#primaryimage"},"image":{"@id":"https:\/\/rwinevietnam.com\/home\/vang-phap-la-force-de-lage\/#primaryimage"},"thumbnailUrl":"https:\/\/rwinevietnam.com\/home\/wp-content\/uploads\/2023\/07\/18.png","datePublished":"2023-07-10T03:45:43+00:00","dateModified":"2023-07-11T08:51:31+00:00","breadcrumb":{"@id":"https:\/\/rwinevietnam.com\/home\/vang-phap-la-force-de-lage\/#breadcrumb"},"inLanguage":"vi","potentialAction":[{"@type":"ReadAction","target":["https:\/\/rwinevietnam.com\/home\/vang-phap-la-force-de-lage\/"]}]},{"@type":"ImageObject","inLanguage":"vi","@id":"https:\/\/rwinevietnam.com\/home\/vang-phap-la-force-de-lage\/#primaryimage","url":"https:\/\/rwinevietnam.com\/home\/wp-content\/uploads\/2023\/07\/18.png","contentUrl":"https:\/\/rwinevietnam.com\/home\/wp-content\/uploads\/2023\/07\/18.png","width":500,"height":500},{"@type":"BreadcrumbList","@id":"https:\/\/rwinevietnam.com\/home\/vang-phap-la-force-de-lage\/#breadcrumb","itemListElement":[{"@type":"ListItem","position":1,"name":"Trang ch\u1ee7","item":"https:\/\/rwinevietnam.com\/home\/"},{"@type":"ListItem","position":2,"name":"S\u1ea3n ph\u1ea9m","item":"https:\/\/rwinevietnam.com\/home\/san-pham\/"},{"@type":"ListItem","position":3,"name":"Vang Ph\u00e1p La Force De L\u2019age"}]},{"@type":"WebSite","@id":"https:\/\/rwinevietnam.com\/home\/#website","url":"https:\/\/rwinevietnam.com\/home\/","name":"R.WINE","description":"C\u00d4NG TY C\u1ed4 PH\u1ea6N XU\u1ea4T KH\u1ea8U NH\u1eacP KH\u1ea8U","potentialAction":[{"@type":"SearchAction","target":{"@type":"EntryPoint","urlTemplate":"https:\/\/rwinevietnam.com\/home\/?s={search_term_string}"},"query-input":{"@type":"PropertyValueSpecification","valueRequired":true,"valueName":"search_term_string"}}],"inLanguage":"vi"}]}},"_links":{"self":[{"href":"https:\/\/rwinevietnam.com\/home\/wp-json\/wp\/v2\/product\/530","targetHints":{"allow":["GET"]}}],"collection":[{"href":"https:\/\/rwinevietnam.com\/home\/wp-json\/wp\/v2\/product"}],"about":[{"href":"https:\/\/rwinevietnam.com\/home\/wp-json\/wp\/v2\/types\/product"}],"replies":[{"embeddable":true,"href":"https:\/\/rwinevietnam.com\/home\/wp-json\/wp\/v2\/comments?post=530"}],"wp:featuredmedia":[{"embeddable":true,"href":"https:\/\/rwinevietnam.com\/home\/wp-json\/wp\/v2\/media\/531"}],"wp:attachment":[{"href":"https:\/\/rwinevietnam.com\/home\/wp-json\/wp\/v2\/media?parent=530"}],"wp:term":[{"taxonomy":"product_brand","embeddable":true,"href":"https:\/\/rwinevietnam.com\/home\/wp-json\/wp\/v2\/product_brand?post=530"},{"taxonomy":"product_cat","embeddable":true,"href":"https:\/\/rwinevietnam.com\/home\/wp-json\/wp\/v2\/product_cat?post=530"},{"taxonomy":"product_tag","embeddable":true,"href":"https:\/\/rwinevietnam.com\/home\/wp-json\/wp\/v2\/product_tag?post=530"}],"curies":[{"name":"wp","href":"https:\/\/api.w.org\/{rel}","templated":true}]}}