{"id":526,"date":"2023-07-10T03:39:09","date_gmt":"2023-07-10T03:39:09","guid":{"rendered":"http:\/\/rwinevietnam.com\/?post_type=product&#038;p=526"},"modified":"2023-07-11T09:49:50","modified_gmt":"2023-07-11T09:49:50","slug":"ruou-vang-chateau-comte-segur-bordeaux","status":"publish","type":"product","link":"https:\/\/rwinevietnam.com\/home\/ruou-vang-chateau-comte-segur-bordeaux\/","title":{"rendered":"R\u01b0\u1ee3u vang Chateau Comte Segur Bordeaux"},"content":{"rendered":"<p style=\"text-align: center;\"><span style=\"font-size: 130%;\"><strong>Nh\u00e0 l\u00e0m r\u01b0\u1ee3u vang Chateau Comte Segur Bordeaux<\/strong><\/span><\/p>\n<p>Chateau Comte Segur Bordeaux l\u00e0 m\u1ed9t trong nh\u1eefng nh\u00e3n hi\u1ec7u r\u01b0\u1ee3u vang danh ti\u1ebfng t\u1eeb v\u00f9ng Bordeaux, Ph\u00e1p. V\u1edbi l\u1ecbch s\u1eed truy\u1ec1n th\u1ed1ng v\u00e0 ch\u1ea5t l\u01b0\u1ee3ng cao, r\u01b0\u1ee3u vang Chateau Comte Segur \u0111\u00e3 tr\u1edf th\u00e0nh m\u1ed9t bi\u1ec3u t\u01b0\u1ee3ng c\u1ee7a ngh\u1ec7 thu\u1eadt l\u00e0m r\u01b0\u1ee3u Bordeaux.<\/p>\n<p>Chateau Comte Segur l\u00e0 m\u1ed9t gia \u0111\u00ecnh s\u1ea3n xu\u1ea5t r\u01b0\u1ee3u vang c\u00f3 l\u1ecbch s\u1eed h\u01a1n m\u1ed9t th\u1ebf k\u1ef7. Nh\u1eefng ng\u01b0\u1eddi kh\u1edfi \u0111\u1ea7u v\u00e0 x\u00e2y d\u1ef1ng d\u00f2ng h\u1ecd n\u00e0y \u0111\u00e3 \u0111\u1eb7t n\u1ec1n m\u00f3ng cho s\u1ef1 ph\u00e1t tri\u1ec3n v\u00e0 th\u00e0nh c\u00f4ng c\u1ee7a r\u01b0\u1ee3u vang Chateau Comte Segur. T\u1eeb \u0111\u00f3, nh\u1eefng th\u1ebf h\u1ec7 sau \u0111\u00e3 ti\u1ebfp t\u1ee5c truy\u1ec1n b\u00ed quy\u1ebft v\u00e0 t\u00e2m huy\u1ebft \u0111\u1ec3 t\u1ea1o ra nh\u1eefng chai r\u01b0\u1ee3u vang \u0111\u1eb3ng c\u1ea5p.<\/p>\n<p><img loading=\"lazy\" decoding=\"async\" class=\"alignnone size-full wp-image-528\" src=\"https:\/\/rwinevietnam.com\/home\/wp-content\/uploads\/2023\/07\/15.jpg\" alt=\"\" width=\"1536\" height=\"2048\" srcset=\"https:\/\/rwinevietnam.com\/home\/wp-content\/uploads\/2023\/07\/15.jpg 1536w, https:\/\/rwinevietnam.com\/home\/wp-content\/uploads\/2023\/07\/15-300x400.jpg 300w, https:\/\/rwinevietnam.com\/home\/wp-content\/uploads\/2023\/07\/15-600x800.jpg 600w, https:\/\/rwinevietnam.com\/home\/wp-content\/uploads\/2023\/07\/15-225x300.jpg 225w, https:\/\/rwinevietnam.com\/home\/wp-content\/uploads\/2023\/07\/15-768x1024.jpg 768w, https:\/\/rwinevietnam.com\/home\/wp-content\/uploads\/2023\/07\/15-1152x1536.jpg 1152w\" sizes=\"auto, (max-width: 1536px) 100vw, 1536px\" \/><\/p>\n<p><strong>Quy tr\u00ecnh l\u00e0m vang Chateau Comte Segur<\/strong><br \/>\nR\u01b0\u1ee3u vang Chateau Comte Segur Bordeaux l\u00e0 s\u1ef1 k\u1ebft h\u1ee3p t\u00e0i t\u00ecnh c\u1ee7a c\u00e1c lo\u1ea1i nho ph\u1ed5 bi\u1ebfn trong v\u00f9ng Bordeaux. C\u00e1c lo\u1ea1i nho ch\u1ee7 y\u1ebfu bao g\u1ed3m Cabernet Sauvignon, Merlot v\u00e0 Cabernet Franc. S\u1ef1 pha tr\u1ed9n n\u00e0y t\u1ea1o n\u00ean h\u01b0\u01a1ng v\u1ecb \u0111\u1ed9c \u0111\u00e1o v\u00e0 phong ph\u00fa c\u1ee7a r\u01b0\u1ee3u vang Chateau Comte Segur.<\/p>\n<p>Qu\u00e1 tr\u00ecnh l\u00e0m r\u01b0\u1ee3u c\u1ee7a Chateau Comte Segur \u0111\u01b0\u1ee3c th\u1ef1c hi\u1ec7n b\u1eb1ng tay v\u00e0 tu\u00e2n th\u1ee7 nh\u1eefng nguy\u00ean t\u1eafc truy\u1ec1n th\u1ed1ng. T\u1eeb vi\u1ec7c thu ho\u1ea1ch nho \u0111\u1ebfn qu\u00e1 tr\u00ecnh \u1ee7 v\u00e0 \u01b0\u1edbp, m\u1ecdi c\u00f4ng \u0111o\u1ea1n \u0111\u1ec1u \u0111\u01b0\u1ee3c th\u1ef1c hi\u1ec7n v\u1edbi t\u00e2m huy\u1ebft v\u00e0 ki\u00ean nh\u1eabn. S\u1ef1 t\u1ec9 m\u1ec9 v\u00e0 tinh t\u1ebf trong qu\u00e1 tr\u00ecnh s\u1ea3n xu\u1ea5t gi\u00fap t\u1ea1o ra nh\u1eefng chai r\u01b0\u1ee3u vang ch\u1ea5t l\u01b0\u1ee3ng cao.<\/p>\n<p><strong>H\u01b0\u01a1ng v\u1ecb tuy\u1ec7t v\u1eddi c\u1ee7a Chateau Comte Segur<\/strong><br \/>\nR\u01b0\u1ee3u vang Chateau Comte Segur Bordeaux \u0111em l\u1ea1i h\u01b0\u01a1ng v\u1ecb phong ph\u00fa v\u00e0 tinh t\u1ebf. V\u1edbi m\u00e0u \u0111\u1ecf ruby s\u00e2u v\u00e0 h\u01b0\u01a1ng th\u01a1m ph\u1ee9c h\u1ee3p, chai r\u01b0\u1ee3u n\u00e0y mang \u0111\u1ebfn nh\u1eefng tr\u1ea3i nghi\u1ec7m th\u01b0\u1edfng th\u1ee9c \u0111\u00e1ng nh\u1edb. H\u01b0\u01a1ng v\u1ecb c\u1ee7a Chateau Comte Segur th\u01b0\u1eddng \u0111\u01b0\u1ee3c mi\u00eau t\u1ea3 l\u00e0 t\u01b0\u01a1i m\u1edbi, h\u00e0i h\u00f2a v\u00e0 v\u1edbi s\u1ef1 c\u00e2n \u0111\u1ed1i gi\u1eefa c\u00e1c th\u00e0nh ph\u1ea7n.<\/p>\n<p><img loading=\"lazy\" decoding=\"async\" class=\"alignnone size-full wp-image-529\" src=\"https:\/\/rwinevietnam.com\/home\/wp-content\/uploads\/2023\/07\/16.jpg\" alt=\"\" width=\"800\" height=\"800\" srcset=\"https:\/\/rwinevietnam.com\/home\/wp-content\/uploads\/2023\/07\/16.jpg 800w, https:\/\/rwinevietnam.com\/home\/wp-content\/uploads\/2023\/07\/16-300x300.jpg 300w, https:\/\/rwinevietnam.com\/home\/wp-content\/uploads\/2023\/07\/16-100x100.jpg 100w, https:\/\/rwinevietnam.com\/home\/wp-content\/uploads\/2023\/07\/16-600x600.jpg 600w, https:\/\/rwinevietnam.com\/home\/wp-content\/uploads\/2023\/07\/16-150x150.jpg 150w, https:\/\/rwinevietnam.com\/home\/wp-content\/uploads\/2023\/07\/16-768x768.jpg 768w\" sizes=\"auto, (max-width: 800px) 100vw, 800px\" \/><\/p>\n<p><strong>Th\u01b0\u1edfng th\u1ee9c chai vang Chateau Comte Segur<\/strong><br \/>\n\u0110\u1ec3 c\u00f3 tr\u1ea3i nghi\u1ec7m th\u01b0\u1edfng th\u1ee9c t\u1ed1t nh\u1ea5t, h\u00e3y \u0111\u1ea3m b\u1ea3o l\u01b0u tr\u1eef r\u01b0\u1ee3u vang Chateau Comte Segur \u1edf nhi\u1ec7t \u0111\u1ed9 ph\u00f9 h\u1ee3p 16-18 \u0111\u1ed9 C. Khi r\u00f3t r\u01b0\u1ee3u, h\u00e3y \u0111\u1ec3 n\u00f3 h\u01a1i th\u1edf v\u00e0 ti\u1ebfp x\u00fac v\u1edbi kh\u00f4ng kh\u00ed trong m\u1ed9t th\u1eddi gian ng\u1eafn \u0111\u1ec3 h\u01b0\u01a1ng v\u1ecb ph\u00e1t tri\u1ec3n \u0111\u1ea7y \u0111\u1ee7<\/p>\n<p>R\u01b0\u1ee3u vang <strong>Chateau Comte Segur Bordeaux<\/strong> th\u01b0\u1eddng \u0111\u01b0\u1ee3c k\u1ebft h\u1ee3p v\u1edbi c\u00e1c m\u00f3n \u0103n th\u1ecbt \u0111\u1ecf, ph\u00f4 mai v\u00e0 c\u00e1c m\u00f3n n\u01b0\u1edbng. H\u01b0\u01a1ng v\u1ecb \u0111\u1eadm \u0111\u00e0 v\u00e0 c\u1ea5u tr\u00fac tannin c\u1ee7a r\u01b0\u1ee3u vang n\u00e0y t\u01b0\u01a1ng th\u00edch t\u1ed1t v\u1edbi c\u00e1c m\u00f3n \u0103n gi\u00e0u protein v\u00e0 gia v\u1ecb.<\/p>\n","protected":false},"excerpt":{"rendered":"<p><strong>R\u01b0\u1ee3u vang Chateau Comte Segur Bordeaux<\/strong>\u00a0l\u00e0 m\u1ed9t bi\u1ec3u t\u01b0\u1ee3ng c\u1ee7a ngh\u1ec7 thu\u1eadt l\u00e0m r\u01b0\u1ee3u Bordeaux. V\u1edbi l\u1ecbch s\u1eed \u0111\u1eadm \u0111\u00e0, ch\u1ea5t l\u01b0\u1ee3ng cao, v\u00e0 h\u01b0\u01a1ng v\u1ecb tinh t\u1ebf, Chateau Comte Segur l\u00e0 m\u1ed9t l\u1ef1a ch\u1ecdn ho\u00e0n h\u1ea3o cho nh\u1eefng ai \u0111am m\u00ea v\u0103n h\u00f3a r\u01b0\u1ee3u vang.<\/p>\n","protected":false},"featured_media":527,"comment_status":"closed","ping_status":"closed","template":"","meta":{"_acf_changed":false},"product_brand":[],"product_cat":[81,77,78,85,28],"product_tag":[],"class_list":{"0":"post-526","1":"product","2":"type-product","3":"status-publish","4":"has-post-thumbnail","6":"product_cat-cabernet-franc","7":"product_cat-cabernet-sauvignon","8":"product_cat-merlot","9":"product_cat-ruou-vang-bordeaux","10":"product_cat-vang-phap","12":"first","13":"instock","14":"sale","15":"shipping-taxable","16":"purchasable","17":"product-type-simple"},"acf":[],"yoast_head":"<!-- This site is optimized with the Yoast SEO plugin v26.8 - https:\/\/yoast.com\/product\/yoast-seo-wordpress\/ -->\n<title>R\u01b0\u1ee3u vang Chateau Comte Segur Bordeaux - R.WINE<\/title>\n<meta name=\"robots\" content=\"noindex, follow\" \/>\n<meta property=\"og:locale\" content=\"vi_VN\" \/>\n<meta property=\"og:type\" content=\"article\" \/>\n<meta property=\"og:title\" content=\"R\u01b0\u1ee3u vang Chateau Comte Segur Bordeaux - R.WINE\" \/>\n<meta property=\"og:description\" content=\"R\u01b0\u1ee3u vang Chateau Comte Segur Bordeaux\u00a0l\u00e0 m\u1ed9t bi\u1ec3u t\u01b0\u1ee3ng c\u1ee7a ngh\u1ec7 thu\u1eadt l\u00e0m r\u01b0\u1ee3u Bordeaux. V\u1edbi l\u1ecbch s\u1eed \u0111\u1eadm \u0111\u00e0, ch\u1ea5t l\u01b0\u1ee3ng cao, v\u00e0 h\u01b0\u01a1ng v\u1ecb tinh t\u1ebf, Chateau Comte Segur l\u00e0 m\u1ed9t l\u1ef1a ch\u1ecdn ho\u00e0n h\u1ea3o cho nh\u1eefng ai \u0111am m\u00ea v\u0103n h\u00f3a r\u01b0\u1ee3u vang.\" \/>\n<meta property=\"og:url\" content=\"https:\/\/rwinevietnam.com\/home\/ruou-vang-chateau-comte-segur-bordeaux\/\" \/>\n<meta property=\"og:site_name\" content=\"R.WINE\" \/>\n<meta property=\"article:modified_time\" content=\"2023-07-11T09:49:50+00:00\" \/>\n<meta property=\"og:image\" content=\"https:\/\/rwinevietnam.com\/home\/wp-content\/uploads\/2023\/07\/14.png\" \/>\n\t<meta property=\"og:image:width\" content=\"500\" \/>\n\t<meta property=\"og:image:height\" content=\"500\" \/>\n\t<meta property=\"og:image:type\" content=\"image\/png\" \/>\n<meta name=\"twitter:card\" content=\"summary_large_image\" \/>\n<script type=\"application\/ld+json\" class=\"yoast-schema-graph\">{\"@context\":\"https:\/\/schema.org\",\"@graph\":[{\"@type\":\"WebPage\",\"@id\":\"https:\/\/rwinevietnam.com\/home\/ruou-vang-chateau-comte-segur-bordeaux\/\",\"url\":\"https:\/\/rwinevietnam.com\/home\/ruou-vang-chateau-comte-segur-bordeaux\/\",\"name\":\"R\u01b0\u1ee3u vang Chateau Comte Segur Bordeaux - R.WINE\",\"isPartOf\":{\"@id\":\"https:\/\/rwinevietnam.com\/home\/#website\"},\"primaryImageOfPage\":{\"@id\":\"https:\/\/rwinevietnam.com\/home\/ruou-vang-chateau-comte-segur-bordeaux\/#primaryimage\"},\"image\":{\"@id\":\"https:\/\/rwinevietnam.com\/home\/ruou-vang-chateau-comte-segur-bordeaux\/#primaryimage\"},\"thumbnailUrl\":\"https:\/\/rwinevietnam.com\/home\/wp-content\/uploads\/2023\/07\/14.png\",\"datePublished\":\"2023-07-10T03:39:09+00:00\",\"dateModified\":\"2023-07-11T09:49:50+00:00\",\"breadcrumb\":{\"@id\":\"https:\/\/rwinevietnam.com\/home\/ruou-vang-chateau-comte-segur-bordeaux\/#breadcrumb\"},\"inLanguage\":\"vi\",\"potentialAction\":[{\"@type\":\"ReadAction\",\"target\":[\"https:\/\/rwinevietnam.com\/home\/ruou-vang-chateau-comte-segur-bordeaux\/\"]}]},{\"@type\":\"ImageObject\",\"inLanguage\":\"vi\",\"@id\":\"https:\/\/rwinevietnam.com\/home\/ruou-vang-chateau-comte-segur-bordeaux\/#primaryimage\",\"url\":\"https:\/\/rwinevietnam.com\/home\/wp-content\/uploads\/2023\/07\/14.png\",\"contentUrl\":\"https:\/\/rwinevietnam.com\/home\/wp-content\/uploads\/2023\/07\/14.png\",\"width\":500,\"height\":500},{\"@type\":\"BreadcrumbList\",\"@id\":\"https:\/\/rwinevietnam.com\/home\/ruou-vang-chateau-comte-segur-bordeaux\/#breadcrumb\",\"itemListElement\":[{\"@type\":\"ListItem\",\"position\":1,\"name\":\"Trang ch\u1ee7\",\"item\":\"https:\/\/rwinevietnam.com\/home\/\"},{\"@type\":\"ListItem\",\"position\":2,\"name\":\"S\u1ea3n ph\u1ea9m\",\"item\":\"https:\/\/rwinevietnam.com\/home\/san-pham\/\"},{\"@type\":\"ListItem\",\"position\":3,\"name\":\"R\u01b0\u1ee3u vang Chateau Comte Segur Bordeaux\"}]},{\"@type\":\"WebSite\",\"@id\":\"https:\/\/rwinevietnam.com\/home\/#website\",\"url\":\"https:\/\/rwinevietnam.com\/home\/\",\"name\":\"R.WINE\",\"description\":\"C\u00d4NG TY C\u1ed4 PH\u1ea6N XU\u1ea4T KH\u1ea8U NH\u1eacP KH\u1ea8U\",\"potentialAction\":[{\"@type\":\"SearchAction\",\"target\":{\"@type\":\"EntryPoint\",\"urlTemplate\":\"https:\/\/rwinevietnam.com\/home\/?s={search_term_string}\"},\"query-input\":{\"@type\":\"PropertyValueSpecification\",\"valueRequired\":true,\"valueName\":\"search_term_string\"}}],\"inLanguage\":\"vi\"}]}<\/script>\n<!-- \/ Yoast SEO plugin. -->","yoast_head_json":{"title":"R\u01b0\u1ee3u vang Chateau Comte Segur Bordeaux - R.WINE","robots":{"index":"noindex","follow":"follow"},"og_locale":"vi_VN","og_type":"article","og_title":"R\u01b0\u1ee3u vang Chateau Comte Segur Bordeaux - R.WINE","og_description":"R\u01b0\u1ee3u vang Chateau Comte Segur Bordeaux\u00a0l\u00e0 m\u1ed9t bi\u1ec3u t\u01b0\u1ee3ng c\u1ee7a ngh\u1ec7 thu\u1eadt l\u00e0m r\u01b0\u1ee3u Bordeaux. V\u1edbi l\u1ecbch s\u1eed \u0111\u1eadm \u0111\u00e0, ch\u1ea5t l\u01b0\u1ee3ng cao, v\u00e0 h\u01b0\u01a1ng v\u1ecb tinh t\u1ebf, Chateau Comte Segur l\u00e0 m\u1ed9t l\u1ef1a ch\u1ecdn ho\u00e0n h\u1ea3o cho nh\u1eefng ai \u0111am m\u00ea v\u0103n h\u00f3a r\u01b0\u1ee3u vang.","og_url":"https:\/\/rwinevietnam.com\/home\/ruou-vang-chateau-comte-segur-bordeaux\/","og_site_name":"R.WINE","article_modified_time":"2023-07-11T09:49:50+00:00","og_image":[{"width":500,"height":500,"url":"https:\/\/rwinevietnam.com\/home\/wp-content\/uploads\/2023\/07\/14.png","type":"image\/png"}],"twitter_card":"summary_large_image","schema":{"@context":"https:\/\/schema.org","@graph":[{"@type":"WebPage","@id":"https:\/\/rwinevietnam.com\/home\/ruou-vang-chateau-comte-segur-bordeaux\/","url":"https:\/\/rwinevietnam.com\/home\/ruou-vang-chateau-comte-segur-bordeaux\/","name":"R\u01b0\u1ee3u vang Chateau Comte Segur Bordeaux - R.WINE","isPartOf":{"@id":"https:\/\/rwinevietnam.com\/home\/#website"},"primaryImageOfPage":{"@id":"https:\/\/rwinevietnam.com\/home\/ruou-vang-chateau-comte-segur-bordeaux\/#primaryimage"},"image":{"@id":"https:\/\/rwinevietnam.com\/home\/ruou-vang-chateau-comte-segur-bordeaux\/#primaryimage"},"thumbnailUrl":"https:\/\/rwinevietnam.com\/home\/wp-content\/uploads\/2023\/07\/14.png","datePublished":"2023-07-10T03:39:09+00:00","dateModified":"2023-07-11T09:49:50+00:00","breadcrumb":{"@id":"https:\/\/rwinevietnam.com\/home\/ruou-vang-chateau-comte-segur-bordeaux\/#breadcrumb"},"inLanguage":"vi","potentialAction":[{"@type":"ReadAction","target":["https:\/\/rwinevietnam.com\/home\/ruou-vang-chateau-comte-segur-bordeaux\/"]}]},{"@type":"ImageObject","inLanguage":"vi","@id":"https:\/\/rwinevietnam.com\/home\/ruou-vang-chateau-comte-segur-bordeaux\/#primaryimage","url":"https:\/\/rwinevietnam.com\/home\/wp-content\/uploads\/2023\/07\/14.png","contentUrl":"https:\/\/rwinevietnam.com\/home\/wp-content\/uploads\/2023\/07\/14.png","width":500,"height":500},{"@type":"BreadcrumbList","@id":"https:\/\/rwinevietnam.com\/home\/ruou-vang-chateau-comte-segur-bordeaux\/#breadcrumb","itemListElement":[{"@type":"ListItem","position":1,"name":"Trang ch\u1ee7","item":"https:\/\/rwinevietnam.com\/home\/"},{"@type":"ListItem","position":2,"name":"S\u1ea3n ph\u1ea9m","item":"https:\/\/rwinevietnam.com\/home\/san-pham\/"},{"@type":"ListItem","position":3,"name":"R\u01b0\u1ee3u vang Chateau Comte Segur Bordeaux"}]},{"@type":"WebSite","@id":"https:\/\/rwinevietnam.com\/home\/#website","url":"https:\/\/rwinevietnam.com\/home\/","name":"R.WINE","description":"C\u00d4NG TY C\u1ed4 PH\u1ea6N XU\u1ea4T KH\u1ea8U NH\u1eacP KH\u1ea8U","potentialAction":[{"@type":"SearchAction","target":{"@type":"EntryPoint","urlTemplate":"https:\/\/rwinevietnam.com\/home\/?s={search_term_string}"},"query-input":{"@type":"PropertyValueSpecification","valueRequired":true,"valueName":"search_term_string"}}],"inLanguage":"vi"}]}},"_links":{"self":[{"href":"https:\/\/rwinevietnam.com\/home\/wp-json\/wp\/v2\/product\/526","targetHints":{"allow":["GET"]}}],"collection":[{"href":"https:\/\/rwinevietnam.com\/home\/wp-json\/wp\/v2\/product"}],"about":[{"href":"https:\/\/rwinevietnam.com\/home\/wp-json\/wp\/v2\/types\/product"}],"replies":[{"embeddable":true,"href":"https:\/\/rwinevietnam.com\/home\/wp-json\/wp\/v2\/comments?post=526"}],"wp:featuredmedia":[{"embeddable":true,"href":"https:\/\/rwinevietnam.com\/home\/wp-json\/wp\/v2\/media\/527"}],"wp:attachment":[{"href":"https:\/\/rwinevietnam.com\/home\/wp-json\/wp\/v2\/media?parent=526"}],"wp:term":[{"taxonomy":"product_brand","embeddable":true,"href":"https:\/\/rwinevietnam.com\/home\/wp-json\/wp\/v2\/product_brand?post=526"},{"taxonomy":"product_cat","embeddable":true,"href":"https:\/\/rwinevietnam.com\/home\/wp-json\/wp\/v2\/product_cat?post=526"},{"taxonomy":"product_tag","embeddable":true,"href":"https:\/\/rwinevietnam.com\/home\/wp-json\/wp\/v2\/product_tag?post=526"}],"curies":[{"name":"wp","href":"https:\/\/api.w.org\/{rel}","templated":true}]}}