{"id":522,"date":"2023-07-10T03:34:00","date_gmt":"2023-07-10T03:34:00","guid":{"rendered":"http:\/\/rwinevietnam.com\/?post_type=product&#038;p=522"},"modified":"2023-07-11T09:51:55","modified_gmt":"2023-07-11T09:51:55","slug":"ruou-vang-chateau-galochet","status":"publish","type":"product","link":"https:\/\/rwinevietnam.com\/home\/ruou-vang-chateau-galochet\/","title":{"rendered":"R\u01b0\u1ee3u vang Chateau Galochet"},"content":{"rendered":"<p style=\"text-align: center;\"><strong><span style=\"font-size: 130%;\">T\u00ecm hi\u1ec3u Chateau Galochet v\u00e0 v\u00f9ng Bordeaux<\/span><\/strong><\/p>\n<p>V\u00f9ng Bordeaux n\u1eb1m \u1edf ph\u00eda t\u00e2y nam n\u01b0\u1edbc Ph\u00e1p v\u00e0 \u0111\u01b0\u1ee3c bi\u1ebft \u0111\u1ebfn l\u00e0 m\u1ed9t trong nh\u1eefng v\u00f9ng s\u1ea3n xu\u1ea5t r\u01b0\u1ee3u vang h\u00e0ng \u0111\u1ea7u th\u1ebf gi\u1edbi. V\u1edbi kh\u00ed h\u1eadu \u0111a d\u1ea1ng v\u00e0 \u0111\u1ea5t \u0111ai phong ph\u00fa, Bordeaux t\u1ea1o \u0111i\u1ec1u ki\u1ec7n l\u00fd t\u01b0\u1edfng cho vi\u1ec7c tr\u1ed3ng nho v\u00e0 s\u1ea3n xu\u1ea5t r\u01b0\u1ee3u vang.<\/p>\n<p><img loading=\"lazy\" decoding=\"async\" class=\"alignnone size-full wp-image-524\" src=\"https:\/\/rwinevietnam.com\/home\/wp-content\/uploads\/2023\/07\/12.jpg\" alt=\"\" width=\"1080\" height=\"1440\" srcset=\"https:\/\/rwinevietnam.com\/home\/wp-content\/uploads\/2023\/07\/12.jpg 1080w, https:\/\/rwinevietnam.com\/home\/wp-content\/uploads\/2023\/07\/12-300x400.jpg 300w, https:\/\/rwinevietnam.com\/home\/wp-content\/uploads\/2023\/07\/12-600x800.jpg 600w, https:\/\/rwinevietnam.com\/home\/wp-content\/uploads\/2023\/07\/12-225x300.jpg 225w, https:\/\/rwinevietnam.com\/home\/wp-content\/uploads\/2023\/07\/12-768x1024.jpg 768w\" sizes=\"auto, (max-width: 1080px) 100vw, 1080px\" \/><\/p>\n<p>R\u01b0\u1ee3u vang Chateau Galochet 1 \u01b0\u1ee3u vang Chateau Galochet \u0111\u01b0\u1ee3c t\u1ea1o ra t\u1eeb s\u1ef1 k\u1ebft h\u1ee3p t\u00e0i t\u00ecnh c\u1ee7a c\u00e1c lo\u1ea1i nho ph\u1ed5 bi\u1ebfn trong v\u00f9ng Bordeaux. Cabernet Sauvignon v\u00e0 Merlot l\u00e0 hai lo\u1ea1i nho ch\u1ee7 y\u1ebfu \u0111\u01b0\u1ee3c s\u1eed d\u1ee5ng \u0111\u1ec3 t\u1ea1o n\u00ean h\u01b0\u01a1ng v\u1ecb \u0111\u1eb7c tr\u01b0ng c\u1ee7a Chateau Galochet. S\u1ef1 pha tr\u1ed9n n\u00e0y t\u1ea1o n\u00ean m\u1ed9t s\u1ef1 c\u00e2n \u0111\u1ed1i ho\u00e0n h\u1ea3o gi\u1eefa c\u1ea5u tr\u00fac tannin v\u00e0 h\u01b0\u01a1ng v\u1ecb tinh t\u1ebf.<\/p>\n<p><strong>H\u01b0\u01a1ng v\u1ecb r\u01b0\u1ee3u vang Chateau Galochet<\/strong><br \/>\nR\u01b0\u1ee3u vang Chateau Galochet \u0111em l\u1ea1i h\u01b0\u01a1ng v\u1ecb phong ph\u00fa v\u00e0 \u0111a d\u1ea1ng. V\u1edbi m\u00e0u \u0111\u1ecf ruby s\u00e2u v\u00e0 m\u1ed9t h\u01b0\u01a1ng th\u01a1m ph\u1ee9c h\u1ee3p, chai r\u01b0\u1ee3u n\u00e0y khi\u1ebfn b\u1ea1n say m\u00ea ngay t\u1eeb l\u1ea7n \u0111\u1ea7u th\u01b0\u1edfng th\u1ee9c. H\u01b0\u01a1ng v\u1ecb c\u1ee7a Chateau Galochet th\u01b0\u1eddng \u0111\u01b0\u1ee3c mi\u00eau t\u1ea3 l\u00e0 \u0111\u1ea7y \u0111\u1eb7n, h\u00e0i h\u00f2a v\u00e0 v\u1edbi m\u1ed9t c\u1ea5u tr\u00fac tannin m\u1ecbn m\u00e0ng.<\/p>\n<p><img loading=\"lazy\" decoding=\"async\" class=\"alignnone size-full wp-image-525\" src=\"https:\/\/rwinevietnam.com\/home\/wp-content\/uploads\/2023\/07\/13.jpg\" alt=\"\" width=\"800\" height=\"600\" srcset=\"https:\/\/rwinevietnam.com\/home\/wp-content\/uploads\/2023\/07\/13.jpg 800w, https:\/\/rwinevietnam.com\/home\/wp-content\/uploads\/2023\/07\/13-300x225.jpg 300w, https:\/\/rwinevietnam.com\/home\/wp-content\/uploads\/2023\/07\/13-600x450.jpg 600w, https:\/\/rwinevietnam.com\/home\/wp-content\/uploads\/2023\/07\/13-768x576.jpg 768w\" sizes=\"auto, (max-width: 800px) 100vw, 800px\" \/><\/p>\n<p><strong>Th\u01b0\u1edfng th\u1ee9c r\u01b0\u1ee3u vang Chateau Galochet<\/strong><br \/>\nR\u01b0\u1ee3u vang Chateau Galochet th\u01b0\u1eddng \u0111\u01b0\u1ee3c k\u1ebft h\u1ee3p tuy\u1ec7t v\u1eddi v\u1edbi c\u00e1c m\u00f3n \u0103n th\u1ecbt \u0111\u1ecf, ph\u00f4 mai tr\u01b0\u1edfng th\u00e0nh. C\u00e1c m\u00f3n n\u01b0\u1edbng, h\u1ea7m s\u1ed1t c\u0169ng r\u1ea5t tuy\u1ec7t khi k\u1ebft h\u1ee3p.<\/p>\n<p>Nhi\u1ec7t \u0111\u1ed9 th\u01b0\u1edfng th\u1ee9c: 16-18 \u0111\u1ed9 C. H\u00e3y \u0111\u1ec3 r\u01b0\u1ee3u vang Chateau Galochet h\u01a1i th\u1edf trong m\u1ed9t th\u1eddi gian v\u00e0i ph\u00fat sau khi r\u00f3t v\u00e0o ly. \u0110i\u1ec1u n\u00e0y gi\u00fap t\u0103ng c\u01b0\u1eddng h\u01b0\u01a1ng v\u1ecb v\u00e0 mang l\u1ea1i tr\u1ea3i nghi\u1ec7m tuy\u1ec7t v\u1eddi h\u01a1n.<\/p>\n","protected":false},"excerpt":{"rendered":"<p><strong>R\u01b0\u1ee3u vang Chateau Galochet<\/strong>\u00a0l\u00e0 m\u1ed9t chai vang \u0111\u1ecf Ph\u00e1p \u0111\u1ed9c \u0111\u00e1o v\u00e0 tinh t\u1ebf t\u1eeb v\u00f9ng Bordeaux, Ph\u00e1p. V\u1edbi s\u1ef1 k\u1ebft h\u1ee3p t\u00e0i t\u00ecnh c\u1ee7a ngh\u1ec7 thu\u1eadt l\u00e0m r\u01b0\u1ee3u v\u00e0 t\u00e2m huy\u1ebft c\u1ee7a nh\u1eefng ng\u01b0\u1eddi l\u00e0m ngh\u1ec1, Chateau Galochet mang \u0111\u1ebfn nh\u1eefng chai r\u01b0\u1ee3u vang ch\u1ea5t l\u01b0\u1ee3ng cao v\u1edbi h\u01b0\u01a1ng v\u1ecb phong ph\u00fa cho ng\u01b0\u1eddi th\u01b0\u1edfng th\u1ee9c.<\/p>\n","protected":false},"featured_media":523,"comment_status":"closed","ping_status":"closed","template":"","meta":{"_acf_changed":false},"product_brand":[],"product_cat":[81,85,28],"product_tag":[],"class_list":{"0":"post-522","1":"product","2":"type-product","3":"status-publish","4":"has-post-thumbnail","6":"product_cat-cabernet-franc","7":"product_cat-ruou-vang-bordeaux","8":"product_cat-vang-phap","10":"first","11":"instock","12":"sale","13":"shipping-taxable","14":"purchasable","15":"product-type-simple"},"acf":[],"yoast_head":"<!-- This site is optimized with the Yoast SEO plugin v26.8 - https:\/\/yoast.com\/product\/yoast-seo-wordpress\/ -->\n<title>R\u01b0\u1ee3u vang Chateau Galochet - R.WINE<\/title>\n<meta name=\"robots\" content=\"noindex, follow\" \/>\n<meta property=\"og:locale\" content=\"vi_VN\" \/>\n<meta property=\"og:type\" content=\"article\" \/>\n<meta property=\"og:title\" content=\"R\u01b0\u1ee3u vang Chateau Galochet - R.WINE\" \/>\n<meta property=\"og:description\" content=\"R\u01b0\u1ee3u vang Chateau Galochet\u00a0l\u00e0 m\u1ed9t chai vang \u0111\u1ecf Ph\u00e1p \u0111\u1ed9c \u0111\u00e1o v\u00e0 tinh t\u1ebf t\u1eeb v\u00f9ng Bordeaux, Ph\u00e1p. V\u1edbi s\u1ef1 k\u1ebft h\u1ee3p t\u00e0i t\u00ecnh c\u1ee7a ngh\u1ec7 thu\u1eadt l\u00e0m r\u01b0\u1ee3u v\u00e0 t\u00e2m huy\u1ebft c\u1ee7a nh\u1eefng ng\u01b0\u1eddi l\u00e0m ngh\u1ec1, Chateau Galochet mang \u0111\u1ebfn nh\u1eefng chai r\u01b0\u1ee3u vang ch\u1ea5t l\u01b0\u1ee3ng cao v\u1edbi h\u01b0\u01a1ng v\u1ecb phong ph\u00fa cho ng\u01b0\u1eddi th\u01b0\u1edfng th\u1ee9c.\" \/>\n<meta property=\"og:url\" content=\"https:\/\/rwinevietnam.com\/home\/ruou-vang-chateau-galochet\/\" \/>\n<meta property=\"og:site_name\" content=\"R.WINE\" \/>\n<meta property=\"article:modified_time\" content=\"2023-07-11T09:51:55+00:00\" \/>\n<meta property=\"og:image\" content=\"https:\/\/rwinevietnam.com\/home\/wp-content\/uploads\/2023\/07\/Ruou-vang-Chateau-Galochet.png\" \/>\n\t<meta property=\"og:image:width\" content=\"500\" \/>\n\t<meta property=\"og:image:height\" content=\"500\" \/>\n\t<meta property=\"og:image:type\" content=\"image\/png\" \/>\n<meta name=\"twitter:card\" content=\"summary_large_image\" \/>\n<script type=\"application\/ld+json\" class=\"yoast-schema-graph\">{\"@context\":\"https:\/\/schema.org\",\"@graph\":[{\"@type\":\"WebPage\",\"@id\":\"https:\/\/rwinevietnam.com\/home\/ruou-vang-chateau-galochet\/\",\"url\":\"https:\/\/rwinevietnam.com\/home\/ruou-vang-chateau-galochet\/\",\"name\":\"R\u01b0\u1ee3u vang Chateau Galochet - R.WINE\",\"isPartOf\":{\"@id\":\"https:\/\/rwinevietnam.com\/home\/#website\"},\"primaryImageOfPage\":{\"@id\":\"https:\/\/rwinevietnam.com\/home\/ruou-vang-chateau-galochet\/#primaryimage\"},\"image\":{\"@id\":\"https:\/\/rwinevietnam.com\/home\/ruou-vang-chateau-galochet\/#primaryimage\"},\"thumbnailUrl\":\"https:\/\/rwinevietnam.com\/home\/wp-content\/uploads\/2023\/07\/Ruou-vang-Chateau-Galochet.png\",\"datePublished\":\"2023-07-10T03:34:00+00:00\",\"dateModified\":\"2023-07-11T09:51:55+00:00\",\"breadcrumb\":{\"@id\":\"https:\/\/rwinevietnam.com\/home\/ruou-vang-chateau-galochet\/#breadcrumb\"},\"inLanguage\":\"vi\",\"potentialAction\":[{\"@type\":\"ReadAction\",\"target\":[\"https:\/\/rwinevietnam.com\/home\/ruou-vang-chateau-galochet\/\"]}]},{\"@type\":\"ImageObject\",\"inLanguage\":\"vi\",\"@id\":\"https:\/\/rwinevietnam.com\/home\/ruou-vang-chateau-galochet\/#primaryimage\",\"url\":\"https:\/\/rwinevietnam.com\/home\/wp-content\/uploads\/2023\/07\/Ruou-vang-Chateau-Galochet.png\",\"contentUrl\":\"https:\/\/rwinevietnam.com\/home\/wp-content\/uploads\/2023\/07\/Ruou-vang-Chateau-Galochet.png\",\"width\":500,\"height\":500},{\"@type\":\"BreadcrumbList\",\"@id\":\"https:\/\/rwinevietnam.com\/home\/ruou-vang-chateau-galochet\/#breadcrumb\",\"itemListElement\":[{\"@type\":\"ListItem\",\"position\":1,\"name\":\"Trang ch\u1ee7\",\"item\":\"https:\/\/rwinevietnam.com\/home\/\"},{\"@type\":\"ListItem\",\"position\":2,\"name\":\"S\u1ea3n ph\u1ea9m\",\"item\":\"https:\/\/rwinevietnam.com\/home\/san-pham\/\"},{\"@type\":\"ListItem\",\"position\":3,\"name\":\"R\u01b0\u1ee3u vang Chateau Galochet\"}]},{\"@type\":\"WebSite\",\"@id\":\"https:\/\/rwinevietnam.com\/home\/#website\",\"url\":\"https:\/\/rwinevietnam.com\/home\/\",\"name\":\"R.WINE\",\"description\":\"C\u00d4NG TY C\u1ed4 PH\u1ea6N XU\u1ea4T KH\u1ea8U NH\u1eacP KH\u1ea8U\",\"potentialAction\":[{\"@type\":\"SearchAction\",\"target\":{\"@type\":\"EntryPoint\",\"urlTemplate\":\"https:\/\/rwinevietnam.com\/home\/?s={search_term_string}\"},\"query-input\":{\"@type\":\"PropertyValueSpecification\",\"valueRequired\":true,\"valueName\":\"search_term_string\"}}],\"inLanguage\":\"vi\"}]}<\/script>\n<!-- \/ Yoast SEO plugin. -->","yoast_head_json":{"title":"R\u01b0\u1ee3u vang Chateau Galochet - R.WINE","robots":{"index":"noindex","follow":"follow"},"og_locale":"vi_VN","og_type":"article","og_title":"R\u01b0\u1ee3u vang Chateau Galochet - R.WINE","og_description":"R\u01b0\u1ee3u vang Chateau Galochet\u00a0l\u00e0 m\u1ed9t chai vang \u0111\u1ecf Ph\u00e1p \u0111\u1ed9c \u0111\u00e1o v\u00e0 tinh t\u1ebf t\u1eeb v\u00f9ng Bordeaux, Ph\u00e1p. V\u1edbi s\u1ef1 k\u1ebft h\u1ee3p t\u00e0i t\u00ecnh c\u1ee7a ngh\u1ec7 thu\u1eadt l\u00e0m r\u01b0\u1ee3u v\u00e0 t\u00e2m huy\u1ebft c\u1ee7a nh\u1eefng ng\u01b0\u1eddi l\u00e0m ngh\u1ec1, Chateau Galochet mang \u0111\u1ebfn nh\u1eefng chai r\u01b0\u1ee3u vang ch\u1ea5t l\u01b0\u1ee3ng cao v\u1edbi h\u01b0\u01a1ng v\u1ecb phong ph\u00fa cho ng\u01b0\u1eddi th\u01b0\u1edfng th\u1ee9c.","og_url":"https:\/\/rwinevietnam.com\/home\/ruou-vang-chateau-galochet\/","og_site_name":"R.WINE","article_modified_time":"2023-07-11T09:51:55+00:00","og_image":[{"width":500,"height":500,"url":"https:\/\/rwinevietnam.com\/home\/wp-content\/uploads\/2023\/07\/Ruou-vang-Chateau-Galochet.png","type":"image\/png"}],"twitter_card":"summary_large_image","schema":{"@context":"https:\/\/schema.org","@graph":[{"@type":"WebPage","@id":"https:\/\/rwinevietnam.com\/home\/ruou-vang-chateau-galochet\/","url":"https:\/\/rwinevietnam.com\/home\/ruou-vang-chateau-galochet\/","name":"R\u01b0\u1ee3u vang Chateau Galochet - R.WINE","isPartOf":{"@id":"https:\/\/rwinevietnam.com\/home\/#website"},"primaryImageOfPage":{"@id":"https:\/\/rwinevietnam.com\/home\/ruou-vang-chateau-galochet\/#primaryimage"},"image":{"@id":"https:\/\/rwinevietnam.com\/home\/ruou-vang-chateau-galochet\/#primaryimage"},"thumbnailUrl":"https:\/\/rwinevietnam.com\/home\/wp-content\/uploads\/2023\/07\/Ruou-vang-Chateau-Galochet.png","datePublished":"2023-07-10T03:34:00+00:00","dateModified":"2023-07-11T09:51:55+00:00","breadcrumb":{"@id":"https:\/\/rwinevietnam.com\/home\/ruou-vang-chateau-galochet\/#breadcrumb"},"inLanguage":"vi","potentialAction":[{"@type":"ReadAction","target":["https:\/\/rwinevietnam.com\/home\/ruou-vang-chateau-galochet\/"]}]},{"@type":"ImageObject","inLanguage":"vi","@id":"https:\/\/rwinevietnam.com\/home\/ruou-vang-chateau-galochet\/#primaryimage","url":"https:\/\/rwinevietnam.com\/home\/wp-content\/uploads\/2023\/07\/Ruou-vang-Chateau-Galochet.png","contentUrl":"https:\/\/rwinevietnam.com\/home\/wp-content\/uploads\/2023\/07\/Ruou-vang-Chateau-Galochet.png","width":500,"height":500},{"@type":"BreadcrumbList","@id":"https:\/\/rwinevietnam.com\/home\/ruou-vang-chateau-galochet\/#breadcrumb","itemListElement":[{"@type":"ListItem","position":1,"name":"Trang ch\u1ee7","item":"https:\/\/rwinevietnam.com\/home\/"},{"@type":"ListItem","position":2,"name":"S\u1ea3n ph\u1ea9m","item":"https:\/\/rwinevietnam.com\/home\/san-pham\/"},{"@type":"ListItem","position":3,"name":"R\u01b0\u1ee3u vang Chateau Galochet"}]},{"@type":"WebSite","@id":"https:\/\/rwinevietnam.com\/home\/#website","url":"https:\/\/rwinevietnam.com\/home\/","name":"R.WINE","description":"C\u00d4NG TY C\u1ed4 PH\u1ea6N XU\u1ea4T KH\u1ea8U NH\u1eacP KH\u1ea8U","potentialAction":[{"@type":"SearchAction","target":{"@type":"EntryPoint","urlTemplate":"https:\/\/rwinevietnam.com\/home\/?s={search_term_string}"},"query-input":{"@type":"PropertyValueSpecification","valueRequired":true,"valueName":"search_term_string"}}],"inLanguage":"vi"}]}},"_links":{"self":[{"href":"https:\/\/rwinevietnam.com\/home\/wp-json\/wp\/v2\/product\/522","targetHints":{"allow":["GET"]}}],"collection":[{"href":"https:\/\/rwinevietnam.com\/home\/wp-json\/wp\/v2\/product"}],"about":[{"href":"https:\/\/rwinevietnam.com\/home\/wp-json\/wp\/v2\/types\/product"}],"replies":[{"embeddable":true,"href":"https:\/\/rwinevietnam.com\/home\/wp-json\/wp\/v2\/comments?post=522"}],"wp:featuredmedia":[{"embeddable":true,"href":"https:\/\/rwinevietnam.com\/home\/wp-json\/wp\/v2\/media\/523"}],"wp:attachment":[{"href":"https:\/\/rwinevietnam.com\/home\/wp-json\/wp\/v2\/media?parent=522"}],"wp:term":[{"taxonomy":"product_brand","embeddable":true,"href":"https:\/\/rwinevietnam.com\/home\/wp-json\/wp\/v2\/product_brand?post=522"},{"taxonomy":"product_cat","embeddable":true,"href":"https:\/\/rwinevietnam.com\/home\/wp-json\/wp\/v2\/product_cat?post=522"},{"taxonomy":"product_tag","embeddable":true,"href":"https:\/\/rwinevietnam.com\/home\/wp-json\/wp\/v2\/product_tag?post=522"}],"curies":[{"name":"wp","href":"https:\/\/api.w.org\/{rel}","templated":true}]}}