{"id":511,"date":"2023-07-10T03:24:36","date_gmt":"2023-07-10T03:24:36","guid":{"rendered":"http:\/\/rwinevietnam.com\/?post_type=product&#038;p=511"},"modified":"2023-07-11T07:09:32","modified_gmt":"2023-07-11T07:09:32","slug":"ruou-vang-les-greffieux-ermitage-m-chapoutier","status":"publish","type":"product","link":"https:\/\/rwinevietnam.com\/home\/ruou-vang-les-greffieux-ermitage-m-chapoutier\/","title":{"rendered":"R\u01b0\u1ee3u vang Les Greffieux Ermitage M Chapoutier"},"content":{"rendered":"<p style=\"text-align: center;\"><span style=\"font-size: 130%;\"><strong>Chi ti\u1ebft r\u01b0\u1ee3u vang Les Greffieux<\/strong><\/span><\/p>\n<p>Les Greffieux l\u00e0 m\u1ed9t chai r\u01b0\u1ee3u vang Ph\u00e1p mang \u0111\u1ea7y \u0111\u1ee7 c\u00e1i t\u00ean Chapoutier, m\u1ed9t nh\u00e0 s\u1ea3n xu\u1ea5t r\u01b0\u1ee3u uy t\u00edn v\u00e0 n\u1ed5i ti\u1ebfng. Chai r\u01b0\u1ee3u n\u00e0y \u0111\u01b0\u1ee3c t\u1ea1o ra t\u1eeb nh\u1eefng tr\u00e1i nho \u0111\u01b0\u1ee3c tr\u1ed3ng \u1edf v\u00f9ng s\u1ea3n xu\u1ea5t \u0111\u00e1ng ch\u00fa \u00fd, v\u1edbi \u0111i\u1ec1u ki\u1ec7n t\u1ef1 nhi\u00ean v\u00e0 ch\u1ea5t l\u01b0\u1ee3ng n\u1ed5i b\u1eadt.<\/p>\n<p><img loading=\"lazy\" decoding=\"async\" class=\"alignnone size-full wp-image-515\" src=\"https:\/\/rwinevietnam.com\/home\/wp-content\/uploads\/2023\/07\/8.jpg\" alt=\"\" width=\"800\" height=\"600\" srcset=\"https:\/\/rwinevietnam.com\/home\/wp-content\/uploads\/2023\/07\/8.jpg 800w, https:\/\/rwinevietnam.com\/home\/wp-content\/uploads\/2023\/07\/8-300x225.jpg 300w, https:\/\/rwinevietnam.com\/home\/wp-content\/uploads\/2023\/07\/8-600x450.jpg 600w, https:\/\/rwinevietnam.com\/home\/wp-content\/uploads\/2023\/07\/8-768x576.jpg 768w\" sizes=\"auto, (max-width: 800px) 100vw, 800px\" \/><\/p>\n<p><strong>H\u01b0\u01a1ng v\u1ecb tinh t\u1ebf r\u01b0\u1ee3u vang Les Greffieux<\/strong><br \/>\nV\u1edbi m\u00e0u s\u1eafc \u0111\u1ecf ruby , Les Greffieux thu h\u00fat m\u1ecdi \u00e1nh nh\u00ecn. \u0110\u01b0\u1ee3c l\u00e0m t\u1eeb gi\u1ed1ng nho Syrah mang h\u01b0\u01a1ng v\u1ecb \u0111\u1eb7c tr\u01b0ng c\u1ee7a n\u00f3 r\u1ea5t quy\u1ebfn r\u0169, v\u1edbi s\u1ef1 k\u1ebft h\u1ee3p ho\u00e0n h\u1ea3o c\u1ee7a c\u00e1c lo\u1ea1i qu\u1ea3 ch\u00edn m\u1ecdng nh\u01b0 anh \u0111\u00e0o \u0111en, m\u00e2m x\u00f4i v\u00e0 qu\u1ea3 l\u00fd chua. Nh\u1eefng h\u01b0\u01a1ng th\u01a1m n\u00e0y mang \u0111\u1ebfn s\u1ef1 t\u01b0\u01a1i m\u00e1t v\u00e0 h\u1ea5p d\u1eabn cho chai r\u01b0\u1ee3u.<\/p>\n<p>V\u1ecb c\u1ee7a Les Greffieux th\u1ef1c s\u1ef1 \u0111\u00e1ng kinh ng\u1ea1c. V\u1edbi s\u1ef1 c\u00e2n b\u1eb1ng ho\u00e0n h\u1ea3o gi\u1eefa h\u01b0\u01a1ng v\u1ecb tr\u00e1i c\u00e2y \u0111\u1ecf t\u01b0\u01a1i m\u00e1t, m\u00f9i h\u01b0\u01a1ng gia v\u1ecb v\u00e0 c\u1ea5u tr\u00fac tannin tuy\u1ec7t v\u1eddi, chai r\u01b0\u1ee3u n\u00e0y t\u1ea1o n\u00ean m\u1ed9t tr\u1ea3i nghi\u1ec7m th\u01b0\u1edfng th\u1ee9c \u0111\u1ed9c \u0111\u00e1o v\u00e0 phong ph\u00fa. H\u1eadu v\u1ecb k\u00e9o d\u00e0i mang \u0111\u1ebfn s\u1ef1 \u1ed5n \u0111\u1ecbnh v\u00e0 m\u1ecbn m\u00e0ng, \u0111\u1ec3 l\u1ea1i m\u1ed9t c\u1ea3m gi\u00e1c th\u01b0\u1edfng th\u1ee9c v\u00f4 c\u00f9ng tho\u1ea3 m\u00e3n tr\u00ean \u0111\u1ea7u l\u01b0\u1ee1i.<\/p>\n<p><img loading=\"lazy\" decoding=\"async\" class=\"alignnone size-full wp-image-517\" src=\"https:\/\/rwinevietnam.com\/home\/wp-content\/uploads\/2023\/07\/9.jpg\" alt=\"\" width=\"800\" height=\"800\" srcset=\"https:\/\/rwinevietnam.com\/home\/wp-content\/uploads\/2023\/07\/9.jpg 800w, https:\/\/rwinevietnam.com\/home\/wp-content\/uploads\/2023\/07\/9-300x300.jpg 300w, https:\/\/rwinevietnam.com\/home\/wp-content\/uploads\/2023\/07\/9-100x100.jpg 100w, https:\/\/rwinevietnam.com\/home\/wp-content\/uploads\/2023\/07\/9-600x600.jpg 600w, https:\/\/rwinevietnam.com\/home\/wp-content\/uploads\/2023\/07\/9-150x150.jpg 150w, https:\/\/rwinevietnam.com\/home\/wp-content\/uploads\/2023\/07\/9-768x768.jpg 768w\" sizes=\"auto, (max-width: 800px) 100vw, 800px\" \/><\/p>\n<p><strong>Th\u01b0\u1edfng th\u1ee9c r\u01b0\u1ee3u vang Les Greffieux<\/strong><\/p>\n<p>Nhi\u1ec7t \u0111\u1ed9 th\u01b0\u1edfng th\u1ee9c: 16-18 \u0111\u1ed9 C, \u01b0\u1edbp l\u1ea1nh trong x\u00f4 \u0111\u00e1 30 ph\u00fat ho\u1eb7c 1h trong ng\u0103n m\u00e1t t\u1ee7 l\u1ea1nh.<\/p>\n<p>K\u1ebft h\u1ee3p v\u1edbi c\u00e1c m\u00f3n \u0103n nh\u01b0: B\u00f2 b\u00edt t\u1ebft, th\u1ecbt nai, th\u1ecbt c\u1eebu th\u1ecbt th\u00fa r\u1eebng, phomai,\u2026<\/p>\n<p>R\u01b0\u1ee3u vang Les Greffieux c\u1ee7a Chapoutier l\u00e0 m\u1ed9t s\u1ef1 k\u1ebft h\u1ee3p ho\u00e0n h\u1ea3o gi\u1eefa t\u00e0i n\u0103ng c\u1ee7a nh\u00e0 l\u00e0m r\u01b0\u1ee3u v\u00e0 \u0111\u1eb7c tr\u01b0ng c\u1ee7a v\u00f9ng s\u1ea3n xu\u1ea5t. V\u1edbi ch\u1ea5t l\u01b0\u1ee3ng \u0111\u00e1ng tin c\u1eady v\u00e0 s\u1ef1 tinh t\u1ebf trong t\u1eebng chi ti\u1ebft, Les Greffieux l\u00e0 m\u1ed9t l\u1ef1a ch\u1ecdn kh\u00f4ng th\u1ec3 b\u1ecf qua cho nh\u1eefng ng\u01b0\u1eddi y\u00eau th\u00edch r\u01b0\u1ee3u vang Ph\u00e1p ch\u1ea5t l\u01b0\u1ee3ng cao.<\/p>\n","protected":false},"excerpt":{"rendered":"<p><strong>R\u01b0\u1ee3u vang Les Greffieux c\u1ee7a Chapoutier<\/strong>\u00a0l\u00e0 m\u1ed9t chai r\u01b0\u1ee3u vang \u0111\u1eb7c bi\u1ec7t \u0111\u1ebfn t\u1eeb v\u00f9ng Rhone- Ph\u00e1p, mang \u0111\u1eadm phong c\u00e1ch v\u00e0 \u0111\u1eb3ng c\u1ea5p c\u1ee7a nh\u00e0 s\u1ea3n xu\u1ea5t Chapoutier. Chai vang mang t\u1edbi s\u1ef1 tinh t\u1ebf d\u00e0nh cho nh\u1eefng ai s\u00e0nh y\u00eau th\u00edch vang Ph\u00e1p.<\/p>\n","protected":false},"featured_media":514,"comment_status":"closed","ping_status":"closed","template":"","meta":{"_acf_changed":false},"product_brand":[],"product_cat":[83,28],"product_tag":[],"class_list":{"0":"post-511","1":"product","2":"type-product","3":"status-publish","4":"has-post-thumbnail","6":"product_cat-syrah","7":"product_cat-vang-phap","9":"first","10":"instock","11":"sale","12":"shipping-taxable","13":"purchasable","14":"product-type-simple"},"acf":[],"yoast_head":"<!-- This site is optimized with the Yoast SEO plugin v26.8 - https:\/\/yoast.com\/product\/yoast-seo-wordpress\/ -->\n<title>R\u01b0\u1ee3u vang Les Greffieux Ermitage M Chapoutier - R.WINE<\/title>\n<meta name=\"robots\" content=\"noindex, follow\" \/>\n<meta property=\"og:locale\" content=\"vi_VN\" \/>\n<meta property=\"og:type\" content=\"article\" \/>\n<meta property=\"og:title\" content=\"R\u01b0\u1ee3u vang Les Greffieux Ermitage M Chapoutier - R.WINE\" \/>\n<meta property=\"og:description\" content=\"R\u01b0\u1ee3u vang Les Greffieux c\u1ee7a Chapoutier\u00a0l\u00e0 m\u1ed9t chai r\u01b0\u1ee3u vang \u0111\u1eb7c bi\u1ec7t \u0111\u1ebfn t\u1eeb v\u00f9ng Rhone- Ph\u00e1p, mang \u0111\u1eadm phong c\u00e1ch v\u00e0 \u0111\u1eb3ng c\u1ea5p c\u1ee7a nh\u00e0 s\u1ea3n xu\u1ea5t Chapoutier. Chai vang mang t\u1edbi s\u1ef1 tinh t\u1ebf d\u00e0nh cho nh\u1eefng ai s\u00e0nh y\u00eau th\u00edch vang Ph\u00e1p.\" \/>\n<meta property=\"og:url\" content=\"https:\/\/rwinevietnam.com\/home\/ruou-vang-les-greffieux-ermitage-m-chapoutier\/\" \/>\n<meta property=\"og:site_name\" content=\"R.WINE\" \/>\n<meta property=\"article:modified_time\" content=\"2023-07-11T07:09:32+00:00\" \/>\n<meta property=\"og:image\" content=\"https:\/\/rwinevietnam.com\/home\/wp-content\/uploads\/2023\/07\/ruou-vang-Les-Greffieux-Ermitage-M-Chapoutier.png\" \/>\n\t<meta property=\"og:image:width\" content=\"500\" \/>\n\t<meta property=\"og:image:height\" content=\"500\" \/>\n\t<meta property=\"og:image:type\" content=\"image\/png\" \/>\n<meta name=\"twitter:card\" content=\"summary_large_image\" \/>\n<script type=\"application\/ld+json\" class=\"yoast-schema-graph\">{\"@context\":\"https:\/\/schema.org\",\"@graph\":[{\"@type\":\"WebPage\",\"@id\":\"https:\/\/rwinevietnam.com\/home\/ruou-vang-les-greffieux-ermitage-m-chapoutier\/\",\"url\":\"https:\/\/rwinevietnam.com\/home\/ruou-vang-les-greffieux-ermitage-m-chapoutier\/\",\"name\":\"R\u01b0\u1ee3u vang Les Greffieux Ermitage M Chapoutier - R.WINE\",\"isPartOf\":{\"@id\":\"https:\/\/rwinevietnam.com\/home\/#website\"},\"primaryImageOfPage\":{\"@id\":\"https:\/\/rwinevietnam.com\/home\/ruou-vang-les-greffieux-ermitage-m-chapoutier\/#primaryimage\"},\"image\":{\"@id\":\"https:\/\/rwinevietnam.com\/home\/ruou-vang-les-greffieux-ermitage-m-chapoutier\/#primaryimage\"},\"thumbnailUrl\":\"https:\/\/rwinevietnam.com\/home\/wp-content\/uploads\/2023\/07\/ruou-vang-Les-Greffieux-Ermitage-M-Chapoutier.png\",\"datePublished\":\"2023-07-10T03:24:36+00:00\",\"dateModified\":\"2023-07-11T07:09:32+00:00\",\"breadcrumb\":{\"@id\":\"https:\/\/rwinevietnam.com\/home\/ruou-vang-les-greffieux-ermitage-m-chapoutier\/#breadcrumb\"},\"inLanguage\":\"vi\",\"potentialAction\":[{\"@type\":\"ReadAction\",\"target\":[\"https:\/\/rwinevietnam.com\/home\/ruou-vang-les-greffieux-ermitage-m-chapoutier\/\"]}]},{\"@type\":\"ImageObject\",\"inLanguage\":\"vi\",\"@id\":\"https:\/\/rwinevietnam.com\/home\/ruou-vang-les-greffieux-ermitage-m-chapoutier\/#primaryimage\",\"url\":\"https:\/\/rwinevietnam.com\/home\/wp-content\/uploads\/2023\/07\/ruou-vang-Les-Greffieux-Ermitage-M-Chapoutier.png\",\"contentUrl\":\"https:\/\/rwinevietnam.com\/home\/wp-content\/uploads\/2023\/07\/ruou-vang-Les-Greffieux-Ermitage-M-Chapoutier.png\",\"width\":500,\"height\":500},{\"@type\":\"BreadcrumbList\",\"@id\":\"https:\/\/rwinevietnam.com\/home\/ruou-vang-les-greffieux-ermitage-m-chapoutier\/#breadcrumb\",\"itemListElement\":[{\"@type\":\"ListItem\",\"position\":1,\"name\":\"Trang ch\u1ee7\",\"item\":\"https:\/\/rwinevietnam.com\/home\/\"},{\"@type\":\"ListItem\",\"position\":2,\"name\":\"S\u1ea3n ph\u1ea9m\",\"item\":\"https:\/\/rwinevietnam.com\/home\/san-pham\/\"},{\"@type\":\"ListItem\",\"position\":3,\"name\":\"R\u01b0\u1ee3u vang Les Greffieux Ermitage M Chapoutier\"}]},{\"@type\":\"WebSite\",\"@id\":\"https:\/\/rwinevietnam.com\/home\/#website\",\"url\":\"https:\/\/rwinevietnam.com\/home\/\",\"name\":\"R.WINE\",\"description\":\"C\u00d4NG TY C\u1ed4 PH\u1ea6N XU\u1ea4T KH\u1ea8U NH\u1eacP KH\u1ea8U\",\"potentialAction\":[{\"@type\":\"SearchAction\",\"target\":{\"@type\":\"EntryPoint\",\"urlTemplate\":\"https:\/\/rwinevietnam.com\/home\/?s={search_term_string}\"},\"query-input\":{\"@type\":\"PropertyValueSpecification\",\"valueRequired\":true,\"valueName\":\"search_term_string\"}}],\"inLanguage\":\"vi\"}]}<\/script>\n<!-- \/ Yoast SEO plugin. -->","yoast_head_json":{"title":"R\u01b0\u1ee3u vang Les Greffieux Ermitage M Chapoutier - R.WINE","robots":{"index":"noindex","follow":"follow"},"og_locale":"vi_VN","og_type":"article","og_title":"R\u01b0\u1ee3u vang Les Greffieux Ermitage M Chapoutier - R.WINE","og_description":"R\u01b0\u1ee3u vang Les Greffieux c\u1ee7a Chapoutier\u00a0l\u00e0 m\u1ed9t chai r\u01b0\u1ee3u vang \u0111\u1eb7c bi\u1ec7t \u0111\u1ebfn t\u1eeb v\u00f9ng Rhone- Ph\u00e1p, mang \u0111\u1eadm phong c\u00e1ch v\u00e0 \u0111\u1eb3ng c\u1ea5p c\u1ee7a nh\u00e0 s\u1ea3n xu\u1ea5t Chapoutier. Chai vang mang t\u1edbi s\u1ef1 tinh t\u1ebf d\u00e0nh cho nh\u1eefng ai s\u00e0nh y\u00eau th\u00edch vang Ph\u00e1p.","og_url":"https:\/\/rwinevietnam.com\/home\/ruou-vang-les-greffieux-ermitage-m-chapoutier\/","og_site_name":"R.WINE","article_modified_time":"2023-07-11T07:09:32+00:00","og_image":[{"width":500,"height":500,"url":"https:\/\/rwinevietnam.com\/home\/wp-content\/uploads\/2023\/07\/ruou-vang-Les-Greffieux-Ermitage-M-Chapoutier.png","type":"image\/png"}],"twitter_card":"summary_large_image","schema":{"@context":"https:\/\/schema.org","@graph":[{"@type":"WebPage","@id":"https:\/\/rwinevietnam.com\/home\/ruou-vang-les-greffieux-ermitage-m-chapoutier\/","url":"https:\/\/rwinevietnam.com\/home\/ruou-vang-les-greffieux-ermitage-m-chapoutier\/","name":"R\u01b0\u1ee3u vang Les Greffieux Ermitage M Chapoutier - R.WINE","isPartOf":{"@id":"https:\/\/rwinevietnam.com\/home\/#website"},"primaryImageOfPage":{"@id":"https:\/\/rwinevietnam.com\/home\/ruou-vang-les-greffieux-ermitage-m-chapoutier\/#primaryimage"},"image":{"@id":"https:\/\/rwinevietnam.com\/home\/ruou-vang-les-greffieux-ermitage-m-chapoutier\/#primaryimage"},"thumbnailUrl":"https:\/\/rwinevietnam.com\/home\/wp-content\/uploads\/2023\/07\/ruou-vang-Les-Greffieux-Ermitage-M-Chapoutier.png","datePublished":"2023-07-10T03:24:36+00:00","dateModified":"2023-07-11T07:09:32+00:00","breadcrumb":{"@id":"https:\/\/rwinevietnam.com\/home\/ruou-vang-les-greffieux-ermitage-m-chapoutier\/#breadcrumb"},"inLanguage":"vi","potentialAction":[{"@type":"ReadAction","target":["https:\/\/rwinevietnam.com\/home\/ruou-vang-les-greffieux-ermitage-m-chapoutier\/"]}]},{"@type":"ImageObject","inLanguage":"vi","@id":"https:\/\/rwinevietnam.com\/home\/ruou-vang-les-greffieux-ermitage-m-chapoutier\/#primaryimage","url":"https:\/\/rwinevietnam.com\/home\/wp-content\/uploads\/2023\/07\/ruou-vang-Les-Greffieux-Ermitage-M-Chapoutier.png","contentUrl":"https:\/\/rwinevietnam.com\/home\/wp-content\/uploads\/2023\/07\/ruou-vang-Les-Greffieux-Ermitage-M-Chapoutier.png","width":500,"height":500},{"@type":"BreadcrumbList","@id":"https:\/\/rwinevietnam.com\/home\/ruou-vang-les-greffieux-ermitage-m-chapoutier\/#breadcrumb","itemListElement":[{"@type":"ListItem","position":1,"name":"Trang ch\u1ee7","item":"https:\/\/rwinevietnam.com\/home\/"},{"@type":"ListItem","position":2,"name":"S\u1ea3n ph\u1ea9m","item":"https:\/\/rwinevietnam.com\/home\/san-pham\/"},{"@type":"ListItem","position":3,"name":"R\u01b0\u1ee3u vang Les Greffieux Ermitage M Chapoutier"}]},{"@type":"WebSite","@id":"https:\/\/rwinevietnam.com\/home\/#website","url":"https:\/\/rwinevietnam.com\/home\/","name":"R.WINE","description":"C\u00d4NG TY C\u1ed4 PH\u1ea6N XU\u1ea4T KH\u1ea8U NH\u1eacP KH\u1ea8U","potentialAction":[{"@type":"SearchAction","target":{"@type":"EntryPoint","urlTemplate":"https:\/\/rwinevietnam.com\/home\/?s={search_term_string}"},"query-input":{"@type":"PropertyValueSpecification","valueRequired":true,"valueName":"search_term_string"}}],"inLanguage":"vi"}]}},"_links":{"self":[{"href":"https:\/\/rwinevietnam.com\/home\/wp-json\/wp\/v2\/product\/511","targetHints":{"allow":["GET"]}}],"collection":[{"href":"https:\/\/rwinevietnam.com\/home\/wp-json\/wp\/v2\/product"}],"about":[{"href":"https:\/\/rwinevietnam.com\/home\/wp-json\/wp\/v2\/types\/product"}],"replies":[{"embeddable":true,"href":"https:\/\/rwinevietnam.com\/home\/wp-json\/wp\/v2\/comments?post=511"}],"wp:featuredmedia":[{"embeddable":true,"href":"https:\/\/rwinevietnam.com\/home\/wp-json\/wp\/v2\/media\/514"}],"wp:attachment":[{"href":"https:\/\/rwinevietnam.com\/home\/wp-json\/wp\/v2\/media?parent=511"}],"wp:term":[{"taxonomy":"product_brand","embeddable":true,"href":"https:\/\/rwinevietnam.com\/home\/wp-json\/wp\/v2\/product_brand?post=511"},{"taxonomy":"product_cat","embeddable":true,"href":"https:\/\/rwinevietnam.com\/home\/wp-json\/wp\/v2\/product_cat?post=511"},{"taxonomy":"product_tag","embeddable":true,"href":"https:\/\/rwinevietnam.com\/home\/wp-json\/wp\/v2\/product_tag?post=511"}],"curies":[{"name":"wp","href":"https:\/\/api.w.org\/{rel}","templated":true}]}}