{"id":497,"date":"2023-07-10T02:31:08","date_gmt":"2023-07-10T02:31:08","guid":{"rendered":"http:\/\/rwinevietnam.com\/?post_type=product&#038;p=497"},"modified":"2023-07-11T07:41:38","modified_gmt":"2023-07-11T07:41:38","slug":"ruou-vang-phap-chateau-petrus","status":"publish","type":"product","link":"https:\/\/rwinevietnam.com\/home\/ruou-vang-phap-chateau-petrus\/","title":{"rendered":"R\u01b0\u1ee3u vang Ph\u00e1p Chateau Petrus"},"content":{"rendered":"<p><span style=\"font-size: 130%;\"><strong>Th\u00f4ng tin v\u01b0\u1eddn nho r\u01b0\u1ee3u vang Ph\u00e1p Chateau Petrus<\/strong><\/span><\/p>\n<p>Chateau Petrus \u0111\u01b0\u1ee3c l\u00e0m t\u1eeb nho <strong>Merlot<\/strong>, lu\u00f4n \u0111\u1ee9ng \u0111\u1ea7u trong c\u00e1c cu\u1ed9c thi th\u1eed n\u1ebfm. T\u00ednh \u0111\u1ed9c nh\u1ea5t c\u1ee7a Petrus m\u1ed9t ph\u1ea7n nh\u1edd v\u00e0o v\u1ecb tr\u00ed \u0111\u1eafc \u0111\u1ecba c\u1ee7a v\u01b0\u1eddn nho. M\u1ea3nh \u0111\u1ea5t v\u00e0ng ng\u1ecdc t\u1ecda l\u1ea1c tr\u00ean cao nguy\u00ean \u1edf ph\u00eda \u0110\u00f4ng Pomerol thu\u1ed9c th\u00e0nh ph\u1ed1 Bordeaux, Ph\u00e1p. \u0110i\u1ec3m cao nh\u1ea5t c\u1ee7a Pomerol mang t\u00ean \u0111\u1ed3i Petrus n\u1eb1m \u1edf \u0111\u1ed9 cao 40m so v\u1edbi m\u1ef1c n\u01b0\u1edbc bi\u1ec3n.<\/p>\n<p><img loading=\"lazy\" decoding=\"async\" class=\"alignnone size-full wp-image-499\" src=\"https:\/\/rwinevietnam.com\/home\/wp-content\/uploads\/2023\/07\/1-1.jpg\" alt=\"\" width=\"800\" height=\"800\" srcset=\"https:\/\/rwinevietnam.com\/home\/wp-content\/uploads\/2023\/07\/1-1.jpg 800w, https:\/\/rwinevietnam.com\/home\/wp-content\/uploads\/2023\/07\/1-1-300x300.jpg 300w, https:\/\/rwinevietnam.com\/home\/wp-content\/uploads\/2023\/07\/1-1-100x100.jpg 100w, https:\/\/rwinevietnam.com\/home\/wp-content\/uploads\/2023\/07\/1-1-600x600.jpg 600w, https:\/\/rwinevietnam.com\/home\/wp-content\/uploads\/2023\/07\/1-1-150x150.jpg 150w, https:\/\/rwinevietnam.com\/home\/wp-content\/uploads\/2023\/07\/1-1-768x768.jpg 768w\" sizes=\"auto, (max-width: 800px) 100vw, 800px\" \/><\/p>\n<p>&nbsp;<\/p>\n<p>\u0110\u1ea5t \u0111ai \u1edf \u0111\u00e2y c\u00f3 s\u1ef1 pha tr\u1ed9n gi\u1eefa \u0111\u1ea5t s\u00e9t, s\u1ecfi, c\u00e1t, ch\u1ee9a h\u1ee3p ch\u1ea5t v\u00f4 c\u01a1 c\u1ee7a s\u1eaft v\u00e0 oxide. \u0110\u1eb7c bi\u1ec7t, \u0111\u1ea5t s\u00e9t xanh lam c\u00f3 tu\u1ed5i \u0111\u1eddi h\u01a1n 40 n\u0103m l\u00e0 \u0111i\u1ec1u c\u1ef1c k\u1ef3 hi\u1ebfm c\u00f3 \u1edf Bordeaux v\u00e0 tr\u00ean th\u1ebf gi\u1edbi ch\u01b0a c\u00f3 n\u01a1i n\u00e0o c\u00f3. N\u00f3 \u0111\u01b0\u1ee3c t\u1ea1o th\u00e0nh t\u1eeb qu\u00e1 tr\u00ecnh ph\u00e2n h\u1ee7y \u0111\u00e1 v\u00f4i. \u0110i\u1ec1u n\u00e0y x\u1ea3y ra khi \u0111\u00e1 v\u00f4i c\u00f3 \u0111\u1ed9 pH v\u00e0 canxi cao b\u1ecb x\u00f3i m\u00f2n theo th\u1eddi gian. \u0110\u1ea5t s\u00e9t c\u00f3 kh\u1ea3 n\u0103ng trao \u0111\u1ed5i cation cao khi\u1ebfn \u0111\u1ea5t ch\u1ee9a nhi\u1ec1u dinh d\u01b0\u1ee1ng. Ngo\u00e0i ra, lo\u1ea1i \u0111\u1ea5t s\u00e9t d\u00e0y khi\u1ebfn cho c\u00e1c d\u1ec5 nho g\u1ea7n nh\u01b0 kh\u00f4ng th\u1ec3 x\u00e2m nh\u1eadp v\u00e0o \u0111\u1ea5t. Lo\u1ea1i \u0111\u1ea5t n\u00e0y \u0111\u01b0\u1ee3c v\u00ed nh\u01b0 mi\u1ebfng b\u1ecdt bi\u1ec3n khi khu v\u01b0\u1eddn \u1ea9m \u01b0\u1edbt. N\u00f3 c\u00f3 kh\u1ea3 n\u0103ng gi\u00e3n n\u1edf v\u00e0 gi\u1eef n\u01b0\u1edbc \u0111\u00e1ng kinh ng\u1ea1c. L\u1edbp s\u1ecfi d\u00e0y gi\u00fap \u0111\u1ea5t \u1ea9m c\u00f9ng v\u1edbi h\u1ec7 th\u1ed1ng tho\u00e1t n\u01b0\u1edbc hi\u1ec7n \u0111\u1ea1i l\u00e0m cho ph\u00e2n t\u1eed n\u01b0\u1edbc x\u00e2m nh\u1eadp v\u00e0o l\u1edbp c\u1ee7a \u0111\u1ea5t s\u00e9t.<\/p>\n<p><strong>Quy tr\u00ecnh l\u00e0m vang Chateau Petrus<\/strong><\/p>\n<p>Nho \u0111\u01b0\u1ee3c thu ho\u1ea1ch c\u1ea9n th\u1eadn th\u1ee7 c\u00f4ng b\u1eb1ng tay. Nho \u0111\u01b0\u1ee3c lo\u1ea1i b\u1ecf nho xanh 50% tr\u01b0\u1edbc khi \u0111\u1ec3 ch\u00edn thu ho\u1ea1ch. Phong c\u00e1ch truy\u1ec1n th\u1ed1ng r\u01b0\u1ee3u v\u1eabn \u0111\u01b0\u1ee3c l\u00ean men trong th\u00f9ng b\u00ea t\u00f4ng t\u1eeb 15-21 ng\u00e0y sau \u0111\u00f3 chuy\u1ec3n sang th\u00f9ng kh\u00e1c \u0111\u1ec3 l\u00ean men malolactic. Sau qu\u00e1 tr\u00ecnh n\u00e0y, r\u01b0\u1ee3u trong m\u1ed7i th\u00f9ng s\u1ebd \u0111\u01b0\u1ee3c n\u1ebfm th\u1eed c\u1ea9n th\u1eadn \u0111\u1ec3 \u0111\u1ea3m b\u1ea3o c\u00e1c ti\u00eau chu\u1ea9n tr\u01b0\u1edbc khi pha tr\u1ed9n v\u1edbi nhau. R\u01b0\u1ee3u \u0111\u01b0\u1ee3c \u1ee7 trong th\u00f9ng g\u1ed7 s\u1ed3i Ph\u00e1p trong kho\u1ea3ng 18-20 th\u00e1ng tr\u01b0\u1edbc khi \u0111em \u0111\u00f3ng chai.<\/p>\n<p><img loading=\"lazy\" decoding=\"async\" class=\"alignnone size-full wp-image-500\" src=\"https:\/\/rwinevietnam.com\/home\/wp-content\/uploads\/2023\/07\/2-1.jpg\" alt=\"\" width=\"800\" height=\"600\" srcset=\"https:\/\/rwinevietnam.com\/home\/wp-content\/uploads\/2023\/07\/2-1.jpg 800w, https:\/\/rwinevietnam.com\/home\/wp-content\/uploads\/2023\/07\/2-1-300x225.jpg 300w, https:\/\/rwinevietnam.com\/home\/wp-content\/uploads\/2023\/07\/2-1-600x450.jpg 600w, https:\/\/rwinevietnam.com\/home\/wp-content\/uploads\/2023\/07\/2-1-768x576.jpg 768w\" sizes=\"auto, (max-width: 800px) 100vw, 800px\" \/><\/p>\n<p>&nbsp;<\/p>\n<p><strong>H\u01b0\u01a1ng v\u1ecb vang Chateau Petrus<\/strong><\/p>\n<p>R\u01b0\u1ee3u mang h\u01b0\u01a1ng v\u1ecb \u0111\u1eadm \u0111\u00e0, c\u00f4 \u0111\u1ecdng, m\u1ea1nh m\u1ebd kh\u00e1c bi\u1ec7t. Kh\u00e1c v\u1edbi nh\u1eefng chai vang cao c\u1ea5p kh\u00e1c th\u01b0\u1eddng c\u00f3 h\u01b0\u01a1ng th\u01a1m c\u1ee7a socola, n\u1ea5m, gia v\u1ecb, Petrus mang h\u01b0\u01a1ng v\u1ecb c\u1ee7a tr\u00e1i ch\u00edn v\u00e0 th\u1ed5 nh\u01b0\u1ee1ng s\u00e2u s\u1eafc. R\u01b0\u1ee3u vang Petrus ng\u1eadp tr\u00e0n h\u01b0\u01a1ng th\u01a1m c\u1ee7a m\u1ee9t m\u1eadn, b\u00e1nh vi\u1ec7t qu\u1ea5t, cam th\u1ea3o \u0111en, b\u00e1nh ng\u1ecdt h\u00f2a quy\u1ec7n c\u00f9ng h\u01b0\u01a1ng th\u01a1m c\u1ee7a th\u1ea3o c\u1ecf \u0111\u1ed3ng n\u1ed9i mi\u1ec1n Nam n\u01b0\u1edbc Ph\u00e1p. V\u1ecb r\u01b0\u1ee3u \u0111\u1ea7y \u0111\u1eb7n v\u00e0 s\u1eafc n\u00e9t v\u1edbi c\u00e1c t\u1ea7ng h\u01b0\u01a1ng c\u1ee7a tr\u00e1i c\u00e2y ch\u00edn, v\u1ecb ch\u00e1t d\u00e0y m\u1ec1m m\u1ecbn c\u00f9ng h\u01b0\u01a1ng kho\u00e1ng ch\u1ea5t.<\/p>\n<p>Nhi\u1ec7t \u0111\u1ed9 th\u01b0\u1edfng th\u1ee9c t\u1eeb: 16-18 \u0111\u1ed9 C. Tr\u01b0\u1edbc khi u\u1ed1ng n\u00ean r\u00f3t r\u01b0\u1ee3u ra decanter cho vang th\u1edf kho\u1ea3ng 45-60 ph\u00fat.<\/p>\n<p><img loading=\"lazy\" decoding=\"async\" class=\"alignnone wp-image-501 size-full\" src=\"https:\/\/rwinevietnam.com\/home\/wp-content\/uploads\/2023\/07\/3-2.jpg\" alt=\"\" width=\"600\" height=\"400\" srcset=\"https:\/\/rwinevietnam.com\/home\/wp-content\/uploads\/2023\/07\/3-2.jpg 600w, https:\/\/rwinevietnam.com\/home\/wp-content\/uploads\/2023\/07\/3-2-300x200.jpg 300w\" sizes=\"auto, (max-width: 600px) 100vw, 600px\" \/><\/p>\n<p>K\u1ebft h\u1ee3p v\u1edbi v\u1edbi: Th\u1ecbt \u0111\u1ecf nh\u01b0 th\u1ecbt b\u00f2, th\u1ecbt c\u1eebu, th\u1ecbt nai, c\u00e1c m\u00f3n n\u01b0\u1edbng, h\u1ea7m\u2026<\/p>\n","protected":false},"excerpt":{"rendered":"<p><strong>R\u01b0\u1ee3u vang Ph\u00e1p Chateau Petrus<\/strong>\u00a0l\u00e0 m\u1ed9t d\u00f2ng vang \u0111\u1eb3ng c\u1ea5p v\u01b0\u1ee3t tr\u1ed9i m\u00e0 b\u1ea5t c\u1ee9 nh\u00e0 s\u01b0u t\u1eadp vang n\u00e0o c\u0169ng mu\u1ed1n s\u1edf h\u1eefu. Kh\u00f4ng ch\u1ec9 ngon, \u0111\u1eaft \u0111\u1ecf v\u00e0 qu\u00fd hi\u1ebfm, r\u01b0\u1ee3u vang \u0111\u1ecf Petrus l\u00e0 bi\u1ec3u t\u01b0\u1ee3ng cho \u0111\u1eb3ng c\u1ea5p v\u00e0 \u0111\u1ecba v\u1ecb x\u00e3 h\u1ed9i.<\/p>\n","protected":false},"featured_media":498,"comment_status":"closed","ping_status":"closed","template":"","meta":{"_acf_changed":false},"product_brand":[],"product_cat":[78,28],"product_tag":[],"class_list":{"0":"post-497","1":"product","2":"type-product","3":"status-publish","4":"has-post-thumbnail","6":"product_cat-merlot","7":"product_cat-vang-phap","9":"first","10":"instock","11":"shipping-taxable","12":"product-type-simple"},"acf":[],"yoast_head":"<!-- This site is optimized with the Yoast SEO plugin v26.8 - https:\/\/yoast.com\/product\/yoast-seo-wordpress\/ -->\n<title>R\u01b0\u1ee3u vang Ph\u00e1p Chateau Petrus - R.WINE<\/title>\n<meta name=\"robots\" content=\"noindex, follow\" \/>\n<meta property=\"og:locale\" content=\"vi_VN\" \/>\n<meta property=\"og:type\" content=\"article\" \/>\n<meta property=\"og:title\" content=\"R\u01b0\u1ee3u vang Ph\u00e1p Chateau Petrus - R.WINE\" \/>\n<meta property=\"og:description\" content=\"R\u01b0\u1ee3u vang Ph\u00e1p Chateau Petrus\u00a0l\u00e0 m\u1ed9t d\u00f2ng vang \u0111\u1eb3ng c\u1ea5p v\u01b0\u1ee3t tr\u1ed9i m\u00e0 b\u1ea5t c\u1ee9 nh\u00e0 s\u01b0u t\u1eadp vang n\u00e0o c\u0169ng mu\u1ed1n s\u1edf h\u1eefu. Kh\u00f4ng ch\u1ec9 ngon, \u0111\u1eaft \u0111\u1ecf v\u00e0 qu\u00fd hi\u1ebfm, r\u01b0\u1ee3u vang \u0111\u1ecf Petrus l\u00e0 bi\u1ec3u t\u01b0\u1ee3ng cho \u0111\u1eb3ng c\u1ea5p v\u00e0 \u0111\u1ecba v\u1ecb x\u00e3 h\u1ed9i.\" \/>\n<meta property=\"og:url\" content=\"https:\/\/rwinevietnam.com\/home\/ruou-vang-phap-chateau-petrus\/\" \/>\n<meta property=\"og:site_name\" content=\"R.WINE\" \/>\n<meta property=\"article:modified_time\" content=\"2023-07-11T07:41:38+00:00\" \/>\n<meta property=\"og:image\" content=\"https:\/\/rwinevietnam.com\/home\/wp-content\/uploads\/2023\/07\/Ruou-vang-Chateau-Petrus-1.png\" \/>\n\t<meta property=\"og:image:width\" content=\"500\" \/>\n\t<meta property=\"og:image:height\" content=\"500\" \/>\n\t<meta property=\"og:image:type\" content=\"image\/png\" \/>\n<meta name=\"twitter:card\" content=\"summary_large_image\" \/>\n<script type=\"application\/ld+json\" class=\"yoast-schema-graph\">{\"@context\":\"https:\/\/schema.org\",\"@graph\":[{\"@type\":\"WebPage\",\"@id\":\"https:\/\/rwinevietnam.com\/home\/ruou-vang-phap-chateau-petrus\/\",\"url\":\"https:\/\/rwinevietnam.com\/home\/ruou-vang-phap-chateau-petrus\/\",\"name\":\"R\u01b0\u1ee3u vang Ph\u00e1p Chateau Petrus - R.WINE\",\"isPartOf\":{\"@id\":\"https:\/\/rwinevietnam.com\/home\/#website\"},\"primaryImageOfPage\":{\"@id\":\"https:\/\/rwinevietnam.com\/home\/ruou-vang-phap-chateau-petrus\/#primaryimage\"},\"image\":{\"@id\":\"https:\/\/rwinevietnam.com\/home\/ruou-vang-phap-chateau-petrus\/#primaryimage\"},\"thumbnailUrl\":\"https:\/\/rwinevietnam.com\/home\/wp-content\/uploads\/2023\/07\/Ruou-vang-Chateau-Petrus-1.png\",\"datePublished\":\"2023-07-10T02:31:08+00:00\",\"dateModified\":\"2023-07-11T07:41:38+00:00\",\"breadcrumb\":{\"@id\":\"https:\/\/rwinevietnam.com\/home\/ruou-vang-phap-chateau-petrus\/#breadcrumb\"},\"inLanguage\":\"vi\",\"potentialAction\":[{\"@type\":\"ReadAction\",\"target\":[\"https:\/\/rwinevietnam.com\/home\/ruou-vang-phap-chateau-petrus\/\"]}]},{\"@type\":\"ImageObject\",\"inLanguage\":\"vi\",\"@id\":\"https:\/\/rwinevietnam.com\/home\/ruou-vang-phap-chateau-petrus\/#primaryimage\",\"url\":\"https:\/\/rwinevietnam.com\/home\/wp-content\/uploads\/2023\/07\/Ruou-vang-Chateau-Petrus-1.png\",\"contentUrl\":\"https:\/\/rwinevietnam.com\/home\/wp-content\/uploads\/2023\/07\/Ruou-vang-Chateau-Petrus-1.png\",\"width\":500,\"height\":500},{\"@type\":\"BreadcrumbList\",\"@id\":\"https:\/\/rwinevietnam.com\/home\/ruou-vang-phap-chateau-petrus\/#breadcrumb\",\"itemListElement\":[{\"@type\":\"ListItem\",\"position\":1,\"name\":\"Trang ch\u1ee7\",\"item\":\"https:\/\/rwinevietnam.com\/home\/\"},{\"@type\":\"ListItem\",\"position\":2,\"name\":\"S\u1ea3n ph\u1ea9m\",\"item\":\"https:\/\/rwinevietnam.com\/home\/san-pham\/\"},{\"@type\":\"ListItem\",\"position\":3,\"name\":\"R\u01b0\u1ee3u vang Ph\u00e1p Chateau Petrus\"}]},{\"@type\":\"WebSite\",\"@id\":\"https:\/\/rwinevietnam.com\/home\/#website\",\"url\":\"https:\/\/rwinevietnam.com\/home\/\",\"name\":\"R.WINE\",\"description\":\"C\u00d4NG TY C\u1ed4 PH\u1ea6N XU\u1ea4T KH\u1ea8U NH\u1eacP KH\u1ea8U\",\"potentialAction\":[{\"@type\":\"SearchAction\",\"target\":{\"@type\":\"EntryPoint\",\"urlTemplate\":\"https:\/\/rwinevietnam.com\/home\/?s={search_term_string}\"},\"query-input\":{\"@type\":\"PropertyValueSpecification\",\"valueRequired\":true,\"valueName\":\"search_term_string\"}}],\"inLanguage\":\"vi\"}]}<\/script>\n<!-- \/ Yoast SEO plugin. -->","yoast_head_json":{"title":"R\u01b0\u1ee3u vang Ph\u00e1p Chateau Petrus - R.WINE","robots":{"index":"noindex","follow":"follow"},"og_locale":"vi_VN","og_type":"article","og_title":"R\u01b0\u1ee3u vang Ph\u00e1p Chateau Petrus - R.WINE","og_description":"R\u01b0\u1ee3u vang Ph\u00e1p Chateau Petrus\u00a0l\u00e0 m\u1ed9t d\u00f2ng vang \u0111\u1eb3ng c\u1ea5p v\u01b0\u1ee3t tr\u1ed9i m\u00e0 b\u1ea5t c\u1ee9 nh\u00e0 s\u01b0u t\u1eadp vang n\u00e0o c\u0169ng mu\u1ed1n s\u1edf h\u1eefu. Kh\u00f4ng ch\u1ec9 ngon, \u0111\u1eaft \u0111\u1ecf v\u00e0 qu\u00fd hi\u1ebfm, r\u01b0\u1ee3u vang \u0111\u1ecf Petrus l\u00e0 bi\u1ec3u t\u01b0\u1ee3ng cho \u0111\u1eb3ng c\u1ea5p v\u00e0 \u0111\u1ecba v\u1ecb x\u00e3 h\u1ed9i.","og_url":"https:\/\/rwinevietnam.com\/home\/ruou-vang-phap-chateau-petrus\/","og_site_name":"R.WINE","article_modified_time":"2023-07-11T07:41:38+00:00","og_image":[{"width":500,"height":500,"url":"https:\/\/rwinevietnam.com\/home\/wp-content\/uploads\/2023\/07\/Ruou-vang-Chateau-Petrus-1.png","type":"image\/png"}],"twitter_card":"summary_large_image","schema":{"@context":"https:\/\/schema.org","@graph":[{"@type":"WebPage","@id":"https:\/\/rwinevietnam.com\/home\/ruou-vang-phap-chateau-petrus\/","url":"https:\/\/rwinevietnam.com\/home\/ruou-vang-phap-chateau-petrus\/","name":"R\u01b0\u1ee3u vang Ph\u00e1p Chateau Petrus - R.WINE","isPartOf":{"@id":"https:\/\/rwinevietnam.com\/home\/#website"},"primaryImageOfPage":{"@id":"https:\/\/rwinevietnam.com\/home\/ruou-vang-phap-chateau-petrus\/#primaryimage"},"image":{"@id":"https:\/\/rwinevietnam.com\/home\/ruou-vang-phap-chateau-petrus\/#primaryimage"},"thumbnailUrl":"https:\/\/rwinevietnam.com\/home\/wp-content\/uploads\/2023\/07\/Ruou-vang-Chateau-Petrus-1.png","datePublished":"2023-07-10T02:31:08+00:00","dateModified":"2023-07-11T07:41:38+00:00","breadcrumb":{"@id":"https:\/\/rwinevietnam.com\/home\/ruou-vang-phap-chateau-petrus\/#breadcrumb"},"inLanguage":"vi","potentialAction":[{"@type":"ReadAction","target":["https:\/\/rwinevietnam.com\/home\/ruou-vang-phap-chateau-petrus\/"]}]},{"@type":"ImageObject","inLanguage":"vi","@id":"https:\/\/rwinevietnam.com\/home\/ruou-vang-phap-chateau-petrus\/#primaryimage","url":"https:\/\/rwinevietnam.com\/home\/wp-content\/uploads\/2023\/07\/Ruou-vang-Chateau-Petrus-1.png","contentUrl":"https:\/\/rwinevietnam.com\/home\/wp-content\/uploads\/2023\/07\/Ruou-vang-Chateau-Petrus-1.png","width":500,"height":500},{"@type":"BreadcrumbList","@id":"https:\/\/rwinevietnam.com\/home\/ruou-vang-phap-chateau-petrus\/#breadcrumb","itemListElement":[{"@type":"ListItem","position":1,"name":"Trang ch\u1ee7","item":"https:\/\/rwinevietnam.com\/home\/"},{"@type":"ListItem","position":2,"name":"S\u1ea3n ph\u1ea9m","item":"https:\/\/rwinevietnam.com\/home\/san-pham\/"},{"@type":"ListItem","position":3,"name":"R\u01b0\u1ee3u vang Ph\u00e1p Chateau Petrus"}]},{"@type":"WebSite","@id":"https:\/\/rwinevietnam.com\/home\/#website","url":"https:\/\/rwinevietnam.com\/home\/","name":"R.WINE","description":"C\u00d4NG TY C\u1ed4 PH\u1ea6N XU\u1ea4T KH\u1ea8U NH\u1eacP KH\u1ea8U","potentialAction":[{"@type":"SearchAction","target":{"@type":"EntryPoint","urlTemplate":"https:\/\/rwinevietnam.com\/home\/?s={search_term_string}"},"query-input":{"@type":"PropertyValueSpecification","valueRequired":true,"valueName":"search_term_string"}}],"inLanguage":"vi"}]}},"_links":{"self":[{"href":"https:\/\/rwinevietnam.com\/home\/wp-json\/wp\/v2\/product\/497","targetHints":{"allow":["GET"]}}],"collection":[{"href":"https:\/\/rwinevietnam.com\/home\/wp-json\/wp\/v2\/product"}],"about":[{"href":"https:\/\/rwinevietnam.com\/home\/wp-json\/wp\/v2\/types\/product"}],"replies":[{"embeddable":true,"href":"https:\/\/rwinevietnam.com\/home\/wp-json\/wp\/v2\/comments?post=497"}],"wp:featuredmedia":[{"embeddable":true,"href":"https:\/\/rwinevietnam.com\/home\/wp-json\/wp\/v2\/media\/498"}],"wp:attachment":[{"href":"https:\/\/rwinevietnam.com\/home\/wp-json\/wp\/v2\/media?parent=497"}],"wp:term":[{"taxonomy":"product_brand","embeddable":true,"href":"https:\/\/rwinevietnam.com\/home\/wp-json\/wp\/v2\/product_brand?post=497"},{"taxonomy":"product_cat","embeddable":true,"href":"https:\/\/rwinevietnam.com\/home\/wp-json\/wp\/v2\/product_cat?post=497"},{"taxonomy":"product_tag","embeddable":true,"href":"https:\/\/rwinevietnam.com\/home\/wp-json\/wp\/v2\/product_tag?post=497"}],"curies":[{"name":"wp","href":"https:\/\/api.w.org\/{rel}","templated":true}]}}