{"id":1440,"date":"2024-05-16T13:45:08","date_gmt":"2024-05-16T13:45:08","guid":{"rendered":"https:\/\/rwinevietnam.com\/home\/?post_type=product&#038;p=1440"},"modified":"2024-05-25T14:32:14","modified_gmt":"2024-05-25T14:32:14","slug":"ruou-vang-y-moscato-cavatina-premium-sao-chep","status":"publish","type":"product","link":"https:\/\/rwinevietnam.com\/home\/ruou-vang-y-moscato-cavatina-premium-sao-chep\/","title":{"rendered":"R\u01b0\u1ee3u Vang tr\u1eafng Moscato Dolce"},"content":{"rendered":"<p>R\u01b0\u1ee3u vang\u00a0Moscato dolce Guarini, m\u1ed9t tuy\u1ec7t t\u00e1c s\u00e1ng t\u1ea1o m\u00e0 nh\u00e0 vang n\u1ed5i ti\u1ebfng Guarini, l\u00e0 \u0111\u1ea1i di\u1ec7n cho s\u1ef1 thanh l\u1ecbch v\u00e0 s\u1ef1 t\u01b0\u01a1i m\u1edbi, mang l\u1ea1i cho ng\u01b0\u1eddi th\u01b0\u1edfng th\u1ee9c c\u1ea3m gi\u00e1c tuy\u1ec7t v\u1eddi kh\u00f4ng th\u1ec3 di\u1ec5n t\u1ea3. T\u1ea1i sao chai r\u01b0\u1ee3u vang n\u00e0y l\u1ea1i c\u00f3 th\u1ec3 mang l\u1ea1i c\u1ea3m gi\u00e1c s\u1ea3ng kho\u1ea3i tuy\u1ec7t v\u1eddi \u0111\u1ebfn v\u1eady!!!<\/p>\n<h2 dir=\"ltr\">VANG TR\u1eaeNG MOSCATO DOLCE (4,5\u00ba)<\/h2>\n<p>R\u01b0\u1ee3u Vang \u00dd\u00a0Moscato Dolce l\u00e0 lo\u1ea1i vang tr\u1eafng ng\u1ecdt h\u1ea3o h\u1ea1ng trong\u00a0h\u1ec7 th\u1ed1ng ph\u00e2n lo\u1ea1i r\u01b0\u1ee3u vang \u00dd, c\u00f3 n\u1ed3ng \u0111\u1ed9 c\u1ed3n th\u1ea5p, m\u00e0u v\u00e0ng r\u01a1m mang phong c\u00e1ch d\u1ecbu nh\u1eb9 v\u00e0 tinh t\u1ebf, n\u1ebfu c\u00f3 \u00e1nh s\u00e1ng chi\u1ebfu v\u00e0o s\u1ebd ph\u1ea3n chi\u1ebfu ra \u00e1nh s\u00e1ng xanh lung linh th\u01a1 m\u1ed9ng. R\u01b0\u1ee3u c\u00f3 m\u00f9i h\u01b0\u01a1ng th\u01a1m v\u1edbi s\u1ef1 tr\u1ed9n l\u1eabn c\u1ee7a c\u00e1c lo\u1ea1i tr\u00e1i c\u00e2y th\u01a1m ngon v\u00e0 t\u01b0\u01a1i m\u00e1t nh\u1ea5t nh\u01b0 l\u00ea, t\u00e1o, cam, qu\u00fdt, t\u1ea1o m\u00f9i h\u01b0\u01a1ng ph\u1ee9c h\u1ee3p, c\u1ef1c k\u1ef3 h\u1ea5p d\u1eabn nh\u01b0ng kh\u00f4ng b\u1ecb g\u1eaft m\u00e0 r\u1ea5t nh\u1eb9 nh\u00e0ng, d\u1ec5 ch\u1ecbu.<\/p>\n<p><img loading=\"lazy\" decoding=\"async\" class=\"aligncenter wp-image-1442\" src=\"https:\/\/rwinevietnam.com\/home\/wp-content\/uploads\/2024\/05\/IMG_8530-1024x768.jpeg\" alt=\"\" width=\"675\" height=\"506\" srcset=\"https:\/\/rwinevietnam.com\/home\/wp-content\/uploads\/2024\/05\/IMG_8530-1024x768.jpeg 1024w, https:\/\/rwinevietnam.com\/home\/wp-content\/uploads\/2024\/05\/IMG_8530-300x225.jpeg 300w, https:\/\/rwinevietnam.com\/home\/wp-content\/uploads\/2024\/05\/IMG_8530-768x576.jpeg 768w, https:\/\/rwinevietnam.com\/home\/wp-content\/uploads\/2024\/05\/IMG_8530-1536x1152.jpeg 1536w, https:\/\/rwinevietnam.com\/home\/wp-content\/uploads\/2024\/05\/IMG_8530-2048x1536.jpeg 2048w, https:\/\/rwinevietnam.com\/home\/wp-content\/uploads\/2024\/05\/IMG_8530-600x450.jpeg 600w\" sizes=\"auto, (max-width: 675px) 100vw, 675px\" \/><\/p>\n<p>&nbsp;<\/p>\n<h3>R\u01b0\u1ee3u vang tr\u1eafng Moscato Dolce (4,5%)<\/h3>\n<p>Mang trong m\u00ecnh nh\u1eefng h\u01b0\u01a1ng v\u1ecb c\u1ee7a s\u1ef1 thanh l\u1ecbch, \u00eam \u00e1i, l\u1ea1i c\u00f3 th\u1ec3 l\u01b0u gi\u1eef l\u1ea1i h\u01b0\u01a1ng v\u1ecb trong mi\u1ec7ng r\u1ea5t l\u00e2u, m\u1ed9t l\u1ea7n th\u01b0\u1edfng th\u1ee9c r\u01b0\u1ee3u vang Moscato dolce Guarini c\u0169ng \u0111\u1ee7 g\u00e2y \u1ea5n t\u01b0\u1ee3ng, in s\u00e2u trong ti\u1ec1m th\u1ee9c nh\u1eefng ng\u01b0\u1eddi th\u01b0\u1edfng th\u1ee9c \u0111\u1ebfn m\u1ee9c kh\u00f4ng th\u1ec3 qu\u00ean.<\/p>\n<h2>KH\u00c1M PH\u00c1 CHAI R\u01af\u1ee2U VANG\u00a0TR\u1eaeNG MOSCATO DOLCE (4,5\u00ba)<\/h2>\n<div>Chai vang Moscato Dolce l\u00e0 d\u00f2ng\u00a0r\u01b0\u1ee3u vang \u00fd\u00a0Moscato Sparkling Wine\u00a0\u0111\u01b0\u1ee3c l\u00e0m t\u1eeb gi\u1ed1ng nho Moscato, m\u1ed9t gi\u1ed1ng nho \u0111\u1ed9t bi\u1ebfn m\u00e0u tr\u1eafng c\u1ee7a h\u1ecd Pinot. \u0110\u00e2y l\u00e0 gi\u1ed1ng nho g\u1eafn li\u1ec1n v\u1edbi c\u00e1c lo\u1ea1i r\u01b0\u1ee3u vang tr\u1eafng nh\u1eb9 nh\u00e0ng \u0111\u01b0\u1ee3c s\u1ea3n xu\u1ea5t v\u1edbi s\u1ed1 l\u01b0\u1ee3ng l\u1edbn \u1edf \u00dd, \u0111\u1eb7c bi\u1ec7t l\u00e0 mi\u1ec1n B\u1eafc. Moscato th\u01b0\u1eddng \u0111\u01b0\u1ee3c thu ho\u1ea1ch s\u1edbm nh\u1eb1m gi\u1eef \u0111\u01b0\u1ee3c axit t\u01b0\u01a1i t\u1ef1 nhi\u00ean. \u0110i\u1ec1u n\u00e0y c\u0169ng \u1ea3nh h\u01b0\u1edfng \u0111\u1ebfn m\u00e0u s\u1eafc c\u1ee7a nho v\u00ec khi Moscato ch\u00edn, n\u00f3 c\u00f3 th\u1ec3 c\u00f3 m\u00e0u h\u1ed3ng nh\u1ea1t v\u00e0 r\u01b0\u1ee3u l\u00e0m t\u1eeb nho ch\u00edn th\u01b0\u1eddng c\u00f3 m\u00e0u v\u00e0ng h\u01a1n nhi\u1ec1u.<\/div>\n<div><\/div>\n<div><img loading=\"lazy\" decoding=\"async\" class=\"aligncenter\" title=\"Gi\u1ed1ng nho Moscato - nguy\u00ean li\u1ec7u s\u1ea3n xu\u1ea5t r\u01b0\u1ee3u Vang\" src=\"https:\/\/ruouvangacf.com\/upload\/images\/muscat%201(2).jpg\" alt=\"Gi\u1ed1ng nho Moscato - nguy\u00ean li\u1ec7u s\u1ea3n xu\u1ea5t r\u01b0\u1ee3u Vang\" width=\"734\" height=\"488\" \/><\/div>\n<h3>Gi\u1ed1ng nho Moscato &#8211; nguy\u00ean li\u1ec7u s\u1ea3n xu\u1ea5t r\u01b0\u1ee3u vang<\/h3>\n<div>Trung t\u00e2m s\u1ea3n xu\u1ea5t r\u01b0\u1ee3u Moscato t\u1eadp trung ch\u1ee7 y\u1ebfu \u1edf v\u00f9ng \u0110\u00f4ng B\u1eafc \u00dd bao g\u1ed3m Veneto. \u1ede nhi\u1ec1u n\u01a1i kh\u00e1c c\u1ee7a \u00dd, gi\u1ed1ng nho c\u0169ng \u0111\u01b0\u1ee3c d\u00f9ng \u0111\u1ec3 l\u00e0m vang s\u1ee7i t\u0103m. N\u00f3 hi\u1ebfm khi t\u1ea1o ra ng\u1ecdt hay vang tr\u00e1ng mi\u1ec7ng \u1edf \u00dd. H\u1ea7u h\u1ebft phong c\u00e1ch vang tr\u1eafng Pinot Grigio kh\u00f4, \u0111\u1ed9 axit cao v\u1edbi h\u01b0\u01a1ng th\u01a1m c\u1ee7a chanh, t\u00e1o xanh, b\u01b0\u1edfi, qu\u00fdt v\u00e0 hoa.<\/div>\n<div>\n<h2>C\u00c1CH TH\u01af\u1edeNG TH\u1ee8C R\u01af\u1ee2U VANG TR\u1eaeNG MOSCATO DOLCE (4,5\u00ba)<\/h2>\n<p>S\u1ebd th\u1eadt tuy\u1ec7t v\u1eddi n\u1ebfu th\u01b0\u1edfng th\u1ee9c vang Moscato \u1edf nhi\u1ec7t \u0111\u1ed9 l\u1ea1nh. Chai Moscato Dolce n\u00e0y khi k\u1ebft h\u1ee3p v\u1edbi v\u1edbi th\u1ecbt ngu\u1ed9i, m\u00ec \u1ed1ng, ph\u00f4 mai ho\u1eb7c salad nh\u1eb9 s\u1ebd mang \u0111\u1ebfm tr\u1ea3i nghi\u1ec7m \u0111\u1ec9nh cao nh\u1ea5t v\u1ec1 \u1ea9m th\u1ee9c cho nh\u1eefng ng\u01b0\u1eddi \u0111\u01b0\u1ee3c n\u1ebfm tr\u1ea3i. Nhi\u1ec7t \u0111\u1ed9 ph\u1ee5c v\u1ee5 t\u1ed1t nh\u1ea5t t\u1eeb 6 \u2013 8 \u0111\u1ed9 C. Ch\u1ec9 v\u1edbi m\u1ed9t chai vang n\u00e0y th\u00f4i b\u1eefa \u0103n gia \u0111\u00ecnh s\u1ebd tr\u1edf n\u00ean \u1ea5m c\u00fang v\u00e0 h\u1ea5p d\u1eabn h\u01a1n bao gi\u1edd h\u1ebft.<\/p>\n<p><img loading=\"lazy\" decoding=\"async\" class=\"aligncenter\" title=\"R\u01b0\u1ee3u vang Moscato Dolce k\u1ebft h\u1ee3p v\u1edbi \u1ea9m th\u1ef1c\" src=\"https:\/\/ruouvangacf.com\/upload\/images\/0.jpg\" alt=\"R\u01b0\u1ee3u vang Moscato Dolce k\u1ebft h\u1ee3p v\u1edbi \u1ea9m th\u1ef1c\" width=\"728\" height=\"409\" \/><\/p>\n<h3>R\u01b0\u1ee3u vang Moscato Dolce k\u1ebft h\u1ee3p v\u1edbi \u1ea9m th\u1ef1c<\/h3>\n<p>Chai vang n\u00e0y c\u0169ng c\u00f3 th\u1ec3 k\u1ebft h\u1ee3p v\u1edbi nh\u1eefng m\u00f3n \u0103n khai v\u1ecb v\u00ec n\u1ed3ng \u0111\u1ed9 c\u1ee7a chai vang kh\u00e1 nh\u1eb9. Moscato dolce l\u00e0 m\u1ed9t chai vang tuy\u1ec7t h\u1ea3o \u0111\u1ec3 t\u1eadn h\u01b0\u1edfng ri\u00eang l\u1ebb ho\u1eb7c k\u1ebft h\u1ee3p v\u1edbi c\u00e1c m\u00f3n tr\u00e1i c\u00e2y t\u01b0\u01a1i ngon, b\u00e1nh ng\u1ecdt, c\u00f3 th\u1ec3\u00a0u\u1ed1ng gi\u1ea3i tr\u00ed th\u01b0\u1edfng th\u1ee9c c\u00f9ng hoa qu\u1ea3 ho\u1eb7c tr\u00e1ng mi\u1ec7ng sau b\u1eefa \u0103n.<\/p>\n<\/div>\n","protected":false},"excerpt":{"rendered":"<table style=\"border-collapse: collapse; width: 100%; height: 136px;\">\n<tbody>\n<tr style=\"height: 21px;\">\n<td style=\"width: 50%; height: 21px;\">Xu\u1ea5t x\u1ee9<\/td>\n<td style=\"width: 50%; height: 21px;\">\u00dd<\/td>\n<\/tr>\n<tr style=\"height: 21px;\">\n<td style=\"width: 50%; height: 21px;\">Ph\u00e2n lo\u1ea1i<\/td>\n<td style=\"width: 50%; height: 21px;\">Sparkling<\/td>\n<\/tr>\n<tr style=\"height: 21px;\">\n<td style=\"width: 50%; height: 21px;\">N\u1ed3ng \u0111\u1ed9<\/td>\n<td style=\"width: 50%; height: 21px;\">4,5 %<\/td>\n<\/tr>\n<tr style=\"height: 21px;\">\n<td style=\"width: 50%; height: 21px;\">Dung t\u00edch<\/td>\n<td style=\"width: 50%; height: 21px;\">750ml<\/td>\n<\/tr>\n<tr style=\"height: 21px;\">\n<td style=\"width: 50%; height: 21px;\">Gi\u1ed1ng nho<\/td>\n<td style=\"width: 50%; height: 21px;\">Moscato<\/td>\n<\/tr>\n<tr style=\"height: 21px;\">\n<td style=\"width: 50%; height: 10px;\"><\/td>\n<td style=\"width: 50%; height: 10px;\"><\/td>\n<\/tr>\n<tr style=\"height: 21px;\">\n<td style=\"width: 50%; height: 21px;\"><\/td>\n<td style=\"width: 50%; height: 21px;\"><\/td>\n<\/tr>\n<\/tbody>\n<\/table>\n<p>&nbsp;<\/p>\n","protected":false},"featured_media":1441,"comment_status":"closed","ping_status":"closed","template":"","meta":{"_acf_changed":false},"product_brand":[],"product_cat":[230,27,26,354,29,355],"product_tag":[395,359,266,397,396,184,360,247,358,153],"class_list":{"0":"post-1440","1":"product","2":"type-product","3":"status-publish","4":"has-post-thumbnail","6":"product_cat-moscato","7":"product_cat-ruou-vang","8":"product_cat-san-pham-noi-bat","9":"product_cat-sparling","10":"product_cat-vang-y","11":"product_cat-vidor","12":"product_tag-dolce","13":"product_tag-do-thap","14":"product_tag-moscato","15":"product_tag-moscato-dolce-guarini","16":"product_tag-moscato-dole","17":"product_tag-ruou-vang-gia-re","18":"product_tag-sparkling","19":"product_tag-vang-ngot","20":"product_tag-vang-nhe-do","21":"product_tag-vang-y","23":"first","24":"instock","25":"shipping-taxable","26":"product-type-simple"},"acf":[],"yoast_head":"<!-- This site is optimized with the Yoast SEO plugin v26.8 - https:\/\/yoast.com\/product\/yoast-seo-wordpress\/ -->\n<title>R\u01b0\u1ee3u Vang tr\u1eafng Moscato Dolce - R.WINE<\/title>\n<meta name=\"robots\" content=\"noindex, follow\" \/>\n<meta property=\"og:locale\" content=\"vi_VN\" \/>\n<meta property=\"og:type\" content=\"article\" \/>\n<meta property=\"og:title\" content=\"R\u01b0\u1ee3u Vang tr\u1eafng Moscato Dolce - R.WINE\" \/>\n<meta property=\"og:description\" content=\"Xu\u1ea5t x\u1ee9 \u00dd   Ph\u00e2n lo\u1ea1i Sparkling   N\u1ed3ng \u0111\u1ed9 4,5 %   Dung t\u00edch 750ml   Gi\u1ed1ng nho Moscato            &nbsp;\" \/>\n<meta property=\"og:url\" content=\"https:\/\/rwinevietnam.com\/home\/ruou-vang-y-moscato-cavatina-premium-sao-chep\/\" \/>\n<meta property=\"og:site_name\" content=\"R.WINE\" \/>\n<meta property=\"article:modified_time\" content=\"2024-05-25T14:32:14+00:00\" \/>\n<meta property=\"og:image\" content=\"https:\/\/rwinevietnam.com\/home\/wp-content\/uploads\/2024\/05\/IMG_8529-scaled.jpeg\" \/>\n\t<meta property=\"og:image:width\" content=\"1920\" \/>\n\t<meta property=\"og:image:height\" content=\"2560\" \/>\n\t<meta property=\"og:image:type\" content=\"image\/jpeg\" \/>\n<meta name=\"twitter:card\" content=\"summary_large_image\" \/>\n<script type=\"application\/ld+json\" class=\"yoast-schema-graph\">{\"@context\":\"https:\/\/schema.org\",\"@graph\":[{\"@type\":\"WebPage\",\"@id\":\"https:\/\/rwinevietnam.com\/home\/ruou-vang-y-moscato-cavatina-premium-sao-chep\/\",\"url\":\"https:\/\/rwinevietnam.com\/home\/ruou-vang-y-moscato-cavatina-premium-sao-chep\/\",\"name\":\"R\u01b0\u1ee3u Vang tr\u1eafng Moscato Dolce - R.WINE\",\"isPartOf\":{\"@id\":\"https:\/\/rwinevietnam.com\/home\/#website\"},\"primaryImageOfPage\":{\"@id\":\"https:\/\/rwinevietnam.com\/home\/ruou-vang-y-moscato-cavatina-premium-sao-chep\/#primaryimage\"},\"image\":{\"@id\":\"https:\/\/rwinevietnam.com\/home\/ruou-vang-y-moscato-cavatina-premium-sao-chep\/#primaryimage\"},\"thumbnailUrl\":\"https:\/\/rwinevietnam.com\/home\/wp-content\/uploads\/2024\/05\/IMG_8529-scaled.jpeg\",\"datePublished\":\"2024-05-16T13:45:08+00:00\",\"dateModified\":\"2024-05-25T14:32:14+00:00\",\"breadcrumb\":{\"@id\":\"https:\/\/rwinevietnam.com\/home\/ruou-vang-y-moscato-cavatina-premium-sao-chep\/#breadcrumb\"},\"inLanguage\":\"vi\",\"potentialAction\":[{\"@type\":\"ReadAction\",\"target\":[\"https:\/\/rwinevietnam.com\/home\/ruou-vang-y-moscato-cavatina-premium-sao-chep\/\"]}]},{\"@type\":\"ImageObject\",\"inLanguage\":\"vi\",\"@id\":\"https:\/\/rwinevietnam.com\/home\/ruou-vang-y-moscato-cavatina-premium-sao-chep\/#primaryimage\",\"url\":\"https:\/\/rwinevietnam.com\/home\/wp-content\/uploads\/2024\/05\/IMG_8529-scaled.jpeg\",\"contentUrl\":\"https:\/\/rwinevietnam.com\/home\/wp-content\/uploads\/2024\/05\/IMG_8529-scaled.jpeg\",\"width\":1920,\"height\":2560},{\"@type\":\"BreadcrumbList\",\"@id\":\"https:\/\/rwinevietnam.com\/home\/ruou-vang-y-moscato-cavatina-premium-sao-chep\/#breadcrumb\",\"itemListElement\":[{\"@type\":\"ListItem\",\"position\":1,\"name\":\"Trang ch\u1ee7\",\"item\":\"https:\/\/rwinevietnam.com\/home\/\"},{\"@type\":\"ListItem\",\"position\":2,\"name\":\"S\u1ea3n ph\u1ea9m\",\"item\":\"https:\/\/rwinevietnam.com\/home\/san-pham\/\"},{\"@type\":\"ListItem\",\"position\":3,\"name\":\"R\u01b0\u1ee3u Vang tr\u1eafng Moscato Dolce\"}]},{\"@type\":\"WebSite\",\"@id\":\"https:\/\/rwinevietnam.com\/home\/#website\",\"url\":\"https:\/\/rwinevietnam.com\/home\/\",\"name\":\"R.WINE\",\"description\":\"C\u00d4NG TY C\u1ed4 PH\u1ea6N XU\u1ea4T KH\u1ea8U NH\u1eacP KH\u1ea8U\",\"potentialAction\":[{\"@type\":\"SearchAction\",\"target\":{\"@type\":\"EntryPoint\",\"urlTemplate\":\"https:\/\/rwinevietnam.com\/home\/?s={search_term_string}\"},\"query-input\":{\"@type\":\"PropertyValueSpecification\",\"valueRequired\":true,\"valueName\":\"search_term_string\"}}],\"inLanguage\":\"vi\"}]}<\/script>\n<!-- \/ Yoast SEO plugin. -->","yoast_head_json":{"title":"R\u01b0\u1ee3u Vang tr\u1eafng Moscato Dolce - R.WINE","robots":{"index":"noindex","follow":"follow"},"og_locale":"vi_VN","og_type":"article","og_title":"R\u01b0\u1ee3u Vang tr\u1eafng Moscato Dolce - R.WINE","og_description":"Xu\u1ea5t x\u1ee9 \u00dd   Ph\u00e2n lo\u1ea1i Sparkling   N\u1ed3ng \u0111\u1ed9 4,5 %   Dung t\u00edch 750ml   Gi\u1ed1ng nho Moscato            &nbsp;","og_url":"https:\/\/rwinevietnam.com\/home\/ruou-vang-y-moscato-cavatina-premium-sao-chep\/","og_site_name":"R.WINE","article_modified_time":"2024-05-25T14:32:14+00:00","og_image":[{"width":1920,"height":2560,"url":"https:\/\/rwinevietnam.com\/home\/wp-content\/uploads\/2024\/05\/IMG_8529-scaled.jpeg","type":"image\/jpeg"}],"twitter_card":"summary_large_image","schema":{"@context":"https:\/\/schema.org","@graph":[{"@type":"WebPage","@id":"https:\/\/rwinevietnam.com\/home\/ruou-vang-y-moscato-cavatina-premium-sao-chep\/","url":"https:\/\/rwinevietnam.com\/home\/ruou-vang-y-moscato-cavatina-premium-sao-chep\/","name":"R\u01b0\u1ee3u Vang tr\u1eafng Moscato Dolce - R.WINE","isPartOf":{"@id":"https:\/\/rwinevietnam.com\/home\/#website"},"primaryImageOfPage":{"@id":"https:\/\/rwinevietnam.com\/home\/ruou-vang-y-moscato-cavatina-premium-sao-chep\/#primaryimage"},"image":{"@id":"https:\/\/rwinevietnam.com\/home\/ruou-vang-y-moscato-cavatina-premium-sao-chep\/#primaryimage"},"thumbnailUrl":"https:\/\/rwinevietnam.com\/home\/wp-content\/uploads\/2024\/05\/IMG_8529-scaled.jpeg","datePublished":"2024-05-16T13:45:08+00:00","dateModified":"2024-05-25T14:32:14+00:00","breadcrumb":{"@id":"https:\/\/rwinevietnam.com\/home\/ruou-vang-y-moscato-cavatina-premium-sao-chep\/#breadcrumb"},"inLanguage":"vi","potentialAction":[{"@type":"ReadAction","target":["https:\/\/rwinevietnam.com\/home\/ruou-vang-y-moscato-cavatina-premium-sao-chep\/"]}]},{"@type":"ImageObject","inLanguage":"vi","@id":"https:\/\/rwinevietnam.com\/home\/ruou-vang-y-moscato-cavatina-premium-sao-chep\/#primaryimage","url":"https:\/\/rwinevietnam.com\/home\/wp-content\/uploads\/2024\/05\/IMG_8529-scaled.jpeg","contentUrl":"https:\/\/rwinevietnam.com\/home\/wp-content\/uploads\/2024\/05\/IMG_8529-scaled.jpeg","width":1920,"height":2560},{"@type":"BreadcrumbList","@id":"https:\/\/rwinevietnam.com\/home\/ruou-vang-y-moscato-cavatina-premium-sao-chep\/#breadcrumb","itemListElement":[{"@type":"ListItem","position":1,"name":"Trang ch\u1ee7","item":"https:\/\/rwinevietnam.com\/home\/"},{"@type":"ListItem","position":2,"name":"S\u1ea3n ph\u1ea9m","item":"https:\/\/rwinevietnam.com\/home\/san-pham\/"},{"@type":"ListItem","position":3,"name":"R\u01b0\u1ee3u Vang tr\u1eafng Moscato Dolce"}]},{"@type":"WebSite","@id":"https:\/\/rwinevietnam.com\/home\/#website","url":"https:\/\/rwinevietnam.com\/home\/","name":"R.WINE","description":"C\u00d4NG TY C\u1ed4 PH\u1ea6N XU\u1ea4T KH\u1ea8U NH\u1eacP KH\u1ea8U","potentialAction":[{"@type":"SearchAction","target":{"@type":"EntryPoint","urlTemplate":"https:\/\/rwinevietnam.com\/home\/?s={search_term_string}"},"query-input":{"@type":"PropertyValueSpecification","valueRequired":true,"valueName":"search_term_string"}}],"inLanguage":"vi"}]}},"_links":{"self":[{"href":"https:\/\/rwinevietnam.com\/home\/wp-json\/wp\/v2\/product\/1440","targetHints":{"allow":["GET"]}}],"collection":[{"href":"https:\/\/rwinevietnam.com\/home\/wp-json\/wp\/v2\/product"}],"about":[{"href":"https:\/\/rwinevietnam.com\/home\/wp-json\/wp\/v2\/types\/product"}],"replies":[{"embeddable":true,"href":"https:\/\/rwinevietnam.com\/home\/wp-json\/wp\/v2\/comments?post=1440"}],"wp:featuredmedia":[{"embeddable":true,"href":"https:\/\/rwinevietnam.com\/home\/wp-json\/wp\/v2\/media\/1441"}],"wp:attachment":[{"href":"https:\/\/rwinevietnam.com\/home\/wp-json\/wp\/v2\/media?parent=1440"}],"wp:term":[{"taxonomy":"product_brand","embeddable":true,"href":"https:\/\/rwinevietnam.com\/home\/wp-json\/wp\/v2\/product_brand?post=1440"},{"taxonomy":"product_cat","embeddable":true,"href":"https:\/\/rwinevietnam.com\/home\/wp-json\/wp\/v2\/product_cat?post=1440"},{"taxonomy":"product_tag","embeddable":true,"href":"https:\/\/rwinevietnam.com\/home\/wp-json\/wp\/v2\/product_tag?post=1440"}],"curies":[{"name":"wp","href":"https:\/\/api.w.org\/{rel}","templated":true}]}}