{"id":1409,"date":"2024-04-25T14:46:41","date_gmt":"2024-04-25T14:46:41","guid":{"rendered":"https:\/\/rwinevietnam.com\/home\/?post_type=product&#038;p=1409"},"modified":"2024-04-25T15:00:43","modified_gmt":"2024-04-25T15:00:43","slug":"ruou-vang-y-x18-primitivo-puglia","status":"publish","type":"product","link":"https:\/\/rwinevietnam.com\/home\/ruou-vang-y-x18-primitivo-puglia\/","title":{"rendered":"R\u01b0\u1ee3u Vang \u00dd X18 Primitivo Puglia"},"content":{"rendered":"<p><span style=\"font-size: 120%;\"><strong>R\u01b0\u1ee3u vang \u00dd X18 Primitivo Puglia<\/strong><strong><u>\u00a0<\/u><\/strong>l\u00e0 m\u1ed9t trong nh\u1eefng d\u00f2ng r\u01b0\u1ee3u vang n\u1ed5i ti\u1ebfng t\u1ea1i \u00dd v\u1edbi h\u01b0\u01a1ng v\u1ecb \u0111\u1eadm \u0111\u00e0, \u0111\u1ea7y m\u1ea1nh m\u1ebd v\u00e0 s\u1ee9c quy\u1ebfn r\u0169 kh\u00f4ng th\u1ec3 c\u01b0\u1ee1ng l\u1ea1i \u0111\u01b0\u1ee3c. V\u1edbi nh\u1eefng t\u00edn \u0111\u1ed3 y\u00eau vang \u00dd, X18 Primitivo Puglia \u0111\u01b0\u1ee3c coi l\u00e0 m\u1ed9t trong nh\u1eefng th\u01b0\u01a1ng hi\u1ec7u n\u1ed5i ti\u1ebfng v\u00e0 \u0111\u01b0\u1ee3c s\u0103n \u0111\u00f3n nh\u1ea5t tr\u00ean th\u1ecb tr\u01b0\u1eddng hi\u1ec7n nay.\u00a0<a href=\"https:\/\/rwinevietnam.com\/\"><u>R.wine<\/u><\/a>\u00a0l\u00e0 m\u1ed9t trong nh\u1eefng \u0111\u1ecba ch\u1ec9 uy t\u00edn cung c\u1ea5p s\u1ea3n ph\u1ea9m r\u01b0\u1ee3u vang X18 <a href=\"https:\/\/rwinevietnam.com\/home\/primitivo\/\">Primitivo<\/a> Puglia t\u1ea1i Vi\u1ec7t Nam. V\u1edbi nhi\u1ec1u n\u0103m kinh nghi\u1ec7m trong l\u0129nh v\u1ef1c kinh doanh\u00a0<a href=\"https:\/\/rwinevietnam.com\/\"><u>r\u01b0\u1ee3u vang<\/u><\/a>, <a href=\"https:\/\/rwinevietnam.com\/\">R.wine<\/a> lu\u00f4n mang \u0111\u1ebfn cho kh\u00e1ch h\u00e0ng nh\u1eefng s\u1ea3n ph\u1ea9m ch\u1ea5t l\u01b0\u1ee3ng nh\u1ea5t, v\u1edbi gi\u00e1 c\u1ea3 h\u1ee3p l\u00fd v\u00e0 d\u1ecbch v\u1ee5 t\u1ed1t nh\u1ea5t.<\/span><\/p>\n<p>&nbsp;<\/p>\n<p><span style=\"font-size: 120%;\"><img loading=\"lazy\" decoding=\"async\" class=\"aligncenter  wp-image-1411\" src=\"https:\/\/rwinevietnam.com\/home\/wp-content\/uploads\/2024\/04\/IMG_8343-1024x768.jpeg\" alt=\"\" width=\"555\" height=\"416\" srcset=\"https:\/\/rwinevietnam.com\/home\/wp-content\/uploads\/2024\/04\/IMG_8343-1024x768.jpeg 1024w, https:\/\/rwinevietnam.com\/home\/wp-content\/uploads\/2024\/04\/IMG_8343-300x225.jpeg 300w, https:\/\/rwinevietnam.com\/home\/wp-content\/uploads\/2024\/04\/IMG_8343-768x576.jpeg 768w, https:\/\/rwinevietnam.com\/home\/wp-content\/uploads\/2024\/04\/IMG_8343-1536x1152.jpeg 1536w, https:\/\/rwinevietnam.com\/home\/wp-content\/uploads\/2024\/04\/IMG_8343-2048x1536.jpeg 2048w, https:\/\/rwinevietnam.com\/home\/wp-content\/uploads\/2024\/04\/IMG_8343-600x450.jpeg 600w\" sizes=\"auto, (max-width: 555px) 100vw, 555px\" \/><\/span><\/p>\n<p>&nbsp;<\/p>\n<p><span style=\"font-size: 120%;\">T\u00ecm hi\u1ec3u v\u1ec1 r\u01b0\u1ee3u vang \u00dd X18 <a href=\"https:\/\/rwinevietnam.com\/home\/primitivo\/\">Primitivo Puglia<\/a><\/span><\/p>\n<p><span style=\"font-size: 120%;\">R\u01b0\u1ee3u vang \u00dd X18 Primitivo Puglia l\u00e0 m\u1ed9t lo\u1ea1i r\u01b0\u1ee3u vang \u0111\u1ebfn t\u1eeb v\u00f9ng Puglia n\u1eb1m \u1edf mi\u1ec1n nam Italia. V\u1edbi t\u00ean g\u1ecdi Primitivo, lo\u1ea1i r\u01b0\u1ee3u n\u00e0y \u0111\u01b0\u1ee3c s\u1ea3n xu\u1ea5t t\u1eeb gi\u1ed1ng nho c\u00f9ng t\u00ean, c\u00f3 xu\u1ea5t x\u1ee9 t\u1eeb Croatia v\u00e0 \u0111\u01b0\u1ee3c tr\u1ed3ng \u1edf v\u00f9ng Puglia t\u1eeb th\u1ebf k\u1ef7 18.<\/span><\/p>\n<p><span style=\"font-size: 120%;\">R\u01b0\u1ee3u vang \u00dd X18 Primitivo Puglia c\u00f3 m\u00e0u \u0111\u1ecf \u0111\u1eadm v\u00e0 h\u01b0\u01a1ng v\u1ecb \u0111\u1eb7c tr\u01b0ng c\u1ee7a gi\u1ed1ng nho Primitivo, v\u1edbi h\u01b0\u01a1ng th\u01a1m c\u1ee7a tr\u00e1i c\u00e2y ch\u00edn m\u1ecdng, gia v\u1ecb v\u00e0 m\u1ed9t ch\u00fat h\u01b0\u01a1ng cay. Khi th\u01b0\u1edfng th\u1ee9c, r\u01b0\u1ee3u vang n\u00e0y c\u00f3 h\u1eadu v\u1ecb d\u00e0i v\u00e0 m\u1ec1m m\u1ea1i, \u0111\u1ed9 c\u1ed3n kho\u1ea3ng 14-15%.<\/span><\/p>\n<p><span style=\"font-size: 120%;\">\u0110\u00e2y l\u00e0 lo\u1ea1i r\u01b0\u1ee3u vang ph\u00f9 h\u1ee3p \u0111\u1ec3 d\u00f9ng c\u00f9ng v\u1edbi c\u00e1c m\u00f3n \u0103n \u0111\u1eadm \u0111\u00e0, n\u1ed3i, th\u1ecbt n\u01b0\u1edbng v\u00e0 ph\u00f4 mai. R\u01b0\u1ee3u vang \u00dd X18 Primitivo Puglia c\u00f3 th\u1ec3 \u0111\u01b0\u1ee3c th\u01b0\u1edfng th\u1ee9c ngay l\u1eadp t\u1ee9c ho\u1eb7c l\u01b0u tr\u1eef trong kho\u1ea3ng t\u1eeb 3 \u0111\u1ebfn 5 n\u0103m \u0111\u1ec3 ph\u00e1t tri\u1ec3n th\u00eam h\u01b0\u01a1ng v\u1ecb v\u00e0 \u0111\u1ed9 tr\u01b0\u1edfng th\u00e0nh.<\/span><\/p>\n<p><span style=\"font-size: 120%;\">S\u1ea3n ph\u1ea9m R\u01b0\u1ee3u vang \u00dd X18 Primitivo Puglia \u0111\u01b0\u1ee3c s\u1ea3n xu\u1ea5t v\u00e0 ph\u00e2n ph\u1ed1i b\u1edfi nh\u00e0 s\u1ea3n xu\u1ea5t uy t\u00edn t\u1ea1i \u00dd. V\u1edbi ch\u1ea5t l\u01b0\u1ee3ng t\u1ed1t, R\u01b0\u1ee3u vang \u00dd X18 Primitivo Puglia \u0111\u01b0\u1ee3c \u0111\u00e1nh gi\u00e1 cao v\u00e0 \u0111\u01b0\u1ee3c y\u00eau th\u00edch b\u1edfi nhi\u1ec1u ng\u01b0\u1eddi ti\u00eau d\u00f9ng tr\u00ean to\u00e0n th\u1ebf gi\u1edbi.<\/span><\/p>\n<p><span style=\"font-size: 120%;\">N\u1ebfu b\u1ea1n l\u00e0 ng\u01b0\u1eddi y\u00eau th\u00edch r\u01b0\u1ee3u vang v\u00e0 mu\u1ed1n th\u1eed nh\u1eefng h\u01b0\u01a1ng v\u1ecb m\u1edbi l\u1ea1, R\u01b0\u1ee3u vang \u00dd X18 Primitivo Puglia s\u1ebd l\u00e0 s\u1ef1 l\u1ef1a ch\u1ecdn tuy\u1ec7t v\u1eddi cho b\u1ea1n.<\/span><\/p>\n<p>&nbsp;<\/p>\n<p><span style=\"font-size: 120%;\"><img loading=\"lazy\" decoding=\"async\" class=\"aligncenter  wp-image-1412\" src=\"https:\/\/rwinevietnam.com\/home\/wp-content\/uploads\/2024\/04\/IMG_8348-768x1024.jpeg\" alt=\"\" width=\"538\" height=\"717\" srcset=\"https:\/\/rwinevietnam.com\/home\/wp-content\/uploads\/2024\/04\/IMG_8348-768x1024.jpeg 768w, https:\/\/rwinevietnam.com\/home\/wp-content\/uploads\/2024\/04\/IMG_8348-225x300.jpeg 225w, https:\/\/rwinevietnam.com\/home\/wp-content\/uploads\/2024\/04\/IMG_8348-1152x1536.jpeg 1152w, https:\/\/rwinevietnam.com\/home\/wp-content\/uploads\/2024\/04\/IMG_8348-1536x2048.jpeg 1536w, https:\/\/rwinevietnam.com\/home\/wp-content\/uploads\/2024\/04\/IMG_8348-300x400.jpeg 300w, https:\/\/rwinevietnam.com\/home\/wp-content\/uploads\/2024\/04\/IMG_8348-600x800.jpeg 600w, https:\/\/rwinevietnam.com\/home\/wp-content\/uploads\/2024\/04\/IMG_8348-scaled.jpeg 1920w\" sizes=\"auto, (max-width: 538px) 100vw, 538px\" \/><\/span><\/p>\n<p>&nbsp;<\/p>\n<p>&nbsp;<\/p>\n<p><span style=\"font-size: 120%;\">Quy tr\u00ecnh s\u1ea3n xu\u1ea5t R\u01b0\u1ee3u vang \u00dd X18 Primitivo Puglia<\/span><\/p>\n<p><span style=\"font-size: 120%;\">Quy tr\u00ecnh s\u1ea3n xu\u1ea5t R\u01b0\u1ee3u vang \u00dd X18 Primitivo Puglia b\u1eaft \u0111\u1ea7u t\u1eeb vi\u1ec7c thu ho\u1ea1ch nh\u1eefng tr\u00e1i nho Primitivo ch\u00edn m\u1ecdng v\u00e0o m\u00f9a thu. Sau khi thu ho\u1ea1ch, nh\u1eefng tr\u00e1i nho \u0111\u01b0\u1ee3c \u00e9p n\u00e1t \u0111\u1ec3 l\u1ea5y n\u01b0\u1edbc tr\u00e1i c\u00e2y v\u00e0 ph\u1ea7n th\u1ecbt, h\u1ea1t nho \u0111\u01b0\u1ee3c t\u00e1ch ra. Qu\u00e1 tr\u00ecnh n\u00e0y \u0111\u01b0\u1ee3c g\u1ecdi l\u00e0 qu\u00e1 tr\u00ecnh l\u00ean men th\u1ee9 nh\u1ea5t.<\/span><\/p>\n<p><span style=\"font-size: 120%;\">Sau \u0111\u00f3, n\u01b0\u1edbc tr\u00e1i c\u00e2y \u0111\u01b0\u1ee3c \u0111em \u0111\u1ebfn cho c\u00e1c th\u00f9ng g\u1ed7 s\u1ed3i m\u1edbi ho\u1eb7c th\u00f9ng g\u1ed7 s\u1ed3i c\u0169 \u0111\u1ec3 l\u00ean men th\u1ee9 hai. Trong qu\u00e1 tr\u00ecnh l\u00ean men th\u1ee9 hai, c\u00e1c vi sinh v\u1eadt t\u1ef1 nhi\u00ean trong r\u01b0\u1ee3u vang s\u1ebd ti\u1ebfp t\u1ee5c ph\u00e1t tri\u1ec3n, t\u1ea1o ra h\u01b0\u01a1ng v\u1ecb \u0111\u1eb7c tr\u01b0ng c\u1ee7a R\u01b0\u1ee3u vang \u00dd X18 Primitivo Puglia.<\/span><\/p>\n<p><span style=\"font-size: 120%;\">Sau khi ho\u00e0n th\u00e0nh qu\u00e1 tr\u00ecnh l\u00ean men, r\u01b0\u1ee3u \u0111\u01b0\u1ee3c \u0111\u01b0a v\u00e0o c\u00e1c th\u00f9ng g\u1ed7 s\u1ed3i \u0111\u1ec3 \u1ee7 trong v\u00f2ng 12 \u0111\u1ebfn 18 th\u00e1ng. Trong qu\u00e1 tr\u00ecnh \u1ee7, r\u01b0\u1ee3u vang s\u1ebd \u0111\u01b0\u1ee3c th\u01b0\u1eddng xuy\u00ean ki\u1ec3m tra v\u00e0 v\u1eaft b\u1ecf c\u00e1c t\u1ea1p ch\u1ea5t.<\/span><\/p>\n<p><span style=\"font-size: 120%;\">Cu\u1ed1i c\u00f9ng, R\u01b0\u1ee3u vang \u00dd X18 Primitivo Puglia \u0111\u01b0\u1ee3c \u0111\u00f3ng chai v\u00e0 \u0111\u00e1nh nh\u00e3n \u0111\u1ec3 b\u00e1n ra th\u1ecb tr\u01b0\u1eddng.<\/span><\/p>\n<p><span style=\"font-size: 120%;\">V\u1edbi quy tr\u00ecnh s\u1ea3n xu\u1ea5t chuy\u00ean nghi\u1ec7p v\u00e0 k\u1ef9 thu\u1eadt hi\u1ec7n \u0111\u1ea1i, R\u01b0\u1ee3u vang \u00dd X18 Primitivo Puglia \u0111\u00e3 tr\u1edf th\u00e0nh m\u1ed9t trong nh\u1eefng lo\u1ea1i r\u01b0\u1ee3u vang \u0111\u1eaft gi\u00e1 nh\u1ea5t tr\u00ean th\u1ecb tr\u01b0\u1eddng hi\u1ec7n nay<\/span><\/p>\n","protected":false},"excerpt":{"rendered":"<table style=\"border-collapse: collapse; width: 100%; height: 136px;\">\n<tbody>\n<tr style=\"height: 21px;\">\n<td style=\"width: 50%; height: 21px;\">Xu\u1ea5t x\u1ee9<\/td>\n<td style=\"width: 50%; height: 21px;\">\u00dd<\/td>\n<\/tr>\n<tr style=\"height: 21px;\">\n<td style=\"width: 50%; height: 21px;\">Ph\u00e2n lo\u1ea1i<\/td>\n<td style=\"width: 50%; height: 21px;\">Vang \u0111\u1ecf<\/td>\n<\/tr>\n<tr style=\"height: 21px;\">\n<td style=\"width: 50%; height: 21px;\">N\u1ed3ng \u0111\u1ed9<\/td>\n<td style=\"width: 50%; height: 21px;\">18 %<\/td>\n<\/tr>\n<tr style=\"height: 21px;\">\n<td style=\"width: 50%; height: 21px;\">Dung t\u00edch<\/td>\n<td style=\"width: 50%; height: 21px;\">750ml<\/td>\n<\/tr>\n<tr style=\"height: 21px;\">\n<td style=\"width: 50%; height: 21px;\">Gi\u1ed1ng nho<\/td>\n<td style=\"width: 50%; height: 21px;\">Pritimivo<\/td>\n<\/tr>\n<tr style=\"height: 21px;\">\n<td style=\"width: 50%; height: 10px;\">V\u00f9ng Vang<\/td>\n<td style=\"width: 50%; height: 10px;\"><strong>Puglia<\/strong><\/td>\n<\/tr>\n<tr style=\"height: 21px;\">\n<td style=\"width: 50%; height: 21px;\">H\u00e3ng s\u1ea3n xu\u1ea5t<\/td>\n<td style=\"width: 50%; height: 21px;\">Coli SPA<\/td>\n<\/tr>\n<\/tbody>\n<\/table>\n<p>&nbsp;<\/p>\n","protected":false},"featured_media":1410,"comment_status":"closed","ping_status":"closed","template":"","meta":{"_acf_changed":false},"product_brand":[],"product_cat":[367,80,27,86,26,62,29],"product_tag":[378,350,317,184,377,376,197,379,153,375],"class_list":{"0":"post-1409","1":"product","2":"type-product","3":"status-publish","4":"has-post-thumbnail","6":"product_cat-collefriso","7":"product_cat-primitivo","8":"product_cat-ruou-vang","9":"product_cat-ruou-vang-puglia","10":"product_cat-san-pham-noi-bat","11":"product_cat-vang-do","12":"product_cat-vang-y","13":"product_tag-18-do","14":"product_tag-pritimivo","15":"product_tag-puglia","16":"product_tag-ruou-vang-gia-re","17":"product_tag-vang-18-do","18":"product_tag-vang-coli-spa","19":"product_tag-vang-do","20":"product_tag-vang-ngon","21":"product_tag-vang-y","22":"product_tag-x18","24":"first","25":"instock","26":"shipping-taxable","27":"product-type-simple"},"acf":[],"yoast_head":"<!-- This site is optimized with the Yoast SEO plugin v26.8 - https:\/\/yoast.com\/product\/yoast-seo-wordpress\/ -->\n<title>R\u01b0\u1ee3u Vang \u00dd X18 Primitivo Puglia - R.WINE<\/title>\n<meta name=\"robots\" content=\"noindex, follow\" \/>\n<meta property=\"og:locale\" content=\"vi_VN\" \/>\n<meta property=\"og:type\" content=\"article\" \/>\n<meta property=\"og:title\" content=\"R\u01b0\u1ee3u Vang \u00dd X18 Primitivo Puglia - R.WINE\" \/>\n<meta property=\"og:description\" content=\"Xu\u1ea5t x\u1ee9 \u00dd   Ph\u00e2n lo\u1ea1i Vang \u0111\u1ecf   N\u1ed3ng \u0111\u1ed9 18 %   Dung t\u00edch 750ml   Gi\u1ed1ng nho Pritimivo   V\u00f9ng Vang Puglia   H\u00e3ng s\u1ea3n xu\u1ea5t Coli SPA    &nbsp;\" \/>\n<meta property=\"og:url\" content=\"https:\/\/rwinevietnam.com\/home\/ruou-vang-y-x18-primitivo-puglia\/\" \/>\n<meta property=\"og:site_name\" content=\"R.WINE\" \/>\n<meta property=\"article:modified_time\" content=\"2024-04-25T15:00:43+00:00\" \/>\n<meta property=\"og:image\" content=\"https:\/\/rwinevietnam.com\/home\/wp-content\/uploads\/2024\/04\/IMG_8347-scaled.jpeg\" \/>\n\t<meta property=\"og:image:width\" content=\"1920\" \/>\n\t<meta property=\"og:image:height\" content=\"2560\" \/>\n\t<meta property=\"og:image:type\" content=\"image\/jpeg\" \/>\n<meta name=\"twitter:card\" content=\"summary_large_image\" \/>\n<script type=\"application\/ld+json\" class=\"yoast-schema-graph\">{\"@context\":\"https:\/\/schema.org\",\"@graph\":[{\"@type\":\"WebPage\",\"@id\":\"https:\/\/rwinevietnam.com\/home\/ruou-vang-y-x18-primitivo-puglia\/\",\"url\":\"https:\/\/rwinevietnam.com\/home\/ruou-vang-y-x18-primitivo-puglia\/\",\"name\":\"R\u01b0\u1ee3u Vang \u00dd X18 Primitivo Puglia - R.WINE\",\"isPartOf\":{\"@id\":\"https:\/\/rwinevietnam.com\/home\/#website\"},\"primaryImageOfPage\":{\"@id\":\"https:\/\/rwinevietnam.com\/home\/ruou-vang-y-x18-primitivo-puglia\/#primaryimage\"},\"image\":{\"@id\":\"https:\/\/rwinevietnam.com\/home\/ruou-vang-y-x18-primitivo-puglia\/#primaryimage\"},\"thumbnailUrl\":\"https:\/\/rwinevietnam.com\/home\/wp-content\/uploads\/2024\/04\/IMG_8347-scaled.jpeg\",\"datePublished\":\"2024-04-25T14:46:41+00:00\",\"dateModified\":\"2024-04-25T15:00:43+00:00\",\"breadcrumb\":{\"@id\":\"https:\/\/rwinevietnam.com\/home\/ruou-vang-y-x18-primitivo-puglia\/#breadcrumb\"},\"inLanguage\":\"vi\",\"potentialAction\":[{\"@type\":\"ReadAction\",\"target\":[\"https:\/\/rwinevietnam.com\/home\/ruou-vang-y-x18-primitivo-puglia\/\"]}]},{\"@type\":\"ImageObject\",\"inLanguage\":\"vi\",\"@id\":\"https:\/\/rwinevietnam.com\/home\/ruou-vang-y-x18-primitivo-puglia\/#primaryimage\",\"url\":\"https:\/\/rwinevietnam.com\/home\/wp-content\/uploads\/2024\/04\/IMG_8347-scaled.jpeg\",\"contentUrl\":\"https:\/\/rwinevietnam.com\/home\/wp-content\/uploads\/2024\/04\/IMG_8347-scaled.jpeg\",\"width\":1920,\"height\":2560},{\"@type\":\"BreadcrumbList\",\"@id\":\"https:\/\/rwinevietnam.com\/home\/ruou-vang-y-x18-primitivo-puglia\/#breadcrumb\",\"itemListElement\":[{\"@type\":\"ListItem\",\"position\":1,\"name\":\"Trang ch\u1ee7\",\"item\":\"https:\/\/rwinevietnam.com\/home\/\"},{\"@type\":\"ListItem\",\"position\":2,\"name\":\"S\u1ea3n ph\u1ea9m\",\"item\":\"https:\/\/rwinevietnam.com\/home\/san-pham\/\"},{\"@type\":\"ListItem\",\"position\":3,\"name\":\"R\u01b0\u1ee3u Vang \u00dd X18 Primitivo Puglia\"}]},{\"@type\":\"WebSite\",\"@id\":\"https:\/\/rwinevietnam.com\/home\/#website\",\"url\":\"https:\/\/rwinevietnam.com\/home\/\",\"name\":\"R.WINE\",\"description\":\"C\u00d4NG TY C\u1ed4 PH\u1ea6N XU\u1ea4T KH\u1ea8U NH\u1eacP KH\u1ea8U\",\"potentialAction\":[{\"@type\":\"SearchAction\",\"target\":{\"@type\":\"EntryPoint\",\"urlTemplate\":\"https:\/\/rwinevietnam.com\/home\/?s={search_term_string}\"},\"query-input\":{\"@type\":\"PropertyValueSpecification\",\"valueRequired\":true,\"valueName\":\"search_term_string\"}}],\"inLanguage\":\"vi\"}]}<\/script>\n<!-- \/ Yoast SEO plugin. -->","yoast_head_json":{"title":"R\u01b0\u1ee3u Vang \u00dd X18 Primitivo Puglia - R.WINE","robots":{"index":"noindex","follow":"follow"},"og_locale":"vi_VN","og_type":"article","og_title":"R\u01b0\u1ee3u Vang \u00dd X18 Primitivo Puglia - R.WINE","og_description":"Xu\u1ea5t x\u1ee9 \u00dd   Ph\u00e2n lo\u1ea1i Vang \u0111\u1ecf   N\u1ed3ng \u0111\u1ed9 18 %   Dung t\u00edch 750ml   Gi\u1ed1ng nho Pritimivo   V\u00f9ng Vang Puglia   H\u00e3ng s\u1ea3n xu\u1ea5t Coli SPA    &nbsp;","og_url":"https:\/\/rwinevietnam.com\/home\/ruou-vang-y-x18-primitivo-puglia\/","og_site_name":"R.WINE","article_modified_time":"2024-04-25T15:00:43+00:00","og_image":[{"width":1920,"height":2560,"url":"https:\/\/rwinevietnam.com\/home\/wp-content\/uploads\/2024\/04\/IMG_8347-scaled.jpeg","type":"image\/jpeg"}],"twitter_card":"summary_large_image","schema":{"@context":"https:\/\/schema.org","@graph":[{"@type":"WebPage","@id":"https:\/\/rwinevietnam.com\/home\/ruou-vang-y-x18-primitivo-puglia\/","url":"https:\/\/rwinevietnam.com\/home\/ruou-vang-y-x18-primitivo-puglia\/","name":"R\u01b0\u1ee3u Vang \u00dd X18 Primitivo Puglia - R.WINE","isPartOf":{"@id":"https:\/\/rwinevietnam.com\/home\/#website"},"primaryImageOfPage":{"@id":"https:\/\/rwinevietnam.com\/home\/ruou-vang-y-x18-primitivo-puglia\/#primaryimage"},"image":{"@id":"https:\/\/rwinevietnam.com\/home\/ruou-vang-y-x18-primitivo-puglia\/#primaryimage"},"thumbnailUrl":"https:\/\/rwinevietnam.com\/home\/wp-content\/uploads\/2024\/04\/IMG_8347-scaled.jpeg","datePublished":"2024-04-25T14:46:41+00:00","dateModified":"2024-04-25T15:00:43+00:00","breadcrumb":{"@id":"https:\/\/rwinevietnam.com\/home\/ruou-vang-y-x18-primitivo-puglia\/#breadcrumb"},"inLanguage":"vi","potentialAction":[{"@type":"ReadAction","target":["https:\/\/rwinevietnam.com\/home\/ruou-vang-y-x18-primitivo-puglia\/"]}]},{"@type":"ImageObject","inLanguage":"vi","@id":"https:\/\/rwinevietnam.com\/home\/ruou-vang-y-x18-primitivo-puglia\/#primaryimage","url":"https:\/\/rwinevietnam.com\/home\/wp-content\/uploads\/2024\/04\/IMG_8347-scaled.jpeg","contentUrl":"https:\/\/rwinevietnam.com\/home\/wp-content\/uploads\/2024\/04\/IMG_8347-scaled.jpeg","width":1920,"height":2560},{"@type":"BreadcrumbList","@id":"https:\/\/rwinevietnam.com\/home\/ruou-vang-y-x18-primitivo-puglia\/#breadcrumb","itemListElement":[{"@type":"ListItem","position":1,"name":"Trang ch\u1ee7","item":"https:\/\/rwinevietnam.com\/home\/"},{"@type":"ListItem","position":2,"name":"S\u1ea3n ph\u1ea9m","item":"https:\/\/rwinevietnam.com\/home\/san-pham\/"},{"@type":"ListItem","position":3,"name":"R\u01b0\u1ee3u Vang \u00dd X18 Primitivo Puglia"}]},{"@type":"WebSite","@id":"https:\/\/rwinevietnam.com\/home\/#website","url":"https:\/\/rwinevietnam.com\/home\/","name":"R.WINE","description":"C\u00d4NG TY C\u1ed4 PH\u1ea6N XU\u1ea4T KH\u1ea8U NH\u1eacP KH\u1ea8U","potentialAction":[{"@type":"SearchAction","target":{"@type":"EntryPoint","urlTemplate":"https:\/\/rwinevietnam.com\/home\/?s={search_term_string}"},"query-input":{"@type":"PropertyValueSpecification","valueRequired":true,"valueName":"search_term_string"}}],"inLanguage":"vi"}]}},"_links":{"self":[{"href":"https:\/\/rwinevietnam.com\/home\/wp-json\/wp\/v2\/product\/1409","targetHints":{"allow":["GET"]}}],"collection":[{"href":"https:\/\/rwinevietnam.com\/home\/wp-json\/wp\/v2\/product"}],"about":[{"href":"https:\/\/rwinevietnam.com\/home\/wp-json\/wp\/v2\/types\/product"}],"replies":[{"embeddable":true,"href":"https:\/\/rwinevietnam.com\/home\/wp-json\/wp\/v2\/comments?post=1409"}],"wp:featuredmedia":[{"embeddable":true,"href":"https:\/\/rwinevietnam.com\/home\/wp-json\/wp\/v2\/media\/1410"}],"wp:attachment":[{"href":"https:\/\/rwinevietnam.com\/home\/wp-json\/wp\/v2\/media?parent=1409"}],"wp:term":[{"taxonomy":"product_brand","embeddable":true,"href":"https:\/\/rwinevietnam.com\/home\/wp-json\/wp\/v2\/product_brand?post=1409"},{"taxonomy":"product_cat","embeddable":true,"href":"https:\/\/rwinevietnam.com\/home\/wp-json\/wp\/v2\/product_cat?post=1409"},{"taxonomy":"product_tag","embeddable":true,"href":"https:\/\/rwinevietnam.com\/home\/wp-json\/wp\/v2\/product_tag?post=1409"}],"curies":[{"name":"wp","href":"https:\/\/api.w.org\/{rel}","templated":true}]}}