{"id":1401,"date":"2024-03-21T13:09:59","date_gmt":"2024-03-21T13:09:59","guid":{"rendered":"https:\/\/rwinevietnam.com\/home\/?post_type=product&#038;p=1401"},"modified":"2024-03-21T13:14:12","modified_gmt":"2024-03-21T13:14:12","slug":"bia-leffe-nau-brune-65-bi-thung-24-chai-330ml","status":"publish","type":"product","link":"https:\/\/rwinevietnam.com\/home\/bia-leffe-nau-brune-65-bi-thung-24-chai-330ml\/","title":{"rendered":"Bia Leffe n\u00e2u Brune 6,5% B\u1ec9  \u2013 th\u00f9ng 24 chai 330ml"},"content":{"rendered":"<div>\n<div>\n<ul>\n<li><b>N\u1ed3ng \u0111\u1ed9 c\u1ed3n:\u00a0<\/b>6,5% ABV<\/li>\n<li><b>L\u00ean men:\u00a0<\/b>Gi\u1ed1ng nh\u01b0 Leffe v\u00e0ng, bia Lefffe n\u00e2u c\u0169ng \u0111\u01b0\u1ee3c l\u00ean men trong th\u1eddi gian k\u0129 l\u01b0\u1ee1ng, h\u01b0\u01a1ng v\u1ecb \u0111\u00e1ng th\u01b0\u1edfng th\u1ee9c.<\/li>\n<li><b>Nguy\u00ean li\u1ec7u:\u00a0<\/b>Nguy\u00ean li\u1ec7u g\u1ed3m m\u1ea1ch nha n\u01b0\u1edbng, b\u1eafp, n\u01b0\u1edbc, hoa bia v\u00e0 men bia t\u1ea1o n\u00ean m\u00e0u n\u00e2u nh\u1eb9 sang tr\u1ecdng \u0111\u1eb9p m\u1eaft v\u1eady. V\u1ecb bia th\u1ec3 hi\u1ec7n qua m\u00f9i h\u01b0\u01a1ng v\u00e0 ch\u00fat m\u00f9i v\u1ecb c\u1ee7a t\u00e1o ch\u00edn. C\u1ea3m gi\u00e1c th\u01a1m m\u00e1t lan to\u1ea3 kh\u1eafp mi\u1ec7ng. Khi h\u1ea7m \u1ee7 \u1edf nhi\u1ec7t \u0111\u1ed9 b\u00ecnh th\u01b0\u1eddng, m\u00f9i v\u1ecb bia s\u1ebd ph\u00e1t tri\u1ec3n t\u1eeb v\u1ecb hoa qu\u1ea3 ng\u1ecdt nh\u1eb9 nh\u00e0ng sang \u0111\u01b0\u1eddng n\u00e2u v\u1edbi \u0111\u00e2u \u0111\u00f3 v\u1ecb caramen v\u00e0 k\u1eb9o b\u01a1.\u00a0Sau khi u\u1ed1ng, bia c\u00f3 v\u1ecb kh\u00f4 v\u00e0 cay r\u1ea5t th\u00fa v\u1ecb.<\/li>\n<\/ul>\n<\/div>\n<\/div>\n<div>\n<div>\n<p><img loading=\"lazy\" decoding=\"async\" class=\"aligncenter wp-image-2062 \" src=\"https:\/\/douongnhapkhau.com\/wp-content\/uploads\/2020\/01\/bia-leffe-nau-chai-330ml.jpg\" alt=\"Bia Leffe n\u00e2u\" width=\"313\" height=\"313\" \/><\/p>\n<p><b>Leffe n\u00e2u<\/b>\u00a0l\u00e0 m\u1ed9t lo\u1ea1i bia tu vi\u1ec7n B\u1ec9 truy\u1ec1n th\u1ed1ng v\u1edbi m\u1ed9t m\u00e0u n\u00e2u s\u00e2u v\u00e0 \u0111\u1ea7y \u0111\u1ee7 h\u01b0\u01a1ng v\u1ecb ng\u1ecdt, th\u01a1m tr\u00e1i c\u00e2y. Bia Leffe n\u00e2u v\u1edbi th\u00e0nh ph\u1ea7n ch\u1ee7 y\u1ebfu l\u00e0 m\u1ea1ch nha rang ch\u00e1y, ng\u00f4, n\u01b0\u1edbc, hoa bia v\u00e0 men. C\u00f3 h\u01b0\u01a1ng v\u1ecb hoa bia m\u1ea1nh m\u1ebd h\u01a1n bia Leffe v\u00e0ng v\u1edbi v\u1ecb ng\u1ecdt nh\u1eb9. Tuy\u1ec7t h\u1ea3o khi d\u00f9ng\u00a0<b>Leffe n\u00e2u<\/b>\u00a0v\u1edbi c\u00e1c m\u00f3n \u0103n th\u1ecbnh so\u1ea1n. D\u00f9ng l\u1ea1nh, h\u01b0\u01a1ng v\u1ecb \u0111\u1eadm \u0111\u00e0 nh\u1ea5t khi d\u00f9ng \u1edf nhi\u1ec7t \u0111\u1ed9 5\u00b0C.<\/p>\n<p>Th\u01b0\u1edfng th\u1ee9c h\u01b0\u01a1ng v\u1ecb c\u1ee7a\u00a0<b>Leffe Brune<\/b>\u00a0t\u1eebng \u0111o\u1ea1t nhi\u1ec1u gi\u1ea3i th\u01b0\u1edfng.\u00a0<b>Leffe Brune\u00a0<\/b>l\u00e0 m\u1ed9t lo\u1ea1i bia ho\u00e0n h\u1ea3o, trong su\u1ed1t qu\u00e1 tr\u00ecnh th\u01b0\u1edfng th\u1ee9c t\u1eeb b\u1eaft \u0111\u1ea7u \u0111\u1ebfn k\u1ebft th\u00fac \u0111\u1ec1u c\u1ea3m th\u1ea5y m\u1ecbn m\u00e0ng v\u00e0 tinh t\u1ebf, nh\u01b0ng m\u1ea1nh m\u1ebd trong h\u01b0\u01a1ng v\u1ecb. D\u00f2ng bia c\u1ed5 \u0111i\u1ec3n c\u1ee7a B\u1ec9 cho h\u01b0\u01a1ng v\u1ecb t\u1ed1t nh\u1ea5t trong c\u1ed1c th\u1ee7y tinh, n\u1ed5i b\u1eadt h\u01b0\u01a1ng th\u01a1m c\u1ee7a bia ho\u00e0n h\u1ea3o ngay t\u1eeb khi nh\u1ea5p ng\u1ee5m \u0111\u1ea7u ti\u00ean.<\/p>\n<p>Leffe Brune\u00a0l\u00e0 m\u1ed9t \u0111\u1ed3 u\u1ed1ng ho\u00e0n h\u1ea3o trong c\u00e2u chuy\u1ec7n giao l\u01b0u gi\u1eefa nh\u1eefng ng\u01b0\u1eddi b\u1ea1n, trong khi b\u1ea1n \u0111\u1ecdc m\u1ed9t cu\u1ed1n s\u00e1ch hay. N\u00f3 k\u1ebft h\u1ee3p l\u00fd t\u01b0\u1edfng v\u1edbi \u0111\u1ed3 \u0103n nh\u1eb9 khai v\u1ecb ho\u1eb7c pho m\u00e1t v\u00e0 n\u00f3 \u0111i k\u00e8m ho\u00e0n h\u1ea3o c\u00e1c m\u00f3n \u0103n ng\u1ecdt v\u00e0 chua.<\/p>\n<p><b>Nhi\u1ec7t \u0111\u1ed9 l\u00ed t\u01b0\u1edfng:\u00a0<\/b>5\u00b0 \u0111\u1ebfn 6 \u00b0c.<\/p>\n<p><b>\u0110\u1ed3 \u0103n k\u00e8m:\u00a0<\/b>Leffe n\u00e2u k\u1ebft h\u1ee3p r\u1ea5t tuy\u1ec7t v\u1edbi c\u00e1c m\u00f3n tr\u00e1ng mi\u1ec7ng c\u00f3 v\u1ecb g\u1eaft v\u00e0 s\u00f4 c\u00f4 la. S\u1ef1 k\u1ebft h\u1ee3p n\u00e0y s\u1ebd mang l\u1ea1i v\u1ecb ng\u1ecdt \u0111\u1eafng c\u1ee7a k\u1eb9o b\u01a1 c\u1ee9ng, t\u1ea1o n\u00ean h\u01b0\u01a1ng v\u1ecb \u00eam d\u1ecbu, d\u1ec5 ch\u1ecbu khi u\u1ed1ng xong.<\/p>\n<\/div>\n<\/div>\n","protected":false},"excerpt":{"rendered":"<table style=\"border-collapse: collapse; width: 100%; height: 147px;\">\n<tbody>\n<tr style=\"height: 21px;\">\n<td style=\"width: 50%; height: 21px;\"><\/td>\n<td style=\"width: 50%; height: 21px;\"><\/td>\n<\/tr>\n<tr style=\"height: 21px;\">\n<td style=\"width: 50%; height: 21px;\">Ph\u00e2n lo\u1ea1i<\/td>\n<td style=\"width: 50%; height: 21px;\">Bia<\/td>\n<\/tr>\n<tr style=\"height: 21px;\">\n<td style=\"width: 50%; height: 21px;\">N\u1ed3ng \u0111\u1ed9<\/td>\n<td style=\"width: 50%; height: 21px;\">6.5 %<\/td>\n<\/tr>\n<tr style=\"height: 21px;\">\n<td style=\"width: 50%; height: 21px;\">Dung t\u00edch<\/td>\n<td style=\"width: 50%; height: 21px;\">330ml<\/td>\n<\/tr>\n<tr style=\"height: 21px;\">\n<td style=\"width: 50%; height: 21px;\"><\/td>\n<td style=\"width: 50%; height: 21px;\"><\/td>\n<\/tr>\n<tr style=\"height: 21px;\">\n<td style=\"width: 50%; height: 21px;\"><\/td>\n<td style=\"width: 50%; height: 21px;\"><\/td>\n<\/tr>\n<tr style=\"height: 21px;\">\n<td style=\"width: 50%; height: 21px;\"><\/td>\n<td style=\"width: 50%; height: 21px;\"><\/td>\n<\/tr>\n<\/tbody>\n<\/table>\n<p>&nbsp;<\/p>\n","protected":false},"featured_media":1402,"comment_status":"closed","ping_status":"closed","template":"","meta":{"_acf_changed":false},"product_brand":[],"product_cat":[35,26],"product_tag":[306,165,307,374],"class_list":{"0":"post-1401","1":"product","2":"type-product","3":"status-publish","4":"has-post-thumbnail","6":"product_cat-bia-nhap-khau","7":"product_cat-san-pham-noi-bat","8":"product_tag-bia","9":"product_tag-bia-bi","10":"product_tag-bia-gia-re","11":"product_tag-leffe","13":"first","14":"instock","15":"shipping-taxable","16":"product-type-simple"},"acf":[],"yoast_head":"<!-- This site is optimized with the Yoast SEO plugin v26.8 - https:\/\/yoast.com\/product\/yoast-seo-wordpress\/ -->\n<title>Bia Leffe n\u00e2u Brune 6,5% B\u1ec9 \u2013 th\u00f9ng 24 chai 330ml - R.WINE<\/title>\n<meta name=\"robots\" content=\"noindex, follow\" \/>\n<meta property=\"og:locale\" content=\"vi_VN\" \/>\n<meta property=\"og:type\" content=\"article\" \/>\n<meta property=\"og:title\" content=\"Bia Leffe n\u00e2u Brune 6,5% B\u1ec9 \u2013 th\u00f9ng 24 chai 330ml - R.WINE\" \/>\n<meta property=\"og:description\" content=\"Ph\u00e2n lo\u1ea1i Bia   N\u1ed3ng \u0111\u1ed9 6.5 %   Dung t\u00edch 330ml                &nbsp;\" \/>\n<meta property=\"og:url\" content=\"https:\/\/rwinevietnam.com\/home\/bia-leffe-nau-brune-65-bi-thung-24-chai-330ml\/\" \/>\n<meta property=\"og:site_name\" content=\"R.WINE\" \/>\n<meta property=\"article:modified_time\" content=\"2024-03-21T13:14:12+00:00\" \/>\n<meta property=\"og:image\" content=\"https:\/\/rwinevietnam.com\/home\/wp-content\/uploads\/2024\/03\/429981128_1297920524389092_2456409992043123707_n.jpg\" \/>\n\t<meta property=\"og:image:width\" content=\"1080\" \/>\n\t<meta property=\"og:image:height\" content=\"1080\" \/>\n\t<meta property=\"og:image:type\" content=\"image\/jpeg\" \/>\n<meta name=\"twitter:card\" content=\"summary_large_image\" \/>\n<script type=\"application\/ld+json\" class=\"yoast-schema-graph\">{\"@context\":\"https:\/\/schema.org\",\"@graph\":[{\"@type\":\"WebPage\",\"@id\":\"https:\/\/rwinevietnam.com\/home\/bia-leffe-nau-brune-65-bi-thung-24-chai-330ml\/\",\"url\":\"https:\/\/rwinevietnam.com\/home\/bia-leffe-nau-brune-65-bi-thung-24-chai-330ml\/\",\"name\":\"Bia Leffe n\u00e2u Brune 6,5% B\u1ec9 \u2013 th\u00f9ng 24 chai 330ml - R.WINE\",\"isPartOf\":{\"@id\":\"https:\/\/rwinevietnam.com\/home\/#website\"},\"primaryImageOfPage\":{\"@id\":\"https:\/\/rwinevietnam.com\/home\/bia-leffe-nau-brune-65-bi-thung-24-chai-330ml\/#primaryimage\"},\"image\":{\"@id\":\"https:\/\/rwinevietnam.com\/home\/bia-leffe-nau-brune-65-bi-thung-24-chai-330ml\/#primaryimage\"},\"thumbnailUrl\":\"https:\/\/rwinevietnam.com\/home\/wp-content\/uploads\/2024\/03\/429981128_1297920524389092_2456409992043123707_n.jpg\",\"datePublished\":\"2024-03-21T13:09:59+00:00\",\"dateModified\":\"2024-03-21T13:14:12+00:00\",\"breadcrumb\":{\"@id\":\"https:\/\/rwinevietnam.com\/home\/bia-leffe-nau-brune-65-bi-thung-24-chai-330ml\/#breadcrumb\"},\"inLanguage\":\"vi\",\"potentialAction\":[{\"@type\":\"ReadAction\",\"target\":[\"https:\/\/rwinevietnam.com\/home\/bia-leffe-nau-brune-65-bi-thung-24-chai-330ml\/\"]}]},{\"@type\":\"ImageObject\",\"inLanguage\":\"vi\",\"@id\":\"https:\/\/rwinevietnam.com\/home\/bia-leffe-nau-brune-65-bi-thung-24-chai-330ml\/#primaryimage\",\"url\":\"https:\/\/rwinevietnam.com\/home\/wp-content\/uploads\/2024\/03\/429981128_1297920524389092_2456409992043123707_n.jpg\",\"contentUrl\":\"https:\/\/rwinevietnam.com\/home\/wp-content\/uploads\/2024\/03\/429981128_1297920524389092_2456409992043123707_n.jpg\",\"width\":1080,\"height\":1080},{\"@type\":\"BreadcrumbList\",\"@id\":\"https:\/\/rwinevietnam.com\/home\/bia-leffe-nau-brune-65-bi-thung-24-chai-330ml\/#breadcrumb\",\"itemListElement\":[{\"@type\":\"ListItem\",\"position\":1,\"name\":\"Trang ch\u1ee7\",\"item\":\"https:\/\/rwinevietnam.com\/home\/\"},{\"@type\":\"ListItem\",\"position\":2,\"name\":\"S\u1ea3n ph\u1ea9m\",\"item\":\"https:\/\/rwinevietnam.com\/home\/san-pham\/\"},{\"@type\":\"ListItem\",\"position\":3,\"name\":\"Bia Leffe n\u00e2u Brune 6,5% B\u1ec9 \u2013 th\u00f9ng 24 chai 330ml\"}]},{\"@type\":\"WebSite\",\"@id\":\"https:\/\/rwinevietnam.com\/home\/#website\",\"url\":\"https:\/\/rwinevietnam.com\/home\/\",\"name\":\"R.WINE\",\"description\":\"C\u00d4NG TY C\u1ed4 PH\u1ea6N XU\u1ea4T KH\u1ea8U NH\u1eacP KH\u1ea8U\",\"potentialAction\":[{\"@type\":\"SearchAction\",\"target\":{\"@type\":\"EntryPoint\",\"urlTemplate\":\"https:\/\/rwinevietnam.com\/home\/?s={search_term_string}\"},\"query-input\":{\"@type\":\"PropertyValueSpecification\",\"valueRequired\":true,\"valueName\":\"search_term_string\"}}],\"inLanguage\":\"vi\"}]}<\/script>\n<!-- \/ Yoast SEO plugin. -->","yoast_head_json":{"title":"Bia Leffe n\u00e2u Brune 6,5% B\u1ec9 \u2013 th\u00f9ng 24 chai 330ml - R.WINE","robots":{"index":"noindex","follow":"follow"},"og_locale":"vi_VN","og_type":"article","og_title":"Bia Leffe n\u00e2u Brune 6,5% B\u1ec9 \u2013 th\u00f9ng 24 chai 330ml - R.WINE","og_description":"Ph\u00e2n lo\u1ea1i Bia   N\u1ed3ng \u0111\u1ed9 6.5 %   Dung t\u00edch 330ml                &nbsp;","og_url":"https:\/\/rwinevietnam.com\/home\/bia-leffe-nau-brune-65-bi-thung-24-chai-330ml\/","og_site_name":"R.WINE","article_modified_time":"2024-03-21T13:14:12+00:00","og_image":[{"width":1080,"height":1080,"url":"https:\/\/rwinevietnam.com\/home\/wp-content\/uploads\/2024\/03\/429981128_1297920524389092_2456409992043123707_n.jpg","type":"image\/jpeg"}],"twitter_card":"summary_large_image","schema":{"@context":"https:\/\/schema.org","@graph":[{"@type":"WebPage","@id":"https:\/\/rwinevietnam.com\/home\/bia-leffe-nau-brune-65-bi-thung-24-chai-330ml\/","url":"https:\/\/rwinevietnam.com\/home\/bia-leffe-nau-brune-65-bi-thung-24-chai-330ml\/","name":"Bia Leffe n\u00e2u Brune 6,5% B\u1ec9 \u2013 th\u00f9ng 24 chai 330ml - R.WINE","isPartOf":{"@id":"https:\/\/rwinevietnam.com\/home\/#website"},"primaryImageOfPage":{"@id":"https:\/\/rwinevietnam.com\/home\/bia-leffe-nau-brune-65-bi-thung-24-chai-330ml\/#primaryimage"},"image":{"@id":"https:\/\/rwinevietnam.com\/home\/bia-leffe-nau-brune-65-bi-thung-24-chai-330ml\/#primaryimage"},"thumbnailUrl":"https:\/\/rwinevietnam.com\/home\/wp-content\/uploads\/2024\/03\/429981128_1297920524389092_2456409992043123707_n.jpg","datePublished":"2024-03-21T13:09:59+00:00","dateModified":"2024-03-21T13:14:12+00:00","breadcrumb":{"@id":"https:\/\/rwinevietnam.com\/home\/bia-leffe-nau-brune-65-bi-thung-24-chai-330ml\/#breadcrumb"},"inLanguage":"vi","potentialAction":[{"@type":"ReadAction","target":["https:\/\/rwinevietnam.com\/home\/bia-leffe-nau-brune-65-bi-thung-24-chai-330ml\/"]}]},{"@type":"ImageObject","inLanguage":"vi","@id":"https:\/\/rwinevietnam.com\/home\/bia-leffe-nau-brune-65-bi-thung-24-chai-330ml\/#primaryimage","url":"https:\/\/rwinevietnam.com\/home\/wp-content\/uploads\/2024\/03\/429981128_1297920524389092_2456409992043123707_n.jpg","contentUrl":"https:\/\/rwinevietnam.com\/home\/wp-content\/uploads\/2024\/03\/429981128_1297920524389092_2456409992043123707_n.jpg","width":1080,"height":1080},{"@type":"BreadcrumbList","@id":"https:\/\/rwinevietnam.com\/home\/bia-leffe-nau-brune-65-bi-thung-24-chai-330ml\/#breadcrumb","itemListElement":[{"@type":"ListItem","position":1,"name":"Trang ch\u1ee7","item":"https:\/\/rwinevietnam.com\/home\/"},{"@type":"ListItem","position":2,"name":"S\u1ea3n ph\u1ea9m","item":"https:\/\/rwinevietnam.com\/home\/san-pham\/"},{"@type":"ListItem","position":3,"name":"Bia Leffe n\u00e2u Brune 6,5% B\u1ec9 \u2013 th\u00f9ng 24 chai 330ml"}]},{"@type":"WebSite","@id":"https:\/\/rwinevietnam.com\/home\/#website","url":"https:\/\/rwinevietnam.com\/home\/","name":"R.WINE","description":"C\u00d4NG TY C\u1ed4 PH\u1ea6N XU\u1ea4T KH\u1ea8U NH\u1eacP KH\u1ea8U","potentialAction":[{"@type":"SearchAction","target":{"@type":"EntryPoint","urlTemplate":"https:\/\/rwinevietnam.com\/home\/?s={search_term_string}"},"query-input":{"@type":"PropertyValueSpecification","valueRequired":true,"valueName":"search_term_string"}}],"inLanguage":"vi"}]}},"_links":{"self":[{"href":"https:\/\/rwinevietnam.com\/home\/wp-json\/wp\/v2\/product\/1401","targetHints":{"allow":["GET"]}}],"collection":[{"href":"https:\/\/rwinevietnam.com\/home\/wp-json\/wp\/v2\/product"}],"about":[{"href":"https:\/\/rwinevietnam.com\/home\/wp-json\/wp\/v2\/types\/product"}],"replies":[{"embeddable":true,"href":"https:\/\/rwinevietnam.com\/home\/wp-json\/wp\/v2\/comments?post=1401"}],"wp:featuredmedia":[{"embeddable":true,"href":"https:\/\/rwinevietnam.com\/home\/wp-json\/wp\/v2\/media\/1402"}],"wp:attachment":[{"href":"https:\/\/rwinevietnam.com\/home\/wp-json\/wp\/v2\/media?parent=1401"}],"wp:term":[{"taxonomy":"product_brand","embeddable":true,"href":"https:\/\/rwinevietnam.com\/home\/wp-json\/wp\/v2\/product_brand?post=1401"},{"taxonomy":"product_cat","embeddable":true,"href":"https:\/\/rwinevietnam.com\/home\/wp-json\/wp\/v2\/product_cat?post=1401"},{"taxonomy":"product_tag","embeddable":true,"href":"https:\/\/rwinevietnam.com\/home\/wp-json\/wp\/v2\/product_tag?post=1401"}],"curies":[{"name":"wp","href":"https:\/\/api.w.org\/{rel}","templated":true}]}}