{"id":1397,"date":"2024-03-21T12:31:48","date_gmt":"2024-03-21T12:31:48","guid":{"rendered":"https:\/\/rwinevietnam.com\/home\/?post_type=product&#038;p=1397"},"modified":"2024-03-21T12:52:23","modified_gmt":"2024-03-21T12:52:23","slug":"bia-1664-kronenbourg-blanc-5","status":"publish","type":"product","link":"https:\/\/rwinevietnam.com\/home\/bia-1664-kronenbourg-blanc-5\/","title":{"rendered":"Bia 1664 Kronenbourg Blanc 5%"},"content":{"rendered":"<ul>\n<li><b>\u0110\u1ed9 c\u1ed3n<\/b>: 5% abv<\/li>\n<li><strong>Phong c\u00e1ch:\u00a0<\/strong>bia l\u00faa m\u1ef3<\/li>\n<li><b>Quy c\u00e1ch<\/b>: th\u00f9ng 24 lon 330 ml<\/li>\n<li><strong>B\u1ea3o qu\u1ea3n:<\/strong>\u00a0B\u1ea3o qu\u1ea3n n\u01a1i kh\u00f4 r\u00e1o, tho\u00e1ng m\u00e1t, tr\u00e1nh \u00e1nh n\u1eafng m\u1eb7t tr\u1eddi.<\/li>\n<\/ul>\n<p><img loading=\"lazy\" decoding=\"async\" class=\"aligncenter size-full wp-image-1398\" src=\"https:\/\/rwinevietnam.com\/home\/wp-content\/uploads\/2024\/03\/2c8641994ee71af2f66a4c262414beb1.jpg.webp\" alt=\"\" width=\"750\" height=\"750\" srcset=\"https:\/\/rwinevietnam.com\/home\/wp-content\/uploads\/2024\/03\/2c8641994ee71af2f66a4c262414beb1.jpg.webp 750w, https:\/\/rwinevietnam.com\/home\/wp-content\/uploads\/2024\/03\/2c8641994ee71af2f66a4c262414beb1.jpg-300x300.webp 300w, https:\/\/rwinevietnam.com\/home\/wp-content\/uploads\/2024\/03\/2c8641994ee71af2f66a4c262414beb1.jpg-150x150.webp 150w, https:\/\/rwinevietnam.com\/home\/wp-content\/uploads\/2024\/03\/2c8641994ee71af2f66a4c262414beb1.jpg-600x600.webp 600w, https:\/\/rwinevietnam.com\/home\/wp-content\/uploads\/2024\/03\/2c8641994ee71af2f66a4c262414beb1.jpg-100x100.webp 100w\" sizes=\"auto, (max-width: 750px) 100vw, 750px\" \/><\/p>\n<p>&nbsp;<\/p>\n<p>Bia Kronenbourg 1664 Blanc l\u00e0 m\u1ed9t lo\u1ea1i bia l\u00faa m\u00ec hi\u1ec7n \u0111\u1ea1i, c\u00f3 h\u01b0\u01a1ng v\u1ecb tr\u00e1i c\u00e2y t\u01b0\u01a1i m\u00e1t. V\u1edbi m\u00f9i v\u1ecb v\u00e0 v\u1ebb ngo\u00e0i \u0111\u1ed9c \u0111\u00e1o, bia Kronenbourg1664 Blanc h\u1ea5p d\u1eabn ng\u01b0\u1eddi ti\u00eau d\u00f9ng tr\u00ean to\u00e0n th\u1ebf gi\u1edbi. Bia c\u00f3 m\u1ed9t v\u1ecb ng\u1ecdt ng\u00e0o v\u00e0 t\u01b0\u01a1i m\u00e1t kh\u00f4ng th\u1ec3 b\u1eaft ch\u01b0\u1edbc, k\u1ebft h\u1ee3p gi\u1eefa m\u00f9i h\u01b0\u01a1ng thoang tho\u1ea3ng c\u1ee7a cam qu\u00fdt v\u00e0 m\u00f9i gia v\u1ecb (rau m\u00f9i) \u0111\u01b0\u1ee3c s\u1eed d\u1ee5ng trong qu\u00e1 tr\u00ecnh s\u1ea3n xu\u1ea5t bia. V\u1edbi h\u01b0\u01a1ng v\u1ecb v\u00e0 thi\u1ebft k\u1ebf c\u1ee7a n\u00f3, bia 1664 Blanc th\u1ec3 hi\u1ec7n s\u1ef1 thanh l\u1ecbch v\u00e0 h\u00e0o hoa c\u1ee7a n\u01b0\u1edbc Ph\u00e1p. B\u1ea3n s\u1eafc hi\u1ec7n \u0111\u1ea1i c\u1ee7a Kronenbourg 1664 Blanc, \u0111\u01b0\u1ee3c th\u1ec3 hi\u1ec7n ho\u00e0n h\u1ea3o b\u1edfi chai m\u00e0u xanh s\u00e1ng b\u00f3ng \u0111\u1ed9c \u0111\u00e1o.<\/p>\n","protected":false},"excerpt":{"rendered":"<table style=\"border-collapse: collapse; width: 100%; height: 147px;\">\n<tbody>\n<tr style=\"height: 21px;\">\n<td style=\"width: 50%; height: 21px;\"><\/td>\n<td style=\"width: 50%; height: 21px;\"><\/td>\n<\/tr>\n<tr style=\"height: 21px;\">\n<td style=\"width: 50%; height: 21px;\">Ph\u00e2n lo\u1ea1i<\/td>\n<td style=\"width: 50%; height: 21px;\">Bia<\/td>\n<\/tr>\n<tr style=\"height: 21px;\">\n<td style=\"width: 50%; height: 21px;\">N\u1ed3ng \u0111\u1ed9<\/td>\n<td style=\"width: 50%; height: 21px;\">5%<\/td>\n<\/tr>\n<tr style=\"height: 21px;\">\n<td style=\"width: 50%; height: 21px;\">Dung t\u00edch<\/td>\n<td style=\"width: 50%; height: 21px;\">330ml<\/td>\n<\/tr>\n<tr style=\"height: 21px;\">\n<td style=\"width: 50%; height: 21px;\"><\/td>\n<td style=\"width: 50%; height: 21px;\"><\/td>\n<\/tr>\n<tr style=\"height: 21px;\">\n<td style=\"width: 50%; height: 21px;\"><\/td>\n<td style=\"width: 50%; height: 21px;\"><\/td>\n<\/tr>\n<tr style=\"height: 21px;\">\n<td style=\"width: 50%; height: 21px;\"><\/td>\n<td style=\"width: 50%; height: 21px;\"><\/td>\n<\/tr>\n<\/tbody>\n<\/table>\n<p>&nbsp;<\/p>\n","protected":false},"featured_media":1399,"comment_status":"closed","ping_status":"closed","template":"","meta":{"_acf_changed":false},"product_brand":[],"product_cat":[35,26],"product_tag":[372,306,307,373],"class_list":{"0":"post-1397","1":"product","2":"type-product","3":"status-publish","4":"has-post-thumbnail","6":"product_cat-bia-nhap-khau","7":"product_cat-san-pham-noi-bat","8":"product_tag-372","9":"product_tag-bia","10":"product_tag-bia-gia-re","11":"product_tag-blanc","13":"first","14":"instock","15":"shipping-taxable","16":"product-type-simple"},"acf":[],"yoast_head":"<!-- This site is optimized with the Yoast SEO plugin v26.8 - https:\/\/yoast.com\/product\/yoast-seo-wordpress\/ -->\n<title>Bia 1664 Kronenbourg Blanc 5% - R.WINE<\/title>\n<meta name=\"robots\" content=\"noindex, follow\" \/>\n<meta property=\"og:locale\" content=\"vi_VN\" \/>\n<meta property=\"og:type\" content=\"article\" \/>\n<meta property=\"og:title\" content=\"Bia 1664 Kronenbourg Blanc 5% - R.WINE\" \/>\n<meta property=\"og:description\" content=\"Ph\u00e2n lo\u1ea1i Bia   N\u1ed3ng \u0111\u1ed9 5%   Dung t\u00edch 330ml                &nbsp;\" \/>\n<meta property=\"og:url\" content=\"https:\/\/rwinevietnam.com\/home\/bia-1664-kronenbourg-blanc-5\/\" \/>\n<meta property=\"og:site_name\" content=\"R.WINE\" \/>\n<meta property=\"article:modified_time\" content=\"2024-03-21T12:52:23+00:00\" \/>\n<meta property=\"og:image\" content=\"https:\/\/rwinevietnam.com\/home\/wp-content\/uploads\/2024\/03\/8a4258f20fc97718e450ccf2d2ab878a.jpg.webp\" \/>\n\t<meta property=\"og:image:width\" content=\"750\" \/>\n\t<meta property=\"og:image:height\" content=\"750\" \/>\n\t<meta property=\"og:image:type\" content=\"image\/webp\" \/>\n<meta name=\"twitter:card\" content=\"summary_large_image\" \/>\n<script type=\"application\/ld+json\" class=\"yoast-schema-graph\">{\"@context\":\"https:\/\/schema.org\",\"@graph\":[{\"@type\":\"WebPage\",\"@id\":\"https:\/\/rwinevietnam.com\/home\/bia-1664-kronenbourg-blanc-5\/\",\"url\":\"https:\/\/rwinevietnam.com\/home\/bia-1664-kronenbourg-blanc-5\/\",\"name\":\"Bia 1664 Kronenbourg Blanc 5% - R.WINE\",\"isPartOf\":{\"@id\":\"https:\/\/rwinevietnam.com\/home\/#website\"},\"primaryImageOfPage\":{\"@id\":\"https:\/\/rwinevietnam.com\/home\/bia-1664-kronenbourg-blanc-5\/#primaryimage\"},\"image\":{\"@id\":\"https:\/\/rwinevietnam.com\/home\/bia-1664-kronenbourg-blanc-5\/#primaryimage\"},\"thumbnailUrl\":\"https:\/\/rwinevietnam.com\/home\/wp-content\/uploads\/2024\/03\/8a4258f20fc97718e450ccf2d2ab878a.jpg.webp\",\"datePublished\":\"2024-03-21T12:31:48+00:00\",\"dateModified\":\"2024-03-21T12:52:23+00:00\",\"breadcrumb\":{\"@id\":\"https:\/\/rwinevietnam.com\/home\/bia-1664-kronenbourg-blanc-5\/#breadcrumb\"},\"inLanguage\":\"vi\",\"potentialAction\":[{\"@type\":\"ReadAction\",\"target\":[\"https:\/\/rwinevietnam.com\/home\/bia-1664-kronenbourg-blanc-5\/\"]}]},{\"@type\":\"ImageObject\",\"inLanguage\":\"vi\",\"@id\":\"https:\/\/rwinevietnam.com\/home\/bia-1664-kronenbourg-blanc-5\/#primaryimage\",\"url\":\"https:\/\/rwinevietnam.com\/home\/wp-content\/uploads\/2024\/03\/8a4258f20fc97718e450ccf2d2ab878a.jpg.webp\",\"contentUrl\":\"https:\/\/rwinevietnam.com\/home\/wp-content\/uploads\/2024\/03\/8a4258f20fc97718e450ccf2d2ab878a.jpg.webp\",\"width\":750,\"height\":750},{\"@type\":\"BreadcrumbList\",\"@id\":\"https:\/\/rwinevietnam.com\/home\/bia-1664-kronenbourg-blanc-5\/#breadcrumb\",\"itemListElement\":[{\"@type\":\"ListItem\",\"position\":1,\"name\":\"Trang ch\u1ee7\",\"item\":\"https:\/\/rwinevietnam.com\/home\/\"},{\"@type\":\"ListItem\",\"position\":2,\"name\":\"S\u1ea3n ph\u1ea9m\",\"item\":\"https:\/\/rwinevietnam.com\/home\/san-pham\/\"},{\"@type\":\"ListItem\",\"position\":3,\"name\":\"Bia 1664 Kronenbourg Blanc 5%\"}]},{\"@type\":\"WebSite\",\"@id\":\"https:\/\/rwinevietnam.com\/home\/#website\",\"url\":\"https:\/\/rwinevietnam.com\/home\/\",\"name\":\"R.WINE\",\"description\":\"C\u00d4NG TY C\u1ed4 PH\u1ea6N XU\u1ea4T KH\u1ea8U NH\u1eacP KH\u1ea8U\",\"potentialAction\":[{\"@type\":\"SearchAction\",\"target\":{\"@type\":\"EntryPoint\",\"urlTemplate\":\"https:\/\/rwinevietnam.com\/home\/?s={search_term_string}\"},\"query-input\":{\"@type\":\"PropertyValueSpecification\",\"valueRequired\":true,\"valueName\":\"search_term_string\"}}],\"inLanguage\":\"vi\"}]}<\/script>\n<!-- \/ Yoast SEO plugin. -->","yoast_head_json":{"title":"Bia 1664 Kronenbourg Blanc 5% - R.WINE","robots":{"index":"noindex","follow":"follow"},"og_locale":"vi_VN","og_type":"article","og_title":"Bia 1664 Kronenbourg Blanc 5% - R.WINE","og_description":"Ph\u00e2n lo\u1ea1i Bia   N\u1ed3ng \u0111\u1ed9 5%   Dung t\u00edch 330ml                &nbsp;","og_url":"https:\/\/rwinevietnam.com\/home\/bia-1664-kronenbourg-blanc-5\/","og_site_name":"R.WINE","article_modified_time":"2024-03-21T12:52:23+00:00","og_image":[{"width":750,"height":750,"url":"https:\/\/rwinevietnam.com\/home\/wp-content\/uploads\/2024\/03\/8a4258f20fc97718e450ccf2d2ab878a.jpg.webp","type":"image\/webp"}],"twitter_card":"summary_large_image","schema":{"@context":"https:\/\/schema.org","@graph":[{"@type":"WebPage","@id":"https:\/\/rwinevietnam.com\/home\/bia-1664-kronenbourg-blanc-5\/","url":"https:\/\/rwinevietnam.com\/home\/bia-1664-kronenbourg-blanc-5\/","name":"Bia 1664 Kronenbourg Blanc 5% - R.WINE","isPartOf":{"@id":"https:\/\/rwinevietnam.com\/home\/#website"},"primaryImageOfPage":{"@id":"https:\/\/rwinevietnam.com\/home\/bia-1664-kronenbourg-blanc-5\/#primaryimage"},"image":{"@id":"https:\/\/rwinevietnam.com\/home\/bia-1664-kronenbourg-blanc-5\/#primaryimage"},"thumbnailUrl":"https:\/\/rwinevietnam.com\/home\/wp-content\/uploads\/2024\/03\/8a4258f20fc97718e450ccf2d2ab878a.jpg.webp","datePublished":"2024-03-21T12:31:48+00:00","dateModified":"2024-03-21T12:52:23+00:00","breadcrumb":{"@id":"https:\/\/rwinevietnam.com\/home\/bia-1664-kronenbourg-blanc-5\/#breadcrumb"},"inLanguage":"vi","potentialAction":[{"@type":"ReadAction","target":["https:\/\/rwinevietnam.com\/home\/bia-1664-kronenbourg-blanc-5\/"]}]},{"@type":"ImageObject","inLanguage":"vi","@id":"https:\/\/rwinevietnam.com\/home\/bia-1664-kronenbourg-blanc-5\/#primaryimage","url":"https:\/\/rwinevietnam.com\/home\/wp-content\/uploads\/2024\/03\/8a4258f20fc97718e450ccf2d2ab878a.jpg.webp","contentUrl":"https:\/\/rwinevietnam.com\/home\/wp-content\/uploads\/2024\/03\/8a4258f20fc97718e450ccf2d2ab878a.jpg.webp","width":750,"height":750},{"@type":"BreadcrumbList","@id":"https:\/\/rwinevietnam.com\/home\/bia-1664-kronenbourg-blanc-5\/#breadcrumb","itemListElement":[{"@type":"ListItem","position":1,"name":"Trang ch\u1ee7","item":"https:\/\/rwinevietnam.com\/home\/"},{"@type":"ListItem","position":2,"name":"S\u1ea3n ph\u1ea9m","item":"https:\/\/rwinevietnam.com\/home\/san-pham\/"},{"@type":"ListItem","position":3,"name":"Bia 1664 Kronenbourg Blanc 5%"}]},{"@type":"WebSite","@id":"https:\/\/rwinevietnam.com\/home\/#website","url":"https:\/\/rwinevietnam.com\/home\/","name":"R.WINE","description":"C\u00d4NG TY C\u1ed4 PH\u1ea6N XU\u1ea4T KH\u1ea8U NH\u1eacP KH\u1ea8U","potentialAction":[{"@type":"SearchAction","target":{"@type":"EntryPoint","urlTemplate":"https:\/\/rwinevietnam.com\/home\/?s={search_term_string}"},"query-input":{"@type":"PropertyValueSpecification","valueRequired":true,"valueName":"search_term_string"}}],"inLanguage":"vi"}]}},"_links":{"self":[{"href":"https:\/\/rwinevietnam.com\/home\/wp-json\/wp\/v2\/product\/1397","targetHints":{"allow":["GET"]}}],"collection":[{"href":"https:\/\/rwinevietnam.com\/home\/wp-json\/wp\/v2\/product"}],"about":[{"href":"https:\/\/rwinevietnam.com\/home\/wp-json\/wp\/v2\/types\/product"}],"replies":[{"embeddable":true,"href":"https:\/\/rwinevietnam.com\/home\/wp-json\/wp\/v2\/comments?post=1397"}],"wp:featuredmedia":[{"embeddable":true,"href":"https:\/\/rwinevietnam.com\/home\/wp-json\/wp\/v2\/media\/1399"}],"wp:attachment":[{"href":"https:\/\/rwinevietnam.com\/home\/wp-json\/wp\/v2\/media?parent=1397"}],"wp:term":[{"taxonomy":"product_brand","embeddable":true,"href":"https:\/\/rwinevietnam.com\/home\/wp-json\/wp\/v2\/product_brand?post=1397"},{"taxonomy":"product_cat","embeddable":true,"href":"https:\/\/rwinevietnam.com\/home\/wp-json\/wp\/v2\/product_cat?post=1397"},{"taxonomy":"product_tag","embeddable":true,"href":"https:\/\/rwinevietnam.com\/home\/wp-json\/wp\/v2\/product_tag?post=1397"}],"curies":[{"name":"wp","href":"https:\/\/api.w.org\/{rel}","templated":true}]}}