{"id":1343,"date":"2024-02-18T09:08:35","date_gmt":"2024-02-18T09:08:35","guid":{"rendered":"https:\/\/rwinevietnam.com\/home\/?post_type=product&#038;p=1343"},"modified":"2024-02-18T09:15:57","modified_gmt":"2024-02-18T09:15:57","slug":"ruou-vang-y-collefriso-golf-limited-edition","status":"publish","type":"product","link":"https:\/\/rwinevietnam.com\/home\/ruou-vang-y-collefriso-golf-limited-edition\/","title":{"rendered":"R\u01b0\u1ee3u Vang \u00dd Collefriso Golf Limited Edition"},"content":{"rendered":"<p><span style=\"font-size: 140%;\"><strong>R\u01b0\u1ee3u vang Collefriso Golf Limited Edition<\/strong>\u00a0l\u00e0 m\u1ed9t lo\u1ea1i r\u01b0\u1ee3u vang \u0111\u1eb7c bi\u1ec7t \u0111\u01b0\u1ee3c s\u1ea3n xu\u1ea5t b\u1edfi h\u00e3ng Collefriso. \u0110\u01b0\u1ee3c l\u00e0m t\u1eeb nh\u1eefng tr\u00e1i nho ch\u1ea5t l\u01b0\u1ee3ng cao, r\u01b0\u1ee3u vang n\u00e0y mang \u0111\u1ebfn m\u1ed9t tr\u1ea3i nghi\u1ec7m \u0111\u1ed9c \u0111\u00e1o v\u00e0 \u0111\u1eb3ng c\u1ea5p cho ng\u01b0\u1eddi th\u01b0\u1edfng th\u1ee9c. V\u1edbi vi\u1ec7c gi\u1edbi h\u1ea1n s\u1ed1 l\u01b0\u1ee3ng s\u1ea3n xu\u1ea5t, r\u01b0\u1ee3u vang Collefriso Golf Limited Edition tr\u1edf th\u00e0nh m\u1ed9t s\u1ea3n ph\u1ea9m \u0111\u1ed9c quy\u1ec1n v\u00e0 \u0111\u00e1ng s\u0103n \u0111\u00f3n trong gi\u1edbi y\u00eau r\u01b0\u1ee3u.<\/span><\/p>\n<p><span style=\"font-size: 140%;\">\u0110\u1eb7c \u0111i\u1ec3m n\u1ed5i b\u1eadt c\u1ee7a r\u01b0\u1ee3u vang n\u00e0y l\u00e0 h\u01b0\u01a1ng v\u1ecb phong ph\u00fa v\u00e0 \u0111a d\u1ea1ng. T\u1eeb h\u01b0\u01a1ng th\u01a1m c\u1ee7a qu\u1ea3 m\u1ecdng \u0111\u1ecf nh\u01b0 anh \u0111\u00e0o, m\u00e2m x\u00f4i, cho \u0111\u1ebfn h\u01b0\u01a1ng v\u1ecb c\u1ee7a vani v\u00e0 g\u1ed7 s\u1ed3i, t\u1ea5t c\u1ea3 h\u00f2a quy\u1ec7n v\u1edbi nhau t\u1ea1o n\u00ean m\u1ed9t h\u01b0\u01a1ng v\u1ecb \u0111\u1eb7c tr\u01b0ng v\u00e0 tinh t\u1ebf. \u0110i\u1ec1u n\u00e0y khi\u1ebfn r\u01b0\u1ee3u vang Collefriso Golf Limited Edition tr\u1edf th\u00e0nh m\u1ed9t l\u1ef1a ch\u1ecdn tuy\u1ec7t v\u1eddi cho nh\u1eefng bu\u1ed5i li\u00ean hoan, ti\u1ec7c t\u00f9ng ho\u1eb7c nh\u1eefng d\u1ecbp \u0111\u1eb7c bi\u1ec7t.<\/span><\/p>\n<p><span style=\"font-size: 140%;\">Ngo\u00e0i ra,<strong>\u00a0r\u01b0\u1ee3u vang Collefriso Golf Limited Edition<\/strong>\u00a0c\u00f2n \u0111\u01b0\u1ee3c thi\u1ebft k\u1ec1 b\u1eb1ng m\u1ed9t chai thu\u1ef7 tinh c\u00f3 v\u1ecf kh\u00e1 ch\u1eafc ch\u1eafn. V\u1edbi m\u00e0u s\u1eafc \u0111en sang tr\u1ecdng v\u00e0 \u0111\u1eb3ng c\u1ea5p, chai r\u01b0\u1ee3u vang n\u00e0y kh\u00f4ng ch\u1ec9 l\u00e0 m\u1ed9t s\u1ea3n ph\u1ea9m th\u01b0\u1edfng th\u1ee9c m\u00e0 c\u00f2n l\u00e0 m\u1ed9t v\u1eadt trang tr\u00ed tuy\u1ec7t \u0111\u1eb9p trong kh\u00f4ng gian s\u1ed1ng. V\u1edbi s\u1ef1 k\u1ebft h\u1ee3p ho\u00e0n h\u1ea3o gi\u1eefa h\u01b0\u01a1ng v\u1ecb v\u00e0 thi\u1ebft k\u1ebf, r\u01b0\u1ee3u vang Collefriso Golf Limited Edition ch\u1eafc ch\u1eafn s\u1ebd l\u00e0m h\u00e0i l\u00f2ng c\u1ea3 nh\u1eefng th\u01b0\u1ee3ng \u0111\u1ebf r\u01b0\u1ee3u vang kh\u00f3 t\u00ednh nh\u1ea5t.<\/span><\/p>\n<p><span style=\"font-size: 140%;\">V\u1edbi nh\u1eefng \u0111\u1eb7c \u0111i\u1ec3m n\u1ed5i b\u1eadt v\u00e0 s\u1ef1 \u0111\u1ed9c \u0111\u00e1o c\u1ee7a m\u00ecnh, r\u01b0\u1ee3u vang Collefriso Golf Limited Edition kh\u00f4ng ch\u1ec9 l\u00e0 m\u1ed9t s\u1ea3n ph\u1ea9m th\u01b0\u1edfng th\u1ee9c m\u00e0 c\u00f2n l\u00e0 m\u1ed9t t\u00e1c ph\u1ea9m ngh\u1ec7 thu\u1eadt. N\u1ebfu b\u1ea1n l\u00e0 m\u1ed9t ng\u01b0\u1eddi y\u00eau th\u01b0\u1edfng th\u1ee9c r\u01b0\u1ee3u vang v\u00e0 \u0111ang t\u00ecm ki\u1ebfm m\u1ed9t tr\u1ea3i nghi\u1ec7m m\u1edbi m\u1ebb, h\u00e3y th\u1eed r\u01b0\u1ee3u vang Collefriso Golf Limited Edition v\u00e0 kh\u00e1m ph\u00e1 th\u1ebf gi\u1edbi h\u01b0\u01a1ng v\u1ecb tuy\u1ec7t v\u1eddi m\u00e0 n\u00f3 mang \u0111\u1ebfn.<\/span><\/p>\n<p>&nbsp;<\/p>\n<p><img loading=\"lazy\" decoding=\"async\" class=\"aligncenter wp-image-1345\" src=\"https:\/\/rwinevietnam.com\/home\/wp-content\/uploads\/2024\/02\/IMG_7412-1024x768.jpeg\" alt=\"\" width=\"515\" height=\"386\" srcset=\"https:\/\/rwinevietnam.com\/home\/wp-content\/uploads\/2024\/02\/IMG_7412-1024x768.jpeg 1024w, https:\/\/rwinevietnam.com\/home\/wp-content\/uploads\/2024\/02\/IMG_7412-300x225.jpeg 300w, https:\/\/rwinevietnam.com\/home\/wp-content\/uploads\/2024\/02\/IMG_7412-768x576.jpeg 768w, https:\/\/rwinevietnam.com\/home\/wp-content\/uploads\/2024\/02\/IMG_7412-1536x1152.jpeg 1536w, https:\/\/rwinevietnam.com\/home\/wp-content\/uploads\/2024\/02\/IMG_7412-600x450.jpeg 600w, https:\/\/rwinevietnam.com\/home\/wp-content\/uploads\/2024\/02\/IMG_7412.jpeg 2048w\" sizes=\"auto, (max-width: 515px) 100vw, 515px\" \/><\/p>\n<p>&nbsp;<\/p>\n<p>&nbsp;<\/p>\n<p><span style=\"font-size: 140%;\"><strong>Gi\u1edbi thi\u1ec7u v\u1ec1 l\u1ea1i nh\u00e0 l\u00e0m r\u01b0\u1ee3u Collefrisio CF<\/strong><\/span><\/p>\n<p><span style=\"font-size: 140%;\">Collefrisio l\u00e0 1 trong nh\u1eefng \u0111\u01a1n v\u1ecb ph\u00e2n ph\u1ed1i r\u01b0\u1ee3u n\u1ed5i ti\u1ebfng t\u1ea1i v\u00f9ng Abruzzo, khu v\u1ef1c mi\u1ec1n trung n\u01b0\u1edbc \u00dd. \u0110\u01a1n v\u1ecb s\u1ea3n xu\u1ea5t n\u00e0y \u0111\u01b0\u1ee3c Th\u00e0nh l\u1eadp v\u00e0 ho\u1ea1t \u0111\u1ed9ng v\u00e0o n\u0103m 1998 b\u1edfi hai ng\u01b0\u1eddi b\u1ea1n tr\u1ebb Luca v\u00e0 Antonio v\u1edbi mong mu\u1ed1n t\u1ea1o th\u00e0nh c\u00e1c chai r\u01b0\u1ee3u \u0111\u1eb7c bi\u1ec7t quan tr\u1ecdng t\u1eeb nh\u1eefng gi\u1ed1ng nho c\u1ed5 \u0111i\u1ec3n c\u1ee7a v\u00f9ng Abruzzo.<\/span><\/p>\n<p><span style=\"font-size: 140%;\">V\u1edbi vi\u1ec7c t\u1eadn t\u00e2m v\u00e0 n\u1ed7 l\u1ef1c kh\u00f4ng ng\u1eebng, Collefrisio \u0111\u00e3 bi\u1ebfn \u0111\u1ed5i th\u00e0nh M\u1ed9t trong nh\u1eefng \u0111\u01a1n v\u1ecb ph\u00e2n ph\u1ed1i r\u01b0\u1ee3u h\u00e0ng \u0111\u1ea7u t\u1ea1i \u00dd v\u00e0 \u0111\u01b0\u1ee3c \u0111\u00e1nh gi\u00e1 cao v\u1ec1 ch\u1ea5t l\u01b0\u1ee3ng v\u00e0 s\u1ef1 \u0111a ch\u1ee7ng lo\u1ea1i c\u1ee7a c\u00e1c d\u00f2ng s\u1ea3n ph\u1ea9m r\u01b0\u1ee3u \u0111\u1ecf, r\u01b0\u1ee3u tr\u1eafng v\u00e0 r\u01b0\u1ee3u h\u1ed3ng c\u1ee7a b\u1ea3n th\u00e2n. T\u1eeb nh\u1eefng nguy\u00ean li\u1ec7u r\u1ea5t t\u1ed1t, k\u1ebft ph\u00f9 h\u1ee3p v\u1edbi s\u1ef1 \u0111i\u1ec1u h\u00e0nh v\u00e0 ki\u1ec3m so\u00e1t ch\u1eb7t ch\u1ebd trong th\u1eddi gian l\u00e0m ra. R\u01b0\u1ee3u Collefrisio \u0111em l\u1ea1i cho nh\u1eefng ng\u01b0\u1eddi h\u01b0\u1edfng th\u1ee5 c\u00e1c Tr\u1ea3i Nghi\u1ec7m tuy\u1ec7t h\u1ea3o v\u1ec1 h\u01b0\u01a1ng v\u1ecb v\u00e0 m\u00f9i th\u01a1m.<\/span><\/p>\n<p>&nbsp;<\/p>\n<p><img loading=\"lazy\" decoding=\"async\" class=\"aligncenter wp-image-1346\" src=\"https:\/\/rwinevietnam.com\/home\/wp-content\/uploads\/2024\/02\/IMG_7411-1024x914.jpeg\" alt=\"\" width=\"536\" height=\"478\" srcset=\"https:\/\/rwinevietnam.com\/home\/wp-content\/uploads\/2024\/02\/IMG_7411-1024x914.jpeg 1024w, https:\/\/rwinevietnam.com\/home\/wp-content\/uploads\/2024\/02\/IMG_7411-300x268.jpeg 300w, https:\/\/rwinevietnam.com\/home\/wp-content\/uploads\/2024\/02\/IMG_7411-768x686.jpeg 768w, https:\/\/rwinevietnam.com\/home\/wp-content\/uploads\/2024\/02\/IMG_7411-1536x1371.jpeg 1536w, https:\/\/rwinevietnam.com\/home\/wp-content\/uploads\/2024\/02\/IMG_7411-600x536.jpeg 600w, https:\/\/rwinevietnam.com\/home\/wp-content\/uploads\/2024\/02\/IMG_7411.jpeg 1876w\" sizes=\"auto, (max-width: 536px) 100vw, 536px\" \/><\/p>\n<p>&nbsp;<\/p>\n<p><span style=\"font-size: 140%;\"><strong>Vang \u0111\u1ecf \u00dd CF Golf Phi\u00ean b\u1ea3n gi\u1edbi h\u1ea1n Limied Edition<\/strong><\/span><\/p>\n<p><span style=\"font-size: 140%;\">Chai\u00a0<strong>r\u01b0\u1ee3u vang Collefriso Golf Limited Edition<\/strong>\u00a0l\u00e0 1 d\u00f2ng s\u1ea3n ph\u1ea9m cao c\u1ea5p nh\u1ea5t c\u1ee7a nh\u00e0 ph\u00e2n ph\u1ed1i r\u01b0\u1ee3u Collefrisio. \u0110\u01b0\u1ee3c ch\u1ebf t\u1ea1o t\u1eeb 100% nho Montepulciano, m\u1ed9t gi\u1ed1ng nho \u0111\u1eb7c tr\u01b0ng c\u1ee7a v\u00f9ng Abruzzo. Chai r\u01b0\u1ee3u n\u00e0y bi\u1ec3u th\u1ecb s\u1ef1 r\u1ea5t d\u1ecb &amp; tinh t\u1ebf c\u1ee7a ngh\u1ec7 thu\u1eadt v\u00e0 th\u1ea9m m\u1ef9 s\u1ea3n xu\u1ea5t r\u01b0\u1ee3u vang c\u1ee7a \u0111\u01a1n v\u1ecb ph\u00e2n ph\u1ed1i.<\/span><\/p>\n<p><span style=\"font-size: 140%;\"><strong>\u0110\u01b0\u1ee3c l\u00e0m t\u1eeb c\u00e1c tr\u00e1i nho r\u1ea5t t\u1ed1t c\u1ee7a Collefriso v\u00f9ng Abruzzo<\/strong><\/span><\/p>\n<p><span style=\"font-size: 140%;\">R\u01b0\u1ee3u vang Collefriso Golf Limited Edition \u0111\u01b0\u1ee3c ch\u1ebf t\u1ea1o t\u1eeb nh\u1eefng tr\u00e1i nho ch\u00edn mu\u1ed9n \u0111\u01b0\u1ee3c h\u00e1i tay t\u1eeb v\u01b0\u1eddn nho c\u1ee7a Collefriso t\u1ea1i Abruzzo, mi\u1ec1n trung b\u1ed9 \u00dd. Qu\u00e1 tr\u00ecnh ch\u1ebf t\u1ea1o r\u01b0\u1ee3u vang n\u00e0y b\u1eaft ngu\u1ed3n t\u1eeb vi\u1ec7c thu ho\u1ea1ch nho v\u00e0o m\u1ee9c v\u00e0o gi\u1eefa th\u00e1ng 9 \u0111\u1ebfn th\u00e1ng 10 h\u00e0ng n\u0103m.<\/span><\/p>\n<p><span style=\"font-size: 140%;\">Sau th\u1eddi \u0111i\u1ec3m thu ho\u1ea1ch, c\u00e1c tr\u00e1i nho \u0111\u01b0\u1ee3c \u00e9p \u0111\u1ec3 gi\u1eef cho ch\u1ea5t l\u01b0\u1ee3ng t\u1ed1t nh\u1ea5t c\u00f3 th\u1ec3. Ti\u1ebfp theo sau,qu\u00e1 tr\u00ecnh l\u00ean men t\u1ef1 nhi\u00ean n\u00e0y gi\u00fap b\u1ee9c t\u1ed1c m\u00f9i v\u1ecb &amp; s\u1eafc t\u1ed1 c\u1ee7a r\u01b0\u1ee3u vang.<\/span><\/p>\n<p><span style=\"font-size: 140%;\"><strong>Qu\u00e1 tr\u00ecnh l\u00e0m ra r\u01b0\u1ee3u Collefriso Golf nh\u01b0 th\u1ebf n\u00e0o?<\/strong><\/span><\/p>\n<p><span style=\"font-size: 140%;\">Sau kho\u1ea3n th\u1eddi gian l\u00ean men r\u01b0\u1ee3u xong, Collefriso Golf Limited Edition \u0111\u01b0\u1ee3c chuy\u1ec3n t\u1edbi c\u00e1c th\u00f9ng g\u1ed7 s\u1ed3i \u0111\u1ec3 \u1ee7 th\u00eam trong t\u1ea7m 12 th\u00e1ng. Trong qu\u00e1 tr\u00ecnh \u1ee7 n\u00e0y, r\u01b0\u1ee3u vang \u0111\u01b0\u1ee3c coi li\u00ean ti\u1ebfp \u0111\u1ec3 \u0111\u1ea3m b\u1ea3o ch\u1ea5t l\u01b0\u1ee3ng &amp; h\u01b0\u01a1ng v\u1ecb tuy\u1ec7t v\u1eddi.<\/span><\/p>\n<p><span style=\"font-size: 140%;\">Cu\u1ed1i c\u00f9ng, r\u01b0\u1ee3u vang \u0111\u01b0\u1ee3c \u0111\u00f3ng chai &amp; \u0111\u00e1nh nh\u00e3n, chu\u1ea9n b\u1ecb \u0111\u1ec3 mang t\u1edbi tay kh\u00e1ch h\u00e0ng. \u0110\u1ea5y l\u00e0 m\u1ed9t lo\u1ea1i r\u01b0\u1ee3u vang \u0111\u1eb7c bi\u1ec7t, ch\u1ec9 l\u00e0m ra m\u1ed9t l\u1ea7n trong th\u1eddi \u0111i\u1ec3m v\u00e0 ch\u1ec9 c\u00f3 gi\u1edbi th\u01b0\u1ee3ng l\u01b0u v\u00e0 nh\u1eefng ng\u01b0\u1eddi d\u00e2n c\u00f3 m\u1ed1i li\u00ean h\u1ec7 \u0111\u1eb7c bi\u1ec7t m\u1edbi ho\u00e0n to\u00e0n c\u00f3 th\u1ec3 s\u1edf h\u1eefu.<\/span><br \/>\n<span style=\"font-size: 140%;\">tr\u1ea3i nghi\u1ec7m R\u01b0\u1ee3u vang CF Collefrisio Golf r\u1ea5t ngon<\/span><\/p>\n<p><span style=\"font-size: 140%;\">Vang \u0111\u1ecf Collefriso Golf Limited c\u00f3 m\u00e0u \u0111\u1ecf ruby s\u00e2u \u0111\u1eadm &amp; s\u00e1ng b\u00f3ng v\u1edbi m\u00e0u s\u1eafc \u01b0a nh\u00ecn &amp; b\u00f9ng ch\u00e1y r\u1ef1c r\u1ee1.<\/span><\/p>\n<p><span style=\"font-size: 140%;\">V\u1ec1 m\u00f9i th\u01a1m, r\u01b0\u1ee3u vang n\u00e0y c\u00f3 h\u01b0\u01a1ng v\u1ecb ph\u1ee9c h\u1ee3p &amp; \u0111\u1ea7y h\u1ea5p d\u1eabn. Ph\u1ed1i h\u1ee3p gi\u1eefa m\u1eebi h\u01b0\u01a1ng c\u1ee7a tr\u00e1i c\u00e2y \u0111\u1ecf ch\u00edn m\u1ecdng nh\u01b0 anh \u0111\u00e0o, qu\u1ea3 m\u00e2m x\u00f4i v\u00e0 qu\u1ea3 vi\u1ec7t qu\u1ea5t v\u1edbi nh\u1eefng g\u1ee3i nh\u1eafc c\u1ee7a m\u00f9i v\u1ecb vani, gia v\u1ecb v\u00e0 g\u1ed7 s\u1ed3i.<\/span><\/p>\n<p><span style=\"font-size: 140%;\">Khi h\u01b0\u1edfng th\u1ee5, Collefriso Golf Limited Edition \u0111em l\u1ea1i m\u1ed9t h\u01b0\u01a1ng v\u1ecb tuy\u1ec7t v\u1eddi &amp; c\u00e2n b\u1eb1ng. V\u1edbi m\u00f9i v\u1ecb tr\u00e1i c\u00e2y \u0111en tr\u1ed9n l\u1eabn v\u1edbi c\u00e1c gia v\u1ecb, tannin m\u1ec1m m\u1ea1i v\u00e0 m\u1ed9t ch\u00fat \u00edt h\u01b0\u01a1ng v\u1ecb g\u1ed7 s\u1ed3i. M\u00f9i v\u1ecb r\u01b0\u1ee3u vang n\u00e0y r\u1ea5t d\u00e0i &amp; c\u00e2n \u0111\u1ed1i, \u0111\u01b0a v\u1ec1 c\u1ea3m h\u1ee9ng th\u00e2m th\u00fay v\u00e0 d\u1ec5 ch\u1ecbu v\u00e0 tho\u1ea3i m\u00e1i cho nh\u1eefng ng\u01b0\u1eddi th\u01b0\u1edfng th\u1ee9c.<\/span><\/p>\n<p>&nbsp;<\/p>\n","protected":false},"excerpt":{"rendered":"<table style=\"border-collapse: collapse; width: 100%; height: 136px;\">\n<tbody>\n<tr style=\"height: 21px;\">\n<td style=\"width: 50%; height: 21px;\">Xu\u1ea5t x\u1ee9<\/td>\n<td style=\"width: 50%; height: 21px;\">\u00dd<\/td>\n<\/tr>\n<tr style=\"height: 21px;\">\n<td style=\"width: 50%; height: 21px;\">Ph\u00e2n lo\u1ea1i<\/td>\n<td style=\"width: 50%; height: 21px;\">Vang \u0111\u1ecf<\/td>\n<\/tr>\n<tr style=\"height: 21px;\">\n<td style=\"width: 50%; height: 21px;\">N\u1ed3ng \u0111\u1ed9<\/td>\n<td style=\"width: 50%; height: 21px;\">14.5 %<\/td>\n<\/tr>\n<tr style=\"height: 21px;\">\n<td style=\"width: 50%; height: 21px;\">Dung t\u00edch<\/td>\n<td style=\"width: 50%; height: 21px;\">750ml<\/td>\n<\/tr>\n<tr style=\"height: 21px;\">\n<td style=\"width: 50%; height: 21px;\">Gi\u1ed1ng nho<\/td>\n<td style=\"width: 50%; height: 21px;\">Montepulciano<\/td>\n<\/tr>\n<tr style=\"height: 21px;\">\n<td style=\"width: 50%; height: 10px;\">V\u00f9ng Vang<\/td>\n<td style=\"width: 50%; height: 10px;\"><strong>Abruzzo<\/strong><\/td>\n<\/tr>\n<tr style=\"height: 21px;\">\n<td style=\"width: 50%; height: 21px;\">Ni\u00ean v\u1ee5<\/td>\n<td style=\"width: 50%; height: 21px;\">2020<\/td>\n<\/tr>\n<\/tbody>\n<\/table>\n<p>&nbsp;<\/p>\n","protected":false},"featured_media":1344,"comment_status":"closed","ping_status":"closed","template":"","meta":{"_acf_changed":false},"product_brand":[],"product_cat":[367,234,27,26,62,29],"product_tag":[369,371,368,370,184,197,153],"class_list":{"0":"post-1343","1":"product","2":"type-product","3":"status-publish","4":"has-post-thumbnail","6":"product_cat-collefriso","7":"product_cat-montepulciano","8":"product_cat-ruou-vang","9":"product_cat-san-pham-noi-bat","10":"product_cat-vang-do","11":"product_cat-vang-y","12":"product_tag-cf-golf","13":"product_tag-collefrisio","14":"product_tag-collefriso","15":"product_tag-ruou-sang","16":"product_tag-ruou-vang-gia-re","17":"product_tag-vang-do","18":"product_tag-vang-y","20":"first","21":"instock","22":"shipping-taxable","23":"product-type-simple"},"acf":[],"yoast_head":"<!-- This site is optimized with the Yoast SEO plugin v26.8 - https:\/\/yoast.com\/product\/yoast-seo-wordpress\/ -->\n<title>R\u01b0\u1ee3u Vang \u00dd Collefriso Golf Limited Edition - R.WINE<\/title>\n<meta name=\"robots\" content=\"noindex, follow\" \/>\n<meta property=\"og:locale\" content=\"vi_VN\" \/>\n<meta property=\"og:type\" content=\"article\" \/>\n<meta property=\"og:title\" content=\"R\u01b0\u1ee3u Vang \u00dd Collefriso Golf Limited Edition - R.WINE\" \/>\n<meta property=\"og:description\" content=\"Xu\u1ea5t x\u1ee9 \u00dd   Ph\u00e2n lo\u1ea1i Vang \u0111\u1ecf   N\u1ed3ng \u0111\u1ed9 14.5 %   Dung t\u00edch 750ml   Gi\u1ed1ng nho Montepulciano   V\u00f9ng Vang Abruzzo   Ni\u00ean v\u1ee5 2020    &nbsp;\" \/>\n<meta property=\"og:url\" content=\"https:\/\/rwinevietnam.com\/home\/ruou-vang-y-collefriso-golf-limited-edition\/\" \/>\n<meta property=\"og:site_name\" content=\"R.WINE\" \/>\n<meta property=\"article:modified_time\" content=\"2024-02-18T09:15:57+00:00\" \/>\n<meta property=\"og:image\" content=\"https:\/\/rwinevietnam.com\/home\/wp-content\/uploads\/2024\/02\/IMG_7415.jpeg\" \/>\n\t<meta property=\"og:image:width\" content=\"1536\" \/>\n\t<meta property=\"og:image:height\" content=\"2048\" \/>\n\t<meta property=\"og:image:type\" content=\"image\/jpeg\" \/>\n<meta name=\"twitter:card\" content=\"summary_large_image\" \/>\n<script type=\"application\/ld+json\" class=\"yoast-schema-graph\">{\"@context\":\"https:\/\/schema.org\",\"@graph\":[{\"@type\":\"WebPage\",\"@id\":\"https:\/\/rwinevietnam.com\/home\/ruou-vang-y-collefriso-golf-limited-edition\/\",\"url\":\"https:\/\/rwinevietnam.com\/home\/ruou-vang-y-collefriso-golf-limited-edition\/\",\"name\":\"R\u01b0\u1ee3u Vang \u00dd Collefriso Golf Limited Edition - R.WINE\",\"isPartOf\":{\"@id\":\"https:\/\/rwinevietnam.com\/home\/#website\"},\"primaryImageOfPage\":{\"@id\":\"https:\/\/rwinevietnam.com\/home\/ruou-vang-y-collefriso-golf-limited-edition\/#primaryimage\"},\"image\":{\"@id\":\"https:\/\/rwinevietnam.com\/home\/ruou-vang-y-collefriso-golf-limited-edition\/#primaryimage\"},\"thumbnailUrl\":\"https:\/\/rwinevietnam.com\/home\/wp-content\/uploads\/2024\/02\/IMG_7415.jpeg\",\"datePublished\":\"2024-02-18T09:08:35+00:00\",\"dateModified\":\"2024-02-18T09:15:57+00:00\",\"breadcrumb\":{\"@id\":\"https:\/\/rwinevietnam.com\/home\/ruou-vang-y-collefriso-golf-limited-edition\/#breadcrumb\"},\"inLanguage\":\"vi\",\"potentialAction\":[{\"@type\":\"ReadAction\",\"target\":[\"https:\/\/rwinevietnam.com\/home\/ruou-vang-y-collefriso-golf-limited-edition\/\"]}]},{\"@type\":\"ImageObject\",\"inLanguage\":\"vi\",\"@id\":\"https:\/\/rwinevietnam.com\/home\/ruou-vang-y-collefriso-golf-limited-edition\/#primaryimage\",\"url\":\"https:\/\/rwinevietnam.com\/home\/wp-content\/uploads\/2024\/02\/IMG_7415.jpeg\",\"contentUrl\":\"https:\/\/rwinevietnam.com\/home\/wp-content\/uploads\/2024\/02\/IMG_7415.jpeg\",\"width\":1536,\"height\":2048},{\"@type\":\"BreadcrumbList\",\"@id\":\"https:\/\/rwinevietnam.com\/home\/ruou-vang-y-collefriso-golf-limited-edition\/#breadcrumb\",\"itemListElement\":[{\"@type\":\"ListItem\",\"position\":1,\"name\":\"Trang ch\u1ee7\",\"item\":\"https:\/\/rwinevietnam.com\/home\/\"},{\"@type\":\"ListItem\",\"position\":2,\"name\":\"S\u1ea3n ph\u1ea9m\",\"item\":\"https:\/\/rwinevietnam.com\/home\/san-pham\/\"},{\"@type\":\"ListItem\",\"position\":3,\"name\":\"R\u01b0\u1ee3u Vang \u00dd Collefriso Golf Limited Edition\"}]},{\"@type\":\"WebSite\",\"@id\":\"https:\/\/rwinevietnam.com\/home\/#website\",\"url\":\"https:\/\/rwinevietnam.com\/home\/\",\"name\":\"R.WINE\",\"description\":\"C\u00d4NG TY C\u1ed4 PH\u1ea6N XU\u1ea4T KH\u1ea8U NH\u1eacP KH\u1ea8U\",\"potentialAction\":[{\"@type\":\"SearchAction\",\"target\":{\"@type\":\"EntryPoint\",\"urlTemplate\":\"https:\/\/rwinevietnam.com\/home\/?s={search_term_string}\"},\"query-input\":{\"@type\":\"PropertyValueSpecification\",\"valueRequired\":true,\"valueName\":\"search_term_string\"}}],\"inLanguage\":\"vi\"}]}<\/script>\n<!-- \/ Yoast SEO plugin. -->","yoast_head_json":{"title":"R\u01b0\u1ee3u Vang \u00dd Collefriso Golf Limited Edition - R.WINE","robots":{"index":"noindex","follow":"follow"},"og_locale":"vi_VN","og_type":"article","og_title":"R\u01b0\u1ee3u Vang \u00dd Collefriso Golf Limited Edition - R.WINE","og_description":"Xu\u1ea5t x\u1ee9 \u00dd   Ph\u00e2n lo\u1ea1i Vang \u0111\u1ecf   N\u1ed3ng \u0111\u1ed9 14.5 %   Dung t\u00edch 750ml   Gi\u1ed1ng nho Montepulciano   V\u00f9ng Vang Abruzzo   Ni\u00ean v\u1ee5 2020    &nbsp;","og_url":"https:\/\/rwinevietnam.com\/home\/ruou-vang-y-collefriso-golf-limited-edition\/","og_site_name":"R.WINE","article_modified_time":"2024-02-18T09:15:57+00:00","og_image":[{"width":1536,"height":2048,"url":"https:\/\/rwinevietnam.com\/home\/wp-content\/uploads\/2024\/02\/IMG_7415.jpeg","type":"image\/jpeg"}],"twitter_card":"summary_large_image","schema":{"@context":"https:\/\/schema.org","@graph":[{"@type":"WebPage","@id":"https:\/\/rwinevietnam.com\/home\/ruou-vang-y-collefriso-golf-limited-edition\/","url":"https:\/\/rwinevietnam.com\/home\/ruou-vang-y-collefriso-golf-limited-edition\/","name":"R\u01b0\u1ee3u Vang \u00dd Collefriso Golf Limited Edition - R.WINE","isPartOf":{"@id":"https:\/\/rwinevietnam.com\/home\/#website"},"primaryImageOfPage":{"@id":"https:\/\/rwinevietnam.com\/home\/ruou-vang-y-collefriso-golf-limited-edition\/#primaryimage"},"image":{"@id":"https:\/\/rwinevietnam.com\/home\/ruou-vang-y-collefriso-golf-limited-edition\/#primaryimage"},"thumbnailUrl":"https:\/\/rwinevietnam.com\/home\/wp-content\/uploads\/2024\/02\/IMG_7415.jpeg","datePublished":"2024-02-18T09:08:35+00:00","dateModified":"2024-02-18T09:15:57+00:00","breadcrumb":{"@id":"https:\/\/rwinevietnam.com\/home\/ruou-vang-y-collefriso-golf-limited-edition\/#breadcrumb"},"inLanguage":"vi","potentialAction":[{"@type":"ReadAction","target":["https:\/\/rwinevietnam.com\/home\/ruou-vang-y-collefriso-golf-limited-edition\/"]}]},{"@type":"ImageObject","inLanguage":"vi","@id":"https:\/\/rwinevietnam.com\/home\/ruou-vang-y-collefriso-golf-limited-edition\/#primaryimage","url":"https:\/\/rwinevietnam.com\/home\/wp-content\/uploads\/2024\/02\/IMG_7415.jpeg","contentUrl":"https:\/\/rwinevietnam.com\/home\/wp-content\/uploads\/2024\/02\/IMG_7415.jpeg","width":1536,"height":2048},{"@type":"BreadcrumbList","@id":"https:\/\/rwinevietnam.com\/home\/ruou-vang-y-collefriso-golf-limited-edition\/#breadcrumb","itemListElement":[{"@type":"ListItem","position":1,"name":"Trang ch\u1ee7","item":"https:\/\/rwinevietnam.com\/home\/"},{"@type":"ListItem","position":2,"name":"S\u1ea3n ph\u1ea9m","item":"https:\/\/rwinevietnam.com\/home\/san-pham\/"},{"@type":"ListItem","position":3,"name":"R\u01b0\u1ee3u Vang \u00dd Collefriso Golf Limited Edition"}]},{"@type":"WebSite","@id":"https:\/\/rwinevietnam.com\/home\/#website","url":"https:\/\/rwinevietnam.com\/home\/","name":"R.WINE","description":"C\u00d4NG TY C\u1ed4 PH\u1ea6N XU\u1ea4T KH\u1ea8U NH\u1eacP KH\u1ea8U","potentialAction":[{"@type":"SearchAction","target":{"@type":"EntryPoint","urlTemplate":"https:\/\/rwinevietnam.com\/home\/?s={search_term_string}"},"query-input":{"@type":"PropertyValueSpecification","valueRequired":true,"valueName":"search_term_string"}}],"inLanguage":"vi"}]}},"_links":{"self":[{"href":"https:\/\/rwinevietnam.com\/home\/wp-json\/wp\/v2\/product\/1343","targetHints":{"allow":["GET"]}}],"collection":[{"href":"https:\/\/rwinevietnam.com\/home\/wp-json\/wp\/v2\/product"}],"about":[{"href":"https:\/\/rwinevietnam.com\/home\/wp-json\/wp\/v2\/types\/product"}],"replies":[{"embeddable":true,"href":"https:\/\/rwinevietnam.com\/home\/wp-json\/wp\/v2\/comments?post=1343"}],"wp:featuredmedia":[{"embeddable":true,"href":"https:\/\/rwinevietnam.com\/home\/wp-json\/wp\/v2\/media\/1344"}],"wp:attachment":[{"href":"https:\/\/rwinevietnam.com\/home\/wp-json\/wp\/v2\/media?parent=1343"}],"wp:term":[{"taxonomy":"product_brand","embeddable":true,"href":"https:\/\/rwinevietnam.com\/home\/wp-json\/wp\/v2\/product_brand?post=1343"},{"taxonomy":"product_cat","embeddable":true,"href":"https:\/\/rwinevietnam.com\/home\/wp-json\/wp\/v2\/product_cat?post=1343"},{"taxonomy":"product_tag","embeddable":true,"href":"https:\/\/rwinevietnam.com\/home\/wp-json\/wp\/v2\/product_tag?post=1343"}],"curies":[{"name":"wp","href":"https:\/\/api.w.org\/{rel}","templated":true}]}}