{"id":1333,"date":"2024-02-18T08:16:39","date_gmt":"2024-02-18T08:16:39","guid":{"rendered":"https:\/\/rwinevietnam.com\/home\/?post_type=product&#038;p=1333"},"modified":"2024-02-18T08:30:31","modified_gmt":"2024-02-18T08:30:31","slug":"ruou-vang-y-958-santero-bellini-analcolico","status":"publish","type":"product","link":"https:\/\/rwinevietnam.com\/home\/ruou-vang-y-958-santero-bellini-analcolico\/","title":{"rendered":"R\u01b0\u1ee3u Vang \u00dd 958 Santero Bellini Analcolico"},"content":{"rendered":"<p><span style=\"font-size: 150%;\"><strong>Th\u00f4ng tin chi ti\u1ebft r\u01b0\u1ee3u vang s\u1ee7i 958 Santero Bellini Analcolico<\/strong><\/span><\/p>\n<p><img loading=\"lazy\" decoding=\"async\" class=\"aligncenter  wp-image-1335\" src=\"https:\/\/rwinevietnam.com\/home\/wp-content\/uploads\/2024\/02\/IMG_7426-1024x968.jpeg\" alt=\"\" width=\"548\" height=\"518\" srcset=\"https:\/\/rwinevietnam.com\/home\/wp-content\/uploads\/2024\/02\/IMG_7426-1024x968.jpeg 1024w, https:\/\/rwinevietnam.com\/home\/wp-content\/uploads\/2024\/02\/IMG_7426-300x284.jpeg 300w, https:\/\/rwinevietnam.com\/home\/wp-content\/uploads\/2024\/02\/IMG_7426-768x726.jpeg 768w, https:\/\/rwinevietnam.com\/home\/wp-content\/uploads\/2024\/02\/IMG_7426-1536x1452.jpeg 1536w, https:\/\/rwinevietnam.com\/home\/wp-content\/uploads\/2024\/02\/IMG_7426-600x567.jpeg 600w, https:\/\/rwinevietnam.com\/home\/wp-content\/uploads\/2024\/02\/IMG_7426.jpeg 1823w\" sizes=\"auto, (max-width: 548px) 100vw, 548px\" \/><\/p>\n<p>&nbsp;<\/p>\n<ul>\n<li><span style=\"font-size: 150%;\">958 Santero Bellini Analcolico l\u00e0 d\u00f2ng r\u01b0\u1ee3u vang s\u1ee7i kh\u00f4ng c\u1ed3n c\u1ee7a\u00a0<strong>nh\u00e0 Santero<\/strong>\u00a0d\u00e0nh cho nh\u1eefng ai y\u00eau th\u00edch r\u01b0\u1ee3u khai v\u1ecb c\u1ed5 \u0111i\u1ec3n. R\u01b0\u1ee3u c\u00f3 h\u01b0\u01a1ng th\u01a1m t\u01b0\u01a1i m\u00e1t v\u00e0 h\u01b0\u01a1ng v\u1ecb c\u1ee7a \u0111\u00e0o.<\/span><\/li>\n<li><span style=\"font-size: 150%;\">R\u01b0\u1ee3u c\u00f3 m\u00e0u v\u00e0ng r\u01a1m ph\u1ea3n chi\u1ebfu \u00e1nh v\u00e0ng r\u1ef1c r\u1ee1.<\/span><\/li>\n<li><span style=\"font-size: 150%;\">H\u01b0\u01a1ng v\u1ecb: M\u1ed9t ng\u1ee5m m\u1ec1m v\u00e0 kem, ng\u1ecdt ng\u00e0o v\u00e0 bao ph\u1ee7, v\u1edbi tr\u00e1i c\u00e2y ngon ng\u1ecdt v\u00e0 n\u1ec1n r\u01b0\u1ee3u nho thanh l\u1ecbch, d\u1eabn \u0111\u1ebfn m\u1ed9t k\u1ebft th\u00fac r\u00f5 r\u00e0ng v\u00e0 tinh t\u1ebf, tr\u1edf l\u1ea1i v\u1edbi h\u01b0\u01a1ng tr\u00e1i c\u00e2y t\u01b0\u01a1i m\u00e1t.<\/span><\/li>\n<li><span style=\"font-size: 150%;\">Mang h\u01b0\u01a1ng th\u01a1m n\u1ed3ng n\u00e0n v\u00e0 phong ph\u00fa, k\u1ebft h\u1ee3p h\u00e0i h\u00f2a gi\u1eefa h\u01b0\u01a1ng th\u01a1m tinh t\u1ebf c\u1ee7a r\u01b0\u1ee3u v\u1edbi h\u01b0\u01a1ng tr\u00e1i c\u00e2y th\u01a1m ng\u00e1t c\u1ee7a qu\u1ea3 \u0111\u00e0o tr\u1eafng v\u00e0 s\u1eafc th\u00e1i hoa c\u1ee7a c\u00e1nh hoa h\u1ed3ng<\/span><\/li>\n<li><span style=\"font-size: 150%;\">Th\u1ef1c ph\u1ea9m k\u1ebft h\u1ee3p: K\u1ebft h\u1ee3p v\u1edbi c\u00e1c m\u00f3n tr\u00e1ng mi\u1ec7ng, \u0111\u1ed3 ng\u1ecdt, tr\u00e1i c\u00e2y,\u2026<\/span><\/li>\n<\/ul>\n<p>&nbsp;<\/p>\n<p><span style=\"font-size: 150%;\"><strong>H\u01b0\u1edbng d\u1eabn b\u1ea3o qu\u1ea3n v\u00e0 s\u1eed d\u1ee5ng r\u01b0\u1ee3u vang s\u1ee7i 958 Santero Bellini Analcolico<\/strong><\/span><\/p>\n<p><img loading=\"lazy\" decoding=\"async\" class=\"aligncenter  wp-image-1336\" src=\"https:\/\/rwinevietnam.com\/home\/wp-content\/uploads\/2024\/02\/IMG_7425-923x1024.jpeg\" alt=\"\" width=\"573\" height=\"636\" srcset=\"https:\/\/rwinevietnam.com\/home\/wp-content\/uploads\/2024\/02\/IMG_7425-923x1024.jpeg 923w, https:\/\/rwinevietnam.com\/home\/wp-content\/uploads\/2024\/02\/IMG_7425-270x300.jpeg 270w, https:\/\/rwinevietnam.com\/home\/wp-content\/uploads\/2024\/02\/IMG_7425-768x852.jpeg 768w, https:\/\/rwinevietnam.com\/home\/wp-content\/uploads\/2024\/02\/IMG_7425-1385x1536.jpeg 1385w, https:\/\/rwinevietnam.com\/home\/wp-content\/uploads\/2024\/02\/IMG_7425-300x333.jpeg 300w, https:\/\/rwinevietnam.com\/home\/wp-content\/uploads\/2024\/02\/IMG_7425-600x666.jpeg 600w, https:\/\/rwinevietnam.com\/home\/wp-content\/uploads\/2024\/02\/IMG_7425.jpeg 1684w\" sizes=\"auto, (max-width: 573px) 100vw, 573px\" \/><\/p>\n<p>&nbsp;<\/p>\n<ul>\n<li><span style=\"font-size: 150%;\">B\u1ea3o qu\u1ea3n r\u01b0\u1ee3u vang s\u1ee7i Sparkling 958 Santero analcolico tr\u00e1nh ti\u1ebfp x\u00fac \u00e1nh n\u1eafng m\u1eb7t tr\u1eddi.<\/span><\/li>\n<li><span style=\"font-size: 150%;\">Nhi\u1ec7t \u0111\u1ed9 s\u1eed d\u1ee5ng t\u1ed1t nh\u1ea5t l\u00e0 \u1edf nhi\u1ec7t \u0111\u1ed9 6-10\u00b0C.<\/span><\/li>\n<li><span style=\"font-size: 150%;\">S\u1eed d\u1ee5ng ly champagne.<\/span><\/li>\n<\/ul>\n<p>&nbsp;<\/p>\n","protected":false},"excerpt":{"rendered":"<table style=\"border-collapse: collapse; width: 100%; height: 136px;\">\n<tbody>\n<tr style=\"height: 21px;\">\n<td style=\"width: 50%; height: 21px;\">Xu\u1ea5t x\u1ee9<\/td>\n<td style=\"width: 50%; height: 21px;\">\u00dd<\/td>\n<\/tr>\n<tr style=\"height: 21px;\">\n<td style=\"width: 50%; height: 21px;\">Ph\u00e2n lo\u1ea1i<\/td>\n<td style=\"width: 50%; height: 21px;\">Vang Sparkling<\/td>\n<\/tr>\n<tr style=\"height: 21px;\">\n<td style=\"width: 50%; height: 21px;\">N\u1ed3ng \u0111\u1ed9<\/td>\n<td style=\"width: 50%; height: 21px;\">0 %<\/td>\n<\/tr>\n<tr style=\"height: 21px;\">\n<td style=\"width: 50%; height: 21px;\">Dung t\u00edch<\/td>\n<td style=\"width: 50%; height: 21px;\">750ml<\/td>\n<\/tr>\n<tr style=\"height: 21px;\">\n<td style=\"width: 50%; height: 21px;\">Nh\u00e0 s\u1ea3n xu\u1ea5t<\/td>\n<td style=\"width: 50%; height: 21px;\">Santero<\/td>\n<\/tr>\n<tr style=\"height: 21px;\">\n<td style=\"width: 50%; height: 10px;\"><\/td>\n<td style=\"width: 50%; height: 10px;\"><\/td>\n<\/tr>\n<tr style=\"height: 21px;\">\n<td style=\"width: 50%; height: 21px;\"><\/td>\n<td style=\"width: 50%; height: 21px;\"><\/td>\n<\/tr>\n<\/tbody>\n<\/table>\n<p>&nbsp;<\/p>\n","protected":false},"featured_media":1334,"comment_status":"closed","ping_status":"closed","template":"","meta":{"_acf_changed":false},"product_brand":[],"product_cat":[230,27,26,354,29],"product_tag":[362,365,363,337,266,364,184,262,360,247,358,153],"class_list":{"0":"post-1333","1":"product","2":"type-product","3":"status-publish","4":"has-post-thumbnail","6":"product_cat-moscato","7":"product_cat-ruou-vang","8":"product_cat-san-pham-noi-bat","9":"product_cat-sparling","10":"product_cat-vang-y","11":"product_tag-0-do","12":"product_tag-365","13":"product_tag-bellini","14":"product_tag-khong-do","15":"product_tag-moscato","16":"product_tag-non-ancoholic","17":"product_tag-ruou-vang-gia-re","18":"product_tag-santero","19":"product_tag-sparkling","20":"product_tag-vang-ngot","21":"product_tag-vang-nhe-do","22":"product_tag-vang-y","24":"first","25":"instock","26":"shipping-taxable","27":"product-type-simple"},"acf":[],"yoast_head":"<!-- This site is optimized with the Yoast SEO plugin v26.8 - https:\/\/yoast.com\/product\/yoast-seo-wordpress\/ -->\n<title>R\u01b0\u1ee3u Vang \u00dd 958 Santero Bellini Analcolico - R.WINE<\/title>\n<meta name=\"robots\" content=\"noindex, follow\" \/>\n<meta property=\"og:locale\" content=\"vi_VN\" \/>\n<meta property=\"og:type\" content=\"article\" \/>\n<meta property=\"og:title\" content=\"R\u01b0\u1ee3u Vang \u00dd 958 Santero Bellini Analcolico - R.WINE\" \/>\n<meta property=\"og:description\" content=\"Xu\u1ea5t x\u1ee9 \u00dd   Ph\u00e2n lo\u1ea1i Vang Sparkling   N\u1ed3ng \u0111\u1ed9 0 %   Dung t\u00edch 750ml   Nh\u00e0 s\u1ea3n xu\u1ea5t Santero            &nbsp;\" \/>\n<meta property=\"og:url\" content=\"https:\/\/rwinevietnam.com\/home\/ruou-vang-y-958-santero-bellini-analcolico\/\" \/>\n<meta property=\"og:site_name\" content=\"R.WINE\" \/>\n<meta property=\"article:modified_time\" content=\"2024-02-18T08:30:31+00:00\" \/>\n<meta property=\"og:image\" content=\"https:\/\/rwinevietnam.com\/home\/wp-content\/uploads\/2024\/02\/IMG_7424.jpeg\" \/>\n\t<meta property=\"og:image:width\" content=\"1535\" \/>\n\t<meta property=\"og:image:height\" content=\"2048\" \/>\n\t<meta property=\"og:image:type\" content=\"image\/jpeg\" \/>\n<meta name=\"twitter:card\" content=\"summary_large_image\" \/>\n<script type=\"application\/ld+json\" class=\"yoast-schema-graph\">{\"@context\":\"https:\/\/schema.org\",\"@graph\":[{\"@type\":\"WebPage\",\"@id\":\"https:\/\/rwinevietnam.com\/home\/ruou-vang-y-958-santero-bellini-analcolico\/\",\"url\":\"https:\/\/rwinevietnam.com\/home\/ruou-vang-y-958-santero-bellini-analcolico\/\",\"name\":\"R\u01b0\u1ee3u Vang \u00dd 958 Santero Bellini Analcolico - R.WINE\",\"isPartOf\":{\"@id\":\"https:\/\/rwinevietnam.com\/home\/#website\"},\"primaryImageOfPage\":{\"@id\":\"https:\/\/rwinevietnam.com\/home\/ruou-vang-y-958-santero-bellini-analcolico\/#primaryimage\"},\"image\":{\"@id\":\"https:\/\/rwinevietnam.com\/home\/ruou-vang-y-958-santero-bellini-analcolico\/#primaryimage\"},\"thumbnailUrl\":\"https:\/\/rwinevietnam.com\/home\/wp-content\/uploads\/2024\/02\/IMG_7424.jpeg\",\"datePublished\":\"2024-02-18T08:16:39+00:00\",\"dateModified\":\"2024-02-18T08:30:31+00:00\",\"breadcrumb\":{\"@id\":\"https:\/\/rwinevietnam.com\/home\/ruou-vang-y-958-santero-bellini-analcolico\/#breadcrumb\"},\"inLanguage\":\"vi\",\"potentialAction\":[{\"@type\":\"ReadAction\",\"target\":[\"https:\/\/rwinevietnam.com\/home\/ruou-vang-y-958-santero-bellini-analcolico\/\"]}]},{\"@type\":\"ImageObject\",\"inLanguage\":\"vi\",\"@id\":\"https:\/\/rwinevietnam.com\/home\/ruou-vang-y-958-santero-bellini-analcolico\/#primaryimage\",\"url\":\"https:\/\/rwinevietnam.com\/home\/wp-content\/uploads\/2024\/02\/IMG_7424.jpeg\",\"contentUrl\":\"https:\/\/rwinevietnam.com\/home\/wp-content\/uploads\/2024\/02\/IMG_7424.jpeg\",\"width\":1535,\"height\":2048},{\"@type\":\"BreadcrumbList\",\"@id\":\"https:\/\/rwinevietnam.com\/home\/ruou-vang-y-958-santero-bellini-analcolico\/#breadcrumb\",\"itemListElement\":[{\"@type\":\"ListItem\",\"position\":1,\"name\":\"Trang ch\u1ee7\",\"item\":\"https:\/\/rwinevietnam.com\/home\/\"},{\"@type\":\"ListItem\",\"position\":2,\"name\":\"S\u1ea3n ph\u1ea9m\",\"item\":\"https:\/\/rwinevietnam.com\/home\/san-pham\/\"},{\"@type\":\"ListItem\",\"position\":3,\"name\":\"R\u01b0\u1ee3u Vang \u00dd 958 Santero Bellini Analcolico\"}]},{\"@type\":\"WebSite\",\"@id\":\"https:\/\/rwinevietnam.com\/home\/#website\",\"url\":\"https:\/\/rwinevietnam.com\/home\/\",\"name\":\"R.WINE\",\"description\":\"C\u00d4NG TY C\u1ed4 PH\u1ea6N XU\u1ea4T KH\u1ea8U NH\u1eacP KH\u1ea8U\",\"potentialAction\":[{\"@type\":\"SearchAction\",\"target\":{\"@type\":\"EntryPoint\",\"urlTemplate\":\"https:\/\/rwinevietnam.com\/home\/?s={search_term_string}\"},\"query-input\":{\"@type\":\"PropertyValueSpecification\",\"valueRequired\":true,\"valueName\":\"search_term_string\"}}],\"inLanguage\":\"vi\"}]}<\/script>\n<!-- \/ Yoast SEO plugin. -->","yoast_head_json":{"title":"R\u01b0\u1ee3u Vang \u00dd 958 Santero Bellini Analcolico - R.WINE","robots":{"index":"noindex","follow":"follow"},"og_locale":"vi_VN","og_type":"article","og_title":"R\u01b0\u1ee3u Vang \u00dd 958 Santero Bellini Analcolico - R.WINE","og_description":"Xu\u1ea5t x\u1ee9 \u00dd   Ph\u00e2n lo\u1ea1i Vang Sparkling   N\u1ed3ng \u0111\u1ed9 0 %   Dung t\u00edch 750ml   Nh\u00e0 s\u1ea3n xu\u1ea5t Santero            &nbsp;","og_url":"https:\/\/rwinevietnam.com\/home\/ruou-vang-y-958-santero-bellini-analcolico\/","og_site_name":"R.WINE","article_modified_time":"2024-02-18T08:30:31+00:00","og_image":[{"width":1535,"height":2048,"url":"https:\/\/rwinevietnam.com\/home\/wp-content\/uploads\/2024\/02\/IMG_7424.jpeg","type":"image\/jpeg"}],"twitter_card":"summary_large_image","schema":{"@context":"https:\/\/schema.org","@graph":[{"@type":"WebPage","@id":"https:\/\/rwinevietnam.com\/home\/ruou-vang-y-958-santero-bellini-analcolico\/","url":"https:\/\/rwinevietnam.com\/home\/ruou-vang-y-958-santero-bellini-analcolico\/","name":"R\u01b0\u1ee3u Vang \u00dd 958 Santero Bellini Analcolico - R.WINE","isPartOf":{"@id":"https:\/\/rwinevietnam.com\/home\/#website"},"primaryImageOfPage":{"@id":"https:\/\/rwinevietnam.com\/home\/ruou-vang-y-958-santero-bellini-analcolico\/#primaryimage"},"image":{"@id":"https:\/\/rwinevietnam.com\/home\/ruou-vang-y-958-santero-bellini-analcolico\/#primaryimage"},"thumbnailUrl":"https:\/\/rwinevietnam.com\/home\/wp-content\/uploads\/2024\/02\/IMG_7424.jpeg","datePublished":"2024-02-18T08:16:39+00:00","dateModified":"2024-02-18T08:30:31+00:00","breadcrumb":{"@id":"https:\/\/rwinevietnam.com\/home\/ruou-vang-y-958-santero-bellini-analcolico\/#breadcrumb"},"inLanguage":"vi","potentialAction":[{"@type":"ReadAction","target":["https:\/\/rwinevietnam.com\/home\/ruou-vang-y-958-santero-bellini-analcolico\/"]}]},{"@type":"ImageObject","inLanguage":"vi","@id":"https:\/\/rwinevietnam.com\/home\/ruou-vang-y-958-santero-bellini-analcolico\/#primaryimage","url":"https:\/\/rwinevietnam.com\/home\/wp-content\/uploads\/2024\/02\/IMG_7424.jpeg","contentUrl":"https:\/\/rwinevietnam.com\/home\/wp-content\/uploads\/2024\/02\/IMG_7424.jpeg","width":1535,"height":2048},{"@type":"BreadcrumbList","@id":"https:\/\/rwinevietnam.com\/home\/ruou-vang-y-958-santero-bellini-analcolico\/#breadcrumb","itemListElement":[{"@type":"ListItem","position":1,"name":"Trang ch\u1ee7","item":"https:\/\/rwinevietnam.com\/home\/"},{"@type":"ListItem","position":2,"name":"S\u1ea3n ph\u1ea9m","item":"https:\/\/rwinevietnam.com\/home\/san-pham\/"},{"@type":"ListItem","position":3,"name":"R\u01b0\u1ee3u Vang \u00dd 958 Santero Bellini Analcolico"}]},{"@type":"WebSite","@id":"https:\/\/rwinevietnam.com\/home\/#website","url":"https:\/\/rwinevietnam.com\/home\/","name":"R.WINE","description":"C\u00d4NG TY C\u1ed4 PH\u1ea6N XU\u1ea4T KH\u1ea8U NH\u1eacP KH\u1ea8U","potentialAction":[{"@type":"SearchAction","target":{"@type":"EntryPoint","urlTemplate":"https:\/\/rwinevietnam.com\/home\/?s={search_term_string}"},"query-input":{"@type":"PropertyValueSpecification","valueRequired":true,"valueName":"search_term_string"}}],"inLanguage":"vi"}]}},"_links":{"self":[{"href":"https:\/\/rwinevietnam.com\/home\/wp-json\/wp\/v2\/product\/1333","targetHints":{"allow":["GET"]}}],"collection":[{"href":"https:\/\/rwinevietnam.com\/home\/wp-json\/wp\/v2\/product"}],"about":[{"href":"https:\/\/rwinevietnam.com\/home\/wp-json\/wp\/v2\/types\/product"}],"replies":[{"embeddable":true,"href":"https:\/\/rwinevietnam.com\/home\/wp-json\/wp\/v2\/comments?post=1333"}],"wp:featuredmedia":[{"embeddable":true,"href":"https:\/\/rwinevietnam.com\/home\/wp-json\/wp\/v2\/media\/1334"}],"wp:attachment":[{"href":"https:\/\/rwinevietnam.com\/home\/wp-json\/wp\/v2\/media?parent=1333"}],"wp:term":[{"taxonomy":"product_brand","embeddable":true,"href":"https:\/\/rwinevietnam.com\/home\/wp-json\/wp\/v2\/product_brand?post=1333"},{"taxonomy":"product_cat","embeddable":true,"href":"https:\/\/rwinevietnam.com\/home\/wp-json\/wp\/v2\/product_cat?post=1333"},{"taxonomy":"product_tag","embeddable":true,"href":"https:\/\/rwinevietnam.com\/home\/wp-json\/wp\/v2\/product_tag?post=1333"}],"curies":[{"name":"wp","href":"https:\/\/api.w.org\/{rel}","templated":true}]}}