{"id":1330,"date":"2024-02-07T03:07:46","date_gmt":"2024-02-07T03:07:46","guid":{"rendered":"https:\/\/rwinevietnam.com\/home\/?post_type=product&#038;p=1330"},"modified":"2024-02-07T03:26:42","modified_gmt":"2024-02-07T03:26:42","slug":"ruou-vang-y-moscato-cavatina-premium","status":"publish","type":"product","link":"https:\/\/rwinevietnam.com\/home\/ruou-vang-y-moscato-cavatina-premium\/","title":{"rendered":"R\u01b0\u1ee3u Vang \u00dd Moscato Cavatina Premium"},"content":{"rendered":"<p><span style=\"font-size: 120%;\">\u00dd l\u00e0 m\u1ed9t trong nh\u1eefng \u201c<strong>c\u00e1i n\u00f4i\u201d<\/strong>\u00a0s\u1ea3n xu\u1ea5t r\u01b0\u1ee3u vang l\u00e2u \u0111\u1eddi tr\u00ean th\u1ebf gi\u1edbi. V\u1edbi nh\u1eefng th\u01b0\u01a1ng hi\u1ec7u vang n\u1ed5i ti\u1ebfng th\u1ebf gi\u1edbi nh\u01b0\u00a0<strong>R\u01b0\u1ee3u vang Masso Antico,\u00a0 Pacificus.<\/strong>\u00a0C\u00f9ng v\u1edbi \u0111\u00f3 l\u00e0 s\u1ef1 \u0111a d\u1ea1ng trong nh\u1eefng gi\u1ed1ng nho b\u1ea3n \u0111\u1ecba, lai t\u1ea1o c\u0169ng nh\u01b0 phong c\u00e1ch r\u01b0\u1ee3u vang. V\u1edbi s\u1ef1 \u01b0u \u00e1i tuy\u1ec7t v\u1eddi c\u1ee7a kh\u00ed h\u1eadu \u0111\u00e3 \u0111em l\u1ea1i cho \u0111\u1ea5t n\u01b0\u1edbc h\u00ecnh chi\u1ebfc \u1ee7ng n\u00e0y m\u1ed9t \u0111i\u1ec1u ki\u1ec7n tuy\u1ec7t v\u1eddi cho c\u00e2y nho ph\u00e1t tri\u1ec3n. Kh\u00ed h\u1eadu thay \u0111\u1ed5i \u0111\u00e1ng k\u1ec3 tr\u00ean to\u00e0n n\u01b0\u1edbc \u00dd. V\u1edbi nhi\u1ec7t \u0111\u1ed9 ph\u1ee5 thu\u1ed9c v\u00e0o \u0111\u1ecba h\u00ecnh. V\u1ec1 kh\u00e1i qu\u00e1t, ph\u1ea7n l\u1edbn c\u00e1c ru\u1ed9ng nho c\u00f3 ch\u1ea5t l\u01b0\u1ee3ng cao \u0111\u01b0\u1ee3c tr\u1ed3ng tr\u00ean nh\u1eefng s\u01b0\u1eddn \u0111\u1ed3i c\u00f3 \u0111\u1ed9 d\u1ed1c th\u1ea5p. Nh\u1eefng s\u01b0\u1eddn \u0111\u1ed3i th\u01a1 m\u1ed9ng, \u0111\u1eb9p nh\u01b0 tranh v\u1ebd.<\/span><\/p>\n<p><span style=\"font-size: 120%;\">Schenk \u0111\u01b0\u1ee3c th\u00e0nh l\u1eadp Rolle \u2013 Th\u1ee5y S\u0129 v\u00e0o n\u0103m 1893. T\u1ea7m nh\u00ecn c\u1ee7a Arnold Schenk, con trai c\u1ee7a nh\u00e0 s\u00e1ng l\u1eadp Charles Schenk \u0111\u00e3 t\u1ea1o ra m\u1ed9t t\u1eadp \u0111o\u00e0n r\u01b0\u1ee3u vang mang t\u1ea7m v\u00f3c Ch\u00e2u \u00c2u. H\u01a1n m\u1ed9t th\u1ebf k\u1ef7 sau khi th\u00e0nh l\u1eadp. Schenk \u0111\u00e3 ph\u00e1t tri\u1ec3n c\u00e1c nh\u00e0 m\u00e1y t\u1ea1i Ph\u00e1p, \u00dd, T\u00e2y Ban Nha, \u0110\u1ee9c v\u00e0 Anh.<\/span><\/p>\n<p><span style=\"font-size: 120%;\">C\u1ea5u tr\u00fac to\u00e0n Ch\u00e2u \u00c2u n\u00e0y l\u00e0m cho Schenk tr\u1edf th\u00e0nh m\u1ed9t t\u1ed5 ch\u1ee9c \u0111\u1ed9c \u0111\u00e1o v\u1ec1 s\u1ea3n xu\u1ea5t r\u01b0\u1ee3u vang qu\u1ed1c t\u1ebf. Ph\u1ea1m vi ho\u1ea1t \u0111\u1ed9ng c\u1ee7a Schenk bao tr\u00f9m to\u00e0n b\u1ed9 vi\u1ec7c s\u1ea3n xu\u1ea5t r\u01b0\u1ee3u vang, \u0111\u1ebfn qu\u1ea3n l\u00fd v\u01b0\u1eddn nho theo ti\u00eau chu\u1ea9n v\u00e0 b\u00e1n h\u00e0ng. Schenk \u0111\u00e3 duy tr\u00ec cam k\u1ebft s\u1ea3n xu\u1ea5t r\u01b0\u1ee3u vang ch\u1ea5t l\u01b0\u1ee3ng b\u1eb1ng c\u00e1ch \u0111\u1ea7u t\u01b0 v\u00e0o c\u00e1c v\u01b0\u1eddn nho theo h\u01b0\u1edbng b\u1ec1n v\u1eefng. K\u1ebft h\u1ee3p c\u00f9ng ngh\u1ec7 hi\u1ec7n \u0111\u1ea1i \u0111\u1ec3 t\u1ea1o ra nh\u1eefng chai r\u01b0\u1ee3u vang t\u1ed1t nh\u1ea5t.<\/span><\/p>\n<p><img loading=\"lazy\" decoding=\"async\" class=\"aligncenter wp-image-1332\" src=\"https:\/\/rwinevietnam.com\/home\/wp-content\/uploads\/2024\/02\/IMG_7430-1024x968.jpeg\" alt=\"\" width=\"624\" height=\"590\" srcset=\"https:\/\/rwinevietnam.com\/home\/wp-content\/uploads\/2024\/02\/IMG_7430-1024x968.jpeg 1024w, https:\/\/rwinevietnam.com\/home\/wp-content\/uploads\/2024\/02\/IMG_7430-300x284.jpeg 300w, https:\/\/rwinevietnam.com\/home\/wp-content\/uploads\/2024\/02\/IMG_7430-768x726.jpeg 768w, https:\/\/rwinevietnam.com\/home\/wp-content\/uploads\/2024\/02\/IMG_7430-1536x1452.jpeg 1536w, https:\/\/rwinevietnam.com\/home\/wp-content\/uploads\/2024\/02\/IMG_7430-600x567.jpeg 600w, https:\/\/rwinevietnam.com\/home\/wp-content\/uploads\/2024\/02\/IMG_7430.jpeg 1823w\" sizes=\"auto, (max-width: 624px) 100vw, 624px\" \/><\/p>\n<p>&nbsp;<\/p>\n<p><span style=\"font-size: 120%;\">Th\u01b0\u1edfng th\u1ee9c r\u01b0\u1ee3u vang M Moscato Cavatina Premium<\/span><\/p>\n<p><span style=\"font-size: 120%;\"><strong>M\u00e0u s\u1eafc:\u00a0<\/strong>R\u01b0\u1ee3u s\u1ee7i t\u0103m m\u00e0u v\u00e0ng r\u01a1m nh\u1ea1t v\u1edbi bong b\u00f3ng v\u00e0ng nh\u1ecf ly ti \u0111\u1eb9p m\u1eaft.<\/span><\/p>\n<p><span style=\"font-size: 120%;\"><strong>M\u00f9i h\u01b0\u01a1ng:\u00a0<\/strong>H\u01b0\u01a1ng hoa t\u01b0\u01a1i m\u00e1t v\u00e0 s\u1eafc th\u00e1i m\u1eadt ong, hoa tr\u1eafng v\u00e0 \u0111\u00e0o tr\u00ean m\u0169i, h\u1ed7 tr\u1ee3 b\u1edfi h\u01b0\u01a1ng v\u1ecb c\u1ee7a tr\u00e1i c\u00e2y v\u1edbi g\u1ee3i \u00fd c\u1ee7a h\u1ea1nh nh\u00e2n. H\u01b0\u01a1ng v\u1ecb t\u01b0\u01a1i m\u00e1t v\u00e0 ng\u1ecdt ng\u00e0o c\u1ee7a tr\u00e1i c\u00e2y nhi\u1ec7t \u0111\u1edbi s\u1ebd \u0111em l\u1ea1i c\u00f3 qu\u00fd kh\u00e1ch m\u1ed9t c\u1ea3m gi\u00e1c s\u1ea3ng kho\u00e1i b\u1ea5t t\u1eadn.<\/span><\/p>\n<p><span style=\"font-size: 120%;\"><strong>H\u01b0\u01a1ng v\u1ecb:\u00a0<\/strong>H\u01b0\u01a1ng v\u1ecb c\u1ee7a r\u01b0\u1ee3u vang Moscato h\u00e0i h\u00f2a, t\u01b0\u01a1i m\u00e1t, ng\u1ecdt ng\u00e0o, v\u1edbi t\u00f4ng m\u00e0u hoa x\u1ea1 h\u01b0\u01a1ng v\u00e0 m\u1ed9t d\u01b0 v\u1ecb nh\u1eb9.<\/span><\/p>\n<p><span style=\"font-size: 120%;\"><strong>K\u1ebft h\u1ee3p \u1ea9m th\u1ef1c:\u00a0<\/strong>R\u01b0\u1ee3u l\u00e0 h\u00e0i h\u00f2a v\u1edbi c\u00e1c m\u00f3n tr\u00e1ng mi\u1ec7ng, tr\u00e1i c\u00e2y v\u00e0 pho m\u00e1t. C\u00f3 th\u1ec3 \u0111\u01b0\u1ee3c ph\u1ee5c v\u1ee5 nh\u01b0 m\u1ed9t lo\u1ea1i r\u01b0\u1ee3u khai v\u1ecb.<\/span><\/p>\n<p><span style=\"font-size: 120%;\"><strong>Ph\u1ee5c v\u1ee5:<\/strong>\u00a0Th\u01b0\u1edfng th\u1ee9c ngon h\u01a1n khi \u01b0\u1edbp l\u1ea1nh \u1edf nhi\u1ec7t \u0111\u1ed9 8 \u2013 12 \u0111\u1ed9 C.<\/span><\/p>\n<p><span style=\"font-size: 120%;\">R.wine \u0111\u00e3 nh\u1eadp v\u00e0 ph\u00e2n ph\u1ed1i<strong>\u00a0M Moscato Cavatina Premium<\/strong>\u00a0ch\u00ednh h\u00e3ng v\u1edbi gi\u00e1 th\u00e0nh t\u1ed1t nh\u1ea5t \u0111\u1ebfn ng\u01b0\u1eddi ti\u00eau d\u00f9ng.<\/span><\/p>\n<p><span style=\"font-size: 120%;\">S\u1ea3n ph\u1ea9m<strong>\u00a0M Moscato Cavatina Premium<\/strong>\u00a0\u0111\u01b0\u1ee3c s\u1ea3n xu\u1ea5t v\u1edbi quy tr\u00ecnh ch\u1ebf bi\u1ebfn nghi\u00eam ng\u1eb7t, t\u1eeb vi\u1ec7c l\u1ef1a ch\u1ecdn c\u00e1c gi\u1ed1ng nho truy\u1ec1n th\u1ed1ng, \u0111\u1ebfn qu\u00e1 tr\u00ecnh ch\u0103m s\u00f3c v\u00e0 thu ho\u1ea1ch nho ho\u00e0n to\u00e0n th\u1ee7 c\u00f4ng. Sau \u0111\u00f3, c\u00e1c qu\u00e1 tr\u00ecnh l\u00ean men v\u00e0 ch\u01b0ng c\u1ea5t c\u0169ng \u0111\u01b0\u1ee3c th\u1ef1c hi\u1ec7n v\u1edbi s\u1ef1 t\u1eadn t\u00e2m v\u00e0 k\u1ef9 n\u0103ng c\u1ee7a nh\u1eefng ng\u01b0\u1eddi th\u1ee3 l\u00e0nh ngh\u1ec1.<\/span><\/p>\n<p><span style=\"font-size: 120%;\">V\u1edbi ch\u1ea5t l\u01b0\u1ee3ng \u0111\u1ea3m b\u1ea3o v\u00e0 h\u01b0\u01a1ng v\u1ecb \u0111\u1eb7c tr\u01b0ng, M Moscato Cavatina Premium \u0111\u00e3 \u0111\u01b0\u1ee3c \u0111\u00e1nh gi\u00e1 cao trong c\u1ed9ng \u0111\u1ed3ng ng\u01b0\u1eddi y\u00eau r\u01b0\u1ee3u vang tr\u00ean to\u00e0n th\u1ebf gi\u1edbi. \u0110\u00e2y l\u00e0 m\u1ed9t s\u1ea3n ph\u1ea9m th\u00edch h\u1ee3p cho c\u00e1c b\u1eefa ti\u1ec7c v\u00e0 d\u1ecbp h\u1ed9i h\u1ecdp, c\u0169ng nh\u01b0 \u0111\u1ec3 th\u01b0\u1edfng th\u1ee9c trong c\u00e1c d\u1ecbp \u0111\u1eb7c bi\u1ec7t.<\/span><\/p>\n<p>&nbsp;<\/p>\n","protected":false},"excerpt":{"rendered":"<table style=\"border-collapse: collapse; width: 100%; height: 136px;\">\n<tbody>\n<tr style=\"height: 21px;\">\n<td style=\"width: 50%; height: 21px;\">Xu\u1ea5t x\u1ee9<\/td>\n<td style=\"width: 50%; height: 21px;\">\u00dd<\/td>\n<\/tr>\n<tr style=\"height: 21px;\">\n<td style=\"width: 50%; height: 21px;\">Ph\u00e2n lo\u1ea1i<\/td>\n<td style=\"width: 50%; height: 21px;\">Vang Sparkling<\/td>\n<\/tr>\n<tr style=\"height: 21px;\">\n<td style=\"width: 50%; height: 21px;\">N\u1ed3ng \u0111\u1ed9<\/td>\n<td style=\"width: 50%; height: 21px;\">8,5 %<\/td>\n<\/tr>\n<tr style=\"height: 21px;\">\n<td style=\"width: 50%; height: 21px;\">Dung t\u00edch<\/td>\n<td style=\"width: 50%; height: 21px;\">\u00a0750ml<\/td>\n<\/tr>\n<tr style=\"height: 21px;\">\n<td style=\"width: 50%; height: 21px;\">Gi\u1ed1ng nho<\/td>\n<td style=\"width: 50%; height: 21px;\">Moscato<\/td>\n<\/tr>\n<tr style=\"height: 21px;\">\n<td style=\"width: 50%; height: 10px;\">V\u00f9ng Vang<\/td>\n<td style=\"width: 50%; height: 10px;\">Vidor<\/td>\n<\/tr>\n<tr style=\"height: 21px;\">\n<td style=\"width: 50%; height: 21px;\">Nh\u00e0 s\u1ea3n xu\u1ea5t<\/td>\n<td style=\"width: 50%; height: 21px;\">Schenk<\/td>\n<\/tr>\n<\/tbody>\n<\/table>\n<p>&nbsp;<\/p>\n","protected":false},"featured_media":1331,"comment_status":"closed","ping_status":"closed","template":"","meta":{"_acf_changed":false},"product_brand":[],"product_cat":[230,27,26,354,29,355],"product_tag":[356,357,359,266,184,360,247,358,153,361],"class_list":{"0":"post-1330","1":"product","2":"type-product","3":"status-publish","4":"has-post-thumbnail","6":"product_cat-moscato","7":"product_cat-ruou-vang","8":"product_cat-san-pham-noi-bat","9":"product_cat-sparling","10":"product_cat-vang-y","11":"product_cat-vidor","12":"product_tag-cavatina","13":"product_tag-cavatina-premium","14":"product_tag-do-thap","15":"product_tag-moscato","16":"product_tag-ruou-vang-gia-re","17":"product_tag-sparkling","18":"product_tag-vang-ngot","19":"product_tag-vang-nhe-do","20":"product_tag-vang-y","21":"product_tag-vidor","23":"first","24":"instock","25":"shipping-taxable","26":"product-type-simple"},"acf":[],"yoast_head":"<!-- This site is optimized with the Yoast SEO plugin v26.8 - https:\/\/yoast.com\/product\/yoast-seo-wordpress\/ -->\n<title>R\u01b0\u1ee3u Vang \u00dd Moscato Cavatina Premium - R.WINE<\/title>\n<meta name=\"robots\" content=\"noindex, follow\" \/>\n<meta property=\"og:locale\" content=\"vi_VN\" \/>\n<meta property=\"og:type\" content=\"article\" \/>\n<meta property=\"og:title\" content=\"R\u01b0\u1ee3u Vang \u00dd Moscato Cavatina Premium - R.WINE\" \/>\n<meta property=\"og:description\" content=\"Xu\u1ea5t x\u1ee9 \u00dd   Ph\u00e2n lo\u1ea1i Vang Sparkling   N\u1ed3ng \u0111\u1ed9 8,5 %   Dung t\u00edch \u00a0750ml   Gi\u1ed1ng nho Moscato   V\u00f9ng Vang Vidor   Nh\u00e0 s\u1ea3n xu\u1ea5t Schenk    &nbsp;\" \/>\n<meta property=\"og:url\" content=\"https:\/\/rwinevietnam.com\/home\/ruou-vang-y-moscato-cavatina-premium\/\" \/>\n<meta property=\"og:site_name\" content=\"R.WINE\" \/>\n<meta property=\"article:modified_time\" content=\"2024-02-07T03:26:42+00:00\" \/>\n<meta property=\"og:image\" content=\"https:\/\/rwinevietnam.com\/home\/wp-content\/uploads\/2024\/02\/IMG_7429.jpeg\" \/>\n\t<meta property=\"og:image:width\" content=\"1536\" \/>\n\t<meta property=\"og:image:height\" content=\"2048\" \/>\n\t<meta property=\"og:image:type\" content=\"image\/jpeg\" \/>\n<meta name=\"twitter:card\" content=\"summary_large_image\" \/>\n<script type=\"application\/ld+json\" class=\"yoast-schema-graph\">{\"@context\":\"https:\/\/schema.org\",\"@graph\":[{\"@type\":\"WebPage\",\"@id\":\"https:\/\/rwinevietnam.com\/home\/ruou-vang-y-moscato-cavatina-premium\/\",\"url\":\"https:\/\/rwinevietnam.com\/home\/ruou-vang-y-moscato-cavatina-premium\/\",\"name\":\"R\u01b0\u1ee3u Vang \u00dd Moscato Cavatina Premium - R.WINE\",\"isPartOf\":{\"@id\":\"https:\/\/rwinevietnam.com\/home\/#website\"},\"primaryImageOfPage\":{\"@id\":\"https:\/\/rwinevietnam.com\/home\/ruou-vang-y-moscato-cavatina-premium\/#primaryimage\"},\"image\":{\"@id\":\"https:\/\/rwinevietnam.com\/home\/ruou-vang-y-moscato-cavatina-premium\/#primaryimage\"},\"thumbnailUrl\":\"https:\/\/rwinevietnam.com\/home\/wp-content\/uploads\/2024\/02\/IMG_7429.jpeg\",\"datePublished\":\"2024-02-07T03:07:46+00:00\",\"dateModified\":\"2024-02-07T03:26:42+00:00\",\"breadcrumb\":{\"@id\":\"https:\/\/rwinevietnam.com\/home\/ruou-vang-y-moscato-cavatina-premium\/#breadcrumb\"},\"inLanguage\":\"vi\",\"potentialAction\":[{\"@type\":\"ReadAction\",\"target\":[\"https:\/\/rwinevietnam.com\/home\/ruou-vang-y-moscato-cavatina-premium\/\"]}]},{\"@type\":\"ImageObject\",\"inLanguage\":\"vi\",\"@id\":\"https:\/\/rwinevietnam.com\/home\/ruou-vang-y-moscato-cavatina-premium\/#primaryimage\",\"url\":\"https:\/\/rwinevietnam.com\/home\/wp-content\/uploads\/2024\/02\/IMG_7429.jpeg\",\"contentUrl\":\"https:\/\/rwinevietnam.com\/home\/wp-content\/uploads\/2024\/02\/IMG_7429.jpeg\",\"width\":1536,\"height\":2048},{\"@type\":\"BreadcrumbList\",\"@id\":\"https:\/\/rwinevietnam.com\/home\/ruou-vang-y-moscato-cavatina-premium\/#breadcrumb\",\"itemListElement\":[{\"@type\":\"ListItem\",\"position\":1,\"name\":\"Trang ch\u1ee7\",\"item\":\"https:\/\/rwinevietnam.com\/home\/\"},{\"@type\":\"ListItem\",\"position\":2,\"name\":\"S\u1ea3n ph\u1ea9m\",\"item\":\"https:\/\/rwinevietnam.com\/home\/san-pham\/\"},{\"@type\":\"ListItem\",\"position\":3,\"name\":\"R\u01b0\u1ee3u Vang \u00dd Moscato Cavatina Premium\"}]},{\"@type\":\"WebSite\",\"@id\":\"https:\/\/rwinevietnam.com\/home\/#website\",\"url\":\"https:\/\/rwinevietnam.com\/home\/\",\"name\":\"R.WINE\",\"description\":\"C\u00d4NG TY C\u1ed4 PH\u1ea6N XU\u1ea4T KH\u1ea8U NH\u1eacP KH\u1ea8U\",\"potentialAction\":[{\"@type\":\"SearchAction\",\"target\":{\"@type\":\"EntryPoint\",\"urlTemplate\":\"https:\/\/rwinevietnam.com\/home\/?s={search_term_string}\"},\"query-input\":{\"@type\":\"PropertyValueSpecification\",\"valueRequired\":true,\"valueName\":\"search_term_string\"}}],\"inLanguage\":\"vi\"}]}<\/script>\n<!-- \/ Yoast SEO plugin. -->","yoast_head_json":{"title":"R\u01b0\u1ee3u Vang \u00dd Moscato Cavatina Premium - R.WINE","robots":{"index":"noindex","follow":"follow"},"og_locale":"vi_VN","og_type":"article","og_title":"R\u01b0\u1ee3u Vang \u00dd Moscato Cavatina Premium - R.WINE","og_description":"Xu\u1ea5t x\u1ee9 \u00dd   Ph\u00e2n lo\u1ea1i Vang Sparkling   N\u1ed3ng \u0111\u1ed9 8,5 %   Dung t\u00edch \u00a0750ml   Gi\u1ed1ng nho Moscato   V\u00f9ng Vang Vidor   Nh\u00e0 s\u1ea3n xu\u1ea5t Schenk    &nbsp;","og_url":"https:\/\/rwinevietnam.com\/home\/ruou-vang-y-moscato-cavatina-premium\/","og_site_name":"R.WINE","article_modified_time":"2024-02-07T03:26:42+00:00","og_image":[{"width":1536,"height":2048,"url":"https:\/\/rwinevietnam.com\/home\/wp-content\/uploads\/2024\/02\/IMG_7429.jpeg","type":"image\/jpeg"}],"twitter_card":"summary_large_image","schema":{"@context":"https:\/\/schema.org","@graph":[{"@type":"WebPage","@id":"https:\/\/rwinevietnam.com\/home\/ruou-vang-y-moscato-cavatina-premium\/","url":"https:\/\/rwinevietnam.com\/home\/ruou-vang-y-moscato-cavatina-premium\/","name":"R\u01b0\u1ee3u Vang \u00dd Moscato Cavatina Premium - R.WINE","isPartOf":{"@id":"https:\/\/rwinevietnam.com\/home\/#website"},"primaryImageOfPage":{"@id":"https:\/\/rwinevietnam.com\/home\/ruou-vang-y-moscato-cavatina-premium\/#primaryimage"},"image":{"@id":"https:\/\/rwinevietnam.com\/home\/ruou-vang-y-moscato-cavatina-premium\/#primaryimage"},"thumbnailUrl":"https:\/\/rwinevietnam.com\/home\/wp-content\/uploads\/2024\/02\/IMG_7429.jpeg","datePublished":"2024-02-07T03:07:46+00:00","dateModified":"2024-02-07T03:26:42+00:00","breadcrumb":{"@id":"https:\/\/rwinevietnam.com\/home\/ruou-vang-y-moscato-cavatina-premium\/#breadcrumb"},"inLanguage":"vi","potentialAction":[{"@type":"ReadAction","target":["https:\/\/rwinevietnam.com\/home\/ruou-vang-y-moscato-cavatina-premium\/"]}]},{"@type":"ImageObject","inLanguage":"vi","@id":"https:\/\/rwinevietnam.com\/home\/ruou-vang-y-moscato-cavatina-premium\/#primaryimage","url":"https:\/\/rwinevietnam.com\/home\/wp-content\/uploads\/2024\/02\/IMG_7429.jpeg","contentUrl":"https:\/\/rwinevietnam.com\/home\/wp-content\/uploads\/2024\/02\/IMG_7429.jpeg","width":1536,"height":2048},{"@type":"BreadcrumbList","@id":"https:\/\/rwinevietnam.com\/home\/ruou-vang-y-moscato-cavatina-premium\/#breadcrumb","itemListElement":[{"@type":"ListItem","position":1,"name":"Trang ch\u1ee7","item":"https:\/\/rwinevietnam.com\/home\/"},{"@type":"ListItem","position":2,"name":"S\u1ea3n ph\u1ea9m","item":"https:\/\/rwinevietnam.com\/home\/san-pham\/"},{"@type":"ListItem","position":3,"name":"R\u01b0\u1ee3u Vang \u00dd Moscato Cavatina Premium"}]},{"@type":"WebSite","@id":"https:\/\/rwinevietnam.com\/home\/#website","url":"https:\/\/rwinevietnam.com\/home\/","name":"R.WINE","description":"C\u00d4NG TY C\u1ed4 PH\u1ea6N XU\u1ea4T KH\u1ea8U NH\u1eacP KH\u1ea8U","potentialAction":[{"@type":"SearchAction","target":{"@type":"EntryPoint","urlTemplate":"https:\/\/rwinevietnam.com\/home\/?s={search_term_string}"},"query-input":{"@type":"PropertyValueSpecification","valueRequired":true,"valueName":"search_term_string"}}],"inLanguage":"vi"}]}},"_links":{"self":[{"href":"https:\/\/rwinevietnam.com\/home\/wp-json\/wp\/v2\/product\/1330","targetHints":{"allow":["GET"]}}],"collection":[{"href":"https:\/\/rwinevietnam.com\/home\/wp-json\/wp\/v2\/product"}],"about":[{"href":"https:\/\/rwinevietnam.com\/home\/wp-json\/wp\/v2\/types\/product"}],"replies":[{"embeddable":true,"href":"https:\/\/rwinevietnam.com\/home\/wp-json\/wp\/v2\/comments?post=1330"}],"wp:featuredmedia":[{"embeddable":true,"href":"https:\/\/rwinevietnam.com\/home\/wp-json\/wp\/v2\/media\/1331"}],"wp:attachment":[{"href":"https:\/\/rwinevietnam.com\/home\/wp-json\/wp\/v2\/media?parent=1330"}],"wp:term":[{"taxonomy":"product_brand","embeddable":true,"href":"https:\/\/rwinevietnam.com\/home\/wp-json\/wp\/v2\/product_brand?post=1330"},{"taxonomy":"product_cat","embeddable":true,"href":"https:\/\/rwinevietnam.com\/home\/wp-json\/wp\/v2\/product_cat?post=1330"},{"taxonomy":"product_tag","embeddable":true,"href":"https:\/\/rwinevietnam.com\/home\/wp-json\/wp\/v2\/product_tag?post=1330"}],"curies":[{"name":"wp","href":"https:\/\/api.w.org\/{rel}","templated":true}]}}