{"id":1326,"date":"2024-01-28T08:44:18","date_gmt":"2024-01-28T08:44:18","guid":{"rendered":"https:\/\/rwinevietnam.com\/home\/?post_type=product&#038;p=1326"},"modified":"2024-01-28T08:52:31","modified_gmt":"2024-01-28T08:52:31","slug":"ruou-vang-phap-chateau-de-iorangerie","status":"publish","type":"product","link":"https:\/\/rwinevietnam.com\/home\/ruou-vang-phap-chateau-de-iorangerie\/","title":{"rendered":"R\u01b0\u1ee3u Vang Ph\u00e1p Chateau de l\u2019Orangerie"},"content":{"rendered":"<p><span style=\"font-size: 120%;\"><strong>Chateau de l\u2019Orangerie<\/strong>\u00a0l\u00e0 m\u1ed9t lo\u1ea1i vang \u0111\u1ecf \u0111\u1eb7c bi\u1ec7t \u0111\u1ebfn t\u1eeb Ph\u00e1p, \u0111\u01b0\u1ee3c s\u1ea3n xu\u1ea5t t\u1ea1i m\u1ed9t chateau t\u1ea1i v\u00f9ng nho n\u1ed5i ti\u1ebfng c\u1ee7a n\u01b0\u1edbc n\u00e0y. V\u1edbi m\u00e0u \u0111\u1ecf r\u1ef1c r\u1ee1 v\u00e0 h\u01b0\u01a1ng th\u01a1m ph\u1ee9c h\u1ee3p c\u1ee7a tr\u00e1i c\u00e2y \u0111en, anh \u0111\u00e0o, m\u1eadn v\u00e0 h\u01b0\u01a1ng gia v\u1ecb, vang n\u00e0y th\u1ec3 hi\u1ec7n s\u1ef1 tinh t\u1ebf v\u00e0 \u0111a d\u1ea1ng trong h\u01b0\u01a1ng v\u1ecb.<\/span><\/p>\n<p><img loading=\"lazy\" decoding=\"async\" class=\"aligncenter  wp-image-1328\" src=\"https:\/\/rwinevietnam.com\/home\/wp-content\/uploads\/2024\/01\/ruou-vang-phap-mac-thiec-orangerie-701x400-1.jpg\" alt=\"\" width=\"494\" height=\"282\" srcset=\"https:\/\/rwinevietnam.com\/home\/wp-content\/uploads\/2024\/01\/ruou-vang-phap-mac-thiec-orangerie-701x400-1.jpg 701w, https:\/\/rwinevietnam.com\/home\/wp-content\/uploads\/2024\/01\/ruou-vang-phap-mac-thiec-orangerie-701x400-1-300x171.jpg 300w, https:\/\/rwinevietnam.com\/home\/wp-content\/uploads\/2024\/01\/ruou-vang-phap-mac-thiec-orangerie-701x400-1-600x342.jpg 600w\" sizes=\"auto, (max-width: 494px) 100vw, 494px\" \/><\/p>\n<p>&nbsp;<\/p>\n<p>&nbsp;<\/p>\n<p><span style=\"font-size: 120%;\">S\u1ea3n xu\u1ea5t t\u1eeb nh\u1eefng tr\u00e1i nho ch\u1ea5t l\u01b0\u1ee3ng v\u00e0 \u0111\u01b0\u1ee3c ch\u0103m s\u00f3c k\u1ef9 l\u01b0\u1ee1ng trong qu\u00e1 tr\u00ecnh l\u00ean men, Chateau de l\u2019Orangerie th\u1ec3 hi\u1ec7n s\u1ef1 t\u00f4n tr\u1ecdng v\u00e0 \u0111am m\u00ea c\u1ee7a ng\u01b0\u1eddi l\u00e0m r\u01b0\u1ee3u vang Ph\u00e1p. Gi\u1ed1ng nho ch\u1ee7 \u0111\u1ea1o th\u01b0\u1eddng l\u00e0 Cabernet Sauvignon ho\u1eb7c Merlot, t\u00f9y thu\u1ed9c v\u00e0o phi\u00ean b\u1ea3n c\u1ee7a vang.<\/span><\/p>\n<p><span style=\"font-size: 120%;\">V\u1edbi c\u1ea5u tr\u00fac tannin m\u1ec1m m\u1ea1i v\u00e0 v\u1ecb chua c\u00e2n b\u1eb1ng, vang Chateau de l\u2019Orangerie th\u00edch h\u1ee3p \u0111\u1ec3 th\u01b0\u1edfng th\u1ee9c c\u00f9ng v\u1edbi c\u00e1c m\u00f3n \u0103n \u0111\u1eadm \u0111\u00e0 nh\u01b0 th\u1ecbt n\u01b0\u1edbng, th\u1ecbt b\u00f2, th\u1ecbt c\u1eebu, v\u00e0 ph\u00f4 mai ch\u00edn.<\/span><\/p>\n<p><span style=\"font-size: 120%;\">V\u1edbi t\u00ean g\u1ecdi \u201cChateau de l\u2019Orangerie,\u201d vang n\u00e0y mang \u0111\u1ebfn h\u00ecnh \u1ea3nh c\u1ee7a nh\u1eefng chateau c\u1ed5 k\u00ednh v\u00e0 s\u1ef1 tao nh\u00e3 c\u1ee7a ngh\u1ec7 thu\u1eadt l\u00e0m r\u01b0\u1ee3u vang Ph\u00e1p. L\u00e0 m\u1ed9t trong nh\u1eefng lo\u1ea1i vang c\u00f3 ngu\u1ed3n g\u1ed1c t\u1eeb Ph\u00e1p, Chateau de l\u2019Orangerie mang \u0111\u1ebfn s\u1ef1 \u0111a d\u1ea1ng v\u00e0 tinh t\u1ebf trong th\u1ebf gi\u1edbi vang Ph\u00e1p \u0111\u1eb3ng c\u1ea5p.<\/span><\/p>\n<p><span style=\"font-size: 120%;\">R\u01b0\u1ee3u c\u00f3 m\u00e0u \u0111\u1ecf \u0111\u1eadm xen l\u1eabn \u00e1nh t\u00edm. Khi m\u1edbi \u0111\u01b0a l\u00ean m\u0169i ta th\u1ea5y ngay m\u00f9i th\u01a1m \u0111\u1eadm \u0111\u00e0 c\u1ee7a c\u00e1c lo\u1ea1i tr\u00e1i c\u00e2y kh\u00f4, m\u1eadn, moka v\u00e0 cafe rang. Khi nh\u1ea5p trong mi\u1ec7ng ta c\u00f3 th\u1ec3 c\u1ea3m nh\u1eadn \u0111\u01b0\u1ee3c m\u00f9i h\u01b0\u01a1ng tinh t\u1ebf ph\u1ee9c h\u1ee3p cay n\u1ed3ng c\u1ee7a g\u1ed7 s\u1ed3i Ph\u00e1p (\u1ee7 12 th\u00e1ng trong th\u00f9ng g\u1ed7 s\u1ed3i Ph\u00e1p).<\/span><\/p>\n<p><span style=\"font-size: 120%;\">L\u1edbp tannin c\u00e2n \u0111\u1ed1i t\u1ea1o s\u1ef1 tinh t\u1ebf, c\u00e2n b\u1eb1ng, tr\u00f2n tr\u1ecba. Sau khi u\u1ed1ng xong, d\u01b0 v\u1ecb vang \u0111\u1ecdng l\u1ea1i r\u1ea5t l\u00e2u trong v\u00f2m mi\u1ec7ng t\u1ea1o m\u1ed9t k\u1ebft th\u00fac s\u1ea3ng kho\u00e1i d\u00e0i l\u00e2u.<\/span><\/p>\n<p><span style=\"font-size: 120%;\">\u0110\u01b0\u1ee3c ph\u1ee5c v\u1ee5 l\u00fd t\u01b0\u1edfng \u1edf nhi\u1ec7t \u0111\u1ed9 16 \u2013 18 \u00b0 C v\u1edbi c\u00e1c lo\u1ea1i th\u1ecbt \u0111\u1ecf, th\u1ecbt th\u00fa v\u00e0 fomai c\u1ee9ng\u2026 Premier Vin du Ch\u00e2teau de L\u2019Orangerie c\u00f3 th\u1ec3 \u0111\u01b0\u1ee3c b\u1ea3o t\u1ed3n trong 20 n\u0103m.<\/span><\/p>\n<p><img loading=\"lazy\" decoding=\"async\" class=\"aligncenter  wp-image-1329\" src=\"https:\/\/rwinevietnam.com\/home\/wp-content\/uploads\/2024\/01\/IMG_7369-1024x768.jpeg\" alt=\"\" width=\"575\" height=\"431\" srcset=\"https:\/\/rwinevietnam.com\/home\/wp-content\/uploads\/2024\/01\/IMG_7369-1024x768.jpeg 1024w, https:\/\/rwinevietnam.com\/home\/wp-content\/uploads\/2024\/01\/IMG_7369-300x225.jpeg 300w, https:\/\/rwinevietnam.com\/home\/wp-content\/uploads\/2024\/01\/IMG_7369-768x576.jpeg 768w, https:\/\/rwinevietnam.com\/home\/wp-content\/uploads\/2024\/01\/IMG_7369-1536x1152.jpeg 1536w, https:\/\/rwinevietnam.com\/home\/wp-content\/uploads\/2024\/01\/IMG_7369-600x450.jpeg 600w, https:\/\/rwinevietnam.com\/home\/wp-content\/uploads\/2024\/01\/IMG_7369.jpeg 2048w\" sizes=\"auto, (max-width: 575px) 100vw, 575px\" \/><\/p>\n","protected":false},"excerpt":{"rendered":"<table style=\"border-collapse: collapse; width: 100%; height: 136px;\">\n<tbody>\n<tr style=\"height: 21px;\">\n<td style=\"width: 50%; height: 21px;\">Xu\u1ea5t x\u1ee9<\/td>\n<td style=\"width: 50%; height: 21px;\">Ph\u00e1p<\/td>\n<\/tr>\n<tr style=\"height: 21px;\">\n<td style=\"width: 50%; height: 21px;\">Ph\u00e2n lo\u1ea1i<\/td>\n<td style=\"width: 50%; height: 21px;\">Vang \u0111\u1ecf<\/td>\n<\/tr>\n<tr style=\"height: 21px;\">\n<td style=\"width: 50%; height: 21px;\">N\u1ed3ng \u0111\u1ed9<\/td>\n<td style=\"width: 50%; height: 21px;\">13%<\/td>\n<\/tr>\n<tr style=\"height: 21px;\">\n<td style=\"width: 50%; height: 21px;\">Dung t\u00edch<\/td>\n<td style=\"width: 50%; height: 21px;\">750ml<\/td>\n<\/tr>\n<tr style=\"height: 21px;\">\n<td style=\"width: 50%; height: 21px;\">Gi\u1ed1ng nho<\/td>\n<td style=\"width: 50%; height: 21px;\">Cabernet sauvignon, Merlot, Petit Verdot.<\/td>\n<\/tr>\n<tr style=\"height: 21px;\">\n<td style=\"width: 50%; height: 21px;\">Ni\u00ean v\u1ee5<\/td>\n<td style=\"width: 50%; height: 21px;\">2016<\/td>\n<\/tr>\n<tr style=\"height: 21px;\">\n<td style=\"width: 50%; height: 21px;\"><\/td>\n<td style=\"width: 50%; height: 21px;\"><\/td>\n<\/tr>\n<\/tbody>\n<\/table>\n<p>&nbsp;<\/p>\n","protected":false},"featured_media":1327,"comment_status":"closed","ping_status":"closed","template":"","meta":{"_acf_changed":false},"product_brand":[],"product_cat":[77,291,78,27,85,26,62,28],"product_tag":[292,352,351,353,184,197,200],"class_list":{"0":"post-1326","1":"product","2":"type-product","3":"status-publish","4":"has-post-thumbnail","6":"product_cat-cabernet-sauvignon","7":"product_cat-chateau","8":"product_cat-merlot","9":"product_cat-ruou-vang","10":"product_cat-ruou-vang-bordeaux","11":"product_cat-san-pham-noi-bat","12":"product_cat-vang-do","13":"product_cat-vang-phap","14":"product_tag-chateau","15":"product_tag-chateau-de","16":"product_tag-chateau-de-lorangerie","17":"product_tag-orangerie","18":"product_tag-ruou-vang-gia-re","19":"product_tag-vang-do","20":"product_tag-vang-phap","22":"first","23":"instock","24":"shipping-taxable","25":"product-type-simple"},"acf":[],"yoast_head":"<!-- This site is optimized with the Yoast SEO plugin v26.8 - https:\/\/yoast.com\/product\/yoast-seo-wordpress\/ -->\n<title>R\u01b0\u1ee3u Vang Ph\u00e1p Chateau de l\u2019Orangerie - R.WINE<\/title>\n<meta name=\"robots\" content=\"noindex, follow\" \/>\n<meta property=\"og:locale\" content=\"vi_VN\" \/>\n<meta property=\"og:type\" content=\"article\" \/>\n<meta property=\"og:title\" content=\"R\u01b0\u1ee3u Vang Ph\u00e1p Chateau de l\u2019Orangerie - R.WINE\" \/>\n<meta property=\"og:description\" content=\"Xu\u1ea5t x\u1ee9 Ph\u00e1p   Ph\u00e2n lo\u1ea1i Vang \u0111\u1ecf   N\u1ed3ng \u0111\u1ed9 13%   Dung t\u00edch 750ml   Gi\u1ed1ng nho Cabernet sauvignon, Merlot, Petit Verdot.   Ni\u00ean v\u1ee5 2016        &nbsp;\" \/>\n<meta property=\"og:url\" content=\"https:\/\/rwinevietnam.com\/home\/ruou-vang-phap-chateau-de-iorangerie\/\" \/>\n<meta property=\"og:site_name\" content=\"R.WINE\" \/>\n<meta property=\"article:modified_time\" content=\"2024-01-28T08:52:31+00:00\" \/>\n<meta property=\"og:image\" content=\"https:\/\/rwinevietnam.com\/home\/wp-content\/uploads\/2024\/01\/IMG_7367.jpeg\" \/>\n\t<meta property=\"og:image:width\" content=\"1536\" \/>\n\t<meta property=\"og:image:height\" content=\"2048\" \/>\n\t<meta property=\"og:image:type\" content=\"image\/jpeg\" \/>\n<meta name=\"twitter:card\" content=\"summary_large_image\" \/>\n<script type=\"application\/ld+json\" class=\"yoast-schema-graph\">{\"@context\":\"https:\/\/schema.org\",\"@graph\":[{\"@type\":\"WebPage\",\"@id\":\"https:\/\/rwinevietnam.com\/home\/ruou-vang-phap-chateau-de-iorangerie\/\",\"url\":\"https:\/\/rwinevietnam.com\/home\/ruou-vang-phap-chateau-de-iorangerie\/\",\"name\":\"R\u01b0\u1ee3u Vang Ph\u00e1p Chateau de l\u2019Orangerie - R.WINE\",\"isPartOf\":{\"@id\":\"https:\/\/rwinevietnam.com\/home\/#website\"},\"primaryImageOfPage\":{\"@id\":\"https:\/\/rwinevietnam.com\/home\/ruou-vang-phap-chateau-de-iorangerie\/#primaryimage\"},\"image\":{\"@id\":\"https:\/\/rwinevietnam.com\/home\/ruou-vang-phap-chateau-de-iorangerie\/#primaryimage\"},\"thumbnailUrl\":\"https:\/\/rwinevietnam.com\/home\/wp-content\/uploads\/2024\/01\/IMG_7367.jpeg\",\"datePublished\":\"2024-01-28T08:44:18+00:00\",\"dateModified\":\"2024-01-28T08:52:31+00:00\",\"breadcrumb\":{\"@id\":\"https:\/\/rwinevietnam.com\/home\/ruou-vang-phap-chateau-de-iorangerie\/#breadcrumb\"},\"inLanguage\":\"vi\",\"potentialAction\":[{\"@type\":\"ReadAction\",\"target\":[\"https:\/\/rwinevietnam.com\/home\/ruou-vang-phap-chateau-de-iorangerie\/\"]}]},{\"@type\":\"ImageObject\",\"inLanguage\":\"vi\",\"@id\":\"https:\/\/rwinevietnam.com\/home\/ruou-vang-phap-chateau-de-iorangerie\/#primaryimage\",\"url\":\"https:\/\/rwinevietnam.com\/home\/wp-content\/uploads\/2024\/01\/IMG_7367.jpeg\",\"contentUrl\":\"https:\/\/rwinevietnam.com\/home\/wp-content\/uploads\/2024\/01\/IMG_7367.jpeg\",\"width\":1536,\"height\":2048},{\"@type\":\"BreadcrumbList\",\"@id\":\"https:\/\/rwinevietnam.com\/home\/ruou-vang-phap-chateau-de-iorangerie\/#breadcrumb\",\"itemListElement\":[{\"@type\":\"ListItem\",\"position\":1,\"name\":\"Trang ch\u1ee7\",\"item\":\"https:\/\/rwinevietnam.com\/home\/\"},{\"@type\":\"ListItem\",\"position\":2,\"name\":\"S\u1ea3n ph\u1ea9m\",\"item\":\"https:\/\/rwinevietnam.com\/home\/san-pham\/\"},{\"@type\":\"ListItem\",\"position\":3,\"name\":\"R\u01b0\u1ee3u Vang Ph\u00e1p Chateau de l\u2019Orangerie\"}]},{\"@type\":\"WebSite\",\"@id\":\"https:\/\/rwinevietnam.com\/home\/#website\",\"url\":\"https:\/\/rwinevietnam.com\/home\/\",\"name\":\"R.WINE\",\"description\":\"C\u00d4NG TY C\u1ed4 PH\u1ea6N XU\u1ea4T KH\u1ea8U NH\u1eacP KH\u1ea8U\",\"potentialAction\":[{\"@type\":\"SearchAction\",\"target\":{\"@type\":\"EntryPoint\",\"urlTemplate\":\"https:\/\/rwinevietnam.com\/home\/?s={search_term_string}\"},\"query-input\":{\"@type\":\"PropertyValueSpecification\",\"valueRequired\":true,\"valueName\":\"search_term_string\"}}],\"inLanguage\":\"vi\"}]}<\/script>\n<!-- \/ Yoast SEO plugin. -->","yoast_head_json":{"title":"R\u01b0\u1ee3u Vang Ph\u00e1p Chateau de l\u2019Orangerie - R.WINE","robots":{"index":"noindex","follow":"follow"},"og_locale":"vi_VN","og_type":"article","og_title":"R\u01b0\u1ee3u Vang Ph\u00e1p Chateau de l\u2019Orangerie - R.WINE","og_description":"Xu\u1ea5t x\u1ee9 Ph\u00e1p   Ph\u00e2n lo\u1ea1i Vang \u0111\u1ecf   N\u1ed3ng \u0111\u1ed9 13%   Dung t\u00edch 750ml   Gi\u1ed1ng nho Cabernet sauvignon, Merlot, Petit Verdot.   Ni\u00ean v\u1ee5 2016        &nbsp;","og_url":"https:\/\/rwinevietnam.com\/home\/ruou-vang-phap-chateau-de-iorangerie\/","og_site_name":"R.WINE","article_modified_time":"2024-01-28T08:52:31+00:00","og_image":[{"width":1536,"height":2048,"url":"https:\/\/rwinevietnam.com\/home\/wp-content\/uploads\/2024\/01\/IMG_7367.jpeg","type":"image\/jpeg"}],"twitter_card":"summary_large_image","schema":{"@context":"https:\/\/schema.org","@graph":[{"@type":"WebPage","@id":"https:\/\/rwinevietnam.com\/home\/ruou-vang-phap-chateau-de-iorangerie\/","url":"https:\/\/rwinevietnam.com\/home\/ruou-vang-phap-chateau-de-iorangerie\/","name":"R\u01b0\u1ee3u Vang Ph\u00e1p Chateau de l\u2019Orangerie - R.WINE","isPartOf":{"@id":"https:\/\/rwinevietnam.com\/home\/#website"},"primaryImageOfPage":{"@id":"https:\/\/rwinevietnam.com\/home\/ruou-vang-phap-chateau-de-iorangerie\/#primaryimage"},"image":{"@id":"https:\/\/rwinevietnam.com\/home\/ruou-vang-phap-chateau-de-iorangerie\/#primaryimage"},"thumbnailUrl":"https:\/\/rwinevietnam.com\/home\/wp-content\/uploads\/2024\/01\/IMG_7367.jpeg","datePublished":"2024-01-28T08:44:18+00:00","dateModified":"2024-01-28T08:52:31+00:00","breadcrumb":{"@id":"https:\/\/rwinevietnam.com\/home\/ruou-vang-phap-chateau-de-iorangerie\/#breadcrumb"},"inLanguage":"vi","potentialAction":[{"@type":"ReadAction","target":["https:\/\/rwinevietnam.com\/home\/ruou-vang-phap-chateau-de-iorangerie\/"]}]},{"@type":"ImageObject","inLanguage":"vi","@id":"https:\/\/rwinevietnam.com\/home\/ruou-vang-phap-chateau-de-iorangerie\/#primaryimage","url":"https:\/\/rwinevietnam.com\/home\/wp-content\/uploads\/2024\/01\/IMG_7367.jpeg","contentUrl":"https:\/\/rwinevietnam.com\/home\/wp-content\/uploads\/2024\/01\/IMG_7367.jpeg","width":1536,"height":2048},{"@type":"BreadcrumbList","@id":"https:\/\/rwinevietnam.com\/home\/ruou-vang-phap-chateau-de-iorangerie\/#breadcrumb","itemListElement":[{"@type":"ListItem","position":1,"name":"Trang ch\u1ee7","item":"https:\/\/rwinevietnam.com\/home\/"},{"@type":"ListItem","position":2,"name":"S\u1ea3n ph\u1ea9m","item":"https:\/\/rwinevietnam.com\/home\/san-pham\/"},{"@type":"ListItem","position":3,"name":"R\u01b0\u1ee3u Vang Ph\u00e1p Chateau de l\u2019Orangerie"}]},{"@type":"WebSite","@id":"https:\/\/rwinevietnam.com\/home\/#website","url":"https:\/\/rwinevietnam.com\/home\/","name":"R.WINE","description":"C\u00d4NG TY C\u1ed4 PH\u1ea6N XU\u1ea4T KH\u1ea8U NH\u1eacP KH\u1ea8U","potentialAction":[{"@type":"SearchAction","target":{"@type":"EntryPoint","urlTemplate":"https:\/\/rwinevietnam.com\/home\/?s={search_term_string}"},"query-input":{"@type":"PropertyValueSpecification","valueRequired":true,"valueName":"search_term_string"}}],"inLanguage":"vi"}]}},"_links":{"self":[{"href":"https:\/\/rwinevietnam.com\/home\/wp-json\/wp\/v2\/product\/1326","targetHints":{"allow":["GET"]}}],"collection":[{"href":"https:\/\/rwinevietnam.com\/home\/wp-json\/wp\/v2\/product"}],"about":[{"href":"https:\/\/rwinevietnam.com\/home\/wp-json\/wp\/v2\/types\/product"}],"replies":[{"embeddable":true,"href":"https:\/\/rwinevietnam.com\/home\/wp-json\/wp\/v2\/comments?post=1326"}],"wp:featuredmedia":[{"embeddable":true,"href":"https:\/\/rwinevietnam.com\/home\/wp-json\/wp\/v2\/media\/1327"}],"wp:attachment":[{"href":"https:\/\/rwinevietnam.com\/home\/wp-json\/wp\/v2\/media?parent=1326"}],"wp:term":[{"taxonomy":"product_brand","embeddable":true,"href":"https:\/\/rwinevietnam.com\/home\/wp-json\/wp\/v2\/product_brand?post=1326"},{"taxonomy":"product_cat","embeddable":true,"href":"https:\/\/rwinevietnam.com\/home\/wp-json\/wp\/v2\/product_cat?post=1326"},{"taxonomy":"product_tag","embeddable":true,"href":"https:\/\/rwinevietnam.com\/home\/wp-json\/wp\/v2\/product_tag?post=1326"}],"curies":[{"name":"wp","href":"https:\/\/api.w.org\/{rel}","templated":true}]}}