{"id":1323,"date":"2024-01-21T11:16:46","date_gmt":"2024-01-21T11:16:46","guid":{"rendered":"https:\/\/rwinevietnam.com\/home\/?post_type=product&#038;p=1323"},"modified":"2024-01-22T12:25:01","modified_gmt":"2024-01-22T12:25:01","slug":"ruou-vang-y-campoappio-pritimivo","status":"publish","type":"product","link":"https:\/\/rwinevietnam.com\/home\/ruou-vang-y-campoappio-pritimivo\/","title":{"rendered":"R\u01b0\u1ee3u Vang \u00dd Campoappio Pritimivo"},"content":{"rendered":"<p><span style=\"font-size: 120%;\">Chai r\u01b0\u1ee3u vang Campo Appio Primitivo \u0111\u01b0\u1ee3c s\u1ea3n xu\u1ea5t b\u1edfi nh\u1eefng ng\u01b0\u1eddi th\u1ee3 l\u00e0nh ngh\u1ec1, nh\u1eefng ng\u01b0\u1eddi \u0111\u00e3 th\u1eeba h\u01b0\u1edfng v\u00e0 truy\u1ec1n l\u1ea1i nh\u1eefng b\u00ed quy\u1ebft ngh\u1ec1 nghi\u1ec7p c\u1ee7a gia \u0111\u00ecnh qua nhi\u1ec1u th\u1ebf h\u1ec7. Qua qu\u00e1 tr\u00ecnh \u1ee7 v\u00e0 ch\u1ebf bi\u1ebfn, Cantine San Pancrazio \u0111\u00e3 t\u1ea1o ra nh\u1eefng chai r\u01b0\u1ee3u vang \u0111\u1eb3ng c\u1ea5p, ph\u1ea3n \u00e1nh r\u00f5 r\u00e0ng tinh hoa v\u00e0 \u0111\u1ed9 s\u00e2u tinh t\u1ebf c\u1ee7a r\u01b0\u1ee3u vang v\u00f9ng Nam \u00dd.<\/span><\/p>\n<p><img loading=\"lazy\" decoding=\"async\" class=\"aligncenter wp-image-1324\" src=\"https:\/\/rwinevietnam.com\/home\/wp-content\/uploads\/2024\/01\/IMG_7330-768x1024.jpeg\" alt=\"\" width=\"389\" height=\"519\" srcset=\"https:\/\/rwinevietnam.com\/home\/wp-content\/uploads\/2024\/01\/IMG_7330-768x1024.jpeg 768w, https:\/\/rwinevietnam.com\/home\/wp-content\/uploads\/2024\/01\/IMG_7330-225x300.jpeg 225w, https:\/\/rwinevietnam.com\/home\/wp-content\/uploads\/2024\/01\/IMG_7330-1152x1536.jpeg 1152w, https:\/\/rwinevietnam.com\/home\/wp-content\/uploads\/2024\/01\/IMG_7330-300x400.jpeg 300w, https:\/\/rwinevietnam.com\/home\/wp-content\/uploads\/2024\/01\/IMG_7330-600x800.jpeg 600w, https:\/\/rwinevietnam.com\/home\/wp-content\/uploads\/2024\/01\/IMG_7330.jpeg 1536w\" sizes=\"auto, (max-width: 389px) 100vw, 389px\" \/><\/p>\n<p>&nbsp;<\/p>\n<p><span style=\"font-size: 120%;\">R\u01b0\u1ee3u vang Campo Appio Primitivo c\u1ee7a Cantine San Pancrazio<\/span><\/p>\n<p><span style=\"font-size: 120%;\">Cantine San Pancrazio l\u00e0 m\u1ed9t nh\u00e0 s\u1ea3n xu\u1ea5t r\u01b0\u1ee3u vang t\u1ecda l\u1ea1c \u1edf v\u00f9ng Nam \u00dd. Nh\u00e0 m\u00e1y r\u01b0\u1ee3u vang n\u00e0y n\u1eb1m tr\u00ean m\u1ed9t khu \u0111\u1ea5t r\u1ed9ng l\u1edbn, bao g\u1ed3m c\u00e1c c\u00e1nh \u0111\u1ed3ng nho xanh m\u01b0\u1edbt v\u00e0 nh\u1eefng ng\u1ecdn \u0111\u1ed3i tr\u1ea3i d\u00e0i, t\u1ea1o \u0111i\u1ec1u ki\u1ec7n l\u00fd t\u01b0\u1edfng \u0111\u1ec3 tr\u1ed3ng nho v\u00e0 s\u1ea3n xu\u1ea5t r\u01b0\u1ee3u vang ch\u1ea5t l\u01b0\u1ee3ng.<\/span><\/p>\n<p><span style=\"font-size: 120%;\">Cantine San Pancrazio \u0111\u00e3 c\u00f3 m\u1eb7t trong ng\u00e0nh c\u00f4ng nghi\u1ec7p r\u01b0\u1ee3u vang t\u1eeb h\u01a1n n\u1eeda th\u1ebf k\u1ef7 tr\u01b0\u1edbc v\u00e0 \u0111\u00e3 t\u00edch l\u0169y \u0111\u01b0\u1ee3c nhi\u1ec1u kinh nghi\u1ec7m v\u00e0 ki\u1ebfn th\u1ee9c trong su\u1ed1t qu\u00e1 tr\u00ecnh ho\u1ea1t \u0111\u1ed9ng. Nh\u00e0 s\u1ea3n xu\u1ea5t r\u01b0\u1ee3u vang n\u00e0y t\u1ef1 h\u00e0o v\u1ec1 vi\u1ec7c duy tr\u00ec s\u1ef1 c\u00e2n b\u1eb1ng gi\u1eefa truy\u1ec1n th\u1ed1ng v\u00e0 s\u1ef1 \u0111\u1ed5i m\u1edbi trong qu\u00e1 tr\u00ecnh s\u1ea3n xu\u1ea5t r\u01b0\u1ee3u vang.<\/span><\/p>\n<p><span style=\"font-size: 120%;\"><em>R\u01b0\u1ee3u vang Campo Appio Primitivo<\/em><\/span><\/p>\n<p><span style=\"font-size: 120%;\">V\u1edbi s\u1ef1 t\u1eadp trung v\u00e0o vi\u1ec7c tr\u1ed3ng nho v\u00e0 ch\u0103m s\u00f3c v\u01b0\u1eddn nho, Cantine San Pancrazio ch\u00fa tr\u1ecdng v\u00e0o vi\u1ec7c s\u1eed d\u1ee5ng ph\u01b0\u01a1ng ph\u00e1p canh t\u00e1c b\u1ec1n v\u1eefng v\u00e0 t\u1ef1 nhi\u00ean, t\u1ea1o ra nh\u1eefng tr\u00e1i nho ch\u1ea5t l\u01b0\u1ee3ng cao. H\u1ecd \u00e1p d\u1ee5ng c\u00e1c k\u1ef9 thu\u1eadt thu ho\u1ea1ch th\u1ee7 c\u00f4ng \u0111\u1ec3 \u0111\u1ea3m b\u1ea3o ch\u1ec9 thu ho\u1ea1ch nh\u1eefng tr\u00e1i nho t\u1ed1t nh\u1ea5t v\u00e0 l\u00e0m vi\u1ec7c ch\u1eb7t ch\u1ebd v\u1edbi c\u00e1c nh\u00e0 n\u00f4ng \u0111\u1ecba ph\u01b0\u01a1ng \u0111\u1ec3 b\u1ea3o v\u1ec7 v\u00e0 ph\u00e1t tri\u1ec3n ngu\u1ed3n nho qu\u00fd gi\u00e1 t\u1ea1i \u0111\u1ecba ph\u01b0\u01a1ng.<\/span><\/p>\n<p><span style=\"font-size: 120%;\">Qua qu\u00e1 tr\u00ecnh s\u1ea3n xu\u1ea5t, Cantine San Pancrazio k\u1ebft h\u1ee3p gi\u1eefa c\u00e1c ph\u01b0\u01a1ng ph\u00e1p truy\u1ec1n th\u1ed1ng v\u00e0 c\u00f4ng ngh\u1ec7 hi\u1ec7n \u0111\u1ea1i \u0111\u1ec3 t\u1ea1o ra c\u00e1c lo\u1ea1i r\u01b0\u1ee3u vang \u0111a d\u1ea1ng. H\u1ecd t\u00f4n tr\u1ecdng quy t\u1eafc c\u01a1 b\u1ea3n c\u1ee7a qu\u00e1 tr\u00ecnh l\u00ean men v\u00e0 \u1ee7 r\u01b0\u1ee3u, nh\u01b0ng c\u0169ng \u00e1p d\u1ee5ng c\u00e1c bi\u1ec7n ph\u00e1p ki\u1ec3m so\u00e1t ch\u1ea5t l\u01b0\u1ee3ng nghi\u00eam ng\u1eb7t \u0111\u1ec3 \u0111\u1ea3m b\u1ea3o r\u1eb1ng m\u1ed7i chai r\u01b0\u1ee3u vang mang \u0111\u1ebfn s\u1ef1 h\u00e0i l\u00f2ng cao nh\u1ea5t cho ng\u01b0\u1eddi ti\u00eau d\u00f9ng. Trong \u0111\u00f3 chai r\u01b0\u1ee3u vang Campo Appio Primitivo \u0111\u01b0\u1ee3c nhi\u1ec1u ng\u01b0\u1eddi s\u00e0nh vang \u0111\u00e1nh gi\u00e1 cao.<\/span><\/p>\n<p><img loading=\"lazy\" decoding=\"async\" class=\"aligncenter wp-image-1325\" src=\"https:\/\/rwinevietnam.com\/home\/wp-content\/uploads\/2024\/01\/IMG_7321-768x1024.jpeg\" alt=\"\" width=\"377\" height=\"503\" srcset=\"https:\/\/rwinevietnam.com\/home\/wp-content\/uploads\/2024\/01\/IMG_7321-768x1024.jpeg 768w, https:\/\/rwinevietnam.com\/home\/wp-content\/uploads\/2024\/01\/IMG_7321-225x300.jpeg 225w, https:\/\/rwinevietnam.com\/home\/wp-content\/uploads\/2024\/01\/IMG_7321-1152x1536.jpeg 1152w, https:\/\/rwinevietnam.com\/home\/wp-content\/uploads\/2024\/01\/IMG_7321-300x400.jpeg 300w, https:\/\/rwinevietnam.com\/home\/wp-content\/uploads\/2024\/01\/IMG_7321-600x800.jpeg 600w, https:\/\/rwinevietnam.com\/home\/wp-content\/uploads\/2024\/01\/IMG_7321.jpeg 1536w\" sizes=\"auto, (max-width: 377px) 100vw, 377px\" \/><\/p>\n<p>&nbsp;<\/p>\n<p><span style=\"font-size: 120%;\">M\u00f4 t\u1ea3 h\u01b0\u01a1ng v\u1ecb r\u01b0\u1ee3u vang Campo Appio Primitivo<\/span><\/p>\n<p><span style=\"font-size: 120%;\">R\u01b0\u1ee3u vang Campo Appio Primitivo \u0111\u01b0\u1ee3c l\u00e0m t\u1eeb 100% nho Primitivo nguy\u00ean ch\u1ea5t.<\/span><\/p>\n<p><span style=\"font-size: 120%;\">R\u01b0\u1ee3u c\u00f3 m\u00e0u \u0111\u1ecf \u0111\u1eadm, ph\u1ea3n chi\u1ebfu m\u00e0u t\u00edm g\u00e2y \u1ea5n t\u01b0\u1ee3ng m\u1ea1nh cho ng\u01b0\u1eddi th\u01b0\u1edfng th\u1ee9c ngay \u00e1nh nh\u00ecn \u0111\u1ea7u ti\u00ean.<\/span><\/p>\n<p><span style=\"font-size: 120%;\">H\u01b0\u01a1ng th\u01a1m tr\u00e1i c\u00e2y ng\u00e0o ng\u1ea1t, dai d\u1eb3ng g\u1ee3i nh\u1edb \u0111\u1ebfn m\u1eadn, anh \u0111\u00e0o \u0111en d\u00e2u \u0111en. K\u1ebft th\u00fac \u0111\u1eadm v\u1ecb vani v\u00e0 gia v\u1ecb cay d\u1ec5 ch\u1ecbu m\u1ed9t c\u00e1ch r\u1ea5t tinh t\u1ebf. C\u1ea5u tr\u00fac s\u00e1nh \u0111\u1eadm v\u00e0 m\u1ec1m m\u1ea1i v\u1edbi tannin m\u01b0\u1ee3t m\u00e0 v\u00e0 h\u01b0\u01a1ng tr\u00e1i c\u00e2y mang \u0111\u1ebfn m\u1ed9t h\u01b0\u01a1ng v\u1ecb l\u00e2u d\u00e0i v\u00e0 d\u1ec5 ch\u1ecbu. Nhi\u1ec7t \u0111\u1ed9 t\u1ed1i \u01b0u \u0111\u1ec3 th\u01b0\u1edfng th\u1ee9c r\u01b0\u1ee3u vang Campo Appio Primitivo l\u00e0 t\u1eeb 15 \u2013 18 \u0111\u1ed9 C. Th\u00edch h\u1ee3p \u0103n k\u00e8m c\u00e1c m\u00f3n \u0103n t\u1eeb th\u1ecbt \u0111\u1ecf nh\u01b0 th\u1ecbt b\u00f2, th\u1ecbt c\u1eebu, th\u1ecbt d\u00ea,\u2026, c\u00e1c m\u00f3n c\u00f3 ch\u1ee9a nhi\u1ec1u gia v\u1ecb, m\u1ef3 \u1ed1ng v\u1edbi n\u01b0\u1edbc s\u1ed1t, th\u1ecbt quay, ph\u00f4 mai. N\u00ean decanter r\u01b0\u1ee3u kho\u1ea3ng 30 \u2013 45 ph\u00fat tr\u01b0\u1edbc khi u\u1ed1ng \u0111\u1ec3 r\u01b0\u1ee3u to\u1ea3 ra h\u01b0\u01a1ng th\u01a1m t\u1ed1t nh\u1ea5t.<\/span><\/p>\n<p><span style=\"font-size: 120%;\">G\u1ee3i \u00fd c\u00e1ch th\u01b0\u1edfng th\u1ee9c r\u01b0\u1ee3u vang Campo Appio Primitivo<\/span><\/p>\n<p><span style=\"font-size: 120%;\">Th\u01b0\u1edfng th\u1ee9c r\u01b0\u1ee3u vang \u0111\u1ecf l\u00e0 m\u1ed9t qu\u00e1 tr\u00ecnh t\u01b0\u1edfng ch\u1eebng \u0111\u01a1n gi\u1ea3n, nh\u01b0ng c\u00f3 th\u1ec3 tr\u1edf th\u00e0nh m\u1ed9t tr\u1ea3i nghi\u1ec7m tuy\u1ec7t v\u1eddi n\u1ebfu b\u1ea1n tu\u00e2n theo c\u00e1c b\u01b0\u1edbc \u0111\u00fang c\u00e1ch. D\u01b0\u1edbi \u0111\u00e2y l\u00e0 c\u00e1c b\u01b0\u1edbc c\u01a1 b\u1ea3n khi th\u01b0\u1edfng th\u1ee9c r\u01b0\u1ee3u vang \u0111\u1ecf:<\/span><\/p>\n<ul>\n<li><span style=\"font-size: 120%;\">Chu\u1ea9n b\u1ecb: \u0110\u1ea7u ti\u00ean, ch\u1ecdn mua r\u01b0\u1ee3u \u0111\u1ea3m b\u1ea3o ch\u1ea5t l\u01b0\u1ee3ng t\u1ea1i c\u1eeda h\u00e0ng uy t\u00edn.<\/span><\/li>\n<li><span style=\"font-size: 120%;\">Cho r\u01b0\u1ee3u th\u1edf: H\u00e3y m\u1edf chai r\u01b0\u1ee3u v\u00e0 \u0111\u1ec3 cho n\u00f3 th\u1edf trong m\u1ed9t kho\u1ea3ng th\u1eddi gian th\u00edch h\u1ee3p tr\u01b0\u1edbc khi th\u01b0\u1edfng th\u1ee9c.<\/span><\/li>\n<li><span style=\"font-size: 120%;\">Ch\u1ecdn ly r\u01b0\u1ee3u: S\u1eed d\u1ee5ng ly r\u01b0\u1ee3u \u0111\u1ecf ph\u00f9 h\u1ee3p \u0111\u1ec3 th\u01b0\u1edfng th\u1ee9c, c\u00f3 \u0111\u1ed9 r\u1ed9ng v\u00e0 d\u00e1ng th\u00edch h\u1ee3p \u0111\u1ec3 l\u00e0m n\u1ed5i b\u1eadt h\u01b0\u01a1ng th\u01a1m v\u00e0 h\u01b0\u01a1ng v\u1ecb c\u1ee7a r\u01b0\u1ee3u.<\/span><\/li>\n<\/ul>\n<p><span style=\"font-size: 120%;\"><em>R\u01b0\u1ee3u vang Campo Appio Primitivo c\u00f3 h\u01b0\u01a1ng v\u1ecb \u0111\u1ed9c \u0111\u00e1o<\/em><\/span><\/p>\n<ul>\n<li><span style=\"font-size: 120%;\">Ki\u1ec3m tra m\u00e0u s\u1eafc r\u01b0\u1ee3u vang Campo Appio Primitivo: \u0110\u1ed5 m\u1ed9t l\u01b0\u1ee3ng nh\u1ecf r\u01b0\u1ee3u v\u00e0o ly v\u00e0 nghi\u00ean nh\u1eb9 \u0111\u1ec3 xem m\u00e0u s\u1eafc c\u1ee7a n\u00f3. R\u01b0\u1ee3u vang \u0111\u1ecf c\u00f3 th\u1ec3 c\u00f3 m\u00e0u t\u1eeb \u0111\u1ecf nh\u1ea1t \u0111\u1ebfn \u0111\u1ecf s\u1eabm. Quan s\u00e1t m\u00e0u s\u1eafc c\u00f3 th\u1ec3 gi\u00fap b\u1ea1n \u0111\u00e1nh gi\u00e1 \u0111\u1ed9 tu\u1ed5i v\u00e0 \u0111\u1ed9 tinh khi\u1ebft c\u1ee7a r\u01b0\u1ee3u.<\/span><\/li>\n<li><span style=\"font-size: 120%;\">\u0110\u00e1nh gi\u00e1 m\u00f9i h\u01b0\u01a1ng: Ti\u1ebfp theo, h\u00e3y \u0111\u01b0a ly r\u01b0\u1ee3u g\u1ea7n m\u0169i v\u00e0 h\u00edt th\u1edf nh\u1eb9 nh\u00e0ng \u0111\u1ec3 c\u1ea3m nh\u1eadn m\u00f9i h\u01b0\u01a1ng c\u1ee7a n\u00f3. T\u00ecm hi\u1ec3u c\u00e1c m\u00f9i h\u01b0\u01a1ng c\u1ee7a tr\u00e1i c\u00e2y, gia v\u1ecb, hoa qu\u1ea3 kh\u00f4, g\u1ed7, ho\u1eb7c c\u00e1c y\u1ebfu t\u1ed1 kh\u00e1c c\u00f3 th\u1ec3 xu\u1ea5t hi\u1ec7n. H\u00e3y t\u1eadn h\u01b0\u1edfng qu\u00e1 tr\u00ecnh kh\u00e1m ph\u00e1 v\u00e0 th\u00fac \u0111\u1ea9y c\u00e1c gi\u00e1c quan c\u1ee7a b\u1ea1n.<\/span><\/li>\n<li><span style=\"font-size: 120%;\">Ch\u00fa \u00fd \u0111\u1ebfn v\u1ecb ng\u1ecdt v\u00e0 \u0111\u1ed9 c\u00e2n b\u1eb1ng c\u1ee7a r\u01b0\u1ee3u vang Campo Appio Primitivo: Khi th\u01b0\u1edfng th\u1ee9c, h\u00e3y nh\u1ea5m nh\u00e1p r\u01b0\u1ee3u v\u00e0 \u0111\u1ec3 n\u00f3 tr\u1ea3i qua to\u00e0n b\u1ed9 l\u01b0\u1ee1i. C\u1ea3m nh\u1eadn v\u1ecb ng\u1ecdt, v\u1ecb chua, v\u1ecb \u0111\u1eafng v\u00e0 v\u1ecb m\u1eb7n. \u0110\u1ed3ng th\u1eddi, ki\u1ec3m tra \u0111\u1ed9 c\u00e2n b\u1eb1ng gi\u1eefa c\u00e1c y\u1ebfu t\u1ed1 n\u00e0y. M\u1ed9t chai r\u01b0\u1ee3u vang \u0111\u1ecf t\u1ed1t th\u01b0\u1eddng c\u00f3 s\u1ef1 c\u00e2n b\u1eb1ng h\u00e0i h\u00f2a gi\u1eefa c\u00e1c th\u00e0nh ph\u1ea7n v\u1ecb.<\/span><\/li>\n<li><span style=\"font-size: 120%;\">C\u1ea3m nh\u1eadn h\u1eadu v\u1ecb: H\u1eadu v\u1ecb c\u1ee7a r\u01b0\u1ee3u vang \u0111\u1ecf c\u00f3 th\u1ec3 k\u00e9o d\u00e0i t\u1eeb v\u00e0i gi\u00e2y \u0111\u1ebfn v\u00e0i ph\u00fat. H\u00e3y ch\u00fa \u00fd \u0111\u1ebfn c\u1ea3m gi\u00e1c m\u00e0 h\u1eadu v\u1ecb \u0111\u1ec3 l\u1ea1i trong mi\u1ec7ng sau khi \u0111\u00e3 nu\u1ed1t r\u01b0\u1ee3u. M\u1ed9t h\u1eadu v\u1ecb l\u00e2u d\u00e0i v\u00e0 th\u00fa v\u1ecb l\u00e0 m\u1ed9t d\u1ea5u hi\u1ec7u c\u1ee7a m\u1ed9t chai r\u01b0\u1ee3u \u0111\u1ecf t\u1ed1t.<\/span><\/li>\n<\/ul>\n<p><span style=\"font-size: 120%;\">Th\u01b0\u1edfng th\u1ee9c m\u00f3n \u0103n k\u00e8m: R\u01b0\u1ee3u vang \u0111\u1ecf th\u01b0\u1eddng k\u1ebft h\u1ee3p t\u1ed1t v\u1edbi c\u00e1c m\u00f3n \u0103n th\u1ecbt \u0111\u1ecf, ph\u00f4 mai, chocolate \u0111en v\u00e0 c\u00e1c m\u00f3n n\u01b0\u1edbng.<\/span><\/p>\n<p><span style=\"font-size: 120%;\">H\u00e3y nh\u1edb r\u1eb1ng th\u01b0\u1edfng th\u1ee9c r\u01b0\u1ee3u vang l\u00e0 m\u1ed9t tr\u1ea3i nghi\u1ec7m c\u00e1 nh\u00e2n v\u00e0 kh\u00f4ng c\u00f3 c\u00e1ch \u0111\u00fang ho\u1eb7c sai tuy\u1ec7t \u0111\u1ed1i. Quan tr\u1ecdng nh\u1ea5t l\u00e0 h\u00e3y th\u01b0 gi\u00e3n, t\u1eadn h\u01b0\u1edfng t\u1eebng gi\u1ecdt r\u01b0\u1ee3u v\u00e0 kh\u00e1m ph\u00e1 nh\u1eefng m\u00f9i h\u01b0\u01a1ng v\u00e0 h\u01b0\u01a1ng v\u1ecb \u0111\u1ed9c \u0111\u00e1o m\u00e0 r\u01b0\u1ee3u vang \u0111\u1ecf Campo Appio Primitivo mang l\u1ea1i.<\/span><\/p>\n<p>&nbsp;<\/p>\n","protected":false},"excerpt":{"rendered":"<table style=\"border-collapse: collapse; width: 100%; height: 136px;\">\n<tbody>\n<tr style=\"height: 21px;\">\n<td style=\"width: 50%; height: 21px;\">Xu\u1ea5t x\u1ee9<\/td>\n<td style=\"width: 50%; height: 21px;\">\u00dd<\/td>\n<\/tr>\n<tr style=\"height: 21px;\">\n<td style=\"width: 50%; height: 21px;\">Ph\u00e2n lo\u1ea1i<\/td>\n<td style=\"width: 50%; height: 21px;\">Vang \u0111\u1ecf<\/td>\n<\/tr>\n<tr style=\"height: 21px;\">\n<td style=\"width: 50%; height: 21px;\">N\u1ed3ng \u0111\u1ed9<\/td>\n<td style=\"width: 50%; height: 21px;\">14.5 %<\/td>\n<\/tr>\n<tr style=\"height: 21px;\">\n<td style=\"width: 50%; height: 21px;\">Dung t\u00edch<\/td>\n<td style=\"width: 50%; height: 21px;\">\u00a0750ml<\/td>\n<\/tr>\n<tr style=\"height: 21px;\">\n<td style=\"width: 50%; height: 21px;\">Gi\u1ed1ng nho<\/td>\n<td style=\"width: 50%; height: 21px;\">Pritimivo<\/td>\n<\/tr>\n<tr style=\"height: 21px;\">\n<td style=\"width: 50%; height: 10px;\">V\u00f9ng Vang<\/td>\n<td style=\"width: 50%; height: 10px;\">Puglia<\/td>\n<\/tr>\n<tr style=\"height: 21px;\">\n<td style=\"width: 50%; height: 21px;\">Ni\u00ean v\u1ee5<\/td>\n<td style=\"width: 50%; height: 21px;\">2021<\/td>\n<\/tr>\n<\/tbody>\n<\/table>\n<p>&nbsp;<\/p>\n","protected":false},"featured_media":1324,"comment_status":"closed","ping_status":"closed","template":"","meta":{"_acf_changed":false},"product_brand":[],"product_cat":[80,27,86,26,62,29],"product_tag":[344,347,348,350,317,184,197,153],"class_list":{"0":"post-1323","1":"product","2":"type-product","3":"status-publish","4":"has-post-thumbnail","6":"product_cat-primitivo","7":"product_cat-ruou-vang","8":"product_cat-ruou-vang-puglia","9":"product_cat-san-pham-noi-bat","10":"product_cat-vang-do","11":"product_cat-vang-y","12":"product_tag-344","13":"product_tag-campo","14":"product_tag-campoappio","15":"product_tag-pritimivo","16":"product_tag-puglia","17":"product_tag-ruou-vang-gia-re","18":"product_tag-vang-do","19":"product_tag-vang-y","21":"first","22":"instock","23":"shipping-taxable","24":"product-type-simple"},"acf":[],"yoast_head":"<!-- This site is optimized with the Yoast SEO plugin v26.8 - https:\/\/yoast.com\/product\/yoast-seo-wordpress\/ -->\n<title>R\u01b0\u1ee3u Vang \u00dd Campoappio Pritimivo - R.WINE<\/title>\n<meta name=\"robots\" content=\"noindex, follow\" \/>\n<meta property=\"og:locale\" content=\"vi_VN\" \/>\n<meta property=\"og:type\" content=\"article\" \/>\n<meta property=\"og:title\" content=\"R\u01b0\u1ee3u Vang \u00dd Campoappio Pritimivo - R.WINE\" \/>\n<meta property=\"og:description\" content=\"Xu\u1ea5t x\u1ee9 \u00dd   Ph\u00e2n lo\u1ea1i Vang \u0111\u1ecf   N\u1ed3ng \u0111\u1ed9 14.5 %   Dung t\u00edch \u00a0750ml   Gi\u1ed1ng nho Pritimivo   V\u00f9ng Vang Puglia   Ni\u00ean v\u1ee5 2021    &nbsp;\" \/>\n<meta property=\"og:url\" content=\"https:\/\/rwinevietnam.com\/home\/ruou-vang-y-campoappio-pritimivo\/\" \/>\n<meta property=\"og:site_name\" content=\"R.WINE\" \/>\n<meta property=\"article:modified_time\" content=\"2024-01-22T12:25:01+00:00\" \/>\n<meta property=\"og:image\" content=\"https:\/\/rwinevietnam.com\/home\/wp-content\/uploads\/2024\/01\/IMG_7330.jpeg\" \/>\n\t<meta property=\"og:image:width\" content=\"1536\" \/>\n\t<meta property=\"og:image:height\" content=\"2048\" \/>\n\t<meta property=\"og:image:type\" content=\"image\/jpeg\" \/>\n<meta name=\"twitter:card\" content=\"summary_large_image\" \/>\n<script type=\"application\/ld+json\" class=\"yoast-schema-graph\">{\"@context\":\"https:\/\/schema.org\",\"@graph\":[{\"@type\":\"WebPage\",\"@id\":\"https:\/\/rwinevietnam.com\/home\/ruou-vang-y-campoappio-pritimivo\/\",\"url\":\"https:\/\/rwinevietnam.com\/home\/ruou-vang-y-campoappio-pritimivo\/\",\"name\":\"R\u01b0\u1ee3u Vang \u00dd Campoappio Pritimivo - R.WINE\",\"isPartOf\":{\"@id\":\"https:\/\/rwinevietnam.com\/home\/#website\"},\"primaryImageOfPage\":{\"@id\":\"https:\/\/rwinevietnam.com\/home\/ruou-vang-y-campoappio-pritimivo\/#primaryimage\"},\"image\":{\"@id\":\"https:\/\/rwinevietnam.com\/home\/ruou-vang-y-campoappio-pritimivo\/#primaryimage\"},\"thumbnailUrl\":\"https:\/\/rwinevietnam.com\/home\/wp-content\/uploads\/2024\/01\/IMG_7330.jpeg\",\"datePublished\":\"2024-01-21T11:16:46+00:00\",\"dateModified\":\"2024-01-22T12:25:01+00:00\",\"breadcrumb\":{\"@id\":\"https:\/\/rwinevietnam.com\/home\/ruou-vang-y-campoappio-pritimivo\/#breadcrumb\"},\"inLanguage\":\"vi\",\"potentialAction\":[{\"@type\":\"ReadAction\",\"target\":[\"https:\/\/rwinevietnam.com\/home\/ruou-vang-y-campoappio-pritimivo\/\"]}]},{\"@type\":\"ImageObject\",\"inLanguage\":\"vi\",\"@id\":\"https:\/\/rwinevietnam.com\/home\/ruou-vang-y-campoappio-pritimivo\/#primaryimage\",\"url\":\"https:\/\/rwinevietnam.com\/home\/wp-content\/uploads\/2024\/01\/IMG_7330.jpeg\",\"contentUrl\":\"https:\/\/rwinevietnam.com\/home\/wp-content\/uploads\/2024\/01\/IMG_7330.jpeg\",\"width\":1536,\"height\":2048},{\"@type\":\"BreadcrumbList\",\"@id\":\"https:\/\/rwinevietnam.com\/home\/ruou-vang-y-campoappio-pritimivo\/#breadcrumb\",\"itemListElement\":[{\"@type\":\"ListItem\",\"position\":1,\"name\":\"Trang ch\u1ee7\",\"item\":\"https:\/\/rwinevietnam.com\/home\/\"},{\"@type\":\"ListItem\",\"position\":2,\"name\":\"S\u1ea3n ph\u1ea9m\",\"item\":\"https:\/\/rwinevietnam.com\/home\/san-pham\/\"},{\"@type\":\"ListItem\",\"position\":3,\"name\":\"R\u01b0\u1ee3u Vang \u00dd Campoappio Pritimivo\"}]},{\"@type\":\"WebSite\",\"@id\":\"https:\/\/rwinevietnam.com\/home\/#website\",\"url\":\"https:\/\/rwinevietnam.com\/home\/\",\"name\":\"R.WINE\",\"description\":\"C\u00d4NG TY C\u1ed4 PH\u1ea6N XU\u1ea4T KH\u1ea8U NH\u1eacP KH\u1ea8U\",\"potentialAction\":[{\"@type\":\"SearchAction\",\"target\":{\"@type\":\"EntryPoint\",\"urlTemplate\":\"https:\/\/rwinevietnam.com\/home\/?s={search_term_string}\"},\"query-input\":{\"@type\":\"PropertyValueSpecification\",\"valueRequired\":true,\"valueName\":\"search_term_string\"}}],\"inLanguage\":\"vi\"}]}<\/script>\n<!-- \/ Yoast SEO plugin. -->","yoast_head_json":{"title":"R\u01b0\u1ee3u Vang \u00dd Campoappio Pritimivo - R.WINE","robots":{"index":"noindex","follow":"follow"},"og_locale":"vi_VN","og_type":"article","og_title":"R\u01b0\u1ee3u Vang \u00dd Campoappio Pritimivo - R.WINE","og_description":"Xu\u1ea5t x\u1ee9 \u00dd   Ph\u00e2n lo\u1ea1i Vang \u0111\u1ecf   N\u1ed3ng \u0111\u1ed9 14.5 %   Dung t\u00edch \u00a0750ml   Gi\u1ed1ng nho Pritimivo   V\u00f9ng Vang Puglia   Ni\u00ean v\u1ee5 2021    &nbsp;","og_url":"https:\/\/rwinevietnam.com\/home\/ruou-vang-y-campoappio-pritimivo\/","og_site_name":"R.WINE","article_modified_time":"2024-01-22T12:25:01+00:00","og_image":[{"width":1536,"height":2048,"url":"https:\/\/rwinevietnam.com\/home\/wp-content\/uploads\/2024\/01\/IMG_7330.jpeg","type":"image\/jpeg"}],"twitter_card":"summary_large_image","schema":{"@context":"https:\/\/schema.org","@graph":[{"@type":"WebPage","@id":"https:\/\/rwinevietnam.com\/home\/ruou-vang-y-campoappio-pritimivo\/","url":"https:\/\/rwinevietnam.com\/home\/ruou-vang-y-campoappio-pritimivo\/","name":"R\u01b0\u1ee3u Vang \u00dd Campoappio Pritimivo - R.WINE","isPartOf":{"@id":"https:\/\/rwinevietnam.com\/home\/#website"},"primaryImageOfPage":{"@id":"https:\/\/rwinevietnam.com\/home\/ruou-vang-y-campoappio-pritimivo\/#primaryimage"},"image":{"@id":"https:\/\/rwinevietnam.com\/home\/ruou-vang-y-campoappio-pritimivo\/#primaryimage"},"thumbnailUrl":"https:\/\/rwinevietnam.com\/home\/wp-content\/uploads\/2024\/01\/IMG_7330.jpeg","datePublished":"2024-01-21T11:16:46+00:00","dateModified":"2024-01-22T12:25:01+00:00","breadcrumb":{"@id":"https:\/\/rwinevietnam.com\/home\/ruou-vang-y-campoappio-pritimivo\/#breadcrumb"},"inLanguage":"vi","potentialAction":[{"@type":"ReadAction","target":["https:\/\/rwinevietnam.com\/home\/ruou-vang-y-campoappio-pritimivo\/"]}]},{"@type":"ImageObject","inLanguage":"vi","@id":"https:\/\/rwinevietnam.com\/home\/ruou-vang-y-campoappio-pritimivo\/#primaryimage","url":"https:\/\/rwinevietnam.com\/home\/wp-content\/uploads\/2024\/01\/IMG_7330.jpeg","contentUrl":"https:\/\/rwinevietnam.com\/home\/wp-content\/uploads\/2024\/01\/IMG_7330.jpeg","width":1536,"height":2048},{"@type":"BreadcrumbList","@id":"https:\/\/rwinevietnam.com\/home\/ruou-vang-y-campoappio-pritimivo\/#breadcrumb","itemListElement":[{"@type":"ListItem","position":1,"name":"Trang ch\u1ee7","item":"https:\/\/rwinevietnam.com\/home\/"},{"@type":"ListItem","position":2,"name":"S\u1ea3n ph\u1ea9m","item":"https:\/\/rwinevietnam.com\/home\/san-pham\/"},{"@type":"ListItem","position":3,"name":"R\u01b0\u1ee3u Vang \u00dd Campoappio Pritimivo"}]},{"@type":"WebSite","@id":"https:\/\/rwinevietnam.com\/home\/#website","url":"https:\/\/rwinevietnam.com\/home\/","name":"R.WINE","description":"C\u00d4NG TY C\u1ed4 PH\u1ea6N XU\u1ea4T KH\u1ea8U NH\u1eacP KH\u1ea8U","potentialAction":[{"@type":"SearchAction","target":{"@type":"EntryPoint","urlTemplate":"https:\/\/rwinevietnam.com\/home\/?s={search_term_string}"},"query-input":{"@type":"PropertyValueSpecification","valueRequired":true,"valueName":"search_term_string"}}],"inLanguage":"vi"}]}},"_links":{"self":[{"href":"https:\/\/rwinevietnam.com\/home\/wp-json\/wp\/v2\/product\/1323","targetHints":{"allow":["GET"]}}],"collection":[{"href":"https:\/\/rwinevietnam.com\/home\/wp-json\/wp\/v2\/product"}],"about":[{"href":"https:\/\/rwinevietnam.com\/home\/wp-json\/wp\/v2\/types\/product"}],"replies":[{"embeddable":true,"href":"https:\/\/rwinevietnam.com\/home\/wp-json\/wp\/v2\/comments?post=1323"}],"wp:featuredmedia":[{"embeddable":true,"href":"https:\/\/rwinevietnam.com\/home\/wp-json\/wp\/v2\/media\/1324"}],"wp:attachment":[{"href":"https:\/\/rwinevietnam.com\/home\/wp-json\/wp\/v2\/media?parent=1323"}],"wp:term":[{"taxonomy":"product_brand","embeddable":true,"href":"https:\/\/rwinevietnam.com\/home\/wp-json\/wp\/v2\/product_brand?post=1323"},{"taxonomy":"product_cat","embeddable":true,"href":"https:\/\/rwinevietnam.com\/home\/wp-json\/wp\/v2\/product_cat?post=1323"},{"taxonomy":"product_tag","embeddable":true,"href":"https:\/\/rwinevietnam.com\/home\/wp-json\/wp\/v2\/product_tag?post=1323"}],"curies":[{"name":"wp","href":"https:\/\/api.w.org\/{rel}","templated":true}]}}