{"id":1320,"date":"2024-01-21T09:39:35","date_gmt":"2024-01-21T09:39:35","guid":{"rendered":"https:\/\/rwinevietnam.com\/home\/?post_type=product&#038;p=1320"},"modified":"2024-01-21T10:06:21","modified_gmt":"2024-01-21T10:06:21","slug":"ruou-vang-y-campoappio-negroamaro","status":"publish","type":"product","link":"https:\/\/rwinevietnam.com\/home\/ruou-vang-y-campoappio-negroamaro\/","title":{"rendered":"R\u01b0\u1ee3u Vang \u00dd Campoappio Negroamaro"},"content":{"rendered":"<p><strong>Gi\u1edbi thi\u1ec7u v\u1ec1 r\u01b0\u1ee3u vang Campo Appio Negroamaro<\/strong><\/p>\n<ul>\n<li><strong>Xu\u1ea5t X\u1ee9:<\/strong>\u00a0\u00dd<\/li>\n<li><strong>Lo\u1ea1i Vang:\u00a0<\/strong>R\u01b0\u1ee3u Vang \u0110\u1ecf<\/li>\n<li><strong>Gi\u1ed1ng Nho:<\/strong>\u00a0Negroamaro<\/li>\n<li><strong>N\u1ed3ng \u0110\u1ed9:\u00a0<\/strong>14.5 %<\/li>\n<li><strong>Dung T\u00edch:<\/strong>\u00a0750 ml<\/li>\n<li><strong>M\u00e0u S\u1eafc<\/strong>: m\u00e0u \u0111\u1ecf ruby<\/li>\n<li><strong>Nhi\u1ec7t \u0110\u1ed9 Ph\u1ee5c V\u1ee5:\u00a0<\/strong>Vang s\u1ebd ngon nh\u1ea5t khi u\u1ed1ng \u1edf nhi\u1ec7t \u0111\u1ed9 t\u1eeb 16 \u2013 18 \u0111\u1ed9<\/li>\n<li><strong>Quy C\u00e1ch:<\/strong>\u00a0th\u00f9ng 6 chai<\/li>\n<\/ul>\n<p><strong>R\u01b0\u1ee3u vang Campo Appio Negroamaro<\/strong>\u00a0m\u1ed9t chai\u00a0r\u01b0\u1ee3u\u00a0vang \u00dd\u00a0cao c\u1ea5p \u0111\u01b0\u1ee3c l\u00e0m t\u1eeb gi\u1ed1ng nho \u0111\u1ecf n\u1ed5i ti\u1ebfng c\u1ee7a v\u00f9ng Puglia, \u0111\u00f3 l\u00e0\u00a0<strong>gi\u1ed1ng nho Negroamaro<\/strong>. V\u01b0\u1eddn nho \u0111\u01b0\u1ee3c tr\u1ed3ng v\u1edbi h\u1ec7 th\u1ed1ng u\u1ed1n gi\u00e0n ki\u1ec3u \u201cAlberello Pugliese\u201d truy\u1ec1n th\u1ed1ng, v\u1edbi c\u00e1c c\u00e2y nho \u00edt nh\u1ea5t 25 tu\u1ed5i \u0111\u01b0\u1ee3c tr\u1ed3ng trong m\u1ed9t khu v\u1ef1c nhi\u1ec1u \u0111\u1ea5t s\u00e9t v\u1edbi th\u1eddi ti\u1ebft n\u00f3ng v\u00e0 kh\u00f4.<\/p>\n<p><img loading=\"lazy\" decoding=\"async\" class=\"aligncenter  wp-image-1322\" src=\"https:\/\/rwinevietnam.com\/home\/wp-content\/uploads\/2024\/01\/IMG_7331-768x1024.jpeg\" alt=\"\" width=\"399\" height=\"532\" srcset=\"https:\/\/rwinevietnam.com\/home\/wp-content\/uploads\/2024\/01\/IMG_7331-768x1024.jpeg 768w, https:\/\/rwinevietnam.com\/home\/wp-content\/uploads\/2024\/01\/IMG_7331-225x300.jpeg 225w, https:\/\/rwinevietnam.com\/home\/wp-content\/uploads\/2024\/01\/IMG_7331-1152x1536.jpeg 1152w, https:\/\/rwinevietnam.com\/home\/wp-content\/uploads\/2024\/01\/IMG_7331-300x400.jpeg 300w, https:\/\/rwinevietnam.com\/home\/wp-content\/uploads\/2024\/01\/IMG_7331-600x800.jpeg 600w, https:\/\/rwinevietnam.com\/home\/wp-content\/uploads\/2024\/01\/IMG_7331.jpeg 1536w\" sizes=\"auto, (max-width: 399px) 100vw, 399px\" \/><\/p>\n<p>&nbsp;<\/p>\n<p><strong>Quy tr\u00ecnh s\u1ea3n xu\u1ea5t\u00a0r\u01b0\u1ee3u vang Campo Appio Negroamaro<\/strong><\/p>\n<p>Nho \u0111\u1ec3 l\u00e0m r\u01b0\u1ee3u vang c\u00f3 tu\u1ed5i \u0111\u1eddi 50 n\u0103m tu\u1ed5i qua b\u00e0n tay c\u1ee7a ng\u01b0\u1eddi tr\u1ed3ng nho l\u00e2u n\u0103m lu\u00f4n cho ra nh\u1eefng tr\u00e1i nho ph\u00f9 h\u1ee3p nh\u1ea5t. Nho Negroamaro th\u01b0\u1eddng \u0111\u01b0\u1ee3c thu ho\u1ea1ch v\u00e0o cu\u1ed1i th\u00e1ng 9, sau \u0111\u00f3 \u0111\u1ec3 nguy\u00ean v\u1ecf v\u00e0 ng\u00e2m trong 10-12 ng\u00e0y k\u1ebft h\u1ee3p v\u1edbi s\u1ef1 quan s\u00e1t k\u0129 l\u01b0\u1ee1ng trong 5 ng\u00e0y \u0111\u1ea7u ti\u00ean \u0111\u1ec3 cho ra \u0111\u01b0\u1ee3c d\u1ecbch nho chu\u1ea9n nh\u1ea5t.<\/p>\n<p>Nhi\u1ec7t \u0111\u1ed9 th\u00edch h\u1ee3p duy tr\u00ec \u1edf m\u1ee9c 24 \u0111\u1ed9 C \u0111\u1ec3 h\u01b0\u01a1ng v\u00e0 m\u00f9i v\u1ecb c\u1ee7a r\u01b0\u1ee3u \u0111\u01b0\u1ee3c \u1ed5n \u0111\u1ecbnh qua c\u00e1c giai \u0111o\u1ea1n trong qu\u00e1 tr\u00ecnh s\u1ea3n xu\u1ea5t r\u01b0\u1ee3u. C\u00f4ng \u0111o\u1ea1n ti\u1ebfp theo r\u01b0\u1ee3u s\u1ebd \u0111\u01b0\u1ee3c ng\u00e2m trong th\u00f9ng g\u1ed7 s\u1ed3i Ph\u00e1p t\u1eeb 1 \u0111\u1ebfn 2 n\u0103m tr\u01b0\u1edbc khi \u0111\u01b0\u1ee3c \u0111\u00f3ng chai th\u00e0nh ph\u1ea9m. Sau kho\u1ea3ng 3 th\u00e1ng cho r\u01b0\u1ee3u \u1ed5n \u0111\u1ecbnh th\u00ec r\u01b0\u1ee3u vang s\u1ebd \u0111\u01b0\u1ee3c cung c\u1ea5p ra th\u1ecb tr\u01b0\u1eddng.<\/p>\n<p>&nbsp;<\/p>\n<p><strong>Gi\u1ed1ng nho\u00a0s\u1ea3n xu\u1ea5t\u00a0r\u01b0\u1ee3u vang Campo Appio Negroamaro<\/strong><\/p>\n<p>Vang \u0111\u1ecf Campo Appio Negroamaro \u0111\u01b0\u1ee3c l\u00e0m ho\u00e0n to\u00e0n\u00a0 t\u1eeb nho Negroamaro. Ngo\u00e0i ra gi\u1ed1ng nho n\u00e0y th\u01b0\u1eddng \u0111\u01b0\u1ee3c k\u1ebft h\u1ee3p c\u00f9ng nh\u1eefng gi\u1ed1ng nho kh\u00e1c nh\u01b0 Malvasia Nera v\u00e0 g\u1ea7n \u0111\u00e2y l\u00e0 Primitvo t\u1ea1o ra nh\u1eefng s\u1ef1 thay \u0111\u1ed5i, m\u1edb l\u1ea1 trong h\u01b0\u01a1ng v\u1ecb c\u1ee7a r\u01b0\u1ee3u vang.<\/p>\n<p>T\u1ea1i Puglia xinh \u0111\u1eb9p c\u00f3 kho\u1ea3ng 17.000 h\u00e9c-ta \u0111\u1ea5t tr\u1ed3ng nho Negroamarao. Nho c\u00f3 m\u00e0u \u0111en s\u1eadm nh\u01b0ng r\u01b0\u1ee3u vang l\u00e0m t\u1eeb nho Negroamaro l\u1ea1i c\u00f3 m\u00e0u \u0111\u1ecf ruby \u00e1nh t\u00edm quy\u1ebfn r\u0169. Gi\u1ed1ng nho n\u00e0y \u0111\u1eb7c bi\u1ec7t th\u00edch h\u1ee3p v\u1edbi kh\u00ed h\u1eadu kh\u00f4 n\u00f3ng v\u00e0 ch\u1ecbu \u0111\u1ef1ng \u0111\u01b0\u1ee3c h\u1ea1n h\u00e1n r\u1ea5t t\u1ed1t nh\u01b0 t\u1ea1i v\u00f9ng \u0111\u1ea5t n\u00e0y.<\/p>\n<p>V\u1ecf c\u1ee7a qu\u1ea3 nho Negroamaro c\u00f3 nhi\u1ec1u ch\u1ea5t r\u1ea5t t\u1ed1t cho s\u1ee9c kh\u1ecfe nh\u01b0 axit phenolic var anthocyanins. V\u00ec th\u1ebf r\u01b0\u1ee3u vang l\u00e0m t\u1eeb gi\u1ed1ng nho n\u00e0y kh\u00f4ng ch\u1ec9 c\u00f3 ch\u1ea5t l\u01b0\u1ee3ng cao m\u00e0 c\u00f2n t\u1ed1t cho s\u1ee9c kh\u1ecfa con ng\u01b0\u1eddi. \u0110i\u1ec3n h\u00ecnh l\u00e0 chai Vang \u0111\u1ecf Campo Appio Negroamaro. M\u1ed9t s\u1ea3n ph\u1ea9m n\u1ed5i b\u1eadt c\u1ee7a nh\u00e0 s\u1ea3n xu\u1ea5t r\u01b0\u1ee3u vang\u00a0<strong>Cantine San Pancrazio.\u00a0<\/strong><\/p>\n<p>&nbsp;<\/p>\n<p><strong>C\u00e1c gi\u1ea3i th\u01b0\u1edfng\u00a0r\u01b0\u1ee3u vang Campo Appio Negroamaro gi\u00e0nh \u0111\u01b0\u1ee3c:<\/strong><\/p>\n<ul>\n<li>Huy ch\u01b0\u01a1ng v\u00e0ng Mundus Vini Spring Tasting 2020 (2018 Campo Appio Negroamaro)<\/li>\n<li>Huy ch\u01b0\u01a1ng b\u1ea1c International Wine Competition 2018 &#8216;The Mayor\u2019s Selection\u201d<\/li>\n<li>Top 5% r\u01b0\u1ee3u vang tr\u00ean th\u1ebf gi\u1edbi (N.V.Vintage)<\/li>\n<\/ul>\n<p>&nbsp;<\/p>\n","protected":false},"excerpt":{"rendered":"<table style=\"border-collapse: collapse; width: 100%; height: 136px;\">\n<tbody>\n<tr style=\"height: 21px;\">\n<td style=\"width: 50%; height: 21px;\">Xu\u1ea5t x\u1ee9<\/td>\n<td style=\"width: 50%; height: 21px;\">\u00dd<\/td>\n<\/tr>\n<tr style=\"height: 21px;\">\n<td style=\"width: 50%; height: 21px;\">Ph\u00e2n lo\u1ea1i<\/td>\n<td style=\"width: 50%; height: 21px;\">Vang \u0111\u1ecf<\/td>\n<\/tr>\n<tr style=\"height: 21px;\">\n<td style=\"width: 50%; height: 21px;\">N\u1ed3ng \u0111\u1ed9<\/td>\n<td style=\"width: 50%; height: 21px;\">14.5 %<\/td>\n<\/tr>\n<tr style=\"height: 21px;\">\n<td style=\"width: 50%; height: 21px;\">Dung t\u00edch<\/td>\n<td style=\"width: 50%; height: 21px;\">\u00a0750ml<\/td>\n<\/tr>\n<tr style=\"height: 21px;\">\n<td style=\"width: 50%; height: 21px;\">Gi\u1ed1ng nho<\/td>\n<td style=\"width: 50%; height: 21px;\">Negroamaro<\/td>\n<\/tr>\n<tr style=\"height: 21px;\">\n<td style=\"width: 50%; height: 10px;\">V\u00f9ng Vang<\/td>\n<td style=\"width: 50%; height: 10px;\">Puglia<\/td>\n<\/tr>\n<tr style=\"height: 21px;\">\n<td style=\"width: 50%; height: 21px;\">Ni\u00ean v\u1ee5<\/td>\n<td style=\"width: 50%; height: 21px;\">2020<\/td>\n<\/tr>\n<\/tbody>\n<\/table>\n<p>&nbsp;<\/p>\n","protected":false},"featured_media":1321,"comment_status":"closed","ping_status":"closed","template":"","meta":{"_acf_changed":false},"product_brand":[],"product_cat":[79,27,86,26,62,29],"product_tag":[344,347,348,349,317,184,197,153],"class_list":{"0":"post-1320","1":"product","2":"type-product","3":"status-publish","4":"has-post-thumbnail","6":"product_cat-negroamaro","7":"product_cat-ruou-vang","8":"product_cat-ruou-vang-puglia","9":"product_cat-san-pham-noi-bat","10":"product_cat-vang-do","11":"product_cat-vang-y","12":"product_tag-344","13":"product_tag-campo","14":"product_tag-campoappio","15":"product_tag-negroamaro","16":"product_tag-puglia","17":"product_tag-ruou-vang-gia-re","18":"product_tag-vang-do","19":"product_tag-vang-y","21":"first","22":"instock","23":"shipping-taxable","24":"product-type-simple"},"acf":[],"yoast_head":"<!-- This site is optimized with the Yoast SEO plugin v26.8 - https:\/\/yoast.com\/product\/yoast-seo-wordpress\/ -->\n<title>R\u01b0\u1ee3u Vang \u00dd Campoappio Negroamaro - R.WINE<\/title>\n<meta name=\"robots\" content=\"noindex, follow\" \/>\n<meta property=\"og:locale\" content=\"vi_VN\" \/>\n<meta property=\"og:type\" content=\"article\" \/>\n<meta property=\"og:title\" content=\"R\u01b0\u1ee3u Vang \u00dd Campoappio Negroamaro - R.WINE\" \/>\n<meta property=\"og:description\" content=\"Xu\u1ea5t x\u1ee9 \u00dd   Ph\u00e2n lo\u1ea1i Vang \u0111\u1ecf   N\u1ed3ng \u0111\u1ed9 14.5 %   Dung t\u00edch \u00a0750ml   Gi\u1ed1ng nho Negroamaro   V\u00f9ng Vang Puglia   Ni\u00ean v\u1ee5 2020    &nbsp;\" \/>\n<meta property=\"og:url\" content=\"https:\/\/rwinevietnam.com\/home\/ruou-vang-y-campoappio-negroamaro\/\" \/>\n<meta property=\"og:site_name\" content=\"R.WINE\" \/>\n<meta property=\"article:modified_time\" content=\"2024-01-21T10:06:21+00:00\" \/>\n<meta property=\"og:image\" content=\"https:\/\/rwinevietnam.com\/home\/wp-content\/uploads\/2024\/01\/IMG_7319.jpeg\" \/>\n\t<meta property=\"og:image:width\" content=\"1536\" \/>\n\t<meta property=\"og:image:height\" content=\"2048\" \/>\n\t<meta property=\"og:image:type\" content=\"image\/jpeg\" \/>\n<meta name=\"twitter:card\" content=\"summary_large_image\" \/>\n<script type=\"application\/ld+json\" class=\"yoast-schema-graph\">{\"@context\":\"https:\/\/schema.org\",\"@graph\":[{\"@type\":\"WebPage\",\"@id\":\"https:\/\/rwinevietnam.com\/home\/ruou-vang-y-campoappio-negroamaro\/\",\"url\":\"https:\/\/rwinevietnam.com\/home\/ruou-vang-y-campoappio-negroamaro\/\",\"name\":\"R\u01b0\u1ee3u Vang \u00dd Campoappio Negroamaro - R.WINE\",\"isPartOf\":{\"@id\":\"https:\/\/rwinevietnam.com\/home\/#website\"},\"primaryImageOfPage\":{\"@id\":\"https:\/\/rwinevietnam.com\/home\/ruou-vang-y-campoappio-negroamaro\/#primaryimage\"},\"image\":{\"@id\":\"https:\/\/rwinevietnam.com\/home\/ruou-vang-y-campoappio-negroamaro\/#primaryimage\"},\"thumbnailUrl\":\"https:\/\/rwinevietnam.com\/home\/wp-content\/uploads\/2024\/01\/IMG_7319.jpeg\",\"datePublished\":\"2024-01-21T09:39:35+00:00\",\"dateModified\":\"2024-01-21T10:06:21+00:00\",\"breadcrumb\":{\"@id\":\"https:\/\/rwinevietnam.com\/home\/ruou-vang-y-campoappio-negroamaro\/#breadcrumb\"},\"inLanguage\":\"vi\",\"potentialAction\":[{\"@type\":\"ReadAction\",\"target\":[\"https:\/\/rwinevietnam.com\/home\/ruou-vang-y-campoappio-negroamaro\/\"]}]},{\"@type\":\"ImageObject\",\"inLanguage\":\"vi\",\"@id\":\"https:\/\/rwinevietnam.com\/home\/ruou-vang-y-campoappio-negroamaro\/#primaryimage\",\"url\":\"https:\/\/rwinevietnam.com\/home\/wp-content\/uploads\/2024\/01\/IMG_7319.jpeg\",\"contentUrl\":\"https:\/\/rwinevietnam.com\/home\/wp-content\/uploads\/2024\/01\/IMG_7319.jpeg\",\"width\":1536,\"height\":2048},{\"@type\":\"BreadcrumbList\",\"@id\":\"https:\/\/rwinevietnam.com\/home\/ruou-vang-y-campoappio-negroamaro\/#breadcrumb\",\"itemListElement\":[{\"@type\":\"ListItem\",\"position\":1,\"name\":\"Trang ch\u1ee7\",\"item\":\"https:\/\/rwinevietnam.com\/home\/\"},{\"@type\":\"ListItem\",\"position\":2,\"name\":\"S\u1ea3n ph\u1ea9m\",\"item\":\"https:\/\/rwinevietnam.com\/home\/san-pham\/\"},{\"@type\":\"ListItem\",\"position\":3,\"name\":\"R\u01b0\u1ee3u Vang \u00dd Campoappio Negroamaro\"}]},{\"@type\":\"WebSite\",\"@id\":\"https:\/\/rwinevietnam.com\/home\/#website\",\"url\":\"https:\/\/rwinevietnam.com\/home\/\",\"name\":\"R.WINE\",\"description\":\"C\u00d4NG TY C\u1ed4 PH\u1ea6N XU\u1ea4T KH\u1ea8U NH\u1eacP KH\u1ea8U\",\"potentialAction\":[{\"@type\":\"SearchAction\",\"target\":{\"@type\":\"EntryPoint\",\"urlTemplate\":\"https:\/\/rwinevietnam.com\/home\/?s={search_term_string}\"},\"query-input\":{\"@type\":\"PropertyValueSpecification\",\"valueRequired\":true,\"valueName\":\"search_term_string\"}}],\"inLanguage\":\"vi\"}]}<\/script>\n<!-- \/ Yoast SEO plugin. -->","yoast_head_json":{"title":"R\u01b0\u1ee3u Vang \u00dd Campoappio Negroamaro - R.WINE","robots":{"index":"noindex","follow":"follow"},"og_locale":"vi_VN","og_type":"article","og_title":"R\u01b0\u1ee3u Vang \u00dd Campoappio Negroamaro - R.WINE","og_description":"Xu\u1ea5t x\u1ee9 \u00dd   Ph\u00e2n lo\u1ea1i Vang \u0111\u1ecf   N\u1ed3ng \u0111\u1ed9 14.5 %   Dung t\u00edch \u00a0750ml   Gi\u1ed1ng nho Negroamaro   V\u00f9ng Vang Puglia   Ni\u00ean v\u1ee5 2020    &nbsp;","og_url":"https:\/\/rwinevietnam.com\/home\/ruou-vang-y-campoappio-negroamaro\/","og_site_name":"R.WINE","article_modified_time":"2024-01-21T10:06:21+00:00","og_image":[{"width":1536,"height":2048,"url":"https:\/\/rwinevietnam.com\/home\/wp-content\/uploads\/2024\/01\/IMG_7319.jpeg","type":"image\/jpeg"}],"twitter_card":"summary_large_image","schema":{"@context":"https:\/\/schema.org","@graph":[{"@type":"WebPage","@id":"https:\/\/rwinevietnam.com\/home\/ruou-vang-y-campoappio-negroamaro\/","url":"https:\/\/rwinevietnam.com\/home\/ruou-vang-y-campoappio-negroamaro\/","name":"R\u01b0\u1ee3u Vang \u00dd Campoappio Negroamaro - R.WINE","isPartOf":{"@id":"https:\/\/rwinevietnam.com\/home\/#website"},"primaryImageOfPage":{"@id":"https:\/\/rwinevietnam.com\/home\/ruou-vang-y-campoappio-negroamaro\/#primaryimage"},"image":{"@id":"https:\/\/rwinevietnam.com\/home\/ruou-vang-y-campoappio-negroamaro\/#primaryimage"},"thumbnailUrl":"https:\/\/rwinevietnam.com\/home\/wp-content\/uploads\/2024\/01\/IMG_7319.jpeg","datePublished":"2024-01-21T09:39:35+00:00","dateModified":"2024-01-21T10:06:21+00:00","breadcrumb":{"@id":"https:\/\/rwinevietnam.com\/home\/ruou-vang-y-campoappio-negroamaro\/#breadcrumb"},"inLanguage":"vi","potentialAction":[{"@type":"ReadAction","target":["https:\/\/rwinevietnam.com\/home\/ruou-vang-y-campoappio-negroamaro\/"]}]},{"@type":"ImageObject","inLanguage":"vi","@id":"https:\/\/rwinevietnam.com\/home\/ruou-vang-y-campoappio-negroamaro\/#primaryimage","url":"https:\/\/rwinevietnam.com\/home\/wp-content\/uploads\/2024\/01\/IMG_7319.jpeg","contentUrl":"https:\/\/rwinevietnam.com\/home\/wp-content\/uploads\/2024\/01\/IMG_7319.jpeg","width":1536,"height":2048},{"@type":"BreadcrumbList","@id":"https:\/\/rwinevietnam.com\/home\/ruou-vang-y-campoappio-negroamaro\/#breadcrumb","itemListElement":[{"@type":"ListItem","position":1,"name":"Trang ch\u1ee7","item":"https:\/\/rwinevietnam.com\/home\/"},{"@type":"ListItem","position":2,"name":"S\u1ea3n ph\u1ea9m","item":"https:\/\/rwinevietnam.com\/home\/san-pham\/"},{"@type":"ListItem","position":3,"name":"R\u01b0\u1ee3u Vang \u00dd Campoappio Negroamaro"}]},{"@type":"WebSite","@id":"https:\/\/rwinevietnam.com\/home\/#website","url":"https:\/\/rwinevietnam.com\/home\/","name":"R.WINE","description":"C\u00d4NG TY C\u1ed4 PH\u1ea6N XU\u1ea4T KH\u1ea8U NH\u1eacP KH\u1ea8U","potentialAction":[{"@type":"SearchAction","target":{"@type":"EntryPoint","urlTemplate":"https:\/\/rwinevietnam.com\/home\/?s={search_term_string}"},"query-input":{"@type":"PropertyValueSpecification","valueRequired":true,"valueName":"search_term_string"}}],"inLanguage":"vi"}]}},"_links":{"self":[{"href":"https:\/\/rwinevietnam.com\/home\/wp-json\/wp\/v2\/product\/1320","targetHints":{"allow":["GET"]}}],"collection":[{"href":"https:\/\/rwinevietnam.com\/home\/wp-json\/wp\/v2\/product"}],"about":[{"href":"https:\/\/rwinevietnam.com\/home\/wp-json\/wp\/v2\/types\/product"}],"replies":[{"embeddable":true,"href":"https:\/\/rwinevietnam.com\/home\/wp-json\/wp\/v2\/comments?post=1320"}],"wp:featuredmedia":[{"embeddable":true,"href":"https:\/\/rwinevietnam.com\/home\/wp-json\/wp\/v2\/media\/1321"}],"wp:attachment":[{"href":"https:\/\/rwinevietnam.com\/home\/wp-json\/wp\/v2\/media?parent=1320"}],"wp:term":[{"taxonomy":"product_brand","embeddable":true,"href":"https:\/\/rwinevietnam.com\/home\/wp-json\/wp\/v2\/product_brand?post=1320"},{"taxonomy":"product_cat","embeddable":true,"href":"https:\/\/rwinevietnam.com\/home\/wp-json\/wp\/v2\/product_cat?post=1320"},{"taxonomy":"product_tag","embeddable":true,"href":"https:\/\/rwinevietnam.com\/home\/wp-json\/wp\/v2\/product_tag?post=1320"}],"curies":[{"name":"wp","href":"https:\/\/api.w.org\/{rel}","templated":true}]}}