{"id":1314,"date":"2024-01-14T12:02:59","date_gmt":"2024-01-14T12:02:59","guid":{"rendered":"https:\/\/rwinevietnam.com\/home\/?post_type=product&#038;p=1314"},"modified":"2024-01-14T12:17:06","modified_gmt":"2024-01-14T12:17:06","slug":"ruou-vang-o-do-dragon-king","status":"publish","type":"product","link":"https:\/\/rwinevietnam.com\/home\/ruou-vang-o-do-dragon-king\/","title":{"rendered":"R\u01b0\u1ee3u vang 0 \u0111\u1ed9 Dragon King"},"content":{"rendered":"<p>R\u01b0\u1ee3u vang 0 \u0111\u1ed9 Dragon King<\/p>\n<p>Th\u01b0\u1edfng th\u1ee9c r\u01b0\u1ee3u vang kh\u00f4ng lo b\u1ecb ki\u1ec3m tra n\u1ed3ng \u0111\u1ed9<\/p>\n<p>&nbsp;<\/p>\n<p><img loading=\"lazy\" decoding=\"async\" class=\"aligncenter wp-image-1316\" src=\"https:\/\/rwinevietnam.com\/home\/wp-content\/uploads\/2024\/01\/IMG_7183-768x1024.jpeg\" alt=\"\" width=\"373\" height=\"497\" srcset=\"https:\/\/rwinevietnam.com\/home\/wp-content\/uploads\/2024\/01\/IMG_7183-768x1024.jpeg 768w, https:\/\/rwinevietnam.com\/home\/wp-content\/uploads\/2024\/01\/IMG_7183-225x300.jpeg 225w, https:\/\/rwinevietnam.com\/home\/wp-content\/uploads\/2024\/01\/IMG_7183-1152x1536.jpeg 1152w, https:\/\/rwinevietnam.com\/home\/wp-content\/uploads\/2024\/01\/IMG_7183-1536x2048.jpeg 1536w, https:\/\/rwinevietnam.com\/home\/wp-content\/uploads\/2024\/01\/IMG_7183-300x400.jpeg 300w, https:\/\/rwinevietnam.com\/home\/wp-content\/uploads\/2024\/01\/IMG_7183-600x800.jpeg 600w, https:\/\/rwinevietnam.com\/home\/wp-content\/uploads\/2024\/01\/IMG_7183-scaled.jpeg 1920w\" sizes=\"auto, (max-width: 373px) 100vw, 373px\" \/><\/p>\n<p>&nbsp;<\/p>\n<p>Dragon King \u0111\u01b0\u1ee3c s\u1ea3n xu\u1ea5t t\u1eeb lo\u1ea1i nho c\u00f3 \u0111\u1ed9 ng\u1ecdt cao, gi\u00e0u h\u01b0\u01a1ng hoa qu\u1ea3. \u0110i\u1ec1u n\u00e0y t\u1ea1o ra m\u1ed9t h\u01b0\u01a1ng v\u1ecb ng\u1ecdt ng\u00e0o, v\u1edbi c\u00e1c h\u01b0\u01a1ng th\u01a1m c\u1ee7a tr\u00e1i c\u00e2y \u0111\u1ecf nh\u01b0 Chery, m\u00e2m x\u00f4i v\u00e0 D\u00e2u \u0111\u1ecf<\/p>\n<p>Dragon King th\u01b0\u1eddng \u0111\u01b0\u1ee3c \u01b0a chu\u1ed9ng trong c\u00e1c b\u1eefa ti\u1ec7c \u0111\u00f4ng vui, c\u00e1c d\u1ecbp L\u1ec5 T\u1ebft ho\u1eb7c khi mu\u1ed1n th\u01b0\u1edfng th\u1ee9c m\u1ed9t lo\u1ea1i \u0111\u1ed3 u\u1ed1ng nh\u1eb9 nh\u00e0ng, d\u1ec5 u\u1ed1ng v\u00e0 c\u00f3 \u0111\u1ed9 ng\u1ecdt \u0111\u1eb7c tr\u01b0ng.<\/p>\n<p>Dragon King c\u0169ng th\u01b0\u1eddng \u0111\u01b0\u1ee3c k\u1ebft h\u1ee3p v\u1edbi c\u00e1c m\u00f3n tr\u00e1ng mi\u1ec7ng ng\u1ecdt \u0111\u1ec3 t\u1ea1o n\u00ean s\u1ef1 ho\u00e0n h\u1ea3o trong tr\u1ea3i nghi\u1ec7m \u1ea9m th\u1ef1c. \u0110\u1eb7c bi\u1ec7t \u0111\u01b0\u1ee3c l\u00e0m ra \u0111\u1ec3 ph\u1ee5c v\u1ee5 c\u00e1c b\u00e1c t\u00e0i tho\u1ea3i m\u00e1i th\u01b0\u1edfng th\u1ee9c r\u01b0\u1ee3u Vang m\u00e0 kh\u00f4ng lo vi ph\u1ea1m n\u1ed3ng \u0111\u1ed9 c\u1ed3n.<\/p>\n<p>M\u00f3n \u0103n k\u1ebft h\u1ee3p: C\u00f3 th\u1ec3 u\u1ed1ng khi \u0103n hoa qu\u1ea3, b\u00e1nh k\u1eb9o, \u0111\u1ed3 ng\u1ecdt ho\u1eb7c ch\u1ec9 u\u1ed1ng r\u01b0\u1ee3u<\/p>\n<p>Nhi\u1ec7t \u0111\u1ed9 ph\u1ee5c v\u1ee5: 5-8 \u0111\u1ed9 C<\/p>\n","protected":false},"excerpt":{"rendered":"<table style=\"border-collapse: collapse; width: 100%; height: 147px;\">\n<tbody>\n<tr style=\"height: 21px;\">\n<td style=\"width: 50%; height: 21px;\">Xu\u1ea5t x\u1ee9<\/td>\n<td style=\"width: 50%; height: 21px;\">\u00dac<\/td>\n<\/tr>\n<tr style=\"height: 21px;\">\n<td style=\"width: 50%; height: 21px;\">Ph\u00e2n lo\u1ea1i<\/td>\n<td style=\"width: 50%; height: 21px;\">Sparkling<\/td>\n<\/tr>\n<tr style=\"height: 21px;\">\n<td style=\"width: 50%; height: 21px;\">N\u1ed3ng \u0111\u1ed9<\/td>\n<td style=\"width: 50%; height: 21px;\">0 %<\/td>\n<\/tr>\n<tr style=\"height: 21px;\">\n<td style=\"width: 50%; height: 21px;\">Dung t\u00edch<\/td>\n<td style=\"width: 50%; height: 21px;\">\u00a0750ml<\/td>\n<\/tr>\n<tr style=\"height: 21px;\">\n<td style=\"width: 50%; height: 21px;\"><\/td>\n<td style=\"width: 50%; height: 21px;\"><\/td>\n<\/tr>\n<tr style=\"height: 21px;\">\n<td style=\"width: 50%; height: 21px;\"><\/td>\n<td style=\"width: 50%; height: 21px;\"><\/td>\n<\/tr>\n<tr style=\"height: 21px;\">\n<td style=\"width: 50%; height: 21px;\"><\/td>\n<td style=\"width: 50%; height: 21px;\"><\/td>\n<\/tr>\n<\/tbody>\n<\/table>\n<p>&nbsp;<\/p>\n","protected":false},"featured_media":1315,"comment_status":"closed","ping_status":"closed","template":"","meta":{"_acf_changed":false},"product_brand":[],"product_cat":[27,26,67,199],"product_tag":[338,337,319,184,318,336,339,231,323],"class_list":{"0":"post-1314","1":"product","2":"type-product","3":"status-publish","4":"has-post-thumbnail","6":"product_cat-ruou-vang","7":"product_cat-san-pham-noi-bat","8":"product_cat-vang-no","9":"product_cat-vang-uc","10":"product_tag-dragon-king","11":"product_tag-khong-do","12":"product_tag-ruou-vang-2024","13":"product_tag-ruou-vang-gia-re","14":"product_tag-ruou-vang-rong","15":"product_tag-vang-0-do","16":"product_tag-vang-khong-con","17":"product_tag-vang-no","18":"product_tag-vang-rong","20":"first","21":"instock","22":"shipping-taxable","23":"product-type-simple"},"acf":[],"yoast_head":"<!-- This site is optimized with the Yoast SEO plugin v26.8 - https:\/\/yoast.com\/product\/yoast-seo-wordpress\/ -->\n<title>R\u01b0\u1ee3u vang 0 \u0111\u1ed9 Dragon King - R.WINE<\/title>\n<meta name=\"robots\" content=\"noindex, follow\" \/>\n<meta property=\"og:locale\" content=\"vi_VN\" \/>\n<meta property=\"og:type\" content=\"article\" \/>\n<meta property=\"og:title\" content=\"R\u01b0\u1ee3u vang 0 \u0111\u1ed9 Dragon King - R.WINE\" \/>\n<meta property=\"og:description\" content=\"Xu\u1ea5t x\u1ee9 \u00dac   Ph\u00e2n lo\u1ea1i Sparkling   N\u1ed3ng \u0111\u1ed9 0 %   Dung t\u00edch \u00a0750ml                &nbsp;\" \/>\n<meta property=\"og:url\" content=\"https:\/\/rwinevietnam.com\/home\/ruou-vang-o-do-dragon-king\/\" \/>\n<meta property=\"og:site_name\" content=\"R.WINE\" \/>\n<meta property=\"article:modified_time\" content=\"2024-01-14T12:17:06+00:00\" \/>\n<meta property=\"og:image\" content=\"https:\/\/rwinevietnam.com\/home\/wp-content\/uploads\/2024\/01\/IMG_7184.jpeg\" \/>\n\t<meta property=\"og:image:width\" content=\"1536\" \/>\n\t<meta property=\"og:image:height\" content=\"2048\" \/>\n\t<meta property=\"og:image:type\" content=\"image\/jpeg\" \/>\n<meta name=\"twitter:card\" content=\"summary_large_image\" \/>\n<script type=\"application\/ld+json\" class=\"yoast-schema-graph\">{\"@context\":\"https:\/\/schema.org\",\"@graph\":[{\"@type\":\"WebPage\",\"@id\":\"https:\/\/rwinevietnam.com\/home\/ruou-vang-o-do-dragon-king\/\",\"url\":\"https:\/\/rwinevietnam.com\/home\/ruou-vang-o-do-dragon-king\/\",\"name\":\"R\u01b0\u1ee3u vang 0 \u0111\u1ed9 Dragon King - R.WINE\",\"isPartOf\":{\"@id\":\"https:\/\/rwinevietnam.com\/home\/#website\"},\"primaryImageOfPage\":{\"@id\":\"https:\/\/rwinevietnam.com\/home\/ruou-vang-o-do-dragon-king\/#primaryimage\"},\"image\":{\"@id\":\"https:\/\/rwinevietnam.com\/home\/ruou-vang-o-do-dragon-king\/#primaryimage\"},\"thumbnailUrl\":\"https:\/\/rwinevietnam.com\/home\/wp-content\/uploads\/2024\/01\/IMG_7184.jpeg\",\"datePublished\":\"2024-01-14T12:02:59+00:00\",\"dateModified\":\"2024-01-14T12:17:06+00:00\",\"breadcrumb\":{\"@id\":\"https:\/\/rwinevietnam.com\/home\/ruou-vang-o-do-dragon-king\/#breadcrumb\"},\"inLanguage\":\"vi\",\"potentialAction\":[{\"@type\":\"ReadAction\",\"target\":[\"https:\/\/rwinevietnam.com\/home\/ruou-vang-o-do-dragon-king\/\"]}]},{\"@type\":\"ImageObject\",\"inLanguage\":\"vi\",\"@id\":\"https:\/\/rwinevietnam.com\/home\/ruou-vang-o-do-dragon-king\/#primaryimage\",\"url\":\"https:\/\/rwinevietnam.com\/home\/wp-content\/uploads\/2024\/01\/IMG_7184.jpeg\",\"contentUrl\":\"https:\/\/rwinevietnam.com\/home\/wp-content\/uploads\/2024\/01\/IMG_7184.jpeg\",\"width\":1536,\"height\":2048},{\"@type\":\"BreadcrumbList\",\"@id\":\"https:\/\/rwinevietnam.com\/home\/ruou-vang-o-do-dragon-king\/#breadcrumb\",\"itemListElement\":[{\"@type\":\"ListItem\",\"position\":1,\"name\":\"Trang ch\u1ee7\",\"item\":\"https:\/\/rwinevietnam.com\/home\/\"},{\"@type\":\"ListItem\",\"position\":2,\"name\":\"S\u1ea3n ph\u1ea9m\",\"item\":\"https:\/\/rwinevietnam.com\/home\/san-pham\/\"},{\"@type\":\"ListItem\",\"position\":3,\"name\":\"R\u01b0\u1ee3u vang 0 \u0111\u1ed9 Dragon King\"}]},{\"@type\":\"WebSite\",\"@id\":\"https:\/\/rwinevietnam.com\/home\/#website\",\"url\":\"https:\/\/rwinevietnam.com\/home\/\",\"name\":\"R.WINE\",\"description\":\"C\u00d4NG TY C\u1ed4 PH\u1ea6N XU\u1ea4T KH\u1ea8U NH\u1eacP KH\u1ea8U\",\"potentialAction\":[{\"@type\":\"SearchAction\",\"target\":{\"@type\":\"EntryPoint\",\"urlTemplate\":\"https:\/\/rwinevietnam.com\/home\/?s={search_term_string}\"},\"query-input\":{\"@type\":\"PropertyValueSpecification\",\"valueRequired\":true,\"valueName\":\"search_term_string\"}}],\"inLanguage\":\"vi\"}]}<\/script>\n<!-- \/ Yoast SEO plugin. -->","yoast_head_json":{"title":"R\u01b0\u1ee3u vang 0 \u0111\u1ed9 Dragon King - R.WINE","robots":{"index":"noindex","follow":"follow"},"og_locale":"vi_VN","og_type":"article","og_title":"R\u01b0\u1ee3u vang 0 \u0111\u1ed9 Dragon King - R.WINE","og_description":"Xu\u1ea5t x\u1ee9 \u00dac   Ph\u00e2n lo\u1ea1i Sparkling   N\u1ed3ng \u0111\u1ed9 0 %   Dung t\u00edch \u00a0750ml                &nbsp;","og_url":"https:\/\/rwinevietnam.com\/home\/ruou-vang-o-do-dragon-king\/","og_site_name":"R.WINE","article_modified_time":"2024-01-14T12:17:06+00:00","og_image":[{"width":1536,"height":2048,"url":"https:\/\/rwinevietnam.com\/home\/wp-content\/uploads\/2024\/01\/IMG_7184.jpeg","type":"image\/jpeg"}],"twitter_card":"summary_large_image","schema":{"@context":"https:\/\/schema.org","@graph":[{"@type":"WebPage","@id":"https:\/\/rwinevietnam.com\/home\/ruou-vang-o-do-dragon-king\/","url":"https:\/\/rwinevietnam.com\/home\/ruou-vang-o-do-dragon-king\/","name":"R\u01b0\u1ee3u vang 0 \u0111\u1ed9 Dragon King - R.WINE","isPartOf":{"@id":"https:\/\/rwinevietnam.com\/home\/#website"},"primaryImageOfPage":{"@id":"https:\/\/rwinevietnam.com\/home\/ruou-vang-o-do-dragon-king\/#primaryimage"},"image":{"@id":"https:\/\/rwinevietnam.com\/home\/ruou-vang-o-do-dragon-king\/#primaryimage"},"thumbnailUrl":"https:\/\/rwinevietnam.com\/home\/wp-content\/uploads\/2024\/01\/IMG_7184.jpeg","datePublished":"2024-01-14T12:02:59+00:00","dateModified":"2024-01-14T12:17:06+00:00","breadcrumb":{"@id":"https:\/\/rwinevietnam.com\/home\/ruou-vang-o-do-dragon-king\/#breadcrumb"},"inLanguage":"vi","potentialAction":[{"@type":"ReadAction","target":["https:\/\/rwinevietnam.com\/home\/ruou-vang-o-do-dragon-king\/"]}]},{"@type":"ImageObject","inLanguage":"vi","@id":"https:\/\/rwinevietnam.com\/home\/ruou-vang-o-do-dragon-king\/#primaryimage","url":"https:\/\/rwinevietnam.com\/home\/wp-content\/uploads\/2024\/01\/IMG_7184.jpeg","contentUrl":"https:\/\/rwinevietnam.com\/home\/wp-content\/uploads\/2024\/01\/IMG_7184.jpeg","width":1536,"height":2048},{"@type":"BreadcrumbList","@id":"https:\/\/rwinevietnam.com\/home\/ruou-vang-o-do-dragon-king\/#breadcrumb","itemListElement":[{"@type":"ListItem","position":1,"name":"Trang ch\u1ee7","item":"https:\/\/rwinevietnam.com\/home\/"},{"@type":"ListItem","position":2,"name":"S\u1ea3n ph\u1ea9m","item":"https:\/\/rwinevietnam.com\/home\/san-pham\/"},{"@type":"ListItem","position":3,"name":"R\u01b0\u1ee3u vang 0 \u0111\u1ed9 Dragon King"}]},{"@type":"WebSite","@id":"https:\/\/rwinevietnam.com\/home\/#website","url":"https:\/\/rwinevietnam.com\/home\/","name":"R.WINE","description":"C\u00d4NG TY C\u1ed4 PH\u1ea6N XU\u1ea4T KH\u1ea8U NH\u1eacP KH\u1ea8U","potentialAction":[{"@type":"SearchAction","target":{"@type":"EntryPoint","urlTemplate":"https:\/\/rwinevietnam.com\/home\/?s={search_term_string}"},"query-input":{"@type":"PropertyValueSpecification","valueRequired":true,"valueName":"search_term_string"}}],"inLanguage":"vi"}]}},"_links":{"self":[{"href":"https:\/\/rwinevietnam.com\/home\/wp-json\/wp\/v2\/product\/1314","targetHints":{"allow":["GET"]}}],"collection":[{"href":"https:\/\/rwinevietnam.com\/home\/wp-json\/wp\/v2\/product"}],"about":[{"href":"https:\/\/rwinevietnam.com\/home\/wp-json\/wp\/v2\/types\/product"}],"replies":[{"embeddable":true,"href":"https:\/\/rwinevietnam.com\/home\/wp-json\/wp\/v2\/comments?post=1314"}],"wp:featuredmedia":[{"embeddable":true,"href":"https:\/\/rwinevietnam.com\/home\/wp-json\/wp\/v2\/media\/1315"}],"wp:attachment":[{"href":"https:\/\/rwinevietnam.com\/home\/wp-json\/wp\/v2\/media?parent=1314"}],"wp:term":[{"taxonomy":"product_brand","embeddable":true,"href":"https:\/\/rwinevietnam.com\/home\/wp-json\/wp\/v2\/product_brand?post=1314"},{"taxonomy":"product_cat","embeddable":true,"href":"https:\/\/rwinevietnam.com\/home\/wp-json\/wp\/v2\/product_cat?post=1314"},{"taxonomy":"product_tag","embeddable":true,"href":"https:\/\/rwinevietnam.com\/home\/wp-json\/wp\/v2\/product_tag?post=1314"}],"curies":[{"name":"wp","href":"https:\/\/api.w.org\/{rel}","templated":true}]}}