{"id":1311,"date":"2024-01-14T11:30:52","date_gmt":"2024-01-14T11:30:52","guid":{"rendered":"https:\/\/rwinevietnam.com\/home\/?post_type=product&#038;p=1311"},"modified":"2024-01-14T11:51:28","modified_gmt":"2024-01-14T11:51:28","slug":"ruou-vang-y-aventure-rosso-dolce","status":"publish","type":"product","link":"https:\/\/rwinevietnam.com\/home\/ruou-vang-y-aventure-rosso-dolce\/","title":{"rendered":"R\u01b0\u1ee3u vang \u00dd Aventure Rosso Dolce"},"content":{"rendered":"<p><span style=\"font-size: 110%;\">Aventure Rosso Dolce mang h\u01b0\u01a1ng v\u1ecb ng\u1ecdt ng\u00e0o v\u00e0 \u0111\u1ed9c \u0111\u00e1o t\u1eeb \u00dd. Lo\u1ea1i vang n\u00e0y ch\u1eafc ch\u1eafn s\u1ebd th\u1ecfa m\u00e3n c\u1ea3 nh\u1eefng kh\u1ea9u v\u1ecb kh\u00f3 t\u00ednh nh\u1ea5t trong b\u00e0n ti\u1ec7c \u0111\u00f4ng ng\u01b0\u1eddi<\/span><\/p>\n<p><img loading=\"lazy\" decoding=\"async\" class=\"aligncenter  wp-image-1313\" src=\"https:\/\/rwinevietnam.com\/home\/wp-content\/uploads\/2024\/01\/IMG_7170-768x1024.jpeg\" alt=\"\" width=\"503\" height=\"671\" srcset=\"https:\/\/rwinevietnam.com\/home\/wp-content\/uploads\/2024\/01\/IMG_7170-768x1024.jpeg 768w, https:\/\/rwinevietnam.com\/home\/wp-content\/uploads\/2024\/01\/IMG_7170-225x300.jpeg 225w, https:\/\/rwinevietnam.com\/home\/wp-content\/uploads\/2024\/01\/IMG_7170-1152x1536.jpeg 1152w, https:\/\/rwinevietnam.com\/home\/wp-content\/uploads\/2024\/01\/IMG_7170-1536x2048.jpeg 1536w, https:\/\/rwinevietnam.com\/home\/wp-content\/uploads\/2024\/01\/IMG_7170-300x400.jpeg 300w, https:\/\/rwinevietnam.com\/home\/wp-content\/uploads\/2024\/01\/IMG_7170-600x800.jpeg 600w, https:\/\/rwinevietnam.com\/home\/wp-content\/uploads\/2024\/01\/IMG_7170-scaled.jpeg 1920w\" sizes=\"auto, (max-width: 503px) 100vw, 503px\" \/><\/p>\n<p>&nbsp;<\/p>\n<p><span style=\"font-size: 110%;\"><strong>\u0110\u1eb7c \u0111i\u1ec3m\u00a0c\u1ee7a vang Aventure Rosso Dolce<\/strong><\/span><\/p>\n<p><span style=\"font-size: 110%;\">Vang\u00a0Aventure Rosso Dolce mang \u0111\u1ebfn m\u1ed9t tr\u1ea3i nghi\u1ec7m th\u01b0\u1edfng th\u1ee9c tinh t\u1ebf v\u1edbi h\u01b0\u01a1ng v\u1ecb \u00a0ph\u1ee9c t\u1ea1p. H\u00f2a tr\u1ed9n c\u1ee7a v\u1ecb m\u1eadn ch\u00edn, qu\u1ea3 m\u00e2m x\u00f4i, anh \u0111\u00e0o v\u00e0 ch\u00fat h\u01b0\u01a1ng g\u1ed7 s\u1ed3i n\u1ed3ng \u0111\u01b0\u1ee3m\u1ed9t bi\u1ec3u hi\u1ec7. Mn h\u01b0\u01a1ng v\u1ecb \u0111a d\u1ea1ng v\u00e0 h\u1ea5p d\u1eabn.<\/span><\/p>\n<p><span style=\"font-size: 110%;\">N\u1ebfu b\u1ea1n l\u00e0 ng\u01b0\u1eddi c\u00f3 kh\u1ea9u v\u1ecb tinh t\u1ebf, b\u1ea1n s\u1ebd nh\u1eadn ra r\u00f5 r\u00e0ng s\u1ef1 ph\u00e2n chia c\u1ee7a h\u01b0\u01a1ng v\u1ecb trong r\u01b0\u1ee3u vang n\u00e0y. M\u1ed7i th\u00e0nh ph\u1ea7n \u0111\u1ec1u \u0111\u01b0\u1ee3c k\u1ebft h\u1ee3p m\u1ed9t c\u00e1ch tinh t\u1ebf, t\u1ea1o n\u00ean m\u1ed9t t\u1ea7ng h\u01b0\u01a1ng v\u1ecb \u0111\u1eb7c s\u1eafc. H\u01a1n n\u1eefa, s\u1ef1 c\u00e2n b\u1eb1ng h\u00e0i h\u00f2a gi\u1eefa c\u00e1c th\u00e0nh ph\u1ea7n gi\u00fap r\u01b0\u1ee3u vang tr\u1edf n\u00ean m\u1ec1m m\u1ea1i v\u00e0 h\u1ea5p d\u1eabn tr\u00ean \u0111\u1ea7u l\u01b0\u1ee1i.<\/span><\/p>\n<p><span style=\"font-size: 110%;\">\u0110\u1eb7c bi\u1ec7t, h\u00e0m l\u01b0\u1ee3ng tanin c\u1ee7a r\u01b0\u1ee3u \u0111\u01b0\u1ee3c ki\u1ec3m so\u00e1t m\u1ed9t c\u00e1ch kh\u00e9o l\u00e9o. T\u1ea5t c\u1ea3\u00a0t\u1ea1o n\u00ean m\u1ed9t l\u1edbp v\u1ecb th\u01a1m ng\u1ecdt m\u1ec1m m\u1ea1i m\u00e0 v\u1eabn \u0111\u1eadm \u0111\u00e0. \u0110i\u1ec1u n\u00e0y gi\u00fap cho h\u01b0\u01a1ng v\u1ecb ng\u1ecdt c\u1ee7a r\u01b0\u1ee3u vang l\u01b0u l\u00e2u tr\u00ean \u0111\u1ea7u l\u01b0\u1ee1i v\u00e0 n\u1ed3ng n\u00e0n khi ch\u1ea1y d\u00e0i v\u1ec1 ph\u00eda sau, \u0111\u1ec3 l\u1ea1i m\u1ed9t \u1ea5n t\u01b0\u1ee3ng kh\u00f3 qu\u00ean.<\/span><\/p>\n<p><span style=\"font-size: 110%;\"><strong>C\u00e1ch\u00a0th\u01b0\u1edfng th\u1ee9c vang Aventure Rosso Dolce<\/strong><\/span><\/p>\n<p><span style=\"font-size: 110%;\">Vang Aventure Rosso Dolce ngon nh\u1ea5t khi \u0111\u01b0\u1ee3c th\u01b0\u1edfng th\u1ee9c \u1edf nhi\u1ec7t \u0111\u1ed9 12-14 \u0111\u1ed9 C. B\u1ea1n n\u00ean \u01b0\u1edbp l\u1ea1nh r\u01b0\u1ee3u 30 ph\u00fat trong t\u1ee7 l\u1ea1nh tr\u01b0\u1edbc l\u00fac u\u1ed1ng. Khi \u0111\u00f3 \u01b0\u1ee3u ph\u00e1t huy t\u1ed1i \u0111a m\u00f9i th\u01a1m v\u00e0 h\u01b0\u01a1ng v\u1ecb c\u1ee7a m\u00ecnh.<\/span><\/p>\n<p><span style=\"font-size: 110%;\">Tr\u00e1nh d\u00f9ng b\u00e0n tay c\u1ea7m l\u1ea5y ph\u1ea7n b\u1ea7u r\u01b0\u1ee3u. Nhi\u1ec7t \u0111\u1ed9 c\u01a1 th\u1ec3 s\u1ebd l\u00e0m r\u01b0\u1ee3u \u1ea5m l\u00ean, m\u1ea5t h\u01b0\u01a1ng v\u1ecb v\u1ed1n c\u00f3. T\u1ed1t nh\u1ea5t, b\u1ea1n n\u00ean c\u1ea7m ph\u1ea7n \u0111\u1ebf ho\u1eb7c ch\u00e2n ly r\u1ed3i t\u1eeb t\u1eeb th\u01b0\u1edfng th\u1ee9c.<\/span><\/p>\n<p><span style=\"font-size: 110%;\">Quy tr\u00ecnh th\u01b0\u1edfng th\u1ee9c r\u01b0\u1ee3u vang \u0111\u1ecf \u0111\u00fang \u0111i\u1ec7u l\u00e0 ng\u1eafm; l\u1eafc nh\u1eb9; ng\u1eedi m\u00f9i v\u1ecb;\u00a0n\u1ebfm v\u00e0 nh\u1ea5p nh\u00e1p. T\u1ed1t h\u01a1n h\u1ebft, khi u\u1ed1ng r\u01b0\u1ee3u vang, b\u1ea1n kh\u00f4ng n\u00ean qu\u00e1 v\u1ed9i v\u00e0ng. B\u1ea1n\u00a0c\u1ea7n ph\u1ea3i th\u1eadt t\u1eeb t\u1ed1n \u0111\u1ec3 c\u1ea3m nh\u1eadn h\u1ebft n\u00e9t tinh t\u1ebf c\u1ee7a lo\u1ea1i th\u1ee9c u\u1ed1ng n\u00e0y qua t\u1ea5t c\u1ea3 c\u00e1c gi\u00e1c quan.<\/span><\/p>\n<p><span style=\"font-size: 110%;\">\u0110\u00e2y c\u0169ng l\u00e0 lo\u1ea1i r\u01b0\u1ee3u vang ph\u00f9 h\u1ee3p v\u1edbi m\u1ecdi d\u1ecbp. T\u1eeb c\u00e1c ng\u00e0y l\u1ec5 t\u1ebft cho \u0111\u1ebfn nh\u1eefng bu\u1ed5i h\u1ecdp m\u1eb7t giao l\u01b0u v\u00e0 trong c\u01a1m \u0111o\u00e0n vi\u00ean. S\u1ef1 c\u00f3 m\u1eb7t c\u1ee7a Aventure Rosso Dolce nh\u01b0 m\u1ed9t ch\u1ea5t x\u00fac t\u00e1c k\u00e9o m\u1ecdi ng\u01b0\u1eddi l\u1ea1i v\u00e0 c\u00f9ng nhau t\u1eadn h\u01b0\u1edfng nh\u1eefng kho\u1ea3nh kh\u1eafc \u0111\u00e1ng nh\u1edb trong cu\u1ed9c s\u1ed1ng.<\/span><\/p>\n<p><span style=\"font-size: 110%;\"><strong>M\u00f3n \u0103n ph\u00f9 h\u1ee3p v\u1edbi vang \u0111\u1ecf ng\u1ecdt Aventure Rosso Dolce<\/strong><\/span><\/p>\n<p><span style=\"font-size: 110%;\">Aventure Rosso Dolce c\u00f3 \u0111\u1eb7c \u0111i\u1ec3m v\u1ecb \u0111\u1eadm \u0111\u00e0, h\u01b0\u01a1ng th\u01a1m ph\u1ee9c h\u1ee3p, v\u00e0 c\u1ea5u tr\u00fac t\u1ed1t. D\u01b0\u1edbi \u0111\u00e2y l\u00e0 m\u1ed9t s\u1ed1 m\u00f3n \u0103n \u00dd k\u1ebft h\u1ee3p t\u1ed1t v\u1edbi vang \u0111\u1ecf:<\/span><\/p>\n<p><span style=\"font-size: 110%;\">B\u00f2 B\u00edt T\u1ebft (Bistecca alla Fiorentina): M\u00f3n th\u1ecbt b\u00f2 b\u00edt t\u1ebft l\u00e0 s\u1ef1 k\u1ebft h\u1ee3p ho\u00e0n h\u1ea3o v\u1edbi vang \u0111\u1ecf Aventure Rosso Dolce. V\u1ecb th\u1ecbt th\u01a1m ngon v\u00e0 \u0111\u1eadm \u0111\u00e0 s\u1ebd t\u01b0\u01a1ng h\u1ee3p v\u1edbi c\u1ea5u tr\u00fac tannin c\u1ee7a r\u01b0\u1ee3u.<\/span><\/p>\n<p><span style=\"font-size: 110%;\">Pasta Bolognese: M\u1ed9t \u0111\u0129a pasta Bolognese, n\u01a1i c\u01a1m m\u1ec1m m\u1ea1i k\u1ebft h\u1ee3p v\u1edbi s\u1ed1t th\u1ecbt b\u00f2 v\u00e0 c\u00e0 chua, l\u00e0 l\u1ef1a ch\u1ecdn tuy\u1ec7t v\u1eddi. K\u00e8m theo Aventure Rosso Dolce s\u1ebd l\u00e0m t\u00f4n l\u00ean h\u01b0\u01a1ng v\u1ecb c\u1ee7a c\u1ea3 hai.<\/span><\/p>\n<p><span style=\"font-size: 110%;\">Risotto al Tartufo (Risotto n\u1ea5m truffle): Risotto gi\u00e0u h\u01b0\u01a1ng v\u1ecb nh\u01b0 Risotto al Tartufo s\u1ebd h\u00f2a quy\u1ec7n t\u1ed1t v\u1edbi vang \u0111\u1ecf\u00a0n\u00e0y. H\u01b0\u01a1ng th\u01a1m c\u1ee7a n\u1ea5m truffle v\u00e0 c\u1ea5u tr\u00fac tannin m\u1ea1nh m\u1ebd s\u1ebd t\u1ea1o ra m\u1ed9t tr\u1ea3i nghi\u1ec7m ngon mi\u1ec7ng.<\/span><\/p>\n<p><span style=\"font-size: 110%;\">Th\u1ecbt C\u1eebu N\u01b0\u1edbng (Agnello alla Griglia): Th\u1ecbt c\u1eebu n\u01b0\u1edbng v\u1edbi c\u00e1c gia v\u1ecb \u00dd, nh\u01b0 h\u00e0nh t\u1ecfi v\u00e0 h\u1ea1t h\u1ea1nh nh\u00e2n, th\u01b0\u1eddng \u0111i k\u00e8m v\u1edbi vang \u0111\u1ecf Aventure Rosso Dolce.<\/span><\/p>\n","protected":false},"excerpt":{"rendered":"<table style=\"border-collapse: collapse; width: 100%; height: 147px;\">\n<tbody>\n<tr style=\"height: 21px;\">\n<td style=\"width: 50%; height: 21px;\">Xu\u1ea5t x\u1ee9<\/td>\n<td style=\"width: 50%; height: 21px;\">\u00dd<\/td>\n<\/tr>\n<tr style=\"height: 21px;\">\n<td style=\"width: 50%; height: 21px;\">Ph\u00e2n lo\u1ea1i<\/td>\n<td style=\"width: 50%; height: 21px;\">Vang \u0111\u1ecf<\/td>\n<\/tr>\n<tr style=\"height: 21px;\">\n<td style=\"width: 50%; height: 21px;\">N\u1ed3ng \u0111\u1ed9<\/td>\n<td style=\"width: 50%; height: 21px;\">10 %<\/td>\n<\/tr>\n<tr style=\"height: 21px;\">\n<td style=\"width: 50%; height: 21px;\">Dung t\u00edch<\/td>\n<td style=\"width: 50%; height: 21px;\">\u00a0750ml<\/td>\n<\/tr>\n<tr style=\"height: 21px;\">\n<td style=\"width: 50%; height: 21px;\">Gi\u1ed1ng nho<\/td>\n<td style=\"width: 50%; height: 21px;\">Rosso Dolce<\/td>\n<\/tr>\n<tr style=\"height: 21px;\">\n<td style=\"width: 50%; height: 21px;\"><\/td>\n<td style=\"width: 50%; height: 21px;\"><\/td>\n<\/tr>\n<tr style=\"height: 21px;\">\n<td style=\"width: 50%; height: 21px;\"><\/td>\n<td style=\"width: 50%; height: 21px;\"><\/td>\n<\/tr>\n<\/tbody>\n<\/table>\n<p>&nbsp;<\/p>\n","protected":false},"featured_media":1312,"comment_status":"closed","ping_status":"closed","template":"","meta":{"_acf_changed":false},"product_brand":[],"product_cat":[332,27,26,62,29],"product_tag":[334,335,333,319,184,197,153],"class_list":{"0":"post-1311","1":"product","2":"type-product","3":"status-publish","4":"has-post-thumbnail","6":"product_cat-rosso-dolce","7":"product_cat-ruou-vang","8":"product_cat-san-pham-noi-bat","9":"product_cat-vang-do","10":"product_cat-vang-y","11":"product_tag-aventure","12":"product_tag-aventure-rosso-dolce","13":"product_tag-rosso-dolce","14":"product_tag-ruou-vang-2024","15":"product_tag-ruou-vang-gia-re","16":"product_tag-vang-do","17":"product_tag-vang-y","19":"first","20":"instock","21":"shipping-taxable","22":"product-type-simple"},"acf":[],"yoast_head":"<!-- This site is optimized with the Yoast SEO plugin v26.8 - https:\/\/yoast.com\/product\/yoast-seo-wordpress\/ -->\n<title>R\u01b0\u1ee3u vang \u00dd Aventure Rosso Dolce - R.WINE<\/title>\n<meta name=\"robots\" content=\"noindex, follow\" \/>\n<meta property=\"og:locale\" content=\"vi_VN\" \/>\n<meta property=\"og:type\" content=\"article\" \/>\n<meta property=\"og:title\" content=\"R\u01b0\u1ee3u vang \u00dd Aventure Rosso Dolce - R.WINE\" \/>\n<meta property=\"og:description\" content=\"Xu\u1ea5t x\u1ee9 \u00dd   Ph\u00e2n lo\u1ea1i Vang \u0111\u1ecf   N\u1ed3ng \u0111\u1ed9 10 %   Dung t\u00edch \u00a0750ml   Gi\u1ed1ng nho Rosso Dolce            &nbsp;\" \/>\n<meta property=\"og:url\" content=\"https:\/\/rwinevietnam.com\/home\/ruou-vang-y-aventure-rosso-dolce\/\" \/>\n<meta property=\"og:site_name\" content=\"R.WINE\" \/>\n<meta property=\"article:modified_time\" content=\"2024-01-14T11:51:28+00:00\" \/>\n<meta property=\"og:image\" content=\"https:\/\/rwinevietnam.com\/home\/wp-content\/uploads\/2024\/01\/IMG_7171-scaled.jpeg\" \/>\n\t<meta property=\"og:image:width\" content=\"1919\" \/>\n\t<meta property=\"og:image:height\" content=\"2560\" \/>\n\t<meta property=\"og:image:type\" content=\"image\/jpeg\" \/>\n<meta name=\"twitter:card\" content=\"summary_large_image\" \/>\n<script type=\"application\/ld+json\" class=\"yoast-schema-graph\">{\"@context\":\"https:\/\/schema.org\",\"@graph\":[{\"@type\":\"WebPage\",\"@id\":\"https:\/\/rwinevietnam.com\/home\/ruou-vang-y-aventure-rosso-dolce\/\",\"url\":\"https:\/\/rwinevietnam.com\/home\/ruou-vang-y-aventure-rosso-dolce\/\",\"name\":\"R\u01b0\u1ee3u vang \u00dd Aventure Rosso Dolce - R.WINE\",\"isPartOf\":{\"@id\":\"https:\/\/rwinevietnam.com\/home\/#website\"},\"primaryImageOfPage\":{\"@id\":\"https:\/\/rwinevietnam.com\/home\/ruou-vang-y-aventure-rosso-dolce\/#primaryimage\"},\"image\":{\"@id\":\"https:\/\/rwinevietnam.com\/home\/ruou-vang-y-aventure-rosso-dolce\/#primaryimage\"},\"thumbnailUrl\":\"https:\/\/rwinevietnam.com\/home\/wp-content\/uploads\/2024\/01\/IMG_7171-scaled.jpeg\",\"datePublished\":\"2024-01-14T11:30:52+00:00\",\"dateModified\":\"2024-01-14T11:51:28+00:00\",\"breadcrumb\":{\"@id\":\"https:\/\/rwinevietnam.com\/home\/ruou-vang-y-aventure-rosso-dolce\/#breadcrumb\"},\"inLanguage\":\"vi\",\"potentialAction\":[{\"@type\":\"ReadAction\",\"target\":[\"https:\/\/rwinevietnam.com\/home\/ruou-vang-y-aventure-rosso-dolce\/\"]}]},{\"@type\":\"ImageObject\",\"inLanguage\":\"vi\",\"@id\":\"https:\/\/rwinevietnam.com\/home\/ruou-vang-y-aventure-rosso-dolce\/#primaryimage\",\"url\":\"https:\/\/rwinevietnam.com\/home\/wp-content\/uploads\/2024\/01\/IMG_7171-scaled.jpeg\",\"contentUrl\":\"https:\/\/rwinevietnam.com\/home\/wp-content\/uploads\/2024\/01\/IMG_7171-scaled.jpeg\",\"width\":1919,\"height\":2560},{\"@type\":\"BreadcrumbList\",\"@id\":\"https:\/\/rwinevietnam.com\/home\/ruou-vang-y-aventure-rosso-dolce\/#breadcrumb\",\"itemListElement\":[{\"@type\":\"ListItem\",\"position\":1,\"name\":\"Trang ch\u1ee7\",\"item\":\"https:\/\/rwinevietnam.com\/home\/\"},{\"@type\":\"ListItem\",\"position\":2,\"name\":\"S\u1ea3n ph\u1ea9m\",\"item\":\"https:\/\/rwinevietnam.com\/home\/san-pham\/\"},{\"@type\":\"ListItem\",\"position\":3,\"name\":\"R\u01b0\u1ee3u vang \u00dd Aventure Rosso Dolce\"}]},{\"@type\":\"WebSite\",\"@id\":\"https:\/\/rwinevietnam.com\/home\/#website\",\"url\":\"https:\/\/rwinevietnam.com\/home\/\",\"name\":\"R.WINE\",\"description\":\"C\u00d4NG TY C\u1ed4 PH\u1ea6N XU\u1ea4T KH\u1ea8U NH\u1eacP KH\u1ea8U\",\"potentialAction\":[{\"@type\":\"SearchAction\",\"target\":{\"@type\":\"EntryPoint\",\"urlTemplate\":\"https:\/\/rwinevietnam.com\/home\/?s={search_term_string}\"},\"query-input\":{\"@type\":\"PropertyValueSpecification\",\"valueRequired\":true,\"valueName\":\"search_term_string\"}}],\"inLanguage\":\"vi\"}]}<\/script>\n<!-- \/ Yoast SEO plugin. -->","yoast_head_json":{"title":"R\u01b0\u1ee3u vang \u00dd Aventure Rosso Dolce - R.WINE","robots":{"index":"noindex","follow":"follow"},"og_locale":"vi_VN","og_type":"article","og_title":"R\u01b0\u1ee3u vang \u00dd Aventure Rosso Dolce - R.WINE","og_description":"Xu\u1ea5t x\u1ee9 \u00dd   Ph\u00e2n lo\u1ea1i Vang \u0111\u1ecf   N\u1ed3ng \u0111\u1ed9 10 %   Dung t\u00edch \u00a0750ml   Gi\u1ed1ng nho Rosso Dolce            &nbsp;","og_url":"https:\/\/rwinevietnam.com\/home\/ruou-vang-y-aventure-rosso-dolce\/","og_site_name":"R.WINE","article_modified_time":"2024-01-14T11:51:28+00:00","og_image":[{"width":1919,"height":2560,"url":"https:\/\/rwinevietnam.com\/home\/wp-content\/uploads\/2024\/01\/IMG_7171-scaled.jpeg","type":"image\/jpeg"}],"twitter_card":"summary_large_image","schema":{"@context":"https:\/\/schema.org","@graph":[{"@type":"WebPage","@id":"https:\/\/rwinevietnam.com\/home\/ruou-vang-y-aventure-rosso-dolce\/","url":"https:\/\/rwinevietnam.com\/home\/ruou-vang-y-aventure-rosso-dolce\/","name":"R\u01b0\u1ee3u vang \u00dd Aventure Rosso Dolce - R.WINE","isPartOf":{"@id":"https:\/\/rwinevietnam.com\/home\/#website"},"primaryImageOfPage":{"@id":"https:\/\/rwinevietnam.com\/home\/ruou-vang-y-aventure-rosso-dolce\/#primaryimage"},"image":{"@id":"https:\/\/rwinevietnam.com\/home\/ruou-vang-y-aventure-rosso-dolce\/#primaryimage"},"thumbnailUrl":"https:\/\/rwinevietnam.com\/home\/wp-content\/uploads\/2024\/01\/IMG_7171-scaled.jpeg","datePublished":"2024-01-14T11:30:52+00:00","dateModified":"2024-01-14T11:51:28+00:00","breadcrumb":{"@id":"https:\/\/rwinevietnam.com\/home\/ruou-vang-y-aventure-rosso-dolce\/#breadcrumb"},"inLanguage":"vi","potentialAction":[{"@type":"ReadAction","target":["https:\/\/rwinevietnam.com\/home\/ruou-vang-y-aventure-rosso-dolce\/"]}]},{"@type":"ImageObject","inLanguage":"vi","@id":"https:\/\/rwinevietnam.com\/home\/ruou-vang-y-aventure-rosso-dolce\/#primaryimage","url":"https:\/\/rwinevietnam.com\/home\/wp-content\/uploads\/2024\/01\/IMG_7171-scaled.jpeg","contentUrl":"https:\/\/rwinevietnam.com\/home\/wp-content\/uploads\/2024\/01\/IMG_7171-scaled.jpeg","width":1919,"height":2560},{"@type":"BreadcrumbList","@id":"https:\/\/rwinevietnam.com\/home\/ruou-vang-y-aventure-rosso-dolce\/#breadcrumb","itemListElement":[{"@type":"ListItem","position":1,"name":"Trang ch\u1ee7","item":"https:\/\/rwinevietnam.com\/home\/"},{"@type":"ListItem","position":2,"name":"S\u1ea3n ph\u1ea9m","item":"https:\/\/rwinevietnam.com\/home\/san-pham\/"},{"@type":"ListItem","position":3,"name":"R\u01b0\u1ee3u vang \u00dd Aventure Rosso Dolce"}]},{"@type":"WebSite","@id":"https:\/\/rwinevietnam.com\/home\/#website","url":"https:\/\/rwinevietnam.com\/home\/","name":"R.WINE","description":"C\u00d4NG TY C\u1ed4 PH\u1ea6N XU\u1ea4T KH\u1ea8U NH\u1eacP KH\u1ea8U","potentialAction":[{"@type":"SearchAction","target":{"@type":"EntryPoint","urlTemplate":"https:\/\/rwinevietnam.com\/home\/?s={search_term_string}"},"query-input":{"@type":"PropertyValueSpecification","valueRequired":true,"valueName":"search_term_string"}}],"inLanguage":"vi"}]}},"_links":{"self":[{"href":"https:\/\/rwinevietnam.com\/home\/wp-json\/wp\/v2\/product\/1311","targetHints":{"allow":["GET"]}}],"collection":[{"href":"https:\/\/rwinevietnam.com\/home\/wp-json\/wp\/v2\/product"}],"about":[{"href":"https:\/\/rwinevietnam.com\/home\/wp-json\/wp\/v2\/types\/product"}],"replies":[{"embeddable":true,"href":"https:\/\/rwinevietnam.com\/home\/wp-json\/wp\/v2\/comments?post=1311"}],"wp:featuredmedia":[{"embeddable":true,"href":"https:\/\/rwinevietnam.com\/home\/wp-json\/wp\/v2\/media\/1312"}],"wp:attachment":[{"href":"https:\/\/rwinevietnam.com\/home\/wp-json\/wp\/v2\/media?parent=1311"}],"wp:term":[{"taxonomy":"product_brand","embeddable":true,"href":"https:\/\/rwinevietnam.com\/home\/wp-json\/wp\/v2\/product_brand?post=1311"},{"taxonomy":"product_cat","embeddable":true,"href":"https:\/\/rwinevietnam.com\/home\/wp-json\/wp\/v2\/product_cat?post=1311"},{"taxonomy":"product_tag","embeddable":true,"href":"https:\/\/rwinevietnam.com\/home\/wp-json\/wp\/v2\/product_tag?post=1311"}],"curies":[{"name":"wp","href":"https:\/\/api.w.org\/{rel}","templated":true}]}}