{"id":1285,"date":"2024-01-01T12:20:19","date_gmt":"2024-01-01T12:20:19","guid":{"rendered":"https:\/\/rwinevietnam.com\/home\/?post_type=product&#038;p=1285"},"modified":"2024-01-01T12:30:27","modified_gmt":"2024-01-01T12:30:27","slug":"ruou-vang-y-negro-melo","status":"publish","type":"product","link":"https:\/\/rwinevietnam.com\/home\/ruou-vang-y-negro-melo\/","title":{"rendered":"R\u01b0\u1ee3u vang \u00dd Negro Melo (R\u01b0\u1ee3u R\u1ed3ng)"},"content":{"rendered":"<p><span style=\"font-size: 130%;\"><strong>NEGRO MELO<\/strong><\/span><\/p>\n<p><img loading=\"lazy\" decoding=\"async\" class=\"aligncenter wp-image-1287\" src=\"https:\/\/rwinevietnam.com\/home\/wp-content\/uploads\/2024\/01\/IMG_6991-768x1024.jpeg\" alt=\"\" width=\"300\" height=\"400\" srcset=\"https:\/\/rwinevietnam.com\/home\/wp-content\/uploads\/2024\/01\/IMG_6991-768x1025.jpeg 768w, https:\/\/rwinevietnam.com\/home\/wp-content\/uploads\/2024\/01\/IMG_6991-225x300.jpeg 225w, https:\/\/rwinevietnam.com\/home\/wp-content\/uploads\/2024\/01\/IMG_6991-1151x1536.jpeg 1151w, https:\/\/rwinevietnam.com\/home\/wp-content\/uploads\/2024\/01\/IMG_6991-300x400.jpeg 300w, https:\/\/rwinevietnam.com\/home\/wp-content\/uploads\/2024\/01\/IMG_6991-600x801.jpeg 600w, https:\/\/rwinevietnam.com\/home\/wp-content\/uploads\/2024\/01\/IMG_6991.jpeg 1535w\" sizes=\"auto, (max-width: 300px) 100vw, 300px\" \/><\/p>\n<p>&nbsp;<\/p>\n<p><span style=\"font-size: 130%;\">1. Negroamaro Sangiovese l\u00e0 m\u1ed9t lo\u1ea1i r\u01b0\u1ee3u vang \u0111\u1ecf m\u1ea1nh m\u1ebb \u0111\u01b0\u1ee3c sinh ra t\u1eeb v\u00f9ng Puglia \u1edf Italy, \u0111\u00e2y ch\u1ebf t\u00e1c t\u1eeb s\u1ef1 pha tr\u1ed9n ho\u00e0n h\u1ea3o gi\u1eefa hai gi\u1ed1ng nho \u0111\u1eb7c tr\u01b0ng \u1edf \u00dd l\u00e0 Negroamaro v\u00e0 Sangiovese.<\/span><\/p>\n<p><span style=\"font-size: 130%;\">Negroamaro l\u00e0 m\u1ed9t lo\u1ea1i nho c\u00f3 v\u1ecf s\u1eabm m\u00e0u \u0111\u01b0\u1ee3c tr\u1ed3ng ch\u1ee7 y\u1ebfu \u1edf v\u00f9ng Puglia, mi\u1ec1n nam n\u01b0\u1edbc \u00dd. N\u00f3 t\u1ea1o ra c\u00e1c lo\u1ea1i r\u01b0\u1ee3u vang c\u00f3 h\u01b0\u01a1ng v\u1ecb tr\u00e1i c\u00e2y phong ph\u00fa, ch\u1eb3ng h\u1ea1n nh\u01b0 anh \u0111\u00e0o \u0111en v\u00e0 m\u1eadn v\u00e0 th\u1ea3o d\u01b0\u1ee3c. Sangiovese l\u00e0 m\u1ed9t gi\u1ed1ng nho \u0111\u01b0\u1ee3c tr\u1ed3ng r\u1ed9ng r\u00e3i \u1edf \u00dd, \u0111\u01b0\u1ee3c bi\u1ebft \u0111\u1ebfn \u0111\u1ec3 s\u1ea3n xu\u1ea5t r\u01b0\u1ee3u vang c\u00f3 \u0111\u1ed9 axit t\u1eeb trung b\u00ecnh \u0111\u1ebfn cao v\u00e0 h\u01b0\u01a1ng v\u1ecb c\u1ee7a qu\u1ea3 m\u1ecdng \u0111\u1ecf, ch\u1eb3ng h\u1ea1n nh\u01b0 anh \u0111\u00e0o v\u00e0 d\u00e2u t\u00e2y.<\/span><\/p>\n<p><span style=\"font-size: 130%;\">B\u1eb1ng s\u1ef1 k\u1ebft h\u1ee3p tinh t\u1ebf c\u1ee7a hai gi\u1ed1ng n\u00e0y t\u1ea1o ra m\u1ed9t chai vang \u0111\u1ecf Empire Negroamaro Sangiovese c\u00f3 v\u1ecb \u0111\u1eadm \u0111\u00e0, m\u1ea1nh m\u1ebd v\u00e0 h\u1ea5p d\u1eabn kh\u00f3 c\u01b0\u1ee1ng. Do \u0111\u00f3, tuy d\u00f2ng r\u01b0\u1ee3u vang Empire Negroamaro Sangiovese t\u01b0\u01a1ng \u0111\u1ed1i m\u1edbi nh\u01b0ng \u0111\u00e3 tr\u1edf n\u00ean ph\u1ed5 bi\u1ebfn nh\u1edd ch\u1ea5t l\u01b0\u1ee3ng t\u1ed1t v\u00e0 gi\u00e1 c\u1ea3 ph\u1ea3i ch\u0103ng<\/span><\/p>\n<p>&nbsp;<\/p>\n<p><img loading=\"lazy\" decoding=\"async\" class=\"aligncenter wp-image-1288\" src=\"https:\/\/rwinevietnam.com\/home\/wp-content\/uploads\/2024\/01\/IMG_6992-768x1024.jpeg\" alt=\"\" width=\"328\" height=\"437\" srcset=\"https:\/\/rwinevietnam.com\/home\/wp-content\/uploads\/2024\/01\/IMG_6992-768x1024.jpeg 768w, https:\/\/rwinevietnam.com\/home\/wp-content\/uploads\/2024\/01\/IMG_6992-225x300.jpeg 225w, https:\/\/rwinevietnam.com\/home\/wp-content\/uploads\/2024\/01\/IMG_6992-1152x1536.jpeg 1152w, https:\/\/rwinevietnam.com\/home\/wp-content\/uploads\/2024\/01\/IMG_6992-300x400.jpeg 300w, https:\/\/rwinevietnam.com\/home\/wp-content\/uploads\/2024\/01\/IMG_6992-600x800.jpeg 600w, https:\/\/rwinevietnam.com\/home\/wp-content\/uploads\/2024\/01\/IMG_6992.jpeg 1536w\" sizes=\"auto, (max-width: 328px) 100vw, 328px\" \/><\/p>\n<ol start=\"2\">\n<li><span style=\"font-size: 130%;\">C\u1ea5u tr\u00fac v\u00e0 h\u01b0\u01a1ng v\u1ecb (tasting note)<\/span><\/li>\n<\/ol>\n<p><span style=\"font-size: 130%;\">R\u01b0\u1ee3u c\u00f3 k\u1ebft c\u1ea5u d\u00e0y mang h\u01b0\u01a1ng v\u1ecb c\u1ee7a nh\u1eefng qu\u1ea3 m\u1ecdng nh\u01b0 m\u00e2m x\u00f4i, cherry c\u00f3 xen l\u1eabn nh\u1eefng n\u1ed1t h\u01b0\u01a1ng c\u1ee7a g\u1ed7 v\u00e0 gia v\u1ecb v\u00e0 c\u00f3 v\u1ecb ch\u00e1t nh\u1eb9 h\u1eadu ng\u1ecdt.<\/span><\/p>\n<ol start=\"3\">\n<li><span style=\"font-size: 130%;\">G\u1ee3i \u00fd m\u00f3n \u0103n k\u1ebft h\u1ee3p (Food Pairing)<\/span><\/li>\n<\/ol>\n<p><span style=\"font-size: 130%;\">N\u00f3 k\u1ebft h\u1ee3p t\u1ed1t v\u1edbi nhi\u1ec1u lo\u1ea1i th\u1ef1c ph\u1ea9m, bao g\u1ed3m th\u1ecbt n\u01b0\u1edbng, spagetti, pizza v\u00e0\u00a0 c\u00e1c lo\u1ea1i ph\u00f4 mai \u0111\u1eadm \u0111\u00e0 nh\u01b0 Parmesan v\u00e0 Gouda.<\/span><\/p>\n<p><span style=\"font-size: 130%;\">T\u00f3m l\u1ea1i,\u0111\u00e2y s\u1ebd l\u00e0 d\u00f2ng vang d\u00e0nh cho nh\u1eefng ng\u01b0\u1eddi \u01b0a th\u00edch h\u01b0\u01a1ng v\u1ecb m\u1ea1nh m\u1ebd, tuy nhi\u00ean \u0111\u1ed1i v\u1edbi nh\u1eefng ng\u01b0\u1eddi m\u1edbi b\u1eaft \u0111\u1ea7u th\u01b0\u1edfng th\u1ee9c vang th\u00ec s\u1ebd d\u1ec5 b\u1ecb s\u1ed1c b\u1edfi v\u1ecb tannin \u0111\u1eadm c\u1ee7a Empire Negroamaro Sangioves. B\u00ean c\u1ea1nh \u0111\u00f3, \u0111\u00e2y c\u0169ng s\u1ebd l\u00e0 d\u00f2ng r\u01b0\u1ee3u vang ph\u00f9 h\u1ee3p \u0111\u1ed1i v\u1edbi nh\u1eefng ng\u01b0\u1eddi th\u00edch \u0103n nh\u1eefng m\u00f3n \u0111\u1ea7y h\u01b0\u01a1ng \u0111\u1eadm v\u1ecb.<\/span><\/p>\n","protected":false},"excerpt":{"rendered":"<table style=\"border-collapse: collapse; width: 100%; height: 147px;\">\n<tbody>\n<tr style=\"height: 21px;\">\n<td style=\"width: 50%; height: 21px;\">Xu\u1ea5t x\u1ee9<\/td>\n<td style=\"width: 50%; height: 21px;\">\u00dd<\/td>\n<\/tr>\n<tr style=\"height: 21px;\">\n<td style=\"width: 50%; height: 21px;\">Ph\u00e2n lo\u1ea1i<\/td>\n<td style=\"width: 50%; height: 21px;\">Vang \u0111\u1ecf<\/td>\n<\/tr>\n<tr style=\"height: 21px;\">\n<td style=\"width: 50%; height: 21px;\">N\u1ed3ng \u0111\u1ed9<\/td>\n<td style=\"width: 50%; height: 21px;\">14 %<\/td>\n<\/tr>\n<tr style=\"height: 21px;\">\n<td style=\"width: 50%; height: 21px;\">Dung t\u00edch<\/td>\n<td style=\"width: 50%; height: 21px;\">\u00a0750ml<\/td>\n<\/tr>\n<tr style=\"height: 21px;\">\n<td style=\"width: 50%; height: 21px;\">Gi\u1ed1ng nho<\/td>\n<td style=\"width: 50%; height: 21px;\">Negroamaro, Sangiovese<\/td>\n<\/tr>\n<tr style=\"height: 21px;\">\n<td style=\"width: 50%; height: 21px;\">Ni\u00ean V\u1ee5<\/td>\n<td style=\"width: 50%; height: 21px;\">2022<\/td>\n<\/tr>\n<tr style=\"height: 21px;\">\n<td style=\"width: 50%; height: 21px;\">V\u00f9ng Vang<\/td>\n<td style=\"width: 50%; height: 21px;\">Puglia<\/td>\n<\/tr>\n<\/tbody>\n<\/table>\n<p>&nbsp;<\/p>\n","protected":false},"featured_media":1286,"comment_status":"closed","ping_status":"closed","template":"","meta":{"_acf_changed":false},"product_brand":[],"product_cat":[79,27,86,26,316,62,29],"product_tag":[321,320,322,317,319,184,318,197,323,153],"class_list":{"0":"post-1285","1":"product","2":"type-product","3":"status-publish","4":"has-post-thumbnail","6":"product_cat-negroamaro","7":"product_cat-ruou-vang","8":"product_cat-ruou-vang-puglia","9":"product_cat-san-pham-noi-bat","10":"product_cat-sangiovese","11":"product_cat-vang-do","12":"product_cat-vang-y","13":"product_tag-melo","14":"product_tag-negro","15":"product_tag-negro-melo","16":"product_tag-puglia","17":"product_tag-ruou-vang-2024","18":"product_tag-ruou-vang-gia-re","19":"product_tag-ruou-vang-rong","20":"product_tag-vang-do","21":"product_tag-vang-rong","22":"product_tag-vang-y","24":"first","25":"instock","26":"shipping-taxable","27":"product-type-simple"},"acf":[],"yoast_head":"<!-- This site is optimized with the Yoast SEO plugin v26.8 - https:\/\/yoast.com\/product\/yoast-seo-wordpress\/ -->\n<title>R\u01b0\u1ee3u vang \u00dd Negro Melo (R\u01b0\u1ee3u R\u1ed3ng) - R.WINE<\/title>\n<meta name=\"robots\" content=\"noindex, follow\" \/>\n<meta property=\"og:locale\" content=\"vi_VN\" \/>\n<meta property=\"og:type\" content=\"article\" \/>\n<meta property=\"og:title\" content=\"R\u01b0\u1ee3u vang \u00dd Negro Melo (R\u01b0\u1ee3u R\u1ed3ng) - R.WINE\" \/>\n<meta property=\"og:description\" content=\"Xu\u1ea5t x\u1ee9 \u00dd   Ph\u00e2n lo\u1ea1i Vang \u0111\u1ecf   N\u1ed3ng \u0111\u1ed9 14 %   Dung t\u00edch \u00a0750ml   Gi\u1ed1ng nho Negroamaro, Sangiovese   Ni\u00ean V\u1ee5 2022   V\u00f9ng Vang Puglia    &nbsp;\" \/>\n<meta property=\"og:url\" content=\"https:\/\/rwinevietnam.com\/home\/ruou-vang-y-negro-melo\/\" \/>\n<meta property=\"og:site_name\" content=\"R.WINE\" \/>\n<meta property=\"article:modified_time\" content=\"2024-01-01T12:30:27+00:00\" \/>\n<meta property=\"og:image\" content=\"https:\/\/rwinevietnam.com\/home\/wp-content\/uploads\/2024\/01\/IMG_6993.jpeg\" \/>\n\t<meta property=\"og:image:width\" content=\"1535\" \/>\n\t<meta property=\"og:image:height\" content=\"2048\" \/>\n\t<meta property=\"og:image:type\" content=\"image\/jpeg\" \/>\n<meta name=\"twitter:card\" content=\"summary_large_image\" \/>\n<script type=\"application\/ld+json\" class=\"yoast-schema-graph\">{\"@context\":\"https:\/\/schema.org\",\"@graph\":[{\"@type\":\"WebPage\",\"@id\":\"https:\/\/rwinevietnam.com\/home\/ruou-vang-y-negro-melo\/\",\"url\":\"https:\/\/rwinevietnam.com\/home\/ruou-vang-y-negro-melo\/\",\"name\":\"R\u01b0\u1ee3u vang \u00dd Negro Melo (R\u01b0\u1ee3u R\u1ed3ng) - R.WINE\",\"isPartOf\":{\"@id\":\"https:\/\/rwinevietnam.com\/home\/#website\"},\"primaryImageOfPage\":{\"@id\":\"https:\/\/rwinevietnam.com\/home\/ruou-vang-y-negro-melo\/#primaryimage\"},\"image\":{\"@id\":\"https:\/\/rwinevietnam.com\/home\/ruou-vang-y-negro-melo\/#primaryimage\"},\"thumbnailUrl\":\"https:\/\/rwinevietnam.com\/home\/wp-content\/uploads\/2024\/01\/IMG_6993.jpeg\",\"datePublished\":\"2024-01-01T12:20:19+00:00\",\"dateModified\":\"2024-01-01T12:30:27+00:00\",\"breadcrumb\":{\"@id\":\"https:\/\/rwinevietnam.com\/home\/ruou-vang-y-negro-melo\/#breadcrumb\"},\"inLanguage\":\"vi\",\"potentialAction\":[{\"@type\":\"ReadAction\",\"target\":[\"https:\/\/rwinevietnam.com\/home\/ruou-vang-y-negro-melo\/\"]}]},{\"@type\":\"ImageObject\",\"inLanguage\":\"vi\",\"@id\":\"https:\/\/rwinevietnam.com\/home\/ruou-vang-y-negro-melo\/#primaryimage\",\"url\":\"https:\/\/rwinevietnam.com\/home\/wp-content\/uploads\/2024\/01\/IMG_6993.jpeg\",\"contentUrl\":\"https:\/\/rwinevietnam.com\/home\/wp-content\/uploads\/2024\/01\/IMG_6993.jpeg\",\"width\":1535,\"height\":2048},{\"@type\":\"BreadcrumbList\",\"@id\":\"https:\/\/rwinevietnam.com\/home\/ruou-vang-y-negro-melo\/#breadcrumb\",\"itemListElement\":[{\"@type\":\"ListItem\",\"position\":1,\"name\":\"Trang ch\u1ee7\",\"item\":\"https:\/\/rwinevietnam.com\/home\/\"},{\"@type\":\"ListItem\",\"position\":2,\"name\":\"S\u1ea3n ph\u1ea9m\",\"item\":\"https:\/\/rwinevietnam.com\/home\/san-pham\/\"},{\"@type\":\"ListItem\",\"position\":3,\"name\":\"R\u01b0\u1ee3u vang \u00dd Negro Melo (R\u01b0\u1ee3u R\u1ed3ng)\"}]},{\"@type\":\"WebSite\",\"@id\":\"https:\/\/rwinevietnam.com\/home\/#website\",\"url\":\"https:\/\/rwinevietnam.com\/home\/\",\"name\":\"R.WINE\",\"description\":\"C\u00d4NG TY C\u1ed4 PH\u1ea6N XU\u1ea4T KH\u1ea8U NH\u1eacP KH\u1ea8U\",\"potentialAction\":[{\"@type\":\"SearchAction\",\"target\":{\"@type\":\"EntryPoint\",\"urlTemplate\":\"https:\/\/rwinevietnam.com\/home\/?s={search_term_string}\"},\"query-input\":{\"@type\":\"PropertyValueSpecification\",\"valueRequired\":true,\"valueName\":\"search_term_string\"}}],\"inLanguage\":\"vi\"}]}<\/script>\n<!-- \/ Yoast SEO plugin. -->","yoast_head_json":{"title":"R\u01b0\u1ee3u vang \u00dd Negro Melo (R\u01b0\u1ee3u R\u1ed3ng) - R.WINE","robots":{"index":"noindex","follow":"follow"},"og_locale":"vi_VN","og_type":"article","og_title":"R\u01b0\u1ee3u vang \u00dd Negro Melo (R\u01b0\u1ee3u R\u1ed3ng) - R.WINE","og_description":"Xu\u1ea5t x\u1ee9 \u00dd   Ph\u00e2n lo\u1ea1i Vang \u0111\u1ecf   N\u1ed3ng \u0111\u1ed9 14 %   Dung t\u00edch \u00a0750ml   Gi\u1ed1ng nho Negroamaro, Sangiovese   Ni\u00ean V\u1ee5 2022   V\u00f9ng Vang Puglia    &nbsp;","og_url":"https:\/\/rwinevietnam.com\/home\/ruou-vang-y-negro-melo\/","og_site_name":"R.WINE","article_modified_time":"2024-01-01T12:30:27+00:00","og_image":[{"width":1535,"height":2048,"url":"https:\/\/rwinevietnam.com\/home\/wp-content\/uploads\/2024\/01\/IMG_6993.jpeg","type":"image\/jpeg"}],"twitter_card":"summary_large_image","schema":{"@context":"https:\/\/schema.org","@graph":[{"@type":"WebPage","@id":"https:\/\/rwinevietnam.com\/home\/ruou-vang-y-negro-melo\/","url":"https:\/\/rwinevietnam.com\/home\/ruou-vang-y-negro-melo\/","name":"R\u01b0\u1ee3u vang \u00dd Negro Melo (R\u01b0\u1ee3u R\u1ed3ng) - R.WINE","isPartOf":{"@id":"https:\/\/rwinevietnam.com\/home\/#website"},"primaryImageOfPage":{"@id":"https:\/\/rwinevietnam.com\/home\/ruou-vang-y-negro-melo\/#primaryimage"},"image":{"@id":"https:\/\/rwinevietnam.com\/home\/ruou-vang-y-negro-melo\/#primaryimage"},"thumbnailUrl":"https:\/\/rwinevietnam.com\/home\/wp-content\/uploads\/2024\/01\/IMG_6993.jpeg","datePublished":"2024-01-01T12:20:19+00:00","dateModified":"2024-01-01T12:30:27+00:00","breadcrumb":{"@id":"https:\/\/rwinevietnam.com\/home\/ruou-vang-y-negro-melo\/#breadcrumb"},"inLanguage":"vi","potentialAction":[{"@type":"ReadAction","target":["https:\/\/rwinevietnam.com\/home\/ruou-vang-y-negro-melo\/"]}]},{"@type":"ImageObject","inLanguage":"vi","@id":"https:\/\/rwinevietnam.com\/home\/ruou-vang-y-negro-melo\/#primaryimage","url":"https:\/\/rwinevietnam.com\/home\/wp-content\/uploads\/2024\/01\/IMG_6993.jpeg","contentUrl":"https:\/\/rwinevietnam.com\/home\/wp-content\/uploads\/2024\/01\/IMG_6993.jpeg","width":1535,"height":2048},{"@type":"BreadcrumbList","@id":"https:\/\/rwinevietnam.com\/home\/ruou-vang-y-negro-melo\/#breadcrumb","itemListElement":[{"@type":"ListItem","position":1,"name":"Trang ch\u1ee7","item":"https:\/\/rwinevietnam.com\/home\/"},{"@type":"ListItem","position":2,"name":"S\u1ea3n ph\u1ea9m","item":"https:\/\/rwinevietnam.com\/home\/san-pham\/"},{"@type":"ListItem","position":3,"name":"R\u01b0\u1ee3u vang \u00dd Negro Melo (R\u01b0\u1ee3u R\u1ed3ng)"}]},{"@type":"WebSite","@id":"https:\/\/rwinevietnam.com\/home\/#website","url":"https:\/\/rwinevietnam.com\/home\/","name":"R.WINE","description":"C\u00d4NG TY C\u1ed4 PH\u1ea6N XU\u1ea4T KH\u1ea8U NH\u1eacP KH\u1ea8U","potentialAction":[{"@type":"SearchAction","target":{"@type":"EntryPoint","urlTemplate":"https:\/\/rwinevietnam.com\/home\/?s={search_term_string}"},"query-input":{"@type":"PropertyValueSpecification","valueRequired":true,"valueName":"search_term_string"}}],"inLanguage":"vi"}]}},"_links":{"self":[{"href":"https:\/\/rwinevietnam.com\/home\/wp-json\/wp\/v2\/product\/1285","targetHints":{"allow":["GET"]}}],"collection":[{"href":"https:\/\/rwinevietnam.com\/home\/wp-json\/wp\/v2\/product"}],"about":[{"href":"https:\/\/rwinevietnam.com\/home\/wp-json\/wp\/v2\/types\/product"}],"replies":[{"embeddable":true,"href":"https:\/\/rwinevietnam.com\/home\/wp-json\/wp\/v2\/comments?post=1285"}],"wp:featuredmedia":[{"embeddable":true,"href":"https:\/\/rwinevietnam.com\/home\/wp-json\/wp\/v2\/media\/1286"}],"wp:attachment":[{"href":"https:\/\/rwinevietnam.com\/home\/wp-json\/wp\/v2\/media?parent=1285"}],"wp:term":[{"taxonomy":"product_brand","embeddable":true,"href":"https:\/\/rwinevietnam.com\/home\/wp-json\/wp\/v2\/product_brand?post=1285"},{"taxonomy":"product_cat","embeddable":true,"href":"https:\/\/rwinevietnam.com\/home\/wp-json\/wp\/v2\/product_cat?post=1285"},{"taxonomy":"product_tag","embeddable":true,"href":"https:\/\/rwinevietnam.com\/home\/wp-json\/wp\/v2\/product_tag?post=1285"}],"curies":[{"name":"wp","href":"https:\/\/api.w.org\/{rel}","templated":true}]}}