{"id":1264,"date":"2023-12-25T13:56:37","date_gmt":"2023-12-25T13:56:37","guid":{"rendered":"https:\/\/rwinevietnam.com\/home\/?post_type=product&#038;p=1264"},"modified":"2023-12-25T14:04:49","modified_gmt":"2023-12-25T14:04:49","slug":"ruou-dragon-boat-brandy-xo","status":"publish","type":"product","link":"https:\/\/rwinevietnam.com\/home\/ruou-dragon-boat-brandy-xo\/","title":{"rendered":"R\u01b0\u1ee3u Dragon Boat Brandy XO"},"content":{"rendered":"<p><a href=\"https:\/\/khoruou68.com\/ruou-dragon-boat-brandy-xo\/\"><strong>R\u01b0\u1ee3u Dragon Boat Brandy XO<\/strong><\/a>\u00a0l\u00e0 m\u1ed9t bi\u1ec3u t\u01b0\u1ee3ng c\u1ee7a s\u1ef1 h\u00f2a quy\u1ec7n gi\u1eefa ngh\u1ec7 thu\u1eadt pha ch\u1ebf Ph\u00e1p v\u00e0 t\u01b0\u1ee3ng tr\u01b0ng v\u0103n h\u00f3a \u0110\u00f4ng \u00c1. V\u1edbi n\u1ed3ng \u0111\u1ed9\u00a0<strong>40% vol<\/strong>, \u0111\u00e2y l\u00e0 m\u1ed9t lo\u1ea1i\u00a0r\u01b0\u1ee3u ngo\u1ea1i nh\u1eadp kh\u1ea9u\u00a0t\u1eeb Ph\u00e1p, mang \u0111\u1ebfn tr\u1ea3i nghi\u1ec7m \u0111\u1eb3ng c\u1ea5p v\u00e0 \u0111\u1ed9 \u0111\u1ed9c \u0111\u00e1o cho nh\u1eefng ng\u01b0\u1eddi y\u00eau th\u01b0\u1edfng th\u1ee9c\u00a0<strong>r\u01b0\u1ee3u Brandy<\/strong>\u00a0cao c\u1ea5p.<\/p>\n<div id=\"attachment_10992\" class=\"wp-caption aligncenter\" style=\"width: 489px;\"><img loading=\"lazy\" decoding=\"async\" class=\"aligncenter  wp-image-1265\" src=\"https:\/\/rwinevietnam.com\/home\/wp-content\/uploads\/2023\/12\/IMG_6875-1024x768.jpeg\" alt=\"\" width=\"489\" height=\"367\" srcset=\"https:\/\/rwinevietnam.com\/home\/wp-content\/uploads\/2023\/12\/IMG_6875-1024x768.jpeg 1024w, https:\/\/rwinevietnam.com\/home\/wp-content\/uploads\/2023\/12\/IMG_6875-300x225.jpeg 300w, https:\/\/rwinevietnam.com\/home\/wp-content\/uploads\/2023\/12\/IMG_6875-768x576.jpeg 768w, https:\/\/rwinevietnam.com\/home\/wp-content\/uploads\/2023\/12\/IMG_6875-1536x1152.jpeg 1536w, https:\/\/rwinevietnam.com\/home\/wp-content\/uploads\/2023\/12\/IMG_6875-600x450.jpeg 600w, https:\/\/rwinevietnam.com\/home\/wp-content\/uploads\/2023\/12\/IMG_6875.jpeg 2048w\" sizes=\"auto, (max-width: 489px) 100vw, 489px\" \/><\/div>\n<h2 id=\"ftoc-heading-2\" class=\"ftwp-heading\">R\u1ed3ng \u2013 Th\u00ecn: Linh V\u1eadt Linh Thi\u00eang trong 12 Con Gi\u00e1p<\/h2>\n<p>Theo \u0111\u1ed3ng Nh\u00e2n Duy\u00ean v\u00e0 phong thu\u1ef7 truy\u1ec1n th\u1ed1ng, linh v\u1eadt R\u1ed3ng \u2013 Th\u00ecn l\u00e0 bi\u1ec3u t\u01b0\u1ee3ng c\u1ee7a nh\u1eefng \u0111i\u1ec1u may m\u1eafn v\u00e0 an l\u00e0nh. R\u1ed3ng v\u1edbi th\u00e2n h\u00ecnh to l\u1edbn, v\u1ea3y v\u00e0ng \u00f3ng \u00e1nh, c\u1eb7p s\u1eebng, m\u00f3ng vu\u1ed1t s\u1eafc b\u00e9n, \u0111\u00f4i m\u1eaft h\u00f9ng h\u1ed3n l\u00e0 con c\u1ee7a tr\u1eddi, \u0111\u01b0\u1ee3c x\u01b0\u1edbng \u0111\u1ebfn trong nhi\u1ec1u c\u00e2u chuy\u1ec7n huy\u1ec1n tho\u1ea1i \u0110\u00f4ng ph\u01b0\u01a1ng.<\/p>\n<h2 id=\"ftoc-heading-3\" class=\"ftwp-heading\">R\u01b0\u1ee3u Dragon Boat Brandy XO V\u00e0 Phong Thu\u1ef7<\/h2>\n<h3 id=\"ftoc-heading-4\" class=\"ftwp-heading\">S\u1ee9c M\u1ea1nh Huy\u1ec1n B\u00ed t\u1eeb R\u1ed3ng<\/h3>\n<p>R\u01b0\u1ee3u Dragon Boat Brandy XO kh\u00f4ng ch\u1ec9 l\u00e0 m\u1ed9t d\u00f2ng\u00a0<strong>Brabdy<\/strong>\u00a0d\u00f9ng \u0111\u1ec3 th\u01b0\u1edfng th\u1ee9c, m\u00e0 c\u00f2n mang \u0111\u1ebfn cho ng\u01b0\u1eddi s\u1eed d\u1ee5ng s\u1ef1 k\u1ebft n\u1ed1i v\u1edbi s\u1ee9c m\u1ea1nh huy\u1ec1n b\u00ed c\u1ee7a linh v\u1eadt R\u1ed3ng. V\u1edbi thi\u1ebft k\u1ebf b\u00ecnh r\u01b0\u1ee3u h\u00ecnh r\u1ed3ng \u0111\u1ed9c \u0111\u00e1o, s\u1ea3n ph\u1ea9m kh\u00f4ng ch\u1ec9 l\u00e0 m\u1ed9t lo\u1ea1i r\u01b0\u1ee3u m\u00e0 c\u00f2n l\u00e0 m\u1ed9t bi\u1ec3u t\u01b0\u1ee3ng c\u1ee7a s\u1ef1 may m\u1eafn v\u00e0 th\u00e0nh c\u00f4ng.<\/p>\n<h3 id=\"ftoc-heading-5\" class=\"ftwp-heading\">Phong Thu\u1ef7 v\u00e0 T\u00e0i L\u1ed9c<\/h3>\n<p>Nhi\u1ec1u ng\u01b0\u1eddi tin r\u1eb1ng, khi s\u1edf h\u1eefu b\u00ecnh r\u01b0\u1ee3u con r\u1ed3ng v\u00e0 u\u1ed1ng r\u01b0\u1ee3u t\u1eeb \u0111\u00f3, h\u1ecd s\u1ebd thu h\u00fat nhi\u1ec1u t\u00e0i l\u1ed9c, s\u1ee9c kho\u1ebb d\u1ed3i d\u00e0o v\u00e0 v\u1ea1n s\u1ef1 hanh th\u00f4ng. Phong thu\u1ef7 xem x\u00e9t kh\u00f4ng ch\u1ec9 v\u1ec1 v\u1ecb tr\u00ed \u0111\u1eb7t b\u00ecnh r\u01b0\u1ee3u trong nh\u00e0 m\u00e0 c\u00f2n v\u1ec1 c\u00e1ch s\u1eed d\u1ee5ng n\u00f3 \u0111\u1ec3 k\u00edch th\u00edch d\u01b0\u01a1ng kh\u00ed t\u00edch c\u1ef1c.<\/p>\n<h2 id=\"ftoc-heading-6\" class=\"ftwp-heading\">R\u01b0\u1ee3u Linh V\u1eadt V\u00e0 S\u1ef1 Trang Nghi\u00eam Trong Thi\u1ebft K\u1ebf<\/h2>\n<p>Nh\u1eefng m\u1eabu r\u01b0\u1ee3u linh th\u00fa t\u1eeb c\u00e1c h\u00e0ng r\u01b0\u1ee3u n\u1ed5i ti\u1ebfng tr\u00ean th\u1ebf gi\u1edbi \u0111ang tr\u1edf th\u00e0nh xu h\u01b0\u1edbng kh\u00f4ng th\u1ec3 ph\u1ee7 nh\u1eadn. Thi\u1ebft k\u1ebf h\u00ecnh r\u1ed3ng kh\u00f4ng ch\u1ec9 l\u00e0 s\u1ef1 s\u00e1ng t\u1ea1o m\u00e0 c\u00f2n l\u00e0 s\u1ef1 trang nghi\u00eam trong vi\u1ec7c th\u1ec3 hi\u1ec7n v\u0103n h\u00f3a v\u00e0 ngh\u1ec7 thu\u1eadt pha ch\u1ebf.<\/p>\n<h3 id=\"ftoc-heading-7\" class=\"ftwp-heading\">S\u1ef1 \u0110\u1ed9c \u0110\u00e1o v\u00e0 N\u1ed5i B\u1eadt<\/h3>\n<p>R\u01b0\u1ee3u Dragon Boat Brandy XO kh\u00f4ng ch\u1ec9 l\u00e0 m\u1ed9t s\u1ea3n ph\u1ea9m ngo\u1ea1i nh\u1eadp h\u00e0ng \u0111\u1ea7u, m\u00e0 c\u00f2n ch\u1ee9a \u0111\u1ef1ng \u0111\u1ed9 \u0111\u1ed9c \u0111\u00e1o v\u00e0 n\u1ed5i b\u1eadt. H\u00ecnh \u1ea3nh r\u1ed3ng \u0111\u01b0\u1ee3c ch\u1ea1m kh\u1eafc t\u1ec9 m\u1ec9 tr\u00ean b\u00ecnh r\u01b0\u1ee3u t\u1ea1o n\u00ean m\u1ed9t t\u00e1c ph\u1ea9m ngh\u1ec7 thu\u1eadt \u0111\u1ed9c \u0111\u00e1o, l\u00e0m t\u0103ng gi\u00e1 tr\u1ecb v\u00e0 \u1ea5n t\u01b0\u1ee3ng c\u1ee7a s\u1ea3n ph\u1ea9m.<\/p>\n<div><\/div>\n<div id=\"attachment_10991\" class=\"wp-caption aligncenter\" style=\"width: 512px;\"><img loading=\"lazy\" decoding=\"async\" class=\"aligncenter  wp-image-1266\" src=\"https:\/\/rwinevietnam.com\/home\/wp-content\/uploads\/2023\/12\/IMG_6876-1024x768.jpeg\" alt=\"\" width=\"512\" height=\"384\" srcset=\"https:\/\/rwinevietnam.com\/home\/wp-content\/uploads\/2023\/12\/IMG_6876-1024x768.jpeg 1024w, https:\/\/rwinevietnam.com\/home\/wp-content\/uploads\/2023\/12\/IMG_6876-300x225.jpeg 300w, https:\/\/rwinevietnam.com\/home\/wp-content\/uploads\/2023\/12\/IMG_6876-768x576.jpeg 768w, https:\/\/rwinevietnam.com\/home\/wp-content\/uploads\/2023\/12\/IMG_6876-1536x1152.jpeg 1536w, https:\/\/rwinevietnam.com\/home\/wp-content\/uploads\/2023\/12\/IMG_6876-600x450.jpeg 600w, https:\/\/rwinevietnam.com\/home\/wp-content\/uploads\/2023\/12\/IMG_6876.jpeg 2048w\" sizes=\"auto, (max-width: 512px) 100vw, 512px\" \/><\/p>\n<p id=\"caption-attachment-10991\" class=\"wp-caption-text\">R\u01b0\u1ee3u Dragon Boat Brandy XO<\/p>\n<\/div>\n<h2 id=\"ftoc-heading-8\" class=\"ftwp-heading\">M\u00f3n Qu\u00e0 T\u1ebft \u00dd Ngh\u0129a v\u00e0 \u0110\u1ed9c \u0110\u00e1o<\/h2>\n<h3 id=\"ftoc-heading-9\" class=\"ftwp-heading\">T\u1eb7ng Ng\u01b0\u1eddi Th\u00e2n v\u00e0 B\u1ea1n B\u00e8<\/h3>\n<p>R\u01b0\u1ee3u Dragon Boat Brandy XO kh\u00f4ng ch\u1ec9 l\u00e0 m\u1ed9t s\u1ea3n ph\u1ea9m th\u01b0\u1edfng th\u1ee9c c\u00e1 nh\u00e2n m\u00e0 c\u00f2n l\u00e0 m\u00f3n\u00a0<strong>qu\u00e0 T\u1ebft<\/strong>\u00a0\u00fd ngh\u0129a v\u00e0 \u0111\u1ed9c \u0111\u00e1o. Vi\u1ec7c t\u1eb7ng nh\u1eefng ng\u01b0\u1eddi th\u00e2n y\u00eau v\u00e0 b\u1ea1n b\u00e8 m\u1ed9t chai r\u01b0\u1ee3u mang h\u00ecnh \u1ea3nh R\u1ed3ng \u2013 Th\u00ecn l\u00e0 c\u00e1ch th\u1ec3 hi\u1ec7n l\u00f2ng t\u00f4n tr\u1ecdng v\u00e0 chia s\u1ebb ni\u1ec1m vui trong nh\u1eefng d\u1ecbp l\u1ec5 truy\u1ec1n th\u1ed1ng.<\/p>\n<h3 id=\"ftoc-heading-10\" class=\"ftwp-heading\">Gi\u00e1 Tr\u1ecb V\u0103n H\u00f3a v\u00e0 Ngh\u1ec7 Thu\u1eadt<\/h3>\n<p>R\u01b0\u1ee3u Dragon Boat Brandy XO kh\u00f4ng ch\u1ec9 l\u00e0 \u0111\u1ed3 u\u1ed1ng, m\u00e0 c\u00f2n l\u00e0 m\u1ed9t bi\u1ec3u t\u01b0\u1ee3ng c\u1ee7a gi\u00e1 tr\u1ecb v\u0103n h\u00f3a v\u00e0 ngh\u1ec7 thu\u1eadt. Vi\u1ec7c th\u01b0\u1edfng th\u1ee9c m\u1ed7i gi\u1ecdt r\u01b0\u1ee3u kh\u00f4ng ch\u1ec9 l\u00e0 tr\u1ea3i nghi\u1ec7m v\u1ecb gi\u00e1c m\u00e0 c\u00f2n l\u00e0 h\u00e0nh tr\u00ecnh kh\u00e1m ph\u00e1 v\u0103n h\u00f3a v\u00e0 l\u1ecbch s\u1eed pha ch\u1ebf.<\/p>\n<p>R\u01b0\u1ee3u Dragon Boat Brandy XO kh\u00f4ng ch\u1ec9 l\u00e0 m\u1ed9t s\u1ea3n ph\u1ea9m th\u01b0\u1edfng th\u1ee9c sang tr\u1ecdng m\u00e0 c\u00f2n l\u00e0 s\u1ef1 k\u1ebft h\u1ee3p tuy\u1ec7t v\u1eddi gi\u1eefa ngh\u1ec7 thu\u1eadt Ph\u00e1p v\u00e0 t\u01b0\u1ee3ng tr\u01b0ng v\u0103n h\u00f3a \u0110\u00f4ng \u00c1. V\u1edbi h\u00ecnh \u1ea3nh linh v\u1eadt R\u1ed3ng \u2013 Th\u00ecn, s\u1ea3n ph\u1ea9m kh\u00f4ng ch\u1ec9 mang l\u1ea1i tr\u1ea3i nghi\u1ec7m \u0111\u1ed9c \u0111\u00e1o m\u00e0 c\u00f2n l\u00e0 \u0111i\u1ec1u may m\u1eafn v\u00e0 an l\u00e0nh theo quan \u0111i\u1ec3m phong thu\u1ef7 truy\u1ec1n th\u1ed1ng.<\/p>\n","protected":false},"excerpt":{"rendered":"<table style=\"border-collapse: collapse; width: 100%; height: 136px;\">\n<tbody>\n<tr style=\"height: 21px;\">\n<td style=\"width: 50%; height: 21px;\">Xu\u1ea5t x\u1ee9<\/td>\n<td style=\"width: 50%; height: 21px;\">Ph\u00e1p<\/td>\n<\/tr>\n<tr style=\"height: 21px;\">\n<td style=\"width: 50%; height: 21px;\">M\u1ea7u s\u1eafc<\/td>\n<td style=\"width: 50%; height: 21px;\">M\u1ea7u V\u00e0ng \u0110\u1eadm<\/td>\n<\/tr>\n<tr style=\"height: 21px;\">\n<td style=\"width: 50%; height: 21px;\">N\u1ed3ng \u0111\u1ed9<\/td>\n<td style=\"width: 50%; height: 21px;\">40%<\/td>\n<\/tr>\n<tr style=\"height: 21px;\">\n<td style=\"width: 50%; height: 21px;\">Dung t\u00edch<\/td>\n<td style=\"width: 50%; height: 21px;\">700ml<\/td>\n<\/tr>\n<tr style=\"height: 21px;\">\n<td style=\"width: 50%; height: 21px;\"><\/td>\n<td style=\"width: 50%; height: 21px;\"><\/td>\n<\/tr>\n<tr style=\"height: 21px;\">\n<td style=\"width: 50%; height: 21px;\"><\/td>\n<td style=\"width: 50%; height: 21px;\"><\/td>\n<\/tr>\n<tr style=\"height: 21px;\">\n<td style=\"width: 50%; height: 21px;\"><\/td>\n<td style=\"width: 50%; height: 21px;\"><\/td>\n<\/tr>\n<\/tbody>\n<\/table>\n<p>&nbsp;<\/p>\n","protected":false},"featured_media":1265,"comment_status":"closed","ping_status":"closed","template":"","meta":{"_acf_changed":false},"product_brand":[],"product_cat":[236,34,26,28],"product_tag":[239,314,237,242,315,261,238],"class_list":{"0":"post-1264","1":"product","2":"type-product","3":"status-publish","4":"has-post-thumbnail","6":"product_cat-brandy","7":"product_cat-ruou-manh","8":"product_cat-san-pham-noi-bat","9":"product_cat-vang-phap","10":"product_tag-brandy","11":"product_tag-dragon-boat-brandy-xo","12":"product_tag-ruou-manh","13":"product_tag-ruou-manh-gia-re","14":"product_tag-ruou-rong","15":"product_tag-sunny","16":"product_tag-xo","18":"first","19":"instock","20":"shipping-taxable","21":"product-type-simple"},"acf":[],"yoast_head":"<!-- This site is optimized with the Yoast SEO plugin v26.8 - https:\/\/yoast.com\/product\/yoast-seo-wordpress\/ -->\n<title>R\u01b0\u1ee3u Dragon Boat Brandy XO - R.WINE<\/title>\n<meta name=\"robots\" content=\"noindex, follow\" \/>\n<meta property=\"og:locale\" content=\"vi_VN\" \/>\n<meta property=\"og:type\" content=\"article\" \/>\n<meta property=\"og:title\" content=\"R\u01b0\u1ee3u Dragon Boat Brandy XO - R.WINE\" \/>\n<meta property=\"og:description\" content=\"Xu\u1ea5t x\u1ee9 Ph\u00e1p   M\u1ea7u s\u1eafc M\u1ea7u V\u00e0ng \u0110\u1eadm   N\u1ed3ng \u0111\u1ed9 40%   Dung t\u00edch 700ml                &nbsp;\" \/>\n<meta property=\"og:url\" content=\"https:\/\/rwinevietnam.com\/home\/ruou-dragon-boat-brandy-xo\/\" \/>\n<meta property=\"og:site_name\" content=\"R.WINE\" \/>\n<meta property=\"article:modified_time\" content=\"2023-12-25T14:04:49+00:00\" \/>\n<meta property=\"og:image\" content=\"https:\/\/rwinevietnam.com\/home\/wp-content\/uploads\/2023\/12\/IMG_6875.jpeg\" \/>\n\t<meta property=\"og:image:width\" content=\"2048\" \/>\n\t<meta property=\"og:image:height\" content=\"1536\" \/>\n\t<meta property=\"og:image:type\" content=\"image\/jpeg\" \/>\n<meta name=\"twitter:card\" content=\"summary_large_image\" \/>\n<script type=\"application\/ld+json\" class=\"yoast-schema-graph\">{\"@context\":\"https:\/\/schema.org\",\"@graph\":[{\"@type\":\"WebPage\",\"@id\":\"https:\/\/rwinevietnam.com\/home\/ruou-dragon-boat-brandy-xo\/\",\"url\":\"https:\/\/rwinevietnam.com\/home\/ruou-dragon-boat-brandy-xo\/\",\"name\":\"R\u01b0\u1ee3u Dragon Boat Brandy XO - R.WINE\",\"isPartOf\":{\"@id\":\"https:\/\/rwinevietnam.com\/home\/#website\"},\"primaryImageOfPage\":{\"@id\":\"https:\/\/rwinevietnam.com\/home\/ruou-dragon-boat-brandy-xo\/#primaryimage\"},\"image\":{\"@id\":\"https:\/\/rwinevietnam.com\/home\/ruou-dragon-boat-brandy-xo\/#primaryimage\"},\"thumbnailUrl\":\"https:\/\/rwinevietnam.com\/home\/wp-content\/uploads\/2023\/12\/IMG_6875.jpeg\",\"datePublished\":\"2023-12-25T13:56:37+00:00\",\"dateModified\":\"2023-12-25T14:04:49+00:00\",\"breadcrumb\":{\"@id\":\"https:\/\/rwinevietnam.com\/home\/ruou-dragon-boat-brandy-xo\/#breadcrumb\"},\"inLanguage\":\"vi\",\"potentialAction\":[{\"@type\":\"ReadAction\",\"target\":[\"https:\/\/rwinevietnam.com\/home\/ruou-dragon-boat-brandy-xo\/\"]}]},{\"@type\":\"ImageObject\",\"inLanguage\":\"vi\",\"@id\":\"https:\/\/rwinevietnam.com\/home\/ruou-dragon-boat-brandy-xo\/#primaryimage\",\"url\":\"https:\/\/rwinevietnam.com\/home\/wp-content\/uploads\/2023\/12\/IMG_6875.jpeg\",\"contentUrl\":\"https:\/\/rwinevietnam.com\/home\/wp-content\/uploads\/2023\/12\/IMG_6875.jpeg\",\"width\":2048,\"height\":1536},{\"@type\":\"BreadcrumbList\",\"@id\":\"https:\/\/rwinevietnam.com\/home\/ruou-dragon-boat-brandy-xo\/#breadcrumb\",\"itemListElement\":[{\"@type\":\"ListItem\",\"position\":1,\"name\":\"Trang ch\u1ee7\",\"item\":\"https:\/\/rwinevietnam.com\/home\/\"},{\"@type\":\"ListItem\",\"position\":2,\"name\":\"S\u1ea3n ph\u1ea9m\",\"item\":\"https:\/\/rwinevietnam.com\/home\/san-pham\/\"},{\"@type\":\"ListItem\",\"position\":3,\"name\":\"R\u01b0\u1ee3u Dragon Boat Brandy XO\"}]},{\"@type\":\"WebSite\",\"@id\":\"https:\/\/rwinevietnam.com\/home\/#website\",\"url\":\"https:\/\/rwinevietnam.com\/home\/\",\"name\":\"R.WINE\",\"description\":\"C\u00d4NG TY C\u1ed4 PH\u1ea6N XU\u1ea4T KH\u1ea8U NH\u1eacP KH\u1ea8U\",\"potentialAction\":[{\"@type\":\"SearchAction\",\"target\":{\"@type\":\"EntryPoint\",\"urlTemplate\":\"https:\/\/rwinevietnam.com\/home\/?s={search_term_string}\"},\"query-input\":{\"@type\":\"PropertyValueSpecification\",\"valueRequired\":true,\"valueName\":\"search_term_string\"}}],\"inLanguage\":\"vi\"}]}<\/script>\n<!-- \/ Yoast SEO plugin. -->","yoast_head_json":{"title":"R\u01b0\u1ee3u Dragon Boat Brandy XO - R.WINE","robots":{"index":"noindex","follow":"follow"},"og_locale":"vi_VN","og_type":"article","og_title":"R\u01b0\u1ee3u Dragon Boat Brandy XO - R.WINE","og_description":"Xu\u1ea5t x\u1ee9 Ph\u00e1p   M\u1ea7u s\u1eafc M\u1ea7u V\u00e0ng \u0110\u1eadm   N\u1ed3ng \u0111\u1ed9 40%   Dung t\u00edch 700ml                &nbsp;","og_url":"https:\/\/rwinevietnam.com\/home\/ruou-dragon-boat-brandy-xo\/","og_site_name":"R.WINE","article_modified_time":"2023-12-25T14:04:49+00:00","og_image":[{"width":2048,"height":1536,"url":"https:\/\/rwinevietnam.com\/home\/wp-content\/uploads\/2023\/12\/IMG_6875.jpeg","type":"image\/jpeg"}],"twitter_card":"summary_large_image","schema":{"@context":"https:\/\/schema.org","@graph":[{"@type":"WebPage","@id":"https:\/\/rwinevietnam.com\/home\/ruou-dragon-boat-brandy-xo\/","url":"https:\/\/rwinevietnam.com\/home\/ruou-dragon-boat-brandy-xo\/","name":"R\u01b0\u1ee3u Dragon Boat Brandy XO - R.WINE","isPartOf":{"@id":"https:\/\/rwinevietnam.com\/home\/#website"},"primaryImageOfPage":{"@id":"https:\/\/rwinevietnam.com\/home\/ruou-dragon-boat-brandy-xo\/#primaryimage"},"image":{"@id":"https:\/\/rwinevietnam.com\/home\/ruou-dragon-boat-brandy-xo\/#primaryimage"},"thumbnailUrl":"https:\/\/rwinevietnam.com\/home\/wp-content\/uploads\/2023\/12\/IMG_6875.jpeg","datePublished":"2023-12-25T13:56:37+00:00","dateModified":"2023-12-25T14:04:49+00:00","breadcrumb":{"@id":"https:\/\/rwinevietnam.com\/home\/ruou-dragon-boat-brandy-xo\/#breadcrumb"},"inLanguage":"vi","potentialAction":[{"@type":"ReadAction","target":["https:\/\/rwinevietnam.com\/home\/ruou-dragon-boat-brandy-xo\/"]}]},{"@type":"ImageObject","inLanguage":"vi","@id":"https:\/\/rwinevietnam.com\/home\/ruou-dragon-boat-brandy-xo\/#primaryimage","url":"https:\/\/rwinevietnam.com\/home\/wp-content\/uploads\/2023\/12\/IMG_6875.jpeg","contentUrl":"https:\/\/rwinevietnam.com\/home\/wp-content\/uploads\/2023\/12\/IMG_6875.jpeg","width":2048,"height":1536},{"@type":"BreadcrumbList","@id":"https:\/\/rwinevietnam.com\/home\/ruou-dragon-boat-brandy-xo\/#breadcrumb","itemListElement":[{"@type":"ListItem","position":1,"name":"Trang ch\u1ee7","item":"https:\/\/rwinevietnam.com\/home\/"},{"@type":"ListItem","position":2,"name":"S\u1ea3n ph\u1ea9m","item":"https:\/\/rwinevietnam.com\/home\/san-pham\/"},{"@type":"ListItem","position":3,"name":"R\u01b0\u1ee3u Dragon Boat Brandy XO"}]},{"@type":"WebSite","@id":"https:\/\/rwinevietnam.com\/home\/#website","url":"https:\/\/rwinevietnam.com\/home\/","name":"R.WINE","description":"C\u00d4NG TY C\u1ed4 PH\u1ea6N XU\u1ea4T KH\u1ea8U NH\u1eacP KH\u1ea8U","potentialAction":[{"@type":"SearchAction","target":{"@type":"EntryPoint","urlTemplate":"https:\/\/rwinevietnam.com\/home\/?s={search_term_string}"},"query-input":{"@type":"PropertyValueSpecification","valueRequired":true,"valueName":"search_term_string"}}],"inLanguage":"vi"}]}},"_links":{"self":[{"href":"https:\/\/rwinevietnam.com\/home\/wp-json\/wp\/v2\/product\/1264","targetHints":{"allow":["GET"]}}],"collection":[{"href":"https:\/\/rwinevietnam.com\/home\/wp-json\/wp\/v2\/product"}],"about":[{"href":"https:\/\/rwinevietnam.com\/home\/wp-json\/wp\/v2\/types\/product"}],"replies":[{"embeddable":true,"href":"https:\/\/rwinevietnam.com\/home\/wp-json\/wp\/v2\/comments?post=1264"}],"wp:featuredmedia":[{"embeddable":true,"href":"https:\/\/rwinevietnam.com\/home\/wp-json\/wp\/v2\/media\/1265"}],"wp:attachment":[{"href":"https:\/\/rwinevietnam.com\/home\/wp-json\/wp\/v2\/media?parent=1264"}],"wp:term":[{"taxonomy":"product_brand","embeddable":true,"href":"https:\/\/rwinevietnam.com\/home\/wp-json\/wp\/v2\/product_brand?post=1264"},{"taxonomy":"product_cat","embeddable":true,"href":"https:\/\/rwinevietnam.com\/home\/wp-json\/wp\/v2\/product_cat?post=1264"},{"taxonomy":"product_tag","embeddable":true,"href":"https:\/\/rwinevietnam.com\/home\/wp-json\/wp\/v2\/product_tag?post=1264"}],"curies":[{"name":"wp","href":"https:\/\/api.w.org\/{rel}","templated":true}]}}