{"id":1260,"date":"2023-12-25T12:37:24","date_gmt":"2023-12-25T12:37:24","guid":{"rendered":"https:\/\/rwinevietnam.com\/home\/?post_type=product&#038;p=1260"},"modified":"2023-12-25T13:54:55","modified_gmt":"2023-12-25T13:54:55","slug":"ruou-vang-chilena-thung-go","status":"publish","type":"product","link":"https:\/\/rwinevietnam.com\/home\/ruou-vang-chilena-thung-go\/","title":{"rendered":"R\u01b0\u1ee3u Vang Santa Chilena Th\u00f9ng g\u1ed7 3 l\u00edt"},"content":{"rendered":"<p>R\u01b0\u1ee3u vang Santa Chilena Merlot \u0111\u1ebfn t\u1eeb x\u1ee9 s\u1edf Chile xinh \u0111\u1eb9p l\u00e0 m\u1ed9t trong nh\u1eefng d\u00f2ng vang ph\u1ed5 th\u00f4ng hi\u1ec7n \u0111\u00e3 c\u00f3 m\u1eb7t \u1edf g\u1ea7n nh\u01b0 t\u1ea5t c\u1ea3 c\u00e1c th\u1ecb tr\u01b0\u1eddng tr\u00ean th\u1ebf gi\u1edbi. H\u01b0\u01a1ng v\u1ecb d\u1ec5 u\u1ed1ng, d\u1ec5 c\u1ea3m nh\u1eadn \u0111\u01b0\u1ee3c s\u1ea3n xu\u1ea5t t\u1eeb gi\u1ed1ng nho qu\u1ed1c t\u1ebf Merlot n\u1eb1m trong th\u00f9ng tr\u1ed1ng g\u1ed7 \u0111\u01b0\u1ee3c \u0111i\u00eau kh\u1eafc t\u1ec9 m\u1ec9, c\u00f3 t\u00ednh th\u1ea9m m\u0129 cao, ph\u00f9 h\u1ee3p v\u1edbi c\u1ea3 3 ti\u00eau ch\u00ed \u201cv\u1eeba ngon, v\u1eeba \u0111\u1eb9p v\u00e0 v\u1eeba v\u00ed\u201d.<\/p>\n<h2><em><strong>T\u00ecm hi\u1ec3u \u0111\u00f4i n\u00e9t v\u1ec1 gi\u1ed1ng nho Merlot \u2013 Linh h\u1ed3n c\u1ee7a r\u01b0\u1ee3u vang Chile Santa Chilena Merlot<\/strong><\/em><\/h2>\n<p>Merlot l\u00e0 gi\u1ed1ng nho l\u00e0m r\u01b0\u1ee3u vang \u0111\u1ecf g\u1eafn li\u1ec1n v\u1edbi t\u00ean tu\u1ed5i c\u1ee7a v\u00f9ng s\u1ea3n xu\u1ea5t n\u1ed5i ti\u1ebfng nh\u1ea5t n\u01b0\u1edbc Ph\u00e1p \u2013 Bordeaux c\u00f3 v\u1ecf m\u00e0u xanh \u0111\u1eadm, \u0111\u01b0\u1ee3c s\u1eed d\u1ee5ng \u0111\u1ec3 pha tr\u1ed9n t\u1ea1o ra c\u00e1c lo\u1ea1i r\u01b0\u1ee3u vang \u0111a d\u1ea1ng. Nhi\u1ec1u nghi\u00ean c\u1ee9u ch\u1ec9 ra r\u1eb1ng Merlot \u0111\u01b0\u1ee3c lai t\u1ea1o t\u1eeb hai gi\u1ed1ng nho Cabernet Franc v\u00e0 Magdeleine Noire des Charentes, \u0111i\u1ec1u n\u00e0y \u0111\u1ed3ng ngh\u0129a v\u1edbi Merlot l\u00e0 anh ch\u1ecb em c\u1ee7a nho Cabernet Sauvignon. C\u00f3 th\u1ec3 v\u00ec l\u00fd do n\u00e0y n\u00ean Merlot ph\u00e1t tri\u1ec3n \u1edf c\u00e1c n\u01a1i c\u00f3 kh\u00ed h\u1eadu v\u00e0 th\u1ed5 nh\u01b0\u1ee1ng gi\u1ed1ng nh\u01b0 Cabernet Sauvignon.<\/p>\n<div><img loading=\"lazy\" decoding=\"async\" class=\"aligncenter wp-image-1262\" src=\"https:\/\/rwinevietnam.com\/home\/wp-content\/uploads\/2023\/12\/IMG_6880-1024x768.jpeg\" alt=\"\" width=\"535\" height=\"401\" srcset=\"https:\/\/rwinevietnam.com\/home\/wp-content\/uploads\/2023\/12\/IMG_6880-1024x768.jpeg 1024w, https:\/\/rwinevietnam.com\/home\/wp-content\/uploads\/2023\/12\/IMG_6880-300x225.jpeg 300w, https:\/\/rwinevietnam.com\/home\/wp-content\/uploads\/2023\/12\/IMG_6880-768x576.jpeg 768w, https:\/\/rwinevietnam.com\/home\/wp-content\/uploads\/2023\/12\/IMG_6880-1536x1152.jpeg 1536w, https:\/\/rwinevietnam.com\/home\/wp-content\/uploads\/2023\/12\/IMG_6880-600x450.jpeg 600w, https:\/\/rwinevietnam.com\/home\/wp-content\/uploads\/2023\/12\/IMG_6880.jpeg 2048w\" sizes=\"auto, (max-width: 535px) 100vw, 535px\" \/><\/div>\n<div id=\"attachment_9628\" class=\"wp-caption aligncenter\">\n<p id=\"caption-attachment-9628\" class=\"wp-caption-text\">\u0110\u1eb7c \u0111i\u1ec3m c\u00f3 trong r\u01b0\u1ee3u vang t\u1eeb nho Merlot m\u00e0 Santa Chilena Merlot c\u0169ng s\u1edf h\u1eefu r\u1ea5t nhi\u1ec1u<\/p>\n<\/div>\n<p>L\u00e0 m\u1ed9t trong gi\u1ed1ng nho l\u00e0m r\u01b0\u1ee3u vang ph\u1ed5 bi\u1ebfn nh\u1ea5t tr\u00ean th\u1ebf gi\u1edbi, v\u00ec v\u1eady Merlot c\u00f3 h\u01b0\u01a1ng v\u1ecb kh\u00e1c nhau khi \u0111\u01b0\u1ee3c tr\u1ed3ng \u1edf m\u1ed7i v\u00f9ng v\u1edbi kh\u00ed h\u1eadu, \u0111\u1ea5t \u0111ai kh\u00e1c nhau ho\u1eb7c v\u1edbi c\u00e1ch s\u1ea3n xu\u1ea5t c\u1ed5 \u0111i\u1ec3n ho\u1eb7c hi\u1ec7n \u0111\u1ea1i th\u00ec l\u1ea1i t\u1ea1o ra nh\u1eefng h\u01b0\u01a1ng v\u1ecb r\u01b0\u1ee3u kh\u00e1c nhau khi\u1ebfn Merlot tr\u1edf th\u00e0nh gi\u1ed1ng nho \u0111a d\u1ea1ng d\u00f9ng nhi\u1ec1u tr\u00ean th\u1ebf gi\u1edbi v\u00e0 \u0111\u01b0\u1ee3c t\u00f4n vinh l\u00e0 \u201cn\u1eef ho\u00e0ng\u201d c\u1ee7a c\u00e1c gi\u1ed1ng nho \u0111\u1ecf t\u00f4n qu\u00fd.<\/p>\n<h2><em><strong>Kh\u00e1m ph\u00e1 h\u01b0\u01a1ng v\u1ecb ng\u1eadp tr\u00e0n tr\u00e1i c\u00e2y c\u1ee7a r\u01b0\u1ee3u vang b\u1ecbch Chile Santa Chilena Merlot<\/strong><\/em><\/h2>\n<p>R\u01b0\u1ee3u vang Chile\u00a0Santa Chilena Merlot \u0111\u01b0\u1ee3c l\u00e0m ho\u00e0n to\u00e0n t\u1eeb 100% gi\u1ed1ng nho Merlot n\u00ean kh\u00f4ng kh\u00f3 \u0111\u1ec3 c\u1ea3m nh\u1eadn \u0111\u01b0\u1ee3c nh\u1eefng tinh t\u00fay m\u00e0 gi\u1ed1ng nho n\u00e0y s\u1edf h\u1eefu trong t\u1eebng ng\u1ee5m vang. R\u01b0\u1ee3u \u00e1nh l\u00ean m\u00e0u \u0111\u1ecf t\u00edm \u0111\u1eadm \u0111\u00e0 \u0111\u1ea7y quy\u1ec1n l\u1ef1c c\u00f9ng h\u01b0\u01a1ng th\u01a1m c\u1ee7a tr\u00e1i c\u00e2y phong ph\u00fa nh\u01b0 cherry, vi\u1ec7t qu\u1ea5t \u0111\u1ea7y ng\u1ecdt ng\u00e0o c\u00f9ng m\u00f9i kh\u00f3i thoang tho\u1ea3ng \u0111\u01b0\u1ee3c ph\u00e1t tri\u1ec3n t\u1eeb qu\u00e1 tr\u00ecnh nu\u00f4i d\u01b0\u1ee1ng trong th\u00f9ng g\u1ed7 s\u1ed3i.<\/p>\n<div id=\"attachment_13672\" class=\"wp-caption aligncenter\" style=\"width: 572px;\">\n<p><img loading=\"lazy\" decoding=\"async\" class=\"aligncenter wp-image-1261\" src=\"https:\/\/rwinevietnam.com\/home\/wp-content\/uploads\/2023\/12\/IMG_6882-1024x768.jpeg\" alt=\"\" width=\"572\" height=\"429\" srcset=\"https:\/\/rwinevietnam.com\/home\/wp-content\/uploads\/2023\/12\/IMG_6882-1024x768.jpeg 1024w, https:\/\/rwinevietnam.com\/home\/wp-content\/uploads\/2023\/12\/IMG_6882-300x225.jpeg 300w, https:\/\/rwinevietnam.com\/home\/wp-content\/uploads\/2023\/12\/IMG_6882-768x576.jpeg 768w, https:\/\/rwinevietnam.com\/home\/wp-content\/uploads\/2023\/12\/IMG_6882-1536x1152.jpeg 1536w, https:\/\/rwinevietnam.com\/home\/wp-content\/uploads\/2023\/12\/IMG_6882-600x450.jpeg 600w, https:\/\/rwinevietnam.com\/home\/wp-content\/uploads\/2023\/12\/IMG_6882.jpeg 2048w\" sizes=\"auto, (max-width: 572px) 100vw, 572px\" \/><\/p>\n<p id=\"caption-attachment-13672\" class=\"wp-caption-text\">Th\u00f9ng r\u01b0\u1ee3u Santa Chilena Merlot c\u00f3 ngo\u1ea1i h\u00ecnh b\u1eaft m\u1eaft, kh\u00f4ng ch\u1ec9 s\u1edf h\u1eefu h\u01b0\u01a1ng v\u1ecb th\u01a1m ngon m\u00e0 c\u00f2n \u0111\u1ec3 tr\u01b0ng b\u00e0y c\u0169ng r\u1ea5t th\u1ea9m m\u0129<\/p>\n<\/div>\n<p>H\u01b0\u01a1ng th\u01a1m n\u1ed3ng n\u00e0n \u0111\u01b0\u1ee3c lan t\u1ecfa kh\u1eafp kh\u1ee9u gi\u00e1c th\u00ec c\u00f9ng l\u00fac \u0111\u00f3, trong v\u00f2m mi\u1ec7ng l\u1ea1i \u0111\u01b0\u1ee3c xoa d\u1ecbu b\u1edfi s\u1ef1 nh\u1eb9 nh\u00e0ng v\u00e0 m\u1ec1m m\u1ea1i c\u1ee7a tr\u00e1i c\u00e2y nh\u01b0 d\u00e2u t\u00e2y, nho kh\u00f4 v\u00e0 m\u1eadn ch\u00edn ng\u1ecdt ng\u00e0o \u0111\u01b0\u1ee3c b\u1ed5 sung th\u00eam v\u1ecb b\u00e9o ng\u1eady t\u1eeb kem t\u01b0\u01a1i, vani. V\u1edbi n\u1ed3ng \u0111\u1ed9 c\u1ed3n 13% l\u00fd t\u01b0\u1edfng, Santa Chilena Merlot c\u00f2n s\u1edf h\u1eefu l\u01b0\u1ee3ng tannin d\u00e0y d\u1eb7n, k\u00e9o d\u00e0i nh\u01b0 b\u1ea5t t\u1eadn. T\u1ea5t c\u1ea3 h\u00f2a quy\u1ec7n t\u1ea1o n\u00ean m\u1ed9t d\u01b0 v\u1ecb dai d\u1eb3ng \u0111\u1ea7y c\u1ea3m x\u00fac nh\u01b0 \u0111ang nh\u1ea3y m\u00faa tr\u00ean \u0111\u1ea7u l\u01b0\u1ee1i ng\u01b0\u1eddi th\u01b0\u1edfng th\u1ee9c.<\/p>\n<h2><strong><em>H\u01b0\u1edbng d\u1eabn s\u1eed d\u1ee5ng r\u01b0\u1ee3u vang b\u1ecbch Chile<\/em><\/strong><em><strong>\u00a0Santa Chilena Merlot<\/strong><\/em><\/h2>\n<ul>\n<li>\u0110\u1ed1i v\u1edbi r\u01b0\u1ee3u vang b\u1ecbch khi ch\u01b0a m\u1edf n\u1eafp th\u01b0\u1eddng b\u1ea3o qu\u1ea3n s\u1ebd kh\u00f4ng \u0111\u01b0\u1ee3c l\u00e2u nh\u01b0 r\u01b0\u1ee3u vang \u0111\u00f3ng chai, tr\u00ean m\u1ed7i b\u1ecbch \u0111\u1ec1u c\u00f3 \u0111\u01b0\u1ee3c nh\u00e0 s\u1ea3n xu\u1ea5t in l\u00ean h\u1ea1n s\u1eed d\u1ee5ng.<\/li>\n<li>H\u1ea7u h\u1ebft c\u00e1c lo\u1ea1i r\u01b0\u1ee3u vang b\u1ecbch \u0111\u1ec1u c\u00f3 d\u00f9ng v\u00f2i\u00a0 \u1edf trong h\u1ed9p \u0111\u1ec3 r\u00f3t r\u01b0\u1ee3u ra ngo\u00e0i, \u0111i\u1ec1u n\u00e0y gi\u00fap b\u1ea1n gi\u1ea3m thi\u1ec3u \u0111\u00e1ng k\u1ec3 qu\u00e1 tr\u00ecnh oxy h\u00f3a c\u1ee7a b\u1ecbch r\u01b0\u1ee3u trong th\u1eddi gian b\u1ea3o qu\u1ea3n, so v\u1edbi c\u00e1c lo\u1ea1i r\u01b0\u1ee3u vang \u0111\u00f3ng chai ch\u1ec9 c\u00f3 th\u1ec3 d\u00f9ng trong v\u00e0i nga\u0300y sau khi m\u1edf chai, th\u00ec r\u01b0\u1ee3u vang b\u1ecbch sau khi m\u1edf n\u1eafp c\u00f3 th\u1ec3 d\u00f9ng t\u1eeb 3 t\u1edbi 4 tu\u1ea7n.<\/li>\n<li>\u0110\u1ec3 b\u1ea3o qu\u1ea3n r\u01b0\u1ee3u vang b\u1ecbch Santa Chilena Merlot \u0111\u01b0\u1ee3c t\u1ed1t h\u01a1n b\u1ea1n n\u00ean \u0111\u1ec3 \u1edf nhi\u1ec7t \u0111\u1ed9: 18-20 \u0111\u1ed9 C, tr\u00e1nh \u00e1nh s\u00e1ng tr\u1ef1c ti\u1ebfp. Khi r\u01b0\u1ee3u vang b\u1ecbch \u0111\u00e3 m\u1edf ra n\u00ean d\u00f9ng s\u1edbm v\u00e0 nhanh th\u00ec r\u01b0\u1ee3u c\u00e0ng ngon h\u01a1n, n\u1ebfu u\u1ed1ng kh\u00f4ng h\u1ebft n\u00ean b\u1ea3o qu\u1ea3n trong ng\u0103n m\u00e1t t\u1ee7 l\u1ea1nh.<\/li>\n<li>V\u1ec1 k\u1ebft h\u1ee3p \u1ea9m th\u1ef1c, h\u00e3y d\u00f9ng d\u00f2ng vang Santa Chilena Merlot xu\u1ea5t s\u1eafc n\u00e0y c\u00f9ng c\u00e1c m\u00f3n \u0103n nh\u01b0: T<span class=\"VIiyi\" lang=\"vi\"><span class=\"JLqJ4b ChMk0b\" data-language-for-alternatives=\"vi\" data-language-to-translate-into=\"en\" data-phrase-index=\"2\">h\u1ecbt b\u00f2 teriyaki,<\/span><span class=\"JLqJ4b ChMk0b\" data-language-for-alternatives=\"vi\" data-language-to-translate-into=\"en\" data-phrase-index=\"4\">\u00a0c\u1eebu n\u01b0\u1edbng l\u00e1 h\u01b0\u01a1ng th\u1ea3o t\u1ecfi, c\u00e1 n\u01b0\u1edbng,<\/span>\u00a0n<span class=\"JLqJ4b ChMk0b\" data-language-for-alternatives=\"vi\" data-language-to-translate-into=\"en\" data-phrase-index=\"6\">\u1ea5m ru\u1ed9ng n\u01b0\u1edbng parmesan<\/span><\/span>\u00a0s\u1ebd l\u00e0 nh\u1eefng s\u1ef1 l\u1ef1a ch\u1ecdn ho\u00e0n h\u1ea3o khi pairing v\u1edbi chai r\u01b0\u1ee3u vang n\u00e0y.<\/li>\n<\/ul>\n","protected":false},"excerpt":{"rendered":"<table style=\"border-collapse: collapse; width: 100%; height: 147px;\">\n<tbody>\n<tr style=\"height: 21px;\">\n<td style=\"width: 50%; height: 21px;\">Xu\u1ea5t x\u1ee9<\/td>\n<td style=\"width: 50%; height: 21px;\">Chile<\/td>\n<\/tr>\n<tr style=\"height: 21px;\">\n<td style=\"width: 50%; height: 21px;\">Lo\u1ea1i vang<\/td>\n<td style=\"width: 50%; height: 21px;\">Vang \u0111\u1ecf<\/td>\n<\/tr>\n<tr style=\"height: 21px;\">\n<td style=\"width: 50%; height: 21px;\">Gi\u1ed1ng nho<\/td>\n<td style=\"width: 50%; height: 21px;\">Merlot<\/td>\n<\/tr>\n<tr style=\"height: 21px;\">\n<td style=\"width: 50%; height: 21px;\">N\u1ed3ng \u0111\u1ed9<\/td>\n<td style=\"width: 50%; height: 21px;\">13%<\/td>\n<\/tr>\n<tr style=\"height: 21px;\">\n<td style=\"width: 50%; height: 21px;\">Dung t\u00edch<\/td>\n<td style=\"width: 50%; height: 21px;\">3L<\/td>\n<\/tr>\n<tr style=\"height: 21px;\">\n<td style=\"width: 50%; height: 21px;\">Ni\u00ean v\u1ee5<\/td>\n<td style=\"width: 50%; height: 21px;\">2021<\/td>\n<\/tr>\n<tr style=\"height: 21px;\">\n<td style=\"width: 50%; height: 21px;\"><\/td>\n<td style=\"width: 50%; height: 21px;\"><\/td>\n<\/tr>\n<\/tbody>\n<\/table>\n<p>&nbsp;<\/p>\n","protected":false},"featured_media":1261,"comment_status":"closed","ping_status":"closed","template":"","meta":{"_acf_changed":false},"product_brand":[],"product_cat":[78,27,32,62],"product_tag":[313,312,184,222,210,197,311,221],"class_list":{"0":"post-1260","1":"product","2":"type-product","3":"status-publish","4":"has-post-thumbnail","6":"product_cat-merlot","7":"product_cat-ruou-vang","8":"product_cat-vang-chile","9":"product_cat-vang-do","10":"product_tag-qua-tang-doanh-nghiep","11":"product_tag-qua-tet","12":"product_tag-ruou-vang-gia-re","13":"product_tag-santa","14":"product_tag-vang-chile","15":"product_tag-vang-do","16":"product_tag-vang-thung-go","17":"product_tag-221","19":"first","20":"instock","21":"shipping-taxable","22":"product-type-simple"},"acf":[],"yoast_head":"<!-- This site is optimized with the Yoast SEO plugin v26.8 - https:\/\/yoast.com\/product\/yoast-seo-wordpress\/ -->\n<title>R\u01b0\u1ee3u Vang Santa Chilena Th\u00f9ng g\u1ed7 3 l\u00edt - R.WINE<\/title>\n<meta name=\"robots\" content=\"noindex, follow\" \/>\n<meta property=\"og:locale\" content=\"vi_VN\" \/>\n<meta property=\"og:type\" content=\"article\" \/>\n<meta property=\"og:title\" content=\"R\u01b0\u1ee3u Vang Santa Chilena Th\u00f9ng g\u1ed7 3 l\u00edt - R.WINE\" \/>\n<meta property=\"og:description\" content=\"Xu\u1ea5t x\u1ee9 Chile   Lo\u1ea1i vang Vang \u0111\u1ecf   Gi\u1ed1ng nho Merlot   N\u1ed3ng \u0111\u1ed9 13%   Dung t\u00edch 3L   Ni\u00ean v\u1ee5 2021        &nbsp;\" \/>\n<meta property=\"og:url\" content=\"https:\/\/rwinevietnam.com\/home\/ruou-vang-chilena-thung-go\/\" \/>\n<meta property=\"og:site_name\" content=\"R.WINE\" \/>\n<meta property=\"article:modified_time\" content=\"2023-12-25T13:54:55+00:00\" \/>\n<meta property=\"og:image\" content=\"https:\/\/rwinevietnam.com\/home\/wp-content\/uploads\/2023\/12\/IMG_6882.jpeg\" \/>\n\t<meta property=\"og:image:width\" content=\"2048\" \/>\n\t<meta property=\"og:image:height\" content=\"1536\" \/>\n\t<meta property=\"og:image:type\" content=\"image\/jpeg\" \/>\n<meta name=\"twitter:card\" content=\"summary_large_image\" \/>\n<script type=\"application\/ld+json\" class=\"yoast-schema-graph\">{\"@context\":\"https:\/\/schema.org\",\"@graph\":[{\"@type\":\"WebPage\",\"@id\":\"https:\/\/rwinevietnam.com\/home\/ruou-vang-chilena-thung-go\/\",\"url\":\"https:\/\/rwinevietnam.com\/home\/ruou-vang-chilena-thung-go\/\",\"name\":\"R\u01b0\u1ee3u Vang Santa Chilena Th\u00f9ng g\u1ed7 3 l\u00edt - R.WINE\",\"isPartOf\":{\"@id\":\"https:\/\/rwinevietnam.com\/home\/#website\"},\"primaryImageOfPage\":{\"@id\":\"https:\/\/rwinevietnam.com\/home\/ruou-vang-chilena-thung-go\/#primaryimage\"},\"image\":{\"@id\":\"https:\/\/rwinevietnam.com\/home\/ruou-vang-chilena-thung-go\/#primaryimage\"},\"thumbnailUrl\":\"https:\/\/rwinevietnam.com\/home\/wp-content\/uploads\/2023\/12\/IMG_6882.jpeg\",\"datePublished\":\"2023-12-25T12:37:24+00:00\",\"dateModified\":\"2023-12-25T13:54:55+00:00\",\"breadcrumb\":{\"@id\":\"https:\/\/rwinevietnam.com\/home\/ruou-vang-chilena-thung-go\/#breadcrumb\"},\"inLanguage\":\"vi\",\"potentialAction\":[{\"@type\":\"ReadAction\",\"target\":[\"https:\/\/rwinevietnam.com\/home\/ruou-vang-chilena-thung-go\/\"]}]},{\"@type\":\"ImageObject\",\"inLanguage\":\"vi\",\"@id\":\"https:\/\/rwinevietnam.com\/home\/ruou-vang-chilena-thung-go\/#primaryimage\",\"url\":\"https:\/\/rwinevietnam.com\/home\/wp-content\/uploads\/2023\/12\/IMG_6882.jpeg\",\"contentUrl\":\"https:\/\/rwinevietnam.com\/home\/wp-content\/uploads\/2023\/12\/IMG_6882.jpeg\",\"width\":2048,\"height\":1536},{\"@type\":\"BreadcrumbList\",\"@id\":\"https:\/\/rwinevietnam.com\/home\/ruou-vang-chilena-thung-go\/#breadcrumb\",\"itemListElement\":[{\"@type\":\"ListItem\",\"position\":1,\"name\":\"Trang ch\u1ee7\",\"item\":\"https:\/\/rwinevietnam.com\/home\/\"},{\"@type\":\"ListItem\",\"position\":2,\"name\":\"S\u1ea3n ph\u1ea9m\",\"item\":\"https:\/\/rwinevietnam.com\/home\/san-pham\/\"},{\"@type\":\"ListItem\",\"position\":3,\"name\":\"R\u01b0\u1ee3u Vang Santa Chilena Th\u00f9ng g\u1ed7 3 l\u00edt\"}]},{\"@type\":\"WebSite\",\"@id\":\"https:\/\/rwinevietnam.com\/home\/#website\",\"url\":\"https:\/\/rwinevietnam.com\/home\/\",\"name\":\"R.WINE\",\"description\":\"C\u00d4NG TY C\u1ed4 PH\u1ea6N XU\u1ea4T KH\u1ea8U NH\u1eacP KH\u1ea8U\",\"potentialAction\":[{\"@type\":\"SearchAction\",\"target\":{\"@type\":\"EntryPoint\",\"urlTemplate\":\"https:\/\/rwinevietnam.com\/home\/?s={search_term_string}\"},\"query-input\":{\"@type\":\"PropertyValueSpecification\",\"valueRequired\":true,\"valueName\":\"search_term_string\"}}],\"inLanguage\":\"vi\"}]}<\/script>\n<!-- \/ Yoast SEO plugin. -->","yoast_head_json":{"title":"R\u01b0\u1ee3u Vang Santa Chilena Th\u00f9ng g\u1ed7 3 l\u00edt - R.WINE","robots":{"index":"noindex","follow":"follow"},"og_locale":"vi_VN","og_type":"article","og_title":"R\u01b0\u1ee3u Vang Santa Chilena Th\u00f9ng g\u1ed7 3 l\u00edt - R.WINE","og_description":"Xu\u1ea5t x\u1ee9 Chile   Lo\u1ea1i vang Vang \u0111\u1ecf   Gi\u1ed1ng nho Merlot   N\u1ed3ng \u0111\u1ed9 13%   Dung t\u00edch 3L   Ni\u00ean v\u1ee5 2021        &nbsp;","og_url":"https:\/\/rwinevietnam.com\/home\/ruou-vang-chilena-thung-go\/","og_site_name":"R.WINE","article_modified_time":"2023-12-25T13:54:55+00:00","og_image":[{"width":2048,"height":1536,"url":"https:\/\/rwinevietnam.com\/home\/wp-content\/uploads\/2023\/12\/IMG_6882.jpeg","type":"image\/jpeg"}],"twitter_card":"summary_large_image","schema":{"@context":"https:\/\/schema.org","@graph":[{"@type":"WebPage","@id":"https:\/\/rwinevietnam.com\/home\/ruou-vang-chilena-thung-go\/","url":"https:\/\/rwinevietnam.com\/home\/ruou-vang-chilena-thung-go\/","name":"R\u01b0\u1ee3u Vang Santa Chilena Th\u00f9ng g\u1ed7 3 l\u00edt - R.WINE","isPartOf":{"@id":"https:\/\/rwinevietnam.com\/home\/#website"},"primaryImageOfPage":{"@id":"https:\/\/rwinevietnam.com\/home\/ruou-vang-chilena-thung-go\/#primaryimage"},"image":{"@id":"https:\/\/rwinevietnam.com\/home\/ruou-vang-chilena-thung-go\/#primaryimage"},"thumbnailUrl":"https:\/\/rwinevietnam.com\/home\/wp-content\/uploads\/2023\/12\/IMG_6882.jpeg","datePublished":"2023-12-25T12:37:24+00:00","dateModified":"2023-12-25T13:54:55+00:00","breadcrumb":{"@id":"https:\/\/rwinevietnam.com\/home\/ruou-vang-chilena-thung-go\/#breadcrumb"},"inLanguage":"vi","potentialAction":[{"@type":"ReadAction","target":["https:\/\/rwinevietnam.com\/home\/ruou-vang-chilena-thung-go\/"]}]},{"@type":"ImageObject","inLanguage":"vi","@id":"https:\/\/rwinevietnam.com\/home\/ruou-vang-chilena-thung-go\/#primaryimage","url":"https:\/\/rwinevietnam.com\/home\/wp-content\/uploads\/2023\/12\/IMG_6882.jpeg","contentUrl":"https:\/\/rwinevietnam.com\/home\/wp-content\/uploads\/2023\/12\/IMG_6882.jpeg","width":2048,"height":1536},{"@type":"BreadcrumbList","@id":"https:\/\/rwinevietnam.com\/home\/ruou-vang-chilena-thung-go\/#breadcrumb","itemListElement":[{"@type":"ListItem","position":1,"name":"Trang ch\u1ee7","item":"https:\/\/rwinevietnam.com\/home\/"},{"@type":"ListItem","position":2,"name":"S\u1ea3n ph\u1ea9m","item":"https:\/\/rwinevietnam.com\/home\/san-pham\/"},{"@type":"ListItem","position":3,"name":"R\u01b0\u1ee3u Vang Santa Chilena Th\u00f9ng g\u1ed7 3 l\u00edt"}]},{"@type":"WebSite","@id":"https:\/\/rwinevietnam.com\/home\/#website","url":"https:\/\/rwinevietnam.com\/home\/","name":"R.WINE","description":"C\u00d4NG TY C\u1ed4 PH\u1ea6N XU\u1ea4T KH\u1ea8U NH\u1eacP KH\u1ea8U","potentialAction":[{"@type":"SearchAction","target":{"@type":"EntryPoint","urlTemplate":"https:\/\/rwinevietnam.com\/home\/?s={search_term_string}"},"query-input":{"@type":"PropertyValueSpecification","valueRequired":true,"valueName":"search_term_string"}}],"inLanguage":"vi"}]}},"_links":{"self":[{"href":"https:\/\/rwinevietnam.com\/home\/wp-json\/wp\/v2\/product\/1260","targetHints":{"allow":["GET"]}}],"collection":[{"href":"https:\/\/rwinevietnam.com\/home\/wp-json\/wp\/v2\/product"}],"about":[{"href":"https:\/\/rwinevietnam.com\/home\/wp-json\/wp\/v2\/types\/product"}],"replies":[{"embeddable":true,"href":"https:\/\/rwinevietnam.com\/home\/wp-json\/wp\/v2\/comments?post=1260"}],"wp:featuredmedia":[{"embeddable":true,"href":"https:\/\/rwinevietnam.com\/home\/wp-json\/wp\/v2\/media\/1261"}],"wp:attachment":[{"href":"https:\/\/rwinevietnam.com\/home\/wp-json\/wp\/v2\/media?parent=1260"}],"wp:term":[{"taxonomy":"product_brand","embeddable":true,"href":"https:\/\/rwinevietnam.com\/home\/wp-json\/wp\/v2\/product_brand?post=1260"},{"taxonomy":"product_cat","embeddable":true,"href":"https:\/\/rwinevietnam.com\/home\/wp-json\/wp\/v2\/product_cat?post=1260"},{"taxonomy":"product_tag","embeddable":true,"href":"https:\/\/rwinevietnam.com\/home\/wp-json\/wp\/v2\/product_tag?post=1260"}],"curies":[{"name":"wp","href":"https:\/\/api.w.org\/{rel}","templated":true}]}}