{"id":1246,"date":"2023-12-12T13:11:06","date_gmt":"2023-12-12T13:11:06","guid":{"rendered":"https:\/\/rwinevietnam.com\/home\/?post_type=product&#038;p=1246"},"modified":"2023-12-12T13:16:46","modified_gmt":"2023-12-12T13:16:46","slug":"ruou-vang-y-cantele-amativo","status":"publish","type":"product","link":"https:\/\/rwinevietnam.com\/home\/ruou-vang-y-cantele-amativo\/","title":{"rendered":"R\u01b0\u1ee3u vang \u00dd Cantele Amativo"},"content":{"rendered":"<h2><strong>Vang \u00dd\u00a0Amativo Cantele Salento igt<\/strong><\/h2>\n<p>AMATIVO Salento IGP l\u00e0 lo\u1ea1i r\u01b0\u1ee3u vang \u0111\u01b0\u1ee3c s\u1ea3n xu\u1ea5t b\u1eb1ng nho Negroamaro v\u00e0 Primitivo del Salento b\u1edfi nh\u00e0 m\u00e1y r\u01b0\u1ee3u Cantele Salento n\u1ed5i ti\u1ebfng. C\u00e1c v\u01b0\u1eddn nho xu\u1ea5t x\u1ee9 c\u1ee7a nh\u1eefng lo\u1ea1i nho n\u00e0y n\u1eb1m tr\u00ean l\u00e3nh th\u1ed5 c\u1ee7a Guagnano (Lecce). V\u1ecb nh\u1ea1t c\u00f3 \u0111\u01b0\u1ee3c v\u1edbi 40% nho Negroamaro v\u00e0 60% nho Primitivo , hai gi\u1ed1ng nho b\u1ea3n \u0111\u1ecba v\u00e0 \u0111\u1ea1i di\u1ec7n c\u1ee7a Salento. \u00a0Nho Primitivo \u0111\u01b0\u1ee3c thu ho\u1ea1ch v\u00e0o nh\u1eefng ng\u00e0y \u0111\u1ea7u ti\u00ean c\u1ee7a th\u00e1ng 9, trong khi nho Negroamaro \u0111\u01b0\u1ee3c thu ho\u1ea1ch v\u00e0o cu\u1ed1i th\u00e1ng 9. Sau khi t\u00e1ch v\u1ecf v\u00e0 nghi\u1ec1n n\u00e1t, da ph\u1ea3i \u0111\u01b0\u1ee3c ng\u00e2m trong n\u01b0\u1edbc trong 12-15 ng\u00e0y, trong \u0111\u00f3 vi\u1ec7c \u0111\u1ed5 v\u1ecf \u0111\u01b0\u1ee3c th\u1ef1c hi\u1ec7n h\u00e0ng ng\u00e0y. Nhi\u1ec7t \u0111\u1ed9 l\u00ean men \u0111\u01b0\u1ee3c gi\u1eef trong kho\u1ea3ng 26-28 \u00b0 C. Khi k\u1ebft th\u00fac qu\u00e1 tr\u00ecnh l\u00ean men malolactic, r\u01b0\u1ee3u \u0111\u01b0\u1ee3c chuy\u1ec3n \u0111\u1ebfn c\u00e1c qu\u00e1n bar \u0111\u1ec3 n\u00f3 ngh\u1ec9 ng\u01a1i trong kho\u1ea3ng 12 th\u00e1ng.<\/p>\n<p>&nbsp;<\/p>\n<p><img loading=\"lazy\" decoding=\"async\" class=\"aligncenter  wp-image-1248\" src=\"https:\/\/rwinevietnam.com\/home\/wp-content\/uploads\/2023\/12\/IMG_6760-768x1024.jpeg\" alt=\"\" width=\"392\" height=\"523\" srcset=\"https:\/\/rwinevietnam.com\/home\/wp-content\/uploads\/2023\/12\/IMG_6760-768x1024.jpeg 768w, https:\/\/rwinevietnam.com\/home\/wp-content\/uploads\/2023\/12\/IMG_6760-225x300.jpeg 225w, https:\/\/rwinevietnam.com\/home\/wp-content\/uploads\/2023\/12\/IMG_6760-1152x1536.jpeg 1152w, https:\/\/rwinevietnam.com\/home\/wp-content\/uploads\/2023\/12\/IMG_6760-300x400.jpeg 300w, https:\/\/rwinevietnam.com\/home\/wp-content\/uploads\/2023\/12\/IMG_6760-600x800.jpeg 600w, https:\/\/rwinevietnam.com\/home\/wp-content\/uploads\/2023\/12\/IMG_6760.jpeg 1536w\" sizes=\"auto, (max-width: 392px) 100vw, 392px\" \/><\/p>\n<p>&nbsp;<\/p>\n<h2><strong>Th\u01b0\u1edfng th\u1ee9c r\u01b0\u1ee3u vang\u00a0Amativo Cantele Salento igt<\/strong><\/h2>\n<p><strong>M\u00e0u s\u1eafc:\u00a0R\u01b0\u1ee3u vang<\/strong>\u00a0c\u00f3 m\u00e0u \u0111\u1ecf ruby huy\u1ec1n \u1ea3o thu h\u00fat m\u1ecdi \u00e1nh m\u1eaft.<\/p>\n<p><strong>H\u01b0\u01a1ng v\u1ecb<\/strong>: \u00a0H\u01b0\u01a1ng v\u1ecb phong ph\u00fa v\u00e0 c\u00e2n b\u1eb1ng trong c\u00e1c th\u00e0nh ph\u1ea7n c\u1ee7a n\u00f3 l\u00e0m cho lo\u1ea1i r\u01b0\u1ee3u n\u00e0y tr\u1edf n\u00ean \u201ckh\u00f4ng th\u1ec3 x\u00f3a nh\u00f2a\u201d.<\/p>\n<p><strong>K\u1ebft h\u1ee3p m\u00f3n \u0103n:<\/strong>\u00a0K\u1ebft h\u1ee3p v\u1edbi th\u1ecbt \u0111\u1ecf n\u01b0\u1edbng, s\u01b0\u1eddn b\u00f2, pho m\u00e1t.<\/p>\n<p><strong>Ph\u1ee5c v\u1ee5:<\/strong>\u00a0Nhi\u1ec7t \u0111\u1ed9 tuy\u1ec7t v\u1eddi nh\u1ea5t \u0111\u1ec3 th\u01b0\u1edfng th\u1ee9c r\u01b0\u1ee3u l\u00e0 16 \u0111\u1ebfn 18 \u0111\u1ed9 C.<\/p>\n","protected":false},"excerpt":{"rendered":"<table style=\"border-collapse: collapse; width: 100%; height: 147px;\">\n<tbody>\n<tr style=\"height: 21px;\">\n<td style=\"width: 50%; height: 21px;\">Xu\u1ea5t x\u1ee9<\/td>\n<td style=\"width: 50%; height: 21px;\">\u00dd<\/td>\n<\/tr>\n<tr style=\"height: 21px;\">\n<td style=\"width: 50%; height: 21px;\">Ph\u00e2n lo\u1ea1i<\/td>\n<td style=\"width: 50%; height: 21px;\">Vang \u0111\u1ecf<\/td>\n<\/tr>\n<tr style=\"height: 21px;\">\n<td style=\"width: 50%; height: 21px;\">N\u1ed3ng \u0111\u1ed9<\/td>\n<td style=\"width: 50%; height: 21px;\">15 %<\/td>\n<\/tr>\n<tr style=\"height: 21px;\">\n<td style=\"width: 50%; height: 21px;\">Dung t\u00edch<\/td>\n<td style=\"width: 50%; height: 21px;\">\u00a0750ml<\/td>\n<\/tr>\n<tr style=\"height: 21px;\">\n<td style=\"width: 50%; height: 21px;\">Gi\u1ed1ng nho<\/td>\n<td style=\"width: 50%; height: 21px;\">Negroamaro, Primitivo<\/td>\n<\/tr>\n<tr style=\"height: 21px;\">\n<td style=\"width: 50%; height: 21px;\">Ni\u00ean V\u1ee5<\/td>\n<td style=\"width: 50%; height: 21px;\">2019<\/td>\n<\/tr>\n<tr style=\"height: 21px;\">\n<td style=\"width: 50%; height: 21px;\">V\u00f9ng Vang<\/td>\n<td style=\"width: 50%; height: 21px;\">Puglia<\/td>\n<\/tr>\n<\/tbody>\n<\/table>\n<p>&nbsp;<\/p>\n","protected":false},"featured_media":1247,"comment_status":"closed","ping_status":"closed","template":"","meta":{"_acf_changed":false},"product_brand":[],"product_cat":[79,80,27,86,26,62,29],"product_tag":[308,309,310,184,197,153],"class_list":{"0":"post-1246","1":"product","2":"type-product","3":"status-publish","4":"has-post-thumbnail","6":"product_cat-negroamaro","7":"product_cat-primitivo","8":"product_cat-ruou-vang","9":"product_cat-ruou-vang-puglia","10":"product_cat-san-pham-noi-bat","11":"product_cat-vang-do","12":"product_cat-vang-y","13":"product_tag-amativo-cantele","14":"product_tag-amitivo","15":"product_tag-cantele","16":"product_tag-ruou-vang-gia-re","17":"product_tag-vang-do","18":"product_tag-vang-y","20":"first","21":"instock","22":"shipping-taxable","23":"product-type-simple"},"acf":[],"yoast_head":"<!-- This site is optimized with the Yoast SEO plugin v26.8 - https:\/\/yoast.com\/product\/yoast-seo-wordpress\/ -->\n<title>R\u01b0\u1ee3u vang \u00dd Cantele Amativo - R.WINE<\/title>\n<meta name=\"robots\" content=\"noindex, follow\" \/>\n<meta property=\"og:locale\" content=\"vi_VN\" \/>\n<meta property=\"og:type\" content=\"article\" \/>\n<meta property=\"og:title\" content=\"R\u01b0\u1ee3u vang \u00dd Cantele Amativo - R.WINE\" \/>\n<meta property=\"og:description\" content=\"Xu\u1ea5t x\u1ee9 \u00dd   Ph\u00e2n lo\u1ea1i Vang \u0111\u1ecf   N\u1ed3ng \u0111\u1ed9 15 %   Dung t\u00edch \u00a0750ml   Gi\u1ed1ng nho Negroamaro, Primitivo   Ni\u00ean V\u1ee5 2019   V\u00f9ng Vang Puglia    &nbsp;\" \/>\n<meta property=\"og:url\" content=\"https:\/\/rwinevietnam.com\/home\/ruou-vang-y-cantele-amativo\/\" \/>\n<meta property=\"og:site_name\" content=\"R.WINE\" \/>\n<meta property=\"article:modified_time\" content=\"2023-12-12T13:16:46+00:00\" \/>\n<meta property=\"og:image\" content=\"https:\/\/rwinevietnam.com\/home\/wp-content\/uploads\/2023\/12\/IMG_6759.jpeg\" \/>\n\t<meta property=\"og:image:width\" content=\"1536\" \/>\n\t<meta property=\"og:image:height\" content=\"2048\" \/>\n\t<meta property=\"og:image:type\" content=\"image\/jpeg\" \/>\n<meta name=\"twitter:card\" content=\"summary_large_image\" \/>\n<script type=\"application\/ld+json\" class=\"yoast-schema-graph\">{\"@context\":\"https:\/\/schema.org\",\"@graph\":[{\"@type\":\"WebPage\",\"@id\":\"https:\/\/rwinevietnam.com\/home\/ruou-vang-y-cantele-amativo\/\",\"url\":\"https:\/\/rwinevietnam.com\/home\/ruou-vang-y-cantele-amativo\/\",\"name\":\"R\u01b0\u1ee3u vang \u00dd Cantele Amativo - R.WINE\",\"isPartOf\":{\"@id\":\"https:\/\/rwinevietnam.com\/home\/#website\"},\"primaryImageOfPage\":{\"@id\":\"https:\/\/rwinevietnam.com\/home\/ruou-vang-y-cantele-amativo\/#primaryimage\"},\"image\":{\"@id\":\"https:\/\/rwinevietnam.com\/home\/ruou-vang-y-cantele-amativo\/#primaryimage\"},\"thumbnailUrl\":\"https:\/\/rwinevietnam.com\/home\/wp-content\/uploads\/2023\/12\/IMG_6759.jpeg\",\"datePublished\":\"2023-12-12T13:11:06+00:00\",\"dateModified\":\"2023-12-12T13:16:46+00:00\",\"breadcrumb\":{\"@id\":\"https:\/\/rwinevietnam.com\/home\/ruou-vang-y-cantele-amativo\/#breadcrumb\"},\"inLanguage\":\"vi\",\"potentialAction\":[{\"@type\":\"ReadAction\",\"target\":[\"https:\/\/rwinevietnam.com\/home\/ruou-vang-y-cantele-amativo\/\"]}]},{\"@type\":\"ImageObject\",\"inLanguage\":\"vi\",\"@id\":\"https:\/\/rwinevietnam.com\/home\/ruou-vang-y-cantele-amativo\/#primaryimage\",\"url\":\"https:\/\/rwinevietnam.com\/home\/wp-content\/uploads\/2023\/12\/IMG_6759.jpeg\",\"contentUrl\":\"https:\/\/rwinevietnam.com\/home\/wp-content\/uploads\/2023\/12\/IMG_6759.jpeg\",\"width\":1536,\"height\":2048},{\"@type\":\"BreadcrumbList\",\"@id\":\"https:\/\/rwinevietnam.com\/home\/ruou-vang-y-cantele-amativo\/#breadcrumb\",\"itemListElement\":[{\"@type\":\"ListItem\",\"position\":1,\"name\":\"Trang ch\u1ee7\",\"item\":\"https:\/\/rwinevietnam.com\/home\/\"},{\"@type\":\"ListItem\",\"position\":2,\"name\":\"S\u1ea3n ph\u1ea9m\",\"item\":\"https:\/\/rwinevietnam.com\/home\/san-pham\/\"},{\"@type\":\"ListItem\",\"position\":3,\"name\":\"R\u01b0\u1ee3u vang \u00dd Cantele Amativo\"}]},{\"@type\":\"WebSite\",\"@id\":\"https:\/\/rwinevietnam.com\/home\/#website\",\"url\":\"https:\/\/rwinevietnam.com\/home\/\",\"name\":\"R.WINE\",\"description\":\"C\u00d4NG TY C\u1ed4 PH\u1ea6N XU\u1ea4T KH\u1ea8U NH\u1eacP KH\u1ea8U\",\"potentialAction\":[{\"@type\":\"SearchAction\",\"target\":{\"@type\":\"EntryPoint\",\"urlTemplate\":\"https:\/\/rwinevietnam.com\/home\/?s={search_term_string}\"},\"query-input\":{\"@type\":\"PropertyValueSpecification\",\"valueRequired\":true,\"valueName\":\"search_term_string\"}}],\"inLanguage\":\"vi\"}]}<\/script>\n<!-- \/ Yoast SEO plugin. -->","yoast_head_json":{"title":"R\u01b0\u1ee3u vang \u00dd Cantele Amativo - R.WINE","robots":{"index":"noindex","follow":"follow"},"og_locale":"vi_VN","og_type":"article","og_title":"R\u01b0\u1ee3u vang \u00dd Cantele Amativo - R.WINE","og_description":"Xu\u1ea5t x\u1ee9 \u00dd   Ph\u00e2n lo\u1ea1i Vang \u0111\u1ecf   N\u1ed3ng \u0111\u1ed9 15 %   Dung t\u00edch \u00a0750ml   Gi\u1ed1ng nho Negroamaro, Primitivo   Ni\u00ean V\u1ee5 2019   V\u00f9ng Vang Puglia    &nbsp;","og_url":"https:\/\/rwinevietnam.com\/home\/ruou-vang-y-cantele-amativo\/","og_site_name":"R.WINE","article_modified_time":"2023-12-12T13:16:46+00:00","og_image":[{"width":1536,"height":2048,"url":"https:\/\/rwinevietnam.com\/home\/wp-content\/uploads\/2023\/12\/IMG_6759.jpeg","type":"image\/jpeg"}],"twitter_card":"summary_large_image","schema":{"@context":"https:\/\/schema.org","@graph":[{"@type":"WebPage","@id":"https:\/\/rwinevietnam.com\/home\/ruou-vang-y-cantele-amativo\/","url":"https:\/\/rwinevietnam.com\/home\/ruou-vang-y-cantele-amativo\/","name":"R\u01b0\u1ee3u vang \u00dd Cantele Amativo - R.WINE","isPartOf":{"@id":"https:\/\/rwinevietnam.com\/home\/#website"},"primaryImageOfPage":{"@id":"https:\/\/rwinevietnam.com\/home\/ruou-vang-y-cantele-amativo\/#primaryimage"},"image":{"@id":"https:\/\/rwinevietnam.com\/home\/ruou-vang-y-cantele-amativo\/#primaryimage"},"thumbnailUrl":"https:\/\/rwinevietnam.com\/home\/wp-content\/uploads\/2023\/12\/IMG_6759.jpeg","datePublished":"2023-12-12T13:11:06+00:00","dateModified":"2023-12-12T13:16:46+00:00","breadcrumb":{"@id":"https:\/\/rwinevietnam.com\/home\/ruou-vang-y-cantele-amativo\/#breadcrumb"},"inLanguage":"vi","potentialAction":[{"@type":"ReadAction","target":["https:\/\/rwinevietnam.com\/home\/ruou-vang-y-cantele-amativo\/"]}]},{"@type":"ImageObject","inLanguage":"vi","@id":"https:\/\/rwinevietnam.com\/home\/ruou-vang-y-cantele-amativo\/#primaryimage","url":"https:\/\/rwinevietnam.com\/home\/wp-content\/uploads\/2023\/12\/IMG_6759.jpeg","contentUrl":"https:\/\/rwinevietnam.com\/home\/wp-content\/uploads\/2023\/12\/IMG_6759.jpeg","width":1536,"height":2048},{"@type":"BreadcrumbList","@id":"https:\/\/rwinevietnam.com\/home\/ruou-vang-y-cantele-amativo\/#breadcrumb","itemListElement":[{"@type":"ListItem","position":1,"name":"Trang ch\u1ee7","item":"https:\/\/rwinevietnam.com\/home\/"},{"@type":"ListItem","position":2,"name":"S\u1ea3n ph\u1ea9m","item":"https:\/\/rwinevietnam.com\/home\/san-pham\/"},{"@type":"ListItem","position":3,"name":"R\u01b0\u1ee3u vang \u00dd Cantele Amativo"}]},{"@type":"WebSite","@id":"https:\/\/rwinevietnam.com\/home\/#website","url":"https:\/\/rwinevietnam.com\/home\/","name":"R.WINE","description":"C\u00d4NG TY C\u1ed4 PH\u1ea6N XU\u1ea4T KH\u1ea8U NH\u1eacP KH\u1ea8U","potentialAction":[{"@type":"SearchAction","target":{"@type":"EntryPoint","urlTemplate":"https:\/\/rwinevietnam.com\/home\/?s={search_term_string}"},"query-input":{"@type":"PropertyValueSpecification","valueRequired":true,"valueName":"search_term_string"}}],"inLanguage":"vi"}]}},"_links":{"self":[{"href":"https:\/\/rwinevietnam.com\/home\/wp-json\/wp\/v2\/product\/1246","targetHints":{"allow":["GET"]}}],"collection":[{"href":"https:\/\/rwinevietnam.com\/home\/wp-json\/wp\/v2\/product"}],"about":[{"href":"https:\/\/rwinevietnam.com\/home\/wp-json\/wp\/v2\/types\/product"}],"replies":[{"embeddable":true,"href":"https:\/\/rwinevietnam.com\/home\/wp-json\/wp\/v2\/comments?post=1246"}],"wp:featuredmedia":[{"embeddable":true,"href":"https:\/\/rwinevietnam.com\/home\/wp-json\/wp\/v2\/media\/1247"}],"wp:attachment":[{"href":"https:\/\/rwinevietnam.com\/home\/wp-json\/wp\/v2\/media?parent=1246"}],"wp:term":[{"taxonomy":"product_brand","embeddable":true,"href":"https:\/\/rwinevietnam.com\/home\/wp-json\/wp\/v2\/product_brand?post=1246"},{"taxonomy":"product_cat","embeddable":true,"href":"https:\/\/rwinevietnam.com\/home\/wp-json\/wp\/v2\/product_cat?post=1246"},{"taxonomy":"product_tag","embeddable":true,"href":"https:\/\/rwinevietnam.com\/home\/wp-json\/wp\/v2\/product_tag?post=1246"}],"curies":[{"name":"wp","href":"https:\/\/api.w.org\/{rel}","templated":true}]}}