{"id":1195,"date":"2023-11-13T12:09:55","date_gmt":"2023-11-13T12:09:55","guid":{"rendered":"https:\/\/rwinevietnam.com\/home\/?post_type=product&#038;p=1195"},"modified":"2023-11-13T12:17:11","modified_gmt":"2023-11-13T12:17:11","slug":"ruou-vang-tay-ban-nha-queen-queen","status":"publish","type":"product","link":"https:\/\/rwinevietnam.com\/home\/ruou-vang-tay-ban-nha-queen-queen\/","title":{"rendered":"R\u01b0\u1ee3u Vang\u00a0T\u00e2y Ban Nha Queen Queen"},"content":{"rendered":"<p>R\u01b0\u1ee3u vang Queen Queen l\u00e0 m\u1ed9t chai r\u01b0\u1ee3u\u00a0vang \u0111\u1ecf\u00a0\u0111\u1ebfn t\u1eeb T\u00e2y Ban Nha. \u0110\u01b0\u1ee3c bi\u1ebft \u0111\u1ebfn b\u1edfi h\u01b0\u01a1ng v\u1ecb ng\u1ecdt ng\u00e0o, d\u00ea ch\u1ecbu v\u00e0 d\u1ec5 u\u1ed1ng. R\u01b0\u1ee3u vang Queen Queen T\u00e2y Ban Nha \u0111\u01b0\u1ee3c m\u1ec7nh danh l\u00e0 d\u00f2ng vang ng\u1ecdt n\u1eef ho\u00e0ng, b\u1edfi ch\u00fang mang t\u1edbi cho b\u1ea1n c\u1ea3m gi\u00e1c th\u1eadt tho\u1ea3i m\u00e1i, \u00eam \u0111\u1ec1m khi s\u1eed d\u1ee5ng. M\u1ed9t d\u00f2ng vang cao c\u1ea5p, l\u00e0m cho ng\u01b0\u1eddi th\u01b0\u1edfng th\u1ee9c n\u00e0o c\u0169ng kh\u00f4ng kh\u1ecfi\u00a0 l\u01b0u luy\u1ebfn. R\u01b0\u1ee3u vang Queen Queen cung c\u1ea5p cho ng\u01b0\u1eddi d\u00f9ng nhi\u1ec1u tr\u1ea3i nghi\u1ec7m. C\u00f9ng v\u1edbi \u0111\u00f3 l\u00e0 s\u1ef1 th\u1ec3 hi\u1ec7n \u0111\u1ea7y tr\u1ebb trung v\u00e0 n\u0103ng \u0111\u1ed9ng \u0111\u1ec3 d\u1eabn d\u1eaft ng\u01b0\u1eddi th\u01b0\u1edfng th\u1ee9c c\u00f3 nh\u1eefng c\u1ea3m nh\u1eadn c\u1ef1c k\u1ef3 s\u1ed1ng \u0111\u1ed9ng. Ch\u00ednh h\u01b0\u01a1ng th\u01a1m ng\u1ecdt ng\u00e0o t\u1ea1o n\u00ean t\u00ednh c\u00e1ch v\u00f4 c\u00f9ng \u0111\u1ed9c \u0111\u00e1o cho ng\u01b0\u1eddi d\u00f9ng. V\u1edbi \u0111\u1ed9 c\u1ed3n nh\u1eb9 nh\u00e0ng l\u00e0 10%, r\u01b0\u1ee3u\u00a0vang ng\u1ecdt\u00a0nh\u1eb9 k\u1ebft h\u1ee3p c\u00f9ng h\u01b0\u01a1ng th\u01a1m n\u1ed3ng \u1ea5m c\u1ee7a h\u01b0\u01a1ng hoa l\u00e0m ch\u00fang ta nh\u01b0 l\u1ea1c v\u00e0o kh\u00f4ng gian \u0111\u1ea7y hoa v\u00e0 n\u1eafng. \u0110\u00f3 l\u00e0 h\u01b0\u01a1ng v\u1ecb d\u00e2u t\u00e2y v\u00e0 nho ch\u00edn d\u1ecbu ng\u1ecdt t\u01b0\u01a1i m\u00e1t.<\/p>\n<p>&nbsp;<\/p>\n<p><img loading=\"lazy\" decoding=\"async\" class=\"aligncenter  wp-image-1197\" src=\"https:\/\/rwinevietnam.com\/home\/wp-content\/uploads\/2023\/11\/IMG_6372-768x1024.jpeg\" alt=\"\" width=\"369\" height=\"492\" srcset=\"https:\/\/rwinevietnam.com\/home\/wp-content\/uploads\/2023\/11\/IMG_6372-768x1024.jpeg 768w, https:\/\/rwinevietnam.com\/home\/wp-content\/uploads\/2023\/11\/IMG_6372-225x300.jpeg 225w, https:\/\/rwinevietnam.com\/home\/wp-content\/uploads\/2023\/11\/IMG_6372-1152x1536.jpeg 1152w, https:\/\/rwinevietnam.com\/home\/wp-content\/uploads\/2023\/11\/IMG_6372-300x400.jpeg 300w, https:\/\/rwinevietnam.com\/home\/wp-content\/uploads\/2023\/11\/IMG_6372-600x800.jpeg 600w, https:\/\/rwinevietnam.com\/home\/wp-content\/uploads\/2023\/11\/IMG_6372.jpeg 1536w\" sizes=\"auto, (max-width: 369px) 100vw, 369px\" \/><\/p>\n<p>&nbsp;<\/p>\n<p><strong>Gi\u1edbi thi\u1ec7u r\u01b0\u1ee3u vang T\u00e2y Ban Nha<\/strong><\/p>\n<p>R\u01b0\u1ee3u\u00a0vang T\u00e2y Ban Nha\u00a0c\u00f3 b\u1ec1 d\u00e0y l\u1ecbch s\u1eed \u0111\u1ea7y m\u00e0u s\u1eafc v\u00e0 m\u1ed9t n\u1ec1n v\u0103n h\u00f3a s\u00e2u s\u1eafc. V\u00e0 r\u01b0\u1ee3u vang \u0111\u00e3 tr\u1edf th\u00e0nh m\u1ed9t y\u1ebfu t\u1ed1 quan tr\u1ecdng c\u1ee7a \u0111\u1ea5t n\u01b0\u1edbc n\u00e0y. Nh\u1eefng d\u00f2ng r\u01b0\u1ee3u vang T\u00e2y Ban Nha c\u00f3 n\u00e9t h\u1ea5p d\u1eabn, s\u1ee9c h\u00fat \u0111\u1eb7c bi\u1ec7t v\u1edbi gi\u1edbi y\u00eau r\u01b0\u1ee3u vang. Hi\u1ec7n nay s\u1ea3n l\u01b0\u1ee3ng r\u01b0\u1ee3u vang T\u00e2y Ban Nha \u0111\u1ee9ng th\u1ee9 3 th\u1ebf gi\u1edbi, ch\u1ec9 sau r\u01b0\u1ee3u\u00a0vang \u00dd\u00a0v\u00e0 r\u01b0\u1ee3u\u00a0vang Ph\u00e1p.\u00a0<strong>Rioja<\/strong> l\u00e0 v\u00f9ng s\u1ea3n xu\u1ea5t r\u01b0\u1ee3u vang n\u1ed5i ti\u1ebfng\u00a0 c\u1ee7a T\u00e2y Ban Nha. H\u1ecd c\u00f3 h\u1eb3n m\u1ed9t ph\u00e2n h\u1ea1ng r\u01b0\u1ee3u vang ri\u00eang v\u00e0 n\u1ed5i b\u1eadt v\u1edbi nh\u1eefng chai vang \u0111\u1ecf \u0111\u01b0\u1ee3c pha tr\u1ed9n t\u1eeb gi\u1ed1ng nho\u00a0<strong>Tempranillo<\/strong>\u00a0v\u00e0\u00a0<strong>Garnacha<\/strong>\u00a0\u0111\u1eadm \u0111\u00e0 h\u01b0\u01a1ng v\u1ecb c\u00f9ng kh\u1ea3 n\u0103ng l\u01b0u tr\u1eef tuy\u1ec7t v\u1eddi. Ngo\u00e0i nh\u1eefng chai vang \u0111\u1ecf, th\u00ec Rioja c\u00f2n n\u1ed5i ti\u1ebfng b\u1edfi nh\u1eefng chai\u00a0vang tr\u1eafng\u00a0\u0111\u01b0\u1ee3c l\u00e0m t\u1eeb gi\u1ed1ng nho b\u1ea3n \u0111\u1ecba Viura.<\/p>\n<p><strong>M\u00e0u s\u1eafc:\u00a0<\/strong>R\u01b0\u1ee3u vang c\u00f3 m\u00e0u \u0111\u1ecf s\u00e2u \u0111\u1eadm cu\u1ed1n h\u00fat.<\/p>\n<p><strong>H\u01b0\u01a1ng v\u1ecb:\u00a0<\/strong>H\u01b0\u01a1ng v\u1ecb ng\u1ecdt ng\u00e0o d\u1ec5 ch\u1ecbu, thoang tho\u1ea3ng ch\u00fat h\u01b0\u01a1ng tr\u00e1i c\u00e2y m\u1ecdng v\u00f4 c\u00f9ng l\u00f4i cu\u1ed1n.<\/p>\n<p><strong>K\u1ebft h\u1ee3p m\u00f3n \u0103n:\u00a0<\/strong>k\u1ebft h\u1ee3p tuy\u1ec7t v\u1eddi v\u1edbi c\u00e1c m\u00f3n th\u1ecbt b\u00f2, th\u1ecbt c\u1eebu, th\u1ecbt nai, s\u01b0\u1eddn b\u00f2 c\u1eebu t\u1ea9m \u01b0\u1edbp s\u1ed1t vang \u0111\u1ecf.<\/p>\n<p><strong>Ph\u1ee5c v\u1ee5:<\/strong>\u00a0Nhi\u1ec7t \u0111\u1ed9 tuy\u1ec7t v\u1eddi nh\u1ea5t \u0111\u1ec3 th\u01b0\u1edfng th\u1ee9c r\u01b0\u1ee3u l\u00e0 16 \u0111\u1ebfn 18 \u0111\u1ed9 C.<\/p>\n<p>&nbsp;<\/p>\n","protected":false},"excerpt":{"rendered":"<table style=\"border-collapse: collapse; width: 100%; height: 147px;\">\n<tbody>\n<tr style=\"height: 21px;\">\n<td style=\"width: 50%; height: 21px;\">Xu\u1ea5t x\u1ee9<\/td>\n<td style=\"width: 50%; height: 21px;\">T\u00e2y Ban Nha<\/td>\n<\/tr>\n<tr style=\"height: 21px;\">\n<td style=\"width: 50%; height: 21px;\">Ph\u00e2n lo\u1ea1i<\/td>\n<td style=\"width: 50%; height: 21px;\">Vang \u0111\u1ecf<\/td>\n<\/tr>\n<tr style=\"height: 21px;\">\n<td style=\"width: 50%; height: 21px;\">N\u1ed3ng \u0111\u1ed9<\/td>\n<td style=\"width: 50%; height: 21px;\">10%<\/td>\n<\/tr>\n<tr style=\"height: 21px;\">\n<td style=\"width: 50%; height: 21px;\">Dung t\u00edch<\/td>\n<td style=\"width: 50%; height: 21px;\">\u00a0750ml<\/td>\n<\/tr>\n<tr style=\"height: 21px;\">\n<td style=\"width: 50%; height: 21px;\">Gi\u1ed1ng nho<\/td>\n<td style=\"width: 50%; height: 21px;\">Tempranillo\u00a0v\u00e0\u00a0Garnacha<\/td>\n<\/tr>\n<tr style=\"height: 21px;\">\n<td style=\"width: 50%; height: 21px;\"><\/td>\n<td style=\"width: 50%; height: 21px;\"><\/td>\n<\/tr>\n<tr style=\"height: 21px;\">\n<td style=\"width: 50%; height: 21px;\"><\/td>\n<td style=\"width: 50%; height: 21px;\"><\/td>\n<\/tr>\n<\/tbody>\n<\/table>\n<p>&nbsp;<\/p>\n","protected":false},"featured_media":1196,"comment_status":"closed","ping_status":"closed","template":"","meta":{"_acf_changed":false},"product_brand":[],"product_cat":[302,27,26,301,62,68,33],"product_tag":[305,204,184,304,303,247,264],"class_list":{"0":"post-1195","1":"product","2":"type-product","3":"status-publish","4":"has-post-thumbnail","6":"product_cat-garnacha","7":"product_cat-ruou-vang","8":"product_cat-san-pham-noi-bat","9":"product_cat-tempranillo","10":"product_cat-vang-do","11":"product_cat-vang-ngot","12":"product_cat-vang-tay-ban-nha","13":"product_tag-muscadelle","14":"product_tag-queen-queen","15":"product_tag-ruou-vang-gia-re","16":"product_tag-semillion","17":"product_tag-vang-do-nhe","18":"product_tag-vang-ngot","19":"product_tag-vang-tay-ban-nha","21":"first","22":"instock","23":"shipping-taxable","24":"product-type-simple"},"acf":[],"yoast_head":"<!-- This site is optimized with the Yoast SEO plugin v26.8 - https:\/\/yoast.com\/product\/yoast-seo-wordpress\/ -->\n<title>R\u01b0\u1ee3u Vang\u00a0T\u00e2y Ban Nha Queen Queen - R.WINE<\/title>\n<meta name=\"robots\" content=\"noindex, follow\" \/>\n<meta property=\"og:locale\" content=\"vi_VN\" \/>\n<meta property=\"og:type\" content=\"article\" \/>\n<meta property=\"og:title\" content=\"R\u01b0\u1ee3u Vang\u00a0T\u00e2y Ban Nha Queen Queen - R.WINE\" \/>\n<meta property=\"og:description\" content=\"Xu\u1ea5t x\u1ee9 T\u00e2y Ban Nha   Ph\u00e2n lo\u1ea1i Vang \u0111\u1ecf   N\u1ed3ng \u0111\u1ed9 10%   Dung t\u00edch \u00a0750ml   Gi\u1ed1ng nho Tempranillo\u00a0v\u00e0\u00a0Garnacha            &nbsp;\" \/>\n<meta property=\"og:url\" content=\"https:\/\/rwinevietnam.com\/home\/ruou-vang-tay-ban-nha-queen-queen\/\" \/>\n<meta property=\"og:site_name\" content=\"R.WINE\" \/>\n<meta property=\"article:modified_time\" content=\"2023-11-13T12:17:11+00:00\" \/>\n<meta property=\"og:image\" content=\"https:\/\/rwinevietnam.com\/home\/wp-content\/uploads\/2023\/11\/IMG_6371.jpeg\" \/>\n\t<meta property=\"og:image:width\" content=\"1536\" \/>\n\t<meta property=\"og:image:height\" content=\"2048\" \/>\n\t<meta property=\"og:image:type\" content=\"image\/jpeg\" \/>\n<meta name=\"twitter:card\" content=\"summary_large_image\" \/>\n<script type=\"application\/ld+json\" class=\"yoast-schema-graph\">{\"@context\":\"https:\/\/schema.org\",\"@graph\":[{\"@type\":\"WebPage\",\"@id\":\"https:\/\/rwinevietnam.com\/home\/ruou-vang-tay-ban-nha-queen-queen\/\",\"url\":\"https:\/\/rwinevietnam.com\/home\/ruou-vang-tay-ban-nha-queen-queen\/\",\"name\":\"R\u01b0\u1ee3u Vang\u00a0T\u00e2y Ban Nha Queen Queen - R.WINE\",\"isPartOf\":{\"@id\":\"https:\/\/rwinevietnam.com\/home\/#website\"},\"primaryImageOfPage\":{\"@id\":\"https:\/\/rwinevietnam.com\/home\/ruou-vang-tay-ban-nha-queen-queen\/#primaryimage\"},\"image\":{\"@id\":\"https:\/\/rwinevietnam.com\/home\/ruou-vang-tay-ban-nha-queen-queen\/#primaryimage\"},\"thumbnailUrl\":\"https:\/\/rwinevietnam.com\/home\/wp-content\/uploads\/2023\/11\/IMG_6371.jpeg\",\"datePublished\":\"2023-11-13T12:09:55+00:00\",\"dateModified\":\"2023-11-13T12:17:11+00:00\",\"breadcrumb\":{\"@id\":\"https:\/\/rwinevietnam.com\/home\/ruou-vang-tay-ban-nha-queen-queen\/#breadcrumb\"},\"inLanguage\":\"vi\",\"potentialAction\":[{\"@type\":\"ReadAction\",\"target\":[\"https:\/\/rwinevietnam.com\/home\/ruou-vang-tay-ban-nha-queen-queen\/\"]}]},{\"@type\":\"ImageObject\",\"inLanguage\":\"vi\",\"@id\":\"https:\/\/rwinevietnam.com\/home\/ruou-vang-tay-ban-nha-queen-queen\/#primaryimage\",\"url\":\"https:\/\/rwinevietnam.com\/home\/wp-content\/uploads\/2023\/11\/IMG_6371.jpeg\",\"contentUrl\":\"https:\/\/rwinevietnam.com\/home\/wp-content\/uploads\/2023\/11\/IMG_6371.jpeg\",\"width\":1536,\"height\":2048},{\"@type\":\"BreadcrumbList\",\"@id\":\"https:\/\/rwinevietnam.com\/home\/ruou-vang-tay-ban-nha-queen-queen\/#breadcrumb\",\"itemListElement\":[{\"@type\":\"ListItem\",\"position\":1,\"name\":\"Trang ch\u1ee7\",\"item\":\"https:\/\/rwinevietnam.com\/home\/\"},{\"@type\":\"ListItem\",\"position\":2,\"name\":\"S\u1ea3n ph\u1ea9m\",\"item\":\"https:\/\/rwinevietnam.com\/home\/san-pham\/\"},{\"@type\":\"ListItem\",\"position\":3,\"name\":\"R\u01b0\u1ee3u Vang\u00a0T\u00e2y Ban Nha Queen Queen\"}]},{\"@type\":\"WebSite\",\"@id\":\"https:\/\/rwinevietnam.com\/home\/#website\",\"url\":\"https:\/\/rwinevietnam.com\/home\/\",\"name\":\"R.WINE\",\"description\":\"C\u00d4NG TY C\u1ed4 PH\u1ea6N XU\u1ea4T KH\u1ea8U NH\u1eacP KH\u1ea8U\",\"potentialAction\":[{\"@type\":\"SearchAction\",\"target\":{\"@type\":\"EntryPoint\",\"urlTemplate\":\"https:\/\/rwinevietnam.com\/home\/?s={search_term_string}\"},\"query-input\":{\"@type\":\"PropertyValueSpecification\",\"valueRequired\":true,\"valueName\":\"search_term_string\"}}],\"inLanguage\":\"vi\"}]}<\/script>\n<!-- \/ Yoast SEO plugin. -->","yoast_head_json":{"title":"R\u01b0\u1ee3u Vang\u00a0T\u00e2y Ban Nha Queen Queen - R.WINE","robots":{"index":"noindex","follow":"follow"},"og_locale":"vi_VN","og_type":"article","og_title":"R\u01b0\u1ee3u Vang\u00a0T\u00e2y Ban Nha Queen Queen - R.WINE","og_description":"Xu\u1ea5t x\u1ee9 T\u00e2y Ban Nha   Ph\u00e2n lo\u1ea1i Vang \u0111\u1ecf   N\u1ed3ng \u0111\u1ed9 10%   Dung t\u00edch \u00a0750ml   Gi\u1ed1ng nho Tempranillo\u00a0v\u00e0\u00a0Garnacha            &nbsp;","og_url":"https:\/\/rwinevietnam.com\/home\/ruou-vang-tay-ban-nha-queen-queen\/","og_site_name":"R.WINE","article_modified_time":"2023-11-13T12:17:11+00:00","og_image":[{"width":1536,"height":2048,"url":"https:\/\/rwinevietnam.com\/home\/wp-content\/uploads\/2023\/11\/IMG_6371.jpeg","type":"image\/jpeg"}],"twitter_card":"summary_large_image","schema":{"@context":"https:\/\/schema.org","@graph":[{"@type":"WebPage","@id":"https:\/\/rwinevietnam.com\/home\/ruou-vang-tay-ban-nha-queen-queen\/","url":"https:\/\/rwinevietnam.com\/home\/ruou-vang-tay-ban-nha-queen-queen\/","name":"R\u01b0\u1ee3u Vang\u00a0T\u00e2y Ban Nha Queen Queen - R.WINE","isPartOf":{"@id":"https:\/\/rwinevietnam.com\/home\/#website"},"primaryImageOfPage":{"@id":"https:\/\/rwinevietnam.com\/home\/ruou-vang-tay-ban-nha-queen-queen\/#primaryimage"},"image":{"@id":"https:\/\/rwinevietnam.com\/home\/ruou-vang-tay-ban-nha-queen-queen\/#primaryimage"},"thumbnailUrl":"https:\/\/rwinevietnam.com\/home\/wp-content\/uploads\/2023\/11\/IMG_6371.jpeg","datePublished":"2023-11-13T12:09:55+00:00","dateModified":"2023-11-13T12:17:11+00:00","breadcrumb":{"@id":"https:\/\/rwinevietnam.com\/home\/ruou-vang-tay-ban-nha-queen-queen\/#breadcrumb"},"inLanguage":"vi","potentialAction":[{"@type":"ReadAction","target":["https:\/\/rwinevietnam.com\/home\/ruou-vang-tay-ban-nha-queen-queen\/"]}]},{"@type":"ImageObject","inLanguage":"vi","@id":"https:\/\/rwinevietnam.com\/home\/ruou-vang-tay-ban-nha-queen-queen\/#primaryimage","url":"https:\/\/rwinevietnam.com\/home\/wp-content\/uploads\/2023\/11\/IMG_6371.jpeg","contentUrl":"https:\/\/rwinevietnam.com\/home\/wp-content\/uploads\/2023\/11\/IMG_6371.jpeg","width":1536,"height":2048},{"@type":"BreadcrumbList","@id":"https:\/\/rwinevietnam.com\/home\/ruou-vang-tay-ban-nha-queen-queen\/#breadcrumb","itemListElement":[{"@type":"ListItem","position":1,"name":"Trang ch\u1ee7","item":"https:\/\/rwinevietnam.com\/home\/"},{"@type":"ListItem","position":2,"name":"S\u1ea3n ph\u1ea9m","item":"https:\/\/rwinevietnam.com\/home\/san-pham\/"},{"@type":"ListItem","position":3,"name":"R\u01b0\u1ee3u Vang\u00a0T\u00e2y Ban Nha Queen Queen"}]},{"@type":"WebSite","@id":"https:\/\/rwinevietnam.com\/home\/#website","url":"https:\/\/rwinevietnam.com\/home\/","name":"R.WINE","description":"C\u00d4NG TY C\u1ed4 PH\u1ea6N XU\u1ea4T KH\u1ea8U NH\u1eacP KH\u1ea8U","potentialAction":[{"@type":"SearchAction","target":{"@type":"EntryPoint","urlTemplate":"https:\/\/rwinevietnam.com\/home\/?s={search_term_string}"},"query-input":{"@type":"PropertyValueSpecification","valueRequired":true,"valueName":"search_term_string"}}],"inLanguage":"vi"}]}},"_links":{"self":[{"href":"https:\/\/rwinevietnam.com\/home\/wp-json\/wp\/v2\/product\/1195","targetHints":{"allow":["GET"]}}],"collection":[{"href":"https:\/\/rwinevietnam.com\/home\/wp-json\/wp\/v2\/product"}],"about":[{"href":"https:\/\/rwinevietnam.com\/home\/wp-json\/wp\/v2\/types\/product"}],"replies":[{"embeddable":true,"href":"https:\/\/rwinevietnam.com\/home\/wp-json\/wp\/v2\/comments?post=1195"}],"wp:featuredmedia":[{"embeddable":true,"href":"https:\/\/rwinevietnam.com\/home\/wp-json\/wp\/v2\/media\/1196"}],"wp:attachment":[{"href":"https:\/\/rwinevietnam.com\/home\/wp-json\/wp\/v2\/media?parent=1195"}],"wp:term":[{"taxonomy":"product_brand","embeddable":true,"href":"https:\/\/rwinevietnam.com\/home\/wp-json\/wp\/v2\/product_brand?post=1195"},{"taxonomy":"product_cat","embeddable":true,"href":"https:\/\/rwinevietnam.com\/home\/wp-json\/wp\/v2\/product_cat?post=1195"},{"taxonomy":"product_tag","embeddable":true,"href":"https:\/\/rwinevietnam.com\/home\/wp-json\/wp\/v2\/product_tag?post=1195"}],"curies":[{"name":"wp","href":"https:\/\/api.w.org\/{rel}","templated":true}]}}