{"id":1160,"date":"2023-11-12T10:52:20","date_gmt":"2023-11-12T10:52:20","guid":{"rendered":"https:\/\/rwinevietnam.com\/home\/?post_type=product&#038;p=1160"},"modified":"2023-11-12T11:00:19","modified_gmt":"2023-11-12T11:00:19","slug":"ruou-vang-phap-chateau-lynch-moussas","status":"publish","type":"product","link":"https:\/\/rwinevietnam.com\/home\/ruou-vang-phap-chateau-lynch-moussas\/","title":{"rendered":"R\u01b0\u1ee3u Vang Ph\u00e1p Ch\u00e2teau Lynch Moussas"},"content":{"rendered":"<p><strong>Ch\u00e2teau Lynch Moussas<\/strong> \u0111\u01b0\u1ee3c th\u00e0nh l\u1eadp t\u1eeb th\u1ebf k\u1ef7 17, l\u00e0 \u0111i\u1ec1n trang c\u00f3 l\u1ecbch s\u1eed l\u00e2u \u0111\u1eddi v\u00e0 danh ti\u1ebfng b\u1eadc nh\u1ea5t Bordeaux. Coute Lynch l\u00e0 ng\u01b0\u1eddi s\u00e1ng l\u1eadp, s\u1edf h\u1eefu \u0111i\u1ec1n trang Chateau Lynch Moussas c\u00f9ng \u0111i\u1ec1n trang Chateau Lynch Bages danh ti\u1ebfng.<\/p>\n<p><img loading=\"lazy\" decoding=\"async\" class=\"aligncenter  wp-image-1162\" src=\"https:\/\/rwinevietnam.com\/home\/wp-content\/uploads\/2023\/11\/IMG_6359-768x1024.jpeg\" alt=\"\" width=\"251\" height=\"334\" srcset=\"https:\/\/rwinevietnam.com\/home\/wp-content\/uploads\/2023\/11\/IMG_6359-768x1024.jpeg 768w, https:\/\/rwinevietnam.com\/home\/wp-content\/uploads\/2023\/11\/IMG_6359-225x300.jpeg 225w, https:\/\/rwinevietnam.com\/home\/wp-content\/uploads\/2023\/11\/IMG_6359-1152x1536.jpeg 1152w, https:\/\/rwinevietnam.com\/home\/wp-content\/uploads\/2023\/11\/IMG_6359-300x400.jpeg 300w, https:\/\/rwinevietnam.com\/home\/wp-content\/uploads\/2023\/11\/IMG_6359-600x800.jpeg 600w, https:\/\/rwinevietnam.com\/home\/wp-content\/uploads\/2023\/11\/IMG_6359.jpeg 1536w\" sizes=\"auto, (max-width: 251px) 100vw, 251px\" \/><\/p>\n<p>&nbsp;<\/p>\n<p>\u0110\u1ebfn n\u0103m 1919, Jean Casteja \u2013 ch\u1ee7 s\u1edf h\u1eefu Chateau Duhart \u2013 Milon \u0111\u00e3 mua l\u1ea1i v\u00e0 ti\u1ebfp qu\u1ea3n \u0111i\u1ec1n trang. N\u0103m 1969, Emile Casteja l\u00e0 ng\u01b0\u1eddi k\u1ebf nghi\u1ec7p, mang l\u1ea1i m\u1ed9t l\u00e0n gi\u00f3 m\u1edbi v\u1edbi nh\u1eefng thay \u0111\u1ed5i to l\u1edbn v\u1ec1 canh t\u00e1c nho, h\u1ea7m r\u01b0\u1ee3u\u2026 T\u1eeb \u0111\u00e2y \u0111\u01b0\u1ee3c xem nh\u01b0 l\u00e0 kho\u1ea3ng th\u1eddi gian b\u1eaft \u0111\u1ea7u th\u1eddi k\u1ef3 huy ho\u00e0ng khi \u00c9mile Casteja th\u1ef1c hi\u1ec7n nhi\u1ec1u c\u1ea3i ti\u1ebfn v\u00e0 \u0111\u1ea7u t\u01b0 \u0111\u1ec3 m\u1edf r\u1ed9ng \u0111i\u1ec1n trang, n\u00e2ng c\u1ea5p c\u01a1 s\u1edf v\u1eadt ch\u1ea5t v\u00e0 n\u00e2ng cao ch\u1ea5t l\u01b0\u1ee3ng r\u01b0\u1ee3u vang, \u0111em l\u1ea1i nh\u1eefng d\u00f2ng vang \u0111\u01b0\u1ee3c c\u00e1c l\u00f2ng gi\u1edbi y\u00eau r\u01b0\u1ee3u s\u00e0nh s\u1ecfi. N\u0103m 1969 \u0111\u01b0\u1ee3c xem l\u00e0 1 c\u1ed9t m\u1ed1c v\u00f4 c\u00f9ng quan tr\u1ecdng c\u1ee7a Chateau Lynch Moussas, mang \u0111\u1ebfn nh\u1eefng th\u00e0nh c\u00f4ng nh\u1ea5t \u0111\u1ecbnh, l\u00e0m n\u00ean danh ti\u1ebfng l\u1eaby l\u1eebng c\u1ee7a \u0111i\u1ec1n trang n\u00e0y nh\u01b0 hi\u1ec7n t\u1ea1i. Cast\u00e9ja l\u00e0 gia \u0111\u00ecnh s\u1ea3n xu\u1ea5t r\u01b0\u1ee3u vang Ph\u00e1p \u0111\u1ea7y t\u00e2m huy\u1ebft n\u1ed5i ti\u1ebfng t\u1ea1i Bordeaux v\u1edbi ni\u1ec1m \u0111am m\u00ea r\u01b0\u1ee3u vang m\u00e3nh li\u1ec7t.\u00a0<strong>Chai r\u01b0\u1ee3u vang \u0111\u1ecf Ch\u00e2teau Lynch Moussas 2017<\/strong>\u00a0l\u00e0 m\u1ed9t trong nh\u1eefng d\u00f2ng vang \u0111\u00e1ng t\u1ef1 h\u00e0o c\u1ee7a th\u01b0\u01a1ng hi\u1ec7u n\u00e0y v\u1edbi h\u01b0\u01a1ng v\u1ecb \u0111\u1ec9nh cao, th\u01a1m ngon, quy\u1ebfn r\u0169.<\/p>\n<p>Ch\u00e2teau Lynch Moussas 2017 l\u00e0 d\u00f2ng r\u01b0\u1ee3u vang Ph\u00e1p t\u1eeb Pauillac \u201cbest value\u201d trong l\u00f2ng gi\u1edbi y\u00eau r\u01b0\u1ee3u, h\u01b0\u01a1ng v\u1ecb \u0111\u1eb3ng c\u1ea5p nh\u01b0ng gi\u00e1 th\u00e0nh v\u00f4 c\u00f9ng h\u1ee3p l\u00fd. Ch\u1ea5t l\u01b0\u1ee3ng xu\u1ea5t s\u1eafc v\u01b0\u1ee3t th\u1eddi gian, \u0111\u1ed3ng \u0111\u1ec1u qua m\u1ed7i ni\u00ean v\u1ee5 khi\u1ebfn d\u00f2ng r\u01b0\u1ee3u vang \u0111\u1ecf Ch\u00e2teau Lynch Moussas gi\u1eef v\u1eefng v\u1ecb tr\u00ed trong l\u00f2ng gi\u1edbi y\u00eau vang.<\/p>\n<p><strong>R\u01b0\u1ee3u vang Ph\u00e1p<\/strong>\u00a0Ch\u00e2teau Lynch-Moussas 2017 l\u00e0 s\u1ef1 h\u00f2a quy\u1ec7n gi\u1eefa\u00a0<strong>gi\u1ed1ng nho Cabernet Sauvignon<\/strong>\u00a0(78%) v\u00e0\u00a0<a href=\"https:\/\/ruounhapkhau.com\/merlot\">Merlot<\/a>\u00a0(22%). R\u01b0\u1ee3u c\u00f3 m\u00e0u \u0111\u1ecf \u0111\u1eadm \u00e1nh ruby thanh l\u1ecbch. V\u1ecb r\u01b0\u1ee3u \u0111\u1ea7y \u0111\u1eb7n, ph\u1ee9c h\u1ee3p v\u1edbi \u0111i\u1ec3m nh\u1ea5n t\u1eeb c\u00e1c qu\u1ea3 d\u00e2u \u0111en s\u00e1nh quy\u1ec7n c\u00f9ng c\u00e1c n\u1ed1t h\u01b0\u01a1ng quy\u1ebfn r\u0169 c\u1ee7a c\u00e1nh hoa h\u1ed3ng, cacao v\u00e0 kh\u00f3i thu\u1ed1c. D\u00f2ng\u00a0<strong>r\u01b0\u1ee3u vang \u0111\u1ecf<\/strong>\u00a0n\u00e0y c\u00f3 v\u1ecb ch\u00e1t m\u1ec1m m\u1ecbn nhung l\u1ee5a cu\u1ed1n theo h\u01b0\u01a1ng v\u1ecb t\u01b0\u01a1i m\u00e1t c\u1ee7a c\u00e1c lo\u1ea1i qu\u1ea3 \u0111en, v\u1ecb kho\u00e1ng tinh khi\u1ebft l\u01b0u luy\u1ebfn \u1edf h\u1eadu v\u1ecb.<\/p>\n","protected":false},"excerpt":{"rendered":"<table style=\"border-collapse: collapse; width: 100%; height: 136px;\">\n<tbody>\n<tr style=\"height: 21px;\">\n<td style=\"width: 50%; height: 21px;\">Xu\u1ea5t x\u1ee9<\/td>\n<td style=\"width: 50%; height: 21px;\">Ph\u00e1p<\/td>\n<\/tr>\n<tr style=\"height: 21px;\">\n<td style=\"width: 50%; height: 21px;\">Ph\u00e2n lo\u1ea1i<\/td>\n<td style=\"width: 50%; height: 21px;\">Vang \u0111\u1ecf<\/td>\n<\/tr>\n<tr style=\"height: 21px;\">\n<td style=\"width: 50%; height: 21px;\">N\u1ed3ng \u0111\u1ed9<\/td>\n<td style=\"width: 50%; height: 21px;\">13,5%<\/td>\n<\/tr>\n<tr style=\"height: 21px;\">\n<td style=\"width: 50%; height: 21px;\">Dung t\u00edch<\/td>\n<td style=\"width: 50%; height: 21px;\">\u00a0750ml<\/td>\n<\/tr>\n<tr style=\"height: 21px;\">\n<td style=\"width: 50%; height: 21px;\">Gi\u1ed1ng nho<\/td>\n<td style=\"width: 50%; height: 21px;\">Blend<\/td>\n<\/tr>\n<tr style=\"height: 21px;\">\n<td style=\"width: 50%; height: 21px;\">Ni\u00ean v\u1ee5<\/td>\n<td style=\"width: 50%; height: 21px;\">2017<\/td>\n<\/tr>\n<tr style=\"height: 21px;\">\n<td style=\"width: 50%; height: 21px;\"><\/td>\n<td style=\"width: 50%; height: 21px;\"><\/td>\n<\/tr>\n<\/tbody>\n<\/table>\n<p>&nbsp;<\/p>\n","protected":false},"featured_media":1161,"comment_status":"closed","ping_status":"closed","template":"","meta":{"_acf_changed":false},"product_brand":[],"product_cat":[205,291,27,26,62,28],"product_tag":[292,293,184,197,247,200],"class_list":{"0":"post-1160","1":"product","2":"type-product","3":"status-publish","4":"has-post-thumbnail","6":"product_cat-blend","7":"product_cat-chateau","8":"product_cat-ruou-vang","9":"product_cat-san-pham-noi-bat","10":"product_cat-vang-do","11":"product_cat-vang-phap","12":"product_tag-chateau","13":"product_tag-chateau-lynch-moussas","14":"product_tag-ruou-vang-gia-re","15":"product_tag-vang-do","16":"product_tag-vang-ngot","17":"product_tag-vang-phap","19":"first","20":"instock","21":"shipping-taxable","22":"product-type-simple"},"acf":[],"yoast_head":"<!-- This site is optimized with the Yoast SEO plugin v26.8 - https:\/\/yoast.com\/product\/yoast-seo-wordpress\/ -->\n<title>R\u01b0\u1ee3u Vang Ph\u00e1p Ch\u00e2teau Lynch Moussas - R.WINE<\/title>\n<meta name=\"robots\" content=\"noindex, follow\" \/>\n<meta property=\"og:locale\" content=\"vi_VN\" \/>\n<meta property=\"og:type\" content=\"article\" \/>\n<meta property=\"og:title\" content=\"R\u01b0\u1ee3u Vang Ph\u00e1p Ch\u00e2teau Lynch Moussas - R.WINE\" \/>\n<meta property=\"og:description\" content=\"Xu\u1ea5t x\u1ee9 Ph\u00e1p   Ph\u00e2n lo\u1ea1i Vang \u0111\u1ecf   N\u1ed3ng \u0111\u1ed9 13,5%   Dung t\u00edch \u00a0750ml   Gi\u1ed1ng nho Blend   Ni\u00ean v\u1ee5 2017        &nbsp;\" \/>\n<meta property=\"og:url\" content=\"https:\/\/rwinevietnam.com\/home\/ruou-vang-phap-chateau-lynch-moussas\/\" \/>\n<meta property=\"og:site_name\" content=\"R.WINE\" \/>\n<meta property=\"article:modified_time\" content=\"2023-11-12T11:00:19+00:00\" \/>\n<meta property=\"og:image\" content=\"https:\/\/rwinevietnam.com\/home\/wp-content\/uploads\/2023\/11\/IMG_6358.jpeg\" \/>\n\t<meta property=\"og:image:width\" content=\"1536\" \/>\n\t<meta property=\"og:image:height\" content=\"2048\" \/>\n\t<meta property=\"og:image:type\" content=\"image\/jpeg\" \/>\n<meta name=\"twitter:card\" content=\"summary_large_image\" \/>\n<script type=\"application\/ld+json\" class=\"yoast-schema-graph\">{\"@context\":\"https:\/\/schema.org\",\"@graph\":[{\"@type\":\"WebPage\",\"@id\":\"https:\/\/rwinevietnam.com\/home\/ruou-vang-phap-chateau-lynch-moussas\/\",\"url\":\"https:\/\/rwinevietnam.com\/home\/ruou-vang-phap-chateau-lynch-moussas\/\",\"name\":\"R\u01b0\u1ee3u Vang Ph\u00e1p Ch\u00e2teau Lynch Moussas - R.WINE\",\"isPartOf\":{\"@id\":\"https:\/\/rwinevietnam.com\/home\/#website\"},\"primaryImageOfPage\":{\"@id\":\"https:\/\/rwinevietnam.com\/home\/ruou-vang-phap-chateau-lynch-moussas\/#primaryimage\"},\"image\":{\"@id\":\"https:\/\/rwinevietnam.com\/home\/ruou-vang-phap-chateau-lynch-moussas\/#primaryimage\"},\"thumbnailUrl\":\"https:\/\/rwinevietnam.com\/home\/wp-content\/uploads\/2023\/11\/IMG_6358.jpeg\",\"datePublished\":\"2023-11-12T10:52:20+00:00\",\"dateModified\":\"2023-11-12T11:00:19+00:00\",\"breadcrumb\":{\"@id\":\"https:\/\/rwinevietnam.com\/home\/ruou-vang-phap-chateau-lynch-moussas\/#breadcrumb\"},\"inLanguage\":\"vi\",\"potentialAction\":[{\"@type\":\"ReadAction\",\"target\":[\"https:\/\/rwinevietnam.com\/home\/ruou-vang-phap-chateau-lynch-moussas\/\"]}]},{\"@type\":\"ImageObject\",\"inLanguage\":\"vi\",\"@id\":\"https:\/\/rwinevietnam.com\/home\/ruou-vang-phap-chateau-lynch-moussas\/#primaryimage\",\"url\":\"https:\/\/rwinevietnam.com\/home\/wp-content\/uploads\/2023\/11\/IMG_6358.jpeg\",\"contentUrl\":\"https:\/\/rwinevietnam.com\/home\/wp-content\/uploads\/2023\/11\/IMG_6358.jpeg\",\"width\":1536,\"height\":2048},{\"@type\":\"BreadcrumbList\",\"@id\":\"https:\/\/rwinevietnam.com\/home\/ruou-vang-phap-chateau-lynch-moussas\/#breadcrumb\",\"itemListElement\":[{\"@type\":\"ListItem\",\"position\":1,\"name\":\"Trang ch\u1ee7\",\"item\":\"https:\/\/rwinevietnam.com\/home\/\"},{\"@type\":\"ListItem\",\"position\":2,\"name\":\"S\u1ea3n ph\u1ea9m\",\"item\":\"https:\/\/rwinevietnam.com\/home\/san-pham\/\"},{\"@type\":\"ListItem\",\"position\":3,\"name\":\"R\u01b0\u1ee3u Vang Ph\u00e1p Ch\u00e2teau Lynch Moussas\"}]},{\"@type\":\"WebSite\",\"@id\":\"https:\/\/rwinevietnam.com\/home\/#website\",\"url\":\"https:\/\/rwinevietnam.com\/home\/\",\"name\":\"R.WINE\",\"description\":\"C\u00d4NG TY C\u1ed4 PH\u1ea6N XU\u1ea4T KH\u1ea8U NH\u1eacP KH\u1ea8U\",\"potentialAction\":[{\"@type\":\"SearchAction\",\"target\":{\"@type\":\"EntryPoint\",\"urlTemplate\":\"https:\/\/rwinevietnam.com\/home\/?s={search_term_string}\"},\"query-input\":{\"@type\":\"PropertyValueSpecification\",\"valueRequired\":true,\"valueName\":\"search_term_string\"}}],\"inLanguage\":\"vi\"}]}<\/script>\n<!-- \/ Yoast SEO plugin. -->","yoast_head_json":{"title":"R\u01b0\u1ee3u Vang Ph\u00e1p Ch\u00e2teau Lynch Moussas - R.WINE","robots":{"index":"noindex","follow":"follow"},"og_locale":"vi_VN","og_type":"article","og_title":"R\u01b0\u1ee3u Vang Ph\u00e1p Ch\u00e2teau Lynch Moussas - R.WINE","og_description":"Xu\u1ea5t x\u1ee9 Ph\u00e1p   Ph\u00e2n lo\u1ea1i Vang \u0111\u1ecf   N\u1ed3ng \u0111\u1ed9 13,5%   Dung t\u00edch \u00a0750ml   Gi\u1ed1ng nho Blend   Ni\u00ean v\u1ee5 2017        &nbsp;","og_url":"https:\/\/rwinevietnam.com\/home\/ruou-vang-phap-chateau-lynch-moussas\/","og_site_name":"R.WINE","article_modified_time":"2023-11-12T11:00:19+00:00","og_image":[{"width":1536,"height":2048,"url":"https:\/\/rwinevietnam.com\/home\/wp-content\/uploads\/2023\/11\/IMG_6358.jpeg","type":"image\/jpeg"}],"twitter_card":"summary_large_image","schema":{"@context":"https:\/\/schema.org","@graph":[{"@type":"WebPage","@id":"https:\/\/rwinevietnam.com\/home\/ruou-vang-phap-chateau-lynch-moussas\/","url":"https:\/\/rwinevietnam.com\/home\/ruou-vang-phap-chateau-lynch-moussas\/","name":"R\u01b0\u1ee3u Vang Ph\u00e1p Ch\u00e2teau Lynch Moussas - R.WINE","isPartOf":{"@id":"https:\/\/rwinevietnam.com\/home\/#website"},"primaryImageOfPage":{"@id":"https:\/\/rwinevietnam.com\/home\/ruou-vang-phap-chateau-lynch-moussas\/#primaryimage"},"image":{"@id":"https:\/\/rwinevietnam.com\/home\/ruou-vang-phap-chateau-lynch-moussas\/#primaryimage"},"thumbnailUrl":"https:\/\/rwinevietnam.com\/home\/wp-content\/uploads\/2023\/11\/IMG_6358.jpeg","datePublished":"2023-11-12T10:52:20+00:00","dateModified":"2023-11-12T11:00:19+00:00","breadcrumb":{"@id":"https:\/\/rwinevietnam.com\/home\/ruou-vang-phap-chateau-lynch-moussas\/#breadcrumb"},"inLanguage":"vi","potentialAction":[{"@type":"ReadAction","target":["https:\/\/rwinevietnam.com\/home\/ruou-vang-phap-chateau-lynch-moussas\/"]}]},{"@type":"ImageObject","inLanguage":"vi","@id":"https:\/\/rwinevietnam.com\/home\/ruou-vang-phap-chateau-lynch-moussas\/#primaryimage","url":"https:\/\/rwinevietnam.com\/home\/wp-content\/uploads\/2023\/11\/IMG_6358.jpeg","contentUrl":"https:\/\/rwinevietnam.com\/home\/wp-content\/uploads\/2023\/11\/IMG_6358.jpeg","width":1536,"height":2048},{"@type":"BreadcrumbList","@id":"https:\/\/rwinevietnam.com\/home\/ruou-vang-phap-chateau-lynch-moussas\/#breadcrumb","itemListElement":[{"@type":"ListItem","position":1,"name":"Trang ch\u1ee7","item":"https:\/\/rwinevietnam.com\/home\/"},{"@type":"ListItem","position":2,"name":"S\u1ea3n ph\u1ea9m","item":"https:\/\/rwinevietnam.com\/home\/san-pham\/"},{"@type":"ListItem","position":3,"name":"R\u01b0\u1ee3u Vang Ph\u00e1p Ch\u00e2teau Lynch Moussas"}]},{"@type":"WebSite","@id":"https:\/\/rwinevietnam.com\/home\/#website","url":"https:\/\/rwinevietnam.com\/home\/","name":"R.WINE","description":"C\u00d4NG TY C\u1ed4 PH\u1ea6N XU\u1ea4T KH\u1ea8U NH\u1eacP KH\u1ea8U","potentialAction":[{"@type":"SearchAction","target":{"@type":"EntryPoint","urlTemplate":"https:\/\/rwinevietnam.com\/home\/?s={search_term_string}"},"query-input":{"@type":"PropertyValueSpecification","valueRequired":true,"valueName":"search_term_string"}}],"inLanguage":"vi"}]}},"_links":{"self":[{"href":"https:\/\/rwinevietnam.com\/home\/wp-json\/wp\/v2\/product\/1160","targetHints":{"allow":["GET"]}}],"collection":[{"href":"https:\/\/rwinevietnam.com\/home\/wp-json\/wp\/v2\/product"}],"about":[{"href":"https:\/\/rwinevietnam.com\/home\/wp-json\/wp\/v2\/types\/product"}],"replies":[{"embeddable":true,"href":"https:\/\/rwinevietnam.com\/home\/wp-json\/wp\/v2\/comments?post=1160"}],"wp:featuredmedia":[{"embeddable":true,"href":"https:\/\/rwinevietnam.com\/home\/wp-json\/wp\/v2\/media\/1161"}],"wp:attachment":[{"href":"https:\/\/rwinevietnam.com\/home\/wp-json\/wp\/v2\/media?parent=1160"}],"wp:term":[{"taxonomy":"product_brand","embeddable":true,"href":"https:\/\/rwinevietnam.com\/home\/wp-json\/wp\/v2\/product_brand?post=1160"},{"taxonomy":"product_cat","embeddable":true,"href":"https:\/\/rwinevietnam.com\/home\/wp-json\/wp\/v2\/product_cat?post=1160"},{"taxonomy":"product_tag","embeddable":true,"href":"https:\/\/rwinevietnam.com\/home\/wp-json\/wp\/v2\/product_tag?post=1160"}],"curies":[{"name":"wp","href":"https:\/\/api.w.org\/{rel}","templated":true}]}}