{"id":1156,"date":"2023-11-11T11:54:24","date_gmt":"2023-11-11T11:54:24","guid":{"rendered":"https:\/\/rwinevietnam.com\/home\/?post_type=product&#038;p=1156"},"modified":"2023-11-11T11:58:29","modified_gmt":"2023-11-11T11:58:29","slug":"ruou-deau-cognac-xo","status":"publish","type":"product","link":"https:\/\/rwinevietnam.com\/home\/ruou-deau-cognac-xo\/","title":{"rendered":"R\u01b0\u1ee3u Deau Cognac XO"},"content":{"rendered":"<div class=\"xdj266r x11i5rnm xat24cr x1mh8g0r x1vvkbs x126k92a\">\n<div dir=\"auto\">Deau Black X.O COGNAC (D\u00f2ng cao c\u1ea5p)<\/div>\n<\/div>\n<div class=\"x11i5rnm xat24cr x1mh8g0r x1vvkbs xtlvy1s x126k92a\">\n<div dir=\"auto\">M\u00f4 t\u1ea3:<\/div>\n<div dir=\"auto\">\u0110\u01a1n V\u1ecb T\u00ednh: Chai<\/div>\n<div dir=\"auto\">Ch\u1ee7ng lo\u1ea1i: R\u01b0\u1ee3u M\u1ea1nh<\/div>\n<div dir=\"auto\">Dung T\u00edch: 700ml<\/div>\n<div dir=\"auto\">N\u1ed3ng \u0111\u1ed9: 40%Vol<\/div>\n<div dir=\"auto\">Xu\u1ea5t X\u1ee9: Ph\u00e1p<\/div>\n<\/div>\n<div dir=\"auto\"><\/div>\n<div dir=\"auto\"><img loading=\"lazy\" decoding=\"async\" class=\"aligncenter  wp-image-1158\" src=\"https:\/\/rwinevietnam.com\/home\/wp-content\/uploads\/2023\/11\/IMG_5523-768x1024.jpeg\" alt=\"\" width=\"380\" height=\"507\" srcset=\"https:\/\/rwinevietnam.com\/home\/wp-content\/uploads\/2023\/11\/IMG_5523-768x1024.jpeg 768w, https:\/\/rwinevietnam.com\/home\/wp-content\/uploads\/2023\/11\/IMG_5523-225x300.jpeg 225w, https:\/\/rwinevietnam.com\/home\/wp-content\/uploads\/2023\/11\/IMG_5523-1152x1536.jpeg 1152w, https:\/\/rwinevietnam.com\/home\/wp-content\/uploads\/2023\/11\/IMG_5523-300x400.jpeg 300w, https:\/\/rwinevietnam.com\/home\/wp-content\/uploads\/2023\/11\/IMG_5523-600x800.jpeg 600w, https:\/\/rwinevietnam.com\/home\/wp-content\/uploads\/2023\/11\/IMG_5523.jpeg 1536w\" sizes=\"auto, (max-width: 380px) 100vw, 380px\" \/><\/div>\n<div dir=\"auto\"><\/div>\n<div class=\"x11i5rnm xat24cr x1mh8g0r x1vvkbs xtlvy1s x126k92a\">\n<div dir=\"auto\">R\u01b0\u1ee3u C\u00f4 nh\u1eafc (Cognac) l\u00e0 m\u1ed9t lo\u1ea1i r\u01b0\u1ee3u m\u1ea1nh s\u1ea3n xu\u1ea5t t\u1ea1i v\u00f9ng Cognac c\u1ee7a Ph\u00e1p, \u0111\u01b0\u1ee3c ch\u01b0ng c\u1ea5t t\u1eeb lo\u1ea1i r\u01b0\u1ee3u nh\u1eb9 s\u1ea3n sinh trong ti\u1ebfn tr\u00ecnh l\u00ean men nho qu\u1ea3, sau m\u1ed9t th\u1eddi gian \u1ee7 trong th\u00f9ng g\u1ed7 s\u1ed3i \u0111\u01b0\u1ee3c \u0111em ra \u0111\u00f3ng chai v\u00e0 b\u00e1n kh\u1eafp th\u1ebf gi\u1edbi.<\/div>\n<div dir=\"auto\">V\u00ec r\u01b0\u1ee3u Cognac c\u00e0ng ng\u00e2m l\u00e2u trong th\u00f9ng g\u1ed7 s\u1ed3i th\u00ec m\u00f9i v\u1ecb c\u00e0ng tr\u1ea7m xu\u1ed1ng v\u00e0 th\u1eafm \u0111\u01b0\u1ee3m h\u01a1n n\u00ean lu\u1eadt l\u1ec7 c\u0169ng quy \u0111\u1ecbnh nh\u1eefng th\u1eddi gian \u1ee7 r\u01b0\u1ee3u t\u1ed1i thi\u1ec3u cho c\u00e1c lo\u1ea1i\u00a0r\u01b0\u1ee3u Cognac thu\u1ed9c nh\u1eefng \u0111\u1eb3ng c\u1ea5p kh\u00e1c nhau. R\u01b0\u1ee3u c\u00e0ng x\u1ebfp h\u1ea1ng cao bao nhi\u00eau th\u00ec c\u00e0ng ph\u1ea3i ng\u00e2m nhi\u1ec1u b\u1ea5y nhi\u00eau. H\u1ea1ng (V.S.) th\u1ea5p nh\u1ea5t l\u00e0 ph\u1ea3i 2 n\u0103m, h\u1ea1ng V.S.O.P cao h\u01a1n ph\u1ea3i 4 n\u0103m, h\u1ea1ng X.O. cao nh\u1ea5t ph\u1ea3i 5 n\u0103m<\/div>\n<div dir=\"auto\">&#8211; X.O. : h\u00e3ng r\u01b0\u1ee3u danh ti\u1ebfng n\u00e0o c\u0169ng d\u00e0nh ri\u00eang m\u1ed9t s\u1ed1 r\u01b0\u1ee3u h\u1ea3o h\u1ea1ng \u0111\u1ec3 l\u00e2u \u0111\u00e3 20 n\u0103m, v\u00e0 \u0111\u1eb7t n\u00f3 v\u00e0o h\u1ea1ng X.O. t\u1ee9c l\u00e0\u201d Extra Old\u201d. Gi\u00e1 b\u00e1n c\u1ee7a m\u1ed9t chai X.O th\u01b0\u1eddng \u0111\u1eaft g\u1ea5p 3 l\u1ea7n chai V.S.O.P v\u00e0 g\u1ea5p 4 l\u1ea7n chai V.S<\/div>\n<\/div>\n<div class=\"x11i5rnm xat24cr x1mh8g0r x1vvkbs xtlvy1s x126k92a\">\n<div dir=\"auto\"><\/div>\n<\/div>\n","protected":false},"excerpt":{"rendered":"<table style=\"border-collapse: collapse; width: 100%; height: 115px;\">\n<tbody>\n<tr style=\"height: 50px;\">\n<td style=\"width: 50%; height: 50px;\"><span style=\"color: #000080;\"><strong>Qu\u1ed1c gia:<\/strong><\/span><\/td>\n<td style=\"width: 50%; height: 50px;\"><a href=\"http:\/\/rwinevietnam.com\">Scotland<\/a><\/td>\n<\/tr>\n<tr style=\"height: 21px;\">\n<td style=\"width: 50%; height: 21px;\"><span style=\"color: #000080;\"><strong>Lo\u1ea1i r\u01b0\u1ee3u:<\/strong><\/span><\/td>\n<td style=\"width: 50%; height: 21px;\">Blended <a href=\"http:\/\/rwinevietnam.com\">Whisky Scotch\u00a0<\/a><\/td>\n<\/tr>\n<tr style=\"height: 21px;\">\n<td style=\"width: 50%; height: 21px;\"><span style=\"color: #000080;\"><strong>N\u1ed3ng \u0111\u1ed9:<\/strong><\/span><\/td>\n<td style=\"width: 50%; height: 21px;\"><a href=\"http:\/\/rwinevietnam.com\">40% vol<\/a><\/td>\n<\/tr>\n<tr style=\"height: 23px;\">\n<td style=\"width: 50%; height: 23px;\"><span style=\"color: #000080;\"><strong>Dung t\u00edch:<\/strong><\/span><\/td>\n<td style=\"width: 50%; height: 23px; text-align: left;\"><a href=\"http:\/\/rwinevietnam.com\">750ML<\/a><\/td>\n<\/tr>\n<\/tbody>\n<\/table>\n","protected":false},"featured_media":1157,"comment_status":"closed","ping_status":"closed","template":"","meta":{"_acf_changed":false},"product_brand":[],"product_cat":[91,26],"product_tag":[288,289,290,163,238],"class_list":{"0":"post-1156","1":"product","2":"type-product","3":"status-publish","4":"has-post-thumbnail","6":"product_cat-cognac","7":"product_cat-san-pham-noi-bat","8":"product_tag-cognac","9":"product_tag-deau","10":"product_tag-deau-cognac","11":"product_tag-ruou-ngon-nhat","12":"product_tag-xo","14":"first","15":"instock","16":"shipping-taxable","17":"product-type-simple"},"acf":[],"yoast_head":"<!-- This site is optimized with the Yoast SEO plugin v26.8 - https:\/\/yoast.com\/product\/yoast-seo-wordpress\/ -->\n<title>R\u01b0\u1ee3u Deau Cognac XO - R.WINE<\/title>\n<meta name=\"description\" content=\"R\u01b0\u1ee3u Ballantine\u2019s 17\u00a0\u0111\u01b0\u1ee3c s\u1ea3n xu\u1ea5t l\u1ea7n \u0111\u1ea7u ti\u00ean v\u00e0o n\u0103m 1930, n\u00f3 l\u00e0 Nh\u00e3n hi\u1ec7u r\u01b0\u1ee3u Whisky uy t\u00edn c\u00f2n l\u1ea1i kh\u00f4ng h\u1ec1 thay \u0111\u1ed5i t\u1eeb h\u01a1n 85 n\u0103m qua.\" \/>\n<meta name=\"robots\" content=\"noindex, follow\" \/>\n<meta property=\"og:locale\" content=\"vi_VN\" \/>\n<meta property=\"og:type\" content=\"article\" \/>\n<meta property=\"og:title\" content=\"R\u01b0\u1ee3u Deau Cognac XO - R.WINE\" \/>\n<meta property=\"og:description\" content=\"R\u01b0\u1ee3u Ballantine\u2019s 17\u00a0\u0111\u01b0\u1ee3c s\u1ea3n xu\u1ea5t l\u1ea7n \u0111\u1ea7u ti\u00ean v\u00e0o n\u0103m 1930, n\u00f3 l\u00e0 Nh\u00e3n hi\u1ec7u r\u01b0\u1ee3u Whisky uy t\u00edn c\u00f2n l\u1ea1i kh\u00f4ng h\u1ec1 thay \u0111\u1ed5i t\u1eeb h\u01a1n 85 n\u0103m qua.\" \/>\n<meta property=\"og:url\" content=\"https:\/\/rwinevietnam.com\/home\/ruou-deau-cognac-xo\/\" \/>\n<meta property=\"og:site_name\" content=\"R.WINE\" \/>\n<meta property=\"article:modified_time\" content=\"2023-11-11T11:58:29+00:00\" \/>\n<meta property=\"og:image\" content=\"https:\/\/rwinevietnam.com\/home\/wp-content\/uploads\/2023\/11\/IMG_5524.jpeg\" \/>\n\t<meta property=\"og:image:width\" content=\"1536\" \/>\n\t<meta property=\"og:image:height\" content=\"2048\" \/>\n\t<meta property=\"og:image:type\" content=\"image\/jpeg\" \/>\n<meta name=\"twitter:card\" content=\"summary_large_image\" \/>\n<script type=\"application\/ld+json\" class=\"yoast-schema-graph\">{\"@context\":\"https:\/\/schema.org\",\"@graph\":[{\"@type\":\"WebPage\",\"@id\":\"https:\/\/rwinevietnam.com\/home\/ruou-deau-cognac-xo\/\",\"url\":\"https:\/\/rwinevietnam.com\/home\/ruou-deau-cognac-xo\/\",\"name\":\"R\u01b0\u1ee3u Deau Cognac XO - R.WINE\",\"isPartOf\":{\"@id\":\"https:\/\/rwinevietnam.com\/home\/#website\"},\"primaryImageOfPage\":{\"@id\":\"https:\/\/rwinevietnam.com\/home\/ruou-deau-cognac-xo\/#primaryimage\"},\"image\":{\"@id\":\"https:\/\/rwinevietnam.com\/home\/ruou-deau-cognac-xo\/#primaryimage\"},\"thumbnailUrl\":\"https:\/\/rwinevietnam.com\/home\/wp-content\/uploads\/2023\/11\/IMG_5524.jpeg\",\"datePublished\":\"2023-11-11T11:54:24+00:00\",\"dateModified\":\"2023-11-11T11:58:29+00:00\",\"description\":\"R\u01b0\u1ee3u Ballantine\u2019s 17\u00a0\u0111\u01b0\u1ee3c s\u1ea3n xu\u1ea5t l\u1ea7n \u0111\u1ea7u ti\u00ean v\u00e0o n\u0103m 1930, n\u00f3 l\u00e0 Nh\u00e3n hi\u1ec7u r\u01b0\u1ee3u Whisky uy t\u00edn c\u00f2n l\u1ea1i kh\u00f4ng h\u1ec1 thay \u0111\u1ed5i t\u1eeb h\u01a1n 85 n\u0103m qua.\",\"breadcrumb\":{\"@id\":\"https:\/\/rwinevietnam.com\/home\/ruou-deau-cognac-xo\/#breadcrumb\"},\"inLanguage\":\"vi\",\"potentialAction\":[{\"@type\":\"ReadAction\",\"target\":[\"https:\/\/rwinevietnam.com\/home\/ruou-deau-cognac-xo\/\"]}]},{\"@type\":\"ImageObject\",\"inLanguage\":\"vi\",\"@id\":\"https:\/\/rwinevietnam.com\/home\/ruou-deau-cognac-xo\/#primaryimage\",\"url\":\"https:\/\/rwinevietnam.com\/home\/wp-content\/uploads\/2023\/11\/IMG_5524.jpeg\",\"contentUrl\":\"https:\/\/rwinevietnam.com\/home\/wp-content\/uploads\/2023\/11\/IMG_5524.jpeg\",\"width\":1536,\"height\":2048},{\"@type\":\"BreadcrumbList\",\"@id\":\"https:\/\/rwinevietnam.com\/home\/ruou-deau-cognac-xo\/#breadcrumb\",\"itemListElement\":[{\"@type\":\"ListItem\",\"position\":1,\"name\":\"Trang ch\u1ee7\",\"item\":\"https:\/\/rwinevietnam.com\/home\/\"},{\"@type\":\"ListItem\",\"position\":2,\"name\":\"S\u1ea3n ph\u1ea9m\",\"item\":\"https:\/\/rwinevietnam.com\/home\/san-pham\/\"},{\"@type\":\"ListItem\",\"position\":3,\"name\":\"R\u01b0\u1ee3u Deau Cognac XO\"}]},{\"@type\":\"WebSite\",\"@id\":\"https:\/\/rwinevietnam.com\/home\/#website\",\"url\":\"https:\/\/rwinevietnam.com\/home\/\",\"name\":\"R.WINE\",\"description\":\"C\u00d4NG TY C\u1ed4 PH\u1ea6N XU\u1ea4T KH\u1ea8U NH\u1eacP KH\u1ea8U\",\"potentialAction\":[{\"@type\":\"SearchAction\",\"target\":{\"@type\":\"EntryPoint\",\"urlTemplate\":\"https:\/\/rwinevietnam.com\/home\/?s={search_term_string}\"},\"query-input\":{\"@type\":\"PropertyValueSpecification\",\"valueRequired\":true,\"valueName\":\"search_term_string\"}}],\"inLanguage\":\"vi\"}]}<\/script>\n<!-- \/ Yoast SEO plugin. -->","yoast_head_json":{"title":"R\u01b0\u1ee3u Deau Cognac XO - R.WINE","description":"R\u01b0\u1ee3u Ballantine\u2019s 17\u00a0\u0111\u01b0\u1ee3c s\u1ea3n xu\u1ea5t l\u1ea7n \u0111\u1ea7u ti\u00ean v\u00e0o n\u0103m 1930, n\u00f3 l\u00e0 Nh\u00e3n hi\u1ec7u r\u01b0\u1ee3u Whisky uy t\u00edn c\u00f2n l\u1ea1i kh\u00f4ng h\u1ec1 thay \u0111\u1ed5i t\u1eeb h\u01a1n 85 n\u0103m qua.","robots":{"index":"noindex","follow":"follow"},"og_locale":"vi_VN","og_type":"article","og_title":"R\u01b0\u1ee3u Deau Cognac XO - R.WINE","og_description":"R\u01b0\u1ee3u Ballantine\u2019s 17\u00a0\u0111\u01b0\u1ee3c s\u1ea3n xu\u1ea5t l\u1ea7n \u0111\u1ea7u ti\u00ean v\u00e0o n\u0103m 1930, n\u00f3 l\u00e0 Nh\u00e3n hi\u1ec7u r\u01b0\u1ee3u Whisky uy t\u00edn c\u00f2n l\u1ea1i kh\u00f4ng h\u1ec1 thay \u0111\u1ed5i t\u1eeb h\u01a1n 85 n\u0103m qua.","og_url":"https:\/\/rwinevietnam.com\/home\/ruou-deau-cognac-xo\/","og_site_name":"R.WINE","article_modified_time":"2023-11-11T11:58:29+00:00","og_image":[{"width":1536,"height":2048,"url":"https:\/\/rwinevietnam.com\/home\/wp-content\/uploads\/2023\/11\/IMG_5524.jpeg","type":"image\/jpeg"}],"twitter_card":"summary_large_image","schema":{"@context":"https:\/\/schema.org","@graph":[{"@type":"WebPage","@id":"https:\/\/rwinevietnam.com\/home\/ruou-deau-cognac-xo\/","url":"https:\/\/rwinevietnam.com\/home\/ruou-deau-cognac-xo\/","name":"R\u01b0\u1ee3u Deau Cognac XO - R.WINE","isPartOf":{"@id":"https:\/\/rwinevietnam.com\/home\/#website"},"primaryImageOfPage":{"@id":"https:\/\/rwinevietnam.com\/home\/ruou-deau-cognac-xo\/#primaryimage"},"image":{"@id":"https:\/\/rwinevietnam.com\/home\/ruou-deau-cognac-xo\/#primaryimage"},"thumbnailUrl":"https:\/\/rwinevietnam.com\/home\/wp-content\/uploads\/2023\/11\/IMG_5524.jpeg","datePublished":"2023-11-11T11:54:24+00:00","dateModified":"2023-11-11T11:58:29+00:00","description":"R\u01b0\u1ee3u Ballantine\u2019s 17\u00a0\u0111\u01b0\u1ee3c s\u1ea3n xu\u1ea5t l\u1ea7n \u0111\u1ea7u ti\u00ean v\u00e0o n\u0103m 1930, n\u00f3 l\u00e0 Nh\u00e3n hi\u1ec7u r\u01b0\u1ee3u Whisky uy t\u00edn c\u00f2n l\u1ea1i kh\u00f4ng h\u1ec1 thay \u0111\u1ed5i t\u1eeb h\u01a1n 85 n\u0103m qua.","breadcrumb":{"@id":"https:\/\/rwinevietnam.com\/home\/ruou-deau-cognac-xo\/#breadcrumb"},"inLanguage":"vi","potentialAction":[{"@type":"ReadAction","target":["https:\/\/rwinevietnam.com\/home\/ruou-deau-cognac-xo\/"]}]},{"@type":"ImageObject","inLanguage":"vi","@id":"https:\/\/rwinevietnam.com\/home\/ruou-deau-cognac-xo\/#primaryimage","url":"https:\/\/rwinevietnam.com\/home\/wp-content\/uploads\/2023\/11\/IMG_5524.jpeg","contentUrl":"https:\/\/rwinevietnam.com\/home\/wp-content\/uploads\/2023\/11\/IMG_5524.jpeg","width":1536,"height":2048},{"@type":"BreadcrumbList","@id":"https:\/\/rwinevietnam.com\/home\/ruou-deau-cognac-xo\/#breadcrumb","itemListElement":[{"@type":"ListItem","position":1,"name":"Trang ch\u1ee7","item":"https:\/\/rwinevietnam.com\/home\/"},{"@type":"ListItem","position":2,"name":"S\u1ea3n ph\u1ea9m","item":"https:\/\/rwinevietnam.com\/home\/san-pham\/"},{"@type":"ListItem","position":3,"name":"R\u01b0\u1ee3u Deau Cognac XO"}]},{"@type":"WebSite","@id":"https:\/\/rwinevietnam.com\/home\/#website","url":"https:\/\/rwinevietnam.com\/home\/","name":"R.WINE","description":"C\u00d4NG TY C\u1ed4 PH\u1ea6N XU\u1ea4T KH\u1ea8U NH\u1eacP KH\u1ea8U","potentialAction":[{"@type":"SearchAction","target":{"@type":"EntryPoint","urlTemplate":"https:\/\/rwinevietnam.com\/home\/?s={search_term_string}"},"query-input":{"@type":"PropertyValueSpecification","valueRequired":true,"valueName":"search_term_string"}}],"inLanguage":"vi"}]}},"_links":{"self":[{"href":"https:\/\/rwinevietnam.com\/home\/wp-json\/wp\/v2\/product\/1156","targetHints":{"allow":["GET"]}}],"collection":[{"href":"https:\/\/rwinevietnam.com\/home\/wp-json\/wp\/v2\/product"}],"about":[{"href":"https:\/\/rwinevietnam.com\/home\/wp-json\/wp\/v2\/types\/product"}],"replies":[{"embeddable":true,"href":"https:\/\/rwinevietnam.com\/home\/wp-json\/wp\/v2\/comments?post=1156"}],"wp:featuredmedia":[{"embeddable":true,"href":"https:\/\/rwinevietnam.com\/home\/wp-json\/wp\/v2\/media\/1157"}],"wp:attachment":[{"href":"https:\/\/rwinevietnam.com\/home\/wp-json\/wp\/v2\/media?parent=1156"}],"wp:term":[{"taxonomy":"product_brand","embeddable":true,"href":"https:\/\/rwinevietnam.com\/home\/wp-json\/wp\/v2\/product_brand?post=1156"},{"taxonomy":"product_cat","embeddable":true,"href":"https:\/\/rwinevietnam.com\/home\/wp-json\/wp\/v2\/product_cat?post=1156"},{"taxonomy":"product_tag","embeddable":true,"href":"https:\/\/rwinevietnam.com\/home\/wp-json\/wp\/v2\/product_tag?post=1156"}],"curies":[{"name":"wp","href":"https:\/\/api.w.org\/{rel}","templated":true}]}}