{"id":1153,"date":"2023-11-11T11:42:36","date_gmt":"2023-11-11T11:42:36","guid":{"rendered":"https:\/\/rwinevietnam.com\/home\/?post_type=product&#038;p=1153"},"modified":"2023-11-11T11:46:07","modified_gmt":"2023-11-11T11:46:07","slug":"ruou-ballantines-30","status":"publish","type":"product","link":"https:\/\/rwinevietnam.com\/home\/ruou-ballantines-30\/","title":{"rendered":"R\u01b0\u1ee3u Ballantines 30"},"content":{"rendered":"<p>R\u01b0\u1ee3u Ballantine&#8217;s 30 &#8211; T\u0103\u0323ng ph\u00e2\u0309m cao quy\u0301 cho nh\u01b0\u0303ng di\u0323p \u0111\u0103\u0323c bi\u00ea\u0323t<\/p>\n<p>&nbsp;<\/p>\n<p><img loading=\"lazy\" decoding=\"async\" class=\"aligncenter  wp-image-1155\" src=\"https:\/\/rwinevietnam.com\/home\/wp-content\/uploads\/2023\/11\/IMG_5512-576x1024.jpeg\" alt=\"\" width=\"338\" height=\"601\" srcset=\"https:\/\/rwinevietnam.com\/home\/wp-content\/uploads\/2023\/11\/IMG_5512-576x1024.jpeg 576w, https:\/\/rwinevietnam.com\/home\/wp-content\/uploads\/2023\/11\/IMG_5512-169x300.jpeg 169w, https:\/\/rwinevietnam.com\/home\/wp-content\/uploads\/2023\/11\/IMG_5512-768x1366.jpeg 768w, https:\/\/rwinevietnam.com\/home\/wp-content\/uploads\/2023\/11\/IMG_5512-864x1536.jpeg 864w, https:\/\/rwinevietnam.com\/home\/wp-content\/uploads\/2023\/11\/IMG_5512-1152x2048.jpeg 1152w, https:\/\/rwinevietnam.com\/home\/wp-content\/uploads\/2023\/11\/IMG_5512-300x533.jpeg 300w, https:\/\/rwinevietnam.com\/home\/wp-content\/uploads\/2023\/11\/IMG_5512-600x1067.jpeg 600w, https:\/\/rwinevietnam.com\/home\/wp-content\/uploads\/2023\/11\/IMG_5512.jpeg 1330w\" sizes=\"auto, (max-width: 338px) 100vw, 338px\" \/><\/p>\n<p>&nbsp;<\/p>\n<p>Ballantine\u2019s 30 thu\u1ed9c d\u00f2ng Scotch Whisky th\u01b0\u1ee3ng h\u1ea1ng, n\u1eb1m trong ph\u00e2n kh\u00fac r\u01b0\u1ee3u si\u00eau sang tr\u1ecdng. S\u1edf h\u1eefu nh\u1eefng \u0111\u1eb7c \u0111i\u1ec3m thu h\u00fat t\u1eeb m\u00e0u s\u1eafc cho \u0111\u1ebfn h\u01b0\u01a1ng v\u1ecb, kh\u00f4ng qu\u00e1 kh\u00f3 \u0111\u1ec3 l\u00fd gi\u1ea3i v\u00ec sao Ballantine\u2019s 30 l\u1ea1i \u0111\u01b0\u1ee3c y\u00eau th\u00edch \u0111\u1ebfn nh\u01b0 th\u1ebf.<\/p>\n<p>Ballantine\u2019s 30 \u0111\u01b0\u1ee3c l\u00e0m t\u1eeb nh\u1eefng nguy\u00ean li\u1ec7u t\u1ef1 nhi\u00ean v\u00f4 c\u00f9ng quen thu\u1ed9c nh\u01b0ng khi k\u1ebft h\u1ee3p v\u1edbi nhau l\u1ea1i t\u1ea1o n\u00ean h\u01b0\u01a1ng v\u1ecb m\u1ea1nh m\u1ebd \u0111\u1ebfn l\u1ea1 k\u1ef3. C\u00f4ng th\u1ee9c pha tr\u1ed9n r\u01b0\u1ee3u \u0111\u01b0\u1ee3c ti\u1ebfn h\u00e0nh chu\u1ea9n m\u1ef1c v\u00e0 \u0111\u01b0\u1ee3c canh g\u00e1c ho\u00e0n to\u00e0n ch\u1eb7t ch\u1ebd, ch\u1ec9 l\u01b0u truy\u1ec1n cho th\u1ebf h\u1ec7 k\u1ebf nghi\u1ec7p. Sau khi pha tr\u1ed9n gi\u1eefa c\u00e1c lo\u1ea1i Whisky m\u1ea1ch nha v\u00e0 Whisky ng\u0169 c\u1ed1c, r\u01b0\u1ee3u \u0111\u01b0\u1ee3c \u0111em \u0111i \u1ee7 trong c\u00e1c th\u00f9ng g\u1ed7 s\u1ed3i t\u1ed1i thi\u1ec3u l\u00e0 30 n\u0103m. Ballantine\u2019s 30 c\u00f3 m\u00e0u v\u00e0ng h\u1ed5 ph\u00e1ch \u0111\u1eadm, h\u01b0\u01a1ng th\u01a1m kh\u00e1 nh\u1eb9 nh\u00e0ng c\u1ee7a m\u00f9i tr\u00e1i c\u00e2y s\u1ea5y kh\u00f4 v\u00e0 m\u1eadt ong lan t\u1ecfa.<\/p>\n<p>&nbsp;<\/p>\n<p>Ballantine\u2019s 30 l\u00e0 d\u00f2ng r\u01b0\u1ee3u cao c\u1ea5p, r\u1ea5t \u0111\u01b0\u1ee3c y\u00eau th\u00edch v\u00e0 \u0111\u01b0\u1ee3c nh\u1eefng ng\u01b0\u1eddi \u0111am m\u00ea th\u01b0\u1edfng th\u1ee9c r\u01b0\u1ee3u \u201cs\u0103n l\u00f9ng\u201d. Ch\u00ednh v\u00ec v\u1eady, kh\u00f4ng qu\u00e1 kh\u00f3 hi\u1ec3u khi r\u1ea5t nhi\u1ec1u ng\u01b0\u1eddi l\u1ef1a ch\u1ecdn Ballantine\u2019s 30 l\u00e0m qu\u00e0 t\u1eb7ng cho nh\u1eefng d\u1ecbp \u0111\u1eb7c bi\u1ec7t hay bi\u1ebfu cho ng\u01b0\u1eddi th\u00e2n, b\u1ea1n b\u00e8, \u0111\u1ed3ng nghi\u1ec7p.<\/p>\n<p>&nbsp;<\/p>\n<p>H\u01b0\u01a1ng v\u1ecb nh\u1eb9 nh\u00e0ng c\u1ee7a r\u01b0\u1ee3u Ballantine\u2019s 30\u00a0ch\u00ednh h\u00e3ng th\u01b0\u1eddng \u0111\u1ea1t \u0111\u01b0\u1ee3c s\u1ef1 h\u00f2a quy\u1ec7n gi\u1eefa h\u01b0\u01a1ng th\u01a1m nh\u1eb9 nh\u00e0ng c\u1ee7a tr\u00e1i c\u00e2y v\u00e0 s\u1ef1 m\u1ea1nh m\u1ebd c\u1ee7a v\u1ecb m\u1eadt ong. Ch\u00ednh v\u00ec v\u1eady, \u0111\u00e2y s\u1ebd l\u00e0 m\u00f3n qu\u00e0 \u0111\u1ea7y \u1ea5n t\u01b0\u1ee3ng ngay trong d\u1ecbp T\u1ebft 2019 s\u1eafp \u0111\u1ebfn m\u00e0 b\u1ea1n kh\u00f4ng n\u00ean b\u1ecf qua. T\u1ea1i th\u1ecb tr\u01b0\u1eddng Vi\u1ec7t Nam, <u>r\u01b0\u1ee3u Ballantine\u2019s 30 ch\u00ednh h\u00e3ng<\/u> li\u00ean t\u1ee5c b\u1ecb khan h\u00e0ng v\u00e0 n\u00e2ng gi\u00e1 trong nh\u1eefng d\u1ecbp l\u1ec5, t\u1ebft quan tr\u1ecdng. \u00a0B\u1ea5t k\u1ef3 m\u1ed9t t\u00e2m h\u1ed3n n\u00e0o c\u0169ng kh\u00f4ng th\u1ec3 c\u01b0\u1ee1ng l\u1ea1i \u0111\u01b0\u1ee3c s\u1ee9c h\u00fat c\u1ee7a r\u01b0\u1ee3u Ballantine\u2019s 30, v\u1eady n\u00ean kh\u00f4ng l\u00fd g\u00ec \u0111\u1ec3 b\u1ea1n ch\u1ecdn mua n\u00f3 \u0111\u1ec3 th\u1ec3 hi\u1ec7n \u0111\u01b0\u1ee3c t\u1ea5m l\u00f2ng c\u0169ng nh\u01b0 s\u1ef1 tinh t\u1ebf c\u1ee7a m\u00ecnh trong vi\u1ec7c l\u1ef1a ch\u1ecdn qu\u00e0 t\u1eb7ng. \u0110\u1eb7c bi\u1ec7t, v\u1edbi thi\u1ebft k\u1ebf h\u1ed9p m\u1edbi sang tr\u1ecdng v\u00e0 l\u1ecbch l\u00e3m, b\u1ea1n s\u1ebd c\u00e0ng b\u1ecb thuy\u1ebft ph\u1ee5c khi l\u1ef1a ch\u1ecdn Ballantine\u2019s \u0111\u1ec3 l\u00e0m qu\u00e0 t\u1eb7ng. T\u1eeb phong c\u00e1ch c\u1ed5 \u0111i\u1ec3n c\u1ee7a thi\u1ebft k\u1ebf \u0111\u1ebfn h\u01b0\u01a1ng v\u1ecb tuy\u1ec7t h\u1ea3o v\u00e0 gi\u00e1 th\u00e0nh \u01b0u \u0111\u00e3i t\u1ea1i R.WINE \u0111\u1ec1u s\u1ebd l\u00e0m h\u00e0i l\u00f2ng c\u1ea3 nh\u1eefng v\u1ecb kh\u00e1ch h\u00e0ng kh\u00f3 t\u00ednh nh\u1ea5t.<\/p>\n<p>H\u1eadu v\u1ecb k\u00e9o d\u00e0i v\u00e0 nh\u1eb9 nh\u00e0ng c\u1ee7a r\u01b0\u1ee3u Ballantine\u2019s ch\u00ednh l\u00e0 d\u1ea5u \u1ea5n c\u1ee7a b\u1ea1n khi t\u1eb7ng qu\u00e0 cho b\u1ea5t k\u1ef3 m\u1ed9t ng\u01b0\u1eddi n\u00e0o. N\u1ebfu b\u1ea1n mu\u1ed1n ch\u1ecdn ngay m\u1ed9t m\u00f3n qu\u00e0 v\u1edbi \u0111\u1ee7 m\u1ecdi s\u1ef1 tinh t\u1ebf, \u0111\u1ed9c \u0111\u00e1o v\u00e0 cao c\u1ea5p, c\u00f2n ng\u1ea7n ng\u1ea1i g\u00ec m\u00e0 kh\u00f4ng t\u00ecm mua ngay Ballantine\u2019s ch\u00ednh h\u00e3ng t\u1ea1i sieuthiruoungoai.com ngay h\u00f4m nay!<\/p>\n<p>Ballantine&#8217;s 30\u00a0n\u0103m l\u00e0 m\u1ed9t trong nh\u1eefng d\u00f2ng\u00a0whisky\u00a0n\u1ed5i ti\u1ebfng v\u00e0 qu\u00fd hi\u1ebfm nh\u1ea5t hi\u1ec7n nay, v\u00e0 ch\u1ec9 \u0111\u01b0\u1ee3c s\u1ea3n xu\u1ea5t v\u1edbi s\u1ed1 l\u01b0\u1ee3ng c\u00f3 h\u1ea1n. Nguy\u00ean li\u1ec7u s\u1ea3n ph\u1ea9m \u0111\u01b0\u1ee3c thu ho\u1ea1ch b\u1eb1ng tay, v\u00e0 \u0111\u01b0\u1ee3c \u1ee7 trong th\u00f9ng g\u1ed7 s\u1ed3i su\u1ed1t 30 n\u0103m, n\u00ean \u0111\u00e2y l\u00e0 m\u1ed9t trong nh\u1eefng d\u00f2ng r\u01b0\u1ee3u\u00a0whisky\u00a0\u0111\u1eaft nh\u1ea5t th\u1ebf gi\u1edbi v\u00e0 c\u1ef1c k\u1ef3 sang tr\u1ecdng, qu\u00fd hi\u1ebfm.<\/p>\n<p>V\u1edbi m\u00e0u v\u00e0ng \u0111\u1eadm k\u1ebft h\u1ee3p v\u1edbi h\u01b0\u01a1ng th\u01a1m nh\u1eb9 nh\u00e0ng c\u1ee7a h\u01b0\u01a1ng v\u1ecb tr\u00e1i c\u00e2y, v\u00e0 v\u1ecb m\u1eadt ong m\u1ea1nh m\u1ebd. H\u01b0\u01a1ng th\u01a1m c\u1ee7a hoa c\u1ecf v\u00e0 tr\u00e1i c\u00e2y t\u1ea1o cho r\u01b0\u1ee3u\u00a0Ballantine&#8217;s 30\u00a0n\u0103m v\u1eeba ngon, \u0111\u1ed9c \u0111\u00e1o v\u00e0 ri\u00eang bi\u1ec7t kh\u00f4ng t\u00ecm th\u1ea5y \u1edf \u0111\u00e2u kh\u00e1c.<\/p>\n<p>&nbsp;<\/p>\n","protected":false},"excerpt":{"rendered":"<table style=\"border-collapse: collapse; width: 100%; height: 115px;\">\n<tbody>\n<tr style=\"height: 50px;\">\n<td style=\"width: 50%; height: 50px;\"><span style=\"color: #000080;\"><strong>Qu\u1ed1c gia:<\/strong><\/span><\/td>\n<td style=\"width: 50%; height: 50px;\"><a href=\"http:\/\/rwinevietnam.com\">Scotland<\/a><\/td>\n<\/tr>\n<tr style=\"height: 21px;\">\n<td style=\"width: 50%; height: 21px;\"><span style=\"color: #000080;\"><strong>Lo\u1ea1i r\u01b0\u1ee3u:<\/strong><\/span><\/td>\n<td style=\"width: 50%; height: 21px;\">Blended <a href=\"http:\/\/rwinevietnam.com\">Whisky Scotch\u00a0<\/a><\/td>\n<\/tr>\n<tr style=\"height: 21px;\">\n<td style=\"width: 50%; height: 21px;\"><span style=\"color: #000080;\"><strong>N\u1ed3ng \u0111\u1ed9:<\/strong><\/span><\/td>\n<td style=\"width: 50%; height: 21px;\"><a href=\"http:\/\/rwinevietnam.com\">40% vol<\/a><\/td>\n<\/tr>\n<tr style=\"height: 23px;\">\n<td style=\"width: 50%; height: 23px;\"><span style=\"color: #000080;\"><strong>Dung t\u00edch:<\/strong><\/span><\/td>\n<td style=\"width: 50%; height: 23px; text-align: left;\"><a href=\"http:\/\/rwinevietnam.com\">750ML<\/a><\/td>\n<\/tr>\n<\/tbody>\n<\/table>\n","protected":false},"featured_media":1154,"comment_status":"closed","ping_status":"closed","template":"","meta":{"_acf_changed":false},"product_brand":[],"product_cat":[101,26,279,90],"product_tag":[162,287,163,161],"class_list":{"0":"post-1153","1":"product","2":"type-product","3":"status-publish","4":"has-post-thumbnail","6":"product_cat-ballantines","7":"product_cat-san-pham-noi-bat","8":"product_cat-scotland","9":"product_cat-whisky","10":"product_tag-mua-ruou-whisky-tai-dau-uy-tin","11":"product_tag-ruou-ballantines-30","12":"product_tag-ruou-ngon-nhat","13":"product_tag-ruou-whisky","15":"first","16":"instock","17":"shipping-taxable","18":"product-type-simple"},"acf":[],"yoast_head":"<!-- This site is optimized with the Yoast SEO plugin v26.8 - https:\/\/yoast.com\/product\/yoast-seo-wordpress\/ -->\n<title>R\u01b0\u1ee3u Ballantines 30 - R.WINE<\/title>\n<meta name=\"description\" content=\"R\u01b0\u1ee3u Ballantine\u2019s 17\u00a0\u0111\u01b0\u1ee3c s\u1ea3n xu\u1ea5t l\u1ea7n \u0111\u1ea7u ti\u00ean v\u00e0o n\u0103m 1930, n\u00f3 l\u00e0 Nh\u00e3n hi\u1ec7u r\u01b0\u1ee3u Whisky uy t\u00edn c\u00f2n l\u1ea1i kh\u00f4ng h\u1ec1 thay \u0111\u1ed5i t\u1eeb h\u01a1n 85 n\u0103m qua.\" \/>\n<meta name=\"robots\" content=\"noindex, follow\" \/>\n<meta property=\"og:locale\" content=\"vi_VN\" \/>\n<meta property=\"og:type\" content=\"article\" \/>\n<meta property=\"og:title\" content=\"R\u01b0\u1ee3u Ballantines 30 - R.WINE\" \/>\n<meta property=\"og:description\" content=\"R\u01b0\u1ee3u Ballantine\u2019s 17\u00a0\u0111\u01b0\u1ee3c s\u1ea3n xu\u1ea5t l\u1ea7n \u0111\u1ea7u ti\u00ean v\u00e0o n\u0103m 1930, n\u00f3 l\u00e0 Nh\u00e3n hi\u1ec7u r\u01b0\u1ee3u Whisky uy t\u00edn c\u00f2n l\u1ea1i kh\u00f4ng h\u1ec1 thay \u0111\u1ed5i t\u1eeb h\u01a1n 85 n\u0103m qua.\" \/>\n<meta property=\"og:url\" content=\"https:\/\/rwinevietnam.com\/home\/ruou-ballantines-30\/\" \/>\n<meta property=\"og:site_name\" content=\"R.WINE\" \/>\n<meta property=\"article:modified_time\" content=\"2023-11-11T11:46:07+00:00\" \/>\n<meta property=\"og:image\" content=\"https:\/\/rwinevietnam.com\/home\/wp-content\/uploads\/2023\/11\/IMG_5510.jpeg\" \/>\n\t<meta property=\"og:image:width\" content=\"1330\" \/>\n\t<meta property=\"og:image:height\" content=\"2365\" \/>\n\t<meta property=\"og:image:type\" content=\"image\/jpeg\" \/>\n<meta name=\"twitter:card\" content=\"summary_large_image\" \/>\n<script type=\"application\/ld+json\" class=\"yoast-schema-graph\">{\"@context\":\"https:\/\/schema.org\",\"@graph\":[{\"@type\":\"WebPage\",\"@id\":\"https:\/\/rwinevietnam.com\/home\/ruou-ballantines-30\/\",\"url\":\"https:\/\/rwinevietnam.com\/home\/ruou-ballantines-30\/\",\"name\":\"R\u01b0\u1ee3u Ballantines 30 - R.WINE\",\"isPartOf\":{\"@id\":\"https:\/\/rwinevietnam.com\/home\/#website\"},\"primaryImageOfPage\":{\"@id\":\"https:\/\/rwinevietnam.com\/home\/ruou-ballantines-30\/#primaryimage\"},\"image\":{\"@id\":\"https:\/\/rwinevietnam.com\/home\/ruou-ballantines-30\/#primaryimage\"},\"thumbnailUrl\":\"https:\/\/rwinevietnam.com\/home\/wp-content\/uploads\/2023\/11\/IMG_5510.jpeg\",\"datePublished\":\"2023-11-11T11:42:36+00:00\",\"dateModified\":\"2023-11-11T11:46:07+00:00\",\"description\":\"R\u01b0\u1ee3u Ballantine\u2019s 17\u00a0\u0111\u01b0\u1ee3c s\u1ea3n xu\u1ea5t l\u1ea7n \u0111\u1ea7u ti\u00ean v\u00e0o n\u0103m 1930, n\u00f3 l\u00e0 Nh\u00e3n hi\u1ec7u r\u01b0\u1ee3u Whisky uy t\u00edn c\u00f2n l\u1ea1i kh\u00f4ng h\u1ec1 thay \u0111\u1ed5i t\u1eeb h\u01a1n 85 n\u0103m qua.\",\"breadcrumb\":{\"@id\":\"https:\/\/rwinevietnam.com\/home\/ruou-ballantines-30\/#breadcrumb\"},\"inLanguage\":\"vi\",\"potentialAction\":[{\"@type\":\"ReadAction\",\"target\":[\"https:\/\/rwinevietnam.com\/home\/ruou-ballantines-30\/\"]}]},{\"@type\":\"ImageObject\",\"inLanguage\":\"vi\",\"@id\":\"https:\/\/rwinevietnam.com\/home\/ruou-ballantines-30\/#primaryimage\",\"url\":\"https:\/\/rwinevietnam.com\/home\/wp-content\/uploads\/2023\/11\/IMG_5510.jpeg\",\"contentUrl\":\"https:\/\/rwinevietnam.com\/home\/wp-content\/uploads\/2023\/11\/IMG_5510.jpeg\",\"width\":1330,\"height\":2365},{\"@type\":\"BreadcrumbList\",\"@id\":\"https:\/\/rwinevietnam.com\/home\/ruou-ballantines-30\/#breadcrumb\",\"itemListElement\":[{\"@type\":\"ListItem\",\"position\":1,\"name\":\"Trang ch\u1ee7\",\"item\":\"https:\/\/rwinevietnam.com\/home\/\"},{\"@type\":\"ListItem\",\"position\":2,\"name\":\"S\u1ea3n ph\u1ea9m\",\"item\":\"https:\/\/rwinevietnam.com\/home\/san-pham\/\"},{\"@type\":\"ListItem\",\"position\":3,\"name\":\"R\u01b0\u1ee3u Ballantines 30\"}]},{\"@type\":\"WebSite\",\"@id\":\"https:\/\/rwinevietnam.com\/home\/#website\",\"url\":\"https:\/\/rwinevietnam.com\/home\/\",\"name\":\"R.WINE\",\"description\":\"C\u00d4NG TY C\u1ed4 PH\u1ea6N XU\u1ea4T KH\u1ea8U NH\u1eacP KH\u1ea8U\",\"potentialAction\":[{\"@type\":\"SearchAction\",\"target\":{\"@type\":\"EntryPoint\",\"urlTemplate\":\"https:\/\/rwinevietnam.com\/home\/?s={search_term_string}\"},\"query-input\":{\"@type\":\"PropertyValueSpecification\",\"valueRequired\":true,\"valueName\":\"search_term_string\"}}],\"inLanguage\":\"vi\"}]}<\/script>\n<!-- \/ Yoast SEO plugin. -->","yoast_head_json":{"title":"R\u01b0\u1ee3u Ballantines 30 - R.WINE","description":"R\u01b0\u1ee3u Ballantine\u2019s 17\u00a0\u0111\u01b0\u1ee3c s\u1ea3n xu\u1ea5t l\u1ea7n \u0111\u1ea7u ti\u00ean v\u00e0o n\u0103m 1930, n\u00f3 l\u00e0 Nh\u00e3n hi\u1ec7u r\u01b0\u1ee3u Whisky uy t\u00edn c\u00f2n l\u1ea1i kh\u00f4ng h\u1ec1 thay \u0111\u1ed5i t\u1eeb h\u01a1n 85 n\u0103m qua.","robots":{"index":"noindex","follow":"follow"},"og_locale":"vi_VN","og_type":"article","og_title":"R\u01b0\u1ee3u Ballantines 30 - R.WINE","og_description":"R\u01b0\u1ee3u Ballantine\u2019s 17\u00a0\u0111\u01b0\u1ee3c s\u1ea3n xu\u1ea5t l\u1ea7n \u0111\u1ea7u ti\u00ean v\u00e0o n\u0103m 1930, n\u00f3 l\u00e0 Nh\u00e3n hi\u1ec7u r\u01b0\u1ee3u Whisky uy t\u00edn c\u00f2n l\u1ea1i kh\u00f4ng h\u1ec1 thay \u0111\u1ed5i t\u1eeb h\u01a1n 85 n\u0103m qua.","og_url":"https:\/\/rwinevietnam.com\/home\/ruou-ballantines-30\/","og_site_name":"R.WINE","article_modified_time":"2023-11-11T11:46:07+00:00","og_image":[{"width":1330,"height":2365,"url":"https:\/\/rwinevietnam.com\/home\/wp-content\/uploads\/2023\/11\/IMG_5510.jpeg","type":"image\/jpeg"}],"twitter_card":"summary_large_image","schema":{"@context":"https:\/\/schema.org","@graph":[{"@type":"WebPage","@id":"https:\/\/rwinevietnam.com\/home\/ruou-ballantines-30\/","url":"https:\/\/rwinevietnam.com\/home\/ruou-ballantines-30\/","name":"R\u01b0\u1ee3u Ballantines 30 - R.WINE","isPartOf":{"@id":"https:\/\/rwinevietnam.com\/home\/#website"},"primaryImageOfPage":{"@id":"https:\/\/rwinevietnam.com\/home\/ruou-ballantines-30\/#primaryimage"},"image":{"@id":"https:\/\/rwinevietnam.com\/home\/ruou-ballantines-30\/#primaryimage"},"thumbnailUrl":"https:\/\/rwinevietnam.com\/home\/wp-content\/uploads\/2023\/11\/IMG_5510.jpeg","datePublished":"2023-11-11T11:42:36+00:00","dateModified":"2023-11-11T11:46:07+00:00","description":"R\u01b0\u1ee3u Ballantine\u2019s 17\u00a0\u0111\u01b0\u1ee3c s\u1ea3n xu\u1ea5t l\u1ea7n \u0111\u1ea7u ti\u00ean v\u00e0o n\u0103m 1930, n\u00f3 l\u00e0 Nh\u00e3n hi\u1ec7u r\u01b0\u1ee3u Whisky uy t\u00edn c\u00f2n l\u1ea1i kh\u00f4ng h\u1ec1 thay \u0111\u1ed5i t\u1eeb h\u01a1n 85 n\u0103m qua.","breadcrumb":{"@id":"https:\/\/rwinevietnam.com\/home\/ruou-ballantines-30\/#breadcrumb"},"inLanguage":"vi","potentialAction":[{"@type":"ReadAction","target":["https:\/\/rwinevietnam.com\/home\/ruou-ballantines-30\/"]}]},{"@type":"ImageObject","inLanguage":"vi","@id":"https:\/\/rwinevietnam.com\/home\/ruou-ballantines-30\/#primaryimage","url":"https:\/\/rwinevietnam.com\/home\/wp-content\/uploads\/2023\/11\/IMG_5510.jpeg","contentUrl":"https:\/\/rwinevietnam.com\/home\/wp-content\/uploads\/2023\/11\/IMG_5510.jpeg","width":1330,"height":2365},{"@type":"BreadcrumbList","@id":"https:\/\/rwinevietnam.com\/home\/ruou-ballantines-30\/#breadcrumb","itemListElement":[{"@type":"ListItem","position":1,"name":"Trang ch\u1ee7","item":"https:\/\/rwinevietnam.com\/home\/"},{"@type":"ListItem","position":2,"name":"S\u1ea3n ph\u1ea9m","item":"https:\/\/rwinevietnam.com\/home\/san-pham\/"},{"@type":"ListItem","position":3,"name":"R\u01b0\u1ee3u Ballantines 30"}]},{"@type":"WebSite","@id":"https:\/\/rwinevietnam.com\/home\/#website","url":"https:\/\/rwinevietnam.com\/home\/","name":"R.WINE","description":"C\u00d4NG TY C\u1ed4 PH\u1ea6N XU\u1ea4T KH\u1ea8U NH\u1eacP KH\u1ea8U","potentialAction":[{"@type":"SearchAction","target":{"@type":"EntryPoint","urlTemplate":"https:\/\/rwinevietnam.com\/home\/?s={search_term_string}"},"query-input":{"@type":"PropertyValueSpecification","valueRequired":true,"valueName":"search_term_string"}}],"inLanguage":"vi"}]}},"_links":{"self":[{"href":"https:\/\/rwinevietnam.com\/home\/wp-json\/wp\/v2\/product\/1153","targetHints":{"allow":["GET"]}}],"collection":[{"href":"https:\/\/rwinevietnam.com\/home\/wp-json\/wp\/v2\/product"}],"about":[{"href":"https:\/\/rwinevietnam.com\/home\/wp-json\/wp\/v2\/types\/product"}],"replies":[{"embeddable":true,"href":"https:\/\/rwinevietnam.com\/home\/wp-json\/wp\/v2\/comments?post=1153"}],"wp:featuredmedia":[{"embeddable":true,"href":"https:\/\/rwinevietnam.com\/home\/wp-json\/wp\/v2\/media\/1154"}],"wp:attachment":[{"href":"https:\/\/rwinevietnam.com\/home\/wp-json\/wp\/v2\/media?parent=1153"}],"wp:term":[{"taxonomy":"product_brand","embeddable":true,"href":"https:\/\/rwinevietnam.com\/home\/wp-json\/wp\/v2\/product_brand?post=1153"},{"taxonomy":"product_cat","embeddable":true,"href":"https:\/\/rwinevietnam.com\/home\/wp-json\/wp\/v2\/product_cat?post=1153"},{"taxonomy":"product_tag","embeddable":true,"href":"https:\/\/rwinevietnam.com\/home\/wp-json\/wp\/v2\/product_tag?post=1153"}],"curies":[{"name":"wp","href":"https:\/\/api.w.org\/{rel}","templated":true}]}}