{"id":1148,"date":"2023-11-08T14:40:18","date_gmt":"2023-11-08T14:40:18","guid":{"rendered":"https:\/\/rwinevietnam.com\/home\/?post_type=product&#038;p=1148"},"modified":"2023-11-08T14:46:30","modified_gmt":"2023-11-08T14:46:30","slug":"ruou-chivas-18","status":"publish","type":"product","link":"https:\/\/rwinevietnam.com\/home\/ruou-chivas-18\/","title":{"rendered":"R\u01b0\u1ee3u Chivas 18"},"content":{"rendered":"<p>&nbsp;<\/p>\n<p>R\u01b0\u1ee3u Chivas 18 n\u0103m gold signature\u00a0mang \u0111\u1ebfn cho b\u1ea1n nh\u1eefng tr\u1ea3i nghi\u1ec7m v\u1ec1 r\u01b0\u1ee3u Whisky v\u00f4 c\u00f9ng \u0111\u00e1ng gi\u00e1 b\u1edfi v\u00ec \u0111\u00e2y l\u00e0 m\u1ed9t lo\u1ea1i r\u01b0\u1ee3u v\u1edbi nguy\u00ean li\u1ec7u \u0111\u01b0\u1ee3c l\u1ef1a ch\u1ecdn c\u1ea9n th\u1eadn b\u1eb1ng tay, \u0111\u01b0a \u0111\u1ebfn m\u00f9i h\u01b0\u01a1ng th\u01a1m ng\u00e1t th\u1eadt kh\u00e1c bi\u1ec7t. Chivas 18 n\u0103m l\u00e0 d\u00f2ng s\u1ea3n ph\u1ea9m r\u01b0\u1ee3u Scotch Whisky b\u00e1n ch\u1ea1y s\u1ed1 1 t\u1ea1i Vi\u1ec7t Nam cho \u0111\u1ebfn th\u1eddi \u0111i\u1ec3m hi\u1ec7n t\u1ea1i.<\/p>\n<p>R\u01b0\u1ee3u Chivas 18 n\u0103m gold signature\u00a0l\u00e0 s\u1ea3n ph\u1ea9m t\u1ea7m trung nh\u01b0ng r\u1ea5t \u0111\u01b0\u1ee3c \u0111\u1ea7u t\u01b0 n\u00ean c\u00f3 ch\u1ea5t l\u01b0\u1ee3ng cao, m\u1eabu m\u00e3 s\u1ea3n ph\u1ea9m sang tr\u1ecdng. Chivas 18 n\u0103m l\u00e0 m\u1ed9t h\u1ed7n h\u1ee3p c\u1ee7a r\u01b0\u1ee3u Whisky tr\u01b0\u1edfng th\u00e0nh \u1edf trong th\u00f9ng g\u1ed7 S\u1ed3i t\u1eeb 18 n\u0103m tr\u1edf l\u00ean. Chivas 18 n\u0103m v\u1edbi d\u00e1ng chai tr\u00f2n c\u1ed5 \u0111i\u1ec3n thu\u00f4n tr\u00f2n t\u1eeb tr\u00ean xu\u1ed1ng d\u01b0\u1edbi ph\u00ecnh to, v\u00e0 c\u00f3 m\u1ea7u da cam r\u1ef1c r\u1ee1, H\u01b0\u01a1ng v\u1ecb \u0111\u1eadm \u0111\u00e0 n\u1ed3ng \u1ea5m v\u1edbi h\u01b0\u01a1ng th\u01a1m c\u1ee7a Chocola, Cam, Chanh v\u00e0 Gia v\u1ecb v\u00e0 m\u1ed9t \u00edt v\u1ecb kh\u00f3i.<\/p>\n<p>C\u1ee5 th\u1ec3 nh\u1eefng h\u1ea1t Ng\u0169 c\u1ed1c v\u00e0 M\u1ea1ch nha t\u1ed1t nh\u1ea5t \u0111\u01b0\u1ee3c l\u1ef1a ch\u1ecdn c\u1ea9n th\u1eadn b\u1eb1ng ph\u01b0\u01a1ng ph\u00e1p th\u1ee7 c\u00f4ng sau \u0111\u00f3 ch\u00fang \u0111\u01b0\u1ee3c cho l\u00ean men v\u00e0 ch\u01b0ng c\u1ea5t th\u00e0nh r\u01b0\u1ee3u, r\u1ed3i \u0111\u01b0\u1ee3c \u1ee7 ri\u00eang bi\u1ec7t trong nh\u1eefng th\u00f9ng g\u1ed7 S\u1ed3i trong th\u1eddi gian t\u1eeb 18 n\u0103m tr\u1edf l\u00ean. Cu\u1ed1i c\u00f9ng c\u00e1c lo\u1ea1i R\u01b0\u1ee3u Whisky n\u00e0y \u0111\u01b0\u1ee3c pha tr\u1ed9n m\u1ed9t c\u00e1ch t\u1ec9 m\u1ec9 v\u00e0 s\u00e0nh \u0111i\u1ec7u v\u1edbi nhau \u0111\u1ec3 t\u1ea1o th\u00e0nh R\u01b0\u1ee3u Chivas 18.<\/p>\n<p>Chivas Regal\u00a0l\u00e0 m\u1ed9t trong nh\u1eefng lo\u1ea1i whisky cao c\u1ea5p b\u00e1n ch\u1ea1y nh\u1ea5t tr\u00ean th\u1ebf gi\u1edbi, t\u1ea1i h\u01a1n 200 qu\u1ed1c gia. \u0110\u00e2y l\u00e0 ph\u00ed b\u1ea3o hi\u1ec3m Scotch whisky b\u00e1n ch\u1ea1y nh\u1ea5t \u1edf ch\u00e2u \u00c2u v\u00e0 ch\u00e2u \u00c1 &#8211; Th\u00e1i B\u00ecnh D\u01b0\u01a1ng v\u00e0 \u0111\u01b0\u1ee3c \u0111\u00e1nh gi\u00e1 l\u00e0 m\u1ed9t th\u1ebf gi\u1edbi tinh th\u1ea7n th\u01b0\u01a1ng hi\u1ec7u m\u1ea1nh nh\u1ea5t. Chivas Regal l\u00e0 m\u1ed9t trong tinh th\u1ea7n th\u1ef1c hi\u1ec7n t\u1ed1t nh\u1ea5t c\u00e1c nh\u00e3n hi\u1ec7u to\u00e0n c\u1ea7u, v\u1edbi doanh s\u1ed1 b\u00e1n h\u00e0ng \u0111\u00e3 t\u0103ng 40% trong v\u00f2ng b\u1ed1n n\u0103m qua.<\/p>\n<p>R\u01b0\u1ee3u Chivas 18 th\u01b0\u1eddng \u0111\u01b0\u1ee3c s\u1eed d\u1ee5ng l\u00e0m \u0111\u1ed3 u\u1ed1ng trong nh\u1eefng B\u1eefa ti\u1ec7c sang tr\u1ecdng, c\u00e1c cu\u1ed9c vui sum h\u1ecdp b\u1ea1n b\u00e8 ho\u1eb7c l\u00e0m qu\u00e0 bi\u1ebfu cho Ng\u01b0\u1eddi th\u00e2n, b\u1ea1n b\u00e8 v\u00e0 \u0110\u1ed1i t\u00e1c l\u00e0m \u0103n.<\/p>\n<p>C\u00c1CH TH\u01af\u1edeNG TH\u1ee8C R\u01af\u1ee2U CHIVAS 18\u00a0:<\/p>\n<p>&#8211; D\u00f9ng nguy\u00ean ch\u1ea5t<\/p>\n<p>&#8211; Th\u00eam m\u1ed9t \u00edt n\u01b0\u1edbc gi\u00fap lan t\u1ecfa h\u01b0\u01a1ng v\u1ecb<\/p>\n<p>&#8211; Th\u00eam \u0111\u00e1 k\u1ebft h\u1ee3p v\u1edbi soda v\u00e0 1 l\u00e1t chanh cho m\u1ed9t c\u1ea3m gi\u00e1c s\u1ea3ng kho\u00e1i<\/p>\n<p>&#8211; Th\u00eam m\u1ed9t \u00edt \u0111\u00e1 \u0111\u1ec3 c\u1ea3m nh\u1eadn h\u01b0\u01a1ng v\u1ecb m\u00e3nh li\u1ec7t<\/p>\n<p>&#8211; D\u00f9ng l\u00e0m &#8220;R\u01b0\u1ee3u n\u1ec1n&#8221; \u0111\u1ec3 pha ch\u1ebf c\u00e1c lo\u1ea1i Cocktail n\u1ed5i ti\u1ebfng<\/p>\n<p>&nbsp;<\/p>\n","protected":false},"excerpt":{"rendered":"<table style=\"border-collapse: collapse; width: 100%; height: 136px;\">\n<tbody>\n<tr style=\"height: 21px;\">\n<td style=\"width: 50%; height: 21px;\">Xu\u1ea5t x\u1ee9<\/td>\n<td style=\"width: 50%; height: 21px;\">Scotland<\/td>\n<\/tr>\n<tr style=\"height: 21px;\">\n<td style=\"width: 50%; height: 21px;\">Th\u01b0\u01a1ng hi\u1ec7u<\/td>\n<td style=\"width: 50%; height: 21px;\">Chivas<\/td>\n<\/tr>\n<tr style=\"height: 21px;\">\n<td style=\"width: 50%; height: 21px;\">N\u1ed3ng \u0111\u1ed9<\/td>\n<td style=\"width: 50%; height: 21px;\">40%<\/td>\n<\/tr>\n<tr style=\"height: 21px;\">\n<td style=\"width: 50%; height: 21px;\">Dung t\u00edch<\/td>\n<td style=\"width: 50%; height: 21px;\">700ml<\/td>\n<\/tr>\n<tr style=\"height: 21px;\">\n<td style=\"width: 50%; height: 21px;\">Ph\u00e2n lo\u1ea1i<\/td>\n<td style=\"width: 50%; height: 21px;\">Blended Scotch Whisky<\/td>\n<\/tr>\n<tr style=\"height: 21px;\">\n<td style=\"width: 50%; height: 21px;\"><\/td>\n<td style=\"width: 50%; height: 21px;\"><\/td>\n<\/tr>\n<\/tbody>\n<\/table>\n<p>&nbsp;<\/p>\n","protected":false},"featured_media":1149,"comment_status":"closed","ping_status":"closed","template":"","meta":{"_acf_changed":false},"product_brand":[],"product_cat":[99,34,26,279,90],"product_tag":[283,281,282,237,242,269,275],"class_list":{"0":"post-1148","1":"product","2":"type-product","3":"status-publish","4":"has-post-thumbnail","6":"product_cat-chivas","7":"product_cat-ruou-manh","8":"product_cat-san-pham-noi-bat","9":"product_cat-scotland","10":"product_cat-whisky","11":"product_tag-283","12":"product_tag-chivas","13":"product_tag-chivas18","14":"product_tag-ruou-manh","15":"product_tag-ruou-manh-gia-re","16":"product_tag-ruou-scotland","17":"product_tag-whisky","19":"first","20":"instock","21":"shipping-taxable","22":"product-type-simple"},"acf":[],"yoast_head":"<!-- This site is optimized with the Yoast SEO plugin v26.8 - https:\/\/yoast.com\/product\/yoast-seo-wordpress\/ -->\n<title>R\u01b0\u1ee3u Chivas 18 - R.WINE<\/title>\n<meta name=\"robots\" content=\"noindex, follow\" \/>\n<meta property=\"og:locale\" content=\"vi_VN\" \/>\n<meta property=\"og:type\" content=\"article\" \/>\n<meta property=\"og:title\" content=\"R\u01b0\u1ee3u Chivas 18 - R.WINE\" \/>\n<meta property=\"og:description\" content=\"Xu\u1ea5t x\u1ee9 Scotland   Th\u01b0\u01a1ng hi\u1ec7u Chivas   N\u1ed3ng \u0111\u1ed9 40%   Dung t\u00edch 700ml   Ph\u00e2n lo\u1ea1i Blended Scotch Whisky        &nbsp;\" \/>\n<meta property=\"og:url\" content=\"https:\/\/rwinevietnam.com\/home\/ruou-chivas-18\/\" \/>\n<meta property=\"og:site_name\" content=\"R.WINE\" \/>\n<meta property=\"article:modified_time\" content=\"2023-11-08T14:46:30+00:00\" \/>\n<meta property=\"og:image\" content=\"https:\/\/rwinevietnam.com\/home\/wp-content\/uploads\/2023\/11\/IMG_5515.jpeg\" \/>\n\t<meta property=\"og:image:width\" content=\"1330\" \/>\n\t<meta property=\"og:image:height\" content=\"2365\" \/>\n\t<meta property=\"og:image:type\" content=\"image\/jpeg\" \/>\n<meta name=\"twitter:card\" content=\"summary_large_image\" \/>\n<script type=\"application\/ld+json\" class=\"yoast-schema-graph\">{\"@context\":\"https:\/\/schema.org\",\"@graph\":[{\"@type\":\"WebPage\",\"@id\":\"https:\/\/rwinevietnam.com\/home\/ruou-chivas-18\/\",\"url\":\"https:\/\/rwinevietnam.com\/home\/ruou-chivas-18\/\",\"name\":\"R\u01b0\u1ee3u Chivas 18 - R.WINE\",\"isPartOf\":{\"@id\":\"https:\/\/rwinevietnam.com\/home\/#website\"},\"primaryImageOfPage\":{\"@id\":\"https:\/\/rwinevietnam.com\/home\/ruou-chivas-18\/#primaryimage\"},\"image\":{\"@id\":\"https:\/\/rwinevietnam.com\/home\/ruou-chivas-18\/#primaryimage\"},\"thumbnailUrl\":\"https:\/\/rwinevietnam.com\/home\/wp-content\/uploads\/2023\/11\/IMG_5515.jpeg\",\"datePublished\":\"2023-11-08T14:40:18+00:00\",\"dateModified\":\"2023-11-08T14:46:30+00:00\",\"breadcrumb\":{\"@id\":\"https:\/\/rwinevietnam.com\/home\/ruou-chivas-18\/#breadcrumb\"},\"inLanguage\":\"vi\",\"potentialAction\":[{\"@type\":\"ReadAction\",\"target\":[\"https:\/\/rwinevietnam.com\/home\/ruou-chivas-18\/\"]}]},{\"@type\":\"ImageObject\",\"inLanguage\":\"vi\",\"@id\":\"https:\/\/rwinevietnam.com\/home\/ruou-chivas-18\/#primaryimage\",\"url\":\"https:\/\/rwinevietnam.com\/home\/wp-content\/uploads\/2023\/11\/IMG_5515.jpeg\",\"contentUrl\":\"https:\/\/rwinevietnam.com\/home\/wp-content\/uploads\/2023\/11\/IMG_5515.jpeg\",\"width\":1330,\"height\":2365},{\"@type\":\"BreadcrumbList\",\"@id\":\"https:\/\/rwinevietnam.com\/home\/ruou-chivas-18\/#breadcrumb\",\"itemListElement\":[{\"@type\":\"ListItem\",\"position\":1,\"name\":\"Trang ch\u1ee7\",\"item\":\"https:\/\/rwinevietnam.com\/home\/\"},{\"@type\":\"ListItem\",\"position\":2,\"name\":\"S\u1ea3n ph\u1ea9m\",\"item\":\"https:\/\/rwinevietnam.com\/home\/san-pham\/\"},{\"@type\":\"ListItem\",\"position\":3,\"name\":\"R\u01b0\u1ee3u Chivas 18\"}]},{\"@type\":\"WebSite\",\"@id\":\"https:\/\/rwinevietnam.com\/home\/#website\",\"url\":\"https:\/\/rwinevietnam.com\/home\/\",\"name\":\"R.WINE\",\"description\":\"C\u00d4NG TY C\u1ed4 PH\u1ea6N XU\u1ea4T KH\u1ea8U NH\u1eacP KH\u1ea8U\",\"potentialAction\":[{\"@type\":\"SearchAction\",\"target\":{\"@type\":\"EntryPoint\",\"urlTemplate\":\"https:\/\/rwinevietnam.com\/home\/?s={search_term_string}\"},\"query-input\":{\"@type\":\"PropertyValueSpecification\",\"valueRequired\":true,\"valueName\":\"search_term_string\"}}],\"inLanguage\":\"vi\"}]}<\/script>\n<!-- \/ Yoast SEO plugin. -->","yoast_head_json":{"title":"R\u01b0\u1ee3u Chivas 18 - R.WINE","robots":{"index":"noindex","follow":"follow"},"og_locale":"vi_VN","og_type":"article","og_title":"R\u01b0\u1ee3u Chivas 18 - R.WINE","og_description":"Xu\u1ea5t x\u1ee9 Scotland   Th\u01b0\u01a1ng hi\u1ec7u Chivas   N\u1ed3ng \u0111\u1ed9 40%   Dung t\u00edch 700ml   Ph\u00e2n lo\u1ea1i Blended Scotch Whisky        &nbsp;","og_url":"https:\/\/rwinevietnam.com\/home\/ruou-chivas-18\/","og_site_name":"R.WINE","article_modified_time":"2023-11-08T14:46:30+00:00","og_image":[{"width":1330,"height":2365,"url":"https:\/\/rwinevietnam.com\/home\/wp-content\/uploads\/2023\/11\/IMG_5515.jpeg","type":"image\/jpeg"}],"twitter_card":"summary_large_image","schema":{"@context":"https:\/\/schema.org","@graph":[{"@type":"WebPage","@id":"https:\/\/rwinevietnam.com\/home\/ruou-chivas-18\/","url":"https:\/\/rwinevietnam.com\/home\/ruou-chivas-18\/","name":"R\u01b0\u1ee3u Chivas 18 - R.WINE","isPartOf":{"@id":"https:\/\/rwinevietnam.com\/home\/#website"},"primaryImageOfPage":{"@id":"https:\/\/rwinevietnam.com\/home\/ruou-chivas-18\/#primaryimage"},"image":{"@id":"https:\/\/rwinevietnam.com\/home\/ruou-chivas-18\/#primaryimage"},"thumbnailUrl":"https:\/\/rwinevietnam.com\/home\/wp-content\/uploads\/2023\/11\/IMG_5515.jpeg","datePublished":"2023-11-08T14:40:18+00:00","dateModified":"2023-11-08T14:46:30+00:00","breadcrumb":{"@id":"https:\/\/rwinevietnam.com\/home\/ruou-chivas-18\/#breadcrumb"},"inLanguage":"vi","potentialAction":[{"@type":"ReadAction","target":["https:\/\/rwinevietnam.com\/home\/ruou-chivas-18\/"]}]},{"@type":"ImageObject","inLanguage":"vi","@id":"https:\/\/rwinevietnam.com\/home\/ruou-chivas-18\/#primaryimage","url":"https:\/\/rwinevietnam.com\/home\/wp-content\/uploads\/2023\/11\/IMG_5515.jpeg","contentUrl":"https:\/\/rwinevietnam.com\/home\/wp-content\/uploads\/2023\/11\/IMG_5515.jpeg","width":1330,"height":2365},{"@type":"BreadcrumbList","@id":"https:\/\/rwinevietnam.com\/home\/ruou-chivas-18\/#breadcrumb","itemListElement":[{"@type":"ListItem","position":1,"name":"Trang ch\u1ee7","item":"https:\/\/rwinevietnam.com\/home\/"},{"@type":"ListItem","position":2,"name":"S\u1ea3n ph\u1ea9m","item":"https:\/\/rwinevietnam.com\/home\/san-pham\/"},{"@type":"ListItem","position":3,"name":"R\u01b0\u1ee3u Chivas 18"}]},{"@type":"WebSite","@id":"https:\/\/rwinevietnam.com\/home\/#website","url":"https:\/\/rwinevietnam.com\/home\/","name":"R.WINE","description":"C\u00d4NG TY C\u1ed4 PH\u1ea6N XU\u1ea4T KH\u1ea8U NH\u1eacP KH\u1ea8U","potentialAction":[{"@type":"SearchAction","target":{"@type":"EntryPoint","urlTemplate":"https:\/\/rwinevietnam.com\/home\/?s={search_term_string}"},"query-input":{"@type":"PropertyValueSpecification","valueRequired":true,"valueName":"search_term_string"}}],"inLanguage":"vi"}]}},"_links":{"self":[{"href":"https:\/\/rwinevietnam.com\/home\/wp-json\/wp\/v2\/product\/1148","targetHints":{"allow":["GET"]}}],"collection":[{"href":"https:\/\/rwinevietnam.com\/home\/wp-json\/wp\/v2\/product"}],"about":[{"href":"https:\/\/rwinevietnam.com\/home\/wp-json\/wp\/v2\/types\/product"}],"replies":[{"embeddable":true,"href":"https:\/\/rwinevietnam.com\/home\/wp-json\/wp\/v2\/comments?post=1148"}],"wp:featuredmedia":[{"embeddable":true,"href":"https:\/\/rwinevietnam.com\/home\/wp-json\/wp\/v2\/media\/1149"}],"wp:attachment":[{"href":"https:\/\/rwinevietnam.com\/home\/wp-json\/wp\/v2\/media?parent=1148"}],"wp:term":[{"taxonomy":"product_brand","embeddable":true,"href":"https:\/\/rwinevietnam.com\/home\/wp-json\/wp\/v2\/product_brand?post=1148"},{"taxonomy":"product_cat","embeddable":true,"href":"https:\/\/rwinevietnam.com\/home\/wp-json\/wp\/v2\/product_cat?post=1148"},{"taxonomy":"product_tag","embeddable":true,"href":"https:\/\/rwinevietnam.com\/home\/wp-json\/wp\/v2\/product_tag?post=1148"}],"curies":[{"name":"wp","href":"https:\/\/api.w.org\/{rel}","templated":true}]}}