{"id":1143,"date":"2023-11-08T12:29:19","date_gmt":"2023-11-08T12:29:19","guid":{"rendered":"https:\/\/rwinevietnam.com\/home\/?post_type=product&#038;p=1143"},"modified":"2023-11-08T12:34:07","modified_gmt":"2023-11-08T12:34:07","slug":"ruou-johnnie-walker-black-label","status":"publish","type":"product","link":"https:\/\/rwinevietnam.com\/home\/ruou-johnnie-walker-black-label\/","title":{"rendered":"R\u01b0\u1ee3u Johnnie Walker Black Label"},"content":{"rendered":"<p><strong>Johnnie Walker Black Label &#8211; T\u0103\u0323ng ph\u00e2\u0309m si\u00eau sang<\/strong><\/p>\n<p>\u0110\u01b0\u1ee3c s\u00e1ng t\u1ea1o n\u00ean t\u1eeb Whisky c\u1ee7a 12 n\u0103m tu\u1ed5i t\u1ea1i x\u1ee9 s\u1edf Scotland, Johnnie Walker Black Label mang t\u1edbi m\u1ed9t h\u01b0\u01a1ng v\u1ecb \u0111\u1eadm \u0111\u00e0, thu\u1ea7n t\u00fay t\u1eeb ch\u00ednh nh\u1eefng chai Whisky l\u00e2u n\u0103m \u0111\u00e3 \u0111\u01b0\u1ee3c th\u1ebf gi\u1edbi c\u00f4ng nh\u1eadn v\u1ec1 ch\u1ea5t l\u01b0\u1ee3ng. Trong d\u1ecbp l\u1ec5 s\u1eafp t\u1edbi, tr\u00ean tay m\u1ed9t chai r\u01b0\u1ee3u Black Label l\u00e0m qu\u00e0 th\u00ec c\u00f3 g\u00ec so s\u00e1nh \u0111\u01b0\u1ee3c s\u1ef1 sang tr\u1ecdng v\u00e0 tr\u00e2n qu\u00fd h\u01a1n.<\/p>\n<p>&nbsp;<\/p>\n<p><img loading=\"lazy\" decoding=\"async\" class=\"aligncenter  wp-image-1145\" src=\"https:\/\/rwinevietnam.com\/home\/wp-content\/uploads\/2023\/11\/IMG_5947-768x1024.jpeg\" alt=\"\" width=\"295\" height=\"393\" srcset=\"https:\/\/rwinevietnam.com\/home\/wp-content\/uploads\/2023\/11\/IMG_5947-768x1024.jpeg 768w, https:\/\/rwinevietnam.com\/home\/wp-content\/uploads\/2023\/11\/IMG_5947-225x300.jpeg 225w, https:\/\/rwinevietnam.com\/home\/wp-content\/uploads\/2023\/11\/IMG_5947-1152x1536.jpeg 1152w, https:\/\/rwinevietnam.com\/home\/wp-content\/uploads\/2023\/11\/IMG_5947-300x400.jpeg 300w, https:\/\/rwinevietnam.com\/home\/wp-content\/uploads\/2023\/11\/IMG_5947-600x800.jpeg 600w, https:\/\/rwinevietnam.com\/home\/wp-content\/uploads\/2023\/11\/IMG_5947.jpeg 1536w\" sizes=\"auto, (max-width: 295px) 100vw, 295px\" \/><\/p>\n<p>&nbsp;<\/p>\n<p>Johnnie Walker Black Label &#8211; Anh c\u1ea3 c\u1ed5 \u0111i\u1ec3n c\u1ee7a Johnnie Walker<\/p>\n<p>Tr\u01b0\u1edbc m\u1eaft b\u1ea1n l\u00e0 d\u00f2ng s\u1ea3n ph\u1ea9m Black Label ch\u00ednh h\u00e3ng, \u0111\u00e2y l\u00e0 m\u1ed9t trong nh\u1eefng s\u1ea3n ph\u1ea9m \u0111\u01b0\u1ee3c ra \u0111\u1eddi \u0111\u1ea7u ti\u00ean c\u1ee7a d\u00f2ng r\u01b0\u1ee3u Johnnie Walker thu\u1ea7n t\u00fay l\u00e2u \u0111\u1eddi. V\u1edbi phong c\u00e1ch l\u00e2u \u0111\u1eddi c\u1ee7a m\u00e0u \u0111en thanh l\u1ecbch c\u1ee7a chi\u1ebfc \u00e1o Tuxendo l\u00e0m ch\u1ee7 \u0111\u1ea1o khi\u1ebfn nh\u1eefng qu\u00fd \u00f4ng tr\u1edf n\u00ean thanh l\u1ecbch v\u00e0 b\u1ea3nh bao h\u01a1n khi c\u1ea7m m\u00f3n qu\u00e0 n\u00e0y tr\u00ean tay.<\/p>\n<p>&nbsp;<\/p>\n<p>&nbsp;<\/p>\n<p>M\u00e0u \u0111en th\u1ec3 hi\u1ec7n \u1edf s\u1ef1 h\u1ea5p d\u1eabn c\u1ee7a r\u01b0\u1ee3u, k\u00edch th\u00edch c\u1ee7a m\u00f9i h\u01b0\u01a1ng v\u00e0 tho\u00e1ng ch\u00fat b\u00ed \u1ea9n nh\u01b0 ch\u00ednh ch\u1ee7 nh\u00e2n c\u1ee7a n\u00f3. H\u01b0\u01a1ng v\u1ecb c\u1ee7a Johnnie Walker Black Label\u00a0t\u1ea1o t\u1ea1o n\u00ean t\u1eeb 40 lo\u1ea1i Whisky h\u1ea3o h\u1ea1ng v\u1edbi nh\u1eefng c\u00e1ch k\u1ebft h\u1ee3p h\u01b0\u01a1ng v\u1ecb ho\u00e0n to\u00e0n kh\u00e1c nhau, \u0111em t\u1edbi cho ng\u01b0\u1eddi d\u00f9ng m\u1ed9t c\u1ea3m gi\u00e1c quy\u1ebfn r\u0169 \u0111\u1ebfn ph\u1ee9c c\u1ea3m ngay t\u1eeb nh\u1eefng ly \u0111\u1ea7u ti\u00ean.<\/p>\n<p>\u0110\u01b0\u1ee3c \u1ee7 trong th\u00f9ng g\u1ed7 \u0111\u1eb7c bi\u1ec7t su\u1ed1t 12 n\u0103m li\u00ean ti\u1ebfp, h\u01b0\u01a1ng v\u1ecb c\u1ee7a r\u01b0\u1ee3u Black Label l\u00e0 kh\u00f4ng th\u1ec3 c\u01b0\u1ee1ng l\u1ea1i. S\u1ea3n ph\u1ea9m n\u00e0y \u0111\u00e3 t\u1eebng \u0111\u1ea1t gi\u1ea3i th\u01b0\u1edfng \u0111\u1eb7c bi\u1ec7t t\u1ea1i cu\u1ed9c thi Selection Awards n\u0103m 1994, \u0111\u00e1nh gi\u00e1 \u0111\u01b0\u1ee3c s\u1ef1 sang tr\u1ecdng, ch\u1ea5t l\u01b0\u1ee3ng v\u00e0 \u0111\u1ea7y uy t\u00edn c\u1ee7a ch\u00ednh s\u1ea3n ph\u1ea9m t\u1edbi ng\u01b0\u1eddi y\u00eau men say.<\/p>\n<p>&nbsp;<\/p>\n<p>U\u1ed1ng Johnnie Walker Black Label chu\u1ea9n \u0111\u00fang \u0111i\u1ec7u<\/p>\n<p>Kh\u00e1c v\u1edbi nh\u1eefng d\u00f2ng r\u01b0\u1ee3u kh\u00e1c, c\u00e1ch \u0111\u1ec3 th\u01b0\u1edfng th\u1ee9c Black Label ch\u00ednh h\u00e3ng \u0111\u00f3 l\u00e0 th\u01b0\u1edfng th\u1ee9c theo ki\u1ec3u c\u1ed5 \u0111i\u1ec3n l\u00e0 d\u00f9ng v\u1edbi nhi\u1ec1u \u0111\u00e1. Vi\u1ec7c n\u00e0y khi\u1ebfn m\u00f9i h\u01b0\u01a1ng c\u1ee7a r\u01b0\u1ee3u \u0111\u01b0\u1ee3c lan t\u1ecfa, h\u00f2a tr\u1ed9n \u0111\u1ec1u c\u00e1c m\u00f9i h\u01b0\u01a1ng ph\u1ee9c c\u1ea3m c\u1ee7a kh\u00f3i kh\u00f4, c\u1ee7a nho kh\u00f4 ng\u1ecdt ng\u00e0o v\u00e0 k\u00e8m theo l\u00e0 h\u01b0\u01a1ng cam t\u01b0\u01a1i m\u00e1t th\u00eam ch\u00fat tinh d\u1ea7u cam qu\u00fdt t\u1ea1o, h\u01b0\u01a1ng v\u1ecb s\u00e2u l\u1eafng c\u1ee7a ng\u0169 c\u1ed1c, vani, nho kh\u00f4, m\u1ea1ch nha k\u00e8m ch\u00fat \u0111\u00e1, t\u1ea1o n\u00ean m\u1ed9t \u0111\u1ed3 u\u1ed1ng th\u1eadt kh\u00f4ng th\u1ec3 ch\u00ea v\u00e0o \u0111\u00e2u \u0111\u01b0\u1ee3c n\u1eefa.<\/p>\n<p>Ngo\u00e0i ra, v\u1edbi r\u01b0\u1ee3u Black Label nh\u1eefng ng\u01b0\u1eddi s\u00e0nh v\u1ec1 r\u01b0\u1ee3u c\u0169ng c\u00f3 th\u1ec3 \u01b0\u1edbp l\u1ea1nh s\u1ea3n ph\u1ea9m khi u\u1ed1ng ho\u1eb7c th\u00eam ch\u00fat n\u01b0\u1edbc \u0111\u1ec3 lan t\u1ecfa m\u00f9i h\u01b0\u01a1ng. C\u00e1c qu\u00fd \u00f4ng c\u0169ng c\u00f3 th\u1ec3 pha ch\u1ebf th\u00e0nh c\u00e1c lo\u1ea1i Cocktail v\u1edbi gi\u00e1 tr\u1ecb c\u1ee7a m\u1ed9t ch\u1ea5t r\u01b0\u1ee3u n\u1ec1n v\u00e0 s\u1ef1 s\u00e1ng t\u1ea1o \u0111\u1ea7y h\u00e0i h\u00f2a th\u1ed1ng nh\u1ea5t, \u0111em t\u1edbi m\u1ed9t bu\u1ed5i nh\u1eadu th\u1eadt sang tr\u1ecdng v\u00e0 \u0111\u1eb7c bi\u1ec7t bi\u1ebft bao.<\/p>\n<p>&nbsp;<\/p>\n","protected":false},"excerpt":{"rendered":"<table style=\"border-collapse: collapse; width: 100%; height: 136px;\">\n<tbody>\n<tr style=\"height: 21px;\">\n<td style=\"width: 50%; height: 21px;\">Xu\u1ea5t x\u1ee9<\/td>\n<td style=\"width: 50%; height: 21px;\">Scotland<\/td>\n<\/tr>\n<tr style=\"height: 21px;\">\n<td style=\"width: 50%; height: 21px;\">Th\u01b0\u01a1ng hi\u1ec7u<\/td>\n<td style=\"width: 50%; height: 21px;\">Johnnie Walker<\/td>\n<\/tr>\n<tr style=\"height: 21px;\">\n<td style=\"width: 50%; height: 21px;\">N\u1ed3ng \u0111\u1ed9<\/td>\n<td style=\"width: 50%; height: 21px;\">40%<\/td>\n<\/tr>\n<tr style=\"height: 21px;\">\n<td style=\"width: 50%; height: 21px;\">Dung t\u00edch<\/td>\n<td style=\"width: 50%; height: 21px;\">750ml<\/td>\n<\/tr>\n<tr style=\"height: 21px;\">\n<td style=\"width: 50%; height: 21px;\">Ph\u00e2n lo\u1ea1i<\/td>\n<td style=\"width: 50%; height: 21px;\">Blended Scotch Whisky<\/td>\n<\/tr>\n<tr style=\"height: 21px;\">\n<td style=\"width: 50%; height: 21px;\"><\/td>\n<td style=\"width: 50%; height: 21px;\"><\/td>\n<\/tr>\n<\/tbody>\n<\/table>\n<p>&nbsp;<\/p>\n","protected":false},"featured_media":1144,"comment_status":"closed","ping_status":"closed","template":"","meta":{"_acf_changed":false},"product_brand":[],"product_cat":[100,34,26,90],"product_tag":[278,276,237,242,269,275],"class_list":{"0":"post-1143","1":"product","2":"type-product","3":"status-publish","4":"has-post-thumbnail","6":"product_cat-johnnie-walker","7":"product_cat-ruou-manh","8":"product_cat-san-pham-noi-bat","9":"product_cat-whisky","10":"product_tag-black-label","11":"product_tag-lohnnie-walker","12":"product_tag-ruou-manh","13":"product_tag-ruou-manh-gia-re","14":"product_tag-ruou-scotland","15":"product_tag-whisky","17":"first","18":"instock","19":"shipping-taxable","20":"product-type-simple"},"acf":[],"yoast_head":"<!-- This site is optimized with the Yoast SEO plugin v26.8 - https:\/\/yoast.com\/product\/yoast-seo-wordpress\/ -->\n<title>R\u01b0\u1ee3u Johnnie Walker Black Label - R.WINE<\/title>\n<meta name=\"robots\" content=\"noindex, follow\" \/>\n<meta property=\"og:locale\" content=\"vi_VN\" \/>\n<meta property=\"og:type\" content=\"article\" \/>\n<meta property=\"og:title\" content=\"R\u01b0\u1ee3u Johnnie Walker Black Label - R.WINE\" \/>\n<meta property=\"og:description\" content=\"Xu\u1ea5t x\u1ee9 Scotland   Th\u01b0\u01a1ng hi\u1ec7u Johnnie Walker   N\u1ed3ng \u0111\u1ed9 40%   Dung t\u00edch 750ml   Ph\u00e2n lo\u1ea1i Blended Scotch Whisky        &nbsp;\" \/>\n<meta property=\"og:url\" content=\"https:\/\/rwinevietnam.com\/home\/ruou-johnnie-walker-black-label\/\" \/>\n<meta property=\"og:site_name\" content=\"R.WINE\" \/>\n<meta property=\"article:modified_time\" content=\"2023-11-08T12:34:07+00:00\" \/>\n<meta property=\"og:image\" content=\"https:\/\/rwinevietnam.com\/home\/wp-content\/uploads\/2023\/11\/IMG_5945.jpeg\" \/>\n\t<meta property=\"og:image:width\" content=\"1548\" \/>\n\t<meta property=\"og:image:height\" content=\"2048\" \/>\n\t<meta property=\"og:image:type\" content=\"image\/jpeg\" \/>\n<meta name=\"twitter:card\" content=\"summary_large_image\" \/>\n<script type=\"application\/ld+json\" class=\"yoast-schema-graph\">{\"@context\":\"https:\/\/schema.org\",\"@graph\":[{\"@type\":\"WebPage\",\"@id\":\"https:\/\/rwinevietnam.com\/home\/ruou-johnnie-walker-black-label\/\",\"url\":\"https:\/\/rwinevietnam.com\/home\/ruou-johnnie-walker-black-label\/\",\"name\":\"R\u01b0\u1ee3u Johnnie Walker Black Label - R.WINE\",\"isPartOf\":{\"@id\":\"https:\/\/rwinevietnam.com\/home\/#website\"},\"primaryImageOfPage\":{\"@id\":\"https:\/\/rwinevietnam.com\/home\/ruou-johnnie-walker-black-label\/#primaryimage\"},\"image\":{\"@id\":\"https:\/\/rwinevietnam.com\/home\/ruou-johnnie-walker-black-label\/#primaryimage\"},\"thumbnailUrl\":\"https:\/\/rwinevietnam.com\/home\/wp-content\/uploads\/2023\/11\/IMG_5945.jpeg\",\"datePublished\":\"2023-11-08T12:29:19+00:00\",\"dateModified\":\"2023-11-08T12:34:07+00:00\",\"breadcrumb\":{\"@id\":\"https:\/\/rwinevietnam.com\/home\/ruou-johnnie-walker-black-label\/#breadcrumb\"},\"inLanguage\":\"vi\",\"potentialAction\":[{\"@type\":\"ReadAction\",\"target\":[\"https:\/\/rwinevietnam.com\/home\/ruou-johnnie-walker-black-label\/\"]}]},{\"@type\":\"ImageObject\",\"inLanguage\":\"vi\",\"@id\":\"https:\/\/rwinevietnam.com\/home\/ruou-johnnie-walker-black-label\/#primaryimage\",\"url\":\"https:\/\/rwinevietnam.com\/home\/wp-content\/uploads\/2023\/11\/IMG_5945.jpeg\",\"contentUrl\":\"https:\/\/rwinevietnam.com\/home\/wp-content\/uploads\/2023\/11\/IMG_5945.jpeg\",\"width\":1548,\"height\":2048},{\"@type\":\"BreadcrumbList\",\"@id\":\"https:\/\/rwinevietnam.com\/home\/ruou-johnnie-walker-black-label\/#breadcrumb\",\"itemListElement\":[{\"@type\":\"ListItem\",\"position\":1,\"name\":\"Trang ch\u1ee7\",\"item\":\"https:\/\/rwinevietnam.com\/home\/\"},{\"@type\":\"ListItem\",\"position\":2,\"name\":\"S\u1ea3n ph\u1ea9m\",\"item\":\"https:\/\/rwinevietnam.com\/home\/san-pham\/\"},{\"@type\":\"ListItem\",\"position\":3,\"name\":\"R\u01b0\u1ee3u Johnnie Walker Black Label\"}]},{\"@type\":\"WebSite\",\"@id\":\"https:\/\/rwinevietnam.com\/home\/#website\",\"url\":\"https:\/\/rwinevietnam.com\/home\/\",\"name\":\"R.WINE\",\"description\":\"C\u00d4NG TY C\u1ed4 PH\u1ea6N XU\u1ea4T KH\u1ea8U NH\u1eacP KH\u1ea8U\",\"potentialAction\":[{\"@type\":\"SearchAction\",\"target\":{\"@type\":\"EntryPoint\",\"urlTemplate\":\"https:\/\/rwinevietnam.com\/home\/?s={search_term_string}\"},\"query-input\":{\"@type\":\"PropertyValueSpecification\",\"valueRequired\":true,\"valueName\":\"search_term_string\"}}],\"inLanguage\":\"vi\"}]}<\/script>\n<!-- \/ Yoast SEO plugin. -->","yoast_head_json":{"title":"R\u01b0\u1ee3u Johnnie Walker Black Label - R.WINE","robots":{"index":"noindex","follow":"follow"},"og_locale":"vi_VN","og_type":"article","og_title":"R\u01b0\u1ee3u Johnnie Walker Black Label - R.WINE","og_description":"Xu\u1ea5t x\u1ee9 Scotland   Th\u01b0\u01a1ng hi\u1ec7u Johnnie Walker   N\u1ed3ng \u0111\u1ed9 40%   Dung t\u00edch 750ml   Ph\u00e2n lo\u1ea1i Blended Scotch Whisky        &nbsp;","og_url":"https:\/\/rwinevietnam.com\/home\/ruou-johnnie-walker-black-label\/","og_site_name":"R.WINE","article_modified_time":"2023-11-08T12:34:07+00:00","og_image":[{"width":1548,"height":2048,"url":"https:\/\/rwinevietnam.com\/home\/wp-content\/uploads\/2023\/11\/IMG_5945.jpeg","type":"image\/jpeg"}],"twitter_card":"summary_large_image","schema":{"@context":"https:\/\/schema.org","@graph":[{"@type":"WebPage","@id":"https:\/\/rwinevietnam.com\/home\/ruou-johnnie-walker-black-label\/","url":"https:\/\/rwinevietnam.com\/home\/ruou-johnnie-walker-black-label\/","name":"R\u01b0\u1ee3u Johnnie Walker Black Label - R.WINE","isPartOf":{"@id":"https:\/\/rwinevietnam.com\/home\/#website"},"primaryImageOfPage":{"@id":"https:\/\/rwinevietnam.com\/home\/ruou-johnnie-walker-black-label\/#primaryimage"},"image":{"@id":"https:\/\/rwinevietnam.com\/home\/ruou-johnnie-walker-black-label\/#primaryimage"},"thumbnailUrl":"https:\/\/rwinevietnam.com\/home\/wp-content\/uploads\/2023\/11\/IMG_5945.jpeg","datePublished":"2023-11-08T12:29:19+00:00","dateModified":"2023-11-08T12:34:07+00:00","breadcrumb":{"@id":"https:\/\/rwinevietnam.com\/home\/ruou-johnnie-walker-black-label\/#breadcrumb"},"inLanguage":"vi","potentialAction":[{"@type":"ReadAction","target":["https:\/\/rwinevietnam.com\/home\/ruou-johnnie-walker-black-label\/"]}]},{"@type":"ImageObject","inLanguage":"vi","@id":"https:\/\/rwinevietnam.com\/home\/ruou-johnnie-walker-black-label\/#primaryimage","url":"https:\/\/rwinevietnam.com\/home\/wp-content\/uploads\/2023\/11\/IMG_5945.jpeg","contentUrl":"https:\/\/rwinevietnam.com\/home\/wp-content\/uploads\/2023\/11\/IMG_5945.jpeg","width":1548,"height":2048},{"@type":"BreadcrumbList","@id":"https:\/\/rwinevietnam.com\/home\/ruou-johnnie-walker-black-label\/#breadcrumb","itemListElement":[{"@type":"ListItem","position":1,"name":"Trang ch\u1ee7","item":"https:\/\/rwinevietnam.com\/home\/"},{"@type":"ListItem","position":2,"name":"S\u1ea3n ph\u1ea9m","item":"https:\/\/rwinevietnam.com\/home\/san-pham\/"},{"@type":"ListItem","position":3,"name":"R\u01b0\u1ee3u Johnnie Walker Black Label"}]},{"@type":"WebSite","@id":"https:\/\/rwinevietnam.com\/home\/#website","url":"https:\/\/rwinevietnam.com\/home\/","name":"R.WINE","description":"C\u00d4NG TY C\u1ed4 PH\u1ea6N XU\u1ea4T KH\u1ea8U NH\u1eacP KH\u1ea8U","potentialAction":[{"@type":"SearchAction","target":{"@type":"EntryPoint","urlTemplate":"https:\/\/rwinevietnam.com\/home\/?s={search_term_string}"},"query-input":{"@type":"PropertyValueSpecification","valueRequired":true,"valueName":"search_term_string"}}],"inLanguage":"vi"}]}},"_links":{"self":[{"href":"https:\/\/rwinevietnam.com\/home\/wp-json\/wp\/v2\/product\/1143","targetHints":{"allow":["GET"]}}],"collection":[{"href":"https:\/\/rwinevietnam.com\/home\/wp-json\/wp\/v2\/product"}],"about":[{"href":"https:\/\/rwinevietnam.com\/home\/wp-json\/wp\/v2\/types\/product"}],"replies":[{"embeddable":true,"href":"https:\/\/rwinevietnam.com\/home\/wp-json\/wp\/v2\/comments?post=1143"}],"wp:featuredmedia":[{"embeddable":true,"href":"https:\/\/rwinevietnam.com\/home\/wp-json\/wp\/v2\/media\/1144"}],"wp:attachment":[{"href":"https:\/\/rwinevietnam.com\/home\/wp-json\/wp\/v2\/media?parent=1143"}],"wp:term":[{"taxonomy":"product_brand","embeddable":true,"href":"https:\/\/rwinevietnam.com\/home\/wp-json\/wp\/v2\/product_brand?post=1143"},{"taxonomy":"product_cat","embeddable":true,"href":"https:\/\/rwinevietnam.com\/home\/wp-json\/wp\/v2\/product_cat?post=1143"},{"taxonomy":"product_tag","embeddable":true,"href":"https:\/\/rwinevietnam.com\/home\/wp-json\/wp\/v2\/product_tag?post=1143"}],"curies":[{"name":"wp","href":"https:\/\/api.w.org\/{rel}","templated":true}]}}