{"id":1140,"date":"2023-11-08T12:17:30","date_gmt":"2023-11-08T12:17:30","guid":{"rendered":"https:\/\/rwinevietnam.com\/home\/?post_type=product&#038;p=1140"},"modified":"2023-11-08T12:23:05","modified_gmt":"2023-11-08T12:23:05","slug":"ruou-johnnie-walker-double-black","status":"publish","type":"product","link":"https:\/\/rwinevietnam.com\/home\/ruou-johnnie-walker-double-black\/","title":{"rendered":"R\u01b0\u1ee3u Johnnie Walker Double Black"},"content":{"rendered":"<p>Nh\u00e3n hi\u1ec7u r\u01b0\u1ee3u \u00f4ng gi\u00e0 ch\u1ed1ng g\u1eady\u00a0<a href=\"https:\/\/rwinevietnam.com\/home\/\">Johnnie Walker<\/a>\u00a0l\u00e0 m\u1ed9t trong nh\u1eefng th\u01b0\u01a1ng hi\u1ec7u r\u01b0\u1ee3u m\u1ea1nh n\u1ed5i ti\u1ebfng nh\u1ea5t tr\u00ean th\u1ebf gi\u1edbi. Trong \u0111\u00f3, r\u01b0\u1ee3u Johnnie Walker Double Black Label l\u00e0 s\u1ea3n ph\u1ea9m \u0111\u01b0\u1ee3c y\u00eau th\u00edch nhi\u1ec1u nh\u1ea5t.<\/p>\n<p>&nbsp;<\/p>\n<p><img loading=\"lazy\" decoding=\"async\" class=\"aligncenter  wp-image-1142\" src=\"https:\/\/rwinevietnam.com\/home\/wp-content\/uploads\/2023\/11\/IMG_5942-768x1024.jpeg\" alt=\"\" width=\"280\" height=\"373\" srcset=\"https:\/\/rwinevietnam.com\/home\/wp-content\/uploads\/2023\/11\/IMG_5942-768x1024.jpeg 768w, https:\/\/rwinevietnam.com\/home\/wp-content\/uploads\/2023\/11\/IMG_5942-225x300.jpeg 225w, https:\/\/rwinevietnam.com\/home\/wp-content\/uploads\/2023\/11\/IMG_5942-1152x1536.jpeg 1152w, https:\/\/rwinevietnam.com\/home\/wp-content\/uploads\/2023\/11\/IMG_5942-300x400.jpeg 300w, https:\/\/rwinevietnam.com\/home\/wp-content\/uploads\/2023\/11\/IMG_5942-600x800.jpeg 600w, https:\/\/rwinevietnam.com\/home\/wp-content\/uploads\/2023\/11\/IMG_5942.jpeg 1536w\" sizes=\"auto, (max-width: 280px) 100vw, 280px\" \/><\/p>\n<p>&nbsp;<\/p>\n<p>\u0110\u00f4i n\u00e9t v\u1ec1 r\u01b0\u1ee3u Johnnie Walker Double Black<\/p>\n<p>Johnnie Walker Double Black \u0111\u01b0\u1ee3c l\u00e0m ri\u00eang ph\u1ee5c v\u1ee5 cho nh\u1eefng ng\u01b0\u1eddi s\u00e0nh Whisky. B\u00ean c\u1ea1nh \u0111\u00f3 c\u0169ng l\u00e0 nh\u1eefng ng\u01b0\u1eddi mu\u1ed1n tr\u1ea3i nghi\u1ec7m h\u01b0\u01a1ng v\u1ecb m\u1ea1nh m\u1ebd h\u01a1n. \u0110\u1eadm m\u00f9i kh\u00f3i h\u01a1n\u00a0<a href=\"https:\/\/rwinevietnam.com\/home\/\">r\u01b0\u1ee3u Johnnie Walker Black Label<\/a>.<\/p>\n<p>Nhi\u1ec1u d\u00e2n s\u00e0nh r\u01b0\u1ee3u y\u00eau th\u00edch black label s\u1ebd th\u1eafc m\u1eafc v\u1ec1 s\u1ef1 kh\u00e1c nhau gi\u1eefa double black vs black label. C\u00e1c chuy\u00ean gia pha ch\u1ebf c\u1ee7a Johnnie Walker \u0111\u00e3 r\u1ea5t th\u00e0nh c\u00f4ng. Trong vi\u1ec7c s\u00e1ng t\u1ea1o n\u00ean h\u01b0\u01a1ng v\u1ecb c\u1ee7a Double black v\u01b0\u1ee3t tr\u1ed9i h\u01a1n so v\u1edbi b\u1ea3n Black Label.<\/p>\n<p>\u0110\u00f3 ch\u00ednh l\u00e0 t\u1ea1o ra \u0111\u01b0\u1ee3c h\u01b0\u01a1ng th\u01a1m m\u1ea1nh m\u1ebd nhu\u1ed1m v\u1ecb kh\u00f3i kh\u00f4 t\u1ef1 nhi\u00ean c\u1ee7a Whisky v\u00f9ng B\u1edd T\u00e2y Scotland. K\u1ebft h\u1ee3p v\u1edbi lo\u1ea1i Whisky \u0111\u01b0\u1ee3c ch\u01b0ng c\u1ea5t l\u00e2u n\u0103m trong th\u00f9ng \u1ee7 l\u00e0m t\u1eeb g\u1ed7 s\u1ed3i. S\u1ef1 k\u1ebft h\u1ee3p n\u00e0y t\u1ea1o n\u00ean d\u00f2ng Whisky m\u1edbi v\u1edbi nhi\u1ec1u \u01b0u vi\u1ec7t h\u01a1n. \u0110\u00f3 ch\u00ednh l\u00e0 s\u00e2u l\u1eafng h\u01a1n, v\u1ecb kh\u00f3i \u0111\u1eadm h\u01a1n, h\u01b0\u01a1ng v\u1ecb quy\u1ebft li\u1ec7t h\u01a1n, v\u00e0 v\u00ec th\u1ebf kh\u00f3 b\u1ecb nh\u1ea7m l\u1eabn v\u1edbi b\u1ea5t k\u1ef3 lo\u1ea1i n\u00e0o.<\/p>\n<p>Johnnie Walker Double Black s\u1ebd l\u00e0m cho nh\u1eefng bu\u1ed5i li\u00ean hoan c\u00f9ng b\u1ea1n b\u00e8 c\u1ee7a b\u1ea1n tr\u1edf n\u00ean h\u1ea5p d\u1eabn h\u01a1n.<\/p>\n<p>C\u00e1ch u\u1ed1ng r\u01b0\u1ee3u Johnnie Walker Double Black Label<\/p>\n<p>C\u00f3 mu\u00f4n v\u00e0n c\u00e1ch th\u01b0\u1edfng th\u1ee9c Johnnie Walker Double Black l\u00e0 b\u1ea1n c\u00f3 th\u1ec3 th\u1eed. \u0110\u00f3 c\u00f3 th\u1ec3 l\u00e0 u\u1ed1ng nguy\u00ean ch\u1ea5t kh\u00f4ng \u0111\u00e1. Hay th\u00eam ch\u00fat \u0111\u00e1 v\u00e0 n\u01b0\u1edbc tinh khi\u1ebft \u0111\u1ec3 tr\u1ea3i nghi\u1ec7m h\u01b0\u01a1ng v\u1ecb m\u1edbi l\u1ea1<\/p>\n<p>M\u1ed9t trong nh\u1eefng c\u00e1ch th\u01b0\u1edfng th\u1ee9c \u0111\u00fang \u0111i\u1ec7u \u0111\u01b0\u1ee3c khuy\u00ean dung b\u1edfi nh\u00e0 s\u1ea3n xu\u1ea5t l\u00e0 k\u1ebft h\u1ee3p v\u1edbi \u00edt \u0111\u00e1 tinh khi\u1ebft.<\/p>\n<p>N\u01b0\u1edbc \u0111\u00e1 s\u1ebd c\u00e0ng l\u00e0m t\u0103ng th\u00eam h\u01b0\u01a1ng v\u1ecb kh\u00f3i cay m\u1ea1nh m\u1ebd kh\u00f3 c\u01b0\u1ee1ng c\u1ee7a Johnnie Walker Double Black Label.<\/p>\n<p>H\u01b0\u1edbng d\u1eabn pha ch\u1ebf:<\/p>\n<p>I: S\u1eed d\u1ee5ng ly tumber v\u00e0 \u0111\u1ed5 \u0111\u1ea7y \u0111\u00e1 vu\u00f4ng v\u00e0o ly<\/p>\n<p>II: Th\u00eam v\u00e0o 50 ml\u00a0Johnnie Walker Double Black Label.<\/p>\n<p>III: Th\u01b0\u1edfng th\u1ee9c c\u00f9ng v\u1edbi nh\u1eefng ng\u01b0\u1eddi b\u1ea1n s\u00e0nh r\u01b0\u1ee3u c\u1ee7a b\u1ea1n.<\/p>\n<p>Johnnie Walker Double Black 1000ml (100cl) s\u1edf h\u1eefu m\u00f9i kh\u00f3i \u0111\u1eadm \u0111\u00e0 v\u00e0 n\u1ed3ng n\u00e0n h\u01a1n h\u1eb3n. Mang \u0111\u1ebfn cho b\u1ea1n m\u1ed9t s\u1ef1 tr\u1ea3i nghi\u1ec7m s\u00e2u h\u01a1n v\u1ec1 s\u1ef1 \u0111\u1eadm \u0111\u00e0 trong h\u01b0\u01a1ng v\u1ecb.<\/p>\n<p>\u0110\u00f3 ch\u00ednh l\u00e0 m\u00f9i kh\u00f3i \u0111\u1eadm. M\u1ed9t \u0111\u1eb7c tr\u01b0ng kh\u00f4ng th\u1ec3 l\u1eabn v\u00e0o \u0111\u00e2u \u0111\u01b0\u1ee3c c\u1ee7a\u00a0<a href=\"https:\/\/rwinevietnam.com\/home\/\">Whisky v\u00f9ng B\u1edd T\u00e2y Scotland<\/a>. B\u00ean c\u1ea1nh \u0111\u00f3 l\u00e0 m\u00f9i tr\u00e1i c\u00e2y kh\u00f4 nh\u01b0 nho, t\u00e1o, l\u00ea v\u00e0 cam mang \u0111\u1ebfn s\u1ef1 s\u1ea3ng kho\u00e1i \u0111\u1ebfn t\u1ed9t c\u00f9ng. B\u00ean c\u1ea1nh \u0111\u00f3 th\u00ec m\u00f9i kem vani v\u00e0 v\u1ecb cay c\u1ee7a gi\u00e1 v\u1ecb l\u1ea1i mang \u0111\u1ebfn v\u1ecb ng\u1ecdt ng\u00e0o v\u00e0 nh\u1eb9 nh\u00e0ng cho v\u1ecb gi\u00e1c. M\u00f9i kh\u00f3i v\u00e0 v\u1ecb n\u1ed3ng c\u1ee7a g\u1ed7 s\u1ed3i t\u1ea1o n\u00ean 1 s\u1ef1 k\u1ebft th\u00fac \u1ea5m \u00e1p k\u00e9o d\u00e0i.<\/p>\n","protected":false},"excerpt":{"rendered":"<table style=\"border-collapse: collapse; width: 100%; height: 136px;\">\n<tbody>\n<tr style=\"height: 21px;\">\n<td style=\"width: 50%; height: 21px;\">Xu\u1ea5t x\u1ee9<\/td>\n<td style=\"width: 50%; height: 21px;\">Scotland<\/td>\n<\/tr>\n<tr style=\"height: 21px;\">\n<td style=\"width: 50%; height: 21px;\">Th\u01b0\u01a1ng hi\u1ec7u<\/td>\n<td style=\"width: 50%; height: 21px;\">Johnnie Walker<\/td>\n<\/tr>\n<tr style=\"height: 21px;\">\n<td style=\"width: 50%; height: 21px;\">N\u1ed3ng \u0111\u1ed9<\/td>\n<td style=\"width: 50%; height: 21px;\">40%<\/td>\n<\/tr>\n<tr style=\"height: 21px;\">\n<td style=\"width: 50%; height: 21px;\">Dung t\u00edch<\/td>\n<td style=\"width: 50%; height: 21px;\">1L<\/td>\n<\/tr>\n<tr style=\"height: 21px;\">\n<td style=\"width: 50%; height: 21px;\"><\/td>\n<td style=\"width: 50%; height: 21px;\"><\/td>\n<\/tr>\n<tr style=\"height: 21px;\">\n<td style=\"width: 50%; height: 21px;\"><\/td>\n<td style=\"width: 50%; height: 21px;\"><\/td>\n<\/tr>\n<\/tbody>\n<\/table>\n<p>&nbsp;<\/p>\n","protected":false},"featured_media":1141,"comment_status":"closed","ping_status":"closed","template":"","meta":{"_acf_changed":false},"product_brand":[],"product_cat":[100,34,26,90],"product_tag":[277,276,237,242,269,275],"class_list":{"0":"post-1140","1":"product","2":"type-product","3":"status-publish","4":"has-post-thumbnail","6":"product_cat-johnnie-walker","7":"product_cat-ruou-manh","8":"product_cat-san-pham-noi-bat","9":"product_cat-whisky","10":"product_tag-double-black","11":"product_tag-lohnnie-walker","12":"product_tag-ruou-manh","13":"product_tag-ruou-manh-gia-re","14":"product_tag-ruou-scotland","15":"product_tag-whisky","17":"first","18":"instock","19":"shipping-taxable","20":"product-type-simple"},"acf":[],"yoast_head":"<!-- This site is optimized with the Yoast SEO plugin v26.8 - https:\/\/yoast.com\/product\/yoast-seo-wordpress\/ -->\n<title>R\u01b0\u1ee3u Johnnie Walker Double Black - R.WINE<\/title>\n<meta name=\"robots\" content=\"noindex, follow\" \/>\n<meta property=\"og:locale\" content=\"vi_VN\" \/>\n<meta property=\"og:type\" content=\"article\" \/>\n<meta property=\"og:title\" content=\"R\u01b0\u1ee3u Johnnie Walker Double Black - R.WINE\" \/>\n<meta property=\"og:description\" content=\"Xu\u1ea5t x\u1ee9 Scotland   Th\u01b0\u01a1ng hi\u1ec7u Johnnie Walker   N\u1ed3ng \u0111\u1ed9 40%   Dung t\u00edch 1L            &nbsp;\" \/>\n<meta property=\"og:url\" content=\"https:\/\/rwinevietnam.com\/home\/ruou-johnnie-walker-double-black\/\" \/>\n<meta property=\"og:site_name\" content=\"R.WINE\" \/>\n<meta property=\"article:modified_time\" content=\"2023-11-08T12:23:05+00:00\" \/>\n<meta property=\"og:image\" content=\"https:\/\/rwinevietnam.com\/home\/wp-content\/uploads\/2023\/11\/IMG_5940-1.jpeg\" \/>\n\t<meta property=\"og:image:width\" content=\"1535\" \/>\n\t<meta property=\"og:image:height\" content=\"2048\" \/>\n\t<meta property=\"og:image:type\" content=\"image\/jpeg\" \/>\n<meta name=\"twitter:card\" content=\"summary_large_image\" \/>\n<script type=\"application\/ld+json\" class=\"yoast-schema-graph\">{\"@context\":\"https:\/\/schema.org\",\"@graph\":[{\"@type\":\"WebPage\",\"@id\":\"https:\/\/rwinevietnam.com\/home\/ruou-johnnie-walker-double-black\/\",\"url\":\"https:\/\/rwinevietnam.com\/home\/ruou-johnnie-walker-double-black\/\",\"name\":\"R\u01b0\u1ee3u Johnnie Walker Double Black - R.WINE\",\"isPartOf\":{\"@id\":\"https:\/\/rwinevietnam.com\/home\/#website\"},\"primaryImageOfPage\":{\"@id\":\"https:\/\/rwinevietnam.com\/home\/ruou-johnnie-walker-double-black\/#primaryimage\"},\"image\":{\"@id\":\"https:\/\/rwinevietnam.com\/home\/ruou-johnnie-walker-double-black\/#primaryimage\"},\"thumbnailUrl\":\"https:\/\/rwinevietnam.com\/home\/wp-content\/uploads\/2023\/11\/IMG_5940-1.jpeg\",\"datePublished\":\"2023-11-08T12:17:30+00:00\",\"dateModified\":\"2023-11-08T12:23:05+00:00\",\"breadcrumb\":{\"@id\":\"https:\/\/rwinevietnam.com\/home\/ruou-johnnie-walker-double-black\/#breadcrumb\"},\"inLanguage\":\"vi\",\"potentialAction\":[{\"@type\":\"ReadAction\",\"target\":[\"https:\/\/rwinevietnam.com\/home\/ruou-johnnie-walker-double-black\/\"]}]},{\"@type\":\"ImageObject\",\"inLanguage\":\"vi\",\"@id\":\"https:\/\/rwinevietnam.com\/home\/ruou-johnnie-walker-double-black\/#primaryimage\",\"url\":\"https:\/\/rwinevietnam.com\/home\/wp-content\/uploads\/2023\/11\/IMG_5940-1.jpeg\",\"contentUrl\":\"https:\/\/rwinevietnam.com\/home\/wp-content\/uploads\/2023\/11\/IMG_5940-1.jpeg\",\"width\":1535,\"height\":2048},{\"@type\":\"BreadcrumbList\",\"@id\":\"https:\/\/rwinevietnam.com\/home\/ruou-johnnie-walker-double-black\/#breadcrumb\",\"itemListElement\":[{\"@type\":\"ListItem\",\"position\":1,\"name\":\"Trang ch\u1ee7\",\"item\":\"https:\/\/rwinevietnam.com\/home\/\"},{\"@type\":\"ListItem\",\"position\":2,\"name\":\"S\u1ea3n ph\u1ea9m\",\"item\":\"https:\/\/rwinevietnam.com\/home\/san-pham\/\"},{\"@type\":\"ListItem\",\"position\":3,\"name\":\"R\u01b0\u1ee3u Johnnie Walker Double Black\"}]},{\"@type\":\"WebSite\",\"@id\":\"https:\/\/rwinevietnam.com\/home\/#website\",\"url\":\"https:\/\/rwinevietnam.com\/home\/\",\"name\":\"R.WINE\",\"description\":\"C\u00d4NG TY C\u1ed4 PH\u1ea6N XU\u1ea4T KH\u1ea8U NH\u1eacP KH\u1ea8U\",\"potentialAction\":[{\"@type\":\"SearchAction\",\"target\":{\"@type\":\"EntryPoint\",\"urlTemplate\":\"https:\/\/rwinevietnam.com\/home\/?s={search_term_string}\"},\"query-input\":{\"@type\":\"PropertyValueSpecification\",\"valueRequired\":true,\"valueName\":\"search_term_string\"}}],\"inLanguage\":\"vi\"}]}<\/script>\n<!-- \/ Yoast SEO plugin. -->","yoast_head_json":{"title":"R\u01b0\u1ee3u Johnnie Walker Double Black - R.WINE","robots":{"index":"noindex","follow":"follow"},"og_locale":"vi_VN","og_type":"article","og_title":"R\u01b0\u1ee3u Johnnie Walker Double Black - R.WINE","og_description":"Xu\u1ea5t x\u1ee9 Scotland   Th\u01b0\u01a1ng hi\u1ec7u Johnnie Walker   N\u1ed3ng \u0111\u1ed9 40%   Dung t\u00edch 1L            &nbsp;","og_url":"https:\/\/rwinevietnam.com\/home\/ruou-johnnie-walker-double-black\/","og_site_name":"R.WINE","article_modified_time":"2023-11-08T12:23:05+00:00","og_image":[{"width":1535,"height":2048,"url":"https:\/\/rwinevietnam.com\/home\/wp-content\/uploads\/2023\/11\/IMG_5940-1.jpeg","type":"image\/jpeg"}],"twitter_card":"summary_large_image","schema":{"@context":"https:\/\/schema.org","@graph":[{"@type":"WebPage","@id":"https:\/\/rwinevietnam.com\/home\/ruou-johnnie-walker-double-black\/","url":"https:\/\/rwinevietnam.com\/home\/ruou-johnnie-walker-double-black\/","name":"R\u01b0\u1ee3u Johnnie Walker Double Black - R.WINE","isPartOf":{"@id":"https:\/\/rwinevietnam.com\/home\/#website"},"primaryImageOfPage":{"@id":"https:\/\/rwinevietnam.com\/home\/ruou-johnnie-walker-double-black\/#primaryimage"},"image":{"@id":"https:\/\/rwinevietnam.com\/home\/ruou-johnnie-walker-double-black\/#primaryimage"},"thumbnailUrl":"https:\/\/rwinevietnam.com\/home\/wp-content\/uploads\/2023\/11\/IMG_5940-1.jpeg","datePublished":"2023-11-08T12:17:30+00:00","dateModified":"2023-11-08T12:23:05+00:00","breadcrumb":{"@id":"https:\/\/rwinevietnam.com\/home\/ruou-johnnie-walker-double-black\/#breadcrumb"},"inLanguage":"vi","potentialAction":[{"@type":"ReadAction","target":["https:\/\/rwinevietnam.com\/home\/ruou-johnnie-walker-double-black\/"]}]},{"@type":"ImageObject","inLanguage":"vi","@id":"https:\/\/rwinevietnam.com\/home\/ruou-johnnie-walker-double-black\/#primaryimage","url":"https:\/\/rwinevietnam.com\/home\/wp-content\/uploads\/2023\/11\/IMG_5940-1.jpeg","contentUrl":"https:\/\/rwinevietnam.com\/home\/wp-content\/uploads\/2023\/11\/IMG_5940-1.jpeg","width":1535,"height":2048},{"@type":"BreadcrumbList","@id":"https:\/\/rwinevietnam.com\/home\/ruou-johnnie-walker-double-black\/#breadcrumb","itemListElement":[{"@type":"ListItem","position":1,"name":"Trang ch\u1ee7","item":"https:\/\/rwinevietnam.com\/home\/"},{"@type":"ListItem","position":2,"name":"S\u1ea3n ph\u1ea9m","item":"https:\/\/rwinevietnam.com\/home\/san-pham\/"},{"@type":"ListItem","position":3,"name":"R\u01b0\u1ee3u Johnnie Walker Double Black"}]},{"@type":"WebSite","@id":"https:\/\/rwinevietnam.com\/home\/#website","url":"https:\/\/rwinevietnam.com\/home\/","name":"R.WINE","description":"C\u00d4NG TY C\u1ed4 PH\u1ea6N XU\u1ea4T KH\u1ea8U NH\u1eacP KH\u1ea8U","potentialAction":[{"@type":"SearchAction","target":{"@type":"EntryPoint","urlTemplate":"https:\/\/rwinevietnam.com\/home\/?s={search_term_string}"},"query-input":{"@type":"PropertyValueSpecification","valueRequired":true,"valueName":"search_term_string"}}],"inLanguage":"vi"}]}},"_links":{"self":[{"href":"https:\/\/rwinevietnam.com\/home\/wp-json\/wp\/v2\/product\/1140","targetHints":{"allow":["GET"]}}],"collection":[{"href":"https:\/\/rwinevietnam.com\/home\/wp-json\/wp\/v2\/product"}],"about":[{"href":"https:\/\/rwinevietnam.com\/home\/wp-json\/wp\/v2\/types\/product"}],"replies":[{"embeddable":true,"href":"https:\/\/rwinevietnam.com\/home\/wp-json\/wp\/v2\/comments?post=1140"}],"wp:featuredmedia":[{"embeddable":true,"href":"https:\/\/rwinevietnam.com\/home\/wp-json\/wp\/v2\/media\/1141"}],"wp:attachment":[{"href":"https:\/\/rwinevietnam.com\/home\/wp-json\/wp\/v2\/media?parent=1140"}],"wp:term":[{"taxonomy":"product_brand","embeddable":true,"href":"https:\/\/rwinevietnam.com\/home\/wp-json\/wp\/v2\/product_brand?post=1140"},{"taxonomy":"product_cat","embeddable":true,"href":"https:\/\/rwinevietnam.com\/home\/wp-json\/wp\/v2\/product_cat?post=1140"},{"taxonomy":"product_tag","embeddable":true,"href":"https:\/\/rwinevietnam.com\/home\/wp-json\/wp\/v2\/product_tag?post=1140"}],"curies":[{"name":"wp","href":"https:\/\/api.w.org\/{rel}","templated":true}]}}