{"id":1137,"date":"2023-11-08T11:51:50","date_gmt":"2023-11-08T11:51:50","guid":{"rendered":"https:\/\/rwinevietnam.com\/home\/?post_type=product&#038;p=1137"},"modified":"2023-11-08T11:56:00","modified_gmt":"2023-11-08T11:56:00","slug":"ruou-macallan-1824-gold-double-cask","status":"publish","type":"product","link":"https:\/\/rwinevietnam.com\/home\/ruou-macallan-1824-gold-double-cask\/","title":{"rendered":"R\u01b0\u1ee3u Macallan 1824 Gold Double Cask"},"content":{"rendered":"<p style=\"text-align: justify; background: white; margin: 0in 0in 7.5pt 0in;\"><strong><span style=\"font-family: 'Arial',sans-serif; color: #333333; font-weight: normal;\">R\u01af\u1ee2U MACALLAN 1824 GOLD DOUBLE CASK :<\/span><\/strong><\/p>\n<p style=\"text-align: justify; background: white; box-sizing: border-box; outline: none; font-variant-ligatures: normal; font-variant-caps: normal; orphans: 2; widows: 2; -webkit-text-stroke-width: 0px; text-decoration-thickness: initial; text-decoration-style: initial; text-decoration-color: initial; word-spacing: 0px; margin: 0in 0in 7.5pt 0in;\"><strong style=\"box-sizing: border-box; outline: none;\"><span style=\"font-family: 'Arial',sans-serif; color: #333333; font-weight: normal;\">Macallan 1824 Gold Double Cask<\/span><\/strong><span style=\"font-family: 'Arial',sans-serif; color: #333333;\">\u00a0l\u00e0 s\u1ea3n ph\u1ea9m m\u1edbi nh\u1ea5t \u0111\u01b0\u1ee3c ra m\u1eaft v\u00e0o \u0111\u1ea7u n\u0103m 2018 , kh\u1edfi \u0111\u1ea7u trong b\u1ed9 s\u01b0u t\u1eadp &#8220;The Macallan 1824 Seri&#8221;, \u0111\u01b0\u1ee3c ph\u00e2n ph\u1ed1i ch\u1ee7 y\u1ebfu \u1edf c\u00e1c Si\u00eau th\u1ecb c\u1ee7a n\u01b0\u1edbc Anh ( H\u00e0ng UK ) , k\u00eanh mi\u1ec5n thu\u1ebf ( Duty Free Shop ) v\u00e0 c\u00e1c c\u1eeda h\u00e0ng b\u00e1n l\u1ebb tr\u1ecdng \u0111i\u1ec3m ( Key Travel Retail )\u00a0<\/span><\/p>\n<p>&nbsp;<\/p>\n<p><img loading=\"lazy\" decoding=\"async\" class=\"aligncenter  wp-image-1139\" src=\"https:\/\/rwinevietnam.com\/home\/wp-content\/uploads\/2023\/11\/IMG_6295-768x1024.jpeg\" alt=\"\" width=\"349\" height=\"465\" srcset=\"https:\/\/rwinevietnam.com\/home\/wp-content\/uploads\/2023\/11\/IMG_6295-768x1024.jpeg 768w, https:\/\/rwinevietnam.com\/home\/wp-content\/uploads\/2023\/11\/IMG_6295-225x300.jpeg 225w, https:\/\/rwinevietnam.com\/home\/wp-content\/uploads\/2023\/11\/IMG_6295-1152x1536.jpeg 1152w, https:\/\/rwinevietnam.com\/home\/wp-content\/uploads\/2023\/11\/IMG_6295-300x400.jpeg 300w, https:\/\/rwinevietnam.com\/home\/wp-content\/uploads\/2023\/11\/IMG_6295-600x800.jpeg 600w, https:\/\/rwinevietnam.com\/home\/wp-content\/uploads\/2023\/11\/IMG_6295.jpeg 1536w\" sizes=\"auto, (max-width: 349px) 100vw, 349px\" \/><\/p>\n<p style=\"text-align: justify; background: white; box-sizing: border-box; outline: none; font-variant-ligatures: normal; font-variant-caps: normal; orphans: 2; widows: 2; -webkit-text-stroke-width: 0px; text-decoration-thickness: initial; text-decoration-style: initial; text-decoration-color: initial; word-spacing: 0px; margin: 0in 0in 7.5pt 0in;\"><span style=\"font-family: 'Arial',sans-serif; color: #333333;\">\u00a0<\/span><\/p>\n<p style=\"text-align: justify; background: white; box-sizing: border-box; outline: none; font-variant-ligatures: normal; font-variant-caps: normal; orphans: 2; widows: 2; -webkit-text-stroke-width: 0px; text-decoration-thickness: initial; text-decoration-style: initial; text-decoration-color: initial; word-spacing: 0px; margin: 0in 0in 7.5pt 0in;\"><span style=\"font-family: 'Arial',sans-serif; color: #333333;\">Theo ng\u01b0\u1eddi ph\u00e1t ng\u00f4n c\u1ee7a t\u1eadp \u0111o\u00e0n Edrington Grup th\u00ec s\u1ea3n ph\u1ea9m The Macallan Gold c\u00f3 l\u1ecbch s\u1eed l\u00e2u d\u00e0i v\u00e0 gi\u00e0u truy\u1ec1n th\u1ed1ng c\u1ee7a l\u00f2 r\u01b0\u1ee3u Macallan , c\u00f9ng v\u1edbi vi\u1ec7c l\u1ef1a ch\u1ecdn c\u1ea9n th\u1eadn 2 lo\u1ea1i th\u00f9ng g\u1ed7 S\u1ed3i Ch\u00e2u \u00e2u v\u00e0 Ch\u00e2u m\u1ef9 \u0111\u00e3 t\u1eebng \u1ee7 r\u01b0\u1ee3u Sherry \u0111\u1ec3 \u1ee7 r\u01b0\u1ee3u Macallan Gold Double Cask , k\u1ebft qu\u1ea3 l\u00e0 \u0111em \u0111\u1ebfn cho The Macallan Double Cask c\u00f3 h\u01b0\u01a1ng v\u1ecb phong ph\u00fa , ng\u1ecdt ng\u00e0o v\u00e0 cay n\u1ed3ng , t\u1ea1o ra phong c\u00e1ch t\u01b0\u01a1i tr\u1ebb nh\u01b0 m\u00f9a xu\u00e2n c\u1ee7a d\u00f2ng s\u1ea3n ph\u1ea9m r\u01b0\u1ee3u Highland Single Malt Scotch Whisky n\u1ed5i ti\u1ebfng s\u1ed1 1 Th\u1ebf gi\u1edbi n\u00e0y<\/span><\/p>\n<p style=\"text-align: justify; background: white; box-sizing: border-box; outline: none; font-variant-ligatures: normal; font-variant-caps: normal; orphans: 2; widows: 2; -webkit-text-stroke-width: 0px; text-decoration-thickness: initial; text-decoration-style: initial; text-decoration-color: initial; word-spacing: 0px; margin: 0in 0in 7.5pt 0in;\"><span style=\"font-family: 'Arial',sans-serif; color: #333333;\">R\u01b0\u1ee3u Macallan 1824 Gold Double Cask \u0111\u01b0\u1ee3c tr\u01b0\u1edfng th\u00e0nh trong nh\u1eefng th\u00f9ng g\u1ed7 s\u1ed1i M\u1ef9 v\u00e0 th\u00f9ng g\u1ed7 s\u1ed3i Ch\u00e2u \u00e2u \u0111\u00e3 t\u1eebng \u1ee7 r\u01b0\u1ee3u Sherry t\u1eeb 10 &#8211; 15 n\u0103m , v\u00e0 c\u00f3 h\u01b0\u01a1ng v\u1ecb t\u01b0\u01a1i tr\u1ebb nh\u01b0 m\u00f9a xu\u00e2n , v\u1edbi h\u01b0\u01a1ng Cam , h\u01b0\u01a1ng T\u00e1o , Vanilia v\u00e0 Qu\u1ebf , c\u00f9ng \u0111\u1ed9 c\u00e2n b\u1eb1ng \u00eam m\u01b0\u1ee3t \u0111\u1ebfn kh\u00f3 t\u1ea3 _ \u0110\u00f3 l\u00e0 m\u1ed9t tr\u1ea3i nghi\u1ec7m tuy\u1ec7t v\u1eddi khi th\u01b0\u1edfng th\u1ee9c r\u01b0\u1ee3u Macallan 1824 Gold Double Cask<\/span><\/p>\n<p style=\"text-align: justify; background: white; box-sizing: border-box; outline: none; font-variant-ligatures: normal; font-variant-caps: normal; orphans: 2; widows: 2; -webkit-text-stroke-width: 0px; text-decoration-thickness: initial; text-decoration-style: initial; text-decoration-color: initial; word-spacing: 0px; margin: 0in 0in 7.5pt 0in;\"><span style=\"font-family: 'Arial',sans-serif; color: #333333;\">Macallan 1824 Gold Double Cask ( M\u1edbi ) _ Kh\u1edfi \u0111\u1ea7u cho m\u1ed9t k\u1ef7 nguy\u00ean Single Malt \u0111\u1eb3ng c\u1ea5p nh\u1ea5t Th\u1ebf gi\u1edbi<\/span><\/p>\n<p style=\"text-align: justify; background: white; box-sizing: border-box; outline: none; font-variant-ligatures: normal; font-variant-caps: normal; orphans: 2; widows: 2; -webkit-text-stroke-width: 0px; text-decoration-thickness: initial; text-decoration-style: initial; text-decoration-color: initial; word-spacing: 0px; margin: 0in 0in 7.5pt 0in;\"><span style=\"font-family: 'Arial',sans-serif; color: #333333;\">\u00a0<\/span><\/p>\n<p style=\"text-align: justify; background: white; box-sizing: border-box; outline: none; font-variant-ligatures: normal; font-variant-caps: normal; orphans: 2; widows: 2; -webkit-text-stroke-width: 0px; text-decoration-thickness: initial; text-decoration-style: initial; text-decoration-color: initial; word-spacing: 0px; margin: 0in 0in 7.5pt 0in;\"><strong style=\"box-sizing: border-box; outline: none;\"><span style=\"font-family: 'Arial',sans-serif; color: #333333; font-weight: normal;\">\u0110\u0102C \u0110I\u1ec2M C\u1ee6A R\u01af\u1ee2U MACALLAN 1824 GOLD :<\/span><\/strong><\/p>\n<p style=\"text-align: justify; background: white; box-sizing: border-box; outline: none; font-variant-ligatures: normal; font-variant-caps: normal; orphans: 2; widows: 2; -webkit-text-stroke-width: 0px; text-decoration-thickness: initial; text-decoration-style: initial; text-decoration-color: initial; word-spacing: 0px; margin: 0in 0in 7.5pt 0in;\"><strong style=\"box-sizing: border-box; outline: none;\"><span style=\"font-family: 'Arial',sans-serif; color: #333333; font-weight: normal;\">Dung t\u00edch :<\/span><\/strong><span style=\"font-family: 'Arial',sans-serif; color: #333333;\">\u00a0700 ml<\/span><\/p>\n<p style=\"text-align: justify; background: white; box-sizing: border-box; outline: none; font-variant-ligatures: normal; font-variant-caps: normal; orphans: 2; widows: 2; -webkit-text-stroke-width: 0px; text-decoration-thickness: initial; text-decoration-style: initial; text-decoration-color: initial; word-spacing: 0px; margin: 0in 0in 7.5pt 0in;\"><strong style=\"box-sizing: border-box; outline: none;\"><span style=\"font-family: 'Arial',sans-serif; color: #333333; font-weight: normal;\">N\u1ed3ng \u0111\u1ed9 :<\/span><\/strong><span style=\"font-family: 'Arial',sans-serif; color: #333333;\">\u00a040 %<\/span><\/p>\n<p style=\"text-align: justify; background: white; box-sizing: border-box; outline: none; font-variant-ligatures: normal; font-variant-caps: normal; orphans: 2; widows: 2; -webkit-text-stroke-width: 0px; text-decoration-thickness: initial; text-decoration-style: initial; text-decoration-color: initial; word-spacing: 0px; margin: 0in 0in 7.5pt 0in;\"><strong style=\"box-sizing: border-box; outline: none;\"><span style=\"font-family: 'Arial',sans-serif; color: #333333; font-weight: normal;\">M\u00f9i :<\/span><\/strong><span style=\"font-family: 'Arial',sans-serif; color: #333333;\">\u00a0H\u01b0\u01a1ng v\u1ecb t\u01b0\u01a1i tr\u1ebb c\u1ee7a m\u00f9a xu\u00e2n v\u1edbi Cam , T\u00e1o , c\u00f9ng v\u1edbi \u0111\u1ed9 m\u1ecbn m\u00e0ng \u0111\u1ebfn kh\u00f3 t\u1ea3 trong cu\u1ed1ng h\u1ecdng<\/span><\/p>\n<p style=\"text-align: justify; background: white; box-sizing: border-box; outline: none; font-variant-ligatures: normal; font-variant-caps: normal; orphans: 2; widows: 2; -webkit-text-stroke-width: 0px; text-decoration-thickness: initial; text-decoration-style: initial; text-decoration-color: initial; word-spacing: 0px; margin: 0in 0in 7.5pt 0in;\"><strong style=\"box-sizing: border-box; outline: none;\"><span style=\"font-family: 'Arial',sans-serif; color: #333333; font-weight: normal;\">V\u1ecb :<\/span><\/strong><span style=\"font-family: 'Arial',sans-serif; color: #333333;\">\u00a0C\u00e2n b\u1eb1ng , \u00eam m\u01b0\u1ee3t . K\u1ebft th\u00fac v\u1edbi v\u1ecb cay n\u1ed3ng c\u1ee7a g\u1ed7 S\u1ed3i h\u01b0\u01a1ng Sherry _ M\u1ed9t tr\u1ea3i ngi\u00eam tuy\u1ec7t v\u1eddi<\/span><\/p>\n","protected":false},"excerpt":{"rendered":"<table style=\"border-collapse: collapse; width: 100%; height: 136px;\">\n<tbody>\n<tr style=\"height: 21px;\">\n<td style=\"width: 50%; height: 21px;\">Xu\u1ea5t x\u1ee9<\/td>\n<td style=\"width: 50%; height: 21px;\">Scotland<\/td>\n<\/tr>\n<tr style=\"height: 21px;\">\n<td style=\"width: 50%; height: 21px;\">M\u1ea7u s\u1eafc<\/td>\n<td style=\"width: 50%; height: 21px;\">M\u1ea7u V\u00e0ng \u0110\u1eadm<\/td>\n<\/tr>\n<tr style=\"height: 21px;\">\n<td style=\"width: 50%; height: 21px;\">N\u1ed3ng \u0111\u1ed9<\/td>\n<td style=\"width: 50%; height: 21px;\">40%<\/td>\n<\/tr>\n<tr style=\"height: 21px;\">\n<td style=\"width: 50%; height: 21px;\">Dung t\u00edch<\/td>\n<td style=\"width: 50%; height: 21px;\">700ml<\/td>\n<\/tr>\n<tr style=\"height: 21px;\">\n<td style=\"width: 50%; height: 21px;\">V\u00f9ng<\/td>\n<td style=\"width: 50%; height: 21px;\">Speyside<\/td>\n<\/tr>\n<tr style=\"height: 21px;\">\n<td style=\"width: 50%; height: 21px;\"><\/td>\n<td style=\"width: 50%; height: 21px;\"><\/td>\n<\/tr>\n<\/tbody>\n<\/table>\n<p>&nbsp;<\/p>\n","protected":false},"featured_media":1138,"comment_status":"closed","ping_status":"closed","template":"","meta":{"_acf_changed":false},"product_brand":[],"product_cat":[98,34,26,90],"product_tag":[274,271,273,268,237,242,269],"class_list":{"0":"post-1137","1":"product","2":"type-product","3":"status-publish","4":"has-post-thumbnail","6":"product_cat-macallan","7":"product_cat-ruou-manh","8":"product_cat-san-pham-noi-bat","9":"product_cat-whisky","10":"product_tag-274","11":"product_tag-double-cask","12":"product_tag-gold","13":"product_tag-macallan","14":"product_tag-ruou-manh","15":"product_tag-ruou-manh-gia-re","16":"product_tag-ruou-scotland","18":"first","19":"instock","20":"shipping-taxable","21":"product-type-simple"},"acf":[],"yoast_head":"<!-- This site is optimized with the Yoast SEO plugin v26.8 - https:\/\/yoast.com\/product\/yoast-seo-wordpress\/ -->\n<title>R\u01b0\u1ee3u Macallan 1824 Gold Double Cask - R.WINE<\/title>\n<meta name=\"robots\" content=\"noindex, follow\" \/>\n<meta property=\"og:locale\" content=\"vi_VN\" \/>\n<meta property=\"og:type\" content=\"article\" \/>\n<meta property=\"og:title\" content=\"R\u01b0\u1ee3u Macallan 1824 Gold Double Cask - R.WINE\" \/>\n<meta property=\"og:description\" content=\"Xu\u1ea5t x\u1ee9 Scotland   M\u1ea7u s\u1eafc M\u1ea7u V\u00e0ng \u0110\u1eadm   N\u1ed3ng \u0111\u1ed9 40%   Dung t\u00edch 700ml   V\u00f9ng Speyside        &nbsp;\" \/>\n<meta property=\"og:url\" content=\"https:\/\/rwinevietnam.com\/home\/ruou-macallan-1824-gold-double-cask\/\" \/>\n<meta property=\"og:site_name\" content=\"R.WINE\" \/>\n<meta property=\"article:modified_time\" content=\"2023-11-08T11:56:00+00:00\" \/>\n<meta property=\"og:image\" content=\"https:\/\/rwinevietnam.com\/home\/wp-content\/uploads\/2023\/11\/IMG_6294.jpeg\" \/>\n\t<meta property=\"og:image:width\" content=\"1536\" \/>\n\t<meta property=\"og:image:height\" content=\"2048\" \/>\n\t<meta property=\"og:image:type\" content=\"image\/jpeg\" \/>\n<meta name=\"twitter:card\" content=\"summary_large_image\" \/>\n<script type=\"application\/ld+json\" class=\"yoast-schema-graph\">{\"@context\":\"https:\/\/schema.org\",\"@graph\":[{\"@type\":\"WebPage\",\"@id\":\"https:\/\/rwinevietnam.com\/home\/ruou-macallan-1824-gold-double-cask\/\",\"url\":\"https:\/\/rwinevietnam.com\/home\/ruou-macallan-1824-gold-double-cask\/\",\"name\":\"R\u01b0\u1ee3u Macallan 1824 Gold Double Cask - R.WINE\",\"isPartOf\":{\"@id\":\"https:\/\/rwinevietnam.com\/home\/#website\"},\"primaryImageOfPage\":{\"@id\":\"https:\/\/rwinevietnam.com\/home\/ruou-macallan-1824-gold-double-cask\/#primaryimage\"},\"image\":{\"@id\":\"https:\/\/rwinevietnam.com\/home\/ruou-macallan-1824-gold-double-cask\/#primaryimage\"},\"thumbnailUrl\":\"https:\/\/rwinevietnam.com\/home\/wp-content\/uploads\/2023\/11\/IMG_6294.jpeg\",\"datePublished\":\"2023-11-08T11:51:50+00:00\",\"dateModified\":\"2023-11-08T11:56:00+00:00\",\"breadcrumb\":{\"@id\":\"https:\/\/rwinevietnam.com\/home\/ruou-macallan-1824-gold-double-cask\/#breadcrumb\"},\"inLanguage\":\"vi\",\"potentialAction\":[{\"@type\":\"ReadAction\",\"target\":[\"https:\/\/rwinevietnam.com\/home\/ruou-macallan-1824-gold-double-cask\/\"]}]},{\"@type\":\"ImageObject\",\"inLanguage\":\"vi\",\"@id\":\"https:\/\/rwinevietnam.com\/home\/ruou-macallan-1824-gold-double-cask\/#primaryimage\",\"url\":\"https:\/\/rwinevietnam.com\/home\/wp-content\/uploads\/2023\/11\/IMG_6294.jpeg\",\"contentUrl\":\"https:\/\/rwinevietnam.com\/home\/wp-content\/uploads\/2023\/11\/IMG_6294.jpeg\",\"width\":1536,\"height\":2048},{\"@type\":\"BreadcrumbList\",\"@id\":\"https:\/\/rwinevietnam.com\/home\/ruou-macallan-1824-gold-double-cask\/#breadcrumb\",\"itemListElement\":[{\"@type\":\"ListItem\",\"position\":1,\"name\":\"Trang ch\u1ee7\",\"item\":\"https:\/\/rwinevietnam.com\/home\/\"},{\"@type\":\"ListItem\",\"position\":2,\"name\":\"S\u1ea3n ph\u1ea9m\",\"item\":\"https:\/\/rwinevietnam.com\/home\/san-pham\/\"},{\"@type\":\"ListItem\",\"position\":3,\"name\":\"R\u01b0\u1ee3u Macallan 1824 Gold Double Cask\"}]},{\"@type\":\"WebSite\",\"@id\":\"https:\/\/rwinevietnam.com\/home\/#website\",\"url\":\"https:\/\/rwinevietnam.com\/home\/\",\"name\":\"R.WINE\",\"description\":\"C\u00d4NG TY C\u1ed4 PH\u1ea6N XU\u1ea4T KH\u1ea8U NH\u1eacP KH\u1ea8U\",\"potentialAction\":[{\"@type\":\"SearchAction\",\"target\":{\"@type\":\"EntryPoint\",\"urlTemplate\":\"https:\/\/rwinevietnam.com\/home\/?s={search_term_string}\"},\"query-input\":{\"@type\":\"PropertyValueSpecification\",\"valueRequired\":true,\"valueName\":\"search_term_string\"}}],\"inLanguage\":\"vi\"}]}<\/script>\n<!-- \/ Yoast SEO plugin. -->","yoast_head_json":{"title":"R\u01b0\u1ee3u Macallan 1824 Gold Double Cask - R.WINE","robots":{"index":"noindex","follow":"follow"},"og_locale":"vi_VN","og_type":"article","og_title":"R\u01b0\u1ee3u Macallan 1824 Gold Double Cask - R.WINE","og_description":"Xu\u1ea5t x\u1ee9 Scotland   M\u1ea7u s\u1eafc M\u1ea7u V\u00e0ng \u0110\u1eadm   N\u1ed3ng \u0111\u1ed9 40%   Dung t\u00edch 700ml   V\u00f9ng Speyside        &nbsp;","og_url":"https:\/\/rwinevietnam.com\/home\/ruou-macallan-1824-gold-double-cask\/","og_site_name":"R.WINE","article_modified_time":"2023-11-08T11:56:00+00:00","og_image":[{"width":1536,"height":2048,"url":"https:\/\/rwinevietnam.com\/home\/wp-content\/uploads\/2023\/11\/IMG_6294.jpeg","type":"image\/jpeg"}],"twitter_card":"summary_large_image","schema":{"@context":"https:\/\/schema.org","@graph":[{"@type":"WebPage","@id":"https:\/\/rwinevietnam.com\/home\/ruou-macallan-1824-gold-double-cask\/","url":"https:\/\/rwinevietnam.com\/home\/ruou-macallan-1824-gold-double-cask\/","name":"R\u01b0\u1ee3u Macallan 1824 Gold Double Cask - R.WINE","isPartOf":{"@id":"https:\/\/rwinevietnam.com\/home\/#website"},"primaryImageOfPage":{"@id":"https:\/\/rwinevietnam.com\/home\/ruou-macallan-1824-gold-double-cask\/#primaryimage"},"image":{"@id":"https:\/\/rwinevietnam.com\/home\/ruou-macallan-1824-gold-double-cask\/#primaryimage"},"thumbnailUrl":"https:\/\/rwinevietnam.com\/home\/wp-content\/uploads\/2023\/11\/IMG_6294.jpeg","datePublished":"2023-11-08T11:51:50+00:00","dateModified":"2023-11-08T11:56:00+00:00","breadcrumb":{"@id":"https:\/\/rwinevietnam.com\/home\/ruou-macallan-1824-gold-double-cask\/#breadcrumb"},"inLanguage":"vi","potentialAction":[{"@type":"ReadAction","target":["https:\/\/rwinevietnam.com\/home\/ruou-macallan-1824-gold-double-cask\/"]}]},{"@type":"ImageObject","inLanguage":"vi","@id":"https:\/\/rwinevietnam.com\/home\/ruou-macallan-1824-gold-double-cask\/#primaryimage","url":"https:\/\/rwinevietnam.com\/home\/wp-content\/uploads\/2023\/11\/IMG_6294.jpeg","contentUrl":"https:\/\/rwinevietnam.com\/home\/wp-content\/uploads\/2023\/11\/IMG_6294.jpeg","width":1536,"height":2048},{"@type":"BreadcrumbList","@id":"https:\/\/rwinevietnam.com\/home\/ruou-macallan-1824-gold-double-cask\/#breadcrumb","itemListElement":[{"@type":"ListItem","position":1,"name":"Trang ch\u1ee7","item":"https:\/\/rwinevietnam.com\/home\/"},{"@type":"ListItem","position":2,"name":"S\u1ea3n ph\u1ea9m","item":"https:\/\/rwinevietnam.com\/home\/san-pham\/"},{"@type":"ListItem","position":3,"name":"R\u01b0\u1ee3u Macallan 1824 Gold Double Cask"}]},{"@type":"WebSite","@id":"https:\/\/rwinevietnam.com\/home\/#website","url":"https:\/\/rwinevietnam.com\/home\/","name":"R.WINE","description":"C\u00d4NG TY C\u1ed4 PH\u1ea6N XU\u1ea4T KH\u1ea8U NH\u1eacP KH\u1ea8U","potentialAction":[{"@type":"SearchAction","target":{"@type":"EntryPoint","urlTemplate":"https:\/\/rwinevietnam.com\/home\/?s={search_term_string}"},"query-input":{"@type":"PropertyValueSpecification","valueRequired":true,"valueName":"search_term_string"}}],"inLanguage":"vi"}]}},"_links":{"self":[{"href":"https:\/\/rwinevietnam.com\/home\/wp-json\/wp\/v2\/product\/1137","targetHints":{"allow":["GET"]}}],"collection":[{"href":"https:\/\/rwinevietnam.com\/home\/wp-json\/wp\/v2\/product"}],"about":[{"href":"https:\/\/rwinevietnam.com\/home\/wp-json\/wp\/v2\/types\/product"}],"replies":[{"embeddable":true,"href":"https:\/\/rwinevietnam.com\/home\/wp-json\/wp\/v2\/comments?post=1137"}],"wp:featuredmedia":[{"embeddable":true,"href":"https:\/\/rwinevietnam.com\/home\/wp-json\/wp\/v2\/media\/1138"}],"wp:attachment":[{"href":"https:\/\/rwinevietnam.com\/home\/wp-json\/wp\/v2\/media?parent=1137"}],"wp:term":[{"taxonomy":"product_brand","embeddable":true,"href":"https:\/\/rwinevietnam.com\/home\/wp-json\/wp\/v2\/product_brand?post=1137"},{"taxonomy":"product_cat","embeddable":true,"href":"https:\/\/rwinevietnam.com\/home\/wp-json\/wp\/v2\/product_cat?post=1137"},{"taxonomy":"product_tag","embeddable":true,"href":"https:\/\/rwinevietnam.com\/home\/wp-json\/wp\/v2\/product_tag?post=1137"}],"curies":[{"name":"wp","href":"https:\/\/api.w.org\/{rel}","templated":true}]}}