{"id":1125,"date":"2023-11-02T17:10:40","date_gmt":"2023-11-02T17:10:40","guid":{"rendered":"https:\/\/rwinevietnam.com\/home\/?post_type=product&#038;p=1125"},"modified":"2023-11-02T17:21:17","modified_gmt":"2023-11-02T17:21:17","slug":"ruou-vang-tay-ban-nha-ruou-vang-keos-blue-moscato","status":"publish","type":"product","link":"https:\/\/rwinevietnam.com\/home\/ruou-vang-tay-ban-nha-ruou-vang-keos-blue-moscato\/","title":{"rendered":"R\u01b0\u1ee3u Vang\u00a0T\u00e2y Ban Nha R\u01b0\u1ee3u vang Keos Blue Moscato"},"content":{"rendered":"<p>R\u01b0\u1ee3u vang Keos Blue Moscato l\u00e0 m\u1ed9t lo\u1ea1i r\u01b0\u1ee3u vang ng\u1ecdt \u0111\u01b0\u1ee3c s\u1ea3n xu\u1ea5t t\u1eeb gi\u1ed1ng nho Moscato t\u1ea1i \u0111\u1ea3o Santorini, Hy L\u1ea1p b\u1edfi nh\u00e0 m\u00e1y r\u01b0\u1ee3u vang Keos. \u0110\u00e2y l\u00e0 m\u1ed9t lo\u1ea1i r\u01b0\u1ee3u vang tr\u1ebb trung, t\u01b0\u01a1i m\u1edbi, v\u1edbi m\u00e0u xanh d\u01b0\u01a1ng tuy\u1ec7t \u0111\u1eb9p v\u00e0 h\u01b0\u01a1ng th\u01a1m ng\u1ecdt ng\u00e0o c\u1ee7a hoa qu\u1ea3 ch\u00edn m\u1ecdng, nh\u01b0 d\u00e2u t\u00e2y, qu\u1ea3 m\u00e2m x\u00f4i v\u00e0 cam.<\/p>\n<p><img loading=\"lazy\" decoding=\"async\" class=\"aligncenter wp-image-1127\" src=\"https:\/\/rwinevietnam.com\/home\/wp-content\/uploads\/2023\/11\/2.jpg\" alt=\"\" width=\"399\" height=\"399\" srcset=\"https:\/\/rwinevietnam.com\/home\/wp-content\/uploads\/2023\/11\/2.jpg 600w, https:\/\/rwinevietnam.com\/home\/wp-content\/uploads\/2023\/11\/2-300x300.jpg 300w, https:\/\/rwinevietnam.com\/home\/wp-content\/uploads\/2023\/11\/2-150x150.jpg 150w, https:\/\/rwinevietnam.com\/home\/wp-content\/uploads\/2023\/11\/2-100x100.jpg 100w\" sizes=\"auto, (max-width: 399px) 100vw, 399px\" \/><\/p>\n<p>&nbsp;<\/p>\n<p>Keos Blue Moscato\u00a0l\u00e0 m\u1ed9t lo\u1ea1i r\u01b0\u1ee3u vang Muscat s\u1ee7i b\u1ecdt ng\u1ecdt ng\u00e0o s\u1ebd bi\u1ebfn \u0111\u1ed5i b\u1ea5t k\u1ef3 b\u00e0n ti\u1ec7c l\u1ec5 h\u1ed9i n\u00e0o. M\u00e0u s\u1eafc b\u1ea5t th\u01b0\u1eddng v\u00e0 h\u01b0\u01a1ng v\u1ecb t\u01b0\u01a1i s\u00e1ng c\u1ee7a n\u00f3 s\u1ebd th\u00eam m\u1ed9t ch\u00fat h\u1ea5p d\u1eabn v\u00e0 b\u00ed \u1ea9n cho b\u1ea5t k\u1ef3 l\u1ec5 k\u1ef7 ni\u1ec7m n\u00e0o.\u00a0R\u01b0\u1ee3u vang s\u1ee7i b\u1ecdt \u0111\u01b0\u1ee3c t\u1ea1o ra theo ph\u01b0\u01a1ng ph\u00e1p Sharma truy\u1ec1n th\u1ed1ng b\u1eb1ng c\u00e1ch l\u00ean men \u1edf nhi\u1ec7t \u0111\u1ed9 th\u1ea5p.\u00a0Qu\u00e1 tr\u00ecnh l\u00ean men ph\u1ee5 di\u1ec5n ra trong c\u00e1c b\u1ed3n ch\u1ee9a, sau \u0111\u00f3 r\u01b0\u1ee3u \u0111\u01b0\u1ee3c \u0111\u00f3ng chai.<\/p>\n<p>Keos Blue Moscato r\u1ea5t h\u1ee3p v\u1edbi c\u00e1c m\u00f3n tr\u00e1ng mi\u1ec7ng, v\u00ec v\u1eady n\u00f3 c\u00f3 th\u1ec3 \u0111\u01b0\u1ee3c ph\u1ee5c v\u1ee5 v\u00e0o cu\u1ed1i b\u1eefa \u0103n. Nh\u01b0ng ngay c\u1ea3 \u1edf d\u1ea1ng nguy\u00ean ch\u1ea5t, nh\u01b0 m\u1ed9t lo\u1ea1i r\u01b0\u1ee3u khai v\u1ecb, lo\u1ea1i r\u01b0\u1ee3u vang s\u1ee7i b\u1ecdt n\u00e0y c\u00f3 th\u1ec3 khi\u1ebfn b\u1ea1n ng\u1ea1c nhi\u00ean v\u00e0 m\u00ea m\u1ea9n!<\/p>\n<p>Th\u01b0\u1edfng th\u1ee9c r\u01b0\u1ee3u vang Keos Blue Moscato ra sao?<\/p>\n<p>M\u00e0u s\u1eafc:\u00a0R\u01b0\u1ee3u vang c\u00f3 m\u00e0u xanh lam.<\/p>\n<p>N\u1ebfm th\u1eed:\u00a0Tinh t\u1ebf, ng\u1ecdt ng\u00e0o v\u00e0 \u0111\u1ed3ng th\u1eddi h\u01b0\u01a1ng v\u1ecb s\u1ea3ng kho\u00e1i c\u1ee7a r\u01b0\u1ee3u vang n\u1ed5 b\u1ed9c l\u1ed9 s\u1eafc th\u00e1i tr\u00e1i c\u00e2y c\u1ee7a chanh, v\u1ea3i v\u00e0 m\u01a1.\u00a0D\u01b0 v\u1ecb t\u01b0\u01a1i s\u00e1ng, h\u1ea5p d\u1eabn v\u00e0 d\u1ec5 ch\u1ecbu.<\/p>\n<p>H\u01b0\u01a1ng th\u01a1m:\u00a0H\u01b0\u01a1ng th\u01a1m c\u1ee7a r\u01b0\u1ee3u vang n\u1ed5 ch\u1ee9a c\u00e1c n\u1ed1t h\u01b0\u01a1ng c\u1ee7a hoa anh \u0111\u00e0o, s\u1eafc th\u00e1i c\u1ee7a qu\u1ea3 m\u01a1 v\u00e0 \u0111i\u1ec3m nh\u1ea5n t\u01b0\u01a1i s\u00e1ng c\u1ee7a tr\u00e1i c\u00e2y h\u1ecd cam qu\u00fdt.<\/p>\n<p>S\u1ef1 k\u1ebft h\u1ee3p \u1ea9m th\u1ef1c:\u00a0R\u01b0\u1ee3u vang n\u1ed5\u00a0c\u00f3 th\u1ec3 \u0111\u01b0\u1ee3c ph\u1ee5c v\u1ee5 g\u1ecdn g\u00e0ng ho\u1eb7c b\u1ed5 sung v\u1edbi c\u00e1c m\u00f3n tr\u00e1ng mi\u1ec7ng, tr\u00e1i c\u00e2y, pho m\u00e1t m\u1ec1m ho\u1eb7c c\u00e1c lo\u1ea1i h\u1ea1t.<\/p>\n<p>&nbsp;<\/p>\n","protected":false},"excerpt":{"rendered":"<table style=\"border-collapse: collapse; width: 100%; height: 147px;\">\n<tbody>\n<tr style=\"height: 21px;\">\n<td style=\"width: 50%; height: 21px;\">Xu\u1ea5t x\u1ee9<\/td>\n<td style=\"width: 50%; height: 21px;\">T\u00e2y Ban Nha<\/td>\n<\/tr>\n<tr style=\"height: 21px;\">\n<td style=\"width: 50%; height: 21px;\">Ph\u00e2n lo\u1ea1i<\/td>\n<td style=\"width: 50%; height: 21px;\">Vang n\u1ed5<\/td>\n<\/tr>\n<tr style=\"height: 21px;\">\n<td style=\"width: 50%; height: 21px;\">N\u1ed3ng \u0111\u1ed9<\/td>\n<td style=\"width: 50%; height: 21px;\">5,5 %<\/td>\n<\/tr>\n<tr style=\"height: 21px;\">\n<td style=\"width: 50%; height: 21px;\">Dung t\u00edch<\/td>\n<td style=\"width: 50%; height: 21px;\">\u00a0750ml<\/td>\n<\/tr>\n<tr style=\"height: 21px;\">\n<td style=\"width: 50%; height: 21px;\">Gi\u1ed1ng nho<\/td>\n<td style=\"width: 50%; height: 21px;\">Moscato<\/td>\n<\/tr>\n<tr style=\"height: 21px;\">\n<td style=\"width: 50%; height: 21px;\"><\/td>\n<td style=\"width: 50%; height: 21px;\"><\/td>\n<\/tr>\n<tr style=\"height: 21px;\">\n<td style=\"width: 50%; height: 21px;\"><\/td>\n<td style=\"width: 50%; height: 21px;\"><\/td>\n<\/tr>\n<\/tbody>\n<\/table>\n<p>&nbsp;<\/p>\n","protected":false},"featured_media":1126,"comment_status":"closed","ping_status":"closed","template":"","meta":{"_acf_changed":false},"product_brand":[],"product_cat":[230,27,26,67,33],"product_tag":[265,266,184,231,232,264],"class_list":{"0":"post-1125","1":"product","2":"type-product","3":"status-publish","4":"has-post-thumbnail","6":"product_cat-moscato","7":"product_cat-ruou-vang","8":"product_cat-san-pham-noi-bat","9":"product_cat-vang-no","10":"product_cat-vang-tay-ban-nha","11":"product_tag-keos-blue","12":"product_tag-moscato","13":"product_tag-ruou-vang-gia-re","14":"product_tag-vang-no","15":"product_tag-vang-sui","16":"product_tag-vang-tay-ban-nha","18":"first","19":"instock","20":"shipping-taxable","21":"product-type-simple"},"acf":[],"yoast_head":"<!-- This site is optimized with the Yoast SEO plugin v26.8 - https:\/\/yoast.com\/product\/yoast-seo-wordpress\/ -->\n<title>R\u01b0\u1ee3u Vang\u00a0T\u00e2y Ban Nha R\u01b0\u1ee3u vang Keos Blue Moscato - R.WINE<\/title>\n<meta name=\"robots\" content=\"noindex, follow\" \/>\n<meta property=\"og:locale\" content=\"vi_VN\" \/>\n<meta property=\"og:type\" content=\"article\" \/>\n<meta property=\"og:title\" content=\"R\u01b0\u1ee3u Vang\u00a0T\u00e2y Ban Nha R\u01b0\u1ee3u vang Keos Blue Moscato - R.WINE\" \/>\n<meta property=\"og:description\" content=\"Xu\u1ea5t x\u1ee9 T\u00e2y Ban Nha   Ph\u00e2n lo\u1ea1i Vang n\u1ed5   N\u1ed3ng \u0111\u1ed9 5,5 %   Dung t\u00edch \u00a0750ml   Gi\u1ed1ng nho Moscato            &nbsp;\" \/>\n<meta property=\"og:url\" content=\"https:\/\/rwinevietnam.com\/home\/ruou-vang-tay-ban-nha-ruou-vang-keos-blue-moscato\/\" \/>\n<meta property=\"og:site_name\" content=\"R.WINE\" \/>\n<meta property=\"article:modified_time\" content=\"2023-11-02T17:21:17+00:00\" \/>\n<meta property=\"og:image\" content=\"https:\/\/rwinevietnam.com\/home\/wp-content\/uploads\/2023\/11\/Keos-blue.jpg\" \/>\n\t<meta property=\"og:image:width\" content=\"767\" \/>\n\t<meta property=\"og:image:height\" content=\"1224\" \/>\n\t<meta property=\"og:image:type\" content=\"image\/jpeg\" \/>\n<meta name=\"twitter:card\" content=\"summary_large_image\" \/>\n<script type=\"application\/ld+json\" class=\"yoast-schema-graph\">{\"@context\":\"https:\/\/schema.org\",\"@graph\":[{\"@type\":\"WebPage\",\"@id\":\"https:\/\/rwinevietnam.com\/home\/ruou-vang-tay-ban-nha-ruou-vang-keos-blue-moscato\/\",\"url\":\"https:\/\/rwinevietnam.com\/home\/ruou-vang-tay-ban-nha-ruou-vang-keos-blue-moscato\/\",\"name\":\"R\u01b0\u1ee3u Vang\u00a0T\u00e2y Ban Nha R\u01b0\u1ee3u vang Keos Blue Moscato - R.WINE\",\"isPartOf\":{\"@id\":\"https:\/\/rwinevietnam.com\/home\/#website\"},\"primaryImageOfPage\":{\"@id\":\"https:\/\/rwinevietnam.com\/home\/ruou-vang-tay-ban-nha-ruou-vang-keos-blue-moscato\/#primaryimage\"},\"image\":{\"@id\":\"https:\/\/rwinevietnam.com\/home\/ruou-vang-tay-ban-nha-ruou-vang-keos-blue-moscato\/#primaryimage\"},\"thumbnailUrl\":\"https:\/\/rwinevietnam.com\/home\/wp-content\/uploads\/2023\/11\/Keos-blue.jpg\",\"datePublished\":\"2023-11-02T17:10:40+00:00\",\"dateModified\":\"2023-11-02T17:21:17+00:00\",\"breadcrumb\":{\"@id\":\"https:\/\/rwinevietnam.com\/home\/ruou-vang-tay-ban-nha-ruou-vang-keos-blue-moscato\/#breadcrumb\"},\"inLanguage\":\"vi\",\"potentialAction\":[{\"@type\":\"ReadAction\",\"target\":[\"https:\/\/rwinevietnam.com\/home\/ruou-vang-tay-ban-nha-ruou-vang-keos-blue-moscato\/\"]}]},{\"@type\":\"ImageObject\",\"inLanguage\":\"vi\",\"@id\":\"https:\/\/rwinevietnam.com\/home\/ruou-vang-tay-ban-nha-ruou-vang-keos-blue-moscato\/#primaryimage\",\"url\":\"https:\/\/rwinevietnam.com\/home\/wp-content\/uploads\/2023\/11\/Keos-blue.jpg\",\"contentUrl\":\"https:\/\/rwinevietnam.com\/home\/wp-content\/uploads\/2023\/11\/Keos-blue.jpg\",\"width\":767,\"height\":1224},{\"@type\":\"BreadcrumbList\",\"@id\":\"https:\/\/rwinevietnam.com\/home\/ruou-vang-tay-ban-nha-ruou-vang-keos-blue-moscato\/#breadcrumb\",\"itemListElement\":[{\"@type\":\"ListItem\",\"position\":1,\"name\":\"Trang ch\u1ee7\",\"item\":\"https:\/\/rwinevietnam.com\/home\/\"},{\"@type\":\"ListItem\",\"position\":2,\"name\":\"S\u1ea3n ph\u1ea9m\",\"item\":\"https:\/\/rwinevietnam.com\/home\/san-pham\/\"},{\"@type\":\"ListItem\",\"position\":3,\"name\":\"R\u01b0\u1ee3u Vang\u00a0T\u00e2y Ban Nha R\u01b0\u1ee3u vang Keos Blue Moscato\"}]},{\"@type\":\"WebSite\",\"@id\":\"https:\/\/rwinevietnam.com\/home\/#website\",\"url\":\"https:\/\/rwinevietnam.com\/home\/\",\"name\":\"R.WINE\",\"description\":\"C\u00d4NG TY C\u1ed4 PH\u1ea6N XU\u1ea4T KH\u1ea8U NH\u1eacP KH\u1ea8U\",\"potentialAction\":[{\"@type\":\"SearchAction\",\"target\":{\"@type\":\"EntryPoint\",\"urlTemplate\":\"https:\/\/rwinevietnam.com\/home\/?s={search_term_string}\"},\"query-input\":{\"@type\":\"PropertyValueSpecification\",\"valueRequired\":true,\"valueName\":\"search_term_string\"}}],\"inLanguage\":\"vi\"}]}<\/script>\n<!-- \/ Yoast SEO plugin. -->","yoast_head_json":{"title":"R\u01b0\u1ee3u Vang\u00a0T\u00e2y Ban Nha R\u01b0\u1ee3u vang Keos Blue Moscato - R.WINE","robots":{"index":"noindex","follow":"follow"},"og_locale":"vi_VN","og_type":"article","og_title":"R\u01b0\u1ee3u Vang\u00a0T\u00e2y Ban Nha R\u01b0\u1ee3u vang Keos Blue Moscato - R.WINE","og_description":"Xu\u1ea5t x\u1ee9 T\u00e2y Ban Nha   Ph\u00e2n lo\u1ea1i Vang n\u1ed5   N\u1ed3ng \u0111\u1ed9 5,5 %   Dung t\u00edch \u00a0750ml   Gi\u1ed1ng nho Moscato            &nbsp;","og_url":"https:\/\/rwinevietnam.com\/home\/ruou-vang-tay-ban-nha-ruou-vang-keos-blue-moscato\/","og_site_name":"R.WINE","article_modified_time":"2023-11-02T17:21:17+00:00","og_image":[{"width":767,"height":1224,"url":"https:\/\/rwinevietnam.com\/home\/wp-content\/uploads\/2023\/11\/Keos-blue.jpg","type":"image\/jpeg"}],"twitter_card":"summary_large_image","schema":{"@context":"https:\/\/schema.org","@graph":[{"@type":"WebPage","@id":"https:\/\/rwinevietnam.com\/home\/ruou-vang-tay-ban-nha-ruou-vang-keos-blue-moscato\/","url":"https:\/\/rwinevietnam.com\/home\/ruou-vang-tay-ban-nha-ruou-vang-keos-blue-moscato\/","name":"R\u01b0\u1ee3u Vang\u00a0T\u00e2y Ban Nha R\u01b0\u1ee3u vang Keos Blue Moscato - R.WINE","isPartOf":{"@id":"https:\/\/rwinevietnam.com\/home\/#website"},"primaryImageOfPage":{"@id":"https:\/\/rwinevietnam.com\/home\/ruou-vang-tay-ban-nha-ruou-vang-keos-blue-moscato\/#primaryimage"},"image":{"@id":"https:\/\/rwinevietnam.com\/home\/ruou-vang-tay-ban-nha-ruou-vang-keos-blue-moscato\/#primaryimage"},"thumbnailUrl":"https:\/\/rwinevietnam.com\/home\/wp-content\/uploads\/2023\/11\/Keos-blue.jpg","datePublished":"2023-11-02T17:10:40+00:00","dateModified":"2023-11-02T17:21:17+00:00","breadcrumb":{"@id":"https:\/\/rwinevietnam.com\/home\/ruou-vang-tay-ban-nha-ruou-vang-keos-blue-moscato\/#breadcrumb"},"inLanguage":"vi","potentialAction":[{"@type":"ReadAction","target":["https:\/\/rwinevietnam.com\/home\/ruou-vang-tay-ban-nha-ruou-vang-keos-blue-moscato\/"]}]},{"@type":"ImageObject","inLanguage":"vi","@id":"https:\/\/rwinevietnam.com\/home\/ruou-vang-tay-ban-nha-ruou-vang-keos-blue-moscato\/#primaryimage","url":"https:\/\/rwinevietnam.com\/home\/wp-content\/uploads\/2023\/11\/Keos-blue.jpg","contentUrl":"https:\/\/rwinevietnam.com\/home\/wp-content\/uploads\/2023\/11\/Keos-blue.jpg","width":767,"height":1224},{"@type":"BreadcrumbList","@id":"https:\/\/rwinevietnam.com\/home\/ruou-vang-tay-ban-nha-ruou-vang-keos-blue-moscato\/#breadcrumb","itemListElement":[{"@type":"ListItem","position":1,"name":"Trang ch\u1ee7","item":"https:\/\/rwinevietnam.com\/home\/"},{"@type":"ListItem","position":2,"name":"S\u1ea3n ph\u1ea9m","item":"https:\/\/rwinevietnam.com\/home\/san-pham\/"},{"@type":"ListItem","position":3,"name":"R\u01b0\u1ee3u Vang\u00a0T\u00e2y Ban Nha R\u01b0\u1ee3u vang Keos Blue Moscato"}]},{"@type":"WebSite","@id":"https:\/\/rwinevietnam.com\/home\/#website","url":"https:\/\/rwinevietnam.com\/home\/","name":"R.WINE","description":"C\u00d4NG TY C\u1ed4 PH\u1ea6N XU\u1ea4T KH\u1ea8U NH\u1eacP KH\u1ea8U","potentialAction":[{"@type":"SearchAction","target":{"@type":"EntryPoint","urlTemplate":"https:\/\/rwinevietnam.com\/home\/?s={search_term_string}"},"query-input":{"@type":"PropertyValueSpecification","valueRequired":true,"valueName":"search_term_string"}}],"inLanguage":"vi"}]}},"_links":{"self":[{"href":"https:\/\/rwinevietnam.com\/home\/wp-json\/wp\/v2\/product\/1125","targetHints":{"allow":["GET"]}}],"collection":[{"href":"https:\/\/rwinevietnam.com\/home\/wp-json\/wp\/v2\/product"}],"about":[{"href":"https:\/\/rwinevietnam.com\/home\/wp-json\/wp\/v2\/types\/product"}],"replies":[{"embeddable":true,"href":"https:\/\/rwinevietnam.com\/home\/wp-json\/wp\/v2\/comments?post=1125"}],"wp:featuredmedia":[{"embeddable":true,"href":"https:\/\/rwinevietnam.com\/home\/wp-json\/wp\/v2\/media\/1126"}],"wp:attachment":[{"href":"https:\/\/rwinevietnam.com\/home\/wp-json\/wp\/v2\/media?parent=1125"}],"wp:term":[{"taxonomy":"product_brand","embeddable":true,"href":"https:\/\/rwinevietnam.com\/home\/wp-json\/wp\/v2\/product_brand?post=1125"},{"taxonomy":"product_cat","embeddable":true,"href":"https:\/\/rwinevietnam.com\/home\/wp-json\/wp\/v2\/product_cat?post=1125"},{"taxonomy":"product_tag","embeddable":true,"href":"https:\/\/rwinevietnam.com\/home\/wp-json\/wp\/v2\/product_tag?post=1125"}],"curies":[{"name":"wp","href":"https:\/\/api.w.org\/{rel}","templated":true}]}}