{"id":1122,"date":"2023-11-02T16:57:55","date_gmt":"2023-11-02T16:57:55","guid":{"rendered":"https:\/\/rwinevietnam.com\/home\/?post_type=product&#038;p=1122"},"modified":"2023-11-02T17:06:01","modified_gmt":"2023-11-02T17:06:01","slug":"ruou-vang-y-santero-moscato-dasti-ngot-ngao","status":"publish","type":"product","link":"https:\/\/rwinevietnam.com\/home\/ruou-vang-y-santero-moscato-dasti-ngot-ngao\/","title":{"rendered":"R\u01b0\u1ee3u Vang\u00a0\u00dd Santero Moscato d&#8217;Asti ng\u1ecdt ng\u00e0o"},"content":{"rendered":"<p><em>Santero\u00a0l\u00e0 m\u1ed9t lo\u1ea1i r\u01b0\u1ee3u vang n\u1ed5 c\u00f3 ngu\u1ed3n g\u1ed1c t\u1eeb v\u00f9ng Asti c\u1ee7a Piedmont, \u00dd, n\u1ed5i ti\u1ebfng v\u1ec1 s\u1ea3n xu\u1ea5t r\u01b0\u1ee3u vang Moscato \u0111\u1eb3ng c\u1ea5p th\u1ebf gi\u1edbi. \u0110\u01b0\u1ee3c ch\u1ebf t\u00e1c b\u1edfi Santero, nh\u00e0 r\u01b0\u1ee3u c\u00f3 truy\u1ec1n th\u1ed1ng l\u00e2u \u0111\u1eddi v\u1ec1 chuy\u00ean m\u00f4n s\u1ea3n xu\u1ea5t\u00a0r\u01b0\u1ee3u vang\u00a0qua nhi\u1ec1u nhi\u1ec1u th\u1ebf h\u1ec7, chai vang n\u1ed5 tr\u1eafng n\u00e0y \u0111\u01b0\u1ee3c \u01b0a th\u00edch b\u1edfi v\u1ecb ng\u1ecdt tinh t\u1ebf v\u00e0 s\u1ef1 s\u1ee7i b\u1ecdt r\u1ef1c r\u1ee1 t\u01b0\u1ee3ng tr\u01b0ng cho b\u1ea3n ch\u1ea5t nho Moscato.<\/em><\/p>\n<p><img loading=\"lazy\" decoding=\"async\" class=\"aligncenter  wp-image-1124\" src=\"https:\/\/rwinevietnam.com\/home\/wp-content\/uploads\/2023\/11\/370547597_239655202389543_655881185462287537_n-768x1024.jpeg\" alt=\"\" width=\"319\" height=\"425\" srcset=\"https:\/\/rwinevietnam.com\/home\/wp-content\/uploads\/2023\/11\/370547597_239655202389543_655881185462287537_n-768x1024.jpeg 768w, https:\/\/rwinevietnam.com\/home\/wp-content\/uploads\/2023\/11\/370547597_239655202389543_655881185462287537_n-225x300.jpeg 225w, https:\/\/rwinevietnam.com\/home\/wp-content\/uploads\/2023\/11\/370547597_239655202389543_655881185462287537_n-1152x1536.jpeg 1152w, https:\/\/rwinevietnam.com\/home\/wp-content\/uploads\/2023\/11\/370547597_239655202389543_655881185462287537_n-300x400.jpeg 300w, https:\/\/rwinevietnam.com\/home\/wp-content\/uploads\/2023\/11\/370547597_239655202389543_655881185462287537_n-600x800.jpeg 600w, https:\/\/rwinevietnam.com\/home\/wp-content\/uploads\/2023\/11\/370547597_239655202389543_655881185462287537_n.jpeg 1536w\" sizes=\"auto, (max-width: 319px) 100vw, 319px\" \/><\/p>\n<p>&nbsp;<\/p>\n<ol>\n<li>\u0110\u1eb7c \u0111i\u1ec3m r\u01b0\u1ee3u vang n\u1ed5 Santero<\/li>\n<\/ol>\n<p>R\u01b0\u1ee3u vang n\u1ed5\u00a0Santero Moscato D\u2019Asti\u00a0t\u1eeb l\u00e2u \u0111\u00e3 n\u1ed5i danh tr\u00ean th\u1ebf gi\u1edbi b\u1edfi m\u00f9i h\u01b0\u01a1ng \u2013 kh\u00f4ng th\u1ec3 nh\u1ea7m l\u1eabn v\u00e0 c\u00e1ch s\u1ea3n xu\u1ea5t c\u1ea7u k\u1ef3 \u0111\u1eb7c tr\u01b0ng v\u1edbi c\u00e1c nh\u00e0 l\u00e0m r\u01b0\u1ee3u kh\u00e1c. Qu\u00e1 tr\u00ecnh s\u1ea3n xu\u1ea5t v\u00e0 \u1ee7 men ph\u1ee9c t\u1ea1p sau \u0111\u00f3 l\u00e0 c\u1ea3 m\u1ed9t ngh\u1ec7 thu\u1eadt b\u1edfi s\u1ef1 c\u1ea7u k\u1ef3 v\u1ec1 k\u0129 thu\u1eadt gi\u1eef l\u1ea1nh, ki\u1ec3m so\u00e1t \u0111\u1ed9 l\u00ean men v\u00e0 c\u00e1ch \u1ee7 \u0111\u1ec3 t\u1ea1o ra s\u1ea3n ph\u1ea9m ho\u00e0n h\u1ea3o.<\/p>\n<p>Santero\u00a0khi r\u00f3t ra s\u1ee7i nh\u1eb9 nh\u00e0ng v\u00e0 c\u00f3 m\u00e0u v\u00e0ng r\u01a1m c\u00f9ng v\u1ecb ng\u1ecdt thanh \u0111\u1ea7y s\u1ed1ng \u0111\u1ed9ng. M\u00f9i th\u01a1m d\u1ecbu nh\u1eb9, l\u00e0 s\u1ef1 k\u1ebft h\u1ee3p h\u00e0i h\u00f2a gi\u1eefa m\u00f9i hoa chanh, b\u1ea1c h\u00e0 v\u00e0 qu\u1ebf. H\u01b0\u01a1ng th\u01a1m c\u1ee7a Moscato l\u00e0 \u0111\u1ed9c nh\u1ea5t v\u00f4 nh\u1ecb, r\u1ea5t kh\u00f3 c\u00f3 th\u1ec3 nh\u1ea7m v\u1edbi c\u00e1c gi\u1ed1ng nho kh\u00e1c.<\/p>\n<p>Tr\u00ean v\u00f2m mi\u1ec7ng,\u00a0Santero Moscato Dolce\u00a0l\u00f4i cu\u1ed1n ng\u01b0\u1eddi d\u00f9ng v\u1edbi v\u1ecb ng\u1ecdt ng\u00e0o v\u00e0 \u0111\u1ed9 acid s\u1ea3ng kho\u00e1i, t\u1ea1o n\u00ean s\u1ef1 c\u00e2n b\u1eb1ng h\u00e0i h\u00f2a l\u00e0m k\u00edch th\u00edch v\u1ecb gi\u00e1c. H\u01b0\u01a1ng v\u1ecb nh\u1eb9 nh\u00e0ng v\u00e0 tinh t\u1ebf c\u1ee7a r\u01b0\u1ee3u v\u1edbi s\u1ef1 n\u1ed5i b\u1eadt c\u1ee7a \u0111\u00e0o, l\u00ea m\u1ecdng n\u01b0\u1edbc c\u00f9ng tr\u00e1i c\u00e2y nhi\u1ec7t \u0111\u1edbi r\u1ef1c r\u1ee1, h\u00ecnh th\u00e0nh c\u1ea3m gi\u00e1c \u0111\u1eadm \u0111\u00e0 nh\u1eefng gi\u00f2n d\u1ec5 ch\u1ecbu trong mi\u1ec7ng. K\u1ebft c\u1ea5u m\u1ecbn v\u00e0 m\u01b0\u1ee3t c\u1ee7a r\u01b0\u1ee3u c\u00e0ng l\u00e0m t\u0103ng th\u00eam s\u1ee9c h\u1ea5p d\u1eabn c\u1ee7a n\u00f3, khi\u1ebfn r\u01b0\u1ee3u tr\u1edf th\u00e0nh l\u1ef1a ch\u1ecdn l\u00fd t\u01b0\u1edfng cho nh\u1eefng ai \u0111ang t\u00ecm ki\u1ebfm tr\u1ea3i nghi\u1ec7m u\u1ed1ng r\u01b0\u1ee3u th\u00fa v\u1ecb, s\u1ea3ng kho\u00e1i.<\/p>\n<p>2. Th\u01b0\u1edfng th\u1ee9c r\u01b0\u1ee3u vang n\u1ed5 Santero<\/p>\n<p>V\u1edbi v\u1ecb ng\u1ecdt d\u1ecbu nh\u1eb9 v\u00e0 h\u01b0\u01a1ng th\u01a1m tinh t\u1ebf,\u00a0Santero Moscato d&#8217;Asti\u00a0l\u00e0 l\u1ef1a ch\u1ecdn ho\u00e0n h\u1ea3o khi k\u1ebft h\u1ee3p v\u1edbi c\u00e1c m\u00f3n tr\u00e1ng mi\u1ec7ng nh\u01b0 b\u00e1nh ng\u1ecdt, kem, ho\u1eb7c tr\u00e1i c\u00e2y t\u01b0\u01a1i. C\u00e1c m\u00f3n b\u00e1nh ng\u1ecdt nh\u01b0 b\u00e1nh kem, b\u00e1nh tart, v\u00e0 b\u00e1nh quy th\u01b0\u1eddng \u0111\u01b0\u1ee3c l\u1ef1a ch\u1ecdn \u0111\u1ec3 c\u1ed9ng h\u01b0\u1edfng h\u01b0\u01a1ng v\u1ecb v\u1edbi chai vang n\u1ed5 n\u00e0y. Ngo\u00e0i ra, c\u00e1c m\u00f3n h\u1ea3i s\u1ea3n t\u01b0\u01a1i nh\u01b0 t\u00f4m cua h\u1ea5p, h\u00e0u t\u01b0\u01a1i hay sushi v\u00e0 sashimi \u0111\u1ec1u l\u00e0 nh\u1eefng \u00fd t\u01b0\u1edfng kh\u00f4ng t\u1ed3i khi k\u1ebft h\u1ee3p c\u00f9ng Santero.\u00a0Nhi\u1ec7t \u0111\u1ed9 ph\u1ee5c v\u1ee5 l\u00fd t\u01b0\u1edfng l\u00e0 t\u1eeb 6 \u0111\u1ebfn 8 \u0111\u1ed9 C. Trong kho\u1ea3ng nhi\u1ec7t n\u00e0y, th\u1ef1c kh\u00e1ch c\u00f3 th\u1ec3 t\u1eadn h\u01b0\u1edfng \u0111\u01b0\u1ee3c s\u1ef1 t\u01b0\u01a1i m\u00e1t m\u00e0 v\u1eabn c\u1ea3m nh\u1eadn \u0111\u01b0\u1ee3c tr\u1ecdn v\u1eb9n h\u01b0\u01a1ng th\u01a1m v\u00e0 m\u00f9i v\u1ecb c\u1ee7a r\u01b0\u1ee3u.<\/p>\n<p>&nbsp;<\/p>\n<p>&nbsp;<\/p>\n","protected":false},"excerpt":{"rendered":"<table style=\"border-collapse: collapse; width: 100%; height: 147px;\">\n<tbody>\n<tr style=\"height: 21px;\">\n<td style=\"width: 50%; height: 21px;\">Xu\u1ea5t x\u1ee9<\/td>\n<td style=\"width: 50%; height: 21px;\">\u00dd<\/td>\n<\/tr>\n<tr style=\"height: 21px;\">\n<td style=\"width: 50%; height: 21px;\">Ph\u00e2n lo\u1ea1i<\/td>\n<td style=\"width: 50%; height: 21px;\">Vang n\u1ed5<\/td>\n<\/tr>\n<tr style=\"height: 21px;\">\n<td style=\"width: 50%; height: 21px;\">N\u1ed3ng \u0111\u1ed9<\/td>\n<td style=\"width: 50%; height: 21px;\">5,5 %<\/td>\n<\/tr>\n<tr style=\"height: 21px;\">\n<td style=\"width: 50%; height: 21px;\">Dung t\u00edch<\/td>\n<td style=\"width: 50%; height: 21px;\">\u00a0750ml<\/td>\n<\/tr>\n<tr style=\"height: 21px;\">\n<td style=\"width: 50%; height: 21px;\">Gi\u1ed1ng nho<\/td>\n<td style=\"width: 50%; height: 21px;\">Moscato<\/td>\n<\/tr>\n<tr style=\"height: 21px;\">\n<td style=\"width: 50%; height: 21px;\"><\/td>\n<td style=\"width: 50%; height: 21px;\"><\/td>\n<\/tr>\n<tr style=\"height: 21px;\">\n<td style=\"width: 50%; height: 21px;\"><\/td>\n<td style=\"width: 50%; height: 21px;\"><\/td>\n<\/tr>\n<\/tbody>\n<\/table>\n<p>&nbsp;<\/p>\n","protected":false},"featured_media":1123,"comment_status":"closed","ping_status":"closed","template":"","meta":{"_acf_changed":false},"product_brand":[],"product_cat":[230,27,26,62,29],"product_tag":[184,262,263,231,232,153],"class_list":{"0":"post-1122","1":"product","2":"type-product","3":"status-publish","4":"has-post-thumbnail","6":"product_cat-moscato","7":"product_cat-ruou-vang","8":"product_cat-san-pham-noi-bat","9":"product_cat-vang-do","10":"product_cat-vang-y","11":"product_tag-ruou-vang-gia-re","12":"product_tag-santero","13":"product_tag-santero-moscato-dasti","14":"product_tag-vang-no","15":"product_tag-vang-sui","16":"product_tag-vang-y","18":"first","19":"instock","20":"shipping-taxable","21":"product-type-simple"},"acf":[],"yoast_head":"<!-- This site is optimized with the Yoast SEO plugin v26.8 - https:\/\/yoast.com\/product\/yoast-seo-wordpress\/ -->\n<title>R\u01b0\u1ee3u Vang\u00a0\u00dd Santero Moscato d&#039;Asti ng\u1ecdt ng\u00e0o - R.WINE<\/title>\n<meta name=\"robots\" content=\"noindex, follow\" \/>\n<meta property=\"og:locale\" content=\"vi_VN\" \/>\n<meta property=\"og:type\" content=\"article\" \/>\n<meta property=\"og:title\" content=\"R\u01b0\u1ee3u Vang\u00a0\u00dd Santero Moscato d&#039;Asti ng\u1ecdt ng\u00e0o - R.WINE\" \/>\n<meta property=\"og:description\" content=\"Xu\u1ea5t x\u1ee9 \u00dd   Ph\u00e2n lo\u1ea1i Vang n\u1ed5   N\u1ed3ng \u0111\u1ed9 5,5 %   Dung t\u00edch \u00a0750ml   Gi\u1ed1ng nho Moscato            &nbsp;\" \/>\n<meta property=\"og:url\" content=\"https:\/\/rwinevietnam.com\/home\/ruou-vang-y-santero-moscato-dasti-ngot-ngao\/\" \/>\n<meta property=\"og:site_name\" content=\"R.WINE\" \/>\n<meta property=\"article:modified_time\" content=\"2023-11-02T17:06:01+00:00\" \/>\n<meta property=\"og:image\" content=\"https:\/\/rwinevietnam.com\/home\/wp-content\/uploads\/2023\/11\/Santero.jpg\" \/>\n\t<meta property=\"og:image:width\" content=\"601\" \/>\n\t<meta property=\"og:image:height\" content=\"942\" \/>\n\t<meta property=\"og:image:type\" content=\"image\/jpeg\" \/>\n<meta name=\"twitter:card\" content=\"summary_large_image\" \/>\n<script type=\"application\/ld+json\" class=\"yoast-schema-graph\">{\"@context\":\"https:\/\/schema.org\",\"@graph\":[{\"@type\":\"WebPage\",\"@id\":\"https:\/\/rwinevietnam.com\/home\/ruou-vang-y-santero-moscato-dasti-ngot-ngao\/\",\"url\":\"https:\/\/rwinevietnam.com\/home\/ruou-vang-y-santero-moscato-dasti-ngot-ngao\/\",\"name\":\"R\u01b0\u1ee3u Vang\u00a0\u00dd Santero Moscato d'Asti ng\u1ecdt ng\u00e0o - R.WINE\",\"isPartOf\":{\"@id\":\"https:\/\/rwinevietnam.com\/home\/#website\"},\"primaryImageOfPage\":{\"@id\":\"https:\/\/rwinevietnam.com\/home\/ruou-vang-y-santero-moscato-dasti-ngot-ngao\/#primaryimage\"},\"image\":{\"@id\":\"https:\/\/rwinevietnam.com\/home\/ruou-vang-y-santero-moscato-dasti-ngot-ngao\/#primaryimage\"},\"thumbnailUrl\":\"https:\/\/rwinevietnam.com\/home\/wp-content\/uploads\/2023\/11\/Santero.jpg\",\"datePublished\":\"2023-11-02T16:57:55+00:00\",\"dateModified\":\"2023-11-02T17:06:01+00:00\",\"breadcrumb\":{\"@id\":\"https:\/\/rwinevietnam.com\/home\/ruou-vang-y-santero-moscato-dasti-ngot-ngao\/#breadcrumb\"},\"inLanguage\":\"vi\",\"potentialAction\":[{\"@type\":\"ReadAction\",\"target\":[\"https:\/\/rwinevietnam.com\/home\/ruou-vang-y-santero-moscato-dasti-ngot-ngao\/\"]}]},{\"@type\":\"ImageObject\",\"inLanguage\":\"vi\",\"@id\":\"https:\/\/rwinevietnam.com\/home\/ruou-vang-y-santero-moscato-dasti-ngot-ngao\/#primaryimage\",\"url\":\"https:\/\/rwinevietnam.com\/home\/wp-content\/uploads\/2023\/11\/Santero.jpg\",\"contentUrl\":\"https:\/\/rwinevietnam.com\/home\/wp-content\/uploads\/2023\/11\/Santero.jpg\",\"width\":601,\"height\":942},{\"@type\":\"BreadcrumbList\",\"@id\":\"https:\/\/rwinevietnam.com\/home\/ruou-vang-y-santero-moscato-dasti-ngot-ngao\/#breadcrumb\",\"itemListElement\":[{\"@type\":\"ListItem\",\"position\":1,\"name\":\"Trang ch\u1ee7\",\"item\":\"https:\/\/rwinevietnam.com\/home\/\"},{\"@type\":\"ListItem\",\"position\":2,\"name\":\"S\u1ea3n ph\u1ea9m\",\"item\":\"https:\/\/rwinevietnam.com\/home\/san-pham\/\"},{\"@type\":\"ListItem\",\"position\":3,\"name\":\"R\u01b0\u1ee3u Vang\u00a0\u00dd Santero Moscato d&#8217;Asti ng\u1ecdt ng\u00e0o\"}]},{\"@type\":\"WebSite\",\"@id\":\"https:\/\/rwinevietnam.com\/home\/#website\",\"url\":\"https:\/\/rwinevietnam.com\/home\/\",\"name\":\"R.WINE\",\"description\":\"C\u00d4NG TY C\u1ed4 PH\u1ea6N XU\u1ea4T KH\u1ea8U NH\u1eacP KH\u1ea8U\",\"potentialAction\":[{\"@type\":\"SearchAction\",\"target\":{\"@type\":\"EntryPoint\",\"urlTemplate\":\"https:\/\/rwinevietnam.com\/home\/?s={search_term_string}\"},\"query-input\":{\"@type\":\"PropertyValueSpecification\",\"valueRequired\":true,\"valueName\":\"search_term_string\"}}],\"inLanguage\":\"vi\"}]}<\/script>\n<!-- \/ Yoast SEO plugin. -->","yoast_head_json":{"title":"R\u01b0\u1ee3u Vang\u00a0\u00dd Santero Moscato d'Asti ng\u1ecdt ng\u00e0o - R.WINE","robots":{"index":"noindex","follow":"follow"},"og_locale":"vi_VN","og_type":"article","og_title":"R\u01b0\u1ee3u Vang\u00a0\u00dd Santero Moscato d'Asti ng\u1ecdt ng\u00e0o - R.WINE","og_description":"Xu\u1ea5t x\u1ee9 \u00dd   Ph\u00e2n lo\u1ea1i Vang n\u1ed5   N\u1ed3ng \u0111\u1ed9 5,5 %   Dung t\u00edch \u00a0750ml   Gi\u1ed1ng nho Moscato            &nbsp;","og_url":"https:\/\/rwinevietnam.com\/home\/ruou-vang-y-santero-moscato-dasti-ngot-ngao\/","og_site_name":"R.WINE","article_modified_time":"2023-11-02T17:06:01+00:00","og_image":[{"width":601,"height":942,"url":"https:\/\/rwinevietnam.com\/home\/wp-content\/uploads\/2023\/11\/Santero.jpg","type":"image\/jpeg"}],"twitter_card":"summary_large_image","schema":{"@context":"https:\/\/schema.org","@graph":[{"@type":"WebPage","@id":"https:\/\/rwinevietnam.com\/home\/ruou-vang-y-santero-moscato-dasti-ngot-ngao\/","url":"https:\/\/rwinevietnam.com\/home\/ruou-vang-y-santero-moscato-dasti-ngot-ngao\/","name":"R\u01b0\u1ee3u Vang\u00a0\u00dd Santero Moscato d'Asti ng\u1ecdt ng\u00e0o - R.WINE","isPartOf":{"@id":"https:\/\/rwinevietnam.com\/home\/#website"},"primaryImageOfPage":{"@id":"https:\/\/rwinevietnam.com\/home\/ruou-vang-y-santero-moscato-dasti-ngot-ngao\/#primaryimage"},"image":{"@id":"https:\/\/rwinevietnam.com\/home\/ruou-vang-y-santero-moscato-dasti-ngot-ngao\/#primaryimage"},"thumbnailUrl":"https:\/\/rwinevietnam.com\/home\/wp-content\/uploads\/2023\/11\/Santero.jpg","datePublished":"2023-11-02T16:57:55+00:00","dateModified":"2023-11-02T17:06:01+00:00","breadcrumb":{"@id":"https:\/\/rwinevietnam.com\/home\/ruou-vang-y-santero-moscato-dasti-ngot-ngao\/#breadcrumb"},"inLanguage":"vi","potentialAction":[{"@type":"ReadAction","target":["https:\/\/rwinevietnam.com\/home\/ruou-vang-y-santero-moscato-dasti-ngot-ngao\/"]}]},{"@type":"ImageObject","inLanguage":"vi","@id":"https:\/\/rwinevietnam.com\/home\/ruou-vang-y-santero-moscato-dasti-ngot-ngao\/#primaryimage","url":"https:\/\/rwinevietnam.com\/home\/wp-content\/uploads\/2023\/11\/Santero.jpg","contentUrl":"https:\/\/rwinevietnam.com\/home\/wp-content\/uploads\/2023\/11\/Santero.jpg","width":601,"height":942},{"@type":"BreadcrumbList","@id":"https:\/\/rwinevietnam.com\/home\/ruou-vang-y-santero-moscato-dasti-ngot-ngao\/#breadcrumb","itemListElement":[{"@type":"ListItem","position":1,"name":"Trang ch\u1ee7","item":"https:\/\/rwinevietnam.com\/home\/"},{"@type":"ListItem","position":2,"name":"S\u1ea3n ph\u1ea9m","item":"https:\/\/rwinevietnam.com\/home\/san-pham\/"},{"@type":"ListItem","position":3,"name":"R\u01b0\u1ee3u Vang\u00a0\u00dd Santero Moscato d&#8217;Asti ng\u1ecdt ng\u00e0o"}]},{"@type":"WebSite","@id":"https:\/\/rwinevietnam.com\/home\/#website","url":"https:\/\/rwinevietnam.com\/home\/","name":"R.WINE","description":"C\u00d4NG TY C\u1ed4 PH\u1ea6N XU\u1ea4T KH\u1ea8U NH\u1eacP KH\u1ea8U","potentialAction":[{"@type":"SearchAction","target":{"@type":"EntryPoint","urlTemplate":"https:\/\/rwinevietnam.com\/home\/?s={search_term_string}"},"query-input":{"@type":"PropertyValueSpecification","valueRequired":true,"valueName":"search_term_string"}}],"inLanguage":"vi"}]}},"_links":{"self":[{"href":"https:\/\/rwinevietnam.com\/home\/wp-json\/wp\/v2\/product\/1122","targetHints":{"allow":["GET"]}}],"collection":[{"href":"https:\/\/rwinevietnam.com\/home\/wp-json\/wp\/v2\/product"}],"about":[{"href":"https:\/\/rwinevietnam.com\/home\/wp-json\/wp\/v2\/types\/product"}],"replies":[{"embeddable":true,"href":"https:\/\/rwinevietnam.com\/home\/wp-json\/wp\/v2\/comments?post=1122"}],"wp:featuredmedia":[{"embeddable":true,"href":"https:\/\/rwinevietnam.com\/home\/wp-json\/wp\/v2\/media\/1123"}],"wp:attachment":[{"href":"https:\/\/rwinevietnam.com\/home\/wp-json\/wp\/v2\/media?parent=1122"}],"wp:term":[{"taxonomy":"product_brand","embeddable":true,"href":"https:\/\/rwinevietnam.com\/home\/wp-json\/wp\/v2\/product_brand?post=1122"},{"taxonomy":"product_cat","embeddable":true,"href":"https:\/\/rwinevietnam.com\/home\/wp-json\/wp\/v2\/product_cat?post=1122"},{"taxonomy":"product_tag","embeddable":true,"href":"https:\/\/rwinevietnam.com\/home\/wp-json\/wp\/v2\/product_tag?post=1122"}],"curies":[{"name":"wp","href":"https:\/\/api.w.org\/{rel}","templated":true}]}}