{"id":1108,"date":"2023-11-01T15:05:10","date_gmt":"2023-11-01T15:05:10","guid":{"rendered":"https:\/\/rwinevietnam.com\/home\/?post_type=product&#038;p=1108"},"modified":"2023-11-01T15:09:50","modified_gmt":"2023-11-01T15:09:50","slug":"ruou-vang-y-ca-chep-inout-collefrisio-cf-thuong-hang","status":"publish","type":"product","link":"https:\/\/rwinevietnam.com\/home\/ruou-vang-y-ca-chep-inout-collefrisio-cf-thuong-hang\/","title":{"rendered":"R\u01b0\u1ee3u Vang \u00dd C\u00e1 Ch\u00e9p in&#038;out Collefrisio CF th\u01b0\u1ee3ng h\u1ea1ng"},"content":{"rendered":"<div class=\"x11i5rnm xat24cr x1mh8g0r x1vvkbs xtlvy1s x126k92a\">\n<div dir=\"auto\">R\u01b0\u1ee3u Vang \u00dd C\u00e1 Ch\u00e9p in&amp;out Collefrisio CF th\u01b0\u1ee3ng h\u1ea1ng<\/div>\n<\/div>\n<div dir=\"auto\"><\/div>\n<div dir=\"auto\"><img loading=\"lazy\" decoding=\"async\" class=\"aligncenter  wp-image-1110\" src=\"https:\/\/rwinevietnam.com\/home\/wp-content\/uploads\/2023\/11\/IMG_5322-768x1024.jpeg\" alt=\"\" width=\"374\" height=\"499\" srcset=\"https:\/\/rwinevietnam.com\/home\/wp-content\/uploads\/2023\/11\/IMG_5322-768x1024.jpeg 768w, https:\/\/rwinevietnam.com\/home\/wp-content\/uploads\/2023\/11\/IMG_5322-225x300.jpeg 225w, https:\/\/rwinevietnam.com\/home\/wp-content\/uploads\/2023\/11\/IMG_5322-1152x1536.jpeg 1152w, https:\/\/rwinevietnam.com\/home\/wp-content\/uploads\/2023\/11\/IMG_5322-300x400.jpeg 300w, https:\/\/rwinevietnam.com\/home\/wp-content\/uploads\/2023\/11\/IMG_5322-600x800.jpeg 600w, https:\/\/rwinevietnam.com\/home\/wp-content\/uploads\/2023\/11\/IMG_5322.jpeg 1536w\" sizes=\"auto, (max-width: 374px) 100vw, 374px\" \/><\/div>\n<div class=\"x11i5rnm xat24cr x1mh8g0r x1vvkbs xtlvy1s x126k92a\">\n<div dir=\"auto\"><\/div>\n<div dir=\"auto\">\u00a0Thi\u1ebft k\u1ebf c\u1ee7a d\u00f2ng vang \u0111\u1ecf n\u00e0y mang phong c\u00e1ch Ch\u00e2u \u00c1 v\u00ec c\u00f3 in h\u00ecnh m\u1ed9t \u0111\u00f4i c\u00e1 ch\u00e9p. N\u00f3 \u0111\u01b0\u1ee3c t\u1ea1o ra t\u1eeb \u0111\u00f4i b\u00e0n tay \u0111\u1ea7y ch\u1ea5t ngh\u1ec7 thu\u1eadt c\u1ee7a Spazio Di Paolo. H\u00ecnh c\u00e1 ch\u00e9p \u1ea5y t\u01b0\u1ee3ng tr\u01b0ng cho s\u1ef1 may m\u1eafn, sung t\u00fac v\u00e0 tr\u00e0n \u0111\u1ea7y n\u0103ng l\u01b0\u1ee3ng. Qua \u0111\u00f3 th\u1ec3 hi\u1ec7n \u0111\u01b0\u1ee3c \u00fd \u0111\u1ed3 c\u1ee7a nh\u00e0 s\u1ea3n xu\u1ea5t mu\u1ed1n t\u00f4n vinh c\u00e1 t\u00ednh v\u00e0 s\u1ef1 xa x\u1ec9 c\u1ee7a chai vang n\u00e0y.<\/div>\n<\/div>\n<div class=\"x11i5rnm xat24cr x1mh8g0r x1vvkbs xtlvy1s x126k92a\">\n<div dir=\"auto\">\u00a0T\u1eeb c\u00e1c v\u01b0\u1eddn nho ch\u00edn m\u1ecdng, \u0111\u1ed9i ng\u0169 s\u1ea3n xu\u1ea5t thu ho\u1ea1ch nh\u1eefng ch\u00f9m nho \u0111\u1ea1t ti\u00eau chu\u1ea9n b\u1eb1ng ph\u01b0\u01a1ng ph\u00e1p th\u1ee7 c\u00f4ng. Nho sau thu ho\u1ea1ch \u0111\u01b0\u1ee3c chuy\u1ec3n v\u00e0o trong nh\u00e0 m\u00e1y ti\u1ebfn h\u00e0nh s\u01a1 ch\u1ebf lo\u1ea1i b\u1ecf cu\u1ed1ng v\u00e0 \u00e9p l\u1ea5y n\u01b0\u1edbc nho. R\u1ed3i t\u1ea1i nhi\u1ec7t \u0111\u1ed9 th\u00edch h\u1ee3p d\u01b0\u1edbi s\u1ef1 qu\u1ea3n l\u00ed ch\u1eb7t ch\u1ebd, n\u01b0\u1edbc nho \u0111\u01b0\u1ee3c l\u00ean men th\u00e0nh r\u01b0\u1ee3u.<\/div>\n<div dir=\"auto\">\u00a0Cu\u1ed1i c\u00f9ng l\u00e0 \u1ee7 trong c\u00e1c th\u00f9ng g\u1ed7 s\u1ed3i v\u00e0 \u0111\u00f3ng th\u00e0nh ph\u1ea9m tung b\u00e1n ra th\u1ecb tr\u01b0\u1eddng.<\/div>\n<\/div>\n<div class=\"x11i5rnm xat24cr x1mh8g0r x1vvkbs xtlvy1s x126k92a\">\n<div dir=\"auto\">\u00a0R\u01b0\u1ee3u vang \u0111\u1ecf Collefrisio CF Selezione \u0111\u00e3 thu h\u00fat th\u1ef1c kh\u00e1ch b\u1edfi h\u01b0\u01a1ng v\u1ecb c\u1ee7a m\u00e2m x\u00f4i \u0111en, hoa th\u01a1m l\u1eebng v\u00e0 cherry bung n\u1ed5 trong khoang mi\u1ec7ng. M\u1ed7i ng\u1ee5m r\u01b0\u1ee3u mang \u0111\u1ebfn cho th\u1ef1c kh\u00e1ch s\u1ef1 h\u01b0\u1edfng th\u1ee5 tr\u1ecdn v\u1eb9n, m\u00e3n nguy\u1ec7n.<\/div>\n<\/div>\n<div class=\"x11i5rnm xat24cr x1mh8g0r x1vvkbs xtlvy1s x126k92a\">\n<div dir=\"auto\">\u00a0Tr\u00ean c\u00e1nh m\u0169i, h\u01b0\u01a1ng th\u01a1m d\u1ecbu nh\u1eb9 thoang tho\u1ea3ng t\u1eeb tr\u00e1i c\u00e2y ch\u00edn m\u1ecdng, b\u00e9o ng\u1eady c\u1ee7a kem vani v\u00e0 kh\u00f4ng qu\u00ean m\u1ed9t ch\u00fat c\u1ed5 \u0111i\u1ec3n t\u1eeb x\u00ec g\u00e0 kh\u00f3i thu\u1ed1c.<\/div>\n<\/div>\n<div class=\"x11i5rnm xat24cr x1mh8g0r x1vvkbs xtlvy1s x126k92a\">\n<div dir=\"auto\">\u00a0H\u1eadu v\u1ecb \u0111\u1eadm \u0111\u00e0, ng\u1ecdt ng\u00e0o v\u1edbi d\u00e2u t\u00e2y r\u1eebng, n\u1ea5m \u0111en sang tr\u1ecdng v\u1edbi tannin c\u0103ng tr\u00e0n si\u00eau m\u1ecbn nh\u01b0ng c\u0169ng kh\u00f4ng k\u00e9m ng\u1ecdt ng\u00e0o s\u00e2u l\u1eafng \u00f4m tr\u1ecdn v\u00f2m h\u1ecdng khi k\u1ebft th\u00fac. R\u01b0\u1ee3u mang m\u00e0u s\u1eafc quy\u1ebfn r\u0169 c\u1ee7a \u0111\u1ecf ruby, c\u1ea5u tr\u00fac \u0111\u1eb9p \u0111\u1ebd c\u00f9ng v\u1edbi ch\u1ea5t r\u01b0\u1ee3u s\u00e1nh \u0111\u1eadm.<\/div>\n<\/div>\n","protected":false},"excerpt":{"rendered":"<table style=\"border-collapse: collapse; width: 100%; height: 136px;\">\n<tbody>\n<tr style=\"height: 21px;\">\n<td style=\"width: 50%; height: 21px;\">Xu\u1ea5t x\u1ee9<\/td>\n<td style=\"width: 50%; height: 21px;\">\u00dd<\/td>\n<\/tr>\n<tr style=\"height: 21px;\">\n<td style=\"width: 50%; height: 21px;\">Ph\u00e2n lo\u1ea1i<\/td>\n<td style=\"width: 50%; height: 21px;\">Vang \u0111\u1ecf<\/td>\n<\/tr>\n<tr style=\"height: 21px;\">\n<td style=\"width: 50%; height: 21px;\">N\u1ed3ng \u0111\u1ed9<\/td>\n<td style=\"width: 50%; height: 21px;\">14,5 %<\/td>\n<\/tr>\n<tr style=\"height: 21px;\">\n<td style=\"width: 50%; height: 21px;\">Dung t\u00edch<\/td>\n<td style=\"width: 50%; height: 21px;\">\u00a0750ml<\/td>\n<\/tr>\n<tr style=\"height: 21px;\">\n<td style=\"width: 50%; height: 21px;\">Gi\u1ed1ng nho<\/td>\n<td style=\"width: 50%; height: 21px;\">Montepulciano<\/td>\n<\/tr>\n<tr style=\"height: 21px;\">\n<td style=\"width: 50%; height: 21px;\">V\u00f9ng<\/td>\n<td style=\"width: 50%; height: 21px;\">Abruzzo<\/td>\n<\/tr>\n<tr style=\"height: 21px;\">\n<td style=\"width: 50%; height: 21px;\"><\/td>\n<td style=\"width: 50%; height: 21px;\"><\/td>\n<\/tr>\n<\/tbody>\n<\/table>\n<p>&nbsp;<\/p>\n","protected":false},"featured_media":1109,"comment_status":"closed","ping_status":"closed","template":"","meta":{"_acf_changed":false},"product_brand":[],"product_cat":[234,27,26,62,29],"product_tag":[254,253,255,184,256,197,153],"class_list":{"0":"post-1108","1":"product","2":"type-product","3":"status-publish","4":"has-post-thumbnail","6":"product_cat-montepulciano","7":"product_cat-ruou-vang","8":"product_cat-san-pham-noi-bat","9":"product_cat-vang-do","10":"product_cat-vang-y","11":"product_tag-ca-in-out","12":"product_tag-collefrisio-cf","13":"product_tag-inout","14":"product_tag-ruou-vang-gia-re","15":"product_tag-vang-ca-chep","16":"product_tag-vang-do","17":"product_tag-vang-y","19":"first","20":"instock","21":"shipping-taxable","22":"product-type-simple"},"acf":[],"yoast_head":"<!-- This site is optimized with the Yoast SEO plugin v26.8 - https:\/\/yoast.com\/product\/yoast-seo-wordpress\/ -->\n<title>R\u01b0\u1ee3u Vang \u00dd C\u00e1 Ch\u00e9p in&amp;out Collefrisio CF th\u01b0\u1ee3ng h\u1ea1ng - R.WINE<\/title>\n<meta name=\"robots\" content=\"noindex, follow\" \/>\n<meta property=\"og:locale\" content=\"vi_VN\" \/>\n<meta property=\"og:type\" content=\"article\" \/>\n<meta property=\"og:title\" content=\"R\u01b0\u1ee3u Vang \u00dd C\u00e1 Ch\u00e9p in&amp;out Collefrisio CF th\u01b0\u1ee3ng h\u1ea1ng - R.WINE\" \/>\n<meta property=\"og:description\" content=\"Xu\u1ea5t x\u1ee9 \u00dd   Ph\u00e2n lo\u1ea1i Vang \u0111\u1ecf   N\u1ed3ng \u0111\u1ed9 14,5 %   Dung t\u00edch \u00a0750ml   Gi\u1ed1ng nho Montepulciano   V\u00f9ng Abruzzo        &nbsp;\" \/>\n<meta property=\"og:url\" content=\"https:\/\/rwinevietnam.com\/home\/ruou-vang-y-ca-chep-inout-collefrisio-cf-thuong-hang\/\" \/>\n<meta property=\"og:site_name\" content=\"R.WINE\" \/>\n<meta property=\"article:modified_time\" content=\"2023-11-01T15:09:50+00:00\" \/>\n<meta property=\"og:image\" content=\"https:\/\/rwinevietnam.com\/home\/wp-content\/uploads\/2023\/11\/IMG_5323.jpeg\" \/>\n\t<meta property=\"og:image:width\" content=\"1536\" \/>\n\t<meta property=\"og:image:height\" content=\"2048\" \/>\n\t<meta property=\"og:image:type\" content=\"image\/jpeg\" \/>\n<meta name=\"twitter:card\" content=\"summary_large_image\" \/>\n<script type=\"application\/ld+json\" class=\"yoast-schema-graph\">{\"@context\":\"https:\/\/schema.org\",\"@graph\":[{\"@type\":\"WebPage\",\"@id\":\"https:\/\/rwinevietnam.com\/home\/ruou-vang-y-ca-chep-inout-collefrisio-cf-thuong-hang\/\",\"url\":\"https:\/\/rwinevietnam.com\/home\/ruou-vang-y-ca-chep-inout-collefrisio-cf-thuong-hang\/\",\"name\":\"R\u01b0\u1ee3u Vang \u00dd C\u00e1 Ch\u00e9p in&out Collefrisio CF th\u01b0\u1ee3ng h\u1ea1ng - R.WINE\",\"isPartOf\":{\"@id\":\"https:\/\/rwinevietnam.com\/home\/#website\"},\"primaryImageOfPage\":{\"@id\":\"https:\/\/rwinevietnam.com\/home\/ruou-vang-y-ca-chep-inout-collefrisio-cf-thuong-hang\/#primaryimage\"},\"image\":{\"@id\":\"https:\/\/rwinevietnam.com\/home\/ruou-vang-y-ca-chep-inout-collefrisio-cf-thuong-hang\/#primaryimage\"},\"thumbnailUrl\":\"https:\/\/rwinevietnam.com\/home\/wp-content\/uploads\/2023\/11\/IMG_5323.jpeg\",\"datePublished\":\"2023-11-01T15:05:10+00:00\",\"dateModified\":\"2023-11-01T15:09:50+00:00\",\"breadcrumb\":{\"@id\":\"https:\/\/rwinevietnam.com\/home\/ruou-vang-y-ca-chep-inout-collefrisio-cf-thuong-hang\/#breadcrumb\"},\"inLanguage\":\"vi\",\"potentialAction\":[{\"@type\":\"ReadAction\",\"target\":[\"https:\/\/rwinevietnam.com\/home\/ruou-vang-y-ca-chep-inout-collefrisio-cf-thuong-hang\/\"]}]},{\"@type\":\"ImageObject\",\"inLanguage\":\"vi\",\"@id\":\"https:\/\/rwinevietnam.com\/home\/ruou-vang-y-ca-chep-inout-collefrisio-cf-thuong-hang\/#primaryimage\",\"url\":\"https:\/\/rwinevietnam.com\/home\/wp-content\/uploads\/2023\/11\/IMG_5323.jpeg\",\"contentUrl\":\"https:\/\/rwinevietnam.com\/home\/wp-content\/uploads\/2023\/11\/IMG_5323.jpeg\",\"width\":1536,\"height\":2048},{\"@type\":\"BreadcrumbList\",\"@id\":\"https:\/\/rwinevietnam.com\/home\/ruou-vang-y-ca-chep-inout-collefrisio-cf-thuong-hang\/#breadcrumb\",\"itemListElement\":[{\"@type\":\"ListItem\",\"position\":1,\"name\":\"Trang ch\u1ee7\",\"item\":\"https:\/\/rwinevietnam.com\/home\/\"},{\"@type\":\"ListItem\",\"position\":2,\"name\":\"S\u1ea3n ph\u1ea9m\",\"item\":\"https:\/\/rwinevietnam.com\/home\/san-pham\/\"},{\"@type\":\"ListItem\",\"position\":3,\"name\":\"R\u01b0\u1ee3u Vang \u00dd C\u00e1 Ch\u00e9p in&#038;out Collefrisio CF th\u01b0\u1ee3ng h\u1ea1ng\"}]},{\"@type\":\"WebSite\",\"@id\":\"https:\/\/rwinevietnam.com\/home\/#website\",\"url\":\"https:\/\/rwinevietnam.com\/home\/\",\"name\":\"R.WINE\",\"description\":\"C\u00d4NG TY C\u1ed4 PH\u1ea6N XU\u1ea4T KH\u1ea8U NH\u1eacP KH\u1ea8U\",\"potentialAction\":[{\"@type\":\"SearchAction\",\"target\":{\"@type\":\"EntryPoint\",\"urlTemplate\":\"https:\/\/rwinevietnam.com\/home\/?s={search_term_string}\"},\"query-input\":{\"@type\":\"PropertyValueSpecification\",\"valueRequired\":true,\"valueName\":\"search_term_string\"}}],\"inLanguage\":\"vi\"}]}<\/script>\n<!-- \/ Yoast SEO plugin. -->","yoast_head_json":{"title":"R\u01b0\u1ee3u Vang \u00dd C\u00e1 Ch\u00e9p in&out Collefrisio CF th\u01b0\u1ee3ng h\u1ea1ng - R.WINE","robots":{"index":"noindex","follow":"follow"},"og_locale":"vi_VN","og_type":"article","og_title":"R\u01b0\u1ee3u Vang \u00dd C\u00e1 Ch\u00e9p in&out Collefrisio CF th\u01b0\u1ee3ng h\u1ea1ng - R.WINE","og_description":"Xu\u1ea5t x\u1ee9 \u00dd   Ph\u00e2n lo\u1ea1i Vang \u0111\u1ecf   N\u1ed3ng \u0111\u1ed9 14,5 %   Dung t\u00edch \u00a0750ml   Gi\u1ed1ng nho Montepulciano   V\u00f9ng Abruzzo        &nbsp;","og_url":"https:\/\/rwinevietnam.com\/home\/ruou-vang-y-ca-chep-inout-collefrisio-cf-thuong-hang\/","og_site_name":"R.WINE","article_modified_time":"2023-11-01T15:09:50+00:00","og_image":[{"width":1536,"height":2048,"url":"https:\/\/rwinevietnam.com\/home\/wp-content\/uploads\/2023\/11\/IMG_5323.jpeg","type":"image\/jpeg"}],"twitter_card":"summary_large_image","schema":{"@context":"https:\/\/schema.org","@graph":[{"@type":"WebPage","@id":"https:\/\/rwinevietnam.com\/home\/ruou-vang-y-ca-chep-inout-collefrisio-cf-thuong-hang\/","url":"https:\/\/rwinevietnam.com\/home\/ruou-vang-y-ca-chep-inout-collefrisio-cf-thuong-hang\/","name":"R\u01b0\u1ee3u Vang \u00dd C\u00e1 Ch\u00e9p in&out Collefrisio CF th\u01b0\u1ee3ng h\u1ea1ng - R.WINE","isPartOf":{"@id":"https:\/\/rwinevietnam.com\/home\/#website"},"primaryImageOfPage":{"@id":"https:\/\/rwinevietnam.com\/home\/ruou-vang-y-ca-chep-inout-collefrisio-cf-thuong-hang\/#primaryimage"},"image":{"@id":"https:\/\/rwinevietnam.com\/home\/ruou-vang-y-ca-chep-inout-collefrisio-cf-thuong-hang\/#primaryimage"},"thumbnailUrl":"https:\/\/rwinevietnam.com\/home\/wp-content\/uploads\/2023\/11\/IMG_5323.jpeg","datePublished":"2023-11-01T15:05:10+00:00","dateModified":"2023-11-01T15:09:50+00:00","breadcrumb":{"@id":"https:\/\/rwinevietnam.com\/home\/ruou-vang-y-ca-chep-inout-collefrisio-cf-thuong-hang\/#breadcrumb"},"inLanguage":"vi","potentialAction":[{"@type":"ReadAction","target":["https:\/\/rwinevietnam.com\/home\/ruou-vang-y-ca-chep-inout-collefrisio-cf-thuong-hang\/"]}]},{"@type":"ImageObject","inLanguage":"vi","@id":"https:\/\/rwinevietnam.com\/home\/ruou-vang-y-ca-chep-inout-collefrisio-cf-thuong-hang\/#primaryimage","url":"https:\/\/rwinevietnam.com\/home\/wp-content\/uploads\/2023\/11\/IMG_5323.jpeg","contentUrl":"https:\/\/rwinevietnam.com\/home\/wp-content\/uploads\/2023\/11\/IMG_5323.jpeg","width":1536,"height":2048},{"@type":"BreadcrumbList","@id":"https:\/\/rwinevietnam.com\/home\/ruou-vang-y-ca-chep-inout-collefrisio-cf-thuong-hang\/#breadcrumb","itemListElement":[{"@type":"ListItem","position":1,"name":"Trang ch\u1ee7","item":"https:\/\/rwinevietnam.com\/home\/"},{"@type":"ListItem","position":2,"name":"S\u1ea3n ph\u1ea9m","item":"https:\/\/rwinevietnam.com\/home\/san-pham\/"},{"@type":"ListItem","position":3,"name":"R\u01b0\u1ee3u Vang \u00dd C\u00e1 Ch\u00e9p in&#038;out Collefrisio CF th\u01b0\u1ee3ng h\u1ea1ng"}]},{"@type":"WebSite","@id":"https:\/\/rwinevietnam.com\/home\/#website","url":"https:\/\/rwinevietnam.com\/home\/","name":"R.WINE","description":"C\u00d4NG TY C\u1ed4 PH\u1ea6N XU\u1ea4T KH\u1ea8U NH\u1eacP KH\u1ea8U","potentialAction":[{"@type":"SearchAction","target":{"@type":"EntryPoint","urlTemplate":"https:\/\/rwinevietnam.com\/home\/?s={search_term_string}"},"query-input":{"@type":"PropertyValueSpecification","valueRequired":true,"valueName":"search_term_string"}}],"inLanguage":"vi"}]}},"_links":{"self":[{"href":"https:\/\/rwinevietnam.com\/home\/wp-json\/wp\/v2\/product\/1108","targetHints":{"allow":["GET"]}}],"collection":[{"href":"https:\/\/rwinevietnam.com\/home\/wp-json\/wp\/v2\/product"}],"about":[{"href":"https:\/\/rwinevietnam.com\/home\/wp-json\/wp\/v2\/types\/product"}],"replies":[{"embeddable":true,"href":"https:\/\/rwinevietnam.com\/home\/wp-json\/wp\/v2\/comments?post=1108"}],"wp:featuredmedia":[{"embeddable":true,"href":"https:\/\/rwinevietnam.com\/home\/wp-json\/wp\/v2\/media\/1109"}],"wp:attachment":[{"href":"https:\/\/rwinevietnam.com\/home\/wp-json\/wp\/v2\/media?parent=1108"}],"wp:term":[{"taxonomy":"product_brand","embeddable":true,"href":"https:\/\/rwinevietnam.com\/home\/wp-json\/wp\/v2\/product_brand?post=1108"},{"taxonomy":"product_cat","embeddable":true,"href":"https:\/\/rwinevietnam.com\/home\/wp-json\/wp\/v2\/product_cat?post=1108"},{"taxonomy":"product_tag","embeddable":true,"href":"https:\/\/rwinevietnam.com\/home\/wp-json\/wp\/v2\/product_tag?post=1108"}],"curies":[{"name":"wp","href":"https:\/\/api.w.org\/{rel}","templated":true}]}}