{"id":1104,"date":"2023-11-01T14:53:17","date_gmt":"2023-11-01T14:53:17","guid":{"rendered":"https:\/\/rwinevietnam.com\/home\/?post_type=product&#038;p=1104"},"modified":"2023-11-01T14:57:25","modified_gmt":"2023-11-01T14:57:25","slug":"ruou-brandy-napoleon-charles-martel","status":"publish","type":"product","link":"https:\/\/rwinevietnam.com\/home\/ruou-brandy-napoleon-charles-martel\/","title":{"rendered":"R\u01b0\u1ee3u Brandy Napoleon Charles Martel"},"content":{"rendered":"<div class=\"x11i5rnm xat24cr x1mh8g0r x1vvkbs xtlvy1s x126k92a\">\n<div dir=\"auto\"><img loading=\"lazy\" decoding=\"async\" class=\"aligncenter  wp-image-1106\" src=\"https:\/\/rwinevietnam.com\/home\/wp-content\/uploads\/2023\/11\/IMG_5492-768x1024.jpeg\" alt=\"\" width=\"348\" height=\"464\" srcset=\"https:\/\/rwinevietnam.com\/home\/wp-content\/uploads\/2023\/11\/IMG_5492-768x1024.jpeg 768w, https:\/\/rwinevietnam.com\/home\/wp-content\/uploads\/2023\/11\/IMG_5492-225x300.jpeg 225w, https:\/\/rwinevietnam.com\/home\/wp-content\/uploads\/2023\/11\/IMG_5492-1152x1536.jpeg 1152w, https:\/\/rwinevietnam.com\/home\/wp-content\/uploads\/2023\/11\/IMG_5492-300x400.jpeg 300w, https:\/\/rwinevietnam.com\/home\/wp-content\/uploads\/2023\/11\/IMG_5492-600x800.jpeg 600w, https:\/\/rwinevietnam.com\/home\/wp-content\/uploads\/2023\/11\/IMG_5492.jpeg 1536w\" sizes=\"auto, (max-width: 348px) 100vw, 348px\" \/><\/div>\n<div dir=\"auto\"><\/div>\n<div dir=\"auto\"><\/div>\n<div dir=\"auto\">\u00a0CHATELLE NAPOLEON l\u00e0 v\u00ed d\u1ee5 xu\u1ea5t s\u1eafc nh\u1ea5t c\u1ee7a r\u01b0\u1ee3u Whisky Ph\u00e1p. \u0110\u01b0\u1ee3c ch\u01b0ng c\u1ea5t v\u1edbi s\u1ef1 ch\u0103m s\u00f3c t\u1ec9 m\u1ec9 v\u00e0 \u0111\u01b0\u1ee3c \u1ee7 trong nh\u1eefng th\u00f9ng g\u1ed7 s\u1ed3i nh\u1ecf. R\u01b0\u1ee3u m\u1ea1nh n\u00e0y m\u01b0\u1ee3t m\u00e0, m\u1ecbn m\u00e0ng n\u00e0y mang \u0111\u1ebfn nhi\u1ec1u h\u01b0\u01a1ng v\u1ecb tr\u00e1i c\u00e2y, gia v\u1ecb v\u00e0 g\u1ed7 s\u1ed3i.<\/div>\n<\/div>\n<div class=\"x11i5rnm xat24cr x1mh8g0r x1vvkbs xtlvy1s x126k92a\">\n<div dir=\"auto\"><\/div>\n<div dir=\"auto\">\u00a0R\u01b0\u1ee3u m\u1ea1nh ngon tuy\u1ec7t khi nh\u1ea5m nh\u00e1p kh\u00f4ng ho\u1eb7c u\u1ed1ng v\u1edbi \u0111\u00e1. CHARLES MARTEL c\u0169ng l\u00e0 th\u00e0nh ph\u1ea7n ho\u00e0n h\u1ea3o cho nhi\u1ec1u lo\u1ea1i cocktail n\u1ed5i ti\u1ebfng th\u1ebf gi\u1edbi.<\/div>\n<\/div>\n","protected":false},"excerpt":{"rendered":"<table style=\"border-collapse: collapse; width: 100%; height: 136px;\">\n<tbody>\n<tr style=\"height: 21px;\">\n<td style=\"width: 50%; height: 21px;\">Xu\u1ea5t x\u1ee9<\/td>\n<td style=\"width: 50%; height: 21px;\">Vi\u1ec7t Nam<\/td>\n<\/tr>\n<tr style=\"height: 21px;\">\n<td style=\"width: 50%; height: 21px;\">M\u1ea7u s\u1eafc<\/td>\n<td style=\"width: 50%; height: 21px;\">M\u1ea7u V\u00e0ng \u0110\u1eadm<\/td>\n<\/tr>\n<tr style=\"height: 21px;\">\n<td style=\"width: 50%; height: 21px;\">N\u1ed3ng \u0111\u1ed9<\/td>\n<td style=\"width: 50%; height: 21px;\">40%<\/td>\n<\/tr>\n<tr style=\"height: 21px;\">\n<td style=\"width: 50%; height: 21px;\">Dung t\u00edch<\/td>\n<td style=\"width: 50%; height: 21px;\">750ml<\/td>\n<\/tr>\n<tr style=\"height: 21px;\">\n<td style=\"width: 50%; height: 21px;\"><\/td>\n<td style=\"width: 50%; height: 21px;\"><\/td>\n<\/tr>\n<tr style=\"height: 21px;\">\n<td style=\"width: 50%; height: 21px;\"><\/td>\n<td style=\"width: 50%; height: 21px;\"><\/td>\n<\/tr>\n<tr style=\"height: 21px;\">\n<td style=\"width: 50%; height: 21px;\"><\/td>\n<td style=\"width: 50%; height: 21px;\"><\/td>\n<\/tr>\n<\/tbody>\n<\/table>\n<p>&nbsp;<\/p>\n","protected":false},"featured_media":1105,"comment_status":"closed","ping_status":"closed","template":"","meta":{"_acf_changed":false},"product_brand":[],"product_cat":[236,34,26],"product_tag":[239,252,251,237,242],"class_list":{"0":"post-1104","1":"product","2":"type-product","3":"status-publish","4":"has-post-thumbnail","6":"product_cat-brandy","7":"product_cat-ruou-manh","8":"product_cat-san-pham-noi-bat","9":"product_tag-brandy","10":"product_tag-chales-martel","11":"product_tag-napoleon","12":"product_tag-ruou-manh","13":"product_tag-ruou-manh-gia-re","15":"first","16":"instock","17":"shipping-taxable","18":"product-type-simple"},"acf":[],"yoast_head":"<!-- This site is optimized with the Yoast SEO plugin v26.8 - https:\/\/yoast.com\/product\/yoast-seo-wordpress\/ -->\n<title>R\u01b0\u1ee3u Brandy Napoleon Charles Martel - R.WINE<\/title>\n<meta name=\"robots\" content=\"noindex, follow\" \/>\n<meta property=\"og:locale\" content=\"vi_VN\" \/>\n<meta property=\"og:type\" content=\"article\" \/>\n<meta property=\"og:title\" content=\"R\u01b0\u1ee3u Brandy Napoleon Charles Martel - R.WINE\" \/>\n<meta property=\"og:description\" content=\"Xu\u1ea5t x\u1ee9 Vi\u1ec7t Nam   M\u1ea7u s\u1eafc M\u1ea7u V\u00e0ng \u0110\u1eadm   N\u1ed3ng \u0111\u1ed9 40%   Dung t\u00edch 750ml                &nbsp;\" \/>\n<meta property=\"og:url\" content=\"https:\/\/rwinevietnam.com\/home\/ruou-brandy-napoleon-charles-martel\/\" \/>\n<meta property=\"og:site_name\" content=\"R.WINE\" \/>\n<meta property=\"article:modified_time\" content=\"2023-11-01T14:57:25+00:00\" \/>\n<meta property=\"og:image\" content=\"https:\/\/rwinevietnam.com\/home\/wp-content\/uploads\/2023\/11\/IMG_5490.jpeg\" \/>\n\t<meta property=\"og:image:width\" content=\"1536\" \/>\n\t<meta property=\"og:image:height\" content=\"2048\" \/>\n\t<meta property=\"og:image:type\" content=\"image\/jpeg\" \/>\n<meta name=\"twitter:card\" content=\"summary_large_image\" \/>\n<script type=\"application\/ld+json\" class=\"yoast-schema-graph\">{\"@context\":\"https:\/\/schema.org\",\"@graph\":[{\"@type\":\"WebPage\",\"@id\":\"https:\/\/rwinevietnam.com\/home\/ruou-brandy-napoleon-charles-martel\/\",\"url\":\"https:\/\/rwinevietnam.com\/home\/ruou-brandy-napoleon-charles-martel\/\",\"name\":\"R\u01b0\u1ee3u Brandy Napoleon Charles Martel - R.WINE\",\"isPartOf\":{\"@id\":\"https:\/\/rwinevietnam.com\/home\/#website\"},\"primaryImageOfPage\":{\"@id\":\"https:\/\/rwinevietnam.com\/home\/ruou-brandy-napoleon-charles-martel\/#primaryimage\"},\"image\":{\"@id\":\"https:\/\/rwinevietnam.com\/home\/ruou-brandy-napoleon-charles-martel\/#primaryimage\"},\"thumbnailUrl\":\"https:\/\/rwinevietnam.com\/home\/wp-content\/uploads\/2023\/11\/IMG_5490.jpeg\",\"datePublished\":\"2023-11-01T14:53:17+00:00\",\"dateModified\":\"2023-11-01T14:57:25+00:00\",\"breadcrumb\":{\"@id\":\"https:\/\/rwinevietnam.com\/home\/ruou-brandy-napoleon-charles-martel\/#breadcrumb\"},\"inLanguage\":\"vi\",\"potentialAction\":[{\"@type\":\"ReadAction\",\"target\":[\"https:\/\/rwinevietnam.com\/home\/ruou-brandy-napoleon-charles-martel\/\"]}]},{\"@type\":\"ImageObject\",\"inLanguage\":\"vi\",\"@id\":\"https:\/\/rwinevietnam.com\/home\/ruou-brandy-napoleon-charles-martel\/#primaryimage\",\"url\":\"https:\/\/rwinevietnam.com\/home\/wp-content\/uploads\/2023\/11\/IMG_5490.jpeg\",\"contentUrl\":\"https:\/\/rwinevietnam.com\/home\/wp-content\/uploads\/2023\/11\/IMG_5490.jpeg\",\"width\":1536,\"height\":2048},{\"@type\":\"BreadcrumbList\",\"@id\":\"https:\/\/rwinevietnam.com\/home\/ruou-brandy-napoleon-charles-martel\/#breadcrumb\",\"itemListElement\":[{\"@type\":\"ListItem\",\"position\":1,\"name\":\"Trang ch\u1ee7\",\"item\":\"https:\/\/rwinevietnam.com\/home\/\"},{\"@type\":\"ListItem\",\"position\":2,\"name\":\"S\u1ea3n ph\u1ea9m\",\"item\":\"https:\/\/rwinevietnam.com\/home\/san-pham\/\"},{\"@type\":\"ListItem\",\"position\":3,\"name\":\"R\u01b0\u1ee3u Brandy Napoleon Charles Martel\"}]},{\"@type\":\"WebSite\",\"@id\":\"https:\/\/rwinevietnam.com\/home\/#website\",\"url\":\"https:\/\/rwinevietnam.com\/home\/\",\"name\":\"R.WINE\",\"description\":\"C\u00d4NG TY C\u1ed4 PH\u1ea6N XU\u1ea4T KH\u1ea8U NH\u1eacP KH\u1ea8U\",\"potentialAction\":[{\"@type\":\"SearchAction\",\"target\":{\"@type\":\"EntryPoint\",\"urlTemplate\":\"https:\/\/rwinevietnam.com\/home\/?s={search_term_string}\"},\"query-input\":{\"@type\":\"PropertyValueSpecification\",\"valueRequired\":true,\"valueName\":\"search_term_string\"}}],\"inLanguage\":\"vi\"}]}<\/script>\n<!-- \/ Yoast SEO plugin. -->","yoast_head_json":{"title":"R\u01b0\u1ee3u Brandy Napoleon Charles Martel - R.WINE","robots":{"index":"noindex","follow":"follow"},"og_locale":"vi_VN","og_type":"article","og_title":"R\u01b0\u1ee3u Brandy Napoleon Charles Martel - R.WINE","og_description":"Xu\u1ea5t x\u1ee9 Vi\u1ec7t Nam   M\u1ea7u s\u1eafc M\u1ea7u V\u00e0ng \u0110\u1eadm   N\u1ed3ng \u0111\u1ed9 40%   Dung t\u00edch 750ml                &nbsp;","og_url":"https:\/\/rwinevietnam.com\/home\/ruou-brandy-napoleon-charles-martel\/","og_site_name":"R.WINE","article_modified_time":"2023-11-01T14:57:25+00:00","og_image":[{"width":1536,"height":2048,"url":"https:\/\/rwinevietnam.com\/home\/wp-content\/uploads\/2023\/11\/IMG_5490.jpeg","type":"image\/jpeg"}],"twitter_card":"summary_large_image","schema":{"@context":"https:\/\/schema.org","@graph":[{"@type":"WebPage","@id":"https:\/\/rwinevietnam.com\/home\/ruou-brandy-napoleon-charles-martel\/","url":"https:\/\/rwinevietnam.com\/home\/ruou-brandy-napoleon-charles-martel\/","name":"R\u01b0\u1ee3u Brandy Napoleon Charles Martel - R.WINE","isPartOf":{"@id":"https:\/\/rwinevietnam.com\/home\/#website"},"primaryImageOfPage":{"@id":"https:\/\/rwinevietnam.com\/home\/ruou-brandy-napoleon-charles-martel\/#primaryimage"},"image":{"@id":"https:\/\/rwinevietnam.com\/home\/ruou-brandy-napoleon-charles-martel\/#primaryimage"},"thumbnailUrl":"https:\/\/rwinevietnam.com\/home\/wp-content\/uploads\/2023\/11\/IMG_5490.jpeg","datePublished":"2023-11-01T14:53:17+00:00","dateModified":"2023-11-01T14:57:25+00:00","breadcrumb":{"@id":"https:\/\/rwinevietnam.com\/home\/ruou-brandy-napoleon-charles-martel\/#breadcrumb"},"inLanguage":"vi","potentialAction":[{"@type":"ReadAction","target":["https:\/\/rwinevietnam.com\/home\/ruou-brandy-napoleon-charles-martel\/"]}]},{"@type":"ImageObject","inLanguage":"vi","@id":"https:\/\/rwinevietnam.com\/home\/ruou-brandy-napoleon-charles-martel\/#primaryimage","url":"https:\/\/rwinevietnam.com\/home\/wp-content\/uploads\/2023\/11\/IMG_5490.jpeg","contentUrl":"https:\/\/rwinevietnam.com\/home\/wp-content\/uploads\/2023\/11\/IMG_5490.jpeg","width":1536,"height":2048},{"@type":"BreadcrumbList","@id":"https:\/\/rwinevietnam.com\/home\/ruou-brandy-napoleon-charles-martel\/#breadcrumb","itemListElement":[{"@type":"ListItem","position":1,"name":"Trang ch\u1ee7","item":"https:\/\/rwinevietnam.com\/home\/"},{"@type":"ListItem","position":2,"name":"S\u1ea3n ph\u1ea9m","item":"https:\/\/rwinevietnam.com\/home\/san-pham\/"},{"@type":"ListItem","position":3,"name":"R\u01b0\u1ee3u Brandy Napoleon Charles Martel"}]},{"@type":"WebSite","@id":"https:\/\/rwinevietnam.com\/home\/#website","url":"https:\/\/rwinevietnam.com\/home\/","name":"R.WINE","description":"C\u00d4NG TY C\u1ed4 PH\u1ea6N XU\u1ea4T KH\u1ea8U NH\u1eacP KH\u1ea8U","potentialAction":[{"@type":"SearchAction","target":{"@type":"EntryPoint","urlTemplate":"https:\/\/rwinevietnam.com\/home\/?s={search_term_string}"},"query-input":{"@type":"PropertyValueSpecification","valueRequired":true,"valueName":"search_term_string"}}],"inLanguage":"vi"}]}},"_links":{"self":[{"href":"https:\/\/rwinevietnam.com\/home\/wp-json\/wp\/v2\/product\/1104","targetHints":{"allow":["GET"]}}],"collection":[{"href":"https:\/\/rwinevietnam.com\/home\/wp-json\/wp\/v2\/product"}],"about":[{"href":"https:\/\/rwinevietnam.com\/home\/wp-json\/wp\/v2\/types\/product"}],"replies":[{"embeddable":true,"href":"https:\/\/rwinevietnam.com\/home\/wp-json\/wp\/v2\/comments?post=1104"}],"wp:featuredmedia":[{"embeddable":true,"href":"https:\/\/rwinevietnam.com\/home\/wp-json\/wp\/v2\/media\/1105"}],"wp:attachment":[{"href":"https:\/\/rwinevietnam.com\/home\/wp-json\/wp\/v2\/media?parent=1104"}],"wp:term":[{"taxonomy":"product_brand","embeddable":true,"href":"https:\/\/rwinevietnam.com\/home\/wp-json\/wp\/v2\/product_brand?post=1104"},{"taxonomy":"product_cat","embeddable":true,"href":"https:\/\/rwinevietnam.com\/home\/wp-json\/wp\/v2\/product_cat?post=1104"},{"taxonomy":"product_tag","embeddable":true,"href":"https:\/\/rwinevietnam.com\/home\/wp-json\/wp\/v2\/product_tag?post=1104"}],"curies":[{"name":"wp","href":"https:\/\/api.w.org\/{rel}","templated":true}]}}