{"id":1092,"date":"2023-10-31T12:06:54","date_gmt":"2023-10-31T12:06:54","guid":{"rendered":"https:\/\/rwinevietnam.com\/home\/?post_type=product&#038;p=1092"},"modified":"2023-10-31T12:18:54","modified_gmt":"2023-10-31T12:18:54","slug":"ruou-vang-y-palazzo-no1-primitivo-di-manduria","status":"publish","type":"product","link":"https:\/\/rwinevietnam.com\/home\/ruou-vang-y-palazzo-no1-primitivo-di-manduria\/","title":{"rendered":"R\u01b0\u1ee3u Vang \u00dd PALAZZO No1 Primitivo Di Manduria"},"content":{"rendered":"<p>R\u01b0\u1ee3u vang Palazzo No1 Primitivo di Manduria Premium Riserva<\/p>\n<p><img loading=\"lazy\" decoding=\"async\" class=\"aligncenter  wp-image-1094\" src=\"https:\/\/rwinevietnam.com\/home\/wp-content\/uploads\/2023\/10\/IMG_6158-768x1024.jpeg\" alt=\"\" width=\"384\" height=\"512\" srcset=\"https:\/\/rwinevietnam.com\/home\/wp-content\/uploads\/2023\/10\/IMG_6158-768x1024.jpeg 768w, https:\/\/rwinevietnam.com\/home\/wp-content\/uploads\/2023\/10\/IMG_6158-225x300.jpeg 225w, https:\/\/rwinevietnam.com\/home\/wp-content\/uploads\/2023\/10\/IMG_6158-1152x1536.jpeg 1152w, https:\/\/rwinevietnam.com\/home\/wp-content\/uploads\/2023\/10\/IMG_6158-300x400.jpeg 300w, https:\/\/rwinevietnam.com\/home\/wp-content\/uploads\/2023\/10\/IMG_6158-600x800.jpeg 600w, https:\/\/rwinevietnam.com\/home\/wp-content\/uploads\/2023\/10\/IMG_6158.jpeg 1536w\" sizes=\"auto, (max-width: 384px) 100vw, 384px\" \/><\/p>\n<p>Nh\u00e0 m\u00e1y r\u01b0\u1ee3u Cantolio\u00a0\u0111\u01b0\u1ee3c th\u00e0nh l\u1eadp v\u00e0o \u0111\u1ea7u nh\u1eefng n\u0103m 60. B\u1edfi m\u1ed9t nh\u00f3m nh\u1ecf v\u00e0 ch\u1eb7t ch\u1ebd c\u1ee7a nh\u1eefng ng\u01b0\u1eddi tr\u1ed3ng r\u01b0\u1ee3u can \u0111\u1ea3m. H\u1ecd b\u1eaft \u0111\u1ea7u chuy\u1ec3n \u0111\u1ed5i nho c\u1ee7a m\u00ecnh. Nh\u1eafm \u0111\u1ebfn m\u1ed9t th\u1ecb tr\u01b0\u1eddng \u0111ang b\u1eaft \u0111\u1ea7u \u0111\u00e1nh gi\u00e1 cao v\u00e0 t\u00ecm ki\u1ebfm c\u00e1c lo\u1ea1i r\u01b0\u1ee3u m\u1ea1nh v\u00e0 m\u1ea1nh m\u1ebd v\u1edbi \u0111\u1eb7c t\u00ednh tuy\u1ec7t v\u1eddi. V\u00e0o th\u1eddi \u0111i\u1ec3m \u0111\u00f3, ch\u1ec9 c\u00f3 m\u1ed9t s\u1ed1 ng\u01b0\u1eddi tr\u1ed3ng r\u01b0\u1ee3u li\u00ean k\u1ebft.<\/p>\n<p>Hi\u1ec7n c\u00f3 h\u01a1n 700 ng\u01b0\u1eddi v\u00e0 v\u1edbi k\u1ef9 n\u0103ng \u0111i\u00eau luy\u1ec7n. H\u1ecd ti\u1ebfp t\u1ee5c b\u00ed quy\u1ebft \u201ctruy\u1ec1n th\u1ed1ng\u201d \u0111\u1ec3 s\u1ea3n xu\u1ea5t R\u01b0\u1ee3u vang Primitivo di Manduria t\u1eeb c\u00e1c t\u1ec9nh Taranto v\u00e0 Brindisi. Ch\u00fang m\u1ed9t ph\u1ea7n \u0111\u1ebfn t\u1eeb c\u00e1c khu v\u1ef1c ven bi\u1ec3n v\u00e0 m\u1ed9t ph\u1ea7n t\u1eeb nh\u1eefng c\u00e2y nho \u0111\u01b0\u1ee3c \u0111\u00e0o t\u1ea1o trong b\u1ee5i truy\u1ec1n th\u1ed1ng. Ti\u1ebfp x\u00fac t\u1ed1t v\u1edbi m\u1eb7t tr\u1eddi v\u00e0 c\u00e1c \u0111\u1eb7c t\u00ednh c\u00f3 l\u1ee3i c\u1ee7a bi\u1ec3n Lonian.<\/p>\n<p>K\u1ec3 t\u1eeb n\u0103m 2008, to\u00e0n b\u1ed9 qu\u00e1 tr\u00ecnh s\u1ea3n xu\u1ea5t CANTOLIO. \u0110\u00e3 \u0111\u01b0\u1ee3c x\u1eed l\u00fd b\u1eb1ng c\u00e1ch s\u1eed d\u1ee5ng n\u0103ng l\u01b0\u1ee3ng t\u1eeb c\u00e1c ngu\u1ed3n t\u00e1i t\u1ea1o. Th\u1eadm ch\u00ed c\u00f2n s\u1ea3n xu\u1ea5t ra m\u1ed9t lo\u1ea1i d\u1ea7u \u00f4 liu nguy\u00ean ch\u1ea5t tuy\u1ec7t v\u1eddi. L\u00e0 k\u1ebft qu\u1ea3 c\u1ee7a m\u1ed9t quy tr\u00ecnh tu\u00e2n th\u1ee7 trung th\u1ef1c c\u00e1c truy\u1ec1n th\u1ed1ng c\u1ed5 x\u01b0a. Thu ho\u1ea1ch b\u1eb1ng tay v\u00e0 \u00e9p l\u1ea1nh. Truy\u1ec1n th\u1ed1ng \u0111\u01b0\u1ee3c duy tr\u00ec b\u1eb1ng c\u00e1ch s\u1eed d\u1ee5ng c\u00e1c ph\u01b0\u01a1ng ph\u00e1p l\u00e0m vi\u1ec7c hi\u1ec7n \u0111\u1ea1i. \u0110\u1ea3m b\u1ea3o ch\u1ea5t l\u01b0\u1ee3ng tuy\u1ec7t \u0111\u1ed1i v\u00e0 ch\u00e2n th\u1ef1c c\u1ee7a s\u1ea3n ph\u1ea9m cu\u1ed1i c\u00f9ng.<\/p>\n<p>Th\u01b0\u1edfng th\u1ee9c R\u01b0\u1ee3u vang Palazzo No1 Primitivo di Manduria Premium Riserva:<\/p>\n<p><strong>C\u1ea3m quan:<\/strong><\/p>\n<p>M\u00e0u \u0111\u1ecf t\u00edm \u0111\u1eadm l\u00f4i cu\u1ed1n.<\/p>\n<p><strong>H\u01b0\u01a1ng v\u1ecb:<\/strong><\/p>\n<p>H\u01b0\u01a1ng th\u01a1m phong ph\u00fa t\u1eeb c\u00e1c lo\u1ea1i m\u1ee9t tr\u00e1i c\u00e2y m\u00e0u \u0111en, m\u00f9i m\u1eadn kh\u00f4, vani, c\u00e0 ph\u00ea. Tannin c\u00e2n b\u1eb1ng v\u00e0 d\u01b0 v\u1ecb \u00eam d\u1ecbu, nh\u1eb9 nh\u00e0ng. V\u1ecb tr\u00e1i c\u00e2y s\u1ea5y kh\u00f4 v\u00e0 qu\u1ea3 ch\u00edn m\u1ecdng k\u1ebft h\u1ee3p h\u00e0i h\u00f2a.<\/p>\n<p>&nbsp;<\/p>\n","protected":false},"excerpt":{"rendered":"<table style=\"border-collapse: collapse; width: 100%; height: 136px;\">\n<tbody>\n<tr style=\"height: 21px;\">\n<td style=\"width: 50%; height: 21px;\">Xu\u1ea5t x\u1ee9<\/td>\n<td style=\"width: 50%; height: 21px;\">\u00dd<\/td>\n<\/tr>\n<tr style=\"height: 21px;\">\n<td style=\"width: 50%; height: 21px;\">Ph\u00e2n lo\u1ea1i<\/td>\n<td style=\"width: 50%; height: 21px;\">Vang \u0111\u1ecf<\/td>\n<\/tr>\n<tr style=\"height: 21px;\">\n<td style=\"width: 50%; height: 21px;\">N\u1ed3ng \u0111\u1ed9<\/td>\n<td style=\"width: 50%; height: 21px;\">15%<\/td>\n<\/tr>\n<tr style=\"height: 21px;\">\n<td style=\"width: 50%; height: 21px;\">Dung t\u00edch<\/td>\n<td style=\"width: 50%; height: 21px;\">\u00a0750ml<\/td>\n<\/tr>\n<tr style=\"height: 21px;\">\n<td style=\"width: 50%; height: 21px;\">Gi\u1ed1ng nho<\/td>\n<td style=\"width: 50%; height: 21px;\">Primitivo<\/td>\n<\/tr>\n<tr style=\"height: 21px;\">\n<td style=\"width: 50%; height: 21px;\"><\/td>\n<td style=\"width: 50%; height: 21px;\"><\/td>\n<\/tr>\n<tr style=\"height: 21px;\">\n<td style=\"width: 50%; height: 21px;\"><\/td>\n<td style=\"width: 50%; height: 21px;\"><\/td>\n<\/tr>\n<\/tbody>\n<\/table>\n<p>&nbsp;<\/p>\n","protected":false},"featured_media":1093,"comment_status":"closed","ping_status":"closed","template":"","meta":{"_acf_changed":false},"product_brand":[],"product_cat":[80,27,26,62,29],"product_tag":[243,184,197,153],"class_list":{"0":"post-1092","1":"product","2":"type-product","3":"status-publish","4":"has-post-thumbnail","6":"product_cat-primitivo","7":"product_cat-ruou-vang","8":"product_cat-san-pham-noi-bat","9":"product_cat-vang-do","10":"product_cat-vang-y","11":"product_tag-palazzo-pritimivo","12":"product_tag-ruou-vang-gia-re","13":"product_tag-vang-do","14":"product_tag-vang-y","16":"first","17":"instock","18":"shipping-taxable","19":"product-type-simple"},"acf":[],"yoast_head":"<!-- This site is optimized with the Yoast SEO plugin v26.8 - https:\/\/yoast.com\/product\/yoast-seo-wordpress\/ -->\n<title>R\u01b0\u1ee3u Vang \u00dd PALAZZO No1 Primitivo Di Manduria - R.WINE<\/title>\n<meta name=\"robots\" content=\"noindex, follow\" \/>\n<meta property=\"og:locale\" content=\"vi_VN\" \/>\n<meta property=\"og:type\" content=\"article\" \/>\n<meta property=\"og:title\" content=\"R\u01b0\u1ee3u Vang \u00dd PALAZZO No1 Primitivo Di Manduria - R.WINE\" \/>\n<meta property=\"og:description\" content=\"Xu\u1ea5t x\u1ee9 \u00dd   Ph\u00e2n lo\u1ea1i Vang \u0111\u1ecf   N\u1ed3ng \u0111\u1ed9 15%   Dung t\u00edch \u00a0750ml   Gi\u1ed1ng nho Primitivo            &nbsp;\" \/>\n<meta property=\"og:url\" content=\"https:\/\/rwinevietnam.com\/home\/ruou-vang-y-palazzo-no1-primitivo-di-manduria\/\" \/>\n<meta property=\"og:site_name\" content=\"R.WINE\" \/>\n<meta property=\"article:modified_time\" content=\"2023-10-31T12:18:54+00:00\" \/>\n<meta property=\"og:image\" content=\"https:\/\/rwinevietnam.com\/home\/wp-content\/uploads\/2023\/10\/IMG_6157.jpeg\" \/>\n\t<meta property=\"og:image:width\" content=\"1536\" \/>\n\t<meta property=\"og:image:height\" content=\"2048\" \/>\n\t<meta property=\"og:image:type\" content=\"image\/jpeg\" \/>\n<meta name=\"twitter:card\" content=\"summary_large_image\" \/>\n<script type=\"application\/ld+json\" class=\"yoast-schema-graph\">{\"@context\":\"https:\/\/schema.org\",\"@graph\":[{\"@type\":\"WebPage\",\"@id\":\"https:\/\/rwinevietnam.com\/home\/ruou-vang-y-palazzo-no1-primitivo-di-manduria\/\",\"url\":\"https:\/\/rwinevietnam.com\/home\/ruou-vang-y-palazzo-no1-primitivo-di-manduria\/\",\"name\":\"R\u01b0\u1ee3u Vang \u00dd PALAZZO No1 Primitivo Di Manduria - R.WINE\",\"isPartOf\":{\"@id\":\"https:\/\/rwinevietnam.com\/home\/#website\"},\"primaryImageOfPage\":{\"@id\":\"https:\/\/rwinevietnam.com\/home\/ruou-vang-y-palazzo-no1-primitivo-di-manduria\/#primaryimage\"},\"image\":{\"@id\":\"https:\/\/rwinevietnam.com\/home\/ruou-vang-y-palazzo-no1-primitivo-di-manduria\/#primaryimage\"},\"thumbnailUrl\":\"https:\/\/rwinevietnam.com\/home\/wp-content\/uploads\/2023\/10\/IMG_6157.jpeg\",\"datePublished\":\"2023-10-31T12:06:54+00:00\",\"dateModified\":\"2023-10-31T12:18:54+00:00\",\"breadcrumb\":{\"@id\":\"https:\/\/rwinevietnam.com\/home\/ruou-vang-y-palazzo-no1-primitivo-di-manduria\/#breadcrumb\"},\"inLanguage\":\"vi\",\"potentialAction\":[{\"@type\":\"ReadAction\",\"target\":[\"https:\/\/rwinevietnam.com\/home\/ruou-vang-y-palazzo-no1-primitivo-di-manduria\/\"]}]},{\"@type\":\"ImageObject\",\"inLanguage\":\"vi\",\"@id\":\"https:\/\/rwinevietnam.com\/home\/ruou-vang-y-palazzo-no1-primitivo-di-manduria\/#primaryimage\",\"url\":\"https:\/\/rwinevietnam.com\/home\/wp-content\/uploads\/2023\/10\/IMG_6157.jpeg\",\"contentUrl\":\"https:\/\/rwinevietnam.com\/home\/wp-content\/uploads\/2023\/10\/IMG_6157.jpeg\",\"width\":1536,\"height\":2048},{\"@type\":\"BreadcrumbList\",\"@id\":\"https:\/\/rwinevietnam.com\/home\/ruou-vang-y-palazzo-no1-primitivo-di-manduria\/#breadcrumb\",\"itemListElement\":[{\"@type\":\"ListItem\",\"position\":1,\"name\":\"Trang ch\u1ee7\",\"item\":\"https:\/\/rwinevietnam.com\/home\/\"},{\"@type\":\"ListItem\",\"position\":2,\"name\":\"S\u1ea3n ph\u1ea9m\",\"item\":\"https:\/\/rwinevietnam.com\/home\/san-pham\/\"},{\"@type\":\"ListItem\",\"position\":3,\"name\":\"R\u01b0\u1ee3u Vang \u00dd PALAZZO No1 Primitivo Di Manduria\"}]},{\"@type\":\"WebSite\",\"@id\":\"https:\/\/rwinevietnam.com\/home\/#website\",\"url\":\"https:\/\/rwinevietnam.com\/home\/\",\"name\":\"R.WINE\",\"description\":\"C\u00d4NG TY C\u1ed4 PH\u1ea6N XU\u1ea4T KH\u1ea8U NH\u1eacP KH\u1ea8U\",\"potentialAction\":[{\"@type\":\"SearchAction\",\"target\":{\"@type\":\"EntryPoint\",\"urlTemplate\":\"https:\/\/rwinevietnam.com\/home\/?s={search_term_string}\"},\"query-input\":{\"@type\":\"PropertyValueSpecification\",\"valueRequired\":true,\"valueName\":\"search_term_string\"}}],\"inLanguage\":\"vi\"}]}<\/script>\n<!-- \/ Yoast SEO plugin. -->","yoast_head_json":{"title":"R\u01b0\u1ee3u Vang \u00dd PALAZZO No1 Primitivo Di Manduria - R.WINE","robots":{"index":"noindex","follow":"follow"},"og_locale":"vi_VN","og_type":"article","og_title":"R\u01b0\u1ee3u Vang \u00dd PALAZZO No1 Primitivo Di Manduria - R.WINE","og_description":"Xu\u1ea5t x\u1ee9 \u00dd   Ph\u00e2n lo\u1ea1i Vang \u0111\u1ecf   N\u1ed3ng \u0111\u1ed9 15%   Dung t\u00edch \u00a0750ml   Gi\u1ed1ng nho Primitivo            &nbsp;","og_url":"https:\/\/rwinevietnam.com\/home\/ruou-vang-y-palazzo-no1-primitivo-di-manduria\/","og_site_name":"R.WINE","article_modified_time":"2023-10-31T12:18:54+00:00","og_image":[{"width":1536,"height":2048,"url":"https:\/\/rwinevietnam.com\/home\/wp-content\/uploads\/2023\/10\/IMG_6157.jpeg","type":"image\/jpeg"}],"twitter_card":"summary_large_image","schema":{"@context":"https:\/\/schema.org","@graph":[{"@type":"WebPage","@id":"https:\/\/rwinevietnam.com\/home\/ruou-vang-y-palazzo-no1-primitivo-di-manduria\/","url":"https:\/\/rwinevietnam.com\/home\/ruou-vang-y-palazzo-no1-primitivo-di-manduria\/","name":"R\u01b0\u1ee3u Vang \u00dd PALAZZO No1 Primitivo Di Manduria - R.WINE","isPartOf":{"@id":"https:\/\/rwinevietnam.com\/home\/#website"},"primaryImageOfPage":{"@id":"https:\/\/rwinevietnam.com\/home\/ruou-vang-y-palazzo-no1-primitivo-di-manduria\/#primaryimage"},"image":{"@id":"https:\/\/rwinevietnam.com\/home\/ruou-vang-y-palazzo-no1-primitivo-di-manduria\/#primaryimage"},"thumbnailUrl":"https:\/\/rwinevietnam.com\/home\/wp-content\/uploads\/2023\/10\/IMG_6157.jpeg","datePublished":"2023-10-31T12:06:54+00:00","dateModified":"2023-10-31T12:18:54+00:00","breadcrumb":{"@id":"https:\/\/rwinevietnam.com\/home\/ruou-vang-y-palazzo-no1-primitivo-di-manduria\/#breadcrumb"},"inLanguage":"vi","potentialAction":[{"@type":"ReadAction","target":["https:\/\/rwinevietnam.com\/home\/ruou-vang-y-palazzo-no1-primitivo-di-manduria\/"]}]},{"@type":"ImageObject","inLanguage":"vi","@id":"https:\/\/rwinevietnam.com\/home\/ruou-vang-y-palazzo-no1-primitivo-di-manduria\/#primaryimage","url":"https:\/\/rwinevietnam.com\/home\/wp-content\/uploads\/2023\/10\/IMG_6157.jpeg","contentUrl":"https:\/\/rwinevietnam.com\/home\/wp-content\/uploads\/2023\/10\/IMG_6157.jpeg","width":1536,"height":2048},{"@type":"BreadcrumbList","@id":"https:\/\/rwinevietnam.com\/home\/ruou-vang-y-palazzo-no1-primitivo-di-manduria\/#breadcrumb","itemListElement":[{"@type":"ListItem","position":1,"name":"Trang ch\u1ee7","item":"https:\/\/rwinevietnam.com\/home\/"},{"@type":"ListItem","position":2,"name":"S\u1ea3n ph\u1ea9m","item":"https:\/\/rwinevietnam.com\/home\/san-pham\/"},{"@type":"ListItem","position":3,"name":"R\u01b0\u1ee3u Vang \u00dd PALAZZO No1 Primitivo Di Manduria"}]},{"@type":"WebSite","@id":"https:\/\/rwinevietnam.com\/home\/#website","url":"https:\/\/rwinevietnam.com\/home\/","name":"R.WINE","description":"C\u00d4NG TY C\u1ed4 PH\u1ea6N XU\u1ea4T KH\u1ea8U NH\u1eacP KH\u1ea8U","potentialAction":[{"@type":"SearchAction","target":{"@type":"EntryPoint","urlTemplate":"https:\/\/rwinevietnam.com\/home\/?s={search_term_string}"},"query-input":{"@type":"PropertyValueSpecification","valueRequired":true,"valueName":"search_term_string"}}],"inLanguage":"vi"}]}},"_links":{"self":[{"href":"https:\/\/rwinevietnam.com\/home\/wp-json\/wp\/v2\/product\/1092","targetHints":{"allow":["GET"]}}],"collection":[{"href":"https:\/\/rwinevietnam.com\/home\/wp-json\/wp\/v2\/product"}],"about":[{"href":"https:\/\/rwinevietnam.com\/home\/wp-json\/wp\/v2\/types\/product"}],"replies":[{"embeddable":true,"href":"https:\/\/rwinevietnam.com\/home\/wp-json\/wp\/v2\/comments?post=1092"}],"wp:featuredmedia":[{"embeddable":true,"href":"https:\/\/rwinevietnam.com\/home\/wp-json\/wp\/v2\/media\/1093"}],"wp:attachment":[{"href":"https:\/\/rwinevietnam.com\/home\/wp-json\/wp\/v2\/media?parent=1092"}],"wp:term":[{"taxonomy":"product_brand","embeddable":true,"href":"https:\/\/rwinevietnam.com\/home\/wp-json\/wp\/v2\/product_brand?post=1092"},{"taxonomy":"product_cat","embeddable":true,"href":"https:\/\/rwinevietnam.com\/home\/wp-json\/wp\/v2\/product_cat?post=1092"},{"taxonomy":"product_tag","embeddable":true,"href":"https:\/\/rwinevietnam.com\/home\/wp-json\/wp\/v2\/product_tag?post=1092"}],"curies":[{"name":"wp","href":"https:\/\/api.w.org\/{rel}","templated":true}]}}