{"id":1081,"date":"2023-10-28T12:43:46","date_gmt":"2023-10-28T12:43:46","guid":{"rendered":"https:\/\/rwinevietnam.com\/home\/?post_type=product&#038;p=1081"},"modified":"2023-10-28T12:47:52","modified_gmt":"2023-10-28T12:47:52","slug":"ruou-vang-sui-moscato-cavatina-premium-peach","status":"publish","type":"product","link":"https:\/\/rwinevietnam.com\/home\/ruou-vang-sui-moscato-cavatina-premium-peach\/","title":{"rendered":"R\u01b0\u1ee3u vang s\u1ee7i Moscato Cavatina Premium Peach"},"content":{"rendered":"<div dir=\"auto\"><span style=\"font-size: 120%;\">\ud835\udc11\ud835\udc2e\u031b\ud835\udc28\u031b\u0323\ud835\udc2e c\u00f3 m\u00e0u v\u00e0ng tr\u1eafng v\u00f4 c\u00f9ng t\u01b0\u01a1i m\u00e1t. Sau khi r\u00f3t r\u01b0\u1ee3u, nh\u1eefng h\u1ea1t s\u1ee7i l\u1ea5p l\u00e1nh nh\u1eb9 nh\u00e0ng<span class=\"x3nfvp2 x1j61x8r x1fcty0u xdj266r xhhsvwb xat24cr xgzva0m xxymvpz xlup9mm x1kky2od\"><img loading=\"lazy\" decoding=\"async\" class=\"xz74otr\" src=\"https:\/\/static.xx.fbcdn.net\/images\/emoji.php\/v9\/t8a\/2\/16\/1f377.png\" alt=\"\ud83c\udf77\" width=\"16\" height=\"16\" \/><\/span>.<\/span><\/div>\n<div dir=\"auto\"><\/div>\n<div dir=\"auto\"><img loading=\"lazy\" decoding=\"async\" class=\"size-medium wp-image-1083 aligncenter\" src=\"https:\/\/rwinevietnam.com\/home\/wp-content\/uploads\/2023\/10\/MOSCATO-PEACH1-225x300.jpg\" alt=\"\" width=\"225\" height=\"300\" srcset=\"https:\/\/rwinevietnam.com\/home\/wp-content\/uploads\/2023\/10\/MOSCATO-PEACH1-225x300.jpg 225w, https:\/\/rwinevietnam.com\/home\/wp-content\/uploads\/2023\/10\/MOSCATO-PEACH1-768x1024.jpg 768w, https:\/\/rwinevietnam.com\/home\/wp-content\/uploads\/2023\/10\/MOSCATO-PEACH1-1152x1536.jpg 1152w, https:\/\/rwinevietnam.com\/home\/wp-content\/uploads\/2023\/10\/MOSCATO-PEACH1-300x400.jpg 300w, https:\/\/rwinevietnam.com\/home\/wp-content\/uploads\/2023\/10\/MOSCATO-PEACH1-600x800.jpg 600w, https:\/\/rwinevietnam.com\/home\/wp-content\/uploads\/2023\/10\/MOSCATO-PEACH1.jpg 1536w\" sizes=\"auto, (max-width: 225px) 100vw, 225px\" \/><\/div>\n<div dir=\"auto\"><\/div>\n<div dir=\"auto\"><span style=\"font-size: 120%;\"><span class=\"x3nfvp2 x1j61x8r x1fcty0u xdj266r xhhsvwb xat24cr xgzva0m xxymvpz xlup9mm x1kky2od\"><img loading=\"lazy\" decoding=\"async\" class=\"xz74otr\" src=\"https:\/\/static.xx.fbcdn.net\/images\/emoji.php\/v9\/t14\/2\/16\/1f618.png\" alt=\"\ud83d\ude18\" width=\"16\" height=\"16\" \/><\/span>R\u01b0\u1ee3u vang c\u00f3 m\u00f9i h\u01b0\u01a1ng th\u01a1m n\u1ed3ng n\u00e0n, th\u01a1m v\u00e0 tr\u00e1i c\u00e2y v\u1edbi h\u01b0\u01a1ng \u0111\u00e0o d\u1ec5 ch\u1ecbu, \u0111em \u0111\u1ebfn cho ng\u01b0\u1eddi th\u01b0\u1edfng th\u1ee9c m\u1ed9t c\u1ea3m gi\u00e1c s\u1ea3ng kho\u00e1i, d\u1ec5 ch\u1ecbu..R\u01b0\u1ee3u vang n\u1ed5 M Moscato Cavatina Premium Peach h\u00e0i h\u00f2a v\u1edbi c\u00e1c m\u00f3n tr\u00e1ng mi\u1ec7ng, \u0111\u1eb7c bi\u1ec7t l\u00e0 tr\u00e1i c\u00e2y t\u01b0\u01a1i b\u00e1nh ng\u1ecdt, b\u00e1nh quy v\u00e0 pho m\u00e1t.<\/span><\/div>\n<div dir=\"auto\"><span style=\"font-size: 120%;\"><span class=\"x3nfvp2 x1j61x8r x1fcty0u xdj266r xhhsvwb xat24cr xgzva0m xxymvpz xlup9mm x1kky2od\"><img loading=\"lazy\" decoding=\"async\" class=\"xz74otr\" src=\"https:\/\/static.xx.fbcdn.net\/images\/emoji.php\/v9\/tcc\/2\/16\/1f4cd.png\" alt=\"\ud83d\udccd\" width=\"16\" height=\"16\" \/><\/span>Trong m\u00f9a h\u00e8 oi b\u1ee9c, \u01b0\u1edbp l\u1ea1nh r\u01b0\u1ee3u vang trong x\u00f4 \u0111\u00e1 v\u00e0 s\u1eed d\u1ee5ng trong nh\u1eefng bu\u1ed5i picnic, ngh\u1ec9 d\u01b0\u1ee1ng c\u0169ng r\u1ea5t l\u00fd t\u01b0\u1edfng.<\/span><\/div>\n","protected":false},"excerpt":{"rendered":"<table style=\"border-collapse: collapse; width: 100%; height: 136px;\">\n<tbody>\n<tr style=\"height: 21px;\">\n<td style=\"width: 50%; height: 21px;\">Xu\u1ea5t x\u1ee9<\/td>\n<td style=\"width: 50%; height: 21px;\">\u00dd<\/td>\n<\/tr>\n<tr style=\"height: 21px;\">\n<td style=\"width: 50%; height: 21px;\">Lo\u1ea1i vang<\/td>\n<td style=\"width: 50%; height: 21px;\">Vang n\u1ed5<\/td>\n<\/tr>\n<tr style=\"height: 21px;\">\n<td style=\"width: 50%; height: 10px;\">Gi\u1ed1ng nho<\/td>\n<td style=\"width: 50%; height: 10px;\">Moscato<\/td>\n<\/tr>\n<tr style=\"height: 21px;\">\n<td style=\"width: 50%; height: 21px;\">N\u1ed3ng \u0111\u1ed9<\/td>\n<td style=\"width: 50%; height: 21px;\">7,5%<\/td>\n<\/tr>\n<tr style=\"height: 21px;\">\n<td style=\"width: 50%; height: 21px;\">Dung t\u00edch<\/td>\n<td style=\"width: 50%; height: 21px;\">750ML<\/td>\n<\/tr>\n<tr style=\"height: 21px;\">\n<td style=\"width: 50%; height: 21px;\"><\/td>\n<td style=\"width: 50%; height: 21px;\"><\/td>\n<\/tr>\n<tr style=\"height: 21px;\">\n<td style=\"width: 50%; height: 21px;\"><\/td>\n<td style=\"width: 50%; height: 21px;\"><\/td>\n<\/tr>\n<\/tbody>\n<\/table>\n<p>&nbsp;<\/p>\n","protected":false},"featured_media":1082,"comment_status":"closed","ping_status":"closed","template":"","meta":{"_acf_changed":false},"product_brand":[],"product_cat":[230,27,26,67,63,29],"product_tag":[233,184,231,232,153],"class_list":{"0":"post-1081","1":"product","2":"type-product","3":"status-publish","4":"has-post-thumbnail","6":"product_cat-moscato","7":"product_cat-ruou-vang","8":"product_cat-san-pham-noi-bat","9":"product_cat-vang-no","10":"product_cat-vang-trang","11":"product_cat-vang-y","12":"product_tag-moscato-cavatina-premium-peach","13":"product_tag-ruou-vang-gia-re","14":"product_tag-vang-no","15":"product_tag-vang-sui","16":"product_tag-vang-y","18":"first","19":"instock","20":"shipping-taxable","21":"product-type-simple"},"acf":[],"yoast_head":"<!-- This site is optimized with the Yoast SEO plugin v26.8 - https:\/\/yoast.com\/product\/yoast-seo-wordpress\/ -->\n<title>R\u01b0\u1ee3u vang s\u1ee7i Moscato Cavatina Premium Peach - R.WINE<\/title>\n<meta name=\"robots\" content=\"noindex, follow\" \/>\n<meta property=\"og:locale\" content=\"vi_VN\" \/>\n<meta property=\"og:type\" content=\"article\" \/>\n<meta property=\"og:title\" content=\"R\u01b0\u1ee3u vang s\u1ee7i Moscato Cavatina Premium Peach - R.WINE\" \/>\n<meta property=\"og:description\" content=\"Xu\u1ea5t x\u1ee9 \u00dd   Lo\u1ea1i vang Vang n\u1ed5   Gi\u1ed1ng nho Moscato   N\u1ed3ng \u0111\u1ed9 7,5%   Dung t\u00edch 750ML            &nbsp;\" \/>\n<meta property=\"og:url\" content=\"https:\/\/rwinevietnam.com\/home\/ruou-vang-sui-moscato-cavatina-premium-peach\/\" \/>\n<meta property=\"og:site_name\" content=\"R.WINE\" \/>\n<meta property=\"article:modified_time\" content=\"2023-10-28T12:47:52+00:00\" \/>\n<meta property=\"og:image\" content=\"https:\/\/rwinevietnam.com\/home\/wp-content\/uploads\/2023\/10\/MOSCATO-PEACH.jpg\" \/>\n\t<meta property=\"og:image:width\" content=\"450\" \/>\n\t<meta property=\"og:image:height\" content=\"600\" \/>\n\t<meta property=\"og:image:type\" content=\"image\/jpeg\" \/>\n<meta name=\"twitter:card\" content=\"summary_large_image\" \/>\n<script type=\"application\/ld+json\" class=\"yoast-schema-graph\">{\"@context\":\"https:\/\/schema.org\",\"@graph\":[{\"@type\":\"WebPage\",\"@id\":\"https:\/\/rwinevietnam.com\/home\/ruou-vang-sui-moscato-cavatina-premium-peach\/\",\"url\":\"https:\/\/rwinevietnam.com\/home\/ruou-vang-sui-moscato-cavatina-premium-peach\/\",\"name\":\"R\u01b0\u1ee3u vang s\u1ee7i Moscato Cavatina Premium Peach - R.WINE\",\"isPartOf\":{\"@id\":\"https:\/\/rwinevietnam.com\/home\/#website\"},\"primaryImageOfPage\":{\"@id\":\"https:\/\/rwinevietnam.com\/home\/ruou-vang-sui-moscato-cavatina-premium-peach\/#primaryimage\"},\"image\":{\"@id\":\"https:\/\/rwinevietnam.com\/home\/ruou-vang-sui-moscato-cavatina-premium-peach\/#primaryimage\"},\"thumbnailUrl\":\"https:\/\/rwinevietnam.com\/home\/wp-content\/uploads\/2023\/10\/MOSCATO-PEACH.jpg\",\"datePublished\":\"2023-10-28T12:43:46+00:00\",\"dateModified\":\"2023-10-28T12:47:52+00:00\",\"breadcrumb\":{\"@id\":\"https:\/\/rwinevietnam.com\/home\/ruou-vang-sui-moscato-cavatina-premium-peach\/#breadcrumb\"},\"inLanguage\":\"vi\",\"potentialAction\":[{\"@type\":\"ReadAction\",\"target\":[\"https:\/\/rwinevietnam.com\/home\/ruou-vang-sui-moscato-cavatina-premium-peach\/\"]}]},{\"@type\":\"ImageObject\",\"inLanguage\":\"vi\",\"@id\":\"https:\/\/rwinevietnam.com\/home\/ruou-vang-sui-moscato-cavatina-premium-peach\/#primaryimage\",\"url\":\"https:\/\/rwinevietnam.com\/home\/wp-content\/uploads\/2023\/10\/MOSCATO-PEACH.jpg\",\"contentUrl\":\"https:\/\/rwinevietnam.com\/home\/wp-content\/uploads\/2023\/10\/MOSCATO-PEACH.jpg\",\"width\":450,\"height\":600},{\"@type\":\"BreadcrumbList\",\"@id\":\"https:\/\/rwinevietnam.com\/home\/ruou-vang-sui-moscato-cavatina-premium-peach\/#breadcrumb\",\"itemListElement\":[{\"@type\":\"ListItem\",\"position\":1,\"name\":\"Trang ch\u1ee7\",\"item\":\"https:\/\/rwinevietnam.com\/home\/\"},{\"@type\":\"ListItem\",\"position\":2,\"name\":\"S\u1ea3n ph\u1ea9m\",\"item\":\"https:\/\/rwinevietnam.com\/home\/san-pham\/\"},{\"@type\":\"ListItem\",\"position\":3,\"name\":\"R\u01b0\u1ee3u vang s\u1ee7i Moscato Cavatina Premium Peach\"}]},{\"@type\":\"WebSite\",\"@id\":\"https:\/\/rwinevietnam.com\/home\/#website\",\"url\":\"https:\/\/rwinevietnam.com\/home\/\",\"name\":\"R.WINE\",\"description\":\"C\u00d4NG TY C\u1ed4 PH\u1ea6N XU\u1ea4T KH\u1ea8U NH\u1eacP KH\u1ea8U\",\"potentialAction\":[{\"@type\":\"SearchAction\",\"target\":{\"@type\":\"EntryPoint\",\"urlTemplate\":\"https:\/\/rwinevietnam.com\/home\/?s={search_term_string}\"},\"query-input\":{\"@type\":\"PropertyValueSpecification\",\"valueRequired\":true,\"valueName\":\"search_term_string\"}}],\"inLanguage\":\"vi\"}]}<\/script>\n<!-- \/ Yoast SEO plugin. -->","yoast_head_json":{"title":"R\u01b0\u1ee3u vang s\u1ee7i Moscato Cavatina Premium Peach - R.WINE","robots":{"index":"noindex","follow":"follow"},"og_locale":"vi_VN","og_type":"article","og_title":"R\u01b0\u1ee3u vang s\u1ee7i Moscato Cavatina Premium Peach - R.WINE","og_description":"Xu\u1ea5t x\u1ee9 \u00dd   Lo\u1ea1i vang Vang n\u1ed5   Gi\u1ed1ng nho Moscato   N\u1ed3ng \u0111\u1ed9 7,5%   Dung t\u00edch 750ML            &nbsp;","og_url":"https:\/\/rwinevietnam.com\/home\/ruou-vang-sui-moscato-cavatina-premium-peach\/","og_site_name":"R.WINE","article_modified_time":"2023-10-28T12:47:52+00:00","og_image":[{"width":450,"height":600,"url":"https:\/\/rwinevietnam.com\/home\/wp-content\/uploads\/2023\/10\/MOSCATO-PEACH.jpg","type":"image\/jpeg"}],"twitter_card":"summary_large_image","schema":{"@context":"https:\/\/schema.org","@graph":[{"@type":"WebPage","@id":"https:\/\/rwinevietnam.com\/home\/ruou-vang-sui-moscato-cavatina-premium-peach\/","url":"https:\/\/rwinevietnam.com\/home\/ruou-vang-sui-moscato-cavatina-premium-peach\/","name":"R\u01b0\u1ee3u vang s\u1ee7i Moscato Cavatina Premium Peach - R.WINE","isPartOf":{"@id":"https:\/\/rwinevietnam.com\/home\/#website"},"primaryImageOfPage":{"@id":"https:\/\/rwinevietnam.com\/home\/ruou-vang-sui-moscato-cavatina-premium-peach\/#primaryimage"},"image":{"@id":"https:\/\/rwinevietnam.com\/home\/ruou-vang-sui-moscato-cavatina-premium-peach\/#primaryimage"},"thumbnailUrl":"https:\/\/rwinevietnam.com\/home\/wp-content\/uploads\/2023\/10\/MOSCATO-PEACH.jpg","datePublished":"2023-10-28T12:43:46+00:00","dateModified":"2023-10-28T12:47:52+00:00","breadcrumb":{"@id":"https:\/\/rwinevietnam.com\/home\/ruou-vang-sui-moscato-cavatina-premium-peach\/#breadcrumb"},"inLanguage":"vi","potentialAction":[{"@type":"ReadAction","target":["https:\/\/rwinevietnam.com\/home\/ruou-vang-sui-moscato-cavatina-premium-peach\/"]}]},{"@type":"ImageObject","inLanguage":"vi","@id":"https:\/\/rwinevietnam.com\/home\/ruou-vang-sui-moscato-cavatina-premium-peach\/#primaryimage","url":"https:\/\/rwinevietnam.com\/home\/wp-content\/uploads\/2023\/10\/MOSCATO-PEACH.jpg","contentUrl":"https:\/\/rwinevietnam.com\/home\/wp-content\/uploads\/2023\/10\/MOSCATO-PEACH.jpg","width":450,"height":600},{"@type":"BreadcrumbList","@id":"https:\/\/rwinevietnam.com\/home\/ruou-vang-sui-moscato-cavatina-premium-peach\/#breadcrumb","itemListElement":[{"@type":"ListItem","position":1,"name":"Trang ch\u1ee7","item":"https:\/\/rwinevietnam.com\/home\/"},{"@type":"ListItem","position":2,"name":"S\u1ea3n ph\u1ea9m","item":"https:\/\/rwinevietnam.com\/home\/san-pham\/"},{"@type":"ListItem","position":3,"name":"R\u01b0\u1ee3u vang s\u1ee7i Moscato Cavatina Premium Peach"}]},{"@type":"WebSite","@id":"https:\/\/rwinevietnam.com\/home\/#website","url":"https:\/\/rwinevietnam.com\/home\/","name":"R.WINE","description":"C\u00d4NG TY C\u1ed4 PH\u1ea6N XU\u1ea4T KH\u1ea8U NH\u1eacP KH\u1ea8U","potentialAction":[{"@type":"SearchAction","target":{"@type":"EntryPoint","urlTemplate":"https:\/\/rwinevietnam.com\/home\/?s={search_term_string}"},"query-input":{"@type":"PropertyValueSpecification","valueRequired":true,"valueName":"search_term_string"}}],"inLanguage":"vi"}]}},"_links":{"self":[{"href":"https:\/\/rwinevietnam.com\/home\/wp-json\/wp\/v2\/product\/1081","targetHints":{"allow":["GET"]}}],"collection":[{"href":"https:\/\/rwinevietnam.com\/home\/wp-json\/wp\/v2\/product"}],"about":[{"href":"https:\/\/rwinevietnam.com\/home\/wp-json\/wp\/v2\/types\/product"}],"replies":[{"embeddable":true,"href":"https:\/\/rwinevietnam.com\/home\/wp-json\/wp\/v2\/comments?post=1081"}],"wp:featuredmedia":[{"embeddable":true,"href":"https:\/\/rwinevietnam.com\/home\/wp-json\/wp\/v2\/media\/1082"}],"wp:attachment":[{"href":"https:\/\/rwinevietnam.com\/home\/wp-json\/wp\/v2\/media?parent=1081"}],"wp:term":[{"taxonomy":"product_brand","embeddable":true,"href":"https:\/\/rwinevietnam.com\/home\/wp-json\/wp\/v2\/product_brand?post=1081"},{"taxonomy":"product_cat","embeddable":true,"href":"https:\/\/rwinevietnam.com\/home\/wp-json\/wp\/v2\/product_cat?post=1081"},{"taxonomy":"product_tag","embeddable":true,"href":"https:\/\/rwinevietnam.com\/home\/wp-json\/wp\/v2\/product_tag?post=1081"}],"curies":[{"name":"wp","href":"https:\/\/api.w.org\/{rel}","templated":true}]}}