{"id":1078,"date":"2023-10-28T11:55:28","date_gmt":"2023-10-28T11:55:28","guid":{"rendered":"https:\/\/rwinevietnam.com\/home\/?post_type=product&#038;p=1078"},"modified":"2023-10-28T12:36:06","modified_gmt":"2023-10-28T12:36:06","slug":"ruou-vang-y-caselletti-ramone-appassimento","status":"publish","type":"product","link":"https:\/\/rwinevietnam.com\/home\/ruou-vang-y-caselletti-ramone-appassimento\/","title":{"rendered":"R\u01b0\u1ee3u vang \u00dd CASELLETTI RAMONE APPASSIMENTO"},"content":{"rendered":"<div class=\"x11i5rnm xat24cr x1mh8g0r x1vvkbs xtlvy1s x126k92a\">\n<div dir=\"auto\"><span style=\"font-size: 120%;\">R\u01b0\u1ee3u vang \u00dd CASELLETTI RAMONE APPASSIMENTO<\/span><\/div>\n<\/div>\n<div dir=\"auto\"><\/div>\n<div dir=\"auto\"><img loading=\"lazy\" decoding=\"async\" class=\"size-medium wp-image-1080 aligncenter\" src=\"https:\/\/rwinevietnam.com\/home\/wp-content\/uploads\/2023\/10\/Ruou-vang-Y-CASELLETTI-RAMONE-APPASSIMENTO1-225x300.jpg\" alt=\"\" width=\"225\" height=\"300\" srcset=\"https:\/\/rwinevietnam.com\/home\/wp-content\/uploads\/2023\/10\/Ruou-vang-Y-CASELLETTI-RAMONE-APPASSIMENTO1-225x300.jpg 225w, https:\/\/rwinevietnam.com\/home\/wp-content\/uploads\/2023\/10\/Ruou-vang-Y-CASELLETTI-RAMONE-APPASSIMENTO1-768x1024.jpg 768w, https:\/\/rwinevietnam.com\/home\/wp-content\/uploads\/2023\/10\/Ruou-vang-Y-CASELLETTI-RAMONE-APPASSIMENTO1-300x400.jpg 300w, https:\/\/rwinevietnam.com\/home\/wp-content\/uploads\/2023\/10\/Ruou-vang-Y-CASELLETTI-RAMONE-APPASSIMENTO1-600x800.jpg 600w, https:\/\/rwinevietnam.com\/home\/wp-content\/uploads\/2023\/10\/Ruou-vang-Y-CASELLETTI-RAMONE-APPASSIMENTO1.jpg 1080w\" sizes=\"auto, (max-width: 225px) 100vw, 225px\" \/><\/div>\n<div dir=\"auto\"><\/div>\n<div dir=\"auto\"><\/div>\n<div class=\"x11i5rnm xat24cr x1mh8g0r x1vvkbs xtlvy1s x126k92a\">\n<div dir=\"auto\"><\/div>\n<div dir=\"auto\"><span style=\"font-size: 120%;\"><span class=\"x3nfvp2 x1j61x8r x1fcty0u xdj266r xhhsvwb xat24cr xgzva0m xxymvpz xlup9mm x1kky2od\"><img loading=\"lazy\" decoding=\"async\" class=\"xz74otr\" src=\"https:\/\/static.xx.fbcdn.net\/images\/emoji.php\/v9\/tad\/2\/16\/1f347.png\" alt=\"\ud83c\udf47\" width=\"16\" height=\"16\" \/><\/span> Caselletti Ramone Appassimento \u0111\u01b0\u1ee3c l\u00e0m t\u1eeb 30% Primitivo, 30% Negroamaro, 20% Nero di Troia, 20% Merlot. Sau khi thu ho\u1ea1ch mu\u1ed9n, nho \u0111\u01b0\u1ee3c cho v\u00e0o th\u00f9ng \u0111\u1ec3 ph\u01a1i kh\u00f4 trong th\u1eddi gian 4-5 tu\u1ea7n. Trong qu\u00e1 tr\u00ecnh l\u00ean men r\u01b0\u1ee3u v\u00e0 malolactic b\u1eb1ng th\u00e9p kh\u00f4ng g\u1ec9, r\u01b0\u1ee3u vang \u0111\u01b0\u1ee3c t\u1ea1o ra c\u00f3 m\u00e0u \u0111\u1ecf t\u01b0\u01a1i v\u1edbi ph\u1ea3n chi\u1ebfu m\u00e0u t\u00edm.<\/span><\/div>\n<\/div>\n<div class=\"x11i5rnm xat24cr x1mh8g0r x1vvkbs xtlvy1s x126k92a\">\n<div dir=\"auto\"><span style=\"font-size: 120%;\"><span class=\"x3nfvp2 x1j61x8r x1fcty0u xdj266r xhhsvwb xat24cr xgzva0m xxymvpz xlup9mm x1kky2od\"><img loading=\"lazy\" decoding=\"async\" class=\"xz74otr\" src=\"https:\/\/static.xx.fbcdn.net\/images\/emoji.php\/v9\/td\/2\/16\/1f534.png\" alt=\"\ud83d\udd34\" width=\"16\" height=\"16\" \/><\/span> Nh\u1ea5p ng\u1ee5m r\u01b0\u1ee3u s\u1ebd th\u1ea5y h\u01b0\u01a1ng v\u1ecb c\u00e1c lo\u1ea1i tr\u00e1i c\u00e2y m\u00e0u \u0111\u1ecf nh\u01b0 nho \u0111en, qu\u1ea3 vi\u1ec7t qu\u1ea5t v\u00e0 qu\u1ea3 m\u00e2m x\u00f4i tr\u1ed9n v\u1edbi h\u01b0\u01a1ng v\u1ecb cay. H\u01b0\u01a1ng v\u1ecb r\u01b0\u1ee3u m\u1ec1m m\u1ea1i, m\u01b0\u1ee3t m\u00e0 v\u00e0 m\u00e3nh li\u1ec7t.<\/span><\/div>\n<div dir=\"auto\"><span style=\"font-size: 120%;\"><span class=\"x3nfvp2 x1j61x8r x1fcty0u xdj266r xhhsvwb xat24cr xgzva0m xxymvpz xlup9mm x1kky2od\"><img loading=\"lazy\" decoding=\"async\" class=\"xz74otr\" src=\"https:\/\/static.xx.fbcdn.net\/images\/emoji.php\/v9\/t8a\/2\/16\/1f377.png\" alt=\"\ud83c\udf77\" width=\"16\" height=\"16\" \/><\/span> Th\u01b0\u1edfng th\u1ee9c ngon h\u01a1n khi \u01b0\u1edbp l\u1ea1nh<\/span><\/div>\n<\/div>\n","protected":false},"excerpt":{"rendered":"<table style=\"border-collapse: collapse; width: 100%; height: 136px;\">\n<tbody>\n<tr style=\"height: 21px;\">\n<td style=\"width: 50%; height: 21px;\">Xu\u1ea5t x\u1ee9<\/td>\n<td style=\"width: 50%; height: 21px;\">\u00dd<\/td>\n<\/tr>\n<tr style=\"height: 21px;\">\n<td style=\"width: 50%; height: 21px;\">Lo\u1ea1i vang<\/td>\n<td style=\"width: 50%; height: 21px;\">Vang \u0111\u1ecf<\/td>\n<\/tr>\n<tr style=\"height: 21px;\">\n<td style=\"width: 50%; height: 10px;\">Gi\u1ed1ng nho<\/td>\n<td style=\"width: 50%; height: 10px;\">Primitivo, Merlot<\/td>\n<\/tr>\n<tr style=\"height: 21px;\">\n<td style=\"width: 50%; height: 21px;\">N\u1ed3ng \u0111\u1ed9<\/td>\n<td style=\"width: 50%; height: 21px;\">14%<\/td>\n<\/tr>\n<tr style=\"height: 21px;\">\n<td style=\"width: 50%; height: 21px;\">Dung t\u00edch<\/td>\n<td style=\"width: 50%; height: 21px;\">750ML<\/td>\n<\/tr>\n<tr style=\"height: 21px;\">\n<td style=\"width: 50%; height: 21px;\">Ni\u00ean v\u1ee5<\/td>\n<td style=\"width: 50%; height: 21px;\">2020<\/td>\n<\/tr>\n<tr style=\"height: 21px;\">\n<td style=\"width: 50%; height: 21px;\"><\/td>\n<td style=\"width: 50%; height: 21px;\"><\/td>\n<\/tr>\n<\/tbody>\n<\/table>\n<p>&nbsp;<\/p>\n","protected":false},"featured_media":1079,"comment_status":"closed","ping_status":"closed","template":"","meta":{"_acf_changed":false},"product_brand":[],"product_cat":[78,80,27,86,26,62,29],"product_tag":[229,184,197,153],"class_list":{"0":"post-1078","1":"product","2":"type-product","3":"status-publish","4":"has-post-thumbnail","6":"product_cat-merlot","7":"product_cat-primitivo","8":"product_cat-ruou-vang","9":"product_cat-ruou-vang-puglia","10":"product_cat-san-pham-noi-bat","11":"product_cat-vang-do","12":"product_cat-vang-y","13":"product_tag-caselletti","14":"product_tag-ruou-vang-gia-re","15":"product_tag-vang-do","16":"product_tag-vang-y","18":"first","19":"instock","20":"shipping-taxable","21":"product-type-simple"},"acf":[],"yoast_head":"<!-- This site is optimized with the Yoast SEO plugin v26.8 - https:\/\/yoast.com\/product\/yoast-seo-wordpress\/ -->\n<title>R\u01b0\u1ee3u vang \u00dd CASELLETTI RAMONE APPASSIMENTO - R.WINE<\/title>\n<meta name=\"robots\" content=\"noindex, follow\" \/>\n<meta property=\"og:locale\" content=\"vi_VN\" \/>\n<meta property=\"og:type\" content=\"article\" \/>\n<meta property=\"og:title\" content=\"R\u01b0\u1ee3u vang \u00dd CASELLETTI RAMONE APPASSIMENTO - R.WINE\" \/>\n<meta property=\"og:description\" content=\"Xu\u1ea5t x\u1ee9 \u00dd   Lo\u1ea1i vang Vang \u0111\u1ecf   Gi\u1ed1ng nho Primitivo, Merlot   N\u1ed3ng \u0111\u1ed9 14%   Dung t\u00edch 750ML   Ni\u00ean v\u1ee5 2020        &nbsp;\" \/>\n<meta property=\"og:url\" content=\"https:\/\/rwinevietnam.com\/home\/ruou-vang-y-caselletti-ramone-appassimento\/\" \/>\n<meta property=\"og:site_name\" content=\"R.WINE\" \/>\n<meta property=\"article:modified_time\" content=\"2023-10-28T12:36:06+00:00\" \/>\n<meta property=\"og:image\" content=\"https:\/\/rwinevietnam.com\/home\/wp-content\/uploads\/2023\/10\/Ruou-vang-Y-CASELLETTI-RAMONE-APPASSIMENTO.jpg\" \/>\n\t<meta property=\"og:image:width\" content=\"1080\" \/>\n\t<meta property=\"og:image:height\" content=\"1440\" \/>\n\t<meta property=\"og:image:type\" content=\"image\/jpeg\" \/>\n<meta name=\"twitter:card\" content=\"summary_large_image\" \/>\n<script type=\"application\/ld+json\" class=\"yoast-schema-graph\">{\"@context\":\"https:\/\/schema.org\",\"@graph\":[{\"@type\":\"WebPage\",\"@id\":\"https:\/\/rwinevietnam.com\/home\/ruou-vang-y-caselletti-ramone-appassimento\/\",\"url\":\"https:\/\/rwinevietnam.com\/home\/ruou-vang-y-caselletti-ramone-appassimento\/\",\"name\":\"R\u01b0\u1ee3u vang \u00dd CASELLETTI RAMONE APPASSIMENTO - R.WINE\",\"isPartOf\":{\"@id\":\"https:\/\/rwinevietnam.com\/home\/#website\"},\"primaryImageOfPage\":{\"@id\":\"https:\/\/rwinevietnam.com\/home\/ruou-vang-y-caselletti-ramone-appassimento\/#primaryimage\"},\"image\":{\"@id\":\"https:\/\/rwinevietnam.com\/home\/ruou-vang-y-caselletti-ramone-appassimento\/#primaryimage\"},\"thumbnailUrl\":\"https:\/\/rwinevietnam.com\/home\/wp-content\/uploads\/2023\/10\/Ruou-vang-Y-CASELLETTI-RAMONE-APPASSIMENTO.jpg\",\"datePublished\":\"2023-10-28T11:55:28+00:00\",\"dateModified\":\"2023-10-28T12:36:06+00:00\",\"breadcrumb\":{\"@id\":\"https:\/\/rwinevietnam.com\/home\/ruou-vang-y-caselletti-ramone-appassimento\/#breadcrumb\"},\"inLanguage\":\"vi\",\"potentialAction\":[{\"@type\":\"ReadAction\",\"target\":[\"https:\/\/rwinevietnam.com\/home\/ruou-vang-y-caselletti-ramone-appassimento\/\"]}]},{\"@type\":\"ImageObject\",\"inLanguage\":\"vi\",\"@id\":\"https:\/\/rwinevietnam.com\/home\/ruou-vang-y-caselletti-ramone-appassimento\/#primaryimage\",\"url\":\"https:\/\/rwinevietnam.com\/home\/wp-content\/uploads\/2023\/10\/Ruou-vang-Y-CASELLETTI-RAMONE-APPASSIMENTO.jpg\",\"contentUrl\":\"https:\/\/rwinevietnam.com\/home\/wp-content\/uploads\/2023\/10\/Ruou-vang-Y-CASELLETTI-RAMONE-APPASSIMENTO.jpg\",\"width\":1080,\"height\":1440},{\"@type\":\"BreadcrumbList\",\"@id\":\"https:\/\/rwinevietnam.com\/home\/ruou-vang-y-caselletti-ramone-appassimento\/#breadcrumb\",\"itemListElement\":[{\"@type\":\"ListItem\",\"position\":1,\"name\":\"Trang ch\u1ee7\",\"item\":\"https:\/\/rwinevietnam.com\/home\/\"},{\"@type\":\"ListItem\",\"position\":2,\"name\":\"S\u1ea3n ph\u1ea9m\",\"item\":\"https:\/\/rwinevietnam.com\/home\/san-pham\/\"},{\"@type\":\"ListItem\",\"position\":3,\"name\":\"R\u01b0\u1ee3u vang \u00dd CASELLETTI RAMONE APPASSIMENTO\"}]},{\"@type\":\"WebSite\",\"@id\":\"https:\/\/rwinevietnam.com\/home\/#website\",\"url\":\"https:\/\/rwinevietnam.com\/home\/\",\"name\":\"R.WINE\",\"description\":\"C\u00d4NG TY C\u1ed4 PH\u1ea6N XU\u1ea4T KH\u1ea8U NH\u1eacP KH\u1ea8U\",\"potentialAction\":[{\"@type\":\"SearchAction\",\"target\":{\"@type\":\"EntryPoint\",\"urlTemplate\":\"https:\/\/rwinevietnam.com\/home\/?s={search_term_string}\"},\"query-input\":{\"@type\":\"PropertyValueSpecification\",\"valueRequired\":true,\"valueName\":\"search_term_string\"}}],\"inLanguage\":\"vi\"}]}<\/script>\n<!-- \/ Yoast SEO plugin. -->","yoast_head_json":{"title":"R\u01b0\u1ee3u vang \u00dd CASELLETTI RAMONE APPASSIMENTO - R.WINE","robots":{"index":"noindex","follow":"follow"},"og_locale":"vi_VN","og_type":"article","og_title":"R\u01b0\u1ee3u vang \u00dd CASELLETTI RAMONE APPASSIMENTO - R.WINE","og_description":"Xu\u1ea5t x\u1ee9 \u00dd   Lo\u1ea1i vang Vang \u0111\u1ecf   Gi\u1ed1ng nho Primitivo, Merlot   N\u1ed3ng \u0111\u1ed9 14%   Dung t\u00edch 750ML   Ni\u00ean v\u1ee5 2020        &nbsp;","og_url":"https:\/\/rwinevietnam.com\/home\/ruou-vang-y-caselletti-ramone-appassimento\/","og_site_name":"R.WINE","article_modified_time":"2023-10-28T12:36:06+00:00","og_image":[{"width":1080,"height":1440,"url":"https:\/\/rwinevietnam.com\/home\/wp-content\/uploads\/2023\/10\/Ruou-vang-Y-CASELLETTI-RAMONE-APPASSIMENTO.jpg","type":"image\/jpeg"}],"twitter_card":"summary_large_image","schema":{"@context":"https:\/\/schema.org","@graph":[{"@type":"WebPage","@id":"https:\/\/rwinevietnam.com\/home\/ruou-vang-y-caselletti-ramone-appassimento\/","url":"https:\/\/rwinevietnam.com\/home\/ruou-vang-y-caselletti-ramone-appassimento\/","name":"R\u01b0\u1ee3u vang \u00dd CASELLETTI RAMONE APPASSIMENTO - R.WINE","isPartOf":{"@id":"https:\/\/rwinevietnam.com\/home\/#website"},"primaryImageOfPage":{"@id":"https:\/\/rwinevietnam.com\/home\/ruou-vang-y-caselletti-ramone-appassimento\/#primaryimage"},"image":{"@id":"https:\/\/rwinevietnam.com\/home\/ruou-vang-y-caselletti-ramone-appassimento\/#primaryimage"},"thumbnailUrl":"https:\/\/rwinevietnam.com\/home\/wp-content\/uploads\/2023\/10\/Ruou-vang-Y-CASELLETTI-RAMONE-APPASSIMENTO.jpg","datePublished":"2023-10-28T11:55:28+00:00","dateModified":"2023-10-28T12:36:06+00:00","breadcrumb":{"@id":"https:\/\/rwinevietnam.com\/home\/ruou-vang-y-caselletti-ramone-appassimento\/#breadcrumb"},"inLanguage":"vi","potentialAction":[{"@type":"ReadAction","target":["https:\/\/rwinevietnam.com\/home\/ruou-vang-y-caselletti-ramone-appassimento\/"]}]},{"@type":"ImageObject","inLanguage":"vi","@id":"https:\/\/rwinevietnam.com\/home\/ruou-vang-y-caselletti-ramone-appassimento\/#primaryimage","url":"https:\/\/rwinevietnam.com\/home\/wp-content\/uploads\/2023\/10\/Ruou-vang-Y-CASELLETTI-RAMONE-APPASSIMENTO.jpg","contentUrl":"https:\/\/rwinevietnam.com\/home\/wp-content\/uploads\/2023\/10\/Ruou-vang-Y-CASELLETTI-RAMONE-APPASSIMENTO.jpg","width":1080,"height":1440},{"@type":"BreadcrumbList","@id":"https:\/\/rwinevietnam.com\/home\/ruou-vang-y-caselletti-ramone-appassimento\/#breadcrumb","itemListElement":[{"@type":"ListItem","position":1,"name":"Trang ch\u1ee7","item":"https:\/\/rwinevietnam.com\/home\/"},{"@type":"ListItem","position":2,"name":"S\u1ea3n ph\u1ea9m","item":"https:\/\/rwinevietnam.com\/home\/san-pham\/"},{"@type":"ListItem","position":3,"name":"R\u01b0\u1ee3u vang \u00dd CASELLETTI RAMONE APPASSIMENTO"}]},{"@type":"WebSite","@id":"https:\/\/rwinevietnam.com\/home\/#website","url":"https:\/\/rwinevietnam.com\/home\/","name":"R.WINE","description":"C\u00d4NG TY C\u1ed4 PH\u1ea6N XU\u1ea4T KH\u1ea8U NH\u1eacP KH\u1ea8U","potentialAction":[{"@type":"SearchAction","target":{"@type":"EntryPoint","urlTemplate":"https:\/\/rwinevietnam.com\/home\/?s={search_term_string}"},"query-input":{"@type":"PropertyValueSpecification","valueRequired":true,"valueName":"search_term_string"}}],"inLanguage":"vi"}]}},"_links":{"self":[{"href":"https:\/\/rwinevietnam.com\/home\/wp-json\/wp\/v2\/product\/1078","targetHints":{"allow":["GET"]}}],"collection":[{"href":"https:\/\/rwinevietnam.com\/home\/wp-json\/wp\/v2\/product"}],"about":[{"href":"https:\/\/rwinevietnam.com\/home\/wp-json\/wp\/v2\/types\/product"}],"replies":[{"embeddable":true,"href":"https:\/\/rwinevietnam.com\/home\/wp-json\/wp\/v2\/comments?post=1078"}],"wp:featuredmedia":[{"embeddable":true,"href":"https:\/\/rwinevietnam.com\/home\/wp-json\/wp\/v2\/media\/1079"}],"wp:attachment":[{"href":"https:\/\/rwinevietnam.com\/home\/wp-json\/wp\/v2\/media?parent=1078"}],"wp:term":[{"taxonomy":"product_brand","embeddable":true,"href":"https:\/\/rwinevietnam.com\/home\/wp-json\/wp\/v2\/product_brand?post=1078"},{"taxonomy":"product_cat","embeddable":true,"href":"https:\/\/rwinevietnam.com\/home\/wp-json\/wp\/v2\/product_cat?post=1078"},{"taxonomy":"product_tag","embeddable":true,"href":"https:\/\/rwinevietnam.com\/home\/wp-json\/wp\/v2\/product_tag?post=1078"}],"curies":[{"name":"wp","href":"https:\/\/api.w.org\/{rel}","templated":true}]}}