{"id":1072,"date":"2023-10-17T14:53:14","date_gmt":"2023-10-17T14:53:14","guid":{"rendered":"https:\/\/rwinevietnam.com\/home\/?post_type=product&#038;p=1072"},"modified":"2023-10-17T14:57:21","modified_gmt":"2023-10-17T14:57:21","slug":"ruou-vang-y-monnalisa-toscana-rosso","status":"publish","type":"product","link":"https:\/\/rwinevietnam.com\/home\/ruou-vang-y-monnalisa-toscana-rosso\/","title":{"rendered":"R\u01b0\u1ee3u vang \u00dd Monnalisa Toscana Rosso"},"content":{"rendered":"<p>Monna Lisa t\u1eeb l\u00e2u \u0111\u00e3 l\u00e0 m\u1ed9t bi\u1ec3u t\u01b0\u1ee3ng ngh\u1ec7 thu\u1eadt c\u1ee7a c\u1ea3 th\u1ebf gi\u1edbi ch\u1ee9 kh\u00f4ng c\u00f2n ch\u1ec9 l\u00e0 m\u1ed9t t\u00e1c ph\u1ea9m h\u1ed9i h\u1ecda. V\u1eady s\u1ebd ra sao n\u1ebfu n\u00f3 \u0111\u01b0\u1ee3c chuy\u1ec3n th\u1ec3 th\u00e0nh m\u1ed9t lo\u1ea1i r\u01b0\u1ee3u vang? Nh\u00e0 Metodo Leonardo \u0111\u00e3 ti\u00ean phong kh\u1edfi \u0111\u1ed9ng d\u1ef1 \u00e1n n\u00e0y \u0111\u1ec3 t\u00f4n vinh v\u1ecb Thi\u00ean t\u00e0i Leonardo da Vinci c\u0169ng nh\u01b0 t\u00e1c ph\u1ea9m v\u0129 \u0111\u1ea1i nh\u1ea5t m\u1ecdi th\u1eddi \u0111\u1ea1i c\u1ee7a \u00f4ng \u2013 Monnalisa.<\/p>\n<p><img loading=\"lazy\" decoding=\"async\" class=\"size-medium wp-image-1074 aligncenter\" src=\"https:\/\/rwinevietnam.com\/home\/wp-content\/uploads\/2023\/10\/Monnalisa2-300x300.jpg\" alt=\"\" width=\"300\" height=\"300\" srcset=\"https:\/\/rwinevietnam.com\/home\/wp-content\/uploads\/2023\/10\/Monnalisa2-300x301.jpg 300w, https:\/\/rwinevietnam.com\/home\/wp-content\/uploads\/2023\/10\/Monnalisa2-150x150.jpg 150w, https:\/\/rwinevietnam.com\/home\/wp-content\/uploads\/2023\/10\/Monnalisa2-100x100.jpg 100w, https:\/\/rwinevietnam.com\/home\/wp-content\/uploads\/2023\/10\/Monnalisa2.jpg 598w\" sizes=\"auto, (max-width: 300px) 100vw, 300px\" \/><\/p>\n<p>R\u01b0\u1ee3u vang Monnalisa Toscana \u0111\u01b0\u1ee3c k\u1ebft h\u1ee3p t\u1eeb 3 gi\u1ed1ng nho Merlot, Syrah v\u00e0 Sangiovese. \u0110\u1ec1u l\u00e0 nh\u1eefng g\u1ed1c nho c\u00f3 truy\u1ec1n th\u1ed1ng tu\u1ed5i \u0111\u1eddi l\u00e2u n\u0103m, gi\u1ed1ng nho n\u1ed5i ti\u1ebfng c\u1ee7a v\u00f9ng Tuscany.<\/p>\n<p><span style=\"font-style: inherit; font-weight: inherit;\">R\u01b0\u1ee3u vang c\u00f3 m\u00e0u \u0111\u1ecf t\u00edm v\u00e0 l\u00f4i cu\u1ed1n h\u01a1n khi r\u01b0\u1ee3u vang mang h\u01b0\u01a1ng th\u01a1m n\u1ed3n n\u00e0n c\u1ee7a qu\u1ea3 anh \u0111\u00e0o \u0111en, c\u00e0 chua n\u01b0\u1edbng, m\u00e2m x\u00f4i xen l\u1eabn m\u00f9i hoa h\u1ed3i v\u00e0 ti\u00eau xanh khi\u1ebfn cho kh\u1ee9u gi\u00e1c nh\u01b0 \u0111\u01b0\u1ee3c s\u1ed1ng d\u1eady.<\/span><\/p>\n<p>\u0110i\u1ec1u \u1ea5n t\u01b0\u1ee3ng \u0111\u1ea7u ti\u00ean khi \u0111\u1eadp v\u00e0o m\u1eaft ng\u01b0\u1eddi d\u00f9ng \u0111\u00f3 l\u00e0 thi\u1ebft k\u1ebf \u0111\u1eb7c s\u1eafc v\u00e0 m\u00e0u s\u1eafc h\u00e0i ho\u00e0. Khi n\u1ebfm th\u1eed r\u01b0\u1ee3u vang b\u1ea1n s\u1ebd c\u1ea3m nh\u1eadn\u00a0<strong>\u0111\u01b0\u1ee3c k\u1ebft c\u1ea5u ph\u1ee9c t\u1ea1p c\u1ee7a h\u01b0\u01a1ng v\u1ecb, s\u1ef1 \u0111an xen c\u1ee7a\u00a0<\/strong>v\u1ecb ch\u00e1t v\u00e0 chua nh\u1eb9 nh\u00e0ng.<\/p>\n<p><span style=\"font-style: inherit; font-weight: inherit;\">M\u00f3n \u0103n k\u1ebft h\u1ee3p: h\u1ea3i s\u1ea3n, th\u1ecbt \u0111\u1ecf, b\u00f2 s\u1ed1t ti\u00eau ho\u1eb7c b\u00f2 n\u01b0\u1edbng. Ngo\u00e0i ra, m\u00f3n th\u1ecbt x\u00f4ng kh\u00f3i, th\u1ecbt tr\u1eafng, n\u1ea5m n\u01b0\u1edbng ho\u1eb7c ph\u00f4 mai \u0111\u1ec1u l\u00e0 s\u1ef1 k\u1ebft h\u1ee3p tuy\u1ec7t v\u1eddi.<\/span><\/p>\n<p>B\u1ea3o qu\u1ea3n r\u01b0\u1ee3u vang\u00a0<strong>\u00dd Monnalisa Toscana Rosso\u00a0<\/strong>tr\u00e1nh ti\u1ebfp x\u00fac \u00e1nh n\u1eafng m\u1eb7t tr\u1eddi.<\/p>\n<p>Nhi\u1ec7t \u0111\u1ed9 s\u1eed d\u1ee5ng \u00a0t\u1ed1t nh\u1ea5t l\u00e0 \u1edf nhi\u1ec7t \u0111\u1ed9 16 -18\u00b0C.<\/p>\n","protected":false},"excerpt":{"rendered":"<table style=\"border-collapse: collapse; width: 100%; height: 147px;\">\n<tbody>\n<tr style=\"height: 21px;\">\n<td style=\"width: 50%; height: 21px;\">Xu\u1ea5t x\u1ee9<\/td>\n<td style=\"width: 50%; height: 21px;\">\u00dd<\/td>\n<\/tr>\n<tr style=\"height: 21px;\">\n<td style=\"width: 50%; height: 21px;\">Lo\u1ea1i vang<\/td>\n<td style=\"width: 50%; height: 21px;\">Vang \u0111\u1ecf<\/td>\n<\/tr>\n<tr style=\"height: 21px;\">\n<td style=\"width: 50%; height: 21px;\">Gi\u1ed1ng nho<\/td>\n<td style=\"width: 50%; height: 21px;\">Sangiovese, Merlot, Syrah<\/td>\n<\/tr>\n<tr style=\"height: 21px;\">\n<td style=\"width: 50%; height: 21px;\">N\u1ed3ng \u0111\u1ed9<\/td>\n<td style=\"width: 50%; height: 21px;\">14,5%<\/td>\n<\/tr>\n<tr style=\"height: 21px;\">\n<td style=\"width: 50%; height: 21px;\">Dung t\u00edch<\/td>\n<td style=\"width: 50%; height: 21px;\">750ML<\/td>\n<\/tr>\n<tr style=\"height: 21px;\">\n<td style=\"width: 50%; height: 21px;\">Ni\u00ean v\u1ee5<\/td>\n<td style=\"width: 50%; height: 21px;\">2020<\/td>\n<\/tr>\n<tr style=\"height: 21px;\">\n<td style=\"width: 50%; height: 21px;\"><\/td>\n<td style=\"width: 50%; height: 21px;\"><\/td>\n<\/tr>\n<\/tbody>\n<\/table>\n<p>&nbsp;<\/p>\n","protected":false},"featured_media":1073,"comment_status":"closed","ping_status":"closed","template":"","meta":{"_acf_changed":false},"product_brand":[],"product_cat":[80,27,86,26,62,29],"product_tag":[224,226,184,225,197,153],"class_list":{"0":"post-1072","1":"product","2":"type-product","3":"status-publish","4":"has-post-thumbnail","6":"product_cat-primitivo","7":"product_cat-ruou-vang","8":"product_cat-ruou-vang-puglia","9":"product_cat-san-pham-noi-bat","10":"product_cat-vang-do","11":"product_cat-vang-y","12":"product_tag-monnalisa","13":"product_tag-rosso","14":"product_tag-ruou-vang-gia-re","15":"product_tag-toscana","16":"product_tag-vang-do","17":"product_tag-vang-y","19":"first","20":"instock","21":"shipping-taxable","22":"product-type-simple"},"acf":[],"yoast_head":"<!-- This site is optimized with the Yoast SEO plugin v26.8 - https:\/\/yoast.com\/product\/yoast-seo-wordpress\/ -->\n<title>R\u01b0\u1ee3u vang \u00dd Monnalisa Toscana Rosso - R.WINE<\/title>\n<meta name=\"robots\" content=\"noindex, follow\" \/>\n<meta property=\"og:locale\" content=\"vi_VN\" \/>\n<meta property=\"og:type\" content=\"article\" \/>\n<meta property=\"og:title\" content=\"R\u01b0\u1ee3u vang \u00dd Monnalisa Toscana Rosso - R.WINE\" \/>\n<meta property=\"og:description\" content=\"Xu\u1ea5t x\u1ee9 \u00dd   Lo\u1ea1i vang Vang \u0111\u1ecf   Gi\u1ed1ng nho Sangiovese, Merlot, Syrah   N\u1ed3ng \u0111\u1ed9 14,5%   Dung t\u00edch 750ML   Ni\u00ean v\u1ee5 2020        &nbsp;\" \/>\n<meta property=\"og:url\" content=\"https:\/\/rwinevietnam.com\/home\/ruou-vang-y-monnalisa-toscana-rosso\/\" \/>\n<meta property=\"og:site_name\" content=\"R.WINE\" \/>\n<meta property=\"article:modified_time\" content=\"2023-10-17T14:57:21+00:00\" \/>\n<meta property=\"og:image\" content=\"https:\/\/rwinevietnam.com\/home\/wp-content\/uploads\/2023\/10\/Monnalisa.jpg\" \/>\n\t<meta property=\"og:image:width\" content=\"477\" \/>\n\t<meta property=\"og:image:height\" content=\"477\" \/>\n\t<meta property=\"og:image:type\" content=\"image\/jpeg\" \/>\n<meta name=\"twitter:card\" content=\"summary_large_image\" \/>\n<script type=\"application\/ld+json\" class=\"yoast-schema-graph\">{\"@context\":\"https:\/\/schema.org\",\"@graph\":[{\"@type\":\"WebPage\",\"@id\":\"https:\/\/rwinevietnam.com\/home\/ruou-vang-y-monnalisa-toscana-rosso\/\",\"url\":\"https:\/\/rwinevietnam.com\/home\/ruou-vang-y-monnalisa-toscana-rosso\/\",\"name\":\"R\u01b0\u1ee3u vang \u00dd Monnalisa Toscana Rosso - R.WINE\",\"isPartOf\":{\"@id\":\"https:\/\/rwinevietnam.com\/home\/#website\"},\"primaryImageOfPage\":{\"@id\":\"https:\/\/rwinevietnam.com\/home\/ruou-vang-y-monnalisa-toscana-rosso\/#primaryimage\"},\"image\":{\"@id\":\"https:\/\/rwinevietnam.com\/home\/ruou-vang-y-monnalisa-toscana-rosso\/#primaryimage\"},\"thumbnailUrl\":\"https:\/\/rwinevietnam.com\/home\/wp-content\/uploads\/2023\/10\/Monnalisa.jpg\",\"datePublished\":\"2023-10-17T14:53:14+00:00\",\"dateModified\":\"2023-10-17T14:57:21+00:00\",\"breadcrumb\":{\"@id\":\"https:\/\/rwinevietnam.com\/home\/ruou-vang-y-monnalisa-toscana-rosso\/#breadcrumb\"},\"inLanguage\":\"vi\",\"potentialAction\":[{\"@type\":\"ReadAction\",\"target\":[\"https:\/\/rwinevietnam.com\/home\/ruou-vang-y-monnalisa-toscana-rosso\/\"]}]},{\"@type\":\"ImageObject\",\"inLanguage\":\"vi\",\"@id\":\"https:\/\/rwinevietnam.com\/home\/ruou-vang-y-monnalisa-toscana-rosso\/#primaryimage\",\"url\":\"https:\/\/rwinevietnam.com\/home\/wp-content\/uploads\/2023\/10\/Monnalisa.jpg\",\"contentUrl\":\"https:\/\/rwinevietnam.com\/home\/wp-content\/uploads\/2023\/10\/Monnalisa.jpg\",\"width\":477,\"height\":477},{\"@type\":\"BreadcrumbList\",\"@id\":\"https:\/\/rwinevietnam.com\/home\/ruou-vang-y-monnalisa-toscana-rosso\/#breadcrumb\",\"itemListElement\":[{\"@type\":\"ListItem\",\"position\":1,\"name\":\"Trang ch\u1ee7\",\"item\":\"https:\/\/rwinevietnam.com\/home\/\"},{\"@type\":\"ListItem\",\"position\":2,\"name\":\"S\u1ea3n ph\u1ea9m\",\"item\":\"https:\/\/rwinevietnam.com\/home\/san-pham\/\"},{\"@type\":\"ListItem\",\"position\":3,\"name\":\"R\u01b0\u1ee3u vang \u00dd Monnalisa Toscana Rosso\"}]},{\"@type\":\"WebSite\",\"@id\":\"https:\/\/rwinevietnam.com\/home\/#website\",\"url\":\"https:\/\/rwinevietnam.com\/home\/\",\"name\":\"R.WINE\",\"description\":\"C\u00d4NG TY C\u1ed4 PH\u1ea6N XU\u1ea4T KH\u1ea8U NH\u1eacP KH\u1ea8U\",\"potentialAction\":[{\"@type\":\"SearchAction\",\"target\":{\"@type\":\"EntryPoint\",\"urlTemplate\":\"https:\/\/rwinevietnam.com\/home\/?s={search_term_string}\"},\"query-input\":{\"@type\":\"PropertyValueSpecification\",\"valueRequired\":true,\"valueName\":\"search_term_string\"}}],\"inLanguage\":\"vi\"}]}<\/script>\n<!-- \/ Yoast SEO plugin. -->","yoast_head_json":{"title":"R\u01b0\u1ee3u vang \u00dd Monnalisa Toscana Rosso - R.WINE","robots":{"index":"noindex","follow":"follow"},"og_locale":"vi_VN","og_type":"article","og_title":"R\u01b0\u1ee3u vang \u00dd Monnalisa Toscana Rosso - R.WINE","og_description":"Xu\u1ea5t x\u1ee9 \u00dd   Lo\u1ea1i vang Vang \u0111\u1ecf   Gi\u1ed1ng nho Sangiovese, Merlot, Syrah   N\u1ed3ng \u0111\u1ed9 14,5%   Dung t\u00edch 750ML   Ni\u00ean v\u1ee5 2020        &nbsp;","og_url":"https:\/\/rwinevietnam.com\/home\/ruou-vang-y-monnalisa-toscana-rosso\/","og_site_name":"R.WINE","article_modified_time":"2023-10-17T14:57:21+00:00","og_image":[{"width":477,"height":477,"url":"https:\/\/rwinevietnam.com\/home\/wp-content\/uploads\/2023\/10\/Monnalisa.jpg","type":"image\/jpeg"}],"twitter_card":"summary_large_image","schema":{"@context":"https:\/\/schema.org","@graph":[{"@type":"WebPage","@id":"https:\/\/rwinevietnam.com\/home\/ruou-vang-y-monnalisa-toscana-rosso\/","url":"https:\/\/rwinevietnam.com\/home\/ruou-vang-y-monnalisa-toscana-rosso\/","name":"R\u01b0\u1ee3u vang \u00dd Monnalisa Toscana Rosso - R.WINE","isPartOf":{"@id":"https:\/\/rwinevietnam.com\/home\/#website"},"primaryImageOfPage":{"@id":"https:\/\/rwinevietnam.com\/home\/ruou-vang-y-monnalisa-toscana-rosso\/#primaryimage"},"image":{"@id":"https:\/\/rwinevietnam.com\/home\/ruou-vang-y-monnalisa-toscana-rosso\/#primaryimage"},"thumbnailUrl":"https:\/\/rwinevietnam.com\/home\/wp-content\/uploads\/2023\/10\/Monnalisa.jpg","datePublished":"2023-10-17T14:53:14+00:00","dateModified":"2023-10-17T14:57:21+00:00","breadcrumb":{"@id":"https:\/\/rwinevietnam.com\/home\/ruou-vang-y-monnalisa-toscana-rosso\/#breadcrumb"},"inLanguage":"vi","potentialAction":[{"@type":"ReadAction","target":["https:\/\/rwinevietnam.com\/home\/ruou-vang-y-monnalisa-toscana-rosso\/"]}]},{"@type":"ImageObject","inLanguage":"vi","@id":"https:\/\/rwinevietnam.com\/home\/ruou-vang-y-monnalisa-toscana-rosso\/#primaryimage","url":"https:\/\/rwinevietnam.com\/home\/wp-content\/uploads\/2023\/10\/Monnalisa.jpg","contentUrl":"https:\/\/rwinevietnam.com\/home\/wp-content\/uploads\/2023\/10\/Monnalisa.jpg","width":477,"height":477},{"@type":"BreadcrumbList","@id":"https:\/\/rwinevietnam.com\/home\/ruou-vang-y-monnalisa-toscana-rosso\/#breadcrumb","itemListElement":[{"@type":"ListItem","position":1,"name":"Trang ch\u1ee7","item":"https:\/\/rwinevietnam.com\/home\/"},{"@type":"ListItem","position":2,"name":"S\u1ea3n ph\u1ea9m","item":"https:\/\/rwinevietnam.com\/home\/san-pham\/"},{"@type":"ListItem","position":3,"name":"R\u01b0\u1ee3u vang \u00dd Monnalisa Toscana Rosso"}]},{"@type":"WebSite","@id":"https:\/\/rwinevietnam.com\/home\/#website","url":"https:\/\/rwinevietnam.com\/home\/","name":"R.WINE","description":"C\u00d4NG TY C\u1ed4 PH\u1ea6N XU\u1ea4T KH\u1ea8U NH\u1eacP KH\u1ea8U","potentialAction":[{"@type":"SearchAction","target":{"@type":"EntryPoint","urlTemplate":"https:\/\/rwinevietnam.com\/home\/?s={search_term_string}"},"query-input":{"@type":"PropertyValueSpecification","valueRequired":true,"valueName":"search_term_string"}}],"inLanguage":"vi"}]}},"_links":{"self":[{"href":"https:\/\/rwinevietnam.com\/home\/wp-json\/wp\/v2\/product\/1072","targetHints":{"allow":["GET"]}}],"collection":[{"href":"https:\/\/rwinevietnam.com\/home\/wp-json\/wp\/v2\/product"}],"about":[{"href":"https:\/\/rwinevietnam.com\/home\/wp-json\/wp\/v2\/types\/product"}],"replies":[{"embeddable":true,"href":"https:\/\/rwinevietnam.com\/home\/wp-json\/wp\/v2\/comments?post=1072"}],"wp:featuredmedia":[{"embeddable":true,"href":"https:\/\/rwinevietnam.com\/home\/wp-json\/wp\/v2\/media\/1073"}],"wp:attachment":[{"href":"https:\/\/rwinevietnam.com\/home\/wp-json\/wp\/v2\/media?parent=1072"}],"wp:term":[{"taxonomy":"product_brand","embeddable":true,"href":"https:\/\/rwinevietnam.com\/home\/wp-json\/wp\/v2\/product_brand?post=1072"},{"taxonomy":"product_cat","embeddable":true,"href":"https:\/\/rwinevietnam.com\/home\/wp-json\/wp\/v2\/product_cat?post=1072"},{"taxonomy":"product_tag","embeddable":true,"href":"https:\/\/rwinevietnam.com\/home\/wp-json\/wp\/v2\/product_tag?post=1072"}],"curies":[{"name":"wp","href":"https:\/\/api.w.org\/{rel}","templated":true}]}}